{"id":3497,"date":"2025-06-24T18:34:56","date_gmt":"2025-06-24T16:34:56","guid":{"rendered":"https:\/\/www.extende.com\/la-simulation-cnd\/documentation\/validation-experimentale-des-modeles-civa\/validation-experimentale-des-modeles-civa-en-courants-de-foucault\/pieces-planes\/benchmark-cofrend-fonction-separee\/"},"modified":"2025-06-24T18:52:13","modified_gmt":"2025-06-24T16:52:13","slug":"benchmark-cofrend-fonction-separee","status":"publish","type":"page","link":"https:\/\/www.extende.com\/fr\/la-simulation-cnd\/documentation\/validation-experimentale-des-modeles-civa\/validation-experimentale-des-modeles-civa-en-courants-de-foucault\/pieces-planes\/benchmark-cofrend-fonction-separee\/","title":{"rendered":"Benchmark COFREND fonction s\u00e9par\u00e9e"},"content":{"rendered":"<p>Ce cas de validation est issu des travaux d&rsquo;un groupe de travail de la COFREND (Conf\u00e9d\u00e9ration Fran\u00e7aise pour les Essais Non Destructifs).\u00a0Ce groupe \u00a0\u00ab\u00a0mod\u00e9lisation des courants \u00a0de Foucault\u00a0\u00bb a pour objectif\u00a0de proposer des benchmarks regroupant des r\u00e9sultats de simulations et d&rsquo;exp\u00e9riences permettant de valider des codes de simulation des\u00a0courants de Foucault.\u00a0<\/p>\n<\/p>\n<h2 class=\"titre-accordeon\">Pi\u00e8ce<\/h2>\n<\/p>\n<p>Une plaque plane en inconel, de 1,55 mm d\u2019\u00e9paisseur, est inspect\u00e9e par deux bobines, comme repr\u00e9sent\u00e9 sur la figure ci-dessous. Le mat\u00e9riau de la plaque, l\u2019inconel, a une conductivit\u00e9 de 1,02 MS.m-1 et une perm\u00e9abilit\u00e9 relative de 1.<\/p>\n<\/p>\n<p style=\"text-align:center;\"><img loading=\"lazy\" decoding=\"async\" width=\"700\" height=\"254\" alt=\"\" src=\"https:\/\/www.extende.com\/wp-content\/uploads\/SurfacePlane_COFREND2_Piece.png\" class=\"alignnone wp-image-3487\" srcset=\"https:\/\/www.extende.com\/wp-content\/uploads\/SurfacePlane_COFREND2_Piece.png 700w, https:\/\/www.extende.com\/wp-content\/uploads\/SurfacePlane_COFREND2_Piece-300x109.png 300w, https:\/\/www.extende.com\/wp-content\/uploads\/SurfacePlane_COFREND2_Piece-600x218.png 600w\" sizes=\"auto, (max-width: 700px) 100vw, 700px\" \/><\/p>\n<\/p>\n<p class=\"wp-caption-text\">Plaque mod\u00e9lis\u00e9e dans CIVA<\/p>\n<\/p>\n<h2 class=\"titre-accordeon\">Sonde<\/h2>\n<\/p>\n<p>Cette \u00e9tude implique un capteur constitu\u00e9 de deux bobines op\u00e9rant en fonctions s\u00e9par\u00e9es et mesures absolues, c\u2019est-\u00e0-dire en \u00ab Mode R\u00e9flexion \u00bb. Les caract\u00e9ristiques g\u00e9om\u00e9triques des bobines incluant une ferrite, ainsi que leur positionnement sont d\u00e9crits sur les figures ci-dessous.<\/p>\n<\/p>\n<p style=\"text-align:center;\"><img loading=\"lazy\" decoding=\"async\" width=\"700\" height=\"437\" alt=\"\" src=\"https:\/\/www.extende.com\/wp-content\/uploads\/SurfacePlane_COFREND2_Sondes.png\" class=\"alignnone wp-image-3488\" srcset=\"https:\/\/www.extende.com\/wp-content\/uploads\/SurfacePlane_COFREND2_Sondes.png 700w, https:\/\/www.extende.com\/wp-content\/uploads\/SurfacePlane_COFREND2_Sondes-300x187.png 300w, https:\/\/www.extende.com\/wp-content\/uploads\/SurfacePlane_COFREND2_Sondes-600x375.png 600w\" sizes=\"auto, (max-width: 700px) 100vw, 700px\" \/><\/p>\n<\/p>\n<p class=\"wp-caption-text\">Param\u00e8tres des bobines formant la sonde \u00e0 fonctions s\u00e9par\u00e9es<\/p>\n<\/p>\n<p style=\"text-align:center;\"><img loading=\"lazy\" decoding=\"async\" width=\"500\" height=\"305\" alt=\"\" src=\"https:\/\/www.extende.com\/wp-content\/uploads\/SurfacePlane_COFREND2_Sondes2.png\" class=\"alignnone wp-image-3489\" srcset=\"https:\/\/www.extende.com\/wp-content\/uploads\/SurfacePlane_COFREND2_Sondes2.png 500w, https:\/\/www.extende.com\/wp-content\/uploads\/SurfacePlane_COFREND2_Sondes2-300x183.png 300w\" sizes=\"auto, (max-width: 500px) 100vw, 500px\" \/><\/p>\n<\/p>\n<p class=\"wp-caption-text\">Positionnement des sondes \u00e0 fonctions s\u00e9par\u00e9es<\/p>\n<\/p>\n<h2 class=\"titre-accordeon\">D\u00e9faut<\/h2>\n<\/p>\n<p>La comparaison est r\u00e9alis\u00e9e sur le d\u00e9faut nomm\u00e9 \u00ab F5 \u00bb sur la figure ci-dessous, une petite entaille traversante de longueur 2 mm et ouverture 0,1 mm, apr\u00e8s calibration sur le d\u00e9faut \u00ab F7 \u00bb, entaille de longueur 10 mm, ouverture 0,3 mm, situ\u00e9 \u00e0 40 % de l\u2019\u00e9paisseur de la plaque. Le signal est r\u00e9gl\u00e9 \u00e0 1V d\u2019amplitude et 0\u00b0 de phase sur le d\u00e9faut de calibration.<\/p>\n<\/p>\n<p style=\"text-align:center;\"><img loading=\"lazy\" decoding=\"async\" width=\"500\" height=\"285\" alt=\"\" src=\"https:\/\/www.extende.com\/wp-content\/uploads\/SurfacePlane_COFREND2_Defauts.png\" class=\"alignnone wp-image-3490\" srcset=\"https:\/\/www.extende.com\/wp-content\/uploads\/SurfacePlane_COFREND2_Defauts.png 500w, https:\/\/www.extende.com\/wp-content\/uploads\/SurfacePlane_COFREND2_Defauts-300x171.png 300w\" sizes=\"auto, (max-width: 500px) 100vw, 500px\" \/><\/p>\n<\/p>\n<p class=\"wp-caption-text\">Caract\u00e9ristiques de l\u2019entaille rectangulaire (F5) et du TG de r\u00e9f\u00e9rence (F7)<\/p>\n<\/p>\n<h2 class=\"titre-accordeon\">Comparaisons Exp\u00e9rience\/Simulation<\/h2>\n<\/p>\n<p>Ce benchmark a \u00e9t\u00e9 r\u00e9alis\u00e9 avec l<span style=\"line-height: 1.5em;\">e logiciel semi-analytique CIVA_ET version 11.0.<\/span><\/p>\n<\/p>\n<p><span style=\"line-height: 1.5em;\">Un mod\u00e8le surfacique sp\u00e9cifique (Boundary Element Method) plus efficace et plus pr\u00e9cis qu\u2019un mod\u00e8le volumique pour les d\u00e9fauts fins a \u00e9t\u00e9 utilis\u00e9 dans cette \u00e9tude.<\/span><\/p>\n<\/p>\n<p>Les deux tableaux ci-dessous rassemblent les r\u00e9sultats calibr\u00e9s pour la r\u00e9ponse du d\u00e9faut \u00ab F5 \u00bb \u00e0 100 kHz et 300 kHz. La figure en bas de page\u00a0repr\u00e9sente les courbes des r\u00e9sultats obtenus avec CIVA et l\u2019exp\u00e9rience. Un bon accord g\u00e9n\u00e9ral a \u00e9t\u00e9 trouv\u00e9 entre la simulation et l&rsquo;exp\u00e9rience.<\/p>\n<\/p>\n<p style=\"text-align:center;\"><img loading=\"lazy\" decoding=\"async\" width=\"500\" height=\"110\" alt=\"\" src=\"https:\/\/www.extende.com\/wp-content\/uploads\/SurfacePlane_COFREND2_Resultats100kHz.png\" class=\"alignnone wp-image-3491\" srcset=\"https:\/\/www.extende.com\/wp-content\/uploads\/SurfacePlane_COFREND2_Resultats100kHz.png 500w, https:\/\/www.extende.com\/wp-content\/uploads\/SurfacePlane_COFREND2_Resultats100kHz-300x66.png 300w\" sizes=\"auto, (max-width: 500px) 100vw, 500px\" \/><\/p>\n<\/p>\n<p class=\"wp-caption-text\">R\u00e9sultats de l\u2019exp\u00e9rience et de la simulation \u00e0 100 kHz<\/p>\n<\/p>\n<p style=\"text-align:center;\"><img loading=\"lazy\" decoding=\"async\" width=\"500\" height=\"98\" alt=\"\" src=\"https:\/\/www.extende.com\/wp-content\/uploads\/SurfacePlane_COFREND2_Resultats300kHz.png\" class=\"alignnone wp-image-3492\" srcset=\"https:\/\/www.extende.com\/wp-content\/uploads\/SurfacePlane_COFREND2_Resultats300kHz.png 500w, https:\/\/www.extende.com\/wp-content\/uploads\/SurfacePlane_COFREND2_Resultats300kHz-300x59.png 300w\" sizes=\"auto, (max-width: 500px) 100vw, 500px\" \/><\/p>\n<\/p>\n<p class=\"wp-caption-text\">R\u00e9sultats de l\u2019exp\u00e9rience et de la simulation \u00e0 300 kHz<\/p>\n<\/p>\n<p style=\"text-align:center;\"><img loading=\"lazy\" decoding=\"async\" width=\"700\" height=\"202\" alt=\"\" src=\"https:\/\/www.extende.com\/wp-content\/uploads\/SurfacePlane_COFREND2_Comparaisons.png\" class=\"alignnone wp-image-3493\" srcset=\"https:\/\/www.extende.com\/wp-content\/uploads\/SurfacePlane_COFREND2_Comparaisons.png 700w, https:\/\/www.extende.com\/wp-content\/uploads\/SurfacePlane_COFREND2_Comparaisons-300x87.png 300w, https:\/\/www.extende.com\/wp-content\/uploads\/SurfacePlane_COFREND2_Comparaisons-600x173.png 600w\" sizes=\"auto, (max-width: 700px) 100vw, 700px\" \/><\/p>\n<\/p>\n<p class=\"wp-caption-text\">Comparaison des r\u00e9sultats de CIVA et de la manip \u00e0 100 kHz (gauche) et 300 kHz (droite)<\/p>\n<\/p>\n<h2 class=\"titre-accordeon\">Comparaison entre codes<\/h2>\n<\/p>\n<p> Les r\u00e9sultats de simulation CIVA ont \u00e9galement \u00e9t\u00e9 compar\u00e9s avec les r\u00e9sultats de deux codes\u00a0\u00e9l\u00e9ments finis : C3D, d\u00e9velopp\u00e9 par le LAMEL (laboratoire commun entre EDF R&amp;D et l&rsquo;universit\u00e9 de Lille)\u00a0et <a href=\"https:\/\/www.extende.com\/fr\/nos-services\/etudes-en-controle-non-destructif\/le-logiciel-flux-pour-la-simulation-des-methodes-electromagnetiques\/\">Flux 3D<\/a>, d\u00e9velopp\u00e9 par Altair. Les diff\u00e9rences d&rsquo;amplitude et de phase sont donn\u00e9es par rapport aux r\u00e9sultats exp\u00e9rimentaux.<\/p>\n<\/p>\n<p style=\"text-align:center;\"><img loading=\"lazy\" decoding=\"async\" width=\"407\" height=\"107\" alt=\"\" src=\"https:\/\/www.extende.com\/wp-content\/uploads\/Comp_CIVA_Codes_100kHz_BobSeparees.png\" class=\"alignnone wp-image-3494\" srcset=\"https:\/\/www.extende.com\/wp-content\/uploads\/Comp_CIVA_Codes_100kHz_BobSeparees.png 407w, https:\/\/www.extende.com\/wp-content\/uploads\/Comp_CIVA_Codes_100kHz_BobSeparees-300x79.png 300w\" sizes=\"auto, (max-width: 407px) 100vw, 407px\" \/><\/p>\n<\/p>\n<p style=\"text-align:center;\"><img loading=\"lazy\" decoding=\"async\" width=\"408\" height=\"107\" alt=\"\" src=\"https:\/\/www.extende.com\/wp-content\/uploads\/Comp_CIVA_Codes_300kHz_BobSeparees.png\" class=\"alignnone wp-image-3495\" srcset=\"https:\/\/www.extende.com\/wp-content\/uploads\/Comp_CIVA_Codes_300kHz_BobSeparees.png 408w, https:\/\/www.extende.com\/wp-content\/uploads\/Comp_CIVA_Codes_300kHz_BobSeparees-300x79.png 300w\" sizes=\"auto, (max-width: 408px) 100vw, 408px\" \/><\/p>\n<\/p>\n<p style=\"text-align:center;\"><span style=\"font-style: italic; text-align: center;\">Comparaisons entre CIVA, C3D et Flux pour les voies \u00e0 100 et 300 kHz<\/span><\/p>\n<\/p>\n<p>L&rsquo;accord est satisfaisant entre les 3 codes et l&rsquo;exp\u00e9rience avec moins de 10% d&rsquo;\u00e9cart pour tous les cas.<\/p>\n<\/p>\n<p>Ces r\u00e9sultats sont tir\u00e9s de l&rsquo;article <a href=\"https:\/\/www.extende.com\/wp-content\/uploads\/2014_ECNDT_Foucher_CofrendWGETModelling_WG_EN.pdf\" target=\"_blank\" title=\"(Nouvelle fen\u00eatre)\">Working Group COFREND \u00ab\u00a0Eddy Current NDT modeling\u00a0\u00bb : benchmarks for validation and improving simulation codes acceptation<\/a> pr\u00e9sent\u00e9 \u00e0 l&rsquo;ECNDT en 2014.<\/p>\n<\/p>\n<p>Continuer vers\u00a0<a href=\"https:\/\/www.extende.com\/fr\/la-simulation-cnd\/documentation\/validation-experimentale-des-modeles-civa\/validation-experimentale-des-modeles-civa-en-courants-de-foucault\/pieces-planes\/defaut-elliptique\/\"><span style=\"font-weight: bolder;\">DEFAUT ELLIPTIQUE<\/span><\/a><\/p>\n<\/p>\n<p>Retourner \u00e0\u00a0<a href=\"https:\/\/www.extende.com\/fr\/la-simulation-cnd\/documentation\/validation-experimentale-des-modeles-civa\/validation-experimentale-des-modeles-civa-en-courants-de-foucault\/pieces-planes\/benchmark-cofrend-fonction-commune\/\"><span style=\"font-weight: bolder;\">BENCHMARK COFREND FONCTION COMMUNE<\/span><\/a><\/p>\n<\/p>\n<p>Retourner \u00e0\u00a0<a href=\"https:\/\/www.extende.com\/fr\/la-simulation-cnd\/documentation\/validation-experimentale-des-modeles-civa\/validation-experimentale-des-modeles-civa-en-courants-de-foucault\/pieces-planes\/\"><span style=\"font-weight: bolder;\">PIECES PLANES<span style=\"line-height: 1.5em;\">\u00a0<\/span><\/span><\/a><\/p>\n<\/p>\n<p>\u00a0<\/p><\/p>\n","protected":false},"excerpt":{"rendered":"<p>Validation exp\u00e9rimentale et caract\u00e9risation des mod\u00e8les Ultrasons de CIVA, \u00e9chos de coin en ondes L, logiciel de simulation CND<\/p>\n","protected":false},"author":0,"featured_media":0,"parent":2925,"menu_order":2,"comment_status":"closed","ping_status":"closed","template":"templates\/page--extende.html.php","meta":{"_acf_changed":false,"footnotes":""},"class_list":["post-3497","page","type-page","status-publish","hentry"],"acf":[],"_links":{"self":[{"href":"https:\/\/www.extende.com\/fr\/wp-json\/wp\/v2\/pages\/3497","targetHints":{"allow":["GET"]}}],"collection":[{"href":"https:\/\/www.extende.com\/fr\/wp-json\/wp\/v2\/pages"}],"about":[{"href":"https:\/\/www.extende.com\/fr\/wp-json\/wp\/v2\/types\/page"}],"replies":[{"embeddable":true,"href":"https:\/\/www.extende.com\/fr\/wp-json\/wp\/v2\/comments?post=3497"}],"version-history":[{"count":1,"href":"https:\/\/www.extende.com\/fr\/wp-json\/wp\/v2\/pages\/3497\/revisions"}],"predecessor-version":[{"id":5651,"href":"https:\/\/www.extende.com\/fr\/wp-json\/wp\/v2\/pages\/3497\/revisions\/5651"}],"up":[{"embeddable":true,"href":"https:\/\/www.extende.com\/fr\/wp-json\/wp\/v2\/pages\/2925"}],"wp:attachment":[{"href":"https:\/\/www.extende.com\/fr\/wp-json\/wp\/v2\/media?parent=3497"}],"curies":[{"name":"wp","href":"https:\/\/api.w.org\/{rel}","templated":true}]}}