{"id":3516,"date":"2025-06-24T18:34:59","date_gmt":"2025-06-24T16:34:59","guid":{"rendered":"https:\/\/www.extende.com\/la-simulation-cnd\/documentation\/validation-experimentale-des-modeles-civa\/validation-experimentale-des-modeles-civa-en-courants-de-foucault\/pieces-planes\/bobine-tiltee\/"},"modified":"2025-06-24T18:52:13","modified_gmt":"2025-06-24T16:52:13","slug":"bobine-tiltee","status":"publish","type":"page","link":"https:\/\/www.extende.com\/fr\/la-simulation-cnd\/documentation\/validation-experimentale-des-modeles-civa\/validation-experimentale-des-modeles-civa-en-courants-de-foucault\/pieces-planes\/bobine-tiltee\/","title":{"rendered":"Bobine tilt\u00e9e"},"content":{"rendered":"<h2 class=\"titre-accordeon\">Pi\u00e8ce<\/h2>\n<\/p>\n<p>Une plaque plane en inconel, de 1,55 mm d\u2019\u00e9paisseur, est inspect\u00e9e par une bobine tilt\u00e9e \u00e0 90\u00b0 par rapport \u00e0 sa surface, comme repr\u00e9sent\u00e9 sur la figure ci-dessous. Le mat\u00e9riau de la plaque, l\u2019inconel, a une conductivit\u00e9 de 1,02 MS.m-1 et une perm\u00e9abilit\u00e9 relative de 1.<\/p>\n<\/p>\n<p style=\"text-align:center;\"><img loading=\"lazy\" decoding=\"async\" width=\"700\" height=\"209\" alt=\"\" src=\"https:\/\/www.extende.com\/wp-content\/uploads\/SurfacePlane_BobTiltee.png\" class=\"alignnone wp-image-3507\" srcset=\"https:\/\/www.extende.com\/wp-content\/uploads\/SurfacePlane_BobTiltee.png 700w, https:\/\/www.extende.com\/wp-content\/uploads\/SurfacePlane_BobTiltee-300x90.png 300w, https:\/\/www.extende.com\/wp-content\/uploads\/SurfacePlane_BobTiltee-600x179.png 600w\" sizes=\"auto, (max-width: 700px) 100vw, 700px\" \/><\/p>\n<\/p>\n<p class=\"wp-caption-text\">Pi\u00e8ce plane inspect\u00e9e avec une bobine tilt\u00e9e \u00e0 90\u00b0<\/p>\n<\/p>\n<h2 class=\"titre-accordeon\">Sonde<\/h2>\n<\/p>\n<p>La sonde est constitu\u00e9e d\u2019une bobine cylindrique \u00e0 double fonction dont les propri\u00e9t\u00e9s g\u00e9om\u00e9triques sont rassembl\u00e9es sur la figure ci-dessous repr\u00e9sentant le panneau dans CIVA qui permet de d\u00e9finir ces propri\u00e9t\u00e9s. L\u2019acquisition est faite \u00e0 une fr\u00e9quence de 100 kHz, avec 1mA d\u2019injection et r\u00e9ception en mode absolu.<\/p>\n<\/p>\n<p style=\"text-align:center;\"><img loading=\"lazy\" decoding=\"async\" width=\"200\" height=\"364\" alt=\"\" src=\"https:\/\/www.extende.com\/wp-content\/uploads\/SurfacePlane_Sonde.png\" class=\"alignnone wp-image-3508\" srcset=\"https:\/\/www.extende.com\/wp-content\/uploads\/SurfacePlane_Sonde.png 200w, https:\/\/www.extende.com\/wp-content\/uploads\/SurfacePlane_Sonde-165x300.png 165w\" sizes=\"auto, (max-width: 200px) 100vw, 200px\" \/><\/p>\n<\/p>\n<p class=\"wp-caption-text\">Propri\u00e9t\u00e9s g\u00e9om\u00e9triques de la sonde<\/p>\n<\/p>\n<h2 class=\"titre-accordeon\">D\u00e9faut<\/h2>\n<\/p>\n<p>La pi\u00e8ce contient une entaille d\u00e9bouchante en surface, de 1,24 mm d\u2019\u00e9paisseur, donc non-traversante, et de 7 mm de longueur, comme sch\u00e9matis\u00e9 sur la figure ci-dessous.<\/p>\n<\/p>\n<p style=\"text-align:center;\"><img loading=\"lazy\" decoding=\"async\" width=\"400\" height=\"189\" alt=\"\" src=\"https:\/\/www.extende.com\/wp-content\/uploads\/SurfacePlane_BobTiltee_Defaut.png\" class=\"alignnone wp-image-3509\" srcset=\"https:\/\/www.extende.com\/wp-content\/uploads\/SurfacePlane_BobTiltee_Defaut.png 400w, https:\/\/www.extende.com\/wp-content\/uploads\/SurfacePlane_BobTiltee_Defaut-300x142.png 300w\" sizes=\"auto, (max-width: 400px) 100vw, 400px\" \/><\/p>\n<\/p>\n<p class=\"wp-caption-text\">D\u00e9faut rectangulaire dans la plaque \u00e9paisse inspect\u00e9e avec une bobine tilt\u00e9e.<\/p>\n<\/p>\n<h2 class=\"titre-accordeon\">Comparaisons Exp\u00e9rience\/Simulation<\/h2>\n<\/p>\n<p>Les mesures exp\u00e9rimentales ont \u00e9t\u00e9 r\u00e9alis\u00e9es avec un imp\u00e9dancem\u00e8tre, il n&rsquo;a donc pas \u00e9t\u00e9 n\u00e9cessaire de proc\u00e9der \u00e0 un \u00e9talonnage avant comparaison entre exp\u00e9rience et simulation.<\/p>\n<\/p>\n<p>La figure ci-dessous montre les C-scans obtenus avec l\u2019exp\u00e9rience et CIVA. Ils pr\u00e9sentent une allure similaire entre exp\u00e9rience et simulation.<\/p>\n<\/p>\n<p style=\"text-align:center;\"><img loading=\"lazy\" decoding=\"async\" width=\"600\" height=\"343\" alt=\"\" src=\"https:\/\/www.extende.com\/wp-content\/uploads\/SurfacePlane_BobTiltee_Cscans.png\" class=\"alignnone wp-image-3510\" srcset=\"https:\/\/www.extende.com\/wp-content\/uploads\/SurfacePlane_BobTiltee_Cscans.png 600w, https:\/\/www.extende.com\/wp-content\/uploads\/SurfacePlane_BobTiltee_Cscans-300x172.png 300w\" sizes=\"auto, (max-width: 600px) 100vw, 600px\" \/><\/p>\n<\/p>\n<p class=\"wp-caption-text\">C-scans exp\u00e9rimentaux (en haut) et obtenus avec CIVA (en bas) des parties r\u00e9elles (\u00e0 gauche) et imaginaires (\u00e0 droite)<\/p>\n<\/p>\n<p>Les courbes de Lissajous sont trac\u00e9es et les amplitudes, phases, parties r\u00e9elles et imaginaires en fonction du balayage sont compar\u00e9es sur les figures ci-dessous. Un bon accord g\u00e9n\u00e9ral entre exp\u00e9rience et simulation est observ\u00e9.<\/p>\n<\/p>\n<p style=\"text-align:center;\"><img loading=\"lazy\" decoding=\"async\" width=\"700\" height=\"270\" alt=\"\" src=\"https:\/\/www.extende.com\/wp-content\/uploads\/SurfacePlane_BobTiltee_Lissajous.png\" class=\"alignnone wp-image-3511\" srcset=\"https:\/\/www.extende.com\/wp-content\/uploads\/SurfacePlane_BobTiltee_Lissajous.png 700w, https:\/\/www.extende.com\/wp-content\/uploads\/SurfacePlane_BobTiltee_Lissajous-300x116.png 300w, https:\/\/www.extende.com\/wp-content\/uploads\/SurfacePlane_BobTiltee_Lissajous-600x231.png 600w\" sizes=\"auto, (max-width: 700px) 100vw, 700px\" \/><\/p>\n<\/p>\n<p class=\"wp-caption-text\">Courbes de Lissajous dans le plan d\u2019imp\u00e9dance, coupe horizontale (\u00e0 gauche) et verticale (\u00e0 droite)<\/p>\n<\/p>\n<p style=\"text-align:center;\"><img loading=\"lazy\" decoding=\"async\" width=\"700\" height=\"374\" alt=\"\" src=\"https:\/\/www.extende.com\/wp-content\/uploads\/SurfacePlane_BobTiltee_Comparaisons.png\" class=\"alignnone wp-image-3512\" srcset=\"https:\/\/www.extende.com\/wp-content\/uploads\/SurfacePlane_BobTiltee_Comparaisons.png 700w, https:\/\/www.extende.com\/wp-content\/uploads\/SurfacePlane_BobTiltee_Comparaisons-300x160.png 300w, https:\/\/www.extende.com\/wp-content\/uploads\/SurfacePlane_BobTiltee_Comparaisons-600x321.png 600w\" sizes=\"auto, (max-width: 700px) 100vw, 700px\" \/><\/p>\n<\/p>\n<p class=\"wp-caption-text\">Comparaisons courbes amplitude (haut) et phase (bas), horizontales (gauche) et verticales (droite).<\/p>\n<\/p>\n<p style=\"text-align:center;\"><img loading=\"lazy\" decoding=\"async\" width=\"700\" height=\"373\" alt=\"\" src=\"https:\/\/www.extende.com\/wp-content\/uploads\/SurfacePlane_BobTiltee_Comparaisons2.png\" class=\"alignnone wp-image-3513\" srcset=\"https:\/\/www.extende.com\/wp-content\/uploads\/SurfacePlane_BobTiltee_Comparaisons2.png 700w, https:\/\/www.extende.com\/wp-content\/uploads\/SurfacePlane_BobTiltee_Comparaisons2-300x160.png 300w, https:\/\/www.extende.com\/wp-content\/uploads\/SurfacePlane_BobTiltee_Comparaisons2-600x320.png 600w\" sizes=\"auto, (max-width: 700px) 100vw, 700px\" \/><\/p>\n<\/p>\n<p class=\"wp-caption-text\">Comparaisons courbes r\u00e9elles (haut) et imaginaires (bas), horizontales (gauche) et verticales (droite).<\/p>\n<\/p>\n<p>Enfin, le tableau ci-dessous regroupe les valeurs relev\u00e9es d&rsquo;amplitude et de phase et confirme le tr\u00e8s faible \u00e9cart entre exp\u00e9rience et simulation, de l&rsquo;ordre de moins d&rsquo;un dB.<\/p>\n<\/p>\n<p style=\"text-align:center;\"><img loading=\"lazy\" decoding=\"async\" width=\"740\" height=\"112\" alt=\"\" src=\"https:\/\/www.extende.com\/wp-content\/uploads\/SurfacePlane_BobTiltee_TableauResultats.png\" class=\"alignnone wp-image-3514\" srcset=\"https:\/\/www.extende.com\/wp-content\/uploads\/SurfacePlane_BobTiltee_TableauResultats.png 740w, https:\/\/www.extende.com\/wp-content\/uploads\/SurfacePlane_BobTiltee_TableauResultats-300x45.png 300w, https:\/\/www.extende.com\/wp-content\/uploads\/SurfacePlane_BobTiltee_TableauResultats-600x91.png 600w\" sizes=\"auto, (max-width: 740px) 100vw, 740px\" \/><\/p>\n<\/p>\n<p class=\"wp-caption-text\">Valeurs maximales des amplitudes, phases correspondantes, et \u00e9carts entre CIVA et exp\u00e9riences (r\u00e9f\u00e9rences : valeurs exp\u00e9rimentales)<\/p>\n<\/p>\n<p>Continuer vers\u00a0<a href=\"https:\/\/www.extende.com\/fr\/la-simulation-cnd\/documentation\/validation-experimentale-des-modeles-civa\/validation-experimentale-des-modeles-civa-en-courants-de-foucault\/pieces-planes\/sonde-eddyfi\/\"><span style=\"font-weight: bolder;\">SONDE EDDYFI<\/span><\/a><\/p>\n<\/p>\n<p>Retourner \u00e0\u00a0<a href=\"https:\/\/www.extende.com\/fr\/la-simulation-cnd\/documentation\/validation-experimentale-des-modeles-civa\/validation-experimentale-des-modeles-civa-en-courants-de-foucault\/pieces-planes\/defaut-elliptique\/\"><span style=\"font-weight: bolder;\">DEFAUT ELLIPTIQUE<\/span><\/a><\/p>\n<\/p>\n<p>Retourner \u00e0\u00a0<a href=\"https:\/\/www.extende.com\/fr\/la-simulation-cnd\/documentation\/validation-experimentale-des-modeles-civa\/validation-experimentale-des-modeles-civa-en-courants-de-foucault\/pieces-planes\/\"><span style=\"font-weight: bolder;\">PIECES PLANES<span style=\"line-height: 1.5em;\">\u00a0<\/span><\/span><\/a><\/p>\n<\/p>\n<div>\u00a0<\/div>\n<\/p>\n<p>\u00a0<\/p><\/p>\n","protected":false},"excerpt":{"rendered":"<p>Validation exp\u00e9rimentale et caract\u00e9risation des mod\u00e8les Ultrasons de CIVA, \u00e9chos de coin en ondes L, logiciel de simulation CND<\/p>\n","protected":false},"author":0,"featured_media":0,"parent":2925,"menu_order":4,"comment_status":"closed","ping_status":"closed","template":"templates\/page--extende.html.php","meta":{"_acf_changed":false,"footnotes":""},"class_list":["post-3516","page","type-page","status-publish","hentry"],"acf":[],"_links":{"self":[{"href":"https:\/\/www.extende.com\/fr\/wp-json\/wp\/v2\/pages\/3516","targetHints":{"allow":["GET"]}}],"collection":[{"href":"https:\/\/www.extende.com\/fr\/wp-json\/wp\/v2\/pages"}],"about":[{"href":"https:\/\/www.extende.com\/fr\/wp-json\/wp\/v2\/types\/page"}],"replies":[{"embeddable":true,"href":"https:\/\/www.extende.com\/fr\/wp-json\/wp\/v2\/comments?post=3516"}],"version-history":[{"count":1,"href":"https:\/\/www.extende.com\/fr\/wp-json\/wp\/v2\/pages\/3516\/revisions"}],"predecessor-version":[{"id":5647,"href":"https:\/\/www.extende.com\/fr\/wp-json\/wp\/v2\/pages\/3516\/revisions\/5647"}],"up":[{"embeddable":true,"href":"https:\/\/www.extende.com\/fr\/wp-json\/wp\/v2\/pages\/2925"}],"wp:attachment":[{"href":"https:\/\/www.extende.com\/fr\/wp-json\/wp\/v2\/media?parent=3516"}],"curies":[{"name":"wp","href":"https:\/\/api.w.org\/{rel}","templated":true}]}}