{"id":3561,"date":"2025-06-24T18:35:08","date_gmt":"2025-06-24T16:35:08","guid":{"rendered":"https:\/\/www.extende.com\/la-simulation-cnd\/documentation\/validation-experimentale-des-modeles-civa\/validation-experimentale-des-modeles-civa-en-courants-de-foucault\/pieces-multicouches\/multicouches-cas-n1\/"},"modified":"2025-06-24T18:52:13","modified_gmt":"2025-06-24T16:52:13","slug":"multicouches-cas-n1","status":"publish","type":"page","link":"https:\/\/www.extende.com\/fr\/la-simulation-cnd\/documentation\/validation-experimentale-des-modeles-civa\/validation-experimentale-des-modeles-civa-en-courants-de-foucault\/pieces-multicouches\/multicouches-cas-n1\/","title":{"rendered":"Multicouches &#8211; Cas N\u00b01"},"content":{"rendered":"<h2 class=\"titre-accordeon\">Pi\u00e8ce<\/h2>\n<\/p>\n<p>Une plaque en alliage d\u2019aluminium de 2 mm d\u2019\u00e9paisseur est inspect\u00e9e avec la bobine d\u00e9crite pr\u00e9c\u00e9demment et scanne la pi\u00e8ce comme sur la figure ci-dessous selon l\u2019axe y. Les propri\u00e9t\u00e9s du mat\u00e9riau de la pi\u00e8ce sont \u00e9galement renseign\u00e9es ci-dessous.<\/p>\n<\/p>\n<p style=\"text-align:center;\"><img loading=\"lazy\" decoding=\"async\" width=\"600\" height=\"252\" alt=\"\" src=\"https:\/\/www.extende.com\/wp-content\/uploads\/SurfacePlane_Multicouches1_Piece.png\" class=\"alignnone wp-image-3553\" srcset=\"https:\/\/www.extende.com\/wp-content\/uploads\/SurfacePlane_Multicouches1_Piece.png 600w, https:\/\/www.extende.com\/wp-content\/uploads\/SurfacePlane_Multicouches1_Piece-300x126.png 300w\" sizes=\"auto, (max-width: 600px) 100vw, 600px\" \/><\/p>\n<\/p>\n<p class=\"wp-caption-text\">Plaque plane monocouche en aluminium<\/p>\n<\/p>\n<p style=\"text-align:center;\"><img loading=\"lazy\" decoding=\"async\" width=\"300\" height=\"93\" alt=\"\" src=\"https:\/\/www.extende.com\/wp-content\/uploads\/SurfacePlane_Multicouches1_TableauPiece.png\" class=\"alignnone wp-image-3554\"><\/p>\n<\/p>\n<p class=\"wp-caption-text\">Caract\u00e9ristiques de la pi\u00e8ce et de son mat\u00e9riau<\/p>\n<\/p>\n<h2 class=\"titre-accordeon\">D\u00e9faut<\/h2>\n<\/p>\n<p>Un trou \u00e0 fond plat ainsi qu\u2019une entaille tous deux de m\u00eame \u00e9paisseur que la plaque affectent celle-ci. Les\u00a0figures ci-dessous pr\u00e9cisent les caract\u00e9ristiques et l\u2019agencement de ces deux d\u00e9fauts.<\/p>\n<\/p>\n<p style=\"text-align:center;\"><img loading=\"lazy\" decoding=\"async\" width=\"400\" height=\"237\" alt=\"\" src=\"https:\/\/www.extende.com\/wp-content\/uploads\/SurfacePlane_Multicouches1_Defauts.png\" class=\"alignnone wp-image-3555\" srcset=\"https:\/\/www.extende.com\/wp-content\/uploads\/SurfacePlane_Multicouches1_Defauts.png 400w, https:\/\/www.extende.com\/wp-content\/uploads\/SurfacePlane_Multicouches1_Defauts-300x178.png 300w\" sizes=\"auto, (max-width: 400px) 100vw, 400px\" \/><\/p>\n<\/p>\n<p class=\"wp-caption-text\">TFP et fissure de la pi\u00e8ce mod\u00e9lis\u00e9s dans CIVA<\/p>\n<\/p>\n<p style=\"text-align:center;\"><img loading=\"lazy\" decoding=\"async\" width=\"300\" height=\"144\" alt=\"\" src=\"https:\/\/www.extende.com\/wp-content\/uploads\/SurfacePlane_Multicouches1_TableauDefauts.png\" class=\"alignnone wp-image-3556\"><\/p>\n<\/p>\n<p class=\"wp-caption-text\">Caract\u00e9ristiques des deux d\u00e9fauts pr\u00e9sents dans la pi\u00e8ce \u00e0 inspecter<\/p>\n<\/p>\n<h2 class=\"titre-accordeon\">Comparaisons Exp\u00e9rience\/Simulation<\/h2>\n<\/p>\n<p>Les mesures exp\u00e9rimentales ont \u00e9t\u00e9 r\u00e9alis\u00e9es avec un imp\u00e9dancem\u00e8tre, il n&rsquo;a donc pas \u00e9t\u00e9 n\u00e9cessaire de proc\u00e9der \u00e0 un \u00e9talonnage avant comparaison entre exp\u00e9rience et simulation.<\/p>\n<\/p>\n<p>Sur les figures ci-dessous sont superpos\u00e9es les courbes exp\u00e9rimentales et les courbes obtenues avec CIVA. On observe un bon accord g\u00e9n\u00e9ral entre exp\u00e9rience et simulation.<\/p>\n<\/p>\n<p style=\"text-align:center;\"><img loading=\"lazy\" decoding=\"async\" width=\"700\" height=\"298\" alt=\"\" src=\"https:\/\/www.extende.com\/wp-content\/uploads\/SurfacePlane_Multicouches1_Lissajous.png\" class=\"alignnone wp-image-3557\" srcset=\"https:\/\/www.extende.com\/wp-content\/uploads\/SurfacePlane_Multicouches1_Lissajous.png 700w, https:\/\/www.extende.com\/wp-content\/uploads\/SurfacePlane_Multicouches1_Lissajous-300x128.png 300w, https:\/\/www.extende.com\/wp-content\/uploads\/SurfacePlane_Multicouches1_Lissajous-600x255.png 600w\" sizes=\"auto, (max-width: 700px) 100vw, 700px\" \/><\/p>\n<\/p>\n<p class=\"wp-caption-text\">Courbes de Lissajous dans le plan d\u2019imp\u00e9dance, coupe verticale, 1 kHz (\u00e0 gauche) et 5 kHz (\u00e0 droite)<\/p>\n<\/p>\n<p style=\"text-align:center;\"><img loading=\"lazy\" decoding=\"async\" width=\"700\" height=\"543\" alt=\"\" src=\"https:\/\/www.extende.com\/wp-content\/uploads\/SurfacePlane_Multicouches1_Comparaisons.png\" class=\"alignnone wp-image-3558\" srcset=\"https:\/\/www.extende.com\/wp-content\/uploads\/SurfacePlane_Multicouches1_Comparaisons.png 700w, https:\/\/www.extende.com\/wp-content\/uploads\/SurfacePlane_Multicouches1_Comparaisons-300x233.png 300w, https:\/\/www.extende.com\/wp-content\/uploads\/SurfacePlane_Multicouches1_Comparaisons-600x465.png 600w\" sizes=\"auto, (max-width: 700px) 100vw, 700px\" \/><\/p>\n<\/p>\n<p class=\"wp-caption-text\">De haut en bas , puis de gauche \u00a0\u00e0 droite : Amplitude, Phase, Partie R\u00e9elle, Partie Imaginaire. Comparaisons entre r\u00e9sultats d\u2019exp\u00e9rience (courbe noire) et de simulation avec CIVA (courbe rouge) pour le cas N\u00b01 \u00e0 1kHz (en haut) et 5 kHz (en bas)<\/p>\n<\/p>\n<p>Enfin, le tableau ci-dessous regroupe les valeurs relev\u00e9es d&rsquo;amplitude et de phase et confirme le tr\u00e8s faible \u00e9cart entre exp\u00e9rience et simulation, de l&rsquo;ordre de moins de 2% en amplitude et moins de 0,5\u00b0 pour la phase.<\/p>\n<\/p>\n<p style=\"text-align:center;\"><img loading=\"lazy\" decoding=\"async\" width=\"439\" height=\"148\" alt=\"\" src=\"https:\/\/www.extende.com\/wp-content\/uploads\/SurfacePlane_Multicouches1_TableauResultats.png\" class=\"alignnone wp-image-3559\" srcset=\"https:\/\/www.extende.com\/wp-content\/uploads\/SurfacePlane_Multicouches1_TableauResultats.png 439w, https:\/\/www.extende.com\/wp-content\/uploads\/SurfacePlane_Multicouches1_TableauResultats-300x101.png 300w\" sizes=\"auto, (max-width: 439px) 100vw, 439px\" \/><\/p>\n<\/p>\n<p class=\"wp-caption-text\">Valeurs maximales des amplitudes, phases correspondantes, et \u00e9carts entre CIVA et exp\u00e9riences (r\u00e9f\u00e9rences : valeurs exp\u00e9rimentales)<\/p>\n<\/p>\n<p>Continuer vers\u00a0<a href=\"https:\/\/www.extende.com\/fr\/la-simulation-cnd\/documentation\/validation-experimentale-des-modeles-civa\/validation-experimentale-des-modeles-civa-en-courants-de-foucault\/pieces-multicouches\/multicouches-cas-n2\/\"><span style=\"font-weight: bolder;\">MULTICOUCHES &#8211; CAS N\u00b02<\/span><\/a><\/p>\n<\/p>\n<p>Retourner \u00e0 <a href=\"https:\/\/www.extende.com\/fr\/la-simulation-cnd\/documentation\/validation-experimentale-des-modeles-civa\/validation-experimentale-des-modeles-civa-en-courants-de-foucault\/pieces-multicouches\/\"><b>MULTICOUCHES<\/b><\/a><\/p><\/p>\n","protected":false},"excerpt":{"rendered":"<p>Validation exp\u00e9rimentale et caract\u00e9risation des mod\u00e8les Ultrasons de CIVA, \u00e9chos de coin en ondes L, logiciel de simulation CND<\/p>\n","protected":false},"author":0,"featured_media":0,"parent":2928,"menu_order":0,"comment_status":"closed","ping_status":"closed","template":"templates\/page--extende.html.php","meta":{"_acf_changed":false,"footnotes":""},"class_list":["post-3561","page","type-page","status-publish","hentry"],"acf":[],"_links":{"self":[{"href":"https:\/\/www.extende.com\/fr\/wp-json\/wp\/v2\/pages\/3561","targetHints":{"allow":["GET"]}}],"collection":[{"href":"https:\/\/www.extende.com\/fr\/wp-json\/wp\/v2\/pages"}],"about":[{"href":"https:\/\/www.extende.com\/fr\/wp-json\/wp\/v2\/types\/page"}],"replies":[{"embeddable":true,"href":"https:\/\/www.extende.com\/fr\/wp-json\/wp\/v2\/comments?post=3561"}],"version-history":[{"count":1,"href":"https:\/\/www.extende.com\/fr\/wp-json\/wp\/v2\/pages\/3561\/revisions"}],"predecessor-version":[{"id":5643,"href":"https:\/\/www.extende.com\/fr\/wp-json\/wp\/v2\/pages\/3561\/revisions\/5643"}],"up":[{"embeddable":true,"href":"https:\/\/www.extende.com\/fr\/wp-json\/wp\/v2\/pages\/2928"}],"wp:attachment":[{"href":"https:\/\/www.extende.com\/fr\/wp-json\/wp\/v2\/media?parent=3561"}],"curies":[{"name":"wp","href":"https:\/\/api.w.org\/{rel}","templated":true}]}}