{"id":3569,"date":"2025-06-24T18:35:09","date_gmt":"2025-06-24T16:35:09","guid":{"rendered":"https:\/\/www.extende.com\/la-simulation-cnd\/documentation\/validation-experimentale-des-modeles-civa\/validation-experimentale-des-modeles-civa-en-courants-de-foucault\/pieces-multicouches\/multicouches-cas-n2\/"},"modified":"2025-06-24T18:52:13","modified_gmt":"2025-06-24T16:52:13","slug":"multicouches-cas-n2","status":"publish","type":"page","link":"https:\/\/www.extende.com\/fr\/la-simulation-cnd\/documentation\/validation-experimentale-des-modeles-civa\/validation-experimentale-des-modeles-civa-en-courants-de-foucault\/pieces-multicouches\/multicouches-cas-n2\/","title":{"rendered":"Multicouches &#8211; Cas N\u00b02"},"content":{"rendered":"<h2 class=\"titre-accordeon\">Pi\u00e8ce<\/h2>\n<\/p>\n<p>La pi\u00e8ce plane est constitu\u00e9e de l\u2019empilement de trois couches et est inspect\u00e9e avec la bobine d\u00e9crite pr\u00e9c\u00e9demment. La premi\u00e8re et la troisi\u00e8me, toutes deux de 2 mm d\u2019\u00e9paisseur, sont constitu\u00e9es du m\u00eame alliage d\u2019aluminium. Elles sont s\u00e9par\u00e9es par une fine couche di\u00e9lectrique de 0,07 mm d\u2019\u00e9paisseur. Les figures ci-dessous d\u00e9crivent la pi\u00e8ce inspect\u00e9e ainsi que les propri\u00e9t\u00e9s de ses mat\u00e9riaux constituants.<\/p>\n<\/p>\n<p style=\"text-align:center;\"><img loading=\"lazy\" decoding=\"async\" width=\"700\" height=\"205\" alt=\"\" src=\"https:\/\/www.extende.com\/wp-content\/uploads\/SurfacePlane_Multicouches2_Piece.png\" class=\"alignnone wp-image-3562\" srcset=\"https:\/\/www.extende.com\/wp-content\/uploads\/SurfacePlane_Multicouches2_Piece.png 700w, https:\/\/www.extende.com\/wp-content\/uploads\/SurfacePlane_Multicouches2_Piece-300x88.png 300w, https:\/\/www.extende.com\/wp-content\/uploads\/SurfacePlane_Multicouches2_Piece-600x176.png 600w\" sizes=\"auto, (max-width: 700px) 100vw, 700px\" \/><\/p>\n<\/p>\n<p class=\"wp-caption-text\">Pi\u00e8ce multicouches<\/p>\n<\/p>\n<p style=\"text-align:center;\"><img loading=\"lazy\" decoding=\"async\" width=\"300\" height=\"237\" alt=\"\" src=\"https:\/\/www.extende.com\/wp-content\/uploads\/SurfacePlane_Multicouches2_TableauPiece.png\" class=\"alignnone wp-image-3563\"><\/p>\n<\/p>\n<p class=\"wp-caption-text\">Propri\u00e9t\u00e9s des trois couches constituant la pi\u00e8ce \u00e0 inspecter<\/p>\n<\/p>\n<h2 class=\"titre-accordeon\">D\u00e9faut<\/h2>\n<\/p>\n<p>La premi\u00e8re plaque contient les m\u00eames d\u00e9fauts que la plaque inspect\u00e9e dans le cas 1, \u00e0 savoir une entaille et un trou \u00e0 fond plat. Dans la troisi\u00e8me plaque est usin\u00e9 un trou \u00e0 fond plat identique \u00e0 celui de la premi\u00e8re plaque et exactement superpos\u00e9 \u00e0 ce dernier, comme le montre la figure ci-dessous.<\/p>\n<\/p>\n<p style=\"text-align:center;\"><img loading=\"lazy\" decoding=\"async\" width=\"400\" height=\"64\" alt=\"\" src=\"https:\/\/www.extende.com\/wp-content\/uploads\/SurfacePlane_Multicouches2_Defauts.png\" class=\"alignnone wp-image-3564\" srcset=\"https:\/\/www.extende.com\/wp-content\/uploads\/SurfacePlane_Multicouches2_Defauts.png 400w, https:\/\/www.extende.com\/wp-content\/uploads\/SurfacePlane_Multicouches2_Defauts-300x48.png 300w\" sizes=\"auto, (max-width: 400px) 100vw, 400px\" \/><\/p>\n<\/p>\n<p class=\"wp-caption-text\">Entaille et deux TFP pr\u00e9sents dans la pi\u00e8ce \u00e0 inspecter<\/p>\n<\/p>\n<h2 class=\"titre-accordeon\">Comparaisons Exp\u00e9rience\/Simulation<\/h2>\n<\/p>\n<p>Les mesures exp\u00e9rimentales ont \u00e9t\u00e9 r\u00e9alis\u00e9es avec un imp\u00e9dancem\u00e8tre, il n&rsquo;a donc pas \u00e9t\u00e9 n\u00e9cessaire de proc\u00e9der \u00e0 un \u00e9talonnage avant comparaison entre exp\u00e9rience et simulation.<\/p>\n<\/p>\n<p>Sur les figures ci-dessous sont superpos\u00e9es les courbes exp\u00e9rimentales et les courbes obtenues avec CIVA. On observe un bon accord g\u00e9n\u00e9ral entre exp\u00e9rience et simulation.<\/p>\n<\/p>\n<p style=\"text-align:center;\"><img loading=\"lazy\" decoding=\"async\" width=\"700\" height=\"310\" alt=\"\" src=\"https:\/\/www.extende.com\/wp-content\/uploads\/SurfacePlane_Multicouches2_Lissajous.png\" class=\"alignnone wp-image-3565\" srcset=\"https:\/\/www.extende.com\/wp-content\/uploads\/SurfacePlane_Multicouches2_Lissajous.png 700w, https:\/\/www.extende.com\/wp-content\/uploads\/SurfacePlane_Multicouches2_Lissajous-300x133.png 300w, https:\/\/www.extende.com\/wp-content\/uploads\/SurfacePlane_Multicouches2_Lissajous-600x266.png 600w\" sizes=\"auto, (max-width: 700px) 100vw, 700px\" \/><\/p>\n<\/p>\n<p class=\"wp-caption-text\">Courbes de Lissajous dans le plan d\u2019imp\u00e9dance, coupe verticale, 1 kHz (\u00e0 gauche) et 5 kHz (\u00e0 droite)<\/p>\n<\/p>\n<p style=\"text-align:center;\"><img loading=\"lazy\" decoding=\"async\" width=\"700\" height=\"524\" alt=\"\" src=\"https:\/\/www.extende.com\/wp-content\/uploads\/SurfacePlane_Multicouches2_Comparaisons.png\" class=\"alignnone wp-image-3566\" srcset=\"https:\/\/www.extende.com\/wp-content\/uploads\/SurfacePlane_Multicouches2_Comparaisons.png 700w, https:\/\/www.extende.com\/wp-content\/uploads\/SurfacePlane_Multicouches2_Comparaisons-300x225.png 300w, https:\/\/www.extende.com\/wp-content\/uploads\/SurfacePlane_Multicouches2_Comparaisons-600x449.png 600w\" sizes=\"auto, (max-width: 700px) 100vw, 700px\" \/><\/p>\n<\/p>\n<p class=\"wp-caption-text\">De haut en bas , puis de gauche \u00a0\u00e0 droite : Amplitude, Phase, Partie R\u00e9elle, Partie Imaginaire.\u00a0Comparaisons entre r\u00e9sultats d\u2019exp\u00e9rience (courbe noire) et de simulation avec CIVA (courbe rouge) pour le cas N\u00b02 \u00e0 1kHz (en haut) et 5 kHz (en bas)<\/p>\n<\/p>\n<p>Enfin, le tableau ci-dessous regroupe les valeurs relev\u00e9es d&rsquo;amplitude et de phase et confirme le tr\u00e8s faible \u00e9cart entre exp\u00e9rience et simulation, de l&rsquo;ordre de moins de 1% en amplitude et moins de 0,5\u00b0 pour la phase.<\/p>\n<\/p>\n<p style=\"text-align:center;\"><img loading=\"lazy\" decoding=\"async\" width=\"439\" height=\"147\" alt=\"\" src=\"https:\/\/www.extende.com\/wp-content\/uploads\/SurfacePlane_Multicouches2_TableauResultats.png\" class=\"alignnone wp-image-3567\" srcset=\"https:\/\/www.extende.com\/wp-content\/uploads\/SurfacePlane_Multicouches2_TableauResultats.png 439w, https:\/\/www.extende.com\/wp-content\/uploads\/SurfacePlane_Multicouches2_TableauResultats-300x100.png 300w\" sizes=\"auto, (max-width: 439px) 100vw, 439px\" \/><\/p>\n<\/p>\n<p class=\"wp-caption-text\">Valeurs maximales des amplitudes, phases correspondantes, et \u00e9carts entre CIVA et exp\u00e9riences (r\u00e9f\u00e9rences : valeurs exp\u00e9rimentales)<\/p>\n<\/p>\n<p>Continuer vers\u00a0<a href=\"https:\/\/www.extende.com\/fr\/la-simulation-cnd\/documentation\/validation-experimentale-des-modeles-civa\/validation-experimentale-des-modeles-civa-en-courants-de-foucault\/pieces-multicouches\/multicouches-cas-n3\/\"><span style=\"font-weight: bolder;\">MULTICOUCHES &#8211; CAS N\u00b03<\/span><\/a><\/p>\n<\/p>\n<p>Retourner \u00e0\u00a0<a href=\"https:\/\/www.extende.com\/fr\/la-simulation-cnd\/documentation\/validation-experimentale-des-modeles-civa\/validation-experimentale-des-modeles-civa-en-courants-de-foucault\/pieces-multicouches\/multicouches-cas-n1\/\"><span style=\"font-weight: bolder;\">MULTICOUCHES &#8211; CAS N\u00b01<\/span><\/a><\/p>\n<\/p>\n<p>Retourner \u00e0\u00a0<a href=\"https:\/\/www.extende.com\/fr\/la-simulation-cnd\/documentation\/validation-experimentale-des-modeles-civa\/validation-experimentale-des-modeles-civa-en-courants-de-foucault\/pieces-multicouches\/\"><span style=\"font-weight: bolder;\">MULTICOUCHES<\/span><\/a><\/p><\/p>\n","protected":false},"excerpt":{"rendered":"<p>Validation exp\u00e9rimentale et caract\u00e9risation des mod\u00e8les Ultrasons de CIVA, \u00e9chos de coin en ondes L, logiciel de simulation CND<\/p>\n","protected":false},"author":0,"featured_media":0,"parent":2928,"menu_order":1,"comment_status":"closed","ping_status":"closed","template":"templates\/page--extende.html.php","meta":{"_acf_changed":false,"footnotes":""},"class_list":["post-3569","page","type-page","status-publish","hentry"],"acf":[],"_links":{"self":[{"href":"https:\/\/www.extende.com\/fr\/wp-json\/wp\/v2\/pages\/3569","targetHints":{"allow":["GET"]}}],"collection":[{"href":"https:\/\/www.extende.com\/fr\/wp-json\/wp\/v2\/pages"}],"about":[{"href":"https:\/\/www.extende.com\/fr\/wp-json\/wp\/v2\/types\/page"}],"replies":[{"embeddable":true,"href":"https:\/\/www.extende.com\/fr\/wp-json\/wp\/v2\/comments?post=3569"}],"version-history":[{"count":1,"href":"https:\/\/www.extende.com\/fr\/wp-json\/wp\/v2\/pages\/3569\/revisions"}],"predecessor-version":[{"id":5641,"href":"https:\/\/www.extende.com\/fr\/wp-json\/wp\/v2\/pages\/3569\/revisions\/5641"}],"up":[{"embeddable":true,"href":"https:\/\/www.extende.com\/fr\/wp-json\/wp\/v2\/pages\/2928"}],"wp:attachment":[{"href":"https:\/\/www.extende.com\/fr\/wp-json\/wp\/v2\/media?parent=3569"}],"curies":[{"name":"wp","href":"https:\/\/api.w.org\/{rel}","templated":true}]}}