{"id":3576,"date":"2025-06-24T18:35:10","date_gmt":"2025-06-24T16:35:10","guid":{"rendered":"https:\/\/www.extende.com\/la-simulation-cnd\/documentation\/validation-experimentale-des-modeles-civa\/validation-experimentale-des-modeles-civa-en-courants-de-foucault\/pieces-multicouches\/multicouches-cas-n3\/"},"modified":"2025-06-24T18:52:13","modified_gmt":"2025-06-24T16:52:13","slug":"multicouches-cas-n3","status":"publish","type":"page","link":"https:\/\/www.extende.com\/fr\/la-simulation-cnd\/documentation\/validation-experimentale-des-modeles-civa\/validation-experimentale-des-modeles-civa-en-courants-de-foucault\/pieces-multicouches\/multicouches-cas-n3\/","title":{"rendered":"Multicouches &#8211; Cas N\u00b03"},"content":{"rendered":"<h2 class=\"titre-accordeon\">Pi\u00e8ce<\/h2>\n<\/p>\n<p>Ici la pi\u00e8ce tricouche est constitu\u00e9e de la m\u00eame mani\u00e8re que dans le cas N\u00b02, mais cette fois-ci elle est inspect\u00e9e \u00a0de l\u2019autre c\u00f4t\u00e9, \u00a0par la m\u00eame bobine que dans les cas pr\u00e9c\u00e9dents, ce qui ne change que la disposition des d\u00e9fauts.<\/p>\n<\/p>\n<p style=\"text-align:center;\"><img loading=\"lazy\" decoding=\"async\" width=\"600\" height=\"173\" alt=\"\" src=\"https:\/\/www.extende.com\/wp-content\/uploads\/SurfacePlane_Multicouches3_Piece.png\" class=\"alignnone wp-image-3570\" srcset=\"https:\/\/www.extende.com\/wp-content\/uploads\/SurfacePlane_Multicouches3_Piece.png 600w, https:\/\/www.extende.com\/wp-content\/uploads\/SurfacePlane_Multicouches3_Piece-300x87.png 300w\" sizes=\"auto, (max-width: 600px) 100vw, 600px\" \/><\/p>\n<\/p>\n<p class=\"wp-caption-text\">Pi\u00e8ce multicouches<\/p>\n<\/p>\n<h2 class=\"titre-accordeon\">D\u00e9faut<\/h2>\n<\/p>\n<p>La pi\u00e8ce \u00e9tant \u00ab retourn\u00e9e \u00bb par rapport au cas N\u00b02, l\u2019entaille se situe dans ce cas dans la plaque du bas, comme dessin\u00e9 sur la figure ci-dessous.<\/p>\n<\/p>\n<p style=\"text-align:center;\"><img loading=\"lazy\" decoding=\"async\" width=\"400\" height=\"67\" alt=\"\" src=\"https:\/\/www.extende.com\/wp-content\/uploads\/SurfacePlane_Multicouches3_Defauts.png\" class=\"alignnone wp-image-3571\" srcset=\"https:\/\/www.extende.com\/wp-content\/uploads\/SurfacePlane_Multicouches3_Defauts.png 400w, https:\/\/www.extende.com\/wp-content\/uploads\/SurfacePlane_Multicouches3_Defauts-300x50.png 300w\" sizes=\"auto, (max-width: 400px) 100vw, 400px\" \/><\/p>\n<\/p>\n<p class=\"wp-caption-text\">Entaille et deux TFP pr\u00e9sents dans la pi\u00e8ce \u00e0 inspecter<\/p>\n<\/p>\n<h2 class=\"titre-accordeon\">Comparaisons Exp\u00e9rience\/Simulation<\/h2>\n<\/p>\n<p>Les mesures exp\u00e9rimentales ont \u00e9t\u00e9 r\u00e9alis\u00e9es avec un imp\u00e9dancem\u00e8tre, il n&rsquo;a donc pas \u00e9t\u00e9 n\u00e9cessaire de proc\u00e9der \u00e0 un \u00e9talonnage avant comparaison entre exp\u00e9rience et simulation.<\/p>\n<\/p>\n<p>Sur les figures ci-dessous sont superpos\u00e9es les courbes exp\u00e9rimentales et les courbes obtenues avec CIVA. On observe un bon accord g\u00e9n\u00e9ral entre exp\u00e9rience et simulation.<\/p>\n<\/p>\n<p style=\"text-align:center;\"><img loading=\"lazy\" decoding=\"async\" width=\"700\" height=\"310\" alt=\"\" src=\"https:\/\/www.extende.com\/wp-content\/uploads\/SurfacePlane_Multicouches3_Lissajous.png\" class=\"alignnone wp-image-3572\" srcset=\"https:\/\/www.extende.com\/wp-content\/uploads\/SurfacePlane_Multicouches3_Lissajous.png 700w, https:\/\/www.extende.com\/wp-content\/uploads\/SurfacePlane_Multicouches3_Lissajous-300x133.png 300w, https:\/\/www.extende.com\/wp-content\/uploads\/SurfacePlane_Multicouches3_Lissajous-600x266.png 600w\" sizes=\"auto, (max-width: 700px) 100vw, 700px\" \/><\/p>\n<\/p>\n<p class=\"wp-caption-text\">Courbes de Lissajous dans le plan d\u2019imp\u00e9dance, coupe verticale, 1 kHz (\u00e0 gauche) et 5 kHz (\u00e0 droite)<\/p>\n<\/p>\n<p style=\"text-align:center;\"><img loading=\"lazy\" decoding=\"async\" width=\"700\" height=\"537\" alt=\"\" src=\"https:\/\/www.extende.com\/wp-content\/uploads\/SurfacePlane_Multicouches3_Comparaisons.png\" class=\"alignnone wp-image-3573\" srcset=\"https:\/\/www.extende.com\/wp-content\/uploads\/SurfacePlane_Multicouches3_Comparaisons.png 700w, https:\/\/www.extende.com\/wp-content\/uploads\/SurfacePlane_Multicouches3_Comparaisons-300x230.png 300w, https:\/\/www.extende.com\/wp-content\/uploads\/SurfacePlane_Multicouches3_Comparaisons-600x460.png 600w\" sizes=\"auto, (max-width: 700px) 100vw, 700px\" \/><\/p>\n<\/p>\n<p class=\"wp-caption-text\">De haut en bas , puis de gauche \u00a0\u00e0 droite : Amplitude, Phase, Partie R\u00e9elle, Partie Imaginaire.\u00a0Comparaisons entre r\u00e9sultats d\u2019exp\u00e9rience (courbe noire) et de simulation avec CIVA (courbe rouge) pour le cas N\u00b03 \u00e0 1kHz (en haut) et 5 kHz (en bas)<\/p>\n<\/p>\n<p>Enfin, le tableau ci-dessous regroupe les valeurs relev\u00e9es d&rsquo;amplitude et de phase et confirme le tr\u00e8s faible \u00e9cart entre exp\u00e9rience et simulation, de l&rsquo;ordre de moins de 1% en amplitude et moins de 1\u00b0 pour la phase.<\/p>\n<\/p>\n<p style=\"text-align:center;\"><img loading=\"lazy\" decoding=\"async\" width=\"439\" height=\"147\" alt=\"\" src=\"https:\/\/www.extende.com\/wp-content\/uploads\/SurfacePlane_Multicouches3_TableauResultats.png\" class=\"alignnone wp-image-3574\" srcset=\"https:\/\/www.extende.com\/wp-content\/uploads\/SurfacePlane_Multicouches3_TableauResultats.png 439w, https:\/\/www.extende.com\/wp-content\/uploads\/SurfacePlane_Multicouches3_TableauResultats-300x100.png 300w\" sizes=\"auto, (max-width: 439px) 100vw, 439px\" \/><\/p>\n<\/p>\n<p class=\"wp-caption-text\">Valeurs maximales des amplitudes, phases correspondantes, et \u00e9carts entre CIVA et exp\u00e9riences (r\u00e9f\u00e9rences : valeurs exp\u00e9rimentales)<\/p>\n<\/p>\n<p>Continuer vers\u00a0<a href=\"https:\/\/www.extende.com\/fr\/la-simulation-cnd\/documentation\/validation-experimentale-des-modeles-civa\/validation-experimentale-des-modeles-civa-en-courants-de-foucault\/pieces-multicouches\/multicouches-cas-n4\/\"><span style=\"font-weight: bolder;\">MULTICOUCHES &#8211; CAS N\u00b04<\/span><\/a><\/p>\n<\/p>\n<p>Retourner \u00e0\u00a0<a href=\"https:\/\/www.extende.com\/fr\/la-simulation-cnd\/documentation\/validation-experimentale-des-modeles-civa\/validation-experimentale-des-modeles-civa-en-courants-de-foucault\/pieces-multicouches\/multicouches-cas-n2\/\"><span style=\"font-weight: bolder;\">MULTICOUCHES &#8211; CAS N\u00b02<\/span><\/a><\/p>\n<\/p>\n<p>Retourner \u00e0\u00a0<a href=\"https:\/\/www.extende.com\/fr\/la-simulation-cnd\/documentation\/validation-experimentale-des-modeles-civa\/validation-experimentale-des-modeles-civa-en-courants-de-foucault\/pieces-multicouches\/\"><span style=\"font-weight: bolder;\">MULTICOUCHES<\/span><\/a><\/p><\/p>\n","protected":false},"excerpt":{"rendered":"<p>Validation exp\u00e9rimentale et caract\u00e9risation des mod\u00e8les Ultrasons de CIVA, \u00e9chos de coin en ondes L, logiciel de simulation CND<\/p>\n","protected":false},"author":0,"featured_media":0,"parent":2928,"menu_order":2,"comment_status":"closed","ping_status":"closed","template":"templates\/page--extende.html.php","meta":{"_acf_changed":false,"footnotes":""},"class_list":["post-3576","page","type-page","status-publish","hentry"],"acf":[],"_links":{"self":[{"href":"https:\/\/www.extende.com\/fr\/wp-json\/wp\/v2\/pages\/3576","targetHints":{"allow":["GET"]}}],"collection":[{"href":"https:\/\/www.extende.com\/fr\/wp-json\/wp\/v2\/pages"}],"about":[{"href":"https:\/\/www.extende.com\/fr\/wp-json\/wp\/v2\/types\/page"}],"replies":[{"embeddable":true,"href":"https:\/\/www.extende.com\/fr\/wp-json\/wp\/v2\/comments?post=3576"}],"version-history":[{"count":1,"href":"https:\/\/www.extende.com\/fr\/wp-json\/wp\/v2\/pages\/3576\/revisions"}],"predecessor-version":[{"id":5639,"href":"https:\/\/www.extende.com\/fr\/wp-json\/wp\/v2\/pages\/3576\/revisions\/5639"}],"up":[{"embeddable":true,"href":"https:\/\/www.extende.com\/fr\/wp-json\/wp\/v2\/pages\/2928"}],"wp:attachment":[{"href":"https:\/\/www.extende.com\/fr\/wp-json\/wp\/v2\/media?parent=3576"}],"curies":[{"name":"wp","href":"https:\/\/api.w.org\/{rel}","templated":true}]}}