{"id":3583,"date":"2025-06-24T18:35:11","date_gmt":"2025-06-24T16:35:11","guid":{"rendered":"https:\/\/www.extende.com\/la-simulation-cnd\/documentation\/validation-experimentale-des-modeles-civa\/validation-experimentale-des-modeles-civa-en-courants-de-foucault\/pieces-multicouches\/multicouches-cas-n4\/"},"modified":"2025-06-24T18:52:13","modified_gmt":"2025-06-24T16:52:13","slug":"multicouches-cas-n4","status":"publish","type":"page","link":"https:\/\/www.extende.com\/fr\/la-simulation-cnd\/documentation\/validation-experimentale-des-modeles-civa\/validation-experimentale-des-modeles-civa-en-courants-de-foucault\/pieces-multicouches\/multicouches-cas-n4\/","title":{"rendered":"Multicouches &#8211; Cas N\u00b04"},"content":{"rendered":"<h2 class=\"titre-accordeon\">Pi\u00e8ce<\/h2>\n<\/p>\n<p>Enfin, pour ce dernier cas une plaque monocouche en alliage d\u2019aluminium est inspect\u00e9e, comme dans le cas N\u00b01, avec la m\u00eame bobine.<\/p>\n<\/p>\n<p style=\"text-align:center;\"><img loading=\"lazy\" decoding=\"async\" width=\"600\" height=\"251\" alt=\"\" src=\"https:\/\/www.extende.com\/wp-content\/uploads\/SurfacePlane_Multicouches4_Piece.png\" class=\"alignnone wp-image-3577\" srcset=\"https:\/\/www.extende.com\/wp-content\/uploads\/SurfacePlane_Multicouches4_Piece.png 600w, https:\/\/www.extende.com\/wp-content\/uploads\/SurfacePlane_Multicouches4_Piece-300x126.png 300w\" sizes=\"auto, (max-width: 600px) 100vw, 600px\" \/><\/p>\n<\/p>\n<p class=\"wp-caption-text\">Pi\u00e8ce monocouche en aluminium<\/p>\n<\/p>\n<h2 class=\"titre-accordeon\">D\u00e9faut<\/h2>\n<\/p>\n<p>Seul un trou \u00e0 fond plat est usin\u00e9 dans cette plaque.<\/p>\n<\/p>\n<p style=\"text-align:center;\"><img loading=\"lazy\" decoding=\"async\" width=\"344\" height=\"194\" alt=\"\" src=\"https:\/\/www.extende.com\/wp-content\/uploads\/SurfacePlane_Multicouches4_Defaut.png\" class=\"alignnone wp-image-3578\" srcset=\"https:\/\/www.extende.com\/wp-content\/uploads\/SurfacePlane_Multicouches4_Defaut.png 344w, https:\/\/www.extende.com\/wp-content\/uploads\/SurfacePlane_Multicouches4_Defaut-300x169.png 300w\" sizes=\"auto, (max-width: 344px) 100vw, 344px\" \/><\/p>\n<\/p>\n<p class=\"wp-caption-text\">Trou \u00e0 fond plat pr\u00e9sent dans la pi\u00e8ce \u00e0 inspecter du cas N\u00b04<\/p>\n<\/p>\n<h2 class=\"titre-accordeon\">Comparaisons Exp\u00e9rience\/Simulation<\/h2>\n<\/p>\n<p>Les mesures exp\u00e9rimentales ont \u00e9t\u00e9 r\u00e9alis\u00e9es avec un imp\u00e9dancem\u00e8tre, il n&rsquo;a donc pas \u00e9t\u00e9 n\u00e9cessaire de proc\u00e9der \u00e0 un \u00e9talonnage avant comparaison entre exp\u00e9rience et simulation.<\/p>\n<\/p>\n<p>Sur les figures ci-dessous sont superpos\u00e9es les courbes exp\u00e9rimentales et les courbes obtenues avec CIVA. On observe un bon accord g\u00e9n\u00e9ral entre exp\u00e9rience et simulation.<\/p>\n<\/p>\n<p style=\"text-align:center;\"><img loading=\"lazy\" decoding=\"async\" width=\"700\" height=\"309\" alt=\"\" src=\"https:\/\/www.extende.com\/wp-content\/uploads\/SurfacePlane_Multicouches4_Lissajous.png\" class=\"alignnone wp-image-3579\" srcset=\"https:\/\/www.extende.com\/wp-content\/uploads\/SurfacePlane_Multicouches4_Lissajous.png 700w, https:\/\/www.extende.com\/wp-content\/uploads\/SurfacePlane_Multicouches4_Lissajous-300x132.png 300w, https:\/\/www.extende.com\/wp-content\/uploads\/SurfacePlane_Multicouches4_Lissajous-600x265.png 600w\" sizes=\"auto, (max-width: 700px) 100vw, 700px\" \/><\/p>\n<\/p>\n<p class=\"wp-caption-text\">Courbes de Lissajous dans le plan d\u2019imp\u00e9dance, coupe verticale, 1 kHz (\u00e0 gauche) et 5 kHz (\u00e0 droite)<\/p>\n<\/p>\n<p style=\"text-align:center;\"><img loading=\"lazy\" decoding=\"async\" width=\"700\" height=\"535\" alt=\"\" src=\"https:\/\/www.extende.com\/wp-content\/uploads\/SurfacePlane_Multicouches4_Comparaisons.png\" class=\"alignnone wp-image-3580\" srcset=\"https:\/\/www.extende.com\/wp-content\/uploads\/SurfacePlane_Multicouches4_Comparaisons.png 700w, https:\/\/www.extende.com\/wp-content\/uploads\/SurfacePlane_Multicouches4_Comparaisons-300x229.png 300w, https:\/\/www.extende.com\/wp-content\/uploads\/SurfacePlane_Multicouches4_Comparaisons-600x459.png 600w\" sizes=\"auto, (max-width: 700px) 100vw, 700px\" \/><\/p>\n<\/p>\n<p class=\"wp-caption-text\">Comparaisons entre r\u00e9sultats d\u2019exp\u00e9rience et de simulation avec CIVA \u00a0pour le cas N\u00b04 \u00e0 1kHz (en haut) et 5 kHz (en bas)<\/p>\n<\/p>\n<p>Enfin, le tableau ci-dessous regroupe les valeurs relev\u00e9es d&rsquo;amplitude et de phase et confirme le tr\u00e8s faible \u00e9cart entre exp\u00e9rience et simulation, de l&rsquo;ordre de 2% maximum en amplitude et moins de 0,5\u00b0 pour la phase.<\/p>\n<\/p>\n<p style=\"text-align:center;\"><img loading=\"lazy\" decoding=\"async\" width=\"439\" height=\"147\" alt=\"\" src=\"https:\/\/www.extende.com\/wp-content\/uploads\/SurfacePlane_Multicouches4_TableauResultats.png\" class=\"alignnone wp-image-3581\" srcset=\"https:\/\/www.extende.com\/wp-content\/uploads\/SurfacePlane_Multicouches4_TableauResultats.png 439w, https:\/\/www.extende.com\/wp-content\/uploads\/SurfacePlane_Multicouches4_TableauResultats-300x100.png 300w\" sizes=\"auto, (max-width: 439px) 100vw, 439px\" \/><\/p>\n<\/p>\n<p class=\"wp-caption-text\">Valeurs maximales des amplitudes, phases correspondantes, et \u00e9carts entre CIVA et exp\u00e9riences (r\u00e9f\u00e9rences : valeurs exp\u00e9rimentales)<\/p>\n<\/p>\n<p>Retourner \u00e0\u00a0<a href=\"https:\/\/www.extende.com\/fr\/la-simulation-cnd\/documentation\/validation-experimentale-des-modeles-civa\/validation-experimentale-des-modeles-civa-en-courants-de-foucault\/pieces-multicouches\/multicouches-cas-n3\/\"><span style=\"font-weight: bolder;\">MULTICOUCHES &#8211; CAS N\u00b03<\/span><\/a><\/p>\n<\/p>\n<p>Retourner \u00e0\u00a0<a href=\"https:\/\/www.extende.com\/fr\/la-simulation-cnd\/documentation\/validation-experimentale-des-modeles-civa\/validation-experimentale-des-modeles-civa-en-courants-de-foucault\/pieces-multicouches\/\"><span style=\"font-weight: bolder;\">MULTICOUCHES<\/span><\/a><\/p>\n<\/p>\n<p>\u00a0<\/p><\/p>\n","protected":false},"excerpt":{"rendered":"<p>Validation exp\u00e9rimentale et caract\u00e9risation des mod\u00e8les Ultrasons de CIVA, \u00e9chos de coin en ondes L, logiciel de simulation CND<\/p>\n","protected":false},"author":0,"featured_media":0,"parent":2928,"menu_order":3,"comment_status":"closed","ping_status":"closed","template":"templates\/page--extende.html.php","meta":{"_acf_changed":false,"footnotes":""},"class_list":["post-3583","page","type-page","status-publish","hentry"],"acf":[],"_links":{"self":[{"href":"https:\/\/www.extende.com\/fr\/wp-json\/wp\/v2\/pages\/3583","targetHints":{"allow":["GET"]}}],"collection":[{"href":"https:\/\/www.extende.com\/fr\/wp-json\/wp\/v2\/pages"}],"about":[{"href":"https:\/\/www.extende.com\/fr\/wp-json\/wp\/v2\/types\/page"}],"replies":[{"embeddable":true,"href":"https:\/\/www.extende.com\/fr\/wp-json\/wp\/v2\/comments?post=3583"}],"version-history":[{"count":1,"href":"https:\/\/www.extende.com\/fr\/wp-json\/wp\/v2\/pages\/3583\/revisions"}],"predecessor-version":[{"id":5637,"href":"https:\/\/www.extende.com\/fr\/wp-json\/wp\/v2\/pages\/3583\/revisions\/5637"}],"up":[{"embeddable":true,"href":"https:\/\/www.extende.com\/fr\/wp-json\/wp\/v2\/pages\/2928"}],"wp:attachment":[{"href":"https:\/\/www.extende.com\/fr\/wp-json\/wp\/v2\/media?parent=3583"}],"curies":[{"name":"wp","href":"https:\/\/api.w.org\/{rel}","templated":true}]}}