{"id":3602,"date":"2025-06-24T18:35:14","date_gmt":"2025-06-24T16:35:14","guid":{"rendered":"https:\/\/www.extende.com\/la-simulation-cnd\/documentation\/validation-experimentale-des-modeles-civa\/validation-experimentale-des-modeles-civa-en-courants-de-foucault\/tubes\/inspection-de-tube-gv-avec-une-sonde-sax\/"},"modified":"2025-06-24T18:52:13","modified_gmt":"2025-06-24T16:52:13","slug":"inspection-de-tube-gv-avec-une-sonde-sax","status":"publish","type":"page","link":"https:\/\/www.extende.com\/fr\/la-simulation-cnd\/documentation\/validation-experimentale-des-modeles-civa\/validation-experimentale-des-modeles-civa-en-courants-de-foucault\/tubes\/inspection-de-tube-gv-avec-une-sonde-sax\/","title":{"rendered":"Inspection de tube GV avec une sonde SAX"},"content":{"rendered":"<h2 class=\"titre-accordeon\">Pi\u00e8ces<\/h2>\n<\/p>\n<p> Quatre tubes en inconel, de conductivit\u00e9 1 MS.m-1 et de perm\u00e9abilit\u00e9 relative de 1, repr\u00e9sentatifs de g\u00e9n\u00e9rateurs de vapeur, sont inspect\u00e9s par une sonde SAX. Les tubes ont un diam\u00e8tre externe de 22,22 mm, un rayon interne de 9,84 mm, une \u00e9paisseur de 1,27 mm et mesurent 50 mm de long.<\/p>\n<\/p>\n<div style=\"text-align:center;\"><img loading=\"lazy\" decoding=\"async\" width=\"400\" height=\"271\" alt=\"\" src=\"https:\/\/www.extende.com\/wp-content\/uploads\/Tube-GV-SAX-Piece.png\" class=\"alignnone wp-image-3584\" srcset=\"https:\/\/www.extende.com\/wp-content\/uploads\/Tube-GV-SAX-Piece.png 400w, https:\/\/www.extende.com\/wp-content\/uploads\/Tube-GV-SAX-Piece-300x203.png 300w\" sizes=\"auto, (max-width: 400px) 100vw, 400px\" \/><\/p>\n<p><span class=\"couleur3\"> Tube GV inspect\u00e9 avec une sonde SAX<\/span><\/p>\n<\/div>\n<p>\u00a0<\/p>\n<\/p>\n<h2 class=\"titre-accordeon\">Sonde<\/h2>\n<\/p>\n<p> La sonde axiale est constitu\u00e9e de deux bobines cylindriques identiques, de diam\u00e8tre interne de 15,66 mm, diam\u00e8tre externe de 17 mm et de 2 mm de largeur. Elles sont distantes de 0,5 mm. L\u2019acquisition est faite \u00e0 une fr\u00e9quence de 100 kHz en mode diff\u00e9rentiel.<\/p>\n<\/p>\n<div style=\"text-align:center;\"><img loading=\"lazy\" decoding=\"async\" width=\"400\" height=\"209\" alt=\"\" src=\"https:\/\/www.extende.com\/wp-content\/uploads\/Tube-GV-SAX-Sonde.png\" class=\"alignnone wp-image-3585\" srcset=\"https:\/\/www.extende.com\/wp-content\/uploads\/Tube-GV-SAX-Sonde.png 400w, https:\/\/www.extende.com\/wp-content\/uploads\/Tube-GV-SAX-Sonde-300x157.png 300w\" sizes=\"auto, (max-width: 400px) 100vw, 400px\" \/><\/p>\n<p><span class=\"couleur3\">Propri\u00e9t\u00e9s g\u00e9om\u00e9triques de la SAX<\/span><\/p>\n<\/div>\n<p>\u00a0<\/p>\n<\/p>\n<h2 class=\"titre-accordeon\">D\u00e9fauts<\/h2>\n<\/p>\n<p> Les quatre tubes contiennent chacun un d\u00e9faut diff\u00e9rent :\u00a0<\/p>\n<\/p>\n<p>\u00a0<\/p>\n<\/p>\n<ul>\n<li>Un d\u00e9faut de calibration : une gorge externe \u00e0 40 % de l\u2019\u00e9paisseur du tube, 360 \u00b0 autour du tube et 1 mm de long.<\/li>\n<\/ul>\n<div style=\"text-align:center;\"><img loading=\"lazy\" decoding=\"async\" width=\"400\" height=\"388\" alt=\"\" src=\"https:\/\/www.extende.com\/wp-content\/uploads\/Tube-GV-SAX-DefautGE40.png\" class=\"alignnone wp-image-3586\" srcset=\"https:\/\/www.extende.com\/wp-content\/uploads\/Tube-GV-SAX-DefautGE40.png 400w, https:\/\/www.extende.com\/wp-content\/uploads\/Tube-GV-SAX-DefautGE40-300x291.png 300w\" sizes=\"auto, (max-width: 400px) 100vw, 400px\" \/><\/p>\n<p><span class=\"couleur3\">D\u00e9faut de calibration : gorge externe \u00e0 40%<\/span><\/p>\n<\/div>\n<ul>\n<li>Une entaille longitudinale externe de 6 mm de longueur, 0,1 mm d\u2019\u00e9paisseur, et de profondeur correspondant \u00e0 52 % de l&rsquo;\u00e9paisseur du tube.<\/li>\n<\/ul>\n<div style=\"text-align:center;\"><img loading=\"lazy\" decoding=\"async\" width=\"400\" height=\"146\" alt=\"\" src=\"https:\/\/www.extende.com\/wp-content\/uploads\/Tube-GV-SAX-DefautELE6.png\" class=\"alignnone wp-image-3587\" srcset=\"https:\/\/www.extende.com\/wp-content\/uploads\/Tube-GV-SAX-DefautELE6.png 400w, https:\/\/www.extende.com\/wp-content\/uploads\/Tube-GV-SAX-DefautELE6-300x110.png 300w\" sizes=\"auto, (max-width: 400px) 100vw, 400px\" \/><\/p>\n<p><span class=\"couleur3\">Entaille longitudinale de 6 mm de long<\/span><\/p>\n<\/div>\n<ul>\n<li>Une entaille longitudinale externe de 10 mm de longueur, 0,1 mm d\u2019\u00e9paisseur, et de profondeur correspondant \u00e0 54 % de l&rsquo;\u00e9paisseur du tube.<\/li>\n<\/ul>\n<div style=\"text-align:center;\"><img loading=\"lazy\" decoding=\"async\" width=\"400\" height=\"122\" alt=\"\" src=\"https:\/\/www.extende.com\/wp-content\/uploads\/Tube-GV-SAX-DefautELE10.png\" class=\"alignnone wp-image-3588\" srcset=\"https:\/\/www.extende.com\/wp-content\/uploads\/Tube-GV-SAX-DefautELE10.png 400w, https:\/\/www.extende.com\/wp-content\/uploads\/Tube-GV-SAX-DefautELE10-300x92.png 300w\" sizes=\"auto, (max-width: 400px) 100vw, 400px\" \/><\/p>\n<p><span class=\"couleur3\">Entaille longitudinale de 10 mm de long<\/span><\/p>\n<\/div>\n<ul>\n<li>Une entaille transverse traversante, 82 degr\u00e9s d\u2019ouverture et 0,1 mm de long.<\/li>\n<\/ul>\n<div style=\"text-align:center;\"><img loading=\"lazy\" decoding=\"async\" width=\"400\" height=\"189\" alt=\"\" src=\"https:\/\/www.extende.com\/wp-content\/uploads\/Tube-GV-SAX-DefautET82.png\" class=\"alignnone wp-image-3589\" srcset=\"https:\/\/www.extende.com\/wp-content\/uploads\/Tube-GV-SAX-DefautET82.png 400w, https:\/\/www.extende.com\/wp-content\/uploads\/Tube-GV-SAX-DefautET82-300x142.png 300w\" sizes=\"auto, (max-width: 400px) 100vw, 400px\" \/><\/p>\n<p><span class=\"couleur3\">Entaille transverse traversante<\/span><\/p>\n<\/div>\n<p>\u00a0<\/p>\n<\/p>\n<h2 class=\"titre-accordeon\">Comparaisons Exp\u00e9rience\/Simulation<\/h2>\n<\/p>\n<p>Pour\u00a0les trois\u00a0d\u00e9fauts \u00e9tudi\u00e9es, les courbes de Lissajous sont trac\u00e9es et les amplitudes, phases, parties r\u00e9elles et imaginaires en fonction du balayage sont compar\u00e9es sur les figures ci-dessous. Un bon accord g\u00e9n\u00e9ral entre exp\u00e9riences et simulations est observ\u00e9.<\/p>\n<\/p>\n<p>Puis, les valeurs d&rsquo;amplitude et de phase sont relev\u00e9es dans un tableau et les diff\u00e9rences entre exp\u00e9rience et simulation sont calcul\u00e9s. Les faibles diff\u00e9rences obtenues confirment le bon accord entre simulations et exp\u00e9riences.<\/p>\n<\/p>\n<p>Mais d&rsquo;abord les courbes de Lissajous simul\u00e9es et exp\u00e9rimentales pour le d\u00e9faut de calibration sont superpos\u00e9es ci-dessous.<\/p>\n<\/p>\n<h2 class=\"titre-paragraphe\">Gorge externe \u00e0 40% &#8211; d\u00e9faut de calibration<\/h2>\n<\/p>\n<div style=\"text-align:center;\">\n<p><img loading=\"lazy\" decoding=\"async\" width=\"400\" height=\"230\" alt=\"\" src=\"https:\/\/www.extende.com\/wp-content\/uploads\/Tube-GV-SAX-GE40.png\" class=\"alignnone wp-image-3590\" srcset=\"https:\/\/www.extende.com\/wp-content\/uploads\/Tube-GV-SAX-GE40.png 400w, https:\/\/www.extende.com\/wp-content\/uploads\/Tube-GV-SAX-GE40-300x173.png 300w\" sizes=\"auto, (max-width: 400px) 100vw, 400px\" \/><\/p>\n<\/div>\n<div style=\"text-align:center;\"><img loading=\"lazy\" decoding=\"async\" width=\"300\" height=\"358\" alt=\"\" src=\"https:\/\/www.extende.com\/wp-content\/uploads\/Tube-GV-SAX-Resultat-GE40.png\" class=\"alignnone wp-image-3591\" srcset=\"https:\/\/www.extende.com\/wp-content\/uploads\/Tube-GV-SAX-Resultat-GE40.png 300w, https:\/\/www.extende.com\/wp-content\/uploads\/Tube-GV-SAX-Resultat-GE40-251x300.png 251w\" sizes=\"auto, (max-width: 300px) 100vw, 300px\" \/><\/p>\n<p><span class=\"couleur3\"> Superpositions CIVA\/Exp\u00e9rience des courbes de Lissajous pour le d\u00e9faut de r\u00e9f\u00e9rence qui est la gorge externe \u00e0 40%.<\/span><\/p>\n<\/div>\n<h2 class=\"titre-paragraphe\">Entaille longitudinale externe de 6 mm de longueur<\/h2>\n<\/p>\n<div style=\"text-align:center;\"><img loading=\"lazy\" decoding=\"async\" width=\"400\" height=\"226\" alt=\"\" src=\"https:\/\/www.extende.com\/wp-content\/uploads\/Tube-GV-SAX-ELE6.png\" class=\"alignnone wp-image-3592\" srcset=\"https:\/\/www.extende.com\/wp-content\/uploads\/Tube-GV-SAX-ELE6.png 400w, https:\/\/www.extende.com\/wp-content\/uploads\/Tube-GV-SAX-ELE6-300x170.png 300w\" sizes=\"auto, (max-width: 400px) 100vw, 400px\" \/><\/div>\n<\/p>\n<div style=\"text-align:center;\"><img loading=\"lazy\" decoding=\"async\" width=\"600\" height=\"342\" alt=\"\" src=\"https:\/\/www.extende.com\/wp-content\/uploads\/Tube-GV-SAX-Resultat-ELE6.png\" class=\"alignnone wp-image-3593\" srcset=\"https:\/\/www.extende.com\/wp-content\/uploads\/Tube-GV-SAX-Resultat-ELE6.png 600w, https:\/\/www.extende.com\/wp-content\/uploads\/Tube-GV-SAX-Resultat-ELE6-300x171.png 300w\" sizes=\"auto, (max-width: 600px) 100vw, 600px\" \/><\/p>\n<p><span class=\"couleur3\"> Comparaisons CIVA\/Exp\u00e9rience pour l\u2019entaille longitudinale de 6 mm de long. A gauche : courbe de Lissajous, \u00e0 droite de haut en bas : partie r\u00e9elle, partie imaginaire, amplitude et phase.<\/span><\/p>\n<\/div>\n<div style=\"text-align:center;\"><img loading=\"lazy\" decoding=\"async\" width=\"500\" height=\"87\" alt=\"\" src=\"https:\/\/www.extende.com\/wp-content\/uploads\/Tube-GV-SAX-Tableau-ELE6.png\" class=\"alignnone wp-image-3594\" srcset=\"https:\/\/www.extende.com\/wp-content\/uploads\/Tube-GV-SAX-Tableau-ELE6.png 500w, https:\/\/www.extende.com\/wp-content\/uploads\/Tube-GV-SAX-Tableau-ELE6-300x52.png 300w\" sizes=\"auto, (max-width: 500px) 100vw, 500px\" \/><\/p>\n<p><span class=\"couleur3\"> Tableau de comparaison CIVA\/Exp\u00e9rience des valeurs d\u2019amplitude et phase pour l\u2019entaille longitudinale de 6 mm de long.<\/span><\/p>\n<\/div>\n<h2 class=\"titre-paragraphe\">Entaille longitudinale externe de 10 mm de longueur<\/h2>\n<\/p>\n<div style=\"text-align:center;\"><img loading=\"lazy\" decoding=\"async\" width=\"400\" height=\"227\" alt=\"\" src=\"https:\/\/www.extende.com\/wp-content\/uploads\/Tube-GV-SAX-ELE10.png\" class=\"alignnone wp-image-3595\" srcset=\"https:\/\/www.extende.com\/wp-content\/uploads\/Tube-GV-SAX-ELE10.png 400w, https:\/\/www.extende.com\/wp-content\/uploads\/Tube-GV-SAX-ELE10-300x170.png 300w\" sizes=\"auto, (max-width: 400px) 100vw, 400px\" \/><\/div>\n<\/p>\n<div style=\"text-align:center;\"><img loading=\"lazy\" decoding=\"async\" width=\"600\" height=\"343\" alt=\"\" src=\"https:\/\/www.extende.com\/wp-content\/uploads\/Tube-GV-SAX-Resultat-ELE10.png\" class=\"alignnone wp-image-3596\" srcset=\"https:\/\/www.extende.com\/wp-content\/uploads\/Tube-GV-SAX-Resultat-ELE10.png 600w, https:\/\/www.extende.com\/wp-content\/uploads\/Tube-GV-SAX-Resultat-ELE10-300x172.png 300w\" sizes=\"auto, (max-width: 600px) 100vw, 600px\" \/><\/p>\n<p><span class=\"couleur3\"> Comparaisons CIVA\/Exp\u00e9rience pour l\u2019entaille longitudinale de 10 mm de long. A gauche : courbe de Lissajous, \u00e0 droite de haut en bas : partie r\u00e9elle, partie imaginaire, amplitude et phase.<\/span><\/p>\n<\/div>\n<div style=\"text-align:center;\"><img loading=\"lazy\" decoding=\"async\" width=\"500\" height=\"87\" alt=\"\" src=\"https:\/\/www.extende.com\/wp-content\/uploads\/Tube-GV-SAX-Tableau-ELE10.png\" class=\"alignnone wp-image-3597\" srcset=\"https:\/\/www.extende.com\/wp-content\/uploads\/Tube-GV-SAX-Tableau-ELE10.png 500w, https:\/\/www.extende.com\/wp-content\/uploads\/Tube-GV-SAX-Tableau-ELE10-300x52.png 300w\" sizes=\"auto, (max-width: 500px) 100vw, 500px\" \/><\/p>\n<p><span class=\"couleur3\"> Tableau de comparaison CIVA\/Exp\u00e9rience des valeurs d\u2019amplitude et phase pour l\u2019entaille longitudinale de 10 mm de long.<\/span><\/p>\n<\/div>\n<h2 class=\"titre-paragraphe\">Entaille transverse traversante de 82\u00b0 d\u2019ouverture<\/h2>\n<\/p>\n<div style=\"text-align:center;\"><img loading=\"lazy\" decoding=\"async\" width=\"400\" height=\"216\" alt=\"\" src=\"https:\/\/www.extende.com\/wp-content\/uploads\/Tube-GV-SAX-ET82.png\" class=\"alignnone wp-image-3598\" srcset=\"https:\/\/www.extende.com\/wp-content\/uploads\/Tube-GV-SAX-ET82.png 400w, https:\/\/www.extende.com\/wp-content\/uploads\/Tube-GV-SAX-ET82-300x162.png 300w\" sizes=\"auto, (max-width: 400px) 100vw, 400px\" \/><\/div>\n<\/p>\n<div style=\"text-align:center;\"><img loading=\"lazy\" decoding=\"async\" width=\"600\" height=\"346\" alt=\"\" src=\"https:\/\/www.extende.com\/wp-content\/uploads\/Tube-GV-SAX-Resultat-TE82.png\" class=\"alignnone wp-image-3599\" srcset=\"https:\/\/www.extende.com\/wp-content\/uploads\/Tube-GV-SAX-Resultat-TE82.png 600w, https:\/\/www.extende.com\/wp-content\/uploads\/Tube-GV-SAX-Resultat-TE82-300x173.png 300w\" sizes=\"auto, (max-width: 600px) 100vw, 600px\" \/><\/p>\n<p><span class=\"couleur3\"> Comparaisons CIVA\/Exp\u00e9rience pour l\u2019entaille transverse traversante. A gauche : courbe de Lissajous, \u00e0 droite de haut en bas : partie r\u00e9elle, partie imaginaire, amplitude et phase.<\/span><\/p>\n<\/div>\n<div style=\"text-align:center;\"><img loading=\"lazy\" decoding=\"async\" width=\"500\" height=\"87\" alt=\"\" src=\"https:\/\/www.extende.com\/wp-content\/uploads\/Tube-GV-SAX-Tableau-TE82.png\" class=\"alignnone wp-image-3600\" srcset=\"https:\/\/www.extende.com\/wp-content\/uploads\/Tube-GV-SAX-Tableau-TE82.png 500w, https:\/\/www.extende.com\/wp-content\/uploads\/Tube-GV-SAX-Tableau-TE82-300x52.png 300w\" sizes=\"auto, (max-width: 500px) 100vw, 500px\" \/><\/p>\n<p><span class=\"couleur3\"> Tableau de comparaison CIVA\/Exp\u00e9rience des valeurs d\u2019amplitude et phase pour l\u2019entaille transverse traversante.<\/span><\/p>\n<\/div>\n<\/p>\n<p>Continuer vers\u00a0<a href=\"https:\/\/www.extende.com\/fr\/la-simulation-cnd\/documentation\/validation-experimentale-des-modeles-civa\/validation-experimentale-des-modeles-civa-en-courants-de-foucault\/tubes\/inspection-de-tube-avec-une-sonde-tournante\/\"><strong>INSPECTION DE TUBE AVEC SONDE TOURNANTE<\/strong><\/a><\/p>\n<\/p>\n<p>Retourner \u00e0\u00a0<a href=\"https:\/\/www.extende.com\/fr\/la-simulation-cnd\/documentation\/validation-experimentale-des-modeles-civa\/validation-experimentale-des-modeles-civa-en-courants-de-foucault\/tubes\/\"><strong>TUBES<span style=\"line-height: 1.5em;\">\u00a0<\/span><\/strong><\/a><strong><span style=\"line-height: 1.5em;\"><\/span><\/strong><strong><span style=\"line-height: 1.5em;\"><\/span><\/strong><\/p><\/p>\n","protected":false},"excerpt":{"rendered":"<p>Validation exp\u00e9rimentale et caract\u00e9risation des mod\u00e8les Ultrasons de CIVA, \u00e9chos de coin en ondes L, logiciel de simulation CND<\/p>\n","protected":false},"author":0,"featured_media":0,"parent":2930,"menu_order":0,"comment_status":"closed","ping_status":"closed","template":"templates\/page--extende.html.php","meta":{"_acf_changed":false,"footnotes":""},"class_list":["post-3602","page","type-page","status-publish","hentry"],"acf":[],"_links":{"self":[{"href":"https:\/\/www.extende.com\/fr\/wp-json\/wp\/v2\/pages\/3602","targetHints":{"allow":["GET"]}}],"collection":[{"href":"https:\/\/www.extende.com\/fr\/wp-json\/wp\/v2\/pages"}],"about":[{"href":"https:\/\/www.extende.com\/fr\/wp-json\/wp\/v2\/types\/page"}],"replies":[{"embeddable":true,"href":"https:\/\/www.extende.com\/fr\/wp-json\/wp\/v2\/comments?post=3602"}],"version-history":[{"count":1,"href":"https:\/\/www.extende.com\/fr\/wp-json\/wp\/v2\/pages\/3602\/revisions"}],"predecessor-version":[{"id":5635,"href":"https:\/\/www.extende.com\/fr\/wp-json\/wp\/v2\/pages\/3602\/revisions\/5635"}],"up":[{"embeddable":true,"href":"https:\/\/www.extende.com\/fr\/wp-json\/wp\/v2\/pages\/2930"}],"wp:attachment":[{"href":"https:\/\/www.extende.com\/fr\/wp-json\/wp\/v2\/media?parent=3602"}],"curies":[{"name":"wp","href":"https:\/\/api.w.org\/{rel}","templated":true}]}}