{"id":3619,"date":"2025-06-24T18:35:16","date_gmt":"2025-06-24T16:35:16","guid":{"rendered":"https:\/\/www.extende.com\/la-simulation-cnd\/documentation\/validation-experimentale-des-modeles-civa\/validation-experimentale-des-modeles-civa-en-courants-de-foucault\/tubes\/inspection-de-tube-avec-une-sonde-tournante\/"},"modified":"2025-06-24T18:52:13","modified_gmt":"2025-06-24T16:52:13","slug":"inspection-de-tube-avec-une-sonde-tournante","status":"publish","type":"page","link":"https:\/\/www.extende.com\/fr\/la-simulation-cnd\/documentation\/validation-experimentale-des-modeles-civa\/validation-experimentale-des-modeles-civa-en-courants-de-foucault\/tubes\/inspection-de-tube-avec-une-sonde-tournante\/","title":{"rendered":"Inspection de tube avec une sonde tournante"},"content":{"rendered":"<h2 class=\"titre-accordeon\">Pi\u00e8ces<\/h2>\n<\/p>\n<p> Un tube en inconel, de conductivit\u00e9 1 MS.m-1 et de perm\u00e9abilit\u00e9 relative de 1, est inspect\u00e9 par une sonde tournante. Le tube a un diam\u00e8tre externe de 18,99 mm, un rayon interne de 8,32 mm, une \u00e9paisseur de 1,175 mm et mesure 50 mm de long.<\/p>\n<\/p>\n<div style=\"text-align:center;\"><img loading=\"lazy\" decoding=\"async\" width=\"500\" height=\"214\" alt=\"\" src=\"https:\/\/www.extende.com\/wp-content\/uploads\/Tube-Tournante-Piece.png\" class=\"alignnone wp-image-3603\" srcset=\"https:\/\/www.extende.com\/wp-content\/uploads\/Tube-Tournante-Piece.png 500w, https:\/\/www.extende.com\/wp-content\/uploads\/Tube-Tournante-Piece-300x128.png 300w\" sizes=\"auto, (max-width: 500px) 100vw, 500px\" \/><\/p>\n<p><span class=\"couleur3\"> Tube en inconel inspect\u00e9 avec une sonde tournante<\/span><\/p>\n<\/div>\n<p>\u00a0<\/p>\n<\/p>\n<h2 class=\"titre-accordeon\">Sonde<\/h2>\n<\/p>\n<p> La sonde est une bobine cylindrique dont les caract\u00e9ristiques g\u00e9om\u00e9triques sont d\u00e9finies sur la figure suivante. L\u2019acquisition est r\u00e9alis\u00e9e en mode absolu \u00e0 5 fr\u00e9quences diff\u00e9rentes : 25, 50, 100, 150 et 200 kHz.<\/p>\n<\/p>\n<div style=\"text-align:center;\"><img loading=\"lazy\" decoding=\"async\" width=\"400\" height=\"313\" alt=\"\" src=\"https:\/\/www.extende.com\/wp-content\/uploads\/Tube-Tournante-Sonde.png\" class=\"alignnone wp-image-3604\" srcset=\"https:\/\/www.extende.com\/wp-content\/uploads\/Tube-Tournante-Sonde.png 400w, https:\/\/www.extende.com\/wp-content\/uploads\/Tube-Tournante-Sonde-300x235.png 300w\" sizes=\"auto, (max-width: 400px) 100vw, 400px\" \/><\/p>\n<p><span class=\"couleur3\">Propri\u00e9t\u00e9s g\u00e9om\u00e9triques de la sonde, ici d\u00e9finies dans le panneau CIVA<\/span><\/p>\n<\/div>\n<p>\u00a0<\/p>\n<\/p>\n<h2 class=\"titre-accordeon\">D\u00e9faut<\/h2>\n<\/p>\n<p> Le tube contient une entaille longitudinale traversante de longueur 12,2 mm, et donc de m\u00eame \u00e9paisseur que le tube, soit 1,175 mm et d\u2019extension angulaire de 0,585\u00b0.<\/p>\n<\/p>\n<div style=\"text-align:center;\"><img loading=\"lazy\" decoding=\"async\" width=\"400\" height=\"126\" alt=\"\" src=\"https:\/\/www.extende.com\/wp-content\/uploads\/Tube-Tournante-Defaut.png\" class=\"alignnone wp-image-3605\" srcset=\"https:\/\/www.extende.com\/wp-content\/uploads\/Tube-Tournante-Defaut.png 400w, https:\/\/www.extende.com\/wp-content\/uploads\/Tube-Tournante-Defaut-300x95.png 300w\" sizes=\"auto, (max-width: 400px) 100vw, 400px\" \/><\/p>\n<p><span class=\"couleur3\">Propri\u00e9t\u00e9s g\u00e9om\u00e9triques et positionnement de l\u2019entaille longitudinale.<\/span><\/p>\n<\/div>\n<p>\u00a0<\/p>\n<\/p>\n<h2 class=\"titre-accordeon\">Comparaisons Exp\u00e9rience\/Simulation<\/h2>\n<\/p>\n<p>Les mesures exp\u00e9rimentales ont \u00e9t\u00e9 r\u00e9alis\u00e9es avec un imp\u00e9dancem\u00e8tre, il n&rsquo;a donc pas \u00e9t\u00e9 n\u00e9cessaire de proc\u00e9der \u00e0 un \u00e9talonnage avant comparaison entre exp\u00e9rience et simulation.<\/p>\n<\/p>\n<p>Les courbes de Lissajous sont trac\u00e9es et les amplitudes, phases, parties r\u00e9elles et imaginaires en fonction du balayage sont compar\u00e9es sur les figures ci-dessous, pour les fr\u00e9quences 25, 50, 100, 150 et 200 kHz. Un bon accord g\u00e9n\u00e9ral entre exp\u00e9riences et simulations est observ\u00e9.<\/p>\n<\/p>\n<p>Puis, les valeurs relev\u00e9es d&rsquo;amplitude et de phase sont relev\u00e9es dans un tableau et les diff\u00e9rences entre exp\u00e9rience et simulation sont calcul\u00e9s. Les faibles diff\u00e9rences obtenues confirment le bon accord entre simulations et exp\u00e9riences.<\/p>\n<\/p>\n<h2 class=\"titre-paragraphe\">25 kHz<\/h2>\n<\/p>\n<div style=\"text-align:center;\"><img loading=\"lazy\" decoding=\"async\" width=\"600\" height=\"352\" alt=\"\" src=\"https:\/\/www.extende.com\/wp-content\/uploads\/Tube-Tournante-Resultats-25kHz.png\" class=\"alignnone wp-image-3606\" srcset=\"https:\/\/www.extende.com\/wp-content\/uploads\/Tube-Tournante-Resultats-25kHz.png 600w, https:\/\/www.extende.com\/wp-content\/uploads\/Tube-Tournante-Resultats-25kHz-300x176.png 300w\" sizes=\"auto, (max-width: 600px) 100vw, 600px\" \/><\/p>\n<p><span class=\"couleur3\"> Comparaison CIVA\/Exp\u00e9rience \u00e0 25 KHz. A gauche : courbe de Lissajous, \u00e0 droite de haut en bas : partie r\u00e9elle, partie imaginaire, amplitude et phase.<\/span><\/p>\n<\/div>\n<div style=\"text-align:center;\"><img loading=\"lazy\" decoding=\"async\" width=\"500\" height=\"87\" alt=\"\" src=\"https:\/\/www.extende.com\/wp-content\/uploads\/Tube-Tournante-Tableau-25kHz.png\" class=\"alignnone wp-image-3607\" srcset=\"https:\/\/www.extende.com\/wp-content\/uploads\/Tube-Tournante-Tableau-25kHz.png 500w, https:\/\/www.extende.com\/wp-content\/uploads\/Tube-Tournante-Tableau-25kHz-300x52.png 300w\" sizes=\"auto, (max-width: 500px) 100vw, 500px\" \/><\/p>\n<p><span class=\"couleur3\"> Tableau de comparaison CIVA\/Exp\u00e9rience des valeurs d\u2019amplitude et phase \u00e0 25 kHz.<\/span><\/p>\n<\/div>\n<h2 class=\"titre-paragraphe\">50 kHz<\/h2>\n<\/p>\n<div style=\"text-align:center;\"><img loading=\"lazy\" decoding=\"async\" width=\"600\" height=\"352\" alt=\"\" src=\"https:\/\/www.extende.com\/wp-content\/uploads\/Tube-Tournante-Resultats-50kHz.png\" class=\"alignnone wp-image-3608\" srcset=\"https:\/\/www.extende.com\/wp-content\/uploads\/Tube-Tournante-Resultats-50kHz.png 600w, https:\/\/www.extende.com\/wp-content\/uploads\/Tube-Tournante-Resultats-50kHz-300x176.png 300w\" sizes=\"auto, (max-width: 600px) 100vw, 600px\" \/><\/p>\n<p><span class=\"couleur3\"> Comparaison CIVA\/Exp\u00e9rience \u00e0 50 KHz. A gauche : courbe de Lissajous, \u00e0 droite de haut en bas : partie r\u00e9elle, partie imaginaire, amplitude et phase.<\/span><\/p>\n<\/div>\n<div style=\"text-align:center;\"><img loading=\"lazy\" decoding=\"async\" width=\"500\" height=\"87\" alt=\"\" src=\"https:\/\/www.extende.com\/wp-content\/uploads\/Tube-Tournante-Tableau-50kHz.png\" class=\"alignnone wp-image-3609\" srcset=\"https:\/\/www.extende.com\/wp-content\/uploads\/Tube-Tournante-Tableau-50kHz.png 500w, https:\/\/www.extende.com\/wp-content\/uploads\/Tube-Tournante-Tableau-50kHz-300x52.png 300w\" sizes=\"auto, (max-width: 500px) 100vw, 500px\" \/><\/p>\n<p><span class=\"couleur3\"> Tableau de comparaison CIVA\/Exp\u00e9rience des valeurs d\u2019amplitude et phase \u00e0 50 kHz.<\/span><\/p>\n<\/div>\n<h2 class=\"titre-paragraphe\">100 kHz<\/h2>\n<\/p>\n<div style=\"text-align:center;\"><img loading=\"lazy\" decoding=\"async\" width=\"600\" height=\"353\" alt=\"\" src=\"https:\/\/www.extende.com\/wp-content\/uploads\/Tube-Tournante-Resultats-100kHz.png\" class=\"alignnone wp-image-3610\" srcset=\"https:\/\/www.extende.com\/wp-content\/uploads\/Tube-Tournante-Resultats-100kHz.png 600w, https:\/\/www.extende.com\/wp-content\/uploads\/Tube-Tournante-Resultats-100kHz-300x177.png 300w\" sizes=\"auto, (max-width: 600px) 100vw, 600px\" \/><\/p>\n<p><span class=\"couleur3\"> Comparaison CIVA\/Exp\u00e9rience \u00e0 100 KHz. A gauche : courbe de Lissajous, \u00e0 droite de haut en bas : partie r\u00e9elle, partie imaginaire, amplitude et phase.<\/span><\/p>\n<\/div>\n<div style=\"text-align:center;\"><img loading=\"lazy\" decoding=\"async\" width=\"500\" height=\"85\" alt=\"\" src=\"https:\/\/www.extende.com\/wp-content\/uploads\/Tube-Tournante-Tableau-100kHz.png\" class=\"alignnone wp-image-3611\" srcset=\"https:\/\/www.extende.com\/wp-content\/uploads\/Tube-Tournante-Tableau-100kHz.png 500w, https:\/\/www.extende.com\/wp-content\/uploads\/Tube-Tournante-Tableau-100kHz-300x51.png 300w\" sizes=\"auto, (max-width: 500px) 100vw, 500px\" \/><\/p>\n<p><span class=\"couleur3\"> Tableau de comparaison CIVA\/Exp\u00e9rience des valeurs d\u2019amplitude et phase \u00e0 100 kHz.<\/span><\/p>\n<\/div>\n<h2 class=\"titre-paragraphe\">150 kHz<\/h2>\n<\/p>\n<div style=\"text-align:center;\"><img loading=\"lazy\" decoding=\"async\" width=\"600\" height=\"352\" alt=\"\" src=\"https:\/\/www.extende.com\/wp-content\/uploads\/Tube-Tournante-Resultats-150kHz.png\" class=\"alignnone wp-image-3612\" srcset=\"https:\/\/www.extende.com\/wp-content\/uploads\/Tube-Tournante-Resultats-150kHz.png 600w, https:\/\/www.extende.com\/wp-content\/uploads\/Tube-Tournante-Resultats-150kHz-300x176.png 300w\" sizes=\"auto, (max-width: 600px) 100vw, 600px\" \/><\/p>\n<p><span class=\"couleur3\"> Comparaison CIVA\/Exp\u00e9rience \u00e0 150 KHz. A gauche : courbe de Lissajous, \u00e0 droite de haut en bas : partie r\u00e9elle, partie imaginaire, amplitude et phase.<\/span><\/p>\n<\/div>\n<div style=\"text-align:center;\"><img loading=\"lazy\" decoding=\"async\" width=\"500\" height=\"87\" alt=\"\" src=\"https:\/\/www.extende.com\/wp-content\/uploads\/Tube-Tournante-Tableau-150kHz.png\" class=\"alignnone wp-image-3613\" srcset=\"https:\/\/www.extende.com\/wp-content\/uploads\/Tube-Tournante-Tableau-150kHz.png 500w, https:\/\/www.extende.com\/wp-content\/uploads\/Tube-Tournante-Tableau-150kHz-300x52.png 300w\" sizes=\"auto, (max-width: 500px) 100vw, 500px\" \/><\/p>\n<p><span class=\"couleur3\"> Tableau de comparaison CIVA\/Exp\u00e9rience des valeurs d\u2019amplitude et phase \u00e0 150 kHz.<\/span><\/p>\n<\/div>\n<h2 class=\"titre-paragraphe\">200 kHz<\/h2>\n<\/p>\n<div style=\"text-align:center;\"><img loading=\"lazy\" decoding=\"async\" width=\"600\" height=\"353\" alt=\"\" src=\"https:\/\/www.extende.com\/wp-content\/uploads\/Tube-Tournante-Resultats-200kHz.png\" class=\"alignnone wp-image-3614\" srcset=\"https:\/\/www.extende.com\/wp-content\/uploads\/Tube-Tournante-Resultats-200kHz.png 600w, https:\/\/www.extende.com\/wp-content\/uploads\/Tube-Tournante-Resultats-200kHz-300x177.png 300w\" sizes=\"auto, (max-width: 600px) 100vw, 600px\" \/><\/p>\n<p><span class=\"couleur3\"> Comparaison CIVA\/Exp\u00e9rience \u00e0 200 KHz. A gauche : courbe de Lissajous, \u00e0 droite de haut en bas : partie r\u00e9elle, partie imaginaire, amplitude et phase.<\/span><\/p>\n<\/div>\n<div style=\"text-align:center;\"><img loading=\"lazy\" decoding=\"async\" width=\"500\" height=\"84\" alt=\"\" src=\"https:\/\/www.extende.com\/wp-content\/uploads\/Tube-Tournante-Tableau-200kHz.png\" class=\"alignnone wp-image-3615\" srcset=\"https:\/\/www.extende.com\/wp-content\/uploads\/Tube-Tournante-Tableau-200kHz.png 500w, https:\/\/www.extende.com\/wp-content\/uploads\/Tube-Tournante-Tableau-200kHz-300x50.png 300w\" sizes=\"auto, (max-width: 500px) 100vw, 500px\" \/><\/p>\n<p><span class=\"couleur3\"> Tableau de comparaison CIVA\/Exp\u00e9rience des valeurs d\u2019amplitude et phase \u00e0 200 kHz.<\/span><\/p>\n<\/div>\n<p>Enfin, deux graphes de synth\u00e8se superposent les courbes de CIVA et de l\u2019exp\u00e9rience, le premier montrant l\u2019\u00e9volution de l\u2019amplitude en fonction de la fr\u00e9quence et le deuxi\u00e8me repr\u00e9sentant l\u2019\u00e9volution de la phase en fonction de la fr\u00e9quence.<\/p>\n<\/p>\n<div style=\"text-align:center;\"><img loading=\"lazy\" decoding=\"async\" width=\"500\" height=\"345\" alt=\"\" src=\"https:\/\/www.extende.com\/wp-content\/uploads\/Tube-Tournante-Graphe-Amplitude.png\" class=\"alignnone wp-image-3616\" srcset=\"https:\/\/www.extende.com\/wp-content\/uploads\/Tube-Tournante-Graphe-Amplitude.png 500w, https:\/\/www.extende.com\/wp-content\/uploads\/Tube-Tournante-Graphe-Amplitude-300x207.png 300w\" sizes=\"auto, (max-width: 500px) 100vw, 500px\" \/><\/p>\n<p><span class=\"couleur3\"> Evolution de l\u2019amplitude du signal en fonction de la fr\u00e9quence pour CIVA et l\u2019exp\u00e9rience.<\/span><\/p>\n<\/div>\n<div style=\"text-align:center;\"><img loading=\"lazy\" decoding=\"async\" width=\"500\" height=\"351\" alt=\"\" src=\"https:\/\/www.extende.com\/wp-content\/uploads\/Tube-Tournante-Graphe-Phase.png\" class=\"alignnone wp-image-3617\" srcset=\"https:\/\/www.extende.com\/wp-content\/uploads\/Tube-Tournante-Graphe-Phase.png 500w, https:\/\/www.extende.com\/wp-content\/uploads\/Tube-Tournante-Graphe-Phase-300x211.png 300w\" sizes=\"auto, (max-width: 500px) 100vw, 500px\" \/><\/p>\n<p><span class=\"couleur3\"> Evolution de la phase du signal en fonction de la fr\u00e9quence pour CIVA et l\u2019exp\u00e9rience.<\/span><\/p>\n<\/div>\n<p>Le bon accord entre CIVA et l\u2019exp\u00e9rience est de nouveau confirm\u00e9 par ces graphes.<\/p>\n<\/p>\n<p>\u00a0<\/p>\n<\/p>\n<p>Continuer vers <a href=\"https:\/\/www.extende.com\/fr\/la-simulation-cnd\/documentation\/validation-experimentale-des-modeles-civa\/validation-experimentale-des-modeles-civa-en-courants-de-foucault\/tubes\/inspection-de-tube-avec-une-bobine-encerclante\/\"><span style=\"font-weight: bolder;\">INSPECTION DE TUBE AVEC\u00a0UNE BOBINE ENCERCLANTE<\/span><\/a><\/p>\n<\/p>\n<p>Retourner \u00e0\u00a0<a href=\"https:\/\/www.extende.com\/fr\/la-simulation-cnd\/documentation\/validation-experimentale-des-modeles-civa\/validation-experimentale-des-modeles-civa-en-courants-de-foucault\/tubes\/inspection-de-tube-gv-avec-une-sonde-sax\/\"><span style=\"font-weight: bolder;\">INSPECTION DE TUBE\u00a0GV AVEC UNE SONDE AXIALE<\/span><\/a><span style=\"font-weight: bolder;\"><\/span><span style=\"font-weight: bolder;\"><\/span><\/p>\n<\/p>\n<p>Retourner \u00e0\u00a0<a href=\"https:\/\/www.extende.com\/fr\/la-simulation-cnd\/documentation\/validation-experimentale-des-modeles-civa\/validation-experimentale-des-modeles-civa-en-courants-de-foucault\/tubes\/\"><span style=\"font-weight: bolder;\">TUBES<\/span><\/a><span style=\"font-weight: bolder;\"><span style=\"line-height: 1.5em;\"><\/span><\/span><\/p>\n<\/p>\n<p><a href=\"https:\/\/www.extende.com\/fr\/tubes-validation-cf\"><strong><span style=\"line-height: 1.5em;\"><\/span><\/strong><\/a><\/p><\/p>\n","protected":false},"excerpt":{"rendered":"<p>Validation exp\u00e9rimentale et caract\u00e9risation des mod\u00e8les Ultrasons de CIVA, \u00e9chos de coin en ondes L, logiciel de simulation CND<\/p>\n","protected":false},"author":0,"featured_media":0,"parent":2930,"menu_order":1,"comment_status":"closed","ping_status":"closed","template":"templates\/page--extende.html.php","meta":{"_acf_changed":false,"footnotes":""},"class_list":["post-3619","page","type-page","status-publish","hentry"],"acf":[],"_links":{"self":[{"href":"https:\/\/www.extende.com\/fr\/wp-json\/wp\/v2\/pages\/3619","targetHints":{"allow":["GET"]}}],"collection":[{"href":"https:\/\/www.extende.com\/fr\/wp-json\/wp\/v2\/pages"}],"about":[{"href":"https:\/\/www.extende.com\/fr\/wp-json\/wp\/v2\/types\/page"}],"replies":[{"embeddable":true,"href":"https:\/\/www.extende.com\/fr\/wp-json\/wp\/v2\/comments?post=3619"}],"version-history":[{"count":1,"href":"https:\/\/www.extende.com\/fr\/wp-json\/wp\/v2\/pages\/3619\/revisions"}],"predecessor-version":[{"id":5633,"href":"https:\/\/www.extende.com\/fr\/wp-json\/wp\/v2\/pages\/3619\/revisions\/5633"}],"up":[{"embeddable":true,"href":"https:\/\/www.extende.com\/fr\/wp-json\/wp\/v2\/pages\/2930"}],"wp:attachment":[{"href":"https:\/\/www.extende.com\/fr\/wp-json\/wp\/v2\/media?parent=3619"}],"curies":[{"name":"wp","href":"https:\/\/api.w.org\/{rel}","templated":true}]}}