{"id":3642,"date":"2025-06-24T18:35:19","date_gmt":"2025-06-24T16:35:19","guid":{"rendered":""},"modified":"2025-06-24T18:52:13","modified_gmt":"2025-06-24T16:52:13","slug":"rt-cale-a-gradin-en-acier-ferritique-et-dural-protocole-experimental","status":"publish","type":"page","link":"https:\/\/www.extende.com\/fr\/la-simulation-cnd\/documentation\/validation-experimentale-des-modeles-civa\/validation-experimentale-des-modeles-civa-en-radiographie\/cale-a-gradin-en-acier-ferritique-et-dural\/rt-cale-a-gradin-en-acier-ferritique-et-dural-protocole-experimental\/","title":{"rendered":"RT &#8211; Cale \u00e0 gradin en acier ferritique et Dural &#8211; Protocole exp\u00e9rimental"},"content":{"rendered":"<p>Deux bancs de mesures ont \u00e9t\u00e9 utilis\u00e9s, selon que le d\u00e9tecteur utilis\u00e9 \u00e9tait un capteur plan ou un \u00e9cran photostimulable.<\/p>\n<\/p>\n<h2 class=\"titre-accordeon\">Cales radiographi\u00e9es<\/h2>\n<\/p>\n<p>Les cales \u00e9tudi\u00e9es sont dites \u00ab\u00a0\u00e0 gradins\u00a0\u00bb. Ce sont des plaques de m\u00e9tal (Dural et acier ferritique) planes, comportant des marches r\u00e9guli\u00e8rement espac\u00e9es mais de hauteur non-constante, ainsi que 2 s\u00e9ries de trous, eux aussi r\u00e9guli\u00e8rement espac\u00e9s mais de profondeurs et de diam\u00e8tres diff\u00e9rents.<\/p>\n<\/p>\n<p>\u00a0<\/p>\n<\/p>\n<p>Les dimensions de chaque cale sont\u00a0:<\/p>\n<\/p>\n<ul class=\"liste-carres-noirs\">\n<li>200\u00a0mm de longueur,<\/li>\n<li>120\u00a0mm de largeur,<\/li>\n<li>10\u00a0mm d\u2019\u00e9paisseur pour la cale en acier ferritique et 9,6\u00a0mm pour la cale en Dural.<\/li>\n<\/ul>\n<p>\u00a0<\/p>\n<\/p>\n<p style=\"text-align:center;\"><a class=\"mediabox\" href=\"https:\/\/www.extende.com\/wp-content\/uploads\/Cale_a_gradin_vue_3D.png\" title=\"\"><img loading=\"lazy\" decoding=\"async\" alt=\"\" class=\"mediabox alignnone wp-image-3636\" height=\"200\" src=\"https:\/\/www.extende.com\/wp-content\/uploads\/Cale_a_gradin_vue_3D.png\" title=\"\" width=\"350\"><\/a><\/p>\n<\/p>\n<p style=\"text-align:center;\"><span class=\"g-couleur3\">Vue 3D d&rsquo;une cale radiographi\u00e9e<\/span><\/p>\n<\/p>\n<p>Les valeurs relev\u00e9es sur les reliefs des deux cales sont not\u00e9es ci-dessous. Les dimensions non-renseign\u00e9es sont celles pour lesquelles il a \u00e9t\u00e9 impossible de faire la mesure (diam\u00e8tre des trous trop petit ou en dessous de la r\u00e9solution du dispositif de mesure).<\/p>\n<\/p>\n<div style=\"text-align:center;\">\n<table border=\"1\" cellpadding=\"2\" cellspacing=\"0\" style=\"text-align: center;\">\n<tbody>\n<tr>\n<td style=\"width: 77px;\">Relief<\/td>\n<td style=\"width: 232px;\">Profondeur mesur\u00e9e\u00a0: cale en Dural (mm)<\/td>\n<td style=\"width: 283px;\">Profondeur mesur\u00e9e\u00a0: cale en acier ferritique (mm)<\/td>\n<\/tr>\n<tr>\n<td style=\"width: 77px;\">Trou n\u00b01<\/td>\n<td style=\"width: 232px;\">6,0<\/td>\n<td style=\"width: 283px;\">5,2<\/td>\n<\/tr>\n<tr>\n<td style=\"width: 77px;\">Trou n\u00b02<\/td>\n<td style=\"width: 232px;\">4,7<\/td>\n<td style=\"width: 283px;\">3,9<\/td>\n<\/tr>\n<tr>\n<td style=\"width: 77px;\">Trou n\u00b03<\/td>\n<td style=\"width: 232px;\">3,6<\/td>\n<td style=\"width: 283px;\">3,4<\/td>\n<\/tr>\n<tr>\n<td style=\"width: 77px;\">Trou n\u00b04<\/td>\n<td style=\"width: 232px;\">2,3<\/td>\n<td style=\"width: 283px;\">1,8<\/td>\n<\/tr>\n<tr>\n<td style=\"width: 77px;\">Trou n\u00b05<\/td>\n<td style=\"width: 232px;\">&#8211;<\/td>\n<td style=\"width: 283px;\">&#8211;<\/td>\n<\/tr>\n<tr>\n<td style=\"width: 77px;\">Trou n\u00b06<\/td>\n<td style=\"width: 232px;\">&#8211;<\/td>\n<td style=\"width: 283px;\">&#8211;<\/td>\n<\/tr>\n<tr>\n<td style=\"width: 77px;\">Trou n\u00b07<\/td>\n<td style=\"width: 232px;\">4,6<\/td>\n<td style=\"width: 283px;\">4<\/td>\n<\/tr>\n<tr>\n<td style=\"width: 77px;\">Trou n\u00b08<\/td>\n<td style=\"width: 232px;\">3,5<\/td>\n<td style=\"width: 283px;\">3,4<\/td>\n<\/tr>\n<tr>\n<td style=\"width: 77px;\">Trou n\u00b09<\/td>\n<td style=\"width: 232px;\">2,4<\/td>\n<td style=\"width: 283px;\">1,9<\/td>\n<\/tr>\n<tr>\n<td style=\"width: 77px;\">Trou n\u00b010<\/td>\n<td style=\"width: 232px;\">&#8211;<\/td>\n<td style=\"width: 283px;\">&#8211;<\/td>\n<\/tr>\n<tr>\n<td style=\"width: 77px;\">Trou n\u00b011<\/td>\n<td style=\"width: 232px;\">&#8211;<\/td>\n<td style=\"width: 283px;\">&#8211;<\/td>\n<\/tr>\n<tr>\n<td style=\"width: 77px;\">Marche n\u00b01<\/td>\n<td style=\"width: 232px;\">5<\/td>\n<td style=\"width: 283px;\">5,3<\/td>\n<\/tr>\n<tr>\n<td style=\"width: 77px;\">Marche n\u00b02<\/td>\n<td style=\"width: 232px;\">2<\/td>\n<td style=\"width: 283px;\">2,2<\/td>\n<\/tr>\n<tr>\n<td style=\"width: 77px;\">Marche n\u00b03<\/td>\n<td style=\"width: 232px;\">1<\/td>\n<td style=\"width: 283px;\">1,2<\/td>\n<\/tr>\n<tr>\n<td style=\"width: 77px;\">Marche n\u00b04<\/td>\n<td style=\"width: 232px;\">0,5<\/td>\n<td style=\"width: 283px;\">0,4<\/td>\n<\/tr>\n<tr>\n<td style=\"width: 77px;\">Marche n\u00b05<\/td>\n<td style=\"width: 232px;\">0,2<\/td>\n<td style=\"width: 283px;\">0,3<\/td>\n<\/tr>\n<tr>\n<td style=\"width: 77px;\">Marche n\u00b06<\/td>\n<td style=\"width: 232px;\">0,1<\/td>\n<td style=\"width: 283px;\">0,2<\/td>\n<\/tr>\n<tr>\n<td style=\"width: 77px;\">Marche n\u00b07<\/td>\n<td style=\"width: 232px;\">&#8211;<\/td>\n<td style=\"width: 283px;\">&#8211;<\/td>\n<\/tr>\n<\/tbody>\n<\/table>\n<\/div>\n<p>\u00a0<\/p>\n<\/p>\n<p>Les masses volumiques ont \u00e9t\u00e9 mesur\u00e9es respectivement \u00e0 2,76 g.cm<sup>-3<\/sup> et 7,87 g.cm<sup>-3 <\/sup>pour la cale en Dural et la cale en acier ferritique.<\/p>\n<\/p>\n<p>\u00a0<\/p>\n<\/p>\n<h2 class=\"titre-accordeon\">Banc de mesure capteur plan<\/h2>\n<\/p>\n<p>Le banc de mesure pour les acquisitions effectu\u00e9es \u00e0 l\u2019aide du capteur plan est pr\u00e9sent\u00e9 ci-dessous.<\/p>\n<\/p>\n<p>\u00a0<\/p>\n<\/p>\n<p style=\"text-align:center;\"><a class=\"mediabox\" href=\"https:\/\/www.extende.com\/wp-content\/uploads\/banc_mesure_capteur_plan_FR.png\" title=\"\"><img loading=\"lazy\" decoding=\"async\" alt=\"\" class=\"mediabox alignnone wp-image-3640\" height=\"350\" src=\"https:\/\/www.extende.com\/wp-content\/uploads\/banc_mesure_capteur_plan_FR.png\" title=\"\" width=\"450\"><\/a><\/p>\n<\/p>\n<p style=\"text-align:center;\"><span class=\"g-couleur3\">Configuration exp\u00e9rimentale pour les mesures avec \u00e9crans plats<\/span><\/p>\n<\/p>\n<p>Il est constitu\u00e9 d\u2019un support de positionnement des pi\u00e8ces \u00e0 radiographier, autour duquel deux robots viennent positionner la source d\u2019irradiation et le d\u00e9tecteur. La source d\u2019irradiation est un g\u00e9n\u00e9rateur X micro-foyer (2\u00a0\u00b5m) de marque VISCOM, dont la tension de fonctionnement est r\u00e9glable de 30\u00a0kV \u00e0 225\u00a0kV, pour une puissance maximum de fonctionnement de 320\u00a0W. Le d\u00e9tecteur est un capteur plan de marque PERKIN-ELMER, r\u00e9f\u00e9rence XRD\u00a00822\u00a0AP. Il est constitu\u00e9 d\u2019un scintillateur CsI de plusieurs centaines de microns d\u2019\u00e9paisseur, d\u00e9pos\u00e9 sur une matrice de 1024\u00a0x\u00a01024 photodiodes de 200\u00a0x\u00a0200 \u00b5m\u00b2 de surface. La surface photosensible du d\u00e9tecteur est prot\u00e9g\u00e9e par une plaque d\u2019aluminium \u00e9paisse de 750\u00a0\u00b5m.<\/p>\n<\/p>\n<p>Les acquisitions sur la <span class=\"g-color2\">cale en Dural<\/span> ont \u00e9t\u00e9 effectu\u00e9es avec une<span class=\"g-color2\"> tension d\u2019acc\u00e9l\u00e9ration de 100 kV et une intensit\u00e9 de 800\u00a0\u00b5A<\/span>. En plus du filtre de 1\u00a0mm d\u2019aluminium int\u00e9gr\u00e9 au g\u00e9n\u00e9rateur VISCOM, un second filtre d\u2019aluminium d\u2019\u00e9paisseur 1\u00a0mm a \u00e9t\u00e9 utilis\u00e9.<\/p>\n<\/p>\n<p>La cale est positionn\u00e9e contre le d\u00e9tecteur, et la distance source-d\u00e9tecteur fix\u00e9e \u00e0 60\u00a0cm.<\/p>\n<\/p>\n<p>Les acquisitions sur la <span class=\"g-color2\">cale en acier ferritique<\/span> ont \u00e9t\u00e9 effectu\u00e9es avec une <span class=\"g-color2\">tension d\u2019acc\u00e9l\u00e9ration de 200\u00a0kV et une intensit\u00e9 de 800\u00a0\u00b5A<\/span>. En plus du filtre de 1\u00a0mm d\u2019aluminium int\u00e9gr\u00e9 au g\u00e9n\u00e9rateur VISCOM, un second filtre de cuivre d\u2019\u00e9paisseur 1,2\u00a0mm a \u00e9t\u00e9 utilis\u00e9.<\/p>\n<\/p>\n<p>La cale est positionn\u00e9e contre le d\u00e9tecteur, et la distance source-d\u00e9tecteur fix\u00e9e \u00e0 60 cm.<\/p>\n<\/p>\n<p>\u00a0<\/p>\n<\/p>\n<p>Dans le cas du capteur plan, chaque acquisition a \u00e9t\u00e9 corrig\u00e9e d\u2019une image de noir obtenue en faisant la moyenne de 60 acquisitions sans irradiation, de telle sorte que le bruit intrins\u00e8que du d\u00e9tecteur soit n\u00e9gligeable par rapport au niveau de gris mesur\u00e9 en tout point. La r\u00e9manence du capteur a \u00e9t\u00e9 prise en compte en effectuant ces acquisitions avant irradiation. L\u2019uniformit\u00e9 de la r\u00e9ponse du d\u00e9tecteur, mesur\u00e9e approximativement \u00e0 1%, n\u2019a pas fait l\u2019objet d\u2019une correction.<\/p>\n<\/p>\n<p>Les \u00e9cart-types sur la r\u00e9ponse moyenne ont \u00e9t\u00e9 calcul\u00e9s en analysant la distribution des niveaux de gris, sur une r\u00e9gion d\u2019int\u00e9r\u00eat, de la diff\u00e9rence de deux images obtenues successivement, dans des conditions identiques, et en multipliant le r\u00e9sultat obtenu par un facteur \u00a0(var(X-Y) = var(X) + var(Y)) pour deux variables al\u00e9atoires ind\u00e9pendantes. On s\u2019affranchit de cette fa\u00e7on des d\u00e9fauts de sensibilit\u00e9 syst\u00e9matiques du capteur dans l\u2019estimation du bruit de mesure.<\/p>\n<\/p>\n<h2 class=\"titre-accordeon\">Banc de mesure \u00e9cran photostimulable<\/h2>\n<\/p>\n<p>Le banc de mesure pour les acquisitions effectu\u00e9es \u00e0 l\u2019aide d\u2019\u00e9cran photostimulable est pr\u00e9sent\u00e9 ci-dessous.<\/p>\n<\/p>\n<p>\u00a0<\/p>\n<\/p>\n<p style=\"text-align:center;\"><a class=\"mediabox\" href=\"https:\/\/www.extende.com\/wp-content\/uploads\/banc_mesure_photostimulable_FR.png\" title=\"\"><img loading=\"lazy\" decoding=\"async\" alt=\"\" class=\"mediabox alignnone wp-image-3641\" height=\"350\" src=\"https:\/\/www.extende.com\/wp-content\/uploads\/banc_mesure_photostimulable_FR.png\" title=\"\" width=\"450\"><\/a><\/p>\n<\/p>\n<p style=\"text-align:center;\"><span class=\"g-couleur3\">Configuration exp\u00e9rimentale pour les mesures avec \u00e9crans photostimulables<\/span><\/p>\n<\/p>\n<p>Le g\u00e9n\u00e9rateur X utilis\u00e9 de marque YXLON mod\u00e8le Y.TU 450-D09 fournit des photons jusqu\u2019\u00e0 450 keV, avec une puissance de 1,5 kW\u00a0; son foyer a un diam\u00e8tre de 400 \u00b5m. Il est soutenu par une potence et orient\u00e9 de telle sorte que l\u2019axe d\u2019irradiation soit vertical. La cale \u00e0 radiographier, plac\u00e9e directement sur l\u2019\u00e9cran photostimulable, est maintenue en position sur cet axe. Les \u00e9crans photostimulables utilis\u00e9s sont de marque D\u00dcRR NDT, mod\u00e8le 10&#215;48 HR (version haute-r\u00e9solution). Apr\u00e8s irradiation, ils sont num\u00e9ris\u00e9s \u00e0 l\u2019aide d\u2019un scanner GE FS50B. La r\u00e9solution de ce dispositif de num\u00e9risation est de 493 points par pouce, soit environ 50 \u00b5m.<\/p>\n<\/p>\n<p>Pour la cale en Dural, la tension d\u2019acc\u00e9l\u00e9ration du g\u00e9n\u00e9rateur a \u00e9t\u00e9 r\u00e9gl\u00e9e \u00e0 100 kV, son intensit\u00e9 \u00e0 500 \u00b5A. Un filtre d\u2019aluminium de 3 mm d\u2019\u00e9paisseur est positionn\u00e9 entre le g\u00e9n\u00e9rateur et la cale, distants de 1 m.<\/p>\n<\/p>\n<p>Les acquisitions pour la cale en acier ferritique ont \u00e9t\u00e9 obtenues avec une tension d\u2019acc\u00e9l\u00e9ration de 200 kV, les autres param\u00e8tres restant constants.<\/p>\n<\/p>\n<p>\u00a0<\/p>\n<\/p>\n<p>L\u2019\u00e9valuation du bruit de mesure n\u2019est faite qu\u2019\u00e0 partir d\u2019une seule acquisition. L\u2019\u00e9cart type sur la r\u00e9ponse du d\u00e9tecteur, mesur\u00e9 dans une r\u00e9gion d\u2019int\u00e9r\u00eat, prend donc en compte \u00e9galement les effets syst\u00e9matiques (\u00e9raflures, plan\u00e9it\u00e9 de la cale, variation locale de sensibilit\u00e9 du d\u00e9tecteur), et le bruit de mesure est donc sur\u00e9valu\u00e9.<\/p>\n<\/p>\n<p>\u00a0<\/p>\n<\/p>\n<p>Continuer vers <a class=\"lien\" href=\"https:\/\/www.extende.com\/fr\/la-simulation-cnd\/documentation\/validation-experimentale-des-modeles-civa\/validation-experimentale-des-modeles-civa-en-radiographie\/cale-a-gradin-en-acier-ferritique-et-dural\/rt-cale-a-gradin-en-acier-ferritique-et-dural-modelisation-avec-civa\/\" target=\"_self\">Mod\u00e9lisation avec CIVA<\/a><\/p>\n<\/p>\n<p>Retourner au menu <a class=\"lien\" href=\"https:\/\/www.extende.com\/fr\/la-simulation-cnd\/documentation\/validation-experimentale-des-modeles-civa\/validation-experimentale-des-modeles-civa-en-radiographie\/cale-a-gradin-en-acier-ferritique-et-dural\/\" target=\"_self\">Cale \u00e0 gradins en acier ferritique et Dural<\/a><\/p><\/p>\n","protected":false},"excerpt":{"rendered":"<p>Deux bancs de mesures ont \u00e9t\u00e9 utilis\u00e9s, selon que le d\u00e9tecteur utilis\u00e9 \u00e9tait un capteur plan ou un \u00e9cran photostimulable. Cales radiographi\u00e9es Les cales \u00e9tudi\u00e9es sont dites \u00ab\u00a0\u00e0 gradins\u00a0\u00bb. Ce sont des plaques de m\u00e9tal (Dural et acier ferritique) planes, comportant des marches r\u00e9guli\u00e8rement espac\u00e9es mais de hauteur non-constante, ainsi que 2 s\u00e9ries de trous, [&hellip;]<\/p>\n","protected":false},"author":0,"featured_media":0,"parent":2932,"menu_order":0,"comment_status":"closed","ping_status":"closed","template":"templates\/page--extende.html.php","meta":{"_acf_changed":false,"footnotes":""},"class_list":["post-3642","page","type-page","status-publish","hentry"],"acf":[],"_links":{"self":[{"href":"https:\/\/www.extende.com\/fr\/wp-json\/wp\/v2\/pages\/3642","targetHints":{"allow":["GET"]}}],"collection":[{"href":"https:\/\/www.extende.com\/fr\/wp-json\/wp\/v2\/pages"}],"about":[{"href":"https:\/\/www.extende.com\/fr\/wp-json\/wp\/v2\/types\/page"}],"replies":[{"embeddable":true,"href":"https:\/\/www.extende.com\/fr\/wp-json\/wp\/v2\/comments?post=3642"}],"version-history":[{"count":1,"href":"https:\/\/www.extende.com\/fr\/wp-json\/wp\/v2\/pages\/3642\/revisions"}],"predecessor-version":[{"id":5628,"href":"https:\/\/www.extende.com\/fr\/wp-json\/wp\/v2\/pages\/3642\/revisions\/5628"}],"up":[{"embeddable":true,"href":"https:\/\/www.extende.com\/fr\/wp-json\/wp\/v2\/pages\/2932"}],"wp:attachment":[{"href":"https:\/\/www.extende.com\/fr\/wp-json\/wp\/v2\/media?parent=3642"}],"curies":[{"name":"wp","href":"https:\/\/api.w.org\/{rel}","templated":true}]}}