{"id":3646,"date":"2025-06-24T18:35:22","date_gmt":"2025-06-24T16:35:22","guid":{"rendered":""},"modified":"2025-06-24T18:52:13","modified_gmt":"2025-06-24T16:52:13","slug":"rt-cale-a-gradin-en-acier-ferritique-et-dural-modelisation-avec-civa","status":"publish","type":"page","link":"https:\/\/www.extende.com\/fr\/la-simulation-cnd\/documentation\/validation-experimentale-des-modeles-civa\/validation-experimentale-des-modeles-civa-en-radiographie\/cale-a-gradin-en-acier-ferritique-et-dural\/rt-cale-a-gradin-en-acier-ferritique-et-dural-modelisation-avec-civa\/","title":{"rendered":"RT &#8211; Cale \u00e0 gradin en acier ferritique et Dural &#8211; Mod\u00e9lisation avec CIVA"},"content":{"rendered":"<h2 class=\"titre-accordeon\">Pi\u00e8ces \u00e9tudi\u00e9es<\/h2>\n<\/p>\n<p>Dans <span class=\"g-color1\">CIVA<\/span>, les marches de la cale ont \u00e9t\u00e9 mod\u00e9lis\u00e9es directement dans la g\u00e9om\u00e9trie de la pi\u00e8ce, et les trous ajout\u00e9s comme des \u00ab\u00a0d\u00e9fauts\u00a0\u00bb d\u2019air. Les dimensions mod\u00e9lis\u00e9es sont celles sp\u00e9cifi\u00e9es dans le protocole exp\u00e9rimental.<\/p>\n<\/p>\n<p>La composition de la cale en Dural est un m\u00e9lange de 95% d\u2019aluminium (en masse) et de 5% de cuivre, avec une masse volumique telle que mesur\u00e9e.<\/p>\n<\/p>\n<p>Pour la cale en acier ferritique, le mod\u00e8le de mat\u00e9riau du m\u00eame nom propos\u00e9 par <span class=\"g-color1\">CIVA<\/span> a \u00e9t\u00e9 utilis\u00e9.<\/p>\n<\/p>\n<p>\u00a0<\/p>\n<\/p>\n<h2 class=\"titre-accordeon\">Sources de rayons X<\/h2>\n<\/p>\n<p>Les sources de radiographie ont \u00e9t\u00e9 mod\u00e9lis\u00e9es \u00e0 l\u2019aide des spectres en r\u00e9flexion propos\u00e9s par <span class=\"g-color1\">CIVA<\/span> (100 kV pour la cale en Dural, 200 kV pour la cale en acier ferritique).<\/p>\n<\/p>\n<p>Les filtres \u00e9ventuels ont \u00e9t\u00e9 ajout\u00e9s en respectant leur \u00e9paisseur et leur nature (\u00e9l\u00e9ments choisis dans la librairie <span class=\"g-color1\">CIVA<\/span>).<\/p>\n<\/p>\n<p>\u00a0<\/p>\n<\/p>\n<h2 class=\"titre-accordeon\">D\u00e9tecteurs<\/h2>\n<\/p>\n<p>Capteurs plans et \u00e9crans photostimulables ont \u00e9t\u00e9 mod\u00e9lis\u00e9s \u00e0 l\u2019aide, d\u2019une part, du mod\u00e8le de d\u00e9tecteur \u00ab\u00a0\u00e9cran plat\u00a0\u00bb et d\u2019autre part du mod\u00e8le \u00ab\u00a0\u00e9cran photostimulable\u00a0\u00bb propos\u00e9e par <span class=\"g-color1\">CIVA<\/span>.<\/p>\n<\/p>\n<p>Pour les mod\u00e8les \u00ab\u00a0d\u00e9tecteur standard\u00a0\u00bb, ou \u00ab\u00a0\u00e9cran photostimulable\u00a0\u00bb, les param\u00e8tres qui influent sur la r\u00e9ponse du d\u00e9tecteur et sur lesquels on peut jouer sont le gain, la DQE (Detective Quantum Efficiency) et l\u2019\u00e9paisseur de la couche photosensible (via la s\u00e9lection des modes \u00ab\u00a0haute r\u00e9solution\u00a0\u00bb ou \u00ab\u00a0haute sensibilit\u00e9\u00a0\u00bb pour les \u00e9crans photostimulables).<\/p>\n<\/p>\n<p>Nous avons choisi de fixer les valeurs de DQE demand\u00e9es, interpr\u00e9t\u00e9es comme \u00e9tant des valeurs \u00e0 une fr\u00e9quence spatiale nulle, \u00e0 des valeurs r\u00e9alistes telles qu\u2019on peut les trouver dans la litt\u00e9rature\u00a0: DQE = 0,6 pour les capteurs plans, DQE = 0,2 pour les \u00e9crans photostimulables.<\/p>\n<\/p>\n<p>Les param\u00e8tres \u00ab\u00a0gain\u00a0\u00bb et \u00ab\u00a0\u00e9paisseur\u00a0\u00bb (dans le cas du mod\u00e8le \u00ab\u00a0d\u00e9tecteur standard\u00a0\u00bb) ont \u00e9t\u00e9 choisis pour obtenir la meilleure correspondance exp\u00e9rience \/ simulation. Le gain du d\u00e9tecteur pour le mod\u00e8le standard a \u00e9t\u00e9 fix\u00e9 pour l\u2019ensemble des simulations \u00e0 0.068, et celui du mod\u00e8le d\u2019\u00e9cran photostimulable \u00e0 0.027. Par ailleurs, les \u00e9carts exp\u00e9rience \/ simulation constat\u00e9s en utilisant une \u00e9paisseur de scintillateur (en CsI) de 1000 \u00b5m pour les simulations, offrant une meilleure correspondance que pour une \u00e9paisseur moindre.<\/p>\n<\/p>\n<p>\u00a0<\/p>\n<\/p>\n<h2 class=\"titre-accordeon\">G\u00e9om\u00e9trie<\/h2>\n<\/p>\n<p>La distance source-d\u00e9tecteur et la position de la cale par rapport au d\u00e9tecteur d\u00e9fini dans le protocole exp\u00e9rimental ont \u00e9t\u00e9 respect\u00e9es. Un d\u00e9centrage de la cale par rapport \u00e0 l\u2019axe source-d\u00e9tecteur dans le cas des exp\u00e9riences avec capteur plan a \u00e9galement \u00e9t\u00e9 pris en compte.<\/p>\n<\/p>\n<p>\u00a0<\/p>\n<\/p>\n<h2 class=\"titre-accordeon\">Param\u00e8tres de calcul<\/h2>\n<\/p>\n<p>Toutes les simulations ont \u00e9t\u00e9 effectu\u00e9es en consid\u00e9rant une source ponctuelle. En effet, m\u00eame dans le cas des exp\u00e9riences utilisant des \u00e9crans photostimulables, le flou induit par la taille du foyer, compte tenu de la position de la cale sur l\u2019axe source-d\u00e9tecteur, est n\u00e9gligeable par rapport \u00e0 la Fonction de Transfert de Modulation (FTM) propre au d\u00e9tecteur.<\/p>\n<\/p>\n<p>Le mod\u00e8le de bruit \u00ab\u00a0complet\u00a0\u00bb propos\u00e9 par <span class=\"g-color1\">CIVA<\/span> est utilis\u00e9, et un \u00ab\u00a0flou\u00a0\u00bb global est appliqu\u00e9 au d\u00e9tecteur, avec une FTM mod\u00e9lis\u00e9e pour s\u2019approcher au mieux d\u2019une caract\u00e9risation exp\u00e9rimentale de la r\u00e9ponse spatiale du d\u00e9tecteur. Dans le cas des capteurs plans, une fonction arc-tangente et une r\u00e9solution mesur\u00e9e de 0.23 mm sont utilis\u00e9es, et dans le cas des \u00e9crans photostimulables, une fonction gaussienne et une r\u00e9solution spatiale mesur\u00e9e de 0.285 mm sont appliqu\u00e9es.<\/p>\n<\/p>\n<p>L\u2019ensemble des simulations ont \u00e9t\u00e9 lanc\u00e9es d\u2019une part en mode \u00ab\u00a0calcul analytique\u00a0\u00bb, c\u2019est-\u00e0-dire en n\u00e9gligeant les interactions rayonnement-mati\u00e8re par application de la loi de Beer-Lambert (BL), en activant le mode \u00ab\u00a0absorption d\u2019\u00e9nergie\u00a0\u00bb lorsque cela est possible, et d\u2019autre part en mode \u00ab\u00a0Monte-Carlo\u00a0\u00bb (MC) pour prendre en compte les ph\u00e9nom\u00e8nes de diffusion. Dans ce dernier mode, l\u2019option \u00ab\u00a0mode acc\u00e9l\u00e9r\u00e9\u00a0\u00bb \u00e9tait activ\u00e9e (non-prise en compte des photons r\u00e9trodiffus\u00e9s), et le nombre de photons n\u00e9cessaires \u00e0 la simulation \u00e9tait d\u00e9termin\u00e9 automatiquement par le logiciel.<\/p>\n<\/p>\n<p>Les deux figures suivantes donnent un aper\u00e7u des mod\u00e8les cr\u00e9\u00e9s dans <span class=\"g-color1\">CIVA<\/span>, pour une simulation de radiographie de la cale en Dural avec un capteur plan et d\u2019une cale en acier ferritique avec un \u00e9cran photostimulable.<\/p>\n<\/p>\n<p>\u00a0<\/p>\n<\/p>\n<p style=\"text-align:center;\"><a class=\"mediabox\" href=\"https:\/\/www.extende.com\/wp-content\/uploads\/vue_3D_Dural_Capteur_plan.png\" title=\"\"><img loading=\"lazy\" decoding=\"async\" alt=\"\" class=\"mediabox alignnone wp-image-3643\" height=\"328\" src=\"https:\/\/www.extende.com\/wp-content\/uploads\/vue_3D_Dural_Capteur_plan.png\" title=\"\" width=\"376\" srcset=\"https:\/\/www.extende.com\/wp-content\/uploads\/vue_3D_Dural_Capteur_plan.png 627w, https:\/\/www.extende.com\/wp-content\/uploads\/vue_3D_Dural_Capteur_plan-300x261.png 300w, https:\/\/www.extende.com\/wp-content\/uploads\/vue_3D_Dural_Capteur_plan-600x522.png 600w\" sizes=\"auto, (max-width: 376px) 100vw, 376px\" \/><\/a><\/p>\n<\/p>\n<p style=\"text-align:center;\"><span class=\"g-couleur3\">Vue 3D du mod\u00e8le CIVA cre pour la cale en Dural avec capteur plan<\/span><\/p>\n<\/p>\n<p style=\"text-align:center;\"><a class=\"mediabox\" href=\"https:\/\/www.extende.com\/wp-content\/uploads\/vue_3D_acier_photostimulable.png\" title=\"\"><img loading=\"lazy\" decoding=\"async\" alt=\"\" class=\"mediabox alignnone wp-image-3644\" height=\"336\" src=\"https:\/\/www.extende.com\/wp-content\/uploads\/vue_3D_acier_photostimulable.png\" title=\"\" width=\"484\" srcset=\"https:\/\/www.extende.com\/wp-content\/uploads\/vue_3D_acier_photostimulable.png 807w, https:\/\/www.extende.com\/wp-content\/uploads\/vue_3D_acier_photostimulable-300x208.png 300w, https:\/\/www.extende.com\/wp-content\/uploads\/vue_3D_acier_photostimulable-768x533.png 768w, https:\/\/www.extende.com\/wp-content\/uploads\/vue_3D_acier_photostimulable-600x416.png 600w\" sizes=\"auto, (max-width: 484px) 100vw, 484px\" \/><\/a><\/p>\n<\/p>\n<p style=\"text-align:center;\"><span class=\"g-couleur3\">Vue 3D du mod\u00e8le CIVA cre pour la cale en acier ferritique avec \u00e9cran photostimulable<\/span><\/p>\n<\/p>\n<p>\u00a0<\/p>\n<\/p>\n<p>\u00a0<\/p>\n<\/p>\n<p>Continuer vers <a class=\"lien\" href=\"https:\/\/www.extende.com\/fr\/la-simulation-cnd\/documentation\/validation-experimentale-des-modeles-civa\/validation-experimentale-des-modeles-civa-en-radiographie\/cale-a-gradin-en-acier-ferritique-et-dural\/rt-cale-a-gradin-en-acier-ferritique-et-dural-resultats\/\" target=\"_self\">R\u00e9sultats<\/a><\/p>\n<\/p>\n<p>Retourner vers <a class=\"lien\" href=\"https:\/\/www.extende.com\/fr\/la-simulation-cnd\/documentation\/validation-experimentale-des-modeles-civa\/validation-experimentale-des-modeles-civa-en-radiographie\/cale-a-gradin-en-acier-ferritique-et-dural\/rt-cale-a-gradin-en-acier-ferritique-et-dural-protocole-experimental\/\" target=\"_self\">Protocole exp\u00e9rimental<\/a><\/p>\n<\/p>\n<p>Retourner au menu <a class=\"lien\" href=\"https:\/\/www.extende.com\/fr\/la-simulation-cnd\/documentation\/validation-experimentale-des-modeles-civa\/validation-experimentale-des-modeles-civa-en-radiographie\/cale-a-gradin-en-acier-ferritique-et-dural\/\" target=\"_self\">Cale \u00e0 gradins en acier ferritique et Dural<\/a><\/p><\/p>\n","protected":false},"excerpt":{"rendered":"<p>Pi\u00e8ces \u00e9tudi\u00e9es Dans CIVA, les marches de la cale ont \u00e9t\u00e9 mod\u00e9lis\u00e9es directement dans la g\u00e9om\u00e9trie de la pi\u00e8ce, et les trous ajout\u00e9s comme des \u00ab\u00a0d\u00e9fauts\u00a0\u00bb d\u2019air. Les dimensions mod\u00e9lis\u00e9es sont celles sp\u00e9cifi\u00e9es dans le protocole exp\u00e9rimental. La composition de la cale en Dural est un m\u00e9lange de 95% d\u2019aluminium (en masse) et de 5% [&hellip;]<\/p>\n","protected":false},"author":0,"featured_media":0,"parent":2932,"menu_order":1,"comment_status":"closed","ping_status":"closed","template":"templates\/page--extende.html.php","meta":{"_acf_changed":false,"footnotes":""},"class_list":["post-3646","page","type-page","status-publish","hentry"],"acf":[],"_links":{"self":[{"href":"https:\/\/www.extende.com\/fr\/wp-json\/wp\/v2\/pages\/3646","targetHints":{"allow":["GET"]}}],"collection":[{"href":"https:\/\/www.extende.com\/fr\/wp-json\/wp\/v2\/pages"}],"about":[{"href":"https:\/\/www.extende.com\/fr\/wp-json\/wp\/v2\/types\/page"}],"replies":[{"embeddable":true,"href":"https:\/\/www.extende.com\/fr\/wp-json\/wp\/v2\/comments?post=3646"}],"version-history":[{"count":1,"href":"https:\/\/www.extende.com\/fr\/wp-json\/wp\/v2\/pages\/3646\/revisions"}],"predecessor-version":[{"id":5627,"href":"https:\/\/www.extende.com\/fr\/wp-json\/wp\/v2\/pages\/3646\/revisions\/5627"}],"up":[{"embeddable":true,"href":"https:\/\/www.extende.com\/fr\/wp-json\/wp\/v2\/pages\/2932"}],"wp:attachment":[{"href":"https:\/\/www.extende.com\/fr\/wp-json\/wp\/v2\/media?parent=3646"}],"curies":[{"name":"wp","href":"https:\/\/api.w.org\/{rel}","templated":true}]}}