{"id":3654,"date":"2025-06-24T18:35:39","date_gmt":"2025-06-24T16:35:39","guid":{"rendered":"https:\/\/www.extende.com\/la-simulation-cnd\/documentation\/validation-experimentale-des-modeles-civa\/validation-experimentale-des-modeles-civa-en-radiographie\/cale-a-gradin-en-acier-ferritique-et-dural\/rt-cale-a-gradin-en-acier-ferritique-et-dural-result"},"modified":"2025-06-24T18:52:13","modified_gmt":"2025-06-24T16:52:13","slug":"rt-cale-a-gradin-en-acier-ferritique-et-dural-resultats","status":"publish","type":"page","link":"https:\/\/www.extende.com\/fr\/la-simulation-cnd\/documentation\/validation-experimentale-des-modeles-civa\/validation-experimentale-des-modeles-civa-en-radiographie\/cale-a-gradin-en-acier-ferritique-et-dural\/rt-cale-a-gradin-en-acier-ferritique-et-dural-resultats\/","title":{"rendered":"RT &#8211; Cale \u00e0 gradin en acier ferritique et Dural &#8211; R\u00e9sultats"},"content":{"rendered":"<p>Les r\u00e9sultats obtenus pour les configurations :<\/p>\n<\/p>\n<ul class=\"liste-carres-noirs\">\n<li>Capteur plan \/ pi\u00e8ce en Dural,<\/li>\n<li>Capteur plan \/ pi\u00e8ce en acier ferritique,<\/li>\n<li>Ecran photostimulable \/ pi\u00e8ce en Dural,<\/li>\n<li>Ecran photostimulable \/ pi\u00e8ce en acier ferritique.<\/li>\n<\/ul>\n<p>sont pr\u00e9sent\u00e9s ci-dessous.<\/p>\n<\/p>\n<p>\u00a0<\/p>\n<\/p>\n<h2 class=\"titre-accordeon\">cAPTEURS PLANS<\/h2>\n<\/p>\n<p>On pr\u00e9sente pour chaque configuration 5 graphiques, annot\u00e9s de (a) \u00e0 (e), dont la correspondance est donn\u00e9e ci-dessous\u00a0:<\/p>\n<\/p>\n<ul class=\"liste-carres-noirs\">\n<li>(a) Profils de niveaux de gris \u00e0 la transition \u00ab\u00a0plein-flux\u00a0\u00bb \/ \u00ab\u00a0pleine cale\u00a0\u00bb (lignes vertes de la figure suivante),<\/li>\n<li>(b) Profils de niveaux de gris le long des gradins (lignes rouges de la figure suivante),<\/li>\n<li>(c) Profils de niveaux de gris le long des trous (lignes bleues de la figure suivante),<\/li>\n<li>(d) Profils d\u2019intensit\u00e9 le long du premier Indicateur de Qualit\u00e9 d\u2019Image (IQI, NF EN ISO 19232-1 W10) (lignes violettes de la figure suivante),<\/li>\n<li>(e) Profils d\u2019intensit\u00e9 le long du second IQI (NF EN ISO 19232-1 W13) (lignes violettes de la figure suivante).<\/li>\n<\/ul>\n<p>\u00a0<\/p>\n<\/p>\n<p>Les profils d\u2019intensit\u00e9 le long des IQI sont pris l\u00e0 o\u00f9 ils sont le plus apparents (lorsqu\u2019ils le sont) sur l\u2019image exp\u00e9rimentale. Les positions approximatives des fils des IQI sont mat\u00e9rialis\u00e9es par des lignes pointill\u00e9es verticales sur les graphes (d) et (e).<\/p>\n<\/p>\n<p style=\"text-align:center;\"><img loading=\"lazy\" decoding=\"async\" alt=\"\" height=\"315\" src=\"https:\/\/www.extende.com\/wp-content\/uploads\/positions_profils_capteur_plan.png\" width=\"659\" class=\"alignnone wp-image-3647\" srcset=\"https:\/\/www.extende.com\/wp-content\/uploads\/positions_profils_capteur_plan.png 1098w, https:\/\/www.extende.com\/wp-content\/uploads\/positions_profils_capteur_plan-300x143.png 300w, https:\/\/www.extende.com\/wp-content\/uploads\/positions_profils_capteur_plan-1024x490.png 1024w, https:\/\/www.extende.com\/wp-content\/uploads\/positions_profils_capteur_plan-768x367.png 768w, https:\/\/www.extende.com\/wp-content\/uploads\/positions_profils_capteur_plan-600x287.png 600w\" sizes=\"auto, (max-width: 659px) 100vw, 659px\" \/><\/p>\n<\/p>\n<p style=\"text-align:center;\"><span class=\"g-couleur3\">Positions des lignes de profils pour le capteur plan sur l&rsquo;image exp\u00e9rimentale (\u00e0 gauche) et l&rsquo;image simul\u00e9e (\u00e0 droite)<\/span><\/p>\n<\/p>\n<p>A des fins de comparaison, il est int\u00e9ressant d\u2019adapter la dur\u00e9e d\u2019exposition simul\u00e9e pour que les niveaux de gris exp\u00e9rimentaux et simul\u00e9s concordent, sur des r\u00e9gions d\u2019int\u00e9r\u00eat particuli\u00e8res. Pour les simulations de radiographie avec capteurs plans, nous avons choisi d\u2019effectuer des recalages \u00e0 partir d\u2019une r\u00e9gion d\u2019int\u00e9r\u00eat situ\u00e9e en \u00ab\u00a0pleine cale\u00a0\u00bb, c\u2019est-\u00e0-dire sur une partie du d\u00e9tecteur qui re\u00e7oit le rayonnement qui a travers\u00e9 la plus grande \u00e9paisseur de cale possible. Si ce recalage permet de mieux comparer r\u00e9sultats exp\u00e9rimentaux et r\u00e9sultats de simulation en faisant concorder les niveaux de gris obtenus en dehors des reliefs (trous et gradins), il implique g\u00e9n\u00e9ralement un \u00e9cart simulation \/ exp\u00e9rience entre les niveaux de gris relev\u00e9s en \u00ab\u00a0plein flux\u00a0\u00bb.<\/p>\n<\/p>\n<p>Le recalage est effectu\u00e9 par l\u2019interm\u00e9diaire de l\u2019outil d\u2019\u00a0\u00bboptimisation des param\u00e8tres d\u2019exposition\u00a0\u00bb, post-traitement propos\u00e9 par CIVA, en laissant libre le param\u00e8tre \u00ab\u00a0temps d\u2019exposition\u00a0\u00bb.<\/p>\n<\/p>\n<p>\u00a0<\/p>\n<\/p>\n<h2 class=\"titre-paragraphe\">Cale en Dural<\/h2>\n<\/p>\n<p>Les r\u00e9sultats sont pr\u00e9sent\u00e9s ci-dessous.<\/p>\n<\/p>\n<p style=\"text-align:center;\"><img loading=\"lazy\" decoding=\"async\" alt=\"\" height=\"464\" src=\"https:\/\/www.extende.com\/wp-content\/uploads\/Resultat_Cale_dural_capteur_plan_US_2-scaled.png\" width=\"397\" class=\"alignnone wp-image-3648\"><\/p>\n<\/p>\n<p style=\"text-align:center;\"><span class=\"g-couleur3\">Comparaison entre simulation et exp\u00e9rimentation pour la cale en Dural avec le mod\u00e8le de d\u00e9tecteur \u00ab\u00a0\u00e9cran plat\u00a0\u00bb <\/span><\/p>\n<\/p>\n<p>Nb: \u00ab\u00a0MC\u00a0\u00bb correspond au cas ou le calcul a \u00e9t\u00e9 effectu\u00e9 en utilisant la combinaison des rayonnements directs et diffus\u00e9s.<\/p>\n<\/p>\n<p>\u00a0<\/p>\n<\/p>\n<p>Le tableau ci-dessous pr\u00e9sente les niveaux de bruits observ\u00e9s.<\/p>\n<\/p>\n<div style=\"text-align:center;\">\n<table border=\"1\" cellpadding=\"2\" cellspacing=\"0\" style=\"text-align: center;\">\n<tbody>\n<tr>\n<td style=\"width: 90px;\">\u00a0<\/td>\n<td style=\"width: 87px;\">Exp\u00e9rience<\/td>\n<td style=\"width: 113px;\">Simulation (MC)<\/td>\n<\/tr>\n<tr>\n<td style=\"width: 90px;\">Niveau de bruit<\/td>\n<td style=\"width: 87px;\">119<\/td>\n<td style=\"width: 113px;\">288<\/td>\n<\/tr>\n<\/tbody>\n<\/table>\n<\/div>\n<p>\u00a0<\/p>\n<\/p>\n<h2 class=\"titre-paragraphe\">Cale en acier ferritique<\/h2>\n<\/p>\n<p>Les r\u00e9sultats sont pr\u00e9sent\u00e9s ci-dessous.<\/p>\n<\/p>\n<p style=\"text-align:center;\"><img loading=\"lazy\" decoding=\"async\" alt=\"\" height=\"464\" src=\"https:\/\/www.extende.com\/wp-content\/uploads\/Resultat_Cale_acier_ferritique_capteur_plan_US_2-scaled.png\" width=\"397\" class=\"alignnone wp-image-3649\"><\/p>\n<\/p>\n<p style=\"text-align:center;\"><span class=\"g-couleur3\">Comparaison entre simulation et exp\u00e9rimentation pour la cale en acier ferritique avec le mod\u00e8le de d\u00e9tecteur \u00ab\u00a0\u00e9cran plat\u00a0\u00bb<\/span><\/p>\n<\/p>\n<p>Nb: \u00ab\u00a0MC\u00a0\u00bb correspond au cas ou le calcul a \u00e9t\u00e9 effectu\u00e9 en utilisant la combinaison des rayonnements directs et diffus\u00e9s.<\/p>\n<\/p>\n<p>\u00a0<\/p>\n<\/p>\n<p>Le tableau ci-dessous pr\u00e9sente les niveaux de bruits observ\u00e9s.<\/p>\n<\/p>\n<div style=\"text-align:center;\">\n<table border=\"1\" cellpadding=\"2\" cellspacing=\"0\" style=\"text-align: center;\">\n<tbody>\n<tr>\n<td style=\"width: 90px;\">\u00a0<\/td>\n<td style=\"width: 87px;\">Exp\u00e9rience<\/td>\n<td style=\"width: 113px;\">Simulation (MC)<\/td>\n<\/tr>\n<tr>\n<td style=\"width: 90px;\">Niveau de bruit<\/td>\n<td style=\"width: 87px;\">97<\/td>\n<td style=\"width: 113px;\">247<\/td>\n<\/tr>\n<\/tbody>\n<\/table>\n<\/div>\n<p>\u00a0<\/p>\n<\/p>\n<h2 class=\"titre-accordeon\">Ecran photostimulable<\/h2>\n<\/p>\n<p>On pr\u00e9sente pour chaque configuration 4 graphiques, annot\u00e9s de (a) \u00e0 (d), dont la correspondance est donn\u00e9e ci-dessous\u00a0:<\/p>\n<\/p>\n<ul class=\"liste-carres-noirs\">\n<li>(a Profils de niveaux de gris le long des gradins (lignes rouges de la figure suivante),<\/li>\n<li>(b) Profils de niveaux de gris le long des trous (lignes bleues de la figure suivante),<\/li>\n<li>(c) Profils d\u2019intensit\u00e9 le long du premier Indicateur de Qualit\u00e9 d\u2019Image (IQI, NF EN ISO 19232-1 W10) (lignes violettes de la figure suivante),<\/li>\n<li>(d) Profils d\u2019intensit\u00e9 le long du second IQI (NF EN ISO 19232-1 W13) (lignes violettes de la figure suivante).<\/li>\n<\/ul>\n<p>\u00a0<\/p>\n<\/p>\n<p>Les profils d\u2019intensit\u00e9 le long des IQI sont pris l\u00e0 o\u00f9 ils sont le plus apparents (lorsqu\u2019ils le sont) sur l\u2019image exp\u00e9rimentale. Les positions approximatives des fils des IQI sont mat\u00e9rialis\u00e9es par des lignes pointill\u00e9es verticales sur les graphes (c) et (d).<\/p>\n<\/p>\n<p style=\"text-align:center;\"><img loading=\"lazy\" decoding=\"async\" alt=\"\" height=\"414\" src=\"https:\/\/www.extende.com\/wp-content\/uploads\/positions_profils_photostimulable.png\" width=\"613\" class=\"alignnone wp-image-3650\" srcset=\"https:\/\/www.extende.com\/wp-content\/uploads\/positions_profils_photostimulable.png 1022w, https:\/\/www.extende.com\/wp-content\/uploads\/positions_profils_photostimulable-300x203.png 300w, https:\/\/www.extende.com\/wp-content\/uploads\/positions_profils_photostimulable-768x519.png 768w, https:\/\/www.extende.com\/wp-content\/uploads\/positions_profils_photostimulable-600x405.png 600w\" sizes=\"auto, (max-width: 613px) 100vw, 613px\" \/><\/p>\n<\/p>\n<p style=\"text-align:center;\"><span class=\"g-couleur3\">Positions des lignes de profils pour l&rsquo;\u00e9cran photostimulable sur l&rsquo;image exp\u00e9rimentale (en haut) et l&rsquo;image simul\u00e9e (en bas)<\/span><\/p>\n<\/p>\n<p>De la m\u00eame fa\u00e7on que pour les comparaisons effectu\u00e9es pour les capteurs plans, un recalage (constante multiplicative) est effectu\u00e9.<\/p>\n<\/p>\n<p>\u00a0<\/p>\n<\/p>\n<h2 class=\"titre-paragraphe\">Cale en Dural<\/h2>\n<\/p>\n<p>Les r\u00e9sultats sont pr\u00e9sent\u00e9s ci-dessous.<\/p>\n<\/p>\n<p style=\"text-align:center;\"><img loading=\"lazy\" decoding=\"async\" alt=\"\" height=\"464\" src=\"https:\/\/www.extende.com\/wp-content\/uploads\/Resultat_Cale_dural_ecran_photostimulable_US_2-scaled.png\" width=\"397\" class=\"alignnone wp-image-3651\"><\/p>\n<\/p>\n<p style=\"text-align:center;\"><span class=\"g-couleur3\">Comparaison entre simulation et exp\u00e9rimentation pour la cale en Dural avec le mod\u00e8le de d\u00e9tecteur \u00ab\u00a0\u00e9cran photostimulable\u00a0\u00bb <\/span><\/p>\n<\/p>\n<p>Nb: \u00ab\u00a0MC\u00a0\u00bb correspond au cas ou le calcul a \u00e9t\u00e9 effectu\u00e9 en utilisant la combinaison des rayonnements directs et diffus\u00e9s.<\/p>\n<\/p>\n<p>\u00a0<\/p>\n<\/p>\n<p>Le tableau ci-dessous pr\u00e9sente les niveaux de bruits observ\u00e9s.<\/p>\n<\/p>\n<div style=\"text-align:center;\">\n<table border=\"1\" cellpadding=\"2\" cellspacing=\"0\" style=\"text-align: center;\">\n<tbody>\n<tr>\n<td style=\"width: 90px;\">\u00a0<\/td>\n<td style=\"width: 87px;\">Exp\u00e9rience<\/td>\n<td style=\"width: 113px;\">Simulation (MC)<\/td>\n<\/tr>\n<tr>\n<td style=\"width: 90px;\">Niveau de bruit<\/td>\n<td style=\"width: 87px;\">142<\/td>\n<td style=\"width: 113px;\">264<\/td>\n<\/tr>\n<\/tbody>\n<\/table>\n<\/div>\n<p>\u00a0<\/p>\n<\/p>\n<h2 class=\"titre-paragraphe\">Cale en acier ferritique<\/h2>\n<\/p>\n<p>Les r\u00e9sultats sont pr\u00e9sent\u00e9s ci-dessous.<\/p>\n<\/p>\n<p style=\"text-align:center;\"><img loading=\"lazy\" decoding=\"async\" alt=\"\" height=\"464\" src=\"https:\/\/www.extende.com\/wp-content\/uploads\/Resultat_Cale_acier_ferritique_ecran_photostimulable_US_2-scaled.png\" width=\"397\" class=\"alignnone wp-image-3652\"><\/p>\n<\/p>\n<p style=\"text-align:center;\"><span class=\"g-couleur3\">Comparaison entre simulation et exp\u00e9rimentation pour la cale en acier ferritique avec le mod\u00e8le de d\u00e9tecteur \u00ab\u00a0\u00e9cran photostimulable\u00a0\u00bb<\/span><\/p>\n<\/p>\n<p>Nb: \u00ab\u00a0MC\u00a0\u00bb correspond au cas ou le calcul a \u00e9t\u00e9 effectu\u00e9 en utilisant la combinaison des rayonnements directs et diffus\u00e9s.<\/p>\n<\/p>\n<p>\u00a0<\/p>\n<\/p>\n<p>Le tableau ci-dessous pr\u00e9sente les niveaux de bruits observ\u00e9s.<\/p>\n<\/p>\n<div style=\"text-align:center;\">\n<table border=\"1\" cellpadding=\"2\" cellspacing=\"0\" style=\"text-align: center;\">\n<tbody>\n<tr>\n<td style=\"width: 90px;\">\u00a0<\/td>\n<td style=\"width: 87px;\">Exp\u00e9rience<\/td>\n<td style=\"width: 113px;\">Simulation (MC)<\/td>\n<\/tr>\n<tr>\n<td style=\"width: 90px;\">Niveau de bruit<\/td>\n<td style=\"width: 87px;\">91<\/td>\n<td style=\"width: 113px;\">382<\/td>\n<\/tr>\n<\/tbody>\n<\/table>\n<\/div>\n<p>\u00a0<\/p>\n<\/p>\n<p>\u00a0<\/p>\n<\/p>\n<p>Continuer vers <a class=\"lien\" href=\"https:\/\/www.extende.com\/fr\/la-simulation-cnd\/documentation\/validation-experimentale-des-modeles-civa\/validation-experimentale-des-modeles-civa-en-radiographie\/cale-a-gradin-en-acier-ferritique-et-dural\/rt-cale-a-gradin-en-acier-ferritique-et-dural-analyse\/\" target=\"_self\">Analyse<\/a><\/p>\n<\/p>\n<p>Retourner vers <a class=\"lien\" href=\"https:\/\/www.extende.com\/fr\/la-simulation-cnd\/documentation\/validation-experimentale-des-modeles-civa\/validation-experimentale-des-modeles-civa-en-radiographie\/cale-a-gradin-en-acier-ferritique-et-dural\/rt-cale-a-gradin-en-acier-ferritique-et-dural-modelisation-avec-civa\/\" target=\"_self\">Mod\u00e9lisation avec CIVA<\/a><\/p>\n<\/p>\n<p>Retourner au menu <a class=\"lien\" href=\"https:\/\/www.extende.com\/fr\/la-simulation-cnd\/documentation\/validation-experimentale-des-modeles-civa\/validation-experimentale-des-modeles-civa-en-radiographie\/cale-a-gradin-en-acier-ferritique-et-dural\/\" target=\"_self\">Cale \u00e0 gradins en acier ferritique et Dural<\/a><\/p><\/p>\n","protected":false},"excerpt":{"rendered":"<p>Les r\u00e9sultats obtenus pour les configurations : Capteur plan \/ pi\u00e8ce en Dural, Capteur plan \/ pi\u00e8ce en acier ferritique, Ecran photostimulable \/ pi\u00e8ce en Dural, Ecran photostimulable \/ pi\u00e8ce en acier ferritique. sont pr\u00e9sent\u00e9s ci-dessous. \u00a0 cAPTEURS PLANS On pr\u00e9sente pour chaque configuration 5 graphiques, annot\u00e9s de (a) \u00e0 (e), dont la correspondance est [&hellip;]<\/p>\n","protected":false},"author":0,"featured_media":0,"parent":2932,"menu_order":2,"comment_status":"closed","ping_status":"closed","template":"templates\/page--extende.html.php","meta":{"_acf_changed":false,"footnotes":""},"class_list":["post-3654","page","type-page","status-publish","hentry"],"acf":[],"_links":{"self":[{"href":"https:\/\/www.extende.com\/fr\/wp-json\/wp\/v2\/pages\/3654","targetHints":{"allow":["GET"]}}],"collection":[{"href":"https:\/\/www.extende.com\/fr\/wp-json\/wp\/v2\/pages"}],"about":[{"href":"https:\/\/www.extende.com\/fr\/wp-json\/wp\/v2\/types\/page"}],"replies":[{"embeddable":true,"href":"https:\/\/www.extende.com\/fr\/wp-json\/wp\/v2\/comments?post=3654"}],"version-history":[{"count":1,"href":"https:\/\/www.extende.com\/fr\/wp-json\/wp\/v2\/pages\/3654\/revisions"}],"predecessor-version":[{"id":5621,"href":"https:\/\/www.extende.com\/fr\/wp-json\/wp\/v2\/pages\/3654\/revisions\/5621"}],"up":[{"embeddable":true,"href":"https:\/\/www.extende.com\/fr\/wp-json\/wp\/v2\/pages\/2932"}],"wp:attachment":[{"href":"https:\/\/www.extende.com\/fr\/wp-json\/wp\/v2\/media?parent=3654"}],"curies":[{"name":"wp","href":"https:\/\/api.w.org\/{rel}","templated":true}]}}