{"id":3658,"date":"2025-06-24T18:35:39","date_gmt":"2025-06-24T16:35:39","guid":{"rendered":"https:\/\/www.extende.com\/la-simulation-cnd\/documentation\/validation-experimentale-des-modeles-civa\/validation-experimentale-des-modeles-civa-en-radiographie\/cale-a-gradin-en-acier-ferritique-et-dural\/rt-cale-a-gradin-en-acier-ferritique-et-dural-conclu"},"modified":"2025-06-24T18:52:13","modified_gmt":"2025-06-24T16:52:13","slug":"rt-cale-a-gradin-en-acier-ferritique-et-dural-conclusion","status":"publish","type":"page","link":"https:\/\/www.extende.com\/fr\/la-simulation-cnd\/documentation\/validation-experimentale-des-modeles-civa\/validation-experimentale-des-modeles-civa-en-radiographie\/cale-a-gradin-en-acier-ferritique-et-dural\/rt-cale-a-gradin-en-acier-ferritique-et-dural-conclusion\/","title":{"rendered":"RT &#8211; Cale \u00e0 gradin en acier ferritique et Dural &#8211; Conclusion"},"content":{"rendered":"<p>Ce travail a permis de comparer les radiographies exp\u00e9rimentales et simul\u00e9es par <span class=\"g-color1\">CIVA<\/span> de cales \u00e0 gradins en Dural et en acier ferritique, avec deux types de d\u00e9tecteurs.<\/p>\n<\/p>\n<p>D\u2019une mani\u00e8re g\u00e9n\u00e9rale, ces comparaisons mettent en \u00e9vidence la bonne capacit\u00e9 de <span class=\"g-color1\">CIVA<\/span> \u00e0 simuler les radiographies dans les configurations test\u00e9es, en se basant sur les diff\u00e9rents crit\u00e8res pr\u00e9sent\u00e9s dans ce rapport.<\/p>\n<\/p>\n<p>Si l\u2019on consid\u00e8re les profils d\u2019intensit\u00e9\u00a0le long des trous et des gradins, on obtient, pour 90% des pixels, des \u00e9carts relatifs simulation (MC) \/ exp\u00e9rience inf\u00e9rieurs \u00e0 9%, pour les recalages \u00ab\u00a0pleine-cale\u00a0\u00bb, pour tous les mod\u00e8les de d\u00e9tecteurs (67% sans prise en compte de la diffusion).<\/p>\n<\/p>\n<p>\u00a0<\/p>\n<\/p>\n<p>Quelques divergences significatives ont \u00e9t\u00e9 identifi\u00e9es, et leurs causes analys\u00e9es\u00a0:<\/p>\n<\/p>\n<ul class=\"liste-carres-noirs\">\n<li>La dose d\u00e9pos\u00e9e sur le d\u00e9tecteur, telle que simul\u00e9e par <span class=\"g-color1\">CIVA<\/span>, est inf\u00e9rieure \u00e0 ce qui est constat\u00e9 exp\u00e9rimentalement. La magnitude des spectres d\u2019\u00e9mission des tubes en r\u00e9flexion propos\u00e9s par <span class=\"g-color1\">CIVA<\/span> ne correspond pas \u00e0 celle du rayonnement \u00e9mis par nos g\u00e9n\u00e9rateurs. Il faut donc syst\u00e9matiquement jouer sur le temps d\u2019exposition ou l\u2019intensit\u00e9 du g\u00e9n\u00e9rateur X simul\u00e9 pour recaler la dose simul\u00e9e sur celle mesur\u00e9e exp\u00e9rimentalement.<\/li>\n<\/ul>\n<ul class=\"liste-carres-noirs\">\n<li>La sur\u00e9valuation du niveau de bruit sur signal pour les mod\u00e8les de d\u00e9tecteur \u00ab\u00a0standard\u00a0\u00bb et \u00ab\u00a0\u00e9cran photostimulable\u00a0\u00bb\u00a0: cette estimation est bas\u00e9e sur une valeur de DQE qui est fournie par l\u2019utilisateur en param\u00e8tre d\u2019entr\u00e9e de la simulation. Il n\u2019est pas pr\u00e9vu dans <span class=\"g-color1\">CIVA<\/span> de pouvoir fournir une courbe de la DQE fonction de la fr\u00e9quence spatiale, et la modification de la FTM par l\u2019utilisateur ne semble pas avoir d\u2019impact sur la DQE. Une \u00e9volution du mod\u00e8le de g\u00e9n\u00e9ration du bruit impl\u00e9ment\u00e9 dans <span class=\"g-color1\">CIVA<\/span> pour enlever ces limitations devrait donc permettre d\u2019am\u00e9liorer ce point.<\/li>\n<\/ul>\n<p>\u00a0<\/p>\n<\/p>\n<p>Retourner vers <a class=\"lien\" href=\"https:\/\/www.extende.com\/fr\/la-simulation-cnd\/documentation\/validation-experimentale-des-modeles-civa\/validation-experimentale-des-modeles-civa-en-radiographie\/cale-a-gradin-en-acier-ferritique-et-dural\/rt-cale-a-gradin-en-acier-ferritique-et-dural-analyse\/\" target=\"_self\">Analyse<\/a><\/p>\n<\/p>\n<p>Retourner au menu <a class=\"lien\" href=\"https:\/\/www.extende.com\/fr\/la-simulation-cnd\/documentation\/validation-experimentale-des-modeles-civa\/validation-experimentale-des-modeles-civa-en-radiographie\/cale-a-gradin-en-acier-ferritique-et-dural\/\" target=\"_self\">Cale \u00e0 gradins en acier ferritique et Dural<\/a><\/p><\/p>\n","protected":false},"excerpt":{"rendered":"<p>Ce travail a permis de comparer les radiographies exp\u00e9rimentales et simul\u00e9es par CIVA de cales \u00e0 gradins en Dural et en acier ferritique, avec deux types de d\u00e9tecteurs. D\u2019une mani\u00e8re g\u00e9n\u00e9rale, ces comparaisons mettent en \u00e9vidence la bonne capacit\u00e9 de CIVA \u00e0 simuler les radiographies dans les configurations test\u00e9es, en se basant sur les diff\u00e9rents [&hellip;]<\/p>\n","protected":false},"author":0,"featured_media":0,"parent":2932,"menu_order":4,"comment_status":"closed","ping_status":"closed","template":"templates\/page--extende.html.php","meta":{"_acf_changed":false,"footnotes":""},"class_list":["post-3658","page","type-page","status-publish","hentry"],"acf":[],"_links":{"self":[{"href":"https:\/\/www.extende.com\/fr\/wp-json\/wp\/v2\/pages\/3658","targetHints":{"allow":["GET"]}}],"collection":[{"href":"https:\/\/www.extende.com\/fr\/wp-json\/wp\/v2\/pages"}],"about":[{"href":"https:\/\/www.extende.com\/fr\/wp-json\/wp\/v2\/types\/page"}],"replies":[{"embeddable":true,"href":"https:\/\/www.extende.com\/fr\/wp-json\/wp\/v2\/comments?post=3658"}],"version-history":[{"count":1,"href":"https:\/\/www.extende.com\/fr\/wp-json\/wp\/v2\/pages\/3658\/revisions"}],"predecessor-version":[{"id":5625,"href":"https:\/\/www.extende.com\/fr\/wp-json\/wp\/v2\/pages\/3658\/revisions\/5625"}],"up":[{"embeddable":true,"href":"https:\/\/www.extende.com\/fr\/wp-json\/wp\/v2\/pages\/2932"}],"wp:attachment":[{"href":"https:\/\/www.extende.com\/fr\/wp-json\/wp\/v2\/media?parent=3658"}],"curies":[{"name":"wp","href":"https:\/\/api.w.org\/{rel}","templated":true}]}}