{"id":3854,"date":"2025-06-24T18:36:01","date_gmt":"2025-06-24T16:36:01","guid":{"rendered":""},"modified":"2025-06-24T18:52:12","modified_gmt":"2025-06-24T16:52:12","slug":"ut-reflecteurs-generatrices-trous-generatrices-et-capteurs-multielements-au-contact","status":"publish","type":"page","link":"https:\/\/www.extende.com\/fr\/la-simulation-cnd\/documentation\/validation-experimentale-des-modeles-civa\/validation-experimentale-des-modeles-civa-en-ultrasons\/ultrasons-reflecteurs-artificiels\/reflecteurs-generatrices\/ut-reflecteurs-generatrices-trous-generatrices-et-capteurs-multielements-au-contact\/","title":{"rendered":"UT &#8211; R\u00e9flecteurs G\u00e9n\u00e9ratrices &#8211; Trous g\u00e9n\u00e9ratrices et capteurs multi\u00e9l\u00e9ments au contact"},"content":{"rendered":"<p>Des comparaisons ont \u00e9galement \u00e9t\u00e9 men\u00e9es entre des r\u00e9sultats exp\u00e9rimentaux et simul\u00e9s pour des inspections de la pi\u00e8ce contenant des TG de \u00d82\u00a0mm avec des capteurs multi-\u00e9l\u00e9ments au contact.<\/p>\n<\/p>\n<p>\u00a0<\/p>\n<\/p>\n<p>Vue globale :<\/p>\n<\/p>\n<p>\u00a0<\/p>\n<\/p>\n<div style=\"text-align:center;\">\n<table border=\"1\" cellpadding=\"2\" cellspacing=\"0\" style=\"text-align: center;\">\n<tbody>\n<tr>\n<td style=\"text-align: center;\">\u00a0<\/td>\n<td style=\"text-align: center;\">5\u00a0MHz, 20&#215;0,7\u00a0mm<\/td>\n<td style=\"text-align: center;\">5\u00a0MHz, 28&#215;0,7\u00a0mm<\/td>\n<\/tr>\n<tr>\n<td style=\"text-align: center;\">L45\u00b0 d\u00e9viation angulaire<\/td>\n<td style=\"text-align: center;\">Trait\u00e9<\/td>\n<td style=\"text-align: center;\">\u00a0<\/td>\n<\/tr>\n<tr>\n<td style=\"text-align: center;\">T45\u00b0 focalisation en diff\u00e9rentes profondeurs<\/td>\n<td style=\"text-align: center;\">\u00a0<\/td>\n<td style=\"text-align: center;\">Trait\u00e9<\/td>\n<\/tr>\n<tr>\n<td style=\"text-align: center;\">T45\u00b0 \u00e0 T60\u00b0 focalis\u00e9 \u00e0 20\u00a0mm<\/td>\n<td style=\"text-align: center;\">\u00a0<\/td>\n<td style=\"text-align: center;\">Trait\u00e9<\/td>\n<\/tr>\n<\/tbody>\n<\/table>\n<\/div>\n<p>\u00a0<\/p>\n<\/p>\n<h2 class=\"titre-accordeon\">Configuration<\/h2>\n<\/p>\n<p>Ces cas de validation concernent \u00e9galement des TG de \u00d82\u00a0mm \u00e0 diff\u00e9rentes profondeurs. La maquette est une pi\u00e8ce plane en acier contenant des TG entre 4 et 60\u00a0mm de profondeur par pas de 4\u00a0mm. Pour rappel, les param\u00e8tres de l\u2019acier sont : densit\u00e9 de 7,9, vitesses des ondes L : 5900\u00a0m\/s et des ondes T : 3230\u00a0m\/s. Les TG \u00e9tant inspect\u00e9s perpendiculairement \u00e0 leur axe, le mod\u00e8le d\u2019interaction <span class=\"g-color2\">SOV<\/span> a \u00e9t\u00e9 utilis\u00e9.<\/p>\n<\/p>\n<p>\u00a0<\/p>\n<\/p>\n<p>Voici la configuration \u00e9tudi\u00e9e :<\/p>\n<\/p>\n<p>\u00a0<\/p>\n<\/p>\n<p style=\"text-align:center;\"><a class=\"mediabox\" href=\"https:\/\/www.extende.com\/wp-content\/uploads\/CIVA-Validation-UT-TG3-1.png\" title=\"\"><img loading=\"lazy\" decoding=\"async\" alt=\"\" class=\"mediabox alignnone wp-image-3813\" height=\"200\" src=\"https:\/\/www.extende.com\/wp-content\/uploads\/CIVA-Validation-UT-TG3-1.png\" title=\"\" width=\"350\"><\/a><\/p>\n<\/p>\n<p>\u00a0<\/p>\n<\/p>\n<p>Les 2 capteurs multi-\u00e9l\u00e9ments utilis\u00e9s en mode Pulse Echo sont :<\/p>\n<\/p>\n<p>\u00a0<\/p>\n<\/p>\n<div style=\"text-align:center;\">\n<table border=\"1\" cellpadding=\"2\" cellspacing=\"0\">\n<tbody>\n<tr>\n<td style=\"text-align: center;\">Fr\u00e9quence<\/td>\n<td style=\"text-align: center;\">Nombre d&rsquo;\u00e9l\u00e9ments<\/td>\n<td style=\"text-align: center;\">Pitch<\/td>\n<td style=\"text-align: center;\">Angle d&rsquo;incidence du sabot<\/td>\n<td style=\"text-align: center;\">Lois de retards<\/td>\n<\/tr>\n<tr>\n<td rowspan=\"3\" style=\"text-align: center;\">5\u00a0MHz<\/td>\n<td rowspan=\"2\" style=\"text-align: center;\">28<\/td>\n<td rowspan=\"2\" style=\"text-align: center;\">0,7 mm<\/td>\n<td rowspan=\"2\" style=\"text-align: center;\">21\u00b0 (R\u00e9fract\u00e9 L66\u00b0 et T30\u00b0)<\/td>\n<td style=\"text-align: center;\">Balayage angle et profondeur \u2013 T<\/td>\n<\/tr>\n<tr>\n<td style=\"text-align: center;\">Focalisation diff\u00e9rentes profondeurs \u2013 T45\u00b0<\/td>\n<\/tr>\n<tr>\n<td style=\"text-align: center;\">20<\/td>\n<td>0,7 mm<\/td>\n<td>21\u00b0 (R\u00e9fract\u00e9 L66\u00b0 et T30\u00b0)<\/td>\n<td>D\u00e9viation angulaire &#8211; P45\u00b0<\/td>\n<\/tr>\n<\/tbody>\n<\/table>\n<\/div>\n<p>\u00a0<\/p>\n<\/p>\n<h2 class=\"titre-accordeon\">R\u00e9sultats<\/h2>\n<\/p>\n<h2 class=\"titre-paragraphe\">Capteur multi\u00e9l\u00e9ments de 28 \u00e9l\u00e9ments avec un pitch de 0,7\u00a0mm \u00e0 5,0\u00a0MHz<\/h2>\n<\/p>\n<p>Pour le capteur multi-\u00e9l\u00e9ments \u00e0 5\u00a0MHz, l\u2019inspection est avec diff\u00e9rentes lois de retard en modes T avec 28 \u00e9l\u00e9ments actifs sur 48. La premi\u00e8re partie concerne une focalisation \u00e0 20\u00a0mm de profondeur pour diff\u00e9rents angles de 45\u00b0 \u00e0 60\u00b0. La seconde partie utilise une d\u00e9viation angulaire en mode T 45\u00b0 associ\u00e9e \u00e0 une focalisation en diff\u00e9rentes profondeurs de 4 \u00e0 24\u00a0mm par pas de 4 mm.<\/p>\n<\/p>\n<p>\u00a0<\/p>\n<\/p>\n<p>La profondeur focale acoustique est de 20\u00a0mm pour le mode T45\u00b0 focalis\u00e9 \u00e0 20\u00a0mm de profondeur, d\u00e9duite du faisceau simul\u00e9 illustr\u00e9 ci-dessous.<\/p>\n<\/p>\n<p>\u00a0<\/p>\n<\/p>\n<p style=\"text-align:center;\"><a class=\"mediabox\" href=\"https:\/\/www.extende.com\/wp-content\/uploads\/CIVA-Validation-UT-TG3-2.png\" title=\"\"><img loading=\"lazy\" decoding=\"async\" alt=\"\" class=\"mediabox alignnone wp-image-3828\" height=\"120\" src=\"https:\/\/www.extende.com\/wp-content\/uploads\/CIVA-Validation-UT-TG3-2-small.png\" title=\"\" width=\"200\"><\/a><\/p>\n<\/p>\n<p>\u00a0<\/p>\n<\/p>\n<p>Les r\u00e9sultats de la premi\u00e8re partie montrent l\u2019influence de l\u2019orientation du faisceau ultrasonore.<\/p>\n<\/p>\n<p>Les r\u00e9sultats sont<span class=\"g-color2\"> \u00e9talonn\u00e9s<\/span> par rapport au TG de \u00d82\u00a0mm \u00e0 20\u00a0mm de profondeur inspect\u00e9 en mode T45\u00b0 focalis\u00e9 \u00e0 20\u00a0mm de profondeur.<\/p>\n<\/p>\n<p>\u00a0<\/p>\n<\/p>\n<p style=\"text-align:center;\"><a class=\"mediabox\" href=\"https:\/\/www.extende.com\/wp-content\/uploads\/CIVA-Validation-UT-TG3-3.png\" title=\"\"><img loading=\"lazy\" decoding=\"async\" alt=\"\" class=\"mediabox alignnone wp-image-3830\" height=\"200\" src=\"https:\/\/www.extende.com\/wp-content\/uploads\/CIVA-Validation-UT-TG3-3-small.png\" title=\"\" width=\"350\"><\/a>\u00a0 <a class=\"mediabox\" href=\"https:\/\/www.extende.com\/wp-content\/uploads\/CIVA-Validation-UT-TG3-4.png\" title=\"\"><img loading=\"lazy\" decoding=\"async\" alt=\"\" class=\"no-border alignnone wp-image-3831\" height=\"200\" src=\"https:\/\/www.extende.com\/wp-content\/uploads\/CIVA-Validation-UT-TG3-4-small.png\" title=\"\" width=\"350\"><\/a><\/p>\n<\/p>\n<p style=\"text-align:center;\"><a class=\"mediabox\" href=\"https:\/\/www.extende.com\/wp-content\/uploads\/CIVA-Validation-UT-TG3-5.png\" title=\"\"><img loading=\"lazy\" decoding=\"async\" alt=\"\" class=\"no-border alignnone wp-image-3834\" height=\"200\" src=\"https:\/\/www.extende.com\/wp-content\/uploads\/CIVA-Validation-UT-TG3-5-small.png\" title=\"\" width=\"350\"><\/a>\u00a0 <a class=\"mediabox\" href=\"https:\/\/www.extende.com\/wp-content\/uploads\/CIVA-Validation-UT-TG3-6.png\" title=\"\"><img loading=\"lazy\" decoding=\"async\" alt=\"\" class=\"no-border alignnone wp-image-3835\" height=\"200\" src=\"https:\/\/www.extende.com\/wp-content\/uploads\/CIVA-Validation-UT-TG3-6-small.png\" title=\"\" width=\"350\"><\/a><\/p>\n<\/p>\n<p>\u00a0<\/p>\n<\/p>\n<p>Quel que soit l\u2019angle, l\u2019amplitude des \u00e9chos est bien estim\u00e9e, avec mois de 2\u00a0dB d\u2019\u00e9cart.<\/p>\n<\/p>\n<p>Les r\u00e9sultats de la premi\u00e8re partie montrent l\u2019influence de l\u2019orientation de la profondeur de focalisation.<\/p>\n<\/p>\n<p>Les r\u00e9sultats sont <span class=\"g-color2\">\u00e9talonn\u00e9s<\/span> par rapport au TG de \u00d82\u00a0mm \u00e0 20\u00a0mm de profondeur inspect\u00e9 en mode T45\u00b0 focalis\u00e9 \u00e0 20\u00a0mm de profondeur.<\/p>\n<\/p>\n<p>\u00a0<\/p>\n<\/p>\n<p style=\"text-align:center;\"><a class=\"mediabox\" href=\"https:\/\/www.extende.com\/wp-content\/uploads\/CIVA-Validation-UT-TG3-7.png\" title=\"\"><img loading=\"lazy\" decoding=\"async\" alt=\"\" height=\"200\" src=\"https:\/\/www.extende.com\/wp-content\/uploads\/CIVA-Validation-UT-TG3-7-small.png\" title=\"\" width=\"350\" class=\"alignnone wp-image-3838\"><\/a>\u00a0 <a class=\"mediabox\" href=\"https:\/\/www.extende.com\/wp-content\/uploads\/CIVA-Validation-UT-TG3-8.png\" title=\"\"><img loading=\"lazy\" decoding=\"async\" alt=\"\" height=\"200\" src=\"https:\/\/www.extende.com\/wp-content\/uploads\/CIVA-Validation-UT-TG3-8-small.png\" title=\"\" width=\"350\" class=\"alignnone wp-image-3839\"><\/a><\/p>\n<\/p>\n<p style=\"text-align:center;\"><a class=\"mediabox\" href=\"https:\/\/www.extende.com\/wp-content\/uploads\/CIVA-Validation-UT-TG3-9.png\" title=\"\"><img loading=\"lazy\" decoding=\"async\" alt=\"\" height=\"200\" src=\"https:\/\/www.extende.com\/wp-content\/uploads\/CIVA-Validation-UT-TG3-9-small.png\" title=\"\" width=\"350\" class=\"alignnone wp-image-3842\"><\/a>\u00a0 <a class=\"mediabox\" href=\"https:\/\/www.extende.com\/wp-content\/uploads\/CIVA-Validation-UT-TG3-10.png\" title=\"\"><img loading=\"lazy\" decoding=\"async\" alt=\"\" height=\"200\" src=\"https:\/\/www.extende.com\/wp-content\/uploads\/CIVA-Validation-UT-TG3-10-small.png\" title=\"\" width=\"350\" class=\"alignnone wp-image-3843\"><\/a><\/p>\n<\/p>\n<p style=\"text-align:center;\"><a class=\"mediabox\" href=\"https:\/\/www.extende.com\/wp-content\/uploads\/CIVA-Validation-UT-TG3-11.png\" title=\"\"><img loading=\"lazy\" decoding=\"async\" alt=\"\" height=\"200\" src=\"https:\/\/www.extende.com\/wp-content\/uploads\/CIVA-Validation-UT-TG3-11-small.png\" title=\"\" width=\"350\" class=\"alignnone wp-image-3846\"><\/a>\u00a0 <a class=\"mediabox\" href=\"https:\/\/www.extende.com\/wp-content\/uploads\/CIVA-Validation-UT-TG3-12.png\" title=\"\"><img loading=\"lazy\" decoding=\"async\" alt=\"\" height=\"200\" src=\"https:\/\/www.extende.com\/wp-content\/uploads\/CIVA-Validation-UT-TG3-12-small.png\" title=\"\" width=\"350\" class=\"alignnone wp-image-3847\"><\/a><\/p>\n<\/p>\n<p>\u00a0<\/p>\n<\/p>\n<p>Avec ces lois de retard focalisant \u00e0 diff\u00e9rentes profondeurs, on observe un bon accord. L\u2019\u00e9cart maximal est de 3\u00a0dB pour le TG \u00e0 8\u00a0mm de profondeur pour une focalisation \u00e0 20\u00a0mm de profondeur, et de moins de 2\u00a0dB dans tous les autres cas.<\/p>\n<\/p>\n<p>\u00a0<\/p>\n<\/p>\n<h2 class=\"titre-paragraphe\">CAPTEUR MULTI\u00c9L\u00c9MENTS DE 20 \u00c9L\u00c9MENTS AVEC UN PITCH DE 0,7\u00a0mm \u00c0 5,0\u00a0MHz<\/h2>\n<\/p>\n<p>Ce capteur est utilis\u00e9 pour g\u00e9n\u00e9rer d\u2019un faisceau L45\u00b0 \u00e0 5\u00a0MHz avec 20 \u00e9l\u00e9ments actifs sur 48. La profondeur focale est de 20\u00a0mm d\u00e9duite du faisceau simul\u00e9 ci-dessous.<\/p>\n<\/p>\n<p>\u00a0<\/p>\n<\/p>\n<p style=\"text-align:center;\"><a class=\"mediabox\" href=\"https:\/\/www.extende.com\/wp-content\/uploads\/CIVA-Validation-UT-TG3-13.png\" title=\"\"><img loading=\"lazy\" decoding=\"async\" alt=\"\" height=\"133\" src=\"https:\/\/www.extende.com\/wp-content\/uploads\/CIVA-Validation-UT-TG3-13-small.png\" title=\"\" width=\"200\" class=\"alignnone wp-image-3850\"><\/a><\/p>\n<\/p>\n<p>\u00a0<\/p>\n<\/p>\n<p>Les r\u00e9sultats sont <span class=\"g-color2\">\u00e9talonn\u00e9s <\/span>par rapport au TG de \u00d82\u00a0mm \u00e0 20\u00a0mm de profondeur.<\/p>\n<\/p>\n<p>\u00a0<\/p>\n<\/p>\n<p style=\"text-align:center;\"><a class=\"mediabox\" href=\"https:\/\/www.extende.com\/wp-content\/uploads\/CIVA-Validation-UT-TG3-14.png\" title=\"\"><img loading=\"lazy\" decoding=\"async\" alt=\"\" class=\"mediabox alignnone wp-image-3852\" height=\"230\" src=\"https:\/\/www.extende.com\/wp-content\/uploads\/CIVA-Validation-UT-TG3-14-small.png\" title=\"\" width=\"400\" srcset=\"https:\/\/www.extende.com\/wp-content\/uploads\/CIVA-Validation-UT-TG3-14-small.png 400w, https:\/\/www.extende.com\/wp-content\/uploads\/CIVA-Validation-UT-TG3-14-small-300x173.png 300w\" sizes=\"auto, (max-width: 400px) 100vw, 400px\" \/><\/a><\/p>\n<\/p>\n<p>\u00a0<\/p>\n<\/p>\n<p>Avec moins de 1\u00a0dB d\u2019\u00e9cart, on observe un tr\u00e8s bon accord entre simulation et exp\u00e9rience.<\/p>\n<\/p>\n<p>\u00a0<\/p>\n<\/p>\n<h2 class=\"titre-accordeon\">Conclusion<\/h2>\n<\/p>\n<p>Les r\u00e9sultats montrent un bon accord avec g\u00e9n\u00e9ralement moins de 2\u00a0dB d\u2019\u00e9cart pour les deux capteurs multi-\u00e9l\u00e9ments au contact.<\/p>\n<\/p>\n<p>\u00a0<\/p>\n<\/p>\n<p>Retourner au menu <a class=\"lien\" href=\"https:\/\/www.extende.com\/fr\/la-simulation-cnd\/documentation\/validation-experimentale-des-modeles-civa\/validation-experimentale-des-modeles-civa-en-ultrasons\/ultrasons-reflecteurs-artificiels\/reflecteurs-generatrices\/\" target=\"_self\">R\u00e9flecteurs g\u00e9n\u00e9ratrices<\/a><\/p>\n<\/p>\n<p>Retourner au menu <a class=\"lien\" href=\"https:\/\/www.extende.com\/fr\/la-simulation-cnd\/documentation\/validation-experimentale-des-modeles-civa\/validation-experimentale-des-modeles-civa-en-ultrasons\/ultrasons-reflecteurs-artificiels\/\" target=\"_self\">R\u00e9flecteurs artificiels<\/a><\/p><\/p>\n","protected":false},"excerpt":{"rendered":"<p>Validation exp\u00e9rimentale et caract\u00e9risation des mod\u00e8les Ultrasons de CIVA, r\u00e9flecteurs artificiels, g\u00e9n\u00e9ratrices, logiciel de simulation CND<\/p>\n","protected":false},"author":0,"featured_media":0,"parent":2934,"menu_order":2,"comment_status":"closed","ping_status":"closed","template":"templates\/page--extende.html.php","meta":{"_acf_changed":false,"footnotes":""},"class_list":["post-3854","page","type-page","status-publish","hentry"],"acf":[],"_links":{"self":[{"href":"https:\/\/www.extende.com\/fr\/wp-json\/wp\/v2\/pages\/3854","targetHints":{"allow":["GET"]}}],"collection":[{"href":"https:\/\/www.extende.com\/fr\/wp-json\/wp\/v2\/pages"}],"about":[{"href":"https:\/\/www.extende.com\/fr\/wp-json\/wp\/v2\/types\/page"}],"replies":[{"embeddable":true,"href":"https:\/\/www.extende.com\/fr\/wp-json\/wp\/v2\/comments?post=3854"}],"version-history":[{"count":1,"href":"https:\/\/www.extende.com\/fr\/wp-json\/wp\/v2\/pages\/3854\/revisions"}],"predecessor-version":[{"id":5614,"href":"https:\/\/www.extende.com\/fr\/wp-json\/wp\/v2\/pages\/3854\/revisions\/5614"}],"up":[{"embeddable":true,"href":"https:\/\/www.extende.com\/fr\/wp-json\/wp\/v2\/pages\/2934"}],"wp:attachment":[{"href":"https:\/\/www.extende.com\/fr\/wp-json\/wp\/v2\/media?parent=3854"}],"curies":[{"name":"wp","href":"https:\/\/api.w.org\/{rel}","templated":true}]}}