{"id":3939,"date":"2025-06-24T18:36:15","date_gmt":"2025-06-24T16:36:15","guid":{"rendered":""},"modified":"2025-06-24T18:52:12","modified_gmt":"2025-06-24T16:52:12","slug":"ut-reflecteurs-trous-a-fond-plat-influence-dune-desorientation-du-capteur","status":"publish","type":"page","link":"https:\/\/www.extende.com\/fr\/la-simulation-cnd\/documentation\/validation-experimentale-des-modeles-civa\/validation-experimentale-des-modeles-civa-en-ultrasons\/ultrasons-reflecteurs-artificiels\/reflecteurs-trous-a-fond-plat\/ut-reflecteurs-trous-a-fond-plat-influence-dune-desorientation-du-capteur\/","title":{"rendered":"UT &#8211; R\u00e9flecteurs Trous \u00e0 Fond Plat &#8211; Influence d&rsquo;une d\u00e9sorientation du capteur"},"content":{"rendered":"<p>De la m\u00eame mani\u00e8re que pour des Trous \u00e0 Fond Plat (TFP) verticaux inspect\u00e9s en mode L0\u00b0 avec des capteurs de \u00d819\u00a0mm \u00e0 2,25\u00a0MHz ou de \u00d812,7\u00a0mm \u00e0 2,25\u00a0MHz et \u00e0 4,6\u00a0MHz, 3 exp\u00e9riences ont \u00e9t\u00e9 men\u00e9es avec une inclinaison du capteur de 0\u00b0, 1\u00b0 et \u00e9ventuellement 2\u00b0 afin d\u2019\u00e9tudier l\u2019influence de la d\u00e9sorientation du capteur. Les ondes L0\u00b0, L1\u00b0 et L2\u00b0 sont r\u00e9fract\u00e9es respectivement dans la pi\u00e8ce en ondes L0\u00b0, L4\u00b0 et L8\u00b0.<\/p>\n<\/p>\n<p>\u00a0<\/p>\n<\/p>\n<h2 class=\"titre-accordeon\">CONFIGURATION<\/h2>\n<\/p>\n<p><span style=\"line-height: 1.5em;\">Les mesures exp\u00e9rimentales ont \u00e9t\u00e9 r\u00e9alis\u00e9es sur une pi\u00e8ce plane contenant une s\u00e9rie de TFP verticaux de diam\u00e8tres \u00d81\u00a0mm, 3\u00a0mm et 6\u00a0mm \u00e0 diff\u00e9rentes profondeurs (de 5 \u00e0 60\u00a0mm par pas de 5\u00a0mm puis \u00e0 80, 100, 125 et 150\u00a0mm). La pi\u00e8ce et les d\u00e9fauts sont repr\u00e9sent\u00e9s ci-dessous.<\/span><\/p>\n<\/p>\n<p>\u00a0<\/p>\n<\/p>\n<p style=\"text-align: center;\"><a class=\"mediabox\" href=\"https:\/\/www.extende.com\/wp-content\/uploads\/CIVA-Validation-UT-TFP2-1.png\" title=\"\"><img loading=\"lazy\" decoding=\"async\" alt=\"\" class=\"mediabox alignnone wp-image-3923\" height=\"279\" src=\"https:\/\/www.extende.com\/wp-content\/uploads\/CIVA-Validation-UT-TFP2-1-small.png\" title=\"\" width=\"300\"><\/a><\/p>\n<\/p>\n<p>\u00a0<\/p>\n<\/p>\n<p>Pour chaque capteur, un balayage est r\u00e9alis\u00e9 \u00e0 la surface de la pi\u00e8ce selon 2 directions. Pour chaque trou l\u2019amplitude maximale de l\u2019\u00e9cho sp\u00e9culaire est mesur\u00e9e relativement \u00e0 un trou d\u2019\u00e9talonnage. Le mod\u00e8le d\u2019interaction utilis\u00e9 est le mod\u00e8le de <span class=\"g-color2\">Kirchhoff<\/span>, celui-ci \u00e9tant adapt\u00e9 aux \u00e9chos sp\u00e9culaires ou quasi-sp\u00e9culaires.<\/p>\n<\/p>\n<p>Les capteurs <span class=\"g-color2\">en immersion<\/span> suivants ont \u00e9t\u00e9 \u00e9tudi\u00e9s avec une hauteur d\u2019eau de 50\u00a0mm :\u00a0<\/p>\n<\/p>\n<p>\u00a0<\/p>\n<\/p>\n<div style=\"text-align:center;\">\n<table border=\"1\" cellpadding=\"2\" cellspacing=\"0\" style=\"line-height: 18px; text-align: center;\">\n<tbody>\n<tr>\n<td>Fr\u00e9quence<\/td>\n<td>Pastille<\/td>\n<td>D\u00e9faut d&rsquo;\u00e9talonnage<\/td>\n<td>Profondeur d&rsquo;\u00e9talonnage<\/td>\n<\/tr>\n<tr>\n<td>2,0\u00a0MHz<\/td>\n<td>\u00d819\u00a0mm<\/td>\n<td>TFP de \u00d82\u00a0mm<\/td>\n<td>24\u00a0mm<\/td>\n<\/tr>\n<tr>\n<td>4,6\u00a0MHz<\/td>\n<td>\u00d812,7\u00a0mm<\/td>\n<td>TG de \u00d82\u00a0mm<\/td>\n<td>8\u00a0mm<\/td>\n<\/tr>\n<tr>\n<td>5,0\u00a0MHz<\/td>\n<td>\u00d86,35\u00a0mm<\/td>\n<td>TG de \u00d82\u00a0mm<\/td>\n<td>24\u00a0mm<\/td>\n<\/tr>\n<\/tbody>\n<\/table>\n<\/div>\n<div><span style=\"line-height: 1.5em;\">\u00a0 <\/span><\/div>\n<\/p>\n<h2 class=\"titre-accordeon\">R\u00c9SULTATS<\/h2>\n<\/p>\n<p><span style=\"line-height: 1.5em;\"><\/span><\/p>\n<\/p>\n<h2 class=\"titre-paragraphe\">Capteur mono-\u00e9l\u00e9ment \u00e0 2\u00a0MHz et de \u00d819\u00a0mm<\/h2>\n<\/p>\n<p><span style=\"line-height: 1.5em;\">Pour le capteur en immersion de \u00d819\u00a0mm \u00e0 2\u00a0MHz, l\u2019inspection est r\u00e9alis\u00e9e avec une hauteur d\u2019eau de 50\u00a0mm. Le signal d\u2019entr\u00e9e a une fr\u00e9quence de 2\u00a0MHz, une bande passante de 60% et une phase de 0\u00b0.<\/span><\/p>\n<\/p>\n<p>La profondeur focale acoustique est de 18\u00a0mm, d\u00e9duite du faisceau simul\u00e9 illustr\u00e9 ci-dessous.<\/p>\n<\/p>\n<p>\u00a0<\/p>\n<\/p>\n<p style=\"text-align: center;\"><a class=\"mediabox\" href=\"https:\/\/www.extende.com\/wp-content\/uploads\/CIVA-Validation-UT-TFP2-2.png\" style=\"text-decoration: none;\" title=\"\"><img loading=\"lazy\" decoding=\"async\" align=\"\" alt=\"\" class=\"mediabox alignnone wp-image-3928\" height=\"199\" src=\"https:\/\/www.extende.com\/wp-content\/uploads\/CIVA-Validation-UT-TFP2-2-small.png\" width=\"400\" srcset=\"https:\/\/www.extende.com\/wp-content\/uploads\/CIVA-Validation-UT-TFP2-2-small.png 400w, https:\/\/www.extende.com\/wp-content\/uploads\/CIVA-Validation-UT-TFP2-2-small-300x149.png 300w\" sizes=\"auto, (max-width: 400px) 100vw, 400px\" \/><\/a><\/p>\n<\/p>\n<p>\u00a0<\/p>\n<\/p>\n<p>Les r\u00e9sultats sont \u00e9talonn\u00e9s par rapport \u00e0 un TFP de \u00d82\u00a0mm \u00e0 24\u00a0mm de profondeur inspect\u00e9 en mode L0\u00b0.<\/p>\n<\/p>\n<p>\u00a0<\/p>\n<\/p>\n<p style=\"text-align: center;\"><a class=\"mediabox\" href=\"https:\/\/www.extende.com\/wp-content\/uploads\/CIVA-Validation-UT-TFP2-3.png\" style=\"text-decoration: none;\" title=\"\"><img loading=\"lazy\" decoding=\"async\" align=\"\" alt=\"\" class=\"mediabox alignnone wp-image-3930\" height=\"230\" src=\"https:\/\/www.extende.com\/wp-content\/uploads\/CIVA-Validation-UT-TFP2-3-small.png\" width=\"400\" srcset=\"https:\/\/www.extende.com\/wp-content\/uploads\/CIVA-Validation-UT-TFP2-3-small.png 400w, https:\/\/www.extende.com\/wp-content\/uploads\/CIVA-Validation-UT-TFP2-3-small-300x173.png 300w\" sizes=\"auto, (max-width: 400px) 100vw, 400px\" \/><\/a><\/p>\n<\/p>\n<p>\u00a0<\/p>\n<\/p>\n<p>Un bon accord est observable avec g\u00e9n\u00e9ralement moins de 2\u00a0dB d\u2019\u00e9cart entre r\u00e9sultats exp\u00e9rimentaux et simul\u00e9s.<\/p>\n<\/p>\n<p>Par ailleurs on remarque \u00e9galement que la d\u00e9sorientation du capteur n\u2019a pas d\u2019influence sur les amplitudes des \u00e9chos.<\/p>\n<\/p>\n<p>\u00a0<\/p>\n<\/p>\n<h2 class=\"titre-paragraphe\">Capteur mono-\u00e9l\u00e9ment \u00e0 4,6\u00a0MHz de \u00d812,7\u00a0mm<\/h2>\n<\/p>\n<p><span style=\"line-height: 1.5em;\">Pour le capteur en immersion de \u00d812,7\u00a0mm \u00e0 4,6\u00a0MHz, l\u2019inspection est r\u00e9alis\u00e9e avec une hauteur d\u2019eau de 50\u00a0mm. Le signal d\u2019entr\u00e9e a une fr\u00e9quence de 4,6\u00a0MHz, une bande passante de 65% et une phase de 220\u00b0.<\/span><\/p>\n<\/p>\n<p>La profondeur focale acoustique est de 19\u00a0mm, d\u00e9duite du faisceau simul\u00e9 illustr\u00e9 ci-dessous. Elle varie tr\u00e8s peu avec l\u2019inclinaison du capteur.<\/p>\n<\/p>\n<p>\u00a0<\/p>\n<\/p>\n<p style=\"text-align: center;\"><a class=\"mediabox\" href=\"https:\/\/www.extende.com\/wp-content\/uploads\/CIVA-Validation-UT-TFP2-4.png\" style=\"text-decoration: none;\" title=\"\"><img loading=\"lazy\" decoding=\"async\" align=\"\" alt=\"\" class=\"mediabox alignnone wp-image-2831\" height=\"132\" src=\"https:\/\/www.extende.com\/wp-content\/uploads\/CIVA-Validation-UT-TFP2-4-small.png\" width=\"400\" srcset=\"https:\/\/www.extende.com\/wp-content\/uploads\/CIVA-Validation-UT-TFP2-4-small.png 400w, https:\/\/www.extende.com\/wp-content\/uploads\/CIVA-Validation-UT-TFP2-4-small-300x99.png 300w\" sizes=\"auto, (max-width: 400px) 100vw, 400px\" \/><\/a><\/p>\n<\/p>\n<p>\u00a0<\/p>\n<\/p>\n<p>Les r\u00e9sultats sont \u00e9talonn\u00e9s par rapport \u00e0 un TFP de \u00d82\u00a0mm \u00e0 24\u00a0mm de profondeur inspect\u00e9 en mode L0\u00b0.<\/p>\n<\/p>\n<p>\u00a0<\/p>\n<\/p>\n<p style=\"text-align: center;\"><a class=\"mediabox\" href=\"https:\/\/www.extende.com\/wp-content\/uploads\/CIVA-Validation-UT-TFP2-5.png\" style=\"text-decoration: none;\" title=\"\"><img loading=\"lazy\" decoding=\"async\" align=\"\" alt=\"\" class=\"mediabox alignnone wp-image-2841\" height=\"200\" src=\"https:\/\/www.extende.com\/wp-content\/uploads\/CIVA-Validation-UT-TFP2-5.png\" width=\"350\"><\/a><a class=\"mediabox\" href=\"https:\/\/www.extende.com\/wp-content\/uploads\/CIVA-Validation-UT-TFP2-6.png\" style=\"text-decoration: none;\" title=\"\"><img loading=\"lazy\" decoding=\"async\" align=\"\" alt=\"\" class=\"mediabox alignnone wp-image-3933\" height=\"200\" src=\"https:\/\/www.extende.com\/wp-content\/uploads\/CIVA-Validation-UT-TFP2-6.png\" width=\"350\"><\/a><\/p>\n<\/p>\n<p style=\"text-align: center;\"><a class=\"mediabox\" href=\"https:\/\/www.extende.com\/wp-content\/uploads\/CIVA-Validation-UT-TFP2-7.png\" style=\"text-decoration: none;\" title=\"\"><img loading=\"lazy\" decoding=\"async\" align=\"\" alt=\"\" class=\"mediabox alignnone wp-image-3934\" height=\"200\" src=\"https:\/\/www.extende.com\/wp-content\/uploads\/CIVA-Validation-UT-TFP2-7.png\" width=\"350\"><\/a><a class=\"mediabox\" href=\"https:\/\/www.extende.com\/wp-content\/uploads\/CIVA-Validation-UT-TFP2-8.png\" style=\"text-decoration: none;\" title=\"\"><img loading=\"lazy\" decoding=\"async\" align=\"\" alt=\"\" class=\"mediabox alignnone wp-image-3935\" height=\"200\" src=\"https:\/\/www.extende.com\/wp-content\/uploads\/CIVA-Validation-UT-TFP2-8.png\" width=\"350\"><\/a><\/p>\n<\/p>\n<p>\u00a0<\/p>\n<\/p>\n<p>Un bon accord est observable avec g\u00e9n\u00e9ralement moins de 2\u00a0dB d\u2019\u00e9cart entre r\u00e9sultats exp\u00e9rimentaux et simul\u00e9s.<\/p>\n<\/p>\n<p>On remarque que la d\u00e9sorientation du capteur se traduit par une chute d\u2019amplitude d\u00e9pendant de la profondeur du d\u00e9faut. Celle-ci est toujours d\u2019autant plus importante que le TFP est large. Pour les TFP de \u00d86\u00a0mm la chute d\u2019amplitude est de 4\u00a0dB entre 0\u00b0 et 1\u00b0 et de 10\u00a0dB (petites profondeurs) \u00e0 14\u00a0dB (grandes profondeurs) entre 0\u00b0 et 2\u00b0. Pour les TFP de \u00d83\u00a0mm la chute d\u2019amplitude est entre 1\u00a0dB et 2\u00a0dB entre 0\u00b0 et 1\u00b0 et de 2\u00a0dB (petites profondeurs) \u00e0 7\u00a0dB (grandes profondeurs) entre 0\u00b0 et 2\u00b0. Les variations d\u2019amplitude sont quasi-nulles pour les TFP de \u00d81\u00a0mm.<\/p>\n<\/p>\n<p>\u00a0<\/p>\n<\/p>\n<h2 class=\"titre-paragraphe\">Capteur mono-\u00e9l\u00e9ment \u00e0 5,0\u00a0MHz de \u00d86,35\u00a0mm<\/h2>\n<\/p>\n<p><span style=\"line-height: 1.5em;\">Pour le capteur en immersion de \u00d86,35\u00a0mm \u00e0 5\u00a0MHz, l\u2019inspection est r\u00e9alis\u00e9e avec une hauteur d\u2019eau de 50\u00a0mm. Le signal d\u2019entr\u00e9e a une fr\u00e9quence de 5\u00a0MHz, une bande passante de 70% et une phase de 255\u00b0.<\/span><\/p>\n<\/p>\n<p>Le faisceau acoustique est illustr\u00e9 ci-dessous.<\/p>\n<\/p>\n<p>\u00a0<\/p>\n<\/p>\n<p style=\"text-align: center;\"><a class=\"mediabox\" href=\"https:\/\/www.extende.com\/wp-content\/uploads\/CIVA-Validation-UT-TFP2-9-small.png\" style=\"text-decoration: none;\" title=\"\"><img loading=\"lazy\" decoding=\"async\" align=\"\" alt=\"\" class=\"mediabox alignnone wp-image-3936\" height=\"197\" src=\"https:\/\/www.extende.com\/wp-content\/uploads\/CIVA-Validation-UT-TFP2-9-small.png\" width=\"400\" srcset=\"https:\/\/www.extende.com\/wp-content\/uploads\/CIVA-Validation-UT-TFP2-9-small.png 400w, https:\/\/www.extende.com\/wp-content\/uploads\/CIVA-Validation-UT-TFP2-9-small-300x148.png 300w\" sizes=\"auto, (max-width: 400px) 100vw, 400px\" \/><\/a><\/p>\n<\/p>\n<p>\u00a0<\/p>\n<\/p>\n<p>Les r\u00e9sultats sont \u00e9talonn\u00e9s par rapport \u00e0 un TFP de \u00d82\u00a0mm \u00e0 8\u00a0mm de profondeur inspect\u00e9 en mode L0\u00b0.<\/p>\n<\/p>\n<p>\u00a0<\/p>\n<\/p>\n<p style=\"text-align: center;\"><a class=\"mediabox\" href=\"https:\/\/www.extende.com\/wp-content\/uploads\/CIVA-Validation-UT-TFP2-10.png\" style=\"text-decoration: none;\" title=\"\"><img loading=\"lazy\" decoding=\"async\" align=\"\" alt=\"\" class=\"mediabox alignnone wp-image-3937\" height=\"230\" src=\"https:\/\/www.extende.com\/wp-content\/uploads\/CIVA-Validation-UT-TFP2-10-small.png\" width=\"400\" srcset=\"https:\/\/www.extende.com\/wp-content\/uploads\/CIVA-Validation-UT-TFP2-10-small.png 400w, https:\/\/www.extende.com\/wp-content\/uploads\/CIVA-Validation-UT-TFP2-10-small-300x173.png 300w\" sizes=\"auto, (max-width: 400px) 100vw, 400px\" \/><\/a><\/p>\n<\/p>\n<p>\u00a0<\/p>\n<\/p>\n<p>Un bon accord est observable avec moins de 2\u00a0dB d\u2019\u00e9cart entre r\u00e9sultats exp\u00e9rimentaux et simul\u00e9s.<\/p>\n<\/p>\n<p>Par ailleurs on remarque \u00e9galement que la d\u00e9sorientation du capteur se traduit par une chute d\u2019amplitude d\u2019autant plus importante que le TFP est large. Contrairement au cas du capteur de \u00d812,7\u00a0mm, la chute d\u2019amplitude est ind\u00e9pendante de la profondeur du TFP. Entre 0\u00b0 et 1\u00b0, la chute d\u2019amplitude est de 4\u00a0dB pour les TFP de \u00d86\u00a0mm, de 2\u00a0dB pour les TFP de \u00d83\u00a0mm et quasi-nulle pour les TFP de \u00d81\u00a0mm.<\/p>\n<\/p>\n<p>\u00a0<\/p>\n<\/p>\n<p>Continuer vers <a class=\"lien\" href=\"https:\/\/www.extende.com\/fr\/la-simulation-cnd\/documentation\/validation-experimentale-des-modeles-civa\/validation-experimentale-des-modeles-civa-en-ultrasons\/ultrasons-reflecteurs-artificiels\/reflecteurs-trous-a-fond-plat\/ut-reflecteurs-trous-a-fond-plat-courbes-dgs\/\" target=\"_self\">Courbes DGS<\/a><\/p>\n<\/p>\n<p>Retourner au menu <a class=\"lien\" href=\"https:\/\/www.extende.com\/fr\/la-simulation-cnd\/documentation\/validation-experimentale-des-modeles-civa\/validation-experimentale-des-modeles-civa-en-ultrasons\/ultrasons-reflecteurs-artificiels\/reflecteurs-trous-a-fond-plat\/\" target=\"_self\">R\u00e9flecteurs trous \u00e0 fond plat<\/a><\/p>\n<\/p>\n<p>Retourner au menu <a class=\"lien\" href=\"https:\/\/www.extende.com\/fr\/la-simulation-cnd\/documentation\/validation-experimentale-des-modeles-civa\/validation-experimentale-des-modeles-civa-en-ultrasons\/ultrasons-reflecteurs-artificiels\/\" target=\"_self\">R\u00e9flecteurs artificiels<\/a><\/p><\/p>\n","protected":false},"excerpt":{"rendered":"<p>Validation exp\u00e9rimentale et caract\u00e9risation des mod\u00e8les Ultrasons de CIVA, r\u00e9flecteurs artificiels, trous \u00e0 fond plat, logiciel de simulation CND<\/p>\n","protected":false},"author":0,"featured_media":0,"parent":2936,"menu_order":1,"comment_status":"closed","ping_status":"closed","template":"templates\/page--extende.html.php","meta":{"_acf_changed":false,"footnotes":""},"class_list":["post-3939","page","type-page","status-publish","hentry"],"acf":[],"_links":{"self":[{"href":"https:\/\/www.extende.com\/fr\/wp-json\/wp\/v2\/pages\/3939","targetHints":{"allow":["GET"]}}],"collection":[{"href":"https:\/\/www.extende.com\/fr\/wp-json\/wp\/v2\/pages"}],"about":[{"href":"https:\/\/www.extende.com\/fr\/wp-json\/wp\/v2\/types\/page"}],"replies":[{"embeddable":true,"href":"https:\/\/www.extende.com\/fr\/wp-json\/wp\/v2\/comments?post=3939"}],"version-history":[{"count":1,"href":"https:\/\/www.extende.com\/fr\/wp-json\/wp\/v2\/pages\/3939\/revisions"}],"predecessor-version":[{"id":5611,"href":"https:\/\/www.extende.com\/fr\/wp-json\/wp\/v2\/pages\/3939\/revisions\/5611"}],"up":[{"embeddable":true,"href":"https:\/\/www.extende.com\/fr\/wp-json\/wp\/v2\/pages\/2936"}],"wp:attachment":[{"href":"https:\/\/www.extende.com\/fr\/wp-json\/wp\/v2\/media?parent=3939"}],"curies":[{"name":"wp","href":"https:\/\/api.w.org\/{rel}","templated":true}]}}