{"id":3984,"date":"2025-06-24T18:36:18","date_gmt":"2025-06-24T16:36:18","guid":{"rendered":""},"modified":"2025-06-24T18:52:12","modified_gmt":"2025-06-24T16:52:12","slug":"ut-reflecteurs-trous-a-fond-plat-courbes-dgs","status":"publish","type":"page","link":"https:\/\/www.extende.com\/fr\/la-simulation-cnd\/documentation\/validation-experimentale-des-modeles-civa\/validation-experimentale-des-modeles-civa-en-ultrasons\/ultrasons-reflecteurs-artificiels\/reflecteurs-trous-a-fond-plat\/ut-reflecteurs-trous-a-fond-plat-courbes-dgs\/","title":{"rendered":"UT &#8211; R\u00e9flecteurs Trous \u00e0 Fond Plat &#8211; Courbes DGS"},"content":{"rendered":"<p>Vue globale :<\/p>\n<\/p>\n<p>\u00a0<\/p>\n<\/p>\n<div style=\"text-align:center;\">\n<table border=\"1\" cellpadding=\"2\" cellspacing=\"0\" style=\"line-height: 18px; text-align: center;\">\n<tbody>\n<tr>\n<td>Capteur contact<\/td>\n<td>1,0\u00a0MHz 20&#215;22\u00a0mm<\/td>\n<td>2,0\u00a0MHz 20&#215;22\u00a0mm<\/td>\n<td>4,0\u00a0MHz 8&#215;9\u00a0mm<\/td>\n<\/tr>\n<tr>\n<td>T45\u00b0<\/td>\n<td>Trait\u00e9<\/td>\n<td>Trait\u00e9<\/td>\n<td>\u00a0<\/td>\n<\/tr>\n<tr>\n<td>T60\u00b0<\/td>\n<td>Trait\u00e9<\/td>\n<td>Trait\u00e9<\/td>\n<td>Trait\u00e9<\/td>\n<\/tr>\n<\/tbody>\n<\/table>\n<\/div>\n<p>\u00a0<\/p>\n<\/p>\n<div style=\"text-align:center;\">\n<table align=\"center\" border=\"1\" cellpadding=\"1\" cellspacing=\"1\" style=\"width: 500px;text-align: center;\">\n<tbody>\n<tr>\n<td>Cas sp\u00e9cifique<\/td>\n<td>2.0 MHz\u00a0\u00d824mm<\/td>\n<td>2.0\u00a0MHz\u00a0\u00d824mm<\/td>\n<\/tr>\n<tr>\n<td>L0\u00b0<\/td>\n<td>\n<p>Contact<\/p>\n<p>TFP tr\u00e8s larges<\/p>\n<\/td>\n<td>\n<p>Immersion<\/p>\n<p>TFP dans l&rsquo;eau<\/p>\n<\/td>\n<\/tr>\n<\/tbody>\n<\/table>\n<\/div>\n<p class=\"titre-accordeon\">\u00a0<\/p>\n<\/p>\n<h2 class=\"titre-accordeon\">CONFIGURATION<\/h2>\n<\/p>\n<p><span style=\"line-height: 1.5em;\">Les courbes DGS (Distance Gain Size \u2013 en anglais) ou AVG (Abstand Verstaerkung Gr\u00f6esse \u2013 en allemand) du fabricant (Krautkr\u00e4mer) sont compar\u00e9es aux donn\u00e9es simul\u00e9es pour quelques capteurs. Pour chaque diam\u00e8tre de TFP, une maquette contenant 11 TFP \u00e0 diff\u00e9rentes profondeurs a \u00e9t\u00e9 mod\u00e9lis\u00e9e.<\/span><\/p>\n<\/p>\n<p>\u00a0<\/p>\n<\/p>\n<p style=\"text-align: center;\"><a class=\"mediabox\" href=\"https:\/\/www.extende.com\/wp-content\/uploads\/CIVA-Validation-UT-TFP3-1.png\" style=\"text-decoration: none;\" title=\"\"><img decoding=\"async\" align=\"\" alt=\"\" class=\"mediabox alignnone wp-image-3940\" height=\"200\" src=\"https:\/\/www.extende.com\/wp-content\/uploads\/CIVA-Validation-UT-TFP3-1-small.png\"><\/a><\/p>\n<\/p>\n<p>\u00a0<\/p>\n<\/p>\n<p>Pour chaque trou l\u2019amplitude maximale de l\u2019\u00e9cho sp\u00e9culaire est mesur\u00e9e relativement \u00e0 un r\u00e9flecteur d\u2019\u00e9talonnage. Le mod\u00e8le d\u2019interaction utilis\u00e9 est le mod\u00e8le de <span class=\"g-color2\">Kirchhoff<\/span>, celui-ci \u00e9tant adapt\u00e9 aux \u00e9chos sp\u00e9culaires.<\/p>\n<\/p>\n<p>\u00a0<\/p>\n<\/p>\n<p>Les capteurs <span class=\"g-color2\">au contact<\/span> suivants ont \u00e9t\u00e9 \u00e9tudi\u00e9s :<\/p>\n<\/p>\n<p>\u00a0<\/p>\n<\/p>\n<div style=\"text-align:center;\">\n<table border=\"1\" cellpadding=\"2\" cellspacing=\"0\" style=\"line-height: 18px; text-align: center;\">\n<tbody>\n<tr>\n<td>Fr\u00e9quence<\/td>\n<td>Pastille<\/td>\n<td>Mode<\/td>\n<td>D\u00e9faut d&rsquo;\u00e9talonnage<\/td>\n<td>Profondeur d&rsquo;\u00e9talonnage<\/td>\n<\/tr>\n<tr>\n<td rowspan=\"2\">1,0\u00a0MHz<\/td>\n<td>20&#215;22\u00a0mm<\/td>\n<td>T45\u00b0<\/td>\n<td>TFP de \u00d81,5\u00a0mm<\/td>\n<td>100\u00a0mm<\/td>\n<\/tr>\n<tr>\n<td>20&#215;22\u00a0mm<\/td>\n<td>T60\u00b0<\/td>\n<td>TFP de \u00d81,5\u00a0mm<\/td>\n<td>100\u00a0mm<\/td>\n<\/tr>\n<tr>\n<td rowspan=\"2\">2,0\u00a0MHz<\/td>\n<td>20&#215;22\u00a0mm<\/td>\n<td>T45\u00b0<\/td>\n<td>TFP de \u00d83\u00a0mm<\/td>\n<td>100\u00a0mm<\/td>\n<\/tr>\n<tr>\n<td>20&#215;22\u00a0mm<\/td>\n<td>T60\u00b0<\/td>\n<td>TFP de \u00d81,5\u00a0mm<\/td>\n<td>200\u00a0mm<\/td>\n<\/tr>\n<tr>\n<td>4,0\u00a0MHz<\/td>\n<td>8&#215;9\u00a0mm<\/td>\n<td>T60\u00b0<\/td>\n<td>TFP de \u00d80,5\u00a0mm<\/td>\n<td>30\u00a0mm<\/td>\n<\/tr>\n<\/tbody>\n<\/table>\n<\/div>\n<p>\u00a0<\/p>\n<\/p>\n<p><span style=\"line-height: 1.5em;\">Une exp\u00e9rience particuli\u00e8re a \u00e9t\u00e9 men\u00e9e avec un capteur \u00d824\u00a0mm en mode L0\u00b0. Il est utilis\u00e9 dans un cas au contact avec des r\u00e9flecteurs de <span class=\"g-color2\">tr\u00e8s grand diam\u00e8tre<\/span>, puis sur des TFP de diff\u00e9rents diam\u00e8tres \u00e0 diff\u00e9rentes profondeurs <span class=\"g-color2\">dans de l\u2019eau<\/span> :<\/span><\/p>\n<\/p>\n<p>\u00a0<\/p>\n<\/p>\n<div style=\"text-align:center;\">\n<table border=\"1\" cellpadding=\"2\" cellspacing=\"0\" style=\"line-height: 18px;\">\n<tbody>\n<tr>\n<td style=\"text-align: center;\">Fr\u00e9quence<\/td>\n<td style=\"text-align: center;\">Pastille<\/td>\n<td style=\"text-align: center;\">Mode<\/td>\n<td style=\"text-align: center;\">D\u00e9faut d&rsquo;\u00e9talonnage<\/td>\n<td style=\"text-align: center;\">Profondeur d&rsquo;\u00e9talonnage<\/td>\n<\/tr>\n<tr>\n<td rowspan=\"2\" style=\"text-align: center;\">2\u00a0MHz<\/td>\n<td style=\"text-align: center;\"><span style=\"line-height: 1.5em;\">\u00d824\u00a0mm<\/span><\/td>\n<td rowspan=\"2\" style=\"text-align: center;\">L0\u00b0<\/td>\n<td style=\"text-align: center;\">TFP de grand diam\u00e8tre<\/td>\n<td style=\"text-align: center;\">100\u00a0mm<\/td>\n<\/tr>\n<tr>\n<td style=\"text-align: center;\"><span style=\"line-height: 1.5em;\">\u00d824\u00a0mm<\/span><\/td>\n<td style=\"text-align: center;\">TFP de \u00d82,4\u00a0mm<\/td>\n<td style=\"text-align: center;\">590\u00a0mm<\/td>\n<\/tr>\n<\/tbody>\n<\/table>\n<\/div>\n<p>\u00a0<\/p>\n<\/p>\n<h2 class=\"titre-accordeon\">R\u00c9SULTATS<\/h2>\n<\/p>\n<h2 class=\"titre-paragraphe\">Capteur T45\u00b0 au contact mono-\u00e9l\u00e9ment \u00e0 1,0\u00a0MHz de 20&#215;22\u00a0mm<\/h2>\n<\/p>\n<p>Pour le capteur au contact de 20&#215;22\u00a0mm \u00e0 1\u00a0MHz, l\u2019inspection est r\u00e9alis\u00e9e avec le mode T45\u00b0. Le signal d\u2019entr\u00e9e a une fr\u00e9quence de 1,0\u00a0MHz, une bande passante de 55% et une phase de 0\u00b0.<\/p>\n<\/p>\n<p>La profondeur focale acoustique est de 25\u00a0mm, d\u00e9duite du faisceau simul\u00e9 illustr\u00e9 ci-dessous, ce qui correspond \u00e0 une distance de 35\u00a0mm.<\/p>\n<\/p>\n<p>\u00a0<\/p>\n<\/p>\n<p style=\"text-align: center;\"><a class=\"mediabox\" href=\"https:\/\/www.extende.com\/wp-content\/uploads\/CIVA-Validation-UT-TFP3-2.png\" style=\"text-decoration: none;\" title=\"\"><img loading=\"lazy\" decoding=\"async\" width=\"200\" height=\"202\" align=\"\" alt=\"\" class=\"mediabox alignnone wp-image-3958\" src=\"https:\/\/www.extende.com\/wp-content\/uploads\/CIVA-Validation-UT-TFP3-2-small.png\"><\/a><\/p>\n<\/p>\n<p>\u00a0<\/p>\n<\/p>\n<p>Les r\u00e9sultats sont \u00e9talonn\u00e9s par rapport au TFP de \u00d81,5\u00a0mm \u00e0 100\u00a0mm de distance.<\/p>\n<\/p>\n<p>\u00a0<\/p>\n<\/p>\n<p style=\"text-align: center;\"><a class=\"mediabox\" href=\"https:\/\/www.extende.com\/wp-content\/uploads\/CIVA-Validation-UT-TFP3-3.png\" style=\"text-decoration: none;\" title=\"\"><img loading=\"lazy\" decoding=\"async\" align=\"\" alt=\"\" class=\"mediabox alignnone wp-image-3960\" height=\"230\" src=\"https:\/\/www.extende.com\/wp-content\/uploads\/CIVA-Validation-UT-TFP3-3-small.png\" width=\"400\" srcset=\"https:\/\/www.extende.com\/wp-content\/uploads\/CIVA-Validation-UT-TFP3-3-small.png 400w, https:\/\/www.extende.com\/wp-content\/uploads\/CIVA-Validation-UT-TFP3-3-small-300x173.png 300w\" sizes=\"auto, (max-width: 400px) 100vw, 400px\" \/><\/a><\/p>\n<\/p>\n<p>\u00a0<\/p>\n<\/p>\n<p>Les courbes montrent un bon accord entre simulation et exp\u00e9rience. Des \u00e9carts sup\u00e9rieurs \u00e0 2\u00a0dB apparaissent uniquement dans le cas de petits TFP situ\u00e9s en <a class=\"g-lien\" href=\"https:\/\/www.extende.com\/fr\/la-simulation-cnd\/documentation\/validation-experimentale-des-modeles-civa\/validation-experimentale-des-modeles-civa-en-ultrasons\/ultrasons-reflecteurs-artificiels\/reflecteurs-trous-a-fond-plat\/ut-reflecteurs-trous-a-fond-plat-conclusion-et-discussion-sur-les-limitations\/\" target=\"_self\">amont du point focal<\/a>.<\/p>\n<\/p>\n<p>\u00a0<\/p>\n<\/p>\n<h2 class=\"titre-paragraphe\">Capteur T60\u00b0 au contact mono-\u00e9l\u00e9ment \u00e0 1,0\u00a0MHz de 20&#215;22\u00a0mm<\/h2>\n<\/p>\n<p>Pour le capteur au contact de 20&#215;22\u00a0mm \u00e0 1\u00a0MHz, l\u2019inspection est r\u00e9alis\u00e9e avec le mode T60\u00b0. Le signal d\u2019entr\u00e9e a une fr\u00e9quence de 1,0\u00a0MHz, une bande passante de 55% et une phase de 0\u00b0.<\/p>\n<\/p>\n<p>La profondeur focale acoustique est de 15\u00a0mm, d\u00e9duite du faisceau simul\u00e9 illustr\u00e9 ci-dessous, ce qui correspond \u00e0 une distance de 25\u00a0mm.<\/p>\n<\/p>\n<p>\u00a0<\/p>\n<\/p>\n<p style=\"text-align: center;\"><a class=\"mediabox\" href=\"https:\/\/www.extende.com\/wp-content\/uploads\/CIVA-Validation-UT-TFP3-4.png\" style=\"text-decoration: none;\" title=\"\"><img loading=\"lazy\" decoding=\"async\" width=\"200\" height=\"141\" align=\"\" alt=\"\" class=\"mediabox alignnone wp-image-3962\" src=\"https:\/\/www.extende.com\/wp-content\/uploads\/CIVA-Validation-UT-TFP3-4-small.png\"><\/a><\/p>\n<\/p>\n<p>\u00a0<\/p>\n<\/p>\n<p>Les r\u00e9sultats sont \u00e9talonn\u00e9s par rapport au TFP de \u00d81.5\u00a0mm \u00e0 100\u00a0mm de distance.<\/p>\n<\/p>\n<p>\u00a0<\/p>\n<\/p>\n<p style=\"text-align: center;\"><a class=\"mediabox\" href=\"https:\/\/www.extende.com\/wp-content\/uploads\/CIVA-Validation-UT-TFP3-5.png\" style=\"text-decoration: none;\" title=\"\"><img decoding=\"async\" align=\"\" alt=\"\" class=\"mediabox alignnone wp-image-3964\" height=\"230\" src=\"https:\/\/www.extende.com\/wp-content\/uploads\/CIVA-Validation-UT-TFP3-5-small.png\" srcset=\"https:\/\/www.extende.com\/wp-content\/uploads\/CIVA-Validation-UT-TFP3-5-small.png 400w, https:\/\/www.extende.com\/wp-content\/uploads\/CIVA-Validation-UT-TFP3-5-small-300x173.png 300w\" sizes=\"(max-width: 400px) 100vw, 400px\" \/><\/a><\/p>\n<\/p>\n<p>\u00a0<\/p>\n<\/p>\n<p>Un bon accord est observable avec souvent moins de 2\u00a0dB d\u2019\u00e9cart.<\/p>\n<\/p>\n<p>\u00a0<\/p>\n<\/p>\n<h2 class=\"titre-paragraphe\">Capteur T45\u00b0 au contact mono-\u00e9l\u00e9ment \u00e0 2,0\u00a0MHz de 20&#215;22\u00a0mm<\/h2>\n<\/p>\n<p>Pour le capteur au contact de 20&#215;22\u00a0mm \u00e0 2\u00a0MHz, l\u2019inspection est r\u00e9alis\u00e9e avec le mode T45\u00b0. Le signal d\u2019entr\u00e9e a une fr\u00e9quence de 2,0\u00a0MHz, une bande passante de 41% et une phase de 75\u00b0.<\/p>\n<\/p>\n<p>La profondeur focale acoustique est de 53\u00a0mm, d\u00e9duite du faisceau simul\u00e9 illustr\u00e9 ci-dessous.<\/p>\n<\/p>\n<p>\u00a0<\/p>\n<\/p>\n<p style=\"text-align: center;\"><a class=\"mediabox\" href=\"https:\/\/www.extende.com\/wp-content\/uploads\/CIVA-Validation-UT-TFP3-6.png\" style=\"text-decoration: none;\" title=\"\"><img loading=\"lazy\" decoding=\"async\" width=\"200\" height=\"202\" align=\"\" alt=\"\" class=\"mediabox alignnone wp-image-3966\" src=\"https:\/\/www.extende.com\/wp-content\/uploads\/CIVA-Validation-UT-TFP3-6-small.png\"><\/a><\/p>\n<\/p>\n<p>\u00a0<\/p>\n<\/p>\n<p>Les r\u00e9sultats sont \u00e9talonn\u00e9s par rapport au TFP de \u00d83\u00a0mm \u00e0 100\u00a0mm de profondeur.<\/p>\n<\/p>\n<p>\u00a0<\/p>\n<\/p>\n<p style=\"text-align: center;\"><a class=\"mediabox\" href=\"https:\/\/www.extende.com\/wp-content\/uploads\/CIVA-Validation-UT-TFP3-7.png\" style=\"text-decoration: none;\" title=\"\"><img decoding=\"async\" align=\"\" alt=\"\" class=\"mediabox alignnone wp-image-3968\" height=\"350\" src=\"https:\/\/www.extende.com\/wp-content\/uploads\/CIVA-Validation-UT-TFP3-7-small.png\" srcset=\"https:\/\/www.extende.com\/wp-content\/uploads\/CIVA-Validation-UT-TFP3-7-small.png 400w, https:\/\/www.extende.com\/wp-content\/uploads\/CIVA-Validation-UT-TFP3-7-small-300x300.png 300w, https:\/\/www.extende.com\/wp-content\/uploads\/CIVA-Validation-UT-TFP3-7-small-150x150.png 150w\" sizes=\"(max-width: 400px) 100vw, 400px\" \/><\/a><\/p>\n<\/p>\n<p>\u00a0<\/p>\n<\/p>\n<p>Un bon accord est observable avec souvent moins de 2\u00a0dB d\u2019\u00e9cart. Pour les plus petits TFP en <a class=\"g-lien\" href=\"https:\/\/www.extende.com\/fr\/la-simulation-cnd\/documentation\/validation-experimentale-des-modeles-civa\/validation-experimentale-des-modeles-civa-en-ultrasons\/ultrasons-reflecteurs-artificiels\/reflecteurs-trous-a-fond-plat\/ut-reflecteurs-trous-a-fond-plat-conclusion-et-discussion-sur-les-limitations\/\" target=\"_self\">amont du point focal<\/a>, l\u2019\u00e9cart peut atteindre 6\u00a0dB.<\/p>\n<\/p>\n<p>\u00a0<\/p>\n<\/p>\n<h2 class=\"titre-paragraphe\">Capteur T60\u00b0 au contact mono-\u00e9l\u00e9ment \u00e0 2,0\u00a0MHz de 20&#215;22\u00a0mm<\/h2>\n<\/p>\n<p>Pour le capteur au contact de 20&#215;22\u00a0mm \u00e0 2\u00a0MHz, l\u2019inspection est r\u00e9alis\u00e9e avec le mode T60\u00b0. Le signal d\u2019entr\u00e9e a une fr\u00e9quence de 2,0\u00a0MHz, une bande passante de 40% et une phase de 0\u00b0.<\/p>\n<\/p>\n<p>La profondeur focale acoustique est de 36\u00a0mm, d\u00e9duite du faisceau simul\u00e9 illustr\u00e9 ci-dessous, ce qui correspond \u00e0 une distance de 63\u00a0mm.<\/p>\n<\/p>\n<p>\u00a0<\/p>\n<\/p>\n<p style=\"text-align: center;\"><a class=\"mediabox\" href=\"https:\/\/www.extende.com\/wp-content\/uploads\/CIVA-Validation-UT-TFP3-8.png\" style=\"text-decoration: none;\" title=\"\"><img loading=\"lazy\" decoding=\"async\" width=\"200\" height=\"146\" align=\"\" alt=\"\" class=\"mediabox alignnone wp-image-3970\" src=\"https:\/\/www.extende.com\/wp-content\/uploads\/CIVA-Validation-UT-TFP3-8-small.png\"><\/a><\/p>\n<\/p>\n<p>\u00a0<\/p>\n<\/p>\n<p>Les r\u00e9sultats sont \u00e9talonn\u00e9s par rapport au TFP de \u00d81.5\u00a0mm \u00e0 200\u00a0mm de distance.<\/p>\n<\/p>\n<p>\u00a0<\/p>\n<\/p>\n<p style=\"text-align: center;\"><a class=\"mediabox\" href=\"https:\/\/www.extende.com\/wp-content\/uploads\/CIVA-Validation-UT-TFP3-9.png\" style=\"text-decoration: none;\" title=\"\"><img decoding=\"async\" align=\"\" alt=\"\" class=\"mediabox alignnone wp-image-3972\" height=\"230\" src=\"https:\/\/www.extende.com\/wp-content\/uploads\/CIVA-Validation-UT-TFP3-9-small.png\" srcset=\"https:\/\/www.extende.com\/wp-content\/uploads\/CIVA-Validation-UT-TFP3-9-small.png 400w, https:\/\/www.extende.com\/wp-content\/uploads\/CIVA-Validation-UT-TFP3-9-small-300x173.png 300w\" sizes=\"(max-width: 400px) 100vw, 400px\" \/><\/a><\/p>\n<\/p>\n<p>\u00a0<\/p>\n<\/p>\n<p>Les courbes montrent un bon accord entre simulation et exp\u00e9rience pour des TFP plus profonds que la profondeur focale. Pour les TFP <a class=\"g-lien\" href=\"https:\/\/www.extende.com\/fr\/la-simulation-cnd\/documentation\/validation-experimentale-des-modeles-civa\/validation-experimentale-des-modeles-civa-en-ultrasons\/ultrasons-reflecteurs-artificiels\/reflecteurs-trous-a-fond-plat\/ut-reflecteurs-trous-a-fond-plat-conclusion-et-discussion-sur-les-limitations\/\" target=\"_self\">moins profonds que le point focal<\/a>, CIVA surestime l\u2019\u00e9cho : par exemple, l\u2019\u00e9cart est autour de 5\u00a0dB pour les TFP de \u00d86\u00a0mm, \u00d88\u00a0mm et \u00d812\u00a0mm.<\/p>\n<\/p>\n<p>\u00a0<\/p>\n<\/p>\n<h2 class=\"titre-paragraphe\">Capteur T60\u00b0 au contact mono-\u00e9l\u00e9ment \u00e0 4,0\u00a0MHz de 8&#215;9\u00a0mm<\/h2>\n<\/p>\n<p>Pour le capteur au contact de 8&#215;9\u00a0mm \u00e0 4\u00a0MHz, l\u2019inspection est r\u00e9alis\u00e9e avec le mode T60\u00b0. Le signal d\u2019entr\u00e9e a une fr\u00e9quence de 4,0\u00a0MHz, une bande passante de 42% et une phase de 151\u00b0.<\/p>\n<\/p>\n<p>La profondeur focale acoustique est de 12\u00a0mm, d\u00e9duite du faisceau simul\u00e9 illustr\u00e9 ci-dessous, ce qui correspond \u00e0 une distance de 21\u00a0mm.<\/p>\n<\/p>\n<p>\u00a0<\/p>\n<\/p>\n<p style=\"text-align: center;\"><a class=\"mediabox\" href=\"https:\/\/www.extende.com\/wp-content\/uploads\/CIVA-Validation-UT-TFP3-10.png\" style=\"text-decoration: none;\" title=\"\"><img loading=\"lazy\" decoding=\"async\" width=\"200\" height=\"137\" align=\"\" alt=\"\" class=\"mediabox alignnone wp-image-3974\" src=\"https:\/\/www.extende.com\/wp-content\/uploads\/CIVA-Validation-UT-TFP3-10-small.png\"><\/a><\/p>\n<\/p>\n<p>\u00a0<\/p>\n<\/p>\n<p>Les r\u00e9sultats sont \u00e9talonn\u00e9s par rapport au TFP de \u00d80,5\u00a0mm \u00e0 30\u00a0mm de distance.<\/p>\n<\/p>\n<p>\u00a0<\/p>\n<\/p>\n<p style=\"text-align: center;\"><a class=\"mediabox\" href=\"https:\/\/www.extende.com\/wp-content\/uploads\/CIVA-Validation-UT-TFP3-11.png\" style=\"text-decoration: none;\" title=\"\"><img decoding=\"async\" align=\"\" alt=\"\" class=\"mediabox alignnone wp-image-3976\" height=\"230\" src=\"https:\/\/www.extende.com\/wp-content\/uploads\/CIVA-Validation-UT-TFP3-11-small.png\" srcset=\"https:\/\/www.extende.com\/wp-content\/uploads\/CIVA-Validation-UT-TFP3-11-small.png 400w, https:\/\/www.extende.com\/wp-content\/uploads\/CIVA-Validation-UT-TFP3-11-small-300x173.png 300w\" sizes=\"(max-width: 400px) 100vw, 400px\" \/><\/a><\/p>\n<\/p>\n<p>\u00a0<\/p>\n<\/p>\n<p>Les donn\u00e9es simul\u00e9es par CIVA sont proches des donn\u00e9es Krautkr\u00e4mer, avec moins de 2\u00a0dB d\u2019\u00e9cart pour les TFP plus profonds que le point focal. Pour les TFP <a class=\"g-lien\" href=\"https:\/\/www.extende.com\/fr\/la-simulation-cnd\/documentation\/validation-experimentale-des-modeles-civa\/validation-experimentale-des-modeles-civa-en-ultrasons\/ultrasons-reflecteurs-artificiels\/reflecteurs-trous-a-fond-plat\/ut-reflecteurs-trous-a-fond-plat-conclusion-et-discussion-sur-les-limitations\/\" target=\"_self\">moins profonds que le point focal<\/a>, CIVA surestime les \u00e9chos de 2\u00a0dB sur les petits (\u00d80,5\u00a0mm) et grands (\u00d810\u00a0mm) TFP et jusqu\u2019\u00e0 8\u00a0dB pour les TFP de dimensions moyennes (\u00d84\u00a0mm).<\/p>\n<\/p>\n<p>\u00a0<\/p>\n<\/p>\n<h2 class=\"titre-paragraphe\">Capteur L0\u00b0 au contact mono-\u00e9l\u00e9ment \u00e0 2,0\u00a0MHz de 24\u00a0mm<\/h2>\n<\/p>\n<p>Pour le capteur au contact de \u00d824\u00a0mm \u00e0 2\u00a0MHz, l\u2019inspection est r\u00e9alis\u00e9e avec le mode L0\u00b0. Le signal d\u2019entr\u00e9e a une fr\u00e9quence de 2,0\u00a0MHz, une bande passante de 59% et une phase de 0\u00b0.<\/p>\n<\/p>\n<p>La profondeur focale acoustique est de 51\u00a0mm, d\u00e9duite du faisceau simul\u00e9 illustr\u00e9 ci-dessous.<\/p>\n<\/p>\n<p>\u00a0<\/p>\n<\/p>\n<p style=\"text-align: center;\"><a class=\"mediabox\" href=\"https:\/\/www.extende.com\/wp-content\/uploads\/CIVA-Validation-UT-TFP3-12-large.png\" style=\"text-decoration: none;\" title=\"\"><img decoding=\"async\" align=\"\" alt=\"\" class=\"mediabox alignnone wp-image-3953\" height=\"265\" src=\"https:\/\/www.extende.com\/wp-content\/uploads\/CIVA-Validation-UT-TFP3-12.png\"><\/a><\/p>\n<\/p>\n<p>\u00a0<\/p>\n<\/p>\n<p>Les r\u00e9sultats sont \u00e9talonn\u00e9s par rapport \u00e0 un r\u00e9flecteur de tr\u00e8s grand diam\u00e8tre \u00e0 100\u00a0mm de profondeur.<\/p>\n<\/p>\n<p>\u00a0<\/p>\n<\/p>\n<p style=\"text-align: center;\"><a class=\"mediabox\" href=\"https:\/\/www.extende.com\/wp-content\/uploads\/CIVA-Validation-UT-TFP3-13.png\" style=\"text-decoration: none;\" title=\"\"><img decoding=\"async\" align=\"\" alt=\"\" class=\"mediabox alignnone wp-image-3979\" height=\"230\" src=\"https:\/\/www.extende.com\/wp-content\/uploads\/CIVA-Validation-UT-TFP3-13-small.png\" srcset=\"https:\/\/www.extende.com\/wp-content\/uploads\/CIVA-Validation-UT-TFP3-13-small.png 400w, https:\/\/www.extende.com\/wp-content\/uploads\/CIVA-Validation-UT-TFP3-13-small-300x173.png 300w\" sizes=\"(max-width: 400px) 100vw, 400px\" \/><\/a><\/p>\n<\/p>\n<p>\u00a0<\/p>\n<\/p>\n<p>Un tr\u00e8s bon accord est obtenu pour l\u2019inspection en L0\u00b0. CIVA estime les \u00e9chos avec moins de 1\u00a0dB d\u2019\u00e9cart par rapport aux donn\u00e9es Krautkr\u00e4mer. Il est \u00e0 noter que tous les TFP de cette configuration sont plus profonds que le point focal.<\/p>\n<\/p>\n<p>\u00a0<\/p>\n<\/p>\n<h2 class=\"titre-paragraphe\">Capteur L0\u00b0 mono-\u00e9l\u00e9ment \u00e0 2,0\u00a0MHz de 24\u00a0mm en eau<\/h2>\n<\/p>\n<p>Pour le capteur de \u00d824\u00a0mm \u00e0 2\u00a0MHz, une inspection est r\u00e9alis\u00e9e en eau avec le mode L0\u00b0. Le signal d\u2019entr\u00e9e a une fr\u00e9quence de 2,0\u00a0MHz, une bande passante de 40% et une phase de 0\u00b0.<\/p>\n<\/p>\n<p>La profondeur focale acoustique est de 184\u00a0mm, d\u00e9duite du faisceau simul\u00e9 illustr\u00e9 ci-dessous.<\/p>\n<\/p>\n<p>\u00a0<\/p>\n<\/p>\n<p style=\"text-align: center;\"><a class=\"mediabox\" href=\"https:\/\/www.extende.com\/wp-content\/uploads\/CIVA-Validation-UT-TFP3-14.png\" style=\"text-decoration: none;\" title=\"\"><img decoding=\"async\" align=\"\" alt=\"\" class=\"mediabox alignnone wp-image-3981\" height=\"200\" src=\"https:\/\/www.extende.com\/wp-content\/uploads\/CIVA-Validation-UT-TFP3-14.png\"><\/a><\/p>\n<\/p>\n<p>\u00a0<\/p>\n<\/p>\n<p>Les r\u00e9sultats sont \u00e9talonn\u00e9s par rapport \u00e0 un r\u00e9flecteur de \u00d82,4\u00a0mm \u00e0 590\u00a0mm de profondeur.<\/p>\n<\/p>\n<p>\u00a0<\/p>\n<\/p>\n<p style=\"text-align: center;\"><a class=\"mediabox\" href=\"https:\/\/www.extende.com\/wp-content\/uploads\/CIVA-Validation-UT-TFP3-15.png\" style=\"text-decoration: none;\" title=\"\"><img decoding=\"async\" align=\"\" alt=\"\" class=\"mediabox alignnone wp-image-3982\" height=\"230\" src=\"https:\/\/www.extende.com\/wp-content\/uploads\/CIVA-Validation-UT-TFP3-15-small.png\" srcset=\"https:\/\/www.extende.com\/wp-content\/uploads\/CIVA-Validation-UT-TFP3-15-small.png 400w, https:\/\/www.extende.com\/wp-content\/uploads\/CIVA-Validation-UT-TFP3-15-small-300x173.png 300w\" sizes=\"(max-width: 400px) 100vw, 400px\" \/><\/a><\/p>\n<\/p>\n<p>\u00a0<\/p>\n<\/p>\n<p>Un bon accord est obtenu pour l\u2019inspection en eau en mode L0\u00b0. CIVA estime les \u00e9chos avec g\u00e9n\u00e9ralement moins de 2\u00a0dB d\u2019\u00e9cart par rapport aux donn\u00e9es Krautkr\u00e4mer. L\u2019\u00e9cart peut atteindre 4\u00a0dB au niveau de la profondeur focale.<\/p>\n<\/p>\n<h2 class=\"titre-accordeon\">CONCLUSION<\/h2>\n<\/p>\n<p>Pour chaque diam\u00e8tre de TFP, un bon accord est observable pour les amplitudes des \u00e9chos de TFP en champ lointain, o\u00f9 l\u2019amplitude de l\u2019\u00e9cho sp\u00e9culaire d\u00e9croit lin\u00e9airement avec la profondeur sur les courbes ; mais des \u00e9carts sont pr\u00e9sents pour les TFP de grand diam\u00e8tre \u00e0 faible profondeur.<\/p>\n<\/p>\n<p>\u00a0<\/p>\n<\/p>\n<p>Continuer vers <a class=\"lien\" href=\"https:\/\/www.extende.com\/fr\/la-simulation-cnd\/documentation\/validation-experimentale-des-modeles-civa\/validation-experimentale-des-modeles-civa-en-ultrasons\/ultrasons-reflecteurs-artificiels\/reflecteurs-trous-a-fond-plat\/ut-reflecteurs-trous-a-fond-plat-conclusion-et-discussion-sur-les-limitations\/\" target=\"_self\">Conclusion et discussion sur les limitations<\/a><\/p>\n<\/p>\n<p>Retourner au menu <a class=\"lien\" href=\"https:\/\/www.extende.com\/fr\/la-simulation-cnd\/documentation\/validation-experimentale-des-modeles-civa\/validation-experimentale-des-modeles-civa-en-ultrasons\/ultrasons-reflecteurs-artificiels\/reflecteurs-trous-a-fond-plat\/\" target=\"_self\">R\u00e9flecteurs trous \u00e0 fond plat<\/a><\/p>\n<\/p>\n<p>Retourner au menu <a class=\"lien\" href=\"https:\/\/www.extende.com\/fr\/la-simulation-cnd\/documentation\/validation-experimentale-des-modeles-civa\/validation-experimentale-des-modeles-civa-en-ultrasons\/ultrasons-reflecteurs-artificiels\/\" target=\"_self\">R\u00e9flecteurs artificiels<\/a><\/p><\/p>\n","protected":false},"excerpt":{"rendered":"<p>Validation exp\u00e9rimentale et caract\u00e9risation des mod\u00e8les Ultrasons de CIVA, r\u00e9flecteurs artificiels, trous \u00e0 fond plat, logiciel de simulation CND<\/p>\n","protected":false},"author":0,"featured_media":0,"parent":2936,"menu_order":2,"comment_status":"closed","ping_status":"closed","template":"templates\/page--extende.html.php","meta":{"_acf_changed":false,"footnotes":""},"class_list":["post-3984","page","type-page","status-publish","hentry"],"acf":[],"_links":{"self":[{"href":"https:\/\/www.extende.com\/fr\/wp-json\/wp\/v2\/pages\/3984","targetHints":{"allow":["GET"]}}],"collection":[{"href":"https:\/\/www.extende.com\/fr\/wp-json\/wp\/v2\/pages"}],"about":[{"href":"https:\/\/www.extende.com\/fr\/wp-json\/wp\/v2\/types\/page"}],"replies":[{"embeddable":true,"href":"https:\/\/www.extende.com\/fr\/wp-json\/wp\/v2\/comments?post=3984"}],"version-history":[{"count":1,"href":"https:\/\/www.extende.com\/fr\/wp-json\/wp\/v2\/pages\/3984\/revisions"}],"predecessor-version":[{"id":5608,"href":"https:\/\/www.extende.com\/fr\/wp-json\/wp\/v2\/pages\/3984\/revisions\/5608"}],"up":[{"embeddable":true,"href":"https:\/\/www.extende.com\/fr\/wp-json\/wp\/v2\/pages\/2936"}],"wp:attachment":[{"href":"https:\/\/www.extende.com\/fr\/wp-json\/wp\/v2\/media?parent=3984"}],"curies":[{"name":"wp","href":"https:\/\/api.w.org\/{rel}","templated":true}]}}