{"id":3989,"date":"2025-06-24T18:36:22","date_gmt":"2025-06-24T16:36:22","guid":{"rendered":""},"modified":"2025-06-24T18:52:12","modified_gmt":"2025-06-24T16:52:12","slug":"ut-reflecteurs-trous-a-fond-plat-conclusion-et-discussion-sur-les-limitations","status":"publish","type":"page","link":"https:\/\/www.extende.com\/fr\/la-simulation-cnd\/documentation\/validation-experimentale-des-modeles-civa\/validation-experimentale-des-modeles-civa-en-ultrasons\/ultrasons-reflecteurs-artificiels\/reflecteurs-trous-a-fond-plat\/ut-reflecteurs-trous-a-fond-plat-conclusion-et-discussion-sur-les-limitations\/","title":{"rendered":"UT &#8211; R\u00e9flecteurs Trous \u00e0 Fond Plat &#8211; Conclusion et discussion sur les limitations"},"content":{"rendered":"<p class=\"titre-accordeon\">\u00a0<\/p>\n<\/p>\n<h2 class=\"titre-accordeon\">TR\u00c8S BON ACCORD G\u00c9N\u00c9RAL<\/h2>\n<\/p>\n<p>\u00a0<\/p>\n<\/p>\n<p>Globalement un bon accord est observable entre les r\u00e9sultats simul\u00e9s utilisant le mod\u00e8le de Kirchhoff et les r\u00e9sultats exp\u00e9rimentaux. Un accord particuli\u00e8rement bon est obtenu pour l\u2019inspection en modes L0\u00b0 et L45\u00b0 avec des traducteurs en i\u00a0mmersion \u00e0 5\u00a0MHz.<\/p>\n<\/p>\n<p>\u00a0<\/p>\n<\/p>\n<h2 class=\"titre-accordeon\">DISCUSSION SUR LES LIMITATIONS<\/h2>\n<\/p>\n<p>\u00a0<\/p>\n<\/p>\n<p>Plusieurs ph\u00e9nom\u00e8nes peuvent expliquer les \u00e9carts observ\u00e9s :<\/p>\n<\/p>\n<ul class=\"liste-carres-noirs\">\n<li>la limite de champ proche<\/li>\n<li>la limite \u00ab petits d\u00e9fauts \u00bb du mod\u00e8le de Kirchhoff<\/li>\n<\/ul>\n<p>\u00a0<\/p>\n<\/p>\n<h2 class=\"titre-paragraphe\">Limite de champ proche<\/h2>\n<\/p>\n<p><span style=\"line-height: 1.5em;\">Des divergences entre simulations et exp\u00e9riences s\u2019observent notamment dans le cas des configurations caract\u00e9ris\u00e9es par des petites profondeurs et grandes ouvertures de traducteurs (exemples : 12,7\u00a0mm \u00e0 4,6M Hz, 19\u00a0mm \u00e0 4,6\u00a0MHz). La limite du champ proche est due au fait que le rayon incident est approxim\u00e9 par une forme d\u2019onde et un temps de vol donn\u00e9s en tout point, description non valable en zone de champ proche dans laquelle s\u2019op\u00e8rent de nombreuses interf\u00e9rences. La figure ci-dessous repr\u00e9sente des r\u00e9sultats de calculs de champ. Des sch\u00e9mas d\u2019interf\u00e9rence s\u2019observent dans les zones de calcul aux profondeurs les plus petites (inf\u00e9rieures \u00e0 la distance en champ proche du capteur).<\/span><\/p>\n<\/p>\n<p>\u00a0<\/p>\n<\/p>\n<p style=\"text-align: center;\"><a class=\"mediabox\" href=\"https:\/\/www.extende.com\/wp-content\/uploads\/CIVA-Validation-UT-TFP4-1.png\" style=\"text-decoration: none;\" title=\"\"><img loading=\"lazy\" decoding=\"async\" align=\"\" alt=\"\" class=\"mediabox alignnone wp-image-3987\" height=\"207\" src=\"https:\/\/www.extende.com\/wp-content\/uploads\/CIVA-Validation-UT-TFP4-1-small.png\" width=\"400\" srcset=\"https:\/\/www.extende.com\/wp-content\/uploads\/CIVA-Validation-UT-TFP4-1-small.png 400w, https:\/\/www.extende.com\/wp-content\/uploads\/CIVA-Validation-UT-TFP4-1-small-300x155.png 300w\" sizes=\"auto, (max-width: 400px) 100vw, 400px\" \/><\/a><\/p>\n<\/p>\n<p>\u00a0<\/p>\n<\/p>\n<h2 class=\"titre-paragraphe\">Limite \u00ab Petits D\u00e9fauts \u00bb du mod\u00e8le de Kirchhoff<\/h2>\n<\/p>\n<p><span style=\"line-height: 1.5em;\">La limite du mod\u00e8le d\u2019interaction de Kirchhoff, ou limite des \u00ab petits d\u00e9fauts \u00bb, doit \u00eatre prise en compte lorsque les dimensions du d\u00e9faut sont petites par rapport \u00e0 la longueur d\u2019onde du traducteur, ce qui correspond g\u00e9n\u00e9ralement \u00e0 des basses fr\u00e9quences. Th\u00e9oriquement,il faut que le d\u00e9faut respecte les dimensions suivantes : ka &gt;&gt; 1, avec k le nombre d\u2019onde, a la taille du d\u00e9faut et <\/span>\u03bb<span style=\"line-height: 1.5em;\"> la longueur d\u2019onde du faisceau. La relation reliant k et <\/span>\u03bb<span style=\"line-height: 1.5em;\"> \u00e9tant : k = (2<\/span>\u03c0<span style=\"line-height: 1.5em;\">) \/ <\/span>\u03bb<span style=\"line-height: 1.5em;\">, la taille minimale du d\u00e9faut doit \u00eatre a = <\/span>\u03bb <span style=\"line-height: 1.5em;\">\/ (2<\/span>\u03c0<span style=\"line-height: 1.5em;\">). Ainsi, pour les inspections en ondes L \u00e0 2\u00a0MHz, la taille minimale du d\u00e9faut doit \u00eatre de 0,5\u00a0mm tandis que pour une fr\u00e9quence de 5\u00a0MHz on calcule un a minimal de 0,2\u00a0mm. Dans l\u2019\u00e9tude men\u00e9e ici, on remarque que les \u00e9carts entre CIVA et exp\u00e9rience sup\u00e9rieurs \u00e0 2\u00a0dB correspondent majoritairement aux mesures effectu\u00e9es sur les TFP de plus petite dimension, c.a.d ceux de 1\u00a0mm (exemples :19\u00a0mm \u00e0 2,25\u00a0MHz, 19\u00a0mm \u00e0 4,6\u00a0MHz, 6,35\u00a0mm \u00e0 5\u00a0MHz).<\/span><\/p>\n<\/p>\n<p>\u00a0<\/p>\n<\/p>\n<p>Retourner au menu <a class=\"lien\" href=\"https:\/\/www.extende.com\/fr\/la-simulation-cnd\/documentation\/validation-experimentale-des-modeles-civa\/validation-experimentale-des-modeles-civa-en-ultrasons\/ultrasons-reflecteurs-artificiels\/reflecteurs-trous-a-fond-plat\/\" target=\"_self\">R\u00e9flecteurs trous \u00e0 fond plat<\/a><\/p>\n<\/p>\n<p>Retourner au menu <a class=\"lien\" href=\"https:\/\/www.extende.com\/fr\/la-simulation-cnd\/documentation\/validation-experimentale-des-modeles-civa\/validation-experimentale-des-modeles-civa-en-ultrasons\/ultrasons-reflecteurs-artificiels\/\" target=\"_self\">R\u00e9flecteurs artificiels<\/a><\/p><\/p>\n","protected":false},"excerpt":{"rendered":"<p>Validation exp\u00e9rimentale et caract\u00e9risation des mod\u00e8les Ultrasons de CIVA, r\u00e9flecteurs artificiels, trous \u00e0 fond plat, logiciel de simulation CND<\/p>\n","protected":false},"author":0,"featured_media":0,"parent":2936,"menu_order":3,"comment_status":"closed","ping_status":"closed","template":"templates\/page--extende.html.php","meta":{"_acf_changed":false,"footnotes":""},"class_list":["post-3989","page","type-page","status-publish","hentry"],"acf":[],"_links":{"self":[{"href":"https:\/\/www.extende.com\/fr\/wp-json\/wp\/v2\/pages\/3989","targetHints":{"allow":["GET"]}}],"collection":[{"href":"https:\/\/www.extende.com\/fr\/wp-json\/wp\/v2\/pages"}],"about":[{"href":"https:\/\/www.extende.com\/fr\/wp-json\/wp\/v2\/types\/page"}],"replies":[{"embeddable":true,"href":"https:\/\/www.extende.com\/fr\/wp-json\/wp\/v2\/comments?post=3989"}],"version-history":[{"count":1,"href":"https:\/\/www.extende.com\/fr\/wp-json\/wp\/v2\/pages\/3989\/revisions"}],"predecessor-version":[{"id":5605,"href":"https:\/\/www.extende.com\/fr\/wp-json\/wp\/v2\/pages\/3989\/revisions\/5605"}],"up":[{"embeddable":true,"href":"https:\/\/www.extende.com\/fr\/wp-json\/wp\/v2\/pages\/2936"}],"wp:attachment":[{"href":"https:\/\/www.extende.com\/fr\/wp-json\/wp\/v2\/media?parent=3989"}],"curies":[{"name":"wp","href":"https:\/\/api.w.org\/{rel}","templated":true}]}}