{"id":4003,"date":"2025-06-24T18:36:24","date_gmt":"2025-06-24T16:36:24","guid":{"rendered":"https:\/\/www.extende.com\/la-simulation-cnd\/documentation\/validation-experimentale-des-modeles-civa\/validation-experimentale-des-modeles-civa-en-ultrasons\/ultrasons-reflecteurs-artificiels\/comparaison-tfp-tg\/ut-comparaison-tfp-tg-analyse-damplitude\/"},"modified":"2025-06-24T18:36:24","modified_gmt":"2025-06-24T16:36:24","slug":"ut-comparaison-tfp-tg-analyse-damplitude","status":"publish","type":"page","link":"https:\/\/www.extende.com\/fr\/la-simulation-cnd\/documentation\/validation-experimentale-des-modeles-civa\/validation-experimentale-des-modeles-civa-en-ultrasons\/ultrasons-reflecteurs-artificiels\/comparaison-tfp-tg\/ut-comparaison-tfp-tg-analyse-damplitude\/","title":{"rendered":"UT &#8211; Comparaison TFP-TG &#8211; Analyse d&rsquo;amplitude"},"content":{"rendered":"<h2 class=\"titre-accordeon\">CAPTEUR T45\u00b0 AU CONTACT MONO-\u00c9L\u00c9MENT \u00c0 2,25\u00a0MHz DE \u00d86,35\u00a0mm<\/h2>\n<\/p>\n<p><span style=\"line-height: 1.5em;\">Pour le capteur au contact de \u00d86,35\u00a0mm \u00e0 2,25\u00a0MHz, l\u2019inspection est r\u00e9alis\u00e9e avec le mode T45\u00b0. Le signal d\u2019entr\u00e9e a une fr\u00e9quence de 2,25\u00a0MHz, une bande passante de 44% et une phase de 147\u00b0.<\/span><\/p>\n<\/p>\n<p>La profondeur focale acoustique est de 3\u00a0mm, d\u00e9duite du faisceau simul\u00e9 illustr\u00e9 ci-dessous.<\/p>\n<\/p>\n<p>\u00a0<\/p>\n<\/p>\n<p style=\"text-align: center;\"><a class=\"mediabox\" href=\"https:\/\/www.extende.com\/wp-content\/uploads\/131-SDH-champContact-635-2M_FR.png\" style=\"text-decoration: none;\" title=\"\"><img loading=\"lazy\" decoding=\"async\" align=\"\" alt=\"\" height=\"200\" src=\"https:\/\/www.extende.com\/wp-content\/uploads\/131-SDH-champContact-635-2M_FR.png\" width=\"200\" class=\"alignnone wp-image-3999\" srcset=\"https:\/\/www.extende.com\/wp-content\/uploads\/131-SDH-champContact-635-2M_FR.png 222w, https:\/\/www.extende.com\/wp-content\/uploads\/131-SDH-champContact-635-2M_FR-150x150.png 150w\" sizes=\"auto, (max-width: 200px) 100vw, 200px\" \/><\/a><\/p>\n<\/p>\n<p>\u00a0<\/p>\n<\/p>\n<p>Les r\u00e9sultats sont \u00e9talonn\u00e9s par rapport au TFP de \u00d83\u00a0mm \u00e0 30\u00a0mm de profondeur.<\/p>\n<\/p>\n<p>\u00a0<\/p>\n<\/p>\n<div style=\"text-align:center;\">\n<table border=\"1\" cellpadding=\"2\" cellspacing=\"0\" style=\"line-height: 18px;\">\n<tbody>\n<tr>\n<td style=\"text-align: center;\">\u00a0<\/td>\n<td style=\"text-align: center;\">Exp\u00e9rimental (\u00a0dB)<\/td>\n<td style=\"text-align: center;\">Simul\u00e9 (\u00a0dB)<\/td>\n<td style=\"text-align: center;\">Ecart (\u00a0dB)<\/td>\n<\/tr>\n<tr>\n<td style=\"text-align: center;\">TFP de \u00d83\u00a0mm<\/td>\n<td style=\"text-align: center;\">0<\/td>\n<td style=\"text-align: center;\">0<\/td>\n<td style=\"text-align: center;\">0<\/td>\n<\/tr>\n<tr>\n<td style=\"text-align: center;\">TG de \u00d82\u00a0mm<\/td>\n<td style=\"text-align: center;\">-3,1<\/td>\n<td style=\"text-align: center;\">-3,5<\/td>\n<td style=\"text-align: center;\">0,4<\/td>\n<\/tr>\n<tr>\n<td style=\"text-align: center;\">TG de \u00d81,5\u00a0mm<\/td>\n<td style=\"text-align: center;\">-5,0<\/td>\n<td style=\"text-align: center;\">-5,8<\/td>\n<td style=\"text-align: center;\">0,8<\/td>\n<\/tr>\n<tr>\n<td style=\"text-align: center;\">TG de \u00d81\u00a0mm<\/td>\n<td style=\"text-align: center;\">-7,7<\/td>\n<td style=\"text-align: center;\">-7,7<\/td>\n<td style=\"text-align: center;\">0<\/td>\n<\/tr>\n<\/tbody>\n<\/table>\n<\/div>\n<p>\u00a0<\/p>\n<\/p>\n<h2 class=\"titre-accordeon\">CAPTEUR L45\u00b0 AU CONTACT MONO-\u00c9L\u00c9MENT \u00c0 2,25\u00a0MHz DE \u00d812,7\u00a0mm<\/h2>\n<\/p>\n<p>Pour le capteur au contact de \u00d812,7\u00a0mm \u00e0 2,25\u00a0MHz, l\u2019inspection est r\u00e9alis\u00e9e avec le mode L45\u00b0. Le signal d\u2019entr\u00e9e a une fr\u00e9quence de 2,25\u00a0MHz, une bande passante de 50% et une phase de 280\u00b0.<\/p>\n<\/p>\n<p>La profondeur focale acoustique est de 8\u00a0mm, d\u00e9duite du faisceau simul\u00e9 illustr\u00e9 ci-dessous.<\/p>\n<\/p>\n<p>\u00a0<\/p>\n<\/p>\n<p style=\"text-align: center;\"><a class=\"mediabox\" href=\"https:\/\/www.extende.com\/wp-content\/uploads\/125-SDH-beamP45_FR.png\" style=\"text-decoration: none;\" title=\"\"><img loading=\"lazy\" decoding=\"async\" align=\"\" alt=\"\" height=\"152\" src=\"https:\/\/www.extende.com\/wp-content\/uploads\/125-SDH-beamP45_FR.png\" width=\"200\" class=\"alignnone wp-image-4000\"><\/a><\/p>\n<\/p>\n<p>\u00a0<\/p>\n<\/p>\n<p>Les r\u00e9sultats sont \u00e9talonn\u00e9s par rapport au TFP de \u00d83\u00a0mm \u00e0 30\u00a0mm de profondeur.<\/p>\n<\/p>\n<p>\u00a0<\/p>\n<\/p>\n<div style=\"text-align:center;\">\n<table border=\"1\" cellpadding=\"2\" cellspacing=\"0\" style=\"line-height: 18px;\">\n<tbody>\n<tr>\n<td style=\"text-align: center;\">\u00a0<\/td>\n<td><span style=\"text-align: center;\">Exp\u00e9rimental (\u00a0dB)<\/span><\/td>\n<td><span style=\"text-align: center;\">Simul\u00e9 (\u00a0dB)<\/span><\/td>\n<td><span style=\"text-align: center;\">Ecart (\u00a0dB)<\/span><\/td>\n<\/tr>\n<tr>\n<td><span style=\"text-align: center;\">TFP de \u00d83\u00a0mm<\/span><\/td>\n<td style=\"text-align: center;\">0<\/td>\n<td style=\"text-align: center;\">0<\/td>\n<td style=\"text-align: center;\">0<\/td>\n<\/tr>\n<tr>\n<td><span style=\"text-align: center;\">TG de \u00d82\u00a0mm<\/span><\/td>\n<td style=\"text-align: center;\">2,2<\/td>\n<td style=\"text-align: center;\">2,3<\/td>\n<td style=\"text-align: center;\">-0,1<\/td>\n<\/tr>\n<tr>\n<td><span style=\"text-align: center;\">TG de \u00d81,5\u00a0mm<\/span><\/td>\n<td style=\"text-align: center;\">1,3<\/td>\n<td style=\"text-align: center;\">1,4<\/td>\n<td style=\"text-align: center;\">-0,1<\/td>\n<\/tr>\n<tr>\n<td><span style=\"text-align: center;\">TG de \u00d81\u00a0mm<\/span><\/td>\n<td style=\"text-align: center;\">0,3<\/td>\n<td style=\"text-align: center;\">-0,6<\/td>\n<td style=\"text-align: center;\">0,9<\/td>\n<\/tr>\n<\/tbody>\n<\/table>\n<\/div>\n<p>\u00a0<\/p>\n<\/p>\n<h2 class=\"titre-accordeon\">CAPTEUR T45\u00b0 AU CONTACT MONO-\u00c9L\u00c9MENT \u00c0 2,25\u00a0MHz DE \u00d812,7\u00a0mm<\/h2>\n<\/p>\n<p>Pour le capteur au contact de \u00d812,7\u00a0mm \u00e0 2,25\u00a0MHz, l\u2019inspection est r\u00e9alis\u00e9e avec le mode T45\u00b0. Le signal d\u2019entr\u00e9e est l\u2019oppos\u00e9 d\u2019un \u00e9cho sp\u00e9culaire direct obtenu exp\u00e9rimentalement en ondes L45\u00b0 sur un TFP de \u00d83\u00a0mm inclin\u00e9 de 45\u00b0 \u00e0 30\u00a0mm de profondeur.<\/p>\n<\/p>\n<p>La profondeur focale acoustique est de 17\u00a0mm, d\u00e9duite du faisceau simul\u00e9, illustr\u00e9 ci-dessous.<\/p>\n<\/p>\n<p>\u00a0<\/p>\n<\/p>\n<p style=\"text-align: center;\"><a class=\"mediabox\" href=\"https:\/\/www.extende.com\/wp-content\/uploads\/128-SDH-beamSV45_FR.png\" style=\"text-decoration: none;\" title=\"\"><img loading=\"lazy\" decoding=\"async\" align=\"\" alt=\"\" height=\"151\" src=\"https:\/\/www.extende.com\/wp-content\/uploads\/128-SDH-beamSV45_FR.png\" width=\"200\" class=\"alignnone wp-image-4001\"><\/a><\/p>\n<\/p>\n<p>\u00a0<\/p>\n<\/p>\n<p>Les r\u00e9sultats sont \u00e9talonn\u00e9s par rapport au TFP de \u00d83\u00a0mm \u00e0 30\u00a0mm de profondeur.<\/p>\n<\/p>\n<p>\u00a0<\/p>\n<\/p>\n<div style=\"text-align:center;\">\n<table border=\"1\" cellpadding=\"2\" cellspacing=\"0\" style=\"line-height: 18px; text-align: center;\">\n<tbody>\n<tr>\n<td>\u00a0<\/td>\n<td>Exp\u00e9rimental (\u00a0dB)<\/td>\n<td>Simul\u00e9 (\u00a0dB)<\/td>\n<td>Ecart (\u00a0dB)<\/td>\n<\/tr>\n<tr>\n<td>TFP de \u00d83\u00a0mm<\/td>\n<td>0<\/td>\n<td>0<\/td>\n<td>0<\/td>\n<\/tr>\n<tr>\n<td>TG de \u00d82\u00a0mm<\/td>\n<td>-2,7<\/td>\n<td>-2,4<\/td>\n<td>-0,3<\/td>\n<\/tr>\n<tr>\n<td>TG de \u00d81,5\u00a0mm<\/td>\n<td>-3,9<\/td>\n<td>-4,4<\/td>\n<td>0,5<\/td>\n<\/tr>\n<tr>\n<td>TG de \u00d81\u00a0mm<\/td>\n<td>-5,6<\/td>\n<td>-6,6<\/td>\n<td>1,0<\/td>\n<\/tr>\n<\/tbody>\n<\/table>\n<\/div>\n<p>\u00a0<\/p>\n<\/p>\n<h2 class=\"titre-accordeon\">CAPTEUR AU CONTACT MULTI-\u00c9L\u00c9MENT DE 20 \u00c9L\u00c9MENTS DE PITCH 0,7\u00a0mm<\/h2>\n<\/p>\n<p>Pour le capteur multi-\u00e9l\u00e9ments au contact de pitch 0,7\u00a0mm \u00e0 5,0\u00a0MHz, 20 \u00e9l\u00e9ments sont actifs sur 48. L\u2019inspection est r\u00e9alis\u00e9e avec le mode L45\u00b0. La loi de retard est une d\u00e9viation simple en L45\u00b0.<\/p>\n<\/p>\n<p>La profondeur focale acoustique est de 20\u00a0mm, d\u00e9duite du faisceau simul\u00e9 illustr\u00e9 ci-dessous.<\/p>\n<\/p>\n<p>\u00a0<\/p>\n<\/p>\n<p style=\"text-align: center;\"><a class=\"mediabox\" href=\"https:\/\/www.extende.com\/wp-content\/uploads\/144-SDH-champContact-PA-P45_FR.png\" style=\"text-decoration: none;\" title=\"\"><img loading=\"lazy\" decoding=\"async\" align=\"\" alt=\"\" height=\"133\" src=\"https:\/\/www.extende.com\/wp-content\/uploads\/144-SDH-champContact-PA-P45_FR.png\" width=\"200\" class=\"alignnone wp-image-4002\" srcset=\"https:\/\/www.extende.com\/wp-content\/uploads\/144-SDH-champContact-PA-P45_FR.png 332w, https:\/\/www.extende.com\/wp-content\/uploads\/144-SDH-champContact-PA-P45_FR-300x201.png 300w\" sizes=\"auto, (max-width: 200px) 100vw, 200px\" \/><\/a><\/p>\n<\/p>\n<p>\u00a0<\/p>\n<\/p>\n<p>Les r\u00e9sultats sont \u00e9talonn\u00e9s par rapport au TFP de \u00d83\u00a0mm \u00e0 30\u00a0mm de profondeur.<\/p>\n<\/p>\n<p>\u00a0<\/p>\n<\/p>\n<div style=\"text-align:center;\">\n<table border=\"1\" cellpadding=\"2\" cellspacing=\"0\" style=\"line-height: 18px; text-align: center;\">\n<tbody>\n<tr>\n<td>\u00a0<\/td>\n<td>Exp\u00e9rimental (\u00a0dB)<\/td>\n<td>Simul\u00e9 (\u00a0dB)<\/td>\n<td>Ecart (\u00a0dB)<\/td>\n<\/tr>\n<tr>\n<td>TFP de \u00d83\u00a0mm<\/td>\n<td>0<\/td>\n<td>0<\/td>\n<td>0<\/td>\n<\/tr>\n<tr>\n<td>TG de \u00d82\u00a0mm<\/td>\n<td>-3,2<\/td>\n<td>-2,5<\/td>\n<td>-0,7<\/td>\n<\/tr>\n<tr>\n<td>TG de \u00d81,5\u00a0mm<\/td>\n<td>-4,5<\/td>\n<td>-3,8<\/td>\n<td>-0,7<\/td>\n<\/tr>\n<tr>\n<td>TG de \u00d81\u00a0mm<\/td>\n<td>-5,8<\/td>\n<td>-5,3<\/td>\n<td>-0,5<\/td>\n<\/tr>\n<\/tbody>\n<\/table>\n<\/div>\n<\/p>\n<p>\u00a0<\/p>\n<\/p>\n<p>Continuer vers <a class=\"lien\" href=\"https:\/\/www.extende.com\/ut-comparaison-tfp-tg-analyse-a-scan\">Analyse de A-Scan<\/a><\/p>\n<\/p>\n<p>Retourner au menu <a class=\"lien\" href=\"https:\/\/www.extende.com\/comparaison-tfp-tg\">Comparaison TFP TG<\/a><\/p>\n<\/p>\n<p>Retourner au menu <a class=\"lien\" href=\"https:\/\/www.extende.com\/ultrasons-reflecteurs-artificiels\">R\u00e9flecteurs artificiels<\/a><\/p><\/p>\n","protected":false},"excerpt":{"rendered":"<p>Validation exp\u00e9rimentale et caract\u00e9risation des mod\u00e8les Ultrasons de CIVA, r\u00e9flecteurs artificiels, g\u00e9n\u00e9ratrices et TFP, logiciel de simulation CND<\/p>\n","protected":false},"author":0,"featured_media":0,"parent":2938,"menu_order":1,"comment_status":"closed","ping_status":"closed","template":"templates\/page--extende.html.php","meta":{"_acf_changed":false,"footnotes":""},"class_list":["post-4003","page","type-page","status-publish","hentry"],"acf":[],"_links":{"self":[{"href":"https:\/\/www.extende.com\/fr\/wp-json\/wp\/v2\/pages\/4003","targetHints":{"allow":["GET"]}}],"collection":[{"href":"https:\/\/www.extende.com\/fr\/wp-json\/wp\/v2\/pages"}],"about":[{"href":"https:\/\/www.extende.com\/fr\/wp-json\/wp\/v2\/types\/page"}],"replies":[{"embeddable":true,"href":"https:\/\/www.extende.com\/fr\/wp-json\/wp\/v2\/comments?post=4003"}],"version-history":[{"count":0,"href":"https:\/\/www.extende.com\/fr\/wp-json\/wp\/v2\/pages\/4003\/revisions"}],"up":[{"embeddable":true,"href":"https:\/\/www.extende.com\/fr\/wp-json\/wp\/v2\/pages\/2938"}],"wp:attachment":[{"href":"https:\/\/www.extende.com\/fr\/wp-json\/wp\/v2\/media?parent=4003"}],"curies":[{"name":"wp","href":"https:\/\/api.w.org\/{rel}","templated":true}]}}