{"id":4011,"date":"2025-06-24T18:36:25","date_gmt":"2025-06-24T16:36:25","guid":{"rendered":"https:\/\/www.extende.com\/la-simulation-cnd\/documentation\/validation-experimentale-des-modeles-civa\/validation-experimentale-des-modeles-civa-en-ultrasons\/ultrasons-reflecteurs-artificiels\/comparaison-tfp-tg\/ut-comparaison-tfp-tg-analyse-de-a-scan\/"},"modified":"2025-06-24T18:52:12","modified_gmt":"2025-06-24T16:52:12","slug":"ut-comparaison-tfp-tg-analyse-de-a-scan","status":"publish","type":"page","link":"https:\/\/www.extende.com\/fr\/la-simulation-cnd\/documentation\/validation-experimentale-des-modeles-civa\/validation-experimentale-des-modeles-civa-en-ultrasons\/ultrasons-reflecteurs-artificiels\/comparaison-tfp-tg\/ut-comparaison-tfp-tg-analyse-de-a-scan\/","title":{"rendered":"UT &#8211; Comparaison TFP-TG &#8211; Analyse de A-scan"},"content":{"rendered":"<p>Une \u00e9tude compl\u00e9mentaire concernant les A-scans des signaux issus d\u2019un capteur mono-\u00e9l\u00e9ment et du capteur multi-\u00e9l\u00e9ment a \u00e9t\u00e9 men\u00e9e dans la configuration pr\u00e9c\u00e9dente.<\/p>\n<\/p>\n<p>\u00a0<\/p>\n<\/p>\n<h2 class=\"titre-accordeon\">CAPTEUR AU CONTACT MONO-\u00c9L\u00c9MENT CIRCULAIRE DE \u00d86,35 MM \u00c0 2,25 MHZ<\/h2>\n<\/p>\n<p>Pour le capteur au contact de \u00d86,35mm, les \u00e9chos issus de tous les r\u00e9flecteurs sont bien estim\u00e9s.<\/p>\n<\/p>\n<p>\u00a0<\/p>\n<\/p>\n<p style=\"text-align: center;\"><a class=\"mediabox\" href=\"https:\/\/www.extende.com\/wp-content\/uploads\/21_FR.png\" style=\"text-decoration: none;\" title=\"\"><img loading=\"lazy\" decoding=\"async\" align=\"\" alt=\"\" height=\"180\" src=\"https:\/\/www.extende.com\/wp-content\/uploads\/21_FR.png\" width=\"450\" class=\"alignnone wp-image-4009\"><\/a><\/p>\n<\/p>\n<p>\u00a0<\/p>\n<\/p>\n<p>Tous ces A-scans montrent un bon accord entre simulation et exp\u00e9rience.<\/p>\n<\/p>\n<p>\u00a0<\/p>\n<\/p>\n<h2 class=\"titre-accordeon\">CAPTEUR AU CONTACT MULTI-\u00c9L\u00c9MENT DE 20 \u00c9L\u00c9MENTS DE PITCH 0,7 MM<\/h2>\n<\/p>\n<p>Pour le capteur multi-\u00e9l\u00e9ments au contact, les \u00e9chos issus de tous les r\u00e9flecteurs sont \u00e9galement corrects.<\/p>\n<\/p>\n<p>\u00a0<\/p>\n<\/p>\n<p style=\"text-align: center;\"><a class=\"mediabox\" href=\"https:\/\/www.extende.com\/wp-content\/uploads\/22_FR.png\" style=\"text-decoration: none;\" title=\"\"><img loading=\"lazy\" decoding=\"async\" align=\"\" alt=\"\" height=\"240\" src=\"https:\/\/www.extende.com\/wp-content\/uploads\/22_FR.png\" width=\"450\" class=\"alignnone wp-image-4010\"><\/a><\/p>\n<\/p>\n<p>\u00a0<\/p>\n<\/p>\n<p>Les A-scans correspondant aux \u00e9chos sp\u00e9culaires g\u00e9n\u00e9r\u00e9s par les trous sont bien estim\u00e9s par CIVA.<\/p>\n<\/p>\n<p>De plus, les A-scans soulignent le fait qu\u2019une onde rampante est pr\u00e9sente pour l\u2019\u00e9cho du mode associ\u00e9 T. Cette onde rampante se propage le long de la circonf\u00e9rence du TG et cr\u00e9e un \u00e9cho additionnel, qui est \u00e9galement correctement pr\u00e9dit.<\/p>\n<\/p>\n<p>\u00a0<\/p>\n<\/p>\n<h2 class=\"titre-accordeon\">CONCLUSION<\/h2>\n<\/p>\n<p>Dans la plupart des cas, un bon accord est obtenu entre les amplitudes des r\u00e9ponses simul\u00e9es et exp\u00e9rimentales de TG de diff\u00e9rents diam\u00e8tres relativement \u00e0 la r\u00e9ponse sp\u00e9culaire d\u2019un TG (moins de 1dB de diff\u00e9rence).<\/p>\n<\/p>\n<p>Selon le capteur et le mode utilis\u00e9 (L ou T), l\u2019\u00e9cho exp\u00e9rimental direct des 3 TG est plus ou moins fort compar\u00e9 \u00e0 l\u2019\u00e9cho exp\u00e9rimental du TFP. Cette relation est bien reproduite en simulation. Dans la plupart des cas, la forme des \u00e9chos simul\u00e9s de TFP et de TG est tr\u00e8s proche de l\u2019\u00e9cho exp\u00e9rimental \u00e0 la fois pour les modes L45\u00b0 et T45\u00b0 (\u00e0 partir du moment o\u00f9 le signal d\u2019entr\u00e9e est bien choisi).<\/p>\n<\/p>\n<p>L\u2019onde rampante (c.f. A-scans obtenus sur un TG en mode T) est bien simul\u00e9e dans tous les cas (les formes, temps de vol et amplitudes relatives des A-scans des \u00e9chos de TG obtenus pour le mode T), m\u00eame si certaines divergences se produisent sur le plus petit TG.<\/p>\n<\/p>\n<p>\u00a0<\/p>\n<\/p>\n<p>Retourner au menu <a class=\"lien\" href=\"https:\/\/www.extende.com\/fr\/la-simulation-cnd\/documentation\/validation-experimentale-des-modeles-civa\/validation-experimentale-des-modeles-civa-en-ultrasons\/ultrasons-reflecteurs-artificiels\/comparaison-tfp-tg\/\" target=\"_self\">Comparaison TFP TG<\/a><\/p>\n<\/p>\n<p>Retourner au menu <a class=\"lien\" href=\"https:\/\/www.extende.com\/fr\/la-simulation-cnd\/documentation\/validation-experimentale-des-modeles-civa\/validation-experimentale-des-modeles-civa-en-ultrasons\/ultrasons-reflecteurs-artificiels\/\" target=\"_self\">R\u00e9flecteurs artificiels<\/a><\/p><\/p>\n","protected":false},"excerpt":{"rendered":"<p>Validation exp\u00e9rimentale et caract\u00e9risation des mod\u00e8les Ultrasons de CIVA, r\u00e9flecteurs artificiels, g\u00e9n\u00e9ratrices et TFP, logiciel de simulation CND<\/p>\n","protected":false},"author":0,"featured_media":0,"parent":2938,"menu_order":2,"comment_status":"closed","ping_status":"closed","template":"templates\/page--extende.html.php","meta":{"_acf_changed":false,"footnotes":""},"class_list":["post-4011","page","type-page","status-publish","hentry"],"acf":[],"_links":{"self":[{"href":"https:\/\/www.extende.com\/fr\/wp-json\/wp\/v2\/pages\/4011","targetHints":{"allow":["GET"]}}],"collection":[{"href":"https:\/\/www.extende.com\/fr\/wp-json\/wp\/v2\/pages"}],"about":[{"href":"https:\/\/www.extende.com\/fr\/wp-json\/wp\/v2\/types\/page"}],"replies":[{"embeddable":true,"href":"https:\/\/www.extende.com\/fr\/wp-json\/wp\/v2\/comments?post=4011"}],"version-history":[{"count":1,"href":"https:\/\/www.extende.com\/fr\/wp-json\/wp\/v2\/pages\/4011\/revisions"}],"predecessor-version":[{"id":5602,"href":"https:\/\/www.extende.com\/fr\/wp-json\/wp\/v2\/pages\/4011\/revisions\/5602"}],"up":[{"embeddable":true,"href":"https:\/\/www.extende.com\/fr\/wp-json\/wp\/v2\/pages\/2938"}],"wp:attachment":[{"href":"https:\/\/www.extende.com\/fr\/wp-json\/wp\/v2\/media?parent=4011"}],"curies":[{"name":"wp","href":"https:\/\/api.w.org\/{rel}","templated":true}]}}