{"id":4023,"date":"2025-06-24T18:36:27","date_gmt":"2025-06-24T16:36:27","guid":{"rendered":"https:\/\/www.extende.com\/la-simulation-cnd\/documentation\/validation-experimentale-des-modeles-civa\/validation-experimentale-des-modeles-civa-en-ultrasons\/ultrasons-echos-de-coin\/echos-de-coin-en-ondes-l\/ut-echos-de-coin-en-ondes-l-generalites\/"},"modified":"2025-06-24T18:52:12","modified_gmt":"2025-06-24T16:52:12","slug":"ut-echos-de-coin-en-ondes-l-generalites","status":"publish","type":"page","link":"https:\/\/www.extende.com\/fr\/la-simulation-cnd\/documentation\/validation-experimentale-des-modeles-civa\/validation-experimentale-des-modeles-civa-en-ultrasons\/ultrasons-echos-de-coin\/echos-de-coin-en-ondes-l\/ut-echos-de-coin-en-ondes-l-generalites\/","title":{"rendered":"UT &#8211; Echos de coin en ondes L : G\u00e9n\u00e9ralit\u00e9s"},"content":{"rendered":"<p>Les \u00e9chos de coin sont largement utilis\u00e9s en CND pour la d\u00e9tection de fissures d\u00e9bouchant en surface dans les composants m\u00e9talliques soumis \u00e0 la fatigue et\/ou \u00e0 la fissuration due \u00e0 la corrosion. L\u2019utilisation de simulations pour \u00e9valuer et optimiser la d\u00e9tectabilit\u00e9 de ces fissures est d\u2019un grand int\u00e9r\u00eat et support pour les industries.<\/p>\n<\/p>\n<p>Les configurations suivantes ont servi \u00e0 la validation des simulations dans CIVA d\u2019\u00e9chos de coin associ\u00e9s \u00e0 des entailles rectangulaires. Les chemins acoustiques associ\u00e9s aux \u00e9chos de coins sont illustr\u00e9s sur la figure suivante.<\/p>\n<\/p>\n<p>\u00a0<\/p>\n<\/p>\n<p style=\"text-align: center;\"><a class=\"mediabox\" href=\"https:\/\/www.extende.com\/wp-content\/uploads\/CIVA-Validation-CoinOL1-1.png\" title=\"\"><img loading=\"lazy\" decoding=\"async\" alt=\"\" class=\"mediabox alignnone wp-image-4018\" height=\"132\" src=\"https:\/\/www.extende.com\/wp-content\/uploads\/CIVA-Validation-CoinOL1-1.png\" title=\"\" width=\"500\" srcset=\"https:\/\/www.extende.com\/wp-content\/uploads\/CIVA-Validation-CoinOL1-1.png 866w, https:\/\/www.extende.com\/wp-content\/uploads\/CIVA-Validation-CoinOL1-1-300x80.png 300w, https:\/\/www.extende.com\/wp-content\/uploads\/CIVA-Validation-CoinOL1-1-768x204.png 768w, https:\/\/www.extende.com\/wp-content\/uploads\/CIVA-Validation-CoinOL1-1-600x159.png 600w\" sizes=\"auto, (max-width: 500px) 100vw, 500px\" \/><\/a><\/p>\n<\/p>\n<p>\u00a0<\/p>\n<\/p>\n<p>L\u2019effet d\u2019\u00e9cho de coin correspond \u00e0 la double r\u00e9flexion, sur le fond de la pi\u00e8ce et sur l\u2019entaille, d\u2019une onde de volume L (pression \/ longitudinale) ou T (cisaillement \/ transversal) incidente oblique. Un mode de conversion peut \u00e9galement se produire ce qui donne lieu \u00e0 des \u00e9chos de coin suppl\u00e9mentaires.<\/p>\n<\/p>\n<p>\u00a0<\/p>\n<\/p>\n<p>L\u2019amplitude des \u00e9chos de coin varie en fonction des param\u00e8tres suivants :<\/p>\n<\/p>\n<ul class=\"liste-carres-noirs\">\n<li><span style=\"line-height: 1.5em;\">angle de r\u00e9fraction dans l\u2019\u00e9chantillon (L et T),\u00a0<\/span><\/li>\n<li><span style=\"line-height: 1.5em;\">divergence du faisceau (c\u2019est-\u00e0-dire l\u2019ouverture du traducteur), qui affecte les angles r\u00e9fract\u00e9s contenus dans le faisceau g\u00e9n\u00e9r\u00e9 dans l\u2019\u00e9chantillon,\u00a0<\/span><\/li>\n<li><span style=\"line-height: 1.5em;\">fr\u00e9quence centrale du traducteur par rapport \u00e0 la taille du d\u00e9faut et \u00e0 la bande passante,\u00a0<\/span><\/li>\n<li><span style=\"line-height: 1.5em;\">profondeur du d\u00e9faut et localisation dans le profil de champ par rapport \u00e0 l\u2019amplitude maximale du champ,\u00a0<\/span><\/li>\n<li><span style=\"line-height: 1.5em;\">angles entre le fond de la pi\u00e8ce et le d\u00e9faut (tilt, skew),\u00a0<\/span><\/li>\n<li><span style=\"line-height: 1.5em;\">dimensions du d\u00e9faut (hauteur et extension).<\/span><\/li>\n<\/ul>\n<p>\u00a0<\/p>\n<\/p>\n<p>Selon la configuration, l\u2019importance relative de ces param\u00e8tres peut varier. La validation des simulations n\u00e9cessite g\u00e9n\u00e9ralement de faire varier s\u00e9par\u00e9ment chacun des param\u00e8tres influents pour \u00eatre capable de d\u00e9terminer leurs contributions et les sources potentielles de divergence avec les mesures exp\u00e9rimentales.<\/p>\n<\/p>\n<p>Dans les configurations suivantes, les inspections sont r\u00e9alis\u00e9es \u00e0 l\u2019aide d\u2019un capteur g\u00e9n\u00e9rant des ondes L dans des pi\u00e8ces planes homog\u00e8nes et isotropes comportant des entailles droites d\u00e9bouchant en fond de pi\u00e8ce ; les entailles inclin\u00e9es font l\u2019objet d\u2019une autre \u00e9tude. Un balayage est pratiqu\u00e9 selon les axes X et Y. Les acquisitions exp\u00e9rimentales ont \u00e9t\u00e9 effectu\u00e9es en utilisant un \u00e9quipement constitu\u00e9 d\u2019un banc m\u00e9canique capable de r\u00e9aliser des repr\u00e9sentations type C-scan, et un syst\u00e8me d\u2019acquisition ultrasonore multi\u00e9l\u00e9ments MultiX 64 pilot\u00e9 par le logiciel Multi2000 V6.5.22.<\/p>\n<\/p>\n<p>\u00a0<\/p>\n<\/p>\n<p style=\"text-align: center;\"><a class=\"mediabox\" href=\"https:\/\/www.extende.com\/wp-content\/uploads\/CIVA-Validation-CoinOL1-2.png\" style=\"text-decoration: none;\" title=\"\"><img loading=\"lazy\" decoding=\"async\" align=\"\" alt=\"\" class=\"mediabox alignnone wp-image-4019\" height=\"105\" src=\"https:\/\/www.extende.com\/wp-content\/uploads\/CIVA-Validation-CoinOL1-2.png\" width=\"500\" srcset=\"https:\/\/www.extende.com\/wp-content\/uploads\/CIVA-Validation-CoinOL1-2.png 821w, https:\/\/www.extende.com\/wp-content\/uploads\/CIVA-Validation-CoinOL1-2-300x63.png 300w, https:\/\/www.extende.com\/wp-content\/uploads\/CIVA-Validation-CoinOL1-2-768x162.png 768w, https:\/\/www.extende.com\/wp-content\/uploads\/CIVA-Validation-CoinOL1-2-600x126.png 600w\" sizes=\"auto, (max-width: 500px) 100vw, 500px\" \/><\/a><\/p>\n<\/p>\n<p>\u00a0<\/p>\n<\/p>\n<p>Les contributions associ\u00e9es aux ondes de Rayleigh (entour\u00e9es en bleu sur l\u2019image ci-dessous) ne sont pas calcul\u00e9es avec le mod\u00e8le semi-analytique de CIVA mais sont consid\u00e9r\u00e9es dans le module CIVA ATHENA 2D. Les contributions associ\u00e9es \u00e0 la diffraction sont bien calcul\u00e9es par CIVA mais ne sont pas trait\u00e9es dans ces travaux de validation.<\/p>\n<\/p>\n<p>\u00a0<\/p>\n<\/p>\n<p style=\"text-align: center;\"><a class=\"mediabox\" href=\"https:\/\/www.extende.com\/wp-content\/uploads\/CIVA-Validation-CoinOL1-3.png\" style=\"text-decoration: none;\" title=\"\"><img loading=\"lazy\" decoding=\"async\" align=\"\" alt=\"\" class=\"mediabox alignnone wp-image-4020\" height=\"140\" src=\"https:\/\/www.extende.com\/wp-content\/uploads\/CIVA-Validation-CoinOL1-3.png\" style=\"margin-right: 10px;\" width=\"200\" srcset=\"https:\/\/www.extende.com\/wp-content\/uploads\/CIVA-Validation-CoinOL1-3.png 333w, https:\/\/www.extende.com\/wp-content\/uploads\/CIVA-Validation-CoinOL1-3-300x211.png 300w\" sizes=\"auto, (max-width: 200px) 100vw, 200px\" \/><\/a><a class=\"mediabox\" href=\"https:\/\/www.extende.com\/wp-content\/uploads\/CIVA-Validation-CoinOL1-3-bis.png\" style=\"text-decoration: none; line-height: 1.5em;\" title=\"\"> <img loading=\"lazy\" decoding=\"async\" align=\"\" alt=\"\" class=\"mediabox alignnone wp-image-4021\" height=\"113\" src=\"https:\/\/www.extende.com\/wp-content\/uploads\/CIVA-Validation-CoinOL1-3-bis.png\" width=\"240\"><\/a><\/p>\n<\/p>\n<p>\u00a0<\/p>\n<\/p>\n<p>Les comparaisons pr\u00e9sent\u00e9es dans ce document sont effectu\u00e9es sur l\u2019amplitude de l\u2019\u00e9cho. Cependant, l\u2019interpr\u00e9tation des r\u00e9sultats peut n\u00e9cessiter l\u2019analyse des A-scans, B-scans, C-scans, ou courbes \u00e9cho-dynamiques.<\/p>\n<\/p>\n<p>\u00a0<\/p>\n<\/p>\n<p style=\"text-align: center;\"><a class=\"mediabox\" href=\"https:\/\/www.extende.com\/wp-content\/uploads\/CIVA-Validation-CoinOL1-4.png\" style=\"text-decoration: none;\" title=\"\"><img loading=\"lazy\" decoding=\"async\" align=\"\" alt=\"\" class=\"mediabox alignnone wp-image-4022\" height=\"182\" src=\"https:\/\/www.extende.com\/wp-content\/uploads\/CIVA-Validation-CoinOL1-4.png\" width=\"600\" srcset=\"https:\/\/www.extende.com\/wp-content\/uploads\/CIVA-Validation-CoinOL1-4.png 767w, https:\/\/www.extende.com\/wp-content\/uploads\/CIVA-Validation-CoinOL1-4-300x91.png 300w, https:\/\/www.extende.com\/wp-content\/uploads\/CIVA-Validation-CoinOL1-4-600x182.png 600w\" sizes=\"auto, (max-width: 600px) 100vw, 600px\" \/><\/a><\/p>\n<\/p>\n<p>\u00a0<\/p>\n<\/p>\n<p>Les mesures sont r\u00e9f\u00e9renc\u00e9es par rapport \u00e0 la r\u00e9ponse d\u2019un trou g\u00e9n\u00e9ratrice (TG) car il s\u2019agit d\u2019un r\u00e9flecteur d\u2019\u00e9talonnage tr\u00e8s courant dont les \u00e9chos sp\u00e9culaires sont mod\u00e9lis\u00e9s avec pr\u00e9cision dans CIVA (voir les pr\u00e9dictions de <a class=\"g-lien\" href=\"https:\/\/www.extende.com\/fr\/la-simulation-cnd\/documentation\/validation-experimentale-des-modeles-civa\/validation-experimentale-des-modeles-civa-en-ultrasons\/ultrasons-reflecteurs-artificiels\/reflecteurs-generatrices\/\" target=\"_self\">r\u00e9ponse de TG par CIVA<\/a>).<\/p>\n<\/p>\n<p>\u00a0<\/p>\n<\/p>\n<p>Continuer vers <a class=\"lien\" href=\"https:\/\/www.extende.com\/fr\/la-simulation-cnd\/documentation\/validation-experimentale-des-modeles-civa\/validation-experimentale-des-modeles-civa-en-ultrasons\/ultrasons-echos-de-coin\/echos-de-coin-en-ondes-l\/ut-echos-de-coin-en-ondes-l-synthese-des-cas-etudies\/\" target=\"_self\">Synth\u00e8se des cas \u00e9tudi\u00e9s<\/a><\/p>\n<\/p>\n<p>Retourner au menu <a class=\"lien\" href=\"https:\/\/www.extende.com\/fr\/la-simulation-cnd\/documentation\/validation-experimentale-des-modeles-civa\/validation-experimentale-des-modeles-civa-en-ultrasons\/ultrasons-echos-de-coin\/echos-de-coin-en-ondes-l\/\" target=\"_self\">Echos de coin en ondes L<\/a><\/p>\n<\/p>\n<p>Retourner au menu <a class=\"lien\" href=\"https:\/\/www.extende.com\/fr\/la-simulation-cnd\/documentation\/validation-experimentale-des-modeles-civa\/validation-experimentale-des-modeles-civa-en-ultrasons\/ultrasons-echos-de-coin\/\" target=\"_self\">Echos de coin<\/a><\/p><\/p>\n","protected":false},"excerpt":{"rendered":"<p>Validation exp\u00e9rimentale et caract\u00e9risation des mod\u00e8les Ultrasons de CIVA, \u00e9chos de coin, logiciel de simulation CND<\/p>\n","protected":false},"author":0,"featured_media":0,"parent":2940,"menu_order":0,"comment_status":"closed","ping_status":"closed","template":"templates\/page--extende.html.php","meta":{"_acf_changed":false,"footnotes":""},"class_list":["post-4023","page","type-page","status-publish","hentry"],"acf":[],"_links":{"self":[{"href":"https:\/\/www.extende.com\/fr\/wp-json\/wp\/v2\/pages\/4023","targetHints":{"allow":["GET"]}}],"collection":[{"href":"https:\/\/www.extende.com\/fr\/wp-json\/wp\/v2\/pages"}],"about":[{"href":"https:\/\/www.extende.com\/fr\/wp-json\/wp\/v2\/types\/page"}],"replies":[{"embeddable":true,"href":"https:\/\/www.extende.com\/fr\/wp-json\/wp\/v2\/comments?post=4023"}],"version-history":[{"count":1,"href":"https:\/\/www.extende.com\/fr\/wp-json\/wp\/v2\/pages\/4023\/revisions"}],"predecessor-version":[{"id":5598,"href":"https:\/\/www.extende.com\/fr\/wp-json\/wp\/v2\/pages\/4023\/revisions\/5598"}],"up":[{"embeddable":true,"href":"https:\/\/www.extende.com\/fr\/wp-json\/wp\/v2\/pages\/2940"}],"wp:attachment":[{"href":"https:\/\/www.extende.com\/fr\/wp-json\/wp\/v2\/media?parent=4023"}],"curies":[{"name":"wp","href":"https:\/\/api.w.org\/{rel}","templated":true}]}}