{"id":4025,"date":"2025-06-24T18:36:28","date_gmt":"2025-06-24T16:36:28","guid":{"rendered":"https:\/\/www.extende.com\/la-simulation-cnd\/documentation\/validation-experimentale-des-modeles-civa\/validation-experimentale-des-modeles-civa-en-ultrasons\/ultrasons-echos-de-coin\/echos-de-coin-en-ondes-l\/ut-echos-de-coin-en-ondes-l-synthese-des-cas-etud"},"modified":"2025-06-24T18:52:12","modified_gmt":"2025-06-24T16:52:12","slug":"ut-echos-de-coin-en-ondes-l-synthese-des-cas-etudies","status":"publish","type":"page","link":"https:\/\/www.extende.com\/fr\/la-simulation-cnd\/documentation\/validation-experimentale-des-modeles-civa\/validation-experimentale-des-modeles-civa-en-ultrasons\/ultrasons-echos-de-coin\/echos-de-coin-en-ondes-l\/ut-echos-de-coin-en-ondes-l-synthese-des-cas-etudies\/","title":{"rendered":"UT &#8211; Echos de coin en ondes L : Synth\u00e8se des cas \u00e9tudi\u00e9s"},"content":{"rendered":"<p>Avant de pr\u00e9senter en d\u00e9tail les configurations \u00e9tudi\u00e9es, le tableau ci-dessous synth\u00e9tise les cas consid\u00e9r\u00e9s. Dans la notation \u00ab HxL_D \u00bb, H correspond \u00e0 la hauteur de l\u2019entaille, L \u00e0 son extension tandis que D est l\u2019\u00e9paisseur de la pi\u00e8ce.<\/p>\n<\/p>\n<p>\u00a0<\/p>\n<\/p>\n<div style=\"text-align:center;\">\n<table border=\"1\" cellpadding=\"2\" cellspacing=\"0\" style=\"line-height: 18px; text-align: center;\">\n<tbody>\n<tr>\n<td>\u00a0<\/td>\n<td>Capteur immersion 2\u00a0MHz<\/td>\n<td>Capteur immersion 5\u00a0MHz<\/td>\n<td>Capteur contact 2\u00a0MHz<\/td>\n<\/tr>\n<tr>\n<td>Caract\u00e9ristiques du traducteur<\/td>\n<td>\u00d812,7\u00a0mm, Hauteur d\u2019eau 25\u00a0mm<\/td>\n<td>\u00d86.35\u00a0mm, Hauteur d\u2019eau 25\u00a0mm<\/td>\n<td>\u00d812,7\u00a0mm<\/td>\n<\/tr>\n<tr>\n<td>Cas L45<\/td>\n<td>0,5 \u00e0 15\u00d715_30<\/td>\n<td>2\u00d72_20, 2\u00d75_20, 2\u00d715_20 et 6\u00d715_20<\/td>\n<td>10\u00d720_37,5 et 10\u00d720_47<\/td>\n<\/tr>\n<tr>\n<td>Cas L60<\/td>\n<td>\u00a0<\/td>\n<td>2\u00d72_20, 2\u00d75_20, 2\u00d715_20 et 6\u00d715_20<\/td>\n<td>\u00a0<\/td>\n<\/tr>\n<tr>\n<td>Influence de\u00a0<\/td>\n<td><a class=\"g-lien\" href=\"https:\/\/www.extende.com\/fr\/la-simulation-cnd\/documentation\/validation-experimentale-des-modeles-civa\/validation-experimentale-des-modeles-civa-en-ultrasons\/ultrasons-echos-de-coin\/echos-de-coin-en-ondes-l\/ut-echos-de-coin-en-ondes-l-influence-de-la-hauteur-de-lentaille\/\" target=\"_self\">hauteur de l&rsquo;entaille<\/a><\/td>\n<td><a class=\"g-lien\" href=\"https:\/\/www.extende.com\/fr\/la-simulation-cnd\/documentation\/validation-experimentale-des-modeles-civa\/validation-experimentale-des-modeles-civa-en-ultrasons\/ultrasons-echos-de-coin\/echos-de-coin-en-ondes-l\/ut-echos-de-coin-en-ondes-l-influence-de-langle-de-refraction\/\" target=\"_self\">angle de r\u00e9fraction<\/a><\/td>\n<td><a class=\"g-lien\" href=\"https:\/\/www.extende.com\/fr\/la-simulation-cnd\/documentation\/validation-experimentale-des-modeles-civa\/validation-experimentale-des-modeles-civa-en-ultrasons\/ultrasons-echos-de-coin\/echos-de-coin-en-ondes-l\/ut-echos-de-coin-en-ondes-l-analyse-des-echos-en-ondes-l\/\" target=\"_self\">Analyse des \u00e9chos<\/a><\/td>\n<\/tr>\n<\/tbody>\n<\/table>\n<\/div>\n<p>\u00a0<\/p>\n<\/p>\n<p>Continuer vers <a class=\"lien\" href=\"https:\/\/www.extende.com\/fr\/la-simulation-cnd\/documentation\/validation-experimentale-des-modeles-civa\/validation-experimentale-des-modeles-civa-en-ultrasons\/ultrasons-echos-de-coin\/echos-de-coin-en-ondes-l\/ut-echos-de-coin-en-ondes-l-analyse-des-echos-en-ondes-l\/\" target=\"_self\">Analyse des echos en ondes L<\/a><\/p>\n<\/p>\n<p>Retourner au menu <a class=\"lien\" href=\"https:\/\/www.extende.com\/fr\/la-simulation-cnd\/documentation\/validation-experimentale-des-modeles-civa\/validation-experimentale-des-modeles-civa-en-ultrasons\/ultrasons-echos-de-coin\/echos-de-coin-en-ondes-l\/\" target=\"_self\">Echos de coin en ondes L<\/a><\/p>\n<\/p>\n<p>Retourner au menu <a class=\"lien\" href=\"https:\/\/www.extende.com\/fr\/la-simulation-cnd\/documentation\/validation-experimentale-des-modeles-civa\/validation-experimentale-des-modeles-civa-en-ultrasons\/ultrasons-echos-de-coin\/\" target=\"_self\">Echos de coin<\/a><\/p><\/p>\n","protected":false},"excerpt":{"rendered":"<p>Validation exp\u00e9rimentale et caract\u00e9risation des mod\u00e8les Ultrasons de CIVA, \u00e9chos de coin, logiciel de simulation CND<\/p>\n","protected":false},"author":0,"featured_media":0,"parent":2940,"menu_order":1,"comment_status":"closed","ping_status":"closed","template":"templates\/page--extende.html.php","meta":{"_acf_changed":false,"footnotes":""},"class_list":["post-4025","page","type-page","status-publish","hentry"],"acf":[],"_links":{"self":[{"href":"https:\/\/www.extende.com\/fr\/wp-json\/wp\/v2\/pages\/4025","targetHints":{"allow":["GET"]}}],"collection":[{"href":"https:\/\/www.extende.com\/fr\/wp-json\/wp\/v2\/pages"}],"about":[{"href":"https:\/\/www.extende.com\/fr\/wp-json\/wp\/v2\/types\/page"}],"replies":[{"embeddable":true,"href":"https:\/\/www.extende.com\/fr\/wp-json\/wp\/v2\/comments?post=4025"}],"version-history":[{"count":1,"href":"https:\/\/www.extende.com\/fr\/wp-json\/wp\/v2\/pages\/4025\/revisions"}],"predecessor-version":[{"id":5600,"href":"https:\/\/www.extende.com\/fr\/wp-json\/wp\/v2\/pages\/4025\/revisions\/5600"}],"up":[{"embeddable":true,"href":"https:\/\/www.extende.com\/fr\/wp-json\/wp\/v2\/pages\/2940"}],"wp:attachment":[{"href":"https:\/\/www.extende.com\/fr\/wp-json\/wp\/v2\/media?parent=4025"}],"curies":[{"name":"wp","href":"https:\/\/api.w.org\/{rel}","templated":true}]}}