{"id":4102,"date":"2025-06-24T18:36:54","date_gmt":"2025-06-24T16:36:54","guid":{"rendered":"https:\/\/www.extende.com\/la-simulation-cnd\/documentation\/validation-experimentale-des-modeles-civa\/validation-experimentale-des-modeles-civa-en-ultrasons\/ultrasons-echos-de-coin\/echos-de-coin-en-ondes-t\/echos-de-coin-en-ondes-t-generalites\/"},"modified":"2025-06-24T18:52:12","modified_gmt":"2025-06-24T16:52:12","slug":"echos-de-coin-en-ondes-t-generalites","status":"publish","type":"page","link":"https:\/\/www.extende.com\/fr\/la-simulation-cnd\/documentation\/validation-experimentale-des-modeles-civa\/validation-experimentale-des-modeles-civa-en-ultrasons\/ultrasons-echos-de-coin\/echos-de-coin-en-ondes-t\/echos-de-coin-en-ondes-t-generalites\/","title":{"rendered":"Echos de coin en ondes T : G\u00e9n\u00e9ralit\u00e9s"},"content":{"rendered":"<p>Les \u00e9chos de coin sont largement utilis\u00e9s en CND pour la d\u00e9tection de fissures d\u00e9bouchant en surface dans les composants m\u00e9talliques soumis \u00e0 la fatigue et\/ou \u00e0 la fissuration caus\u00e9es par la corrosion. L\u2019utilisation de simulations pour \u00e9valuer et optimiser la d\u00e9tectabilit\u00e9 de ces fissures est d\u2019un grand int\u00e9r\u00eat et support pour les industries.<\/p>\n<\/p>\n<p>Les configurations suivantes ont servi \u00e0 la validation des simulations dans CIVA d\u2019\u00e9chos de coin associ\u00e9s \u00e0 des entailles rectangulaires. Les chemins acoustiques associ\u00e9s aux \u00e9chos de coins sont illustr\u00e9s sur la figure suivante.<\/p>\n<\/p>\n<p>\u00a0<\/p>\n<\/p>\n<p style=\"text-align: center;\"><a class=\"mediabox\" href=\"https:\/\/www.extende.com\/wp-content\/uploads\/CIVA-Validation-UT-CoinOT1-1.png\" title=\"\"><img loading=\"lazy\" decoding=\"async\" alt=\"\" class=\"mediabox alignnone wp-image-4097\" height=\"132\" src=\"https:\/\/www.extende.com\/wp-content\/uploads\/CIVA-Validation-UT-CoinOT1-1.png\" title=\"\" width=\"500\" srcset=\"https:\/\/www.extende.com\/wp-content\/uploads\/CIVA-Validation-UT-CoinOT1-1.png 866w, https:\/\/www.extende.com\/wp-content\/uploads\/CIVA-Validation-UT-CoinOT1-1-300x80.png 300w, https:\/\/www.extende.com\/wp-content\/uploads\/CIVA-Validation-UT-CoinOT1-1-768x204.png 768w, https:\/\/www.extende.com\/wp-content\/uploads\/CIVA-Validation-UT-CoinOT1-1-600x159.png 600w\" sizes=\"auto, (max-width: 500px) 100vw, 500px\" \/><\/a><\/p>\n<\/p>\n<p>\u00a0<\/p>\n<\/p>\n<p>L\u2019effet d\u2019\u00e9cho de coin correspond \u00e0 la double r\u00e9flexion, sur le fond de la pi\u00e8ce et sur l\u2019entaille, d\u2019une onde de volume L (pression \/ longitudinale) ou T (cisaillement \/ transversal) incidente oblique. Un mode de conversion peut \u00e9galement se produire ce qui donne lieu \u00e0 des \u00e9chos de coin suppl\u00e9mentaires.<\/p>\n<\/p>\n<p>\u00a0<\/p>\n<\/p>\n<p>L\u2019amplitude des \u00e9chos de coin varie en fonction des param\u00e8tres suivants :<\/p>\n<\/p>\n<ul class=\"liste-carres-noirs\">\n<li>Angle de r\u00e9fraction dans l\u2019\u00e9chantillon (L et T)<\/li>\n<li>Divergence du faisceau (c\u2019est-\u00e0-dire l\u2019ouverture du traducteur), qui affecte les angles r\u00e9fract\u00e9s contenus dans le faisceau g\u00e9n\u00e9r\u00e9 dans l\u2019\u00e9chantillon<\/li>\n<li>Fr\u00e9quence centrale du traducteur par rapport \u00e0 la taille du d\u00e9faut et \u00e0 la bande passante<\/li>\n<li>Profondeur du d\u00e9faut et localisation dans le profil de champ par rapport \u00e0 l\u2019amplitude maximale du champ<\/li>\n<li>Angles entre le fond de la pi\u00e8ce et le d\u00e9faut (tilt, skew)<\/li>\n<li>Dimensions du d\u00e9faut (hauteur et extension)<\/li>\n<\/ul>\n<p>\u00a0<\/p>\n<\/p>\n<p>Selon la configuration CND, l\u2019importance relative de ces param\u00e8tres peut varier. La validation des simulations n\u00e9cessite g\u00e9n\u00e9ralement de faire varier s\u00e9par\u00e9ment chacun des param\u00e8tres influents pour \u00eatre capable de d\u00e9terminer leurs contributions et les sources potentielles de divergence avec les mesures exp\u00e9rimentales.<\/p>\n<\/p>\n<p>Dans les configurations suivantes, les inspections sont r\u00e9alis\u00e9es \u00e0 l\u2019aide d\u2019un capteur g\u00e9n\u00e9rant des ondes T dans des pi\u00e8ces planes homog\u00e8nes et isotropes comportant des entailles droites d\u00e9bouchant en fond de pi\u00e8ce ; les entailles inclin\u00e9es font l\u2019objet d\u2019une autre \u00e9tude. Un balayage est pratiqu\u00e9 selon les axes X et Y. Les acquisitions exp\u00e9rimentales ont \u00e9t\u00e9 effectu\u00e9es en utilisant un \u00e9quipement constitu\u00e9 d\u2019un banc m\u00e9canique capable de r\u00e9aliser des repr\u00e9sentations type C-scan, et un syst\u00e8me d\u2019acquisition ultrasonore multi\u00e9l\u00e9ments MultiX 64 pilot\u00e9 par le logiciel Multi2000 V6.5.22.<\/p>\n<\/p>\n<p>\u00a0<\/p>\n<\/p>\n<p style=\"text-align: center;\"><a class=\"mediabox\" href=\"https:\/\/www.extende.com\/wp-content\/uploads\/CIVA-Validation-UT-CoinOT1-2.png\" style=\"text-decoration: none;\" title=\"\"><img loading=\"lazy\" decoding=\"async\" align=\"\" alt=\"\" class=\"mediabox alignnone wp-image-4098\" height=\"105\" src=\"https:\/\/www.extende.com\/wp-content\/uploads\/CIVA-Validation-UT-CoinOT1-2.png\" width=\"500\" srcset=\"https:\/\/www.extende.com\/wp-content\/uploads\/CIVA-Validation-UT-CoinOT1-2.png 821w, https:\/\/www.extende.com\/wp-content\/uploads\/CIVA-Validation-UT-CoinOT1-2-300x63.png 300w, https:\/\/www.extende.com\/wp-content\/uploads\/CIVA-Validation-UT-CoinOT1-2-768x162.png 768w, https:\/\/www.extende.com\/wp-content\/uploads\/CIVA-Validation-UT-CoinOT1-2-600x126.png 600w\" sizes=\"auto, (max-width: 500px) 100vw, 500px\" \/><\/a><\/p>\n<\/p>\n<p>\u00a0<\/p>\n<\/p>\n<p>Les contributions associ\u00e9es aux ondes de Rayleigh (entour\u00e9es en bleu) ne sont pas calcul\u00e9es avec le mod\u00e8le semi-analytique de CIVA <strong>mais sont prises en compte par le mod\u00e8le d&rsquo;\u00e9l\u00e9ments finis transitoires (TFEM) disponible depuis CIVA 2020<\/strong> et par le module CIVA ATHENA 2D. Les contributions associ\u00e9es \u00e0 la diffraction sont bien calcul\u00e9es par CIVA mais ne sont pas \u00e9tudi\u00e9es dans ces travaux de validation.\u00a0<\/p>\n<\/p>\n<p><strong>Le TFEM est une strat\u00e9gie de mod\u00e8le hybride automatique bas\u00e9e sur une relation de r\u00e9ciprocit\u00e9 o\u00f9 les champs incidents sont calcul\u00e9s en utilisant une m\u00e9thode bas\u00e9e sur les rayons tandis que le champ diffract\u00e9 est calcul\u00e9 localement autour du d\u00e9faut en utilisant une m\u00e9thode num\u00e9rique. Les principales diff\u00e9rences avec la m\u00e9thode hybride Athena sont de deux ordres : premi\u00e8rement, le solveur num\u00e9rique est construit sur une m\u00e9thode d&rsquo;\u00e9l\u00e9ments finis spectraux d&rsquo;ordre \u00e9lev\u00e9 \u00ab\u00a0d\u00e9di\u00e9e\u00a0\u00bb, ce qui nous permet d&rsquo;aborder des configurations 3D, et deuxi\u00e8mement, la constitution des param\u00e8tres num\u00e9riques est automatiquement d\u00e9duite de la configuration CIVA, conduisant \u00e0 un mod\u00e8le de diffraction qui peut \u00eatre manipul\u00e9 \u00e0 travers l&rsquo;interface graphique de mani\u00e8re similaire aux mod\u00e8les GTD ou Kirchhoff.<\/strong><\/p>\n<\/p>\n<p>\u00a0<\/p>\n<\/p>\n<p style=\"text-align: center;\"><a class=\"mediabox\" href=\"https:\/\/www.extende.com\/wp-content\/uploads\/CIVA-Validation-UT-CoinOT1-3bis.png\" style=\"text-decoration: none;\" title=\"\"><img loading=\"lazy\" decoding=\"async\" align=\"\" alt=\"\" class=\"mediabox alignnone wp-image-4099\" height=\"140\" src=\"https:\/\/www.extende.com\/wp-content\/uploads\/CIVA-Validation-UT-CoinOT1-3bis.png\" width=\"200\" srcset=\"https:\/\/www.extende.com\/wp-content\/uploads\/CIVA-Validation-UT-CoinOT1-3bis.png 333w, https:\/\/www.extende.com\/wp-content\/uploads\/CIVA-Validation-UT-CoinOT1-3bis-300x211.png 300w\" sizes=\"auto, (max-width: 200px) 100vw, 200px\" \/><\/a><a class=\"mediabox\" href=\"https:\/\/www.extende.com\/wp-content\/uploads\/CIVA-Validation-UT-CoinOT1-3.png\" style=\"text-decoration: none; line-height: 1.5em;\" title=\"\"><img loading=\"lazy\" decoding=\"async\" align=\"\" alt=\"\" class=\"mediabox alignnone wp-image-4100\" height=\"94\" src=\"https:\/\/www.extende.com\/wp-content\/uploads\/CIVA-Validation-UT-CoinOT1-3.png\" width=\"200\"><\/a><\/p>\n<\/p>\n<p>\u00a0<\/p>\n<\/p>\n<p>Les comparaisons pr\u00e9sent\u00e9es dans ce document sont effectu\u00e9es sur l\u2019amplitude de l\u2019\u00e9cho. Cependant, l\u2019interpr\u00e9tation des r\u00e9sultats peut n\u00e9cessiter l\u2019analyse des A-scans, B-scans, C-scans, ou courbes \u00e9cho-dynamiques.<\/p>\n<\/p>\n<p>\u00a0<\/p>\n<\/p>\n<p style=\"text-align: center;\"><a class=\"mediabox\" href=\"https:\/\/www.extende.com\/wp-content\/uploads\/CIVA-Validation-UT-CoinOT1-4.png\" style=\"text-decoration: none;\" title=\"\"><img loading=\"lazy\" decoding=\"async\" align=\"\" alt=\"\" class=\"mediabox alignnone wp-image-4101\" height=\"151\" src=\"https:\/\/www.extende.com\/wp-content\/uploads\/CIVA-Validation-UT-CoinOT1-4.png\" width=\"500\" srcset=\"https:\/\/www.extende.com\/wp-content\/uploads\/CIVA-Validation-UT-CoinOT1-4.png 767w, https:\/\/www.extende.com\/wp-content\/uploads\/CIVA-Validation-UT-CoinOT1-4-300x91.png 300w, https:\/\/www.extende.com\/wp-content\/uploads\/CIVA-Validation-UT-CoinOT1-4-600x182.png 600w\" sizes=\"auto, (max-width: 500px) 100vw, 500px\" \/><\/a><\/p>\n<\/p>\n<p>\u00a0<\/p>\n<\/p>\n<p>Les mesures sont r\u00e9f\u00e9renc\u00e9es par rapport \u00e0 la r\u00e9ponse d\u2019un trou g\u00e9n\u00e9ratrice (TG) car il s\u2019agit d\u2019un r\u00e9flecteur d\u2019\u00e9talonnage tr\u00e8s courant dont les \u00e9chos sp\u00e9culaires sont mod\u00e9lis\u00e9s avec pr\u00e9cision dans CIVA (voir pr\u00e9diction de <a class=\"g-lien\" href=\"https:\/\/www.extende.com\/fr\/la-simulation-cnd\/documentation\/validation-experimentale-des-modeles-civa\/validation-experimentale-des-modeles-civa-en-ultrasons\/ultrasons-reflecteurs-artificiels\/reflecteurs-generatrices\/\" target=\"_self\">r\u00e9ponse de TG par CIVA<\/a>).<\/p>\n<\/p>\n<p>\u00a0<\/p>\n<\/p>\n<p>Continuer vers <a class=\"lien\" href=\"https:\/\/www.extende.com\/fr\/la-simulation-cnd\/documentation\/validation-experimentale-des-modeles-civa\/validation-experimentale-des-modeles-civa-en-ultrasons\/ultrasons-echos-de-coin\/echos-de-coin-en-ondes-t\/echos-de-coin-en-ondes-t-synthese-des-cas-etudies\/\" target=\"_self\">Synth\u00e8se des cas \u00e9tudi\u00e9s<\/a><\/p>\n<\/p>\n<p>Retourner au menu <a class=\"lien\" href=\"https:\/\/www.extende.com\/fr\/la-simulation-cnd\/documentation\/validation-experimentale-des-modeles-civa\/validation-experimentale-des-modeles-civa-en-ultrasons\/ultrasons-echos-de-coin\/echos-de-coin-en-ondes-t\/\" target=\"_self\">Echos de coin en ondes T<\/a><\/p>\n<\/p>\n<p>Retourner au menu <a class=\"lien\" href=\"https:\/\/www.extende.com\/fr\/la-simulation-cnd\/documentation\/validation-experimentale-des-modeles-civa\/validation-experimentale-des-modeles-civa-en-ultrasons\/ultrasons-echos-de-coin\/\" target=\"_self\">Echos de coin<\/a><\/p><\/p>\n","protected":false},"excerpt":{"rendered":"<p>Validation exp\u00e9rimentale et caract\u00e9risation des mod\u00e8les Ultrasons de CIVA, \u00e9chos de coin, logiciel de simulation CND<\/p>\n","protected":false},"author":0,"featured_media":0,"parent":2942,"menu_order":0,"comment_status":"closed","ping_status":"closed","template":"templates\/page--extende.html.php","meta":{"_acf_changed":false,"footnotes":""},"class_list":["post-4102","page","type-page","status-publish","hentry"],"acf":[],"_links":{"self":[{"href":"https:\/\/www.extende.com\/fr\/wp-json\/wp\/v2\/pages\/4102","targetHints":{"allow":["GET"]}}],"collection":[{"href":"https:\/\/www.extende.com\/fr\/wp-json\/wp\/v2\/pages"}],"about":[{"href":"https:\/\/www.extende.com\/fr\/wp-json\/wp\/v2\/types\/page"}],"replies":[{"embeddable":true,"href":"https:\/\/www.extende.com\/fr\/wp-json\/wp\/v2\/comments?post=4102"}],"version-history":[{"count":1,"href":"https:\/\/www.extende.com\/fr\/wp-json\/wp\/v2\/pages\/4102\/revisions"}],"predecessor-version":[{"id":5586,"href":"https:\/\/www.extende.com\/fr\/wp-json\/wp\/v2\/pages\/4102\/revisions\/5586"}],"up":[{"embeddable":true,"href":"https:\/\/www.extende.com\/fr\/wp-json\/wp\/v2\/pages\/2942"}],"wp:attachment":[{"href":"https:\/\/www.extende.com\/fr\/wp-json\/wp\/v2\/media?parent=4102"}],"curies":[{"name":"wp","href":"https:\/\/api.w.org\/{rel}","templated":true}]}}