{"id":4104,"date":"2025-06-24T18:36:55","date_gmt":"2025-06-24T16:36:55","guid":{"rendered":"https:\/\/www.extende.com\/la-simulation-cnd\/documentation\/validation-experimentale-des-modeles-civa\/validation-experimentale-des-modeles-civa-en-ultrasons\/ultrasons-echos-de-coin\/echos-de-coin-en-ondes-t\/echos-de-coin-en-ondes-t-synthese-des-cas-etudies"},"modified":"2025-06-24T18:52:12","modified_gmt":"2025-06-24T16:52:12","slug":"echos-de-coin-en-ondes-t-synthese-des-cas-etudies","status":"publish","type":"page","link":"https:\/\/www.extende.com\/fr\/la-simulation-cnd\/documentation\/validation-experimentale-des-modeles-civa\/validation-experimentale-des-modeles-civa-en-ultrasons\/ultrasons-echos-de-coin\/echos-de-coin-en-ondes-t\/echos-de-coin-en-ondes-t-synthese-des-cas-etudies\/","title":{"rendered":"Echos de coin en ondes T : Synth\u00e8se des cas \u00e9tudi\u00e9s"},"content":{"rendered":"<p>Avant de pr\u00e9senter en d\u00e9tail les configurations \u00e9tudi\u00e9es, nous donnons ci-dessous la liste des cas consid\u00e9r\u00e9s. Dans le code \u00ab HxL_D \u00bb, H correspond \u00e0 la hauteur de l\u2019entaille, L son extension tandis que D donne l\u2019\u00e9paisseur de la pi\u00e8ce. HE correspond \u00e0 la hauteur d\u2019eau pour les capteurs en immersion.<\/p>\n<\/p>\n<p>\u00a0<\/p>\n<\/p>\n<div style=\"text-align:center;\">\n<table border=\"1\" cellpadding=\"2\" cellspacing=\"0\" style=\"line-height: 18px; text-align: center;\">\n<tbody>\n<tr>\n<td>\u00a0<\/td>\n<td>Capteur<\/td>\n<td>Configurations<\/td>\n<\/tr>\n<tr>\n<td colspan=\"1\" rowspan=\"4\"><a class=\"g-lien\" href=\"https:\/\/www.extende.com\/fr\/la-simulation-cnd\/documentation\/validation-experimentale-des-modeles-civa\/validation-experimentale-des-modeles-civa-en-ultrasons\/ultrasons-echos-de-coin\/echos-de-coin-en-ondes-t\/echos-de-coin-en-ondes-t-influence-de-la-hauteur-de-lentaille\/\" target=\"_self\">Influence de la hauteur de l&rsquo;entaille<\/a><\/td>\n<td>\n<p>2,25MHz, \u00d86,35\u00a0mm,\u00a0Contact \u00a0\u00a0\u00a0<\/p>\n<p>\u00a0<\/p>\n<\/td>\n<td>3,2\u00d740_30 et 10\u00d740_30<\/td>\n<\/tr>\n<tr>\n<td>\n<p>2,24\u00a0MHz, \u00d86,35\u00a0mm, HE25\u00a0mm \u00a0\u00a0\u00a0<\/p>\n<\/td>\n<td rowspan=\"3\">0,5 \u00e0 15\u00d715_30<\/td>\n<\/tr>\n<tr>\n<td>\n<p>2,25\u00a0MHz, \u00d812,7\u00a0mm, HE25\u00a0mm \u00a0\u00a0\u00a0<\/p>\n<\/td>\n<\/tr>\n<tr>\n<td>\n<p>5\u00a0MHz, \u00d86,35\u00a0mm, HE25\u00a0mm \u00a0\u00a0\u00a0<\/p>\n<\/td>\n<\/tr>\n<tr>\n<td rowspan=\"2\"><a class=\"g-lien\" href=\"https:\/\/www.extende.com\/fr\/la-simulation-cnd\/documentation\/validation-experimentale-des-modeles-civa\/validation-experimentale-des-modeles-civa-en-ultrasons\/ultrasons-echos-de-coin\/echos-de-coin-en-ondes-t\/echos-de-coin-en-ondes-t-influence-de-lextension-de-lentaille\/\" target=\"_self\">Influence de l&rsquo;extension de l&rsquo;entaille<\/a><\/td>\n<td>\n<p>2,25\u00a0MHz, \u00d86,35\u00a0mm, HE20\u00a0mm \u00a0\u00a0\u00a0<\/p>\n<\/td>\n<td rowspan=\"2\">2\u00d72_20, 2\u00d75_20, 2\u00d715_20, 6\u00d715_20<\/td>\n<\/tr>\n<tr>\n<td>\n<p>4,5\u00a0MHz, \u00d812,7\u00a0mm, HE20\u00a0mm \u00a0\u00a0\u00a0<\/p>\n<\/td>\n<\/tr>\n<tr>\n<td rowspan=\"4\"><a class=\"g-lien\" href=\"https:\/\/www.extende.com\/fr\/la-simulation-cnd\/documentation\/validation-experimentale-des-modeles-civa\/validation-experimentale-des-modeles-civa-en-ultrasons\/ultrasons-echos-de-coin\/echos-de-coin-en-ondes-t\/echos-de-coin-en-ondes-t-influence-simultannee-des-2-dimensions-de-lentaille\/\" target=\"_self\">Influence simultan\u00e9e des 2 dimensions de l&rsquo;entaille<\/a><\/td>\n<td>\n<p>2MHz, 20*22\u00a0mm, Contact \u00a0\u00a0\u00a0<\/p>\n<\/td>\n<td rowspan=\"2\">2\u00d740_50, 5\u00d740_50, 10\u00d740_50, 20\u00d740_50,<br \/>\n\t\t\t2\u00d75_50, 5\u00d75_50, 10\u00d75_50, 20\u00d75_50<\/td>\n<\/tr>\n<tr>\n<td>\n<p>2,25MHz, \u00d86,35\u00a0mm, Contact \u00a0\u00a0\u00a0<\/p>\n<\/td>\n<\/tr>\n<tr>\n<td>\n<p>2,25\u00a0MHz, \u00d86,35\u00a0mm, HE20\u00a0mm \u00a0<\/p>\n<\/td>\n<td rowspan=\"2\">0,5\u00d72_5, 1,5\u00d72_5, 2,5\u00d72_5,<br \/>\n\t\t\t0,5\u00d75_5, 1,5\u00d75_5, 2,5\u00d75_5,<br \/>\n\t\t\t0,5\u00d710_5, 1,5\u00d710_5, 2,5\u00d710_5<\/td>\n<\/tr>\n<tr>\n<td>\n<p>4,7\u00a0MHz, \u00d86,35\u00a0mm, HE10\u00a0mm<\/p>\n<\/td>\n<\/tr>\n<tr>\n<td><a class=\"g-lien\" href=\"https:\/\/www.extende.com\/fr\/la-simulation-cnd\/documentation\/validation-experimentale-des-modeles-civa\/validation-experimentale-des-modeles-civa-en-ultrasons\/ultrasons-echos-de-coin\/echos-de-coin-en-ondes-t\/echos-de-coin-en-ondes-t-influence-de-langle-de-refraction\/\" target=\"_self\">Influence de l&rsquo;angle de r\u00e9fraction<\/a><br \/>\n\t\t\t(40\u00b0 \u00e0 65\u00b0)<\/td>\n<td>2,25\u00a0MHz, \u00d812,7\u00a0mm, HE50\u00a0mm<\/td>\n<td>10\u00d715_47<\/td>\n<\/tr>\n<tr>\n<td rowspan=\"2\"><a class=\"g-lien\" href=\"https:\/\/www.extende.com\/fr\/la-simulation-cnd\/documentation\/validation-experimentale-des-modeles-civa\/validation-experimentale-des-modeles-civa-en-ultrasons\/ultrasons-echos-de-coin\/echos-de-coin-en-ondes-t\/echos-de-coin-en-ondes-t-influence-simultanee-de-la-hauteur-de-lentaille-et-de-langle-de-refraction\/\" target=\"_self\">Influence simultan\u00e9e de la hauteur de l&rsquo;entaille et de l&rsquo;angle de r\u00e9fraction<\/a><br \/>\n\t\t\t(40\u00b0 \u00e0 70\u00b0)<\/td>\n<td>2,24\u00a0MHz, \u00d86,35\u00a0mm, HE25\u00a0mm<\/td>\n<td rowspan=\"2\">0,5 \u00e0 15\u00d715_30<\/td>\n<\/tr>\n<tr>\n<td>5\u00a0MHz, \u00d86,35\u00a0mm, HE25\u00a0mm<\/td>\n<\/tr>\n<tr>\n<td><a class=\"g-lien\" href=\"https:\/\/www.extende.com\/fr\/la-simulation-cnd\/documentation\/validation-experimentale-des-modeles-civa\/validation-experimentale-des-modeles-civa-en-ultrasons\/ultrasons-echos-de-coin\/echos-de-coin-en-ondes-t\/echos-de-coin-en-ondes-t-influence-simultanee-de-lextension-des-entailles-et-de-langle-de-refraction\/\" target=\"_self\">Influence simultan\u00e9e de l&rsquo;extension de l&rsquo;entaille et l&rsquo;angle de r\u00e9fraction<\/a><br \/>\n\t\t\t(45\u00b0 \u00e0 65\u00b0)<\/td>\n<td>4,5\u00a0MHz, \u00d812,7\u00a0mm, HE20\u00a0mm<\/td>\n<td>2\u00d72_20, 2\u00d75_20, 2\u00d715_20, 6\u00d715_20<br \/>\n\t\t\t\u00a0<\/td>\n<\/tr>\n<\/tbody>\n<\/table>\n<\/div>\n<p>\u00a0<\/p>\n<\/p>\n<p>Continuer vers <a class=\"lien\" href=\"https:\/\/www.extende.com\/fr\/la-simulation-cnd\/documentation\/validation-experimentale-des-modeles-civa\/validation-experimentale-des-modeles-civa-en-ultrasons\/ultrasons-echos-de-coin\/echos-de-coin-en-ondes-t\/echos-de-coin-en-ondes-t-influence-de-la-hauteur-de-lentaille\/\" target=\"_self\">Influence de la hauteur de l&rsquo;entaille<\/a><\/p>\n<\/p>\n<p>Retourner au menu <a class=\"lien\" href=\"https:\/\/www.extende.com\/fr\/la-simulation-cnd\/documentation\/validation-experimentale-des-modeles-civa\/validation-experimentale-des-modeles-civa-en-ultrasons\/ultrasons-echos-de-coin\/echos-de-coin-en-ondes-t\/\" target=\"_self\">Echos de coin en ondes T<\/a><\/p>\n<\/p>\n<p>Retourner au menu <a class=\"lien\" href=\"https:\/\/www.extende.com\/fr\/la-simulation-cnd\/documentation\/validation-experimentale-des-modeles-civa\/validation-experimentale-des-modeles-civa-en-ultrasons\/ultrasons-echos-de-coin\/\" target=\"_self\">Echos de coin<\/a><\/p><\/p>\n","protected":false},"excerpt":{"rendered":"<p>Validation exp\u00e9rimentale et caract\u00e9risation des mod\u00e8les Ultrasons de CIVA, \u00e9chos de coin, logiciel de simulation CND<\/p>\n","protected":false},"author":0,"featured_media":0,"parent":2942,"menu_order":1,"comment_status":"closed","ping_status":"closed","template":"templates\/page--extende.html.php","meta":{"_acf_changed":false,"footnotes":""},"class_list":["post-4104","page","type-page","status-publish","hentry"],"acf":[],"_links":{"self":[{"href":"https:\/\/www.extende.com\/fr\/wp-json\/wp\/v2\/pages\/4104","targetHints":{"allow":["GET"]}}],"collection":[{"href":"https:\/\/www.extende.com\/fr\/wp-json\/wp\/v2\/pages"}],"about":[{"href":"https:\/\/www.extende.com\/fr\/wp-json\/wp\/v2\/types\/page"}],"replies":[{"embeddable":true,"href":"https:\/\/www.extende.com\/fr\/wp-json\/wp\/v2\/comments?post=4104"}],"version-history":[{"count":1,"href":"https:\/\/www.extende.com\/fr\/wp-json\/wp\/v2\/pages\/4104\/revisions"}],"predecessor-version":[{"id":5588,"href":"https:\/\/www.extende.com\/fr\/wp-json\/wp\/v2\/pages\/4104\/revisions\/5588"}],"up":[{"embeddable":true,"href":"https:\/\/www.extende.com\/fr\/wp-json\/wp\/v2\/pages\/2942"}],"wp:attachment":[{"href":"https:\/\/www.extende.com\/fr\/wp-json\/wp\/v2\/media?parent=4104"}],"curies":[{"name":"wp","href":"https:\/\/api.w.org\/{rel}","templated":true}]}}