{"id":4135,"date":"2025-06-24T18:37:00","date_gmt":"2025-06-24T16:37:00","guid":{"rendered":""},"modified":"2025-06-24T18:52:12","modified_gmt":"2025-06-24T16:52:12","slug":"echos-de-coin-en-ondes-t-influence-de-lextension-de-lentaille","status":"publish","type":"page","link":"https:\/\/www.extende.com\/fr\/la-simulation-cnd\/documentation\/validation-experimentale-des-modeles-civa\/validation-experimentale-des-modeles-civa-en-ultrasons\/ultrasons-echos-de-coin\/echos-de-coin-en-ondes-t\/echos-de-coin-en-ondes-t-influence-de-lextension-de-lentaille\/","title":{"rendered":"Echos de coin en ondes T : Influence de l&rsquo;extension de l&rsquo;entaille"},"content":{"rendered":"<h2 class=\"titre-accordeon\">CONFIGURATION<\/h2>\n<\/p>\n<p><span style=\"line-height: 1.5em;\">Dans la configuration suivante, la pi\u00e8ce est un bloc plan d\u2019acier de 20\u00a0mm d\u2019\u00e9paisseur et comprenant 4 entailles d\u00e9bouchant en fond de pi\u00e8ce : 4 entailles de dimension 2\u00d72\u00a0mm, 2\u00d75\u00a0mm et 2\u00d715\u00a0mm et une entaille de dimension 6\u00d715\u00a0mm.<\/span><\/p>\n<\/p>\n<p>\u00a0<\/p>\n<\/p>\n<p style=\"text-align: center;\"><a class=\"mediabox\" href=\"https:\/\/www.extende.com\/wp-content\/uploads\/CIVA-Validation-UT-CoinOT3-1.png\" style=\"text-decoration: none;\" title=\"\"><img loading=\"lazy\" decoding=\"async\" align=\"\" alt=\"\" class=\"mediabox alignnone wp-image-4129\" height=\"167\" src=\"https:\/\/www.extende.com\/wp-content\/uploads\/CIVA-Validation-UT-CoinOT3-1.png\" width=\"400\" srcset=\"https:\/\/www.extende.com\/wp-content\/uploads\/CIVA-Validation-UT-CoinOT3-1.png 506w, https:\/\/www.extende.com\/wp-content\/uploads\/CIVA-Validation-UT-CoinOT3-1-300x126.png 300w\" sizes=\"auto, (max-width: 400px) 100vw, 400px\" \/><\/a><\/p>\n<\/p>\n<p>\u00a0<\/p>\n<\/p>\n<p>Deux capteurs en immersion ont \u00e9t\u00e9 utilis\u00e9s :<\/p>\n<\/p>\n<p>\u00a0<\/p>\n<\/p>\n<div style=\"text-align:center;\">\n<table border=\"1\" cellpadding=\"2\" cellspacing=\"0\" style=\"line-height: 18px; text-align: center;\">\n<tbody>\n<tr>\n<td>Fr\u00e9quence<\/td>\n<td>Pastille<\/td>\n<td>Mode<\/td>\n<td>Hauteur d&rsquo;eau<\/td>\n<td>Profondeur d&rsquo;\u00e9talonnage<\/td>\n<\/tr>\n<tr>\n<td>2,25 MHz<\/td>\n<td>\u00d86,35\u00a0mm<\/td>\n<td>T45<\/td>\n<td>20\u00a0mm<\/td>\n<td>20\u00a0mm<\/td>\n<\/tr>\n<tr>\n<td>4,5 MHz<\/td>\n<td>\u00d812,7\u00a0mm<\/td>\n<td>T45<\/td>\n<td>20\u00a0mm<\/td>\n<td>15\u00a0mm<\/td>\n<\/tr>\n<\/tbody>\n<\/table>\n<\/div>\n<p>\u00a0<\/p>\n<\/p>\n<p>\u00a0<\/p>\n<\/p>\n<h2 class=\"titre-accordeon\">R\u00c9SULTATS<\/h2>\n<\/p>\n<p><span style=\"line-height: 1.5em;\">Un num\u00e9ro est associ\u00e9 \u00e0 chaque entaille pour faciliter l\u2019affichage des r\u00e9sultats :<\/span><\/p>\n<\/p>\n<p>\u00a0<\/p>\n<\/p>\n<div style=\"text-align:center;\">\n<table border=\"1\" cellpadding=\"2\" cellspacing=\"0\" style=\"line-height: 18px; text-align: center;\">\n<tbody>\n<tr>\n<td>Num\u00e9ro d&rsquo;entaille<\/td>\n<td>1<\/td>\n<td>2<\/td>\n<td>3<\/td>\n<td>4<\/td>\n<\/tr>\n<tr>\n<td>Hauteur<\/td>\n<td>2\u00a0mm<\/td>\n<td>2\u00a0mm<\/td>\n<td>2\u00a0mm<\/td>\n<td>6\u00a0mm<\/td>\n<\/tr>\n<tr>\n<td>Extension<\/td>\n<td>2\u00a0mm<\/td>\n<td>5\u00a0mm<\/td>\n<td>15\u00a0mm<\/td>\n<td>15\u00a0mm<\/td>\n<\/tr>\n<\/tbody>\n<\/table>\n<\/div>\n<p>\u00a0<\/p>\n<\/p>\n<p><span style=\"line-height: 1.5em;\">Pour le <span class=\"g-color2\">capteur immersion circulaire \u00d86,35\u00a0mm<\/span> fonctionnant \u00e0 2,25 MHz avec 20\u00a0mm de hauteur d\u2019eau, l\u2019inspection est r\u00e9alis\u00e9e avec le mode T45. Le signal d\u2019entr\u00e9e a une fr\u00e9quence de 2,25 MHz avec une bande passante de 64% et une phase de 290\u00b0.<\/span><\/p>\n<\/p>\n<p>Les r\u00e9sultats sont <span class=\"g-color2\">\u00e9talonn\u00e9s<\/span> par rapport \u00e0 un TG de \u00d82\u00a0mm, de 40\u00a0mm d\u2019extension et situ\u00e9 \u00e0 20\u00a0mm de profondeur.<\/p>\n<\/p>\n<p>\u00a0<\/p>\n<\/p>\n<p style=\"text-align: center;\"><a class=\"mediabox\" href=\"https:\/\/www.extende.com\/wp-content\/uploads\/CIVA-Validation-UT-CoinOT3-2.png\" style=\"text-decoration: none;\" title=\"\"><img loading=\"lazy\" decoding=\"async\" align=\"\" alt=\"\" class=\"mediabox alignnone wp-image-4133\" height=\"230\" src=\"https:\/\/www.extende.com\/wp-content\/uploads\/CIVA-Validation-UT-CoinOT3-2.png\" width=\"400\" srcset=\"https:\/\/www.extende.com\/wp-content\/uploads\/CIVA-Validation-UT-CoinOT3-2.png 532w, https:\/\/www.extende.com\/wp-content\/uploads\/CIVA-Validation-UT-CoinOT3-2-300x173.png 300w\" sizes=\"auto, (max-width: 400px) 100vw, 400px\" \/><\/a><\/p>\n<\/p>\n<p>\u00a0<\/p>\n<\/p>\n<p>L\u2019accord est bon entre les mesures et la simulation, il est inf\u00e9rieur \u00e0 2\u00a0dB.<\/p>\n<\/p>\n<p>Pour le <span class=\"g-color2\">capteur immersion circulaire de \u00d812,7\u00a0mm<\/span> fonctionnant \u00e0 4,5 MHz avec 20\u00a0mm de hauteur d\u2019eau, l\u2019inspection est r\u00e9alis\u00e9e avec le mode T45. Le signal d\u2019entr\u00e9e a une fr\u00e9quence de 4,5 MHz avec une bande passante de 73% et une phase de 270\u00b0.<\/p>\n<\/p>\n<p>\u00a0<\/p>\n<\/p>\n<p>Les r\u00e9sultats sont <span class=\"g-color2\">\u00e9talonn\u00e9s<\/span> par rapport \u00e0 un TG de \u00d82\u00a0mm, 40\u00a0mm de long et situ\u00e9 \u00e0 15\u00a0mm de profondeur.<\/p>\n<\/p>\n<p>\u00a0<\/p>\n<\/p>\n<p style=\"text-align: center;\"><a class=\"mediabox\" href=\"https:\/\/www.extende.com\/wp-content\/uploads\/CIVA-Validation-UT-CoinOT3-3.png\" style=\"text-decoration: none;\" title=\"\"><img loading=\"lazy\" decoding=\"async\" align=\"\" alt=\"\" class=\"mediabox alignnone wp-image-4134\" height=\"230\" src=\"https:\/\/www.extende.com\/wp-content\/uploads\/CIVA-Validation-UT-CoinOT3-3.png\" width=\"400\" srcset=\"https:\/\/www.extende.com\/wp-content\/uploads\/CIVA-Validation-UT-CoinOT3-3.png 532w, https:\/\/www.extende.com\/wp-content\/uploads\/CIVA-Validation-UT-CoinOT3-3-300x173.png 300w\" sizes=\"auto, (max-width: 400px) 100vw, 400px\" \/><\/a><\/p>\n<\/p>\n<p>\u00a0<\/p>\n<\/p>\n<p>L\u2019accord est tr\u00e8s bon entre les mesures et la simulation puisqu\u2019il est toujours inf\u00e9rieur \u00e0 0,5\u00a0dB.<\/p>\n<\/p>\n<p>Au vu de ces r\u00e9sultats, on peut conclure que les variations d\u2019amplitude de l\u2019\u00e9cho de coin en onde T li\u00e9es \u00e0 la variation de l\u2019extension de l\u2019entaille sont correctement simul\u00e9es par CIVA.<\/p>\n<\/p>\n<p>\u00a0<\/p>\n<\/p>\n<p>Continuer vers <a class=\"lien\" href=\"https:\/\/www.extende.com\/fr\/la-simulation-cnd\/documentation\/validation-experimentale-des-modeles-civa\/validation-experimentale-des-modeles-civa-en-ultrasons\/ultrasons-echos-de-coin\/echos-de-coin-en-ondes-t\/echos-de-coin-en-ondes-t-influence-simultannee-des-2-dimensions-de-lentaille\/\" target=\"_self\">Influence simultan\u00e9e des 2 dimensions de l&rsquo;entaille<\/a><\/p>\n<\/p>\n<p>Retourner au menu <a class=\"lien\" href=\"https:\/\/www.extende.com\/fr\/la-simulation-cnd\/documentation\/validation-experimentale-des-modeles-civa\/validation-experimentale-des-modeles-civa-en-ultrasons\/ultrasons-echos-de-coin\/echos-de-coin-en-ondes-t\/\" target=\"_self\">Echos de coin en ondes T<\/a><\/p>\n<\/p>\n<p>Retourner au menu <a class=\"lien\" href=\"https:\/\/www.extende.com\/fr\/la-simulation-cnd\/documentation\/validation-experimentale-des-modeles-civa\/validation-experimentale-des-modeles-civa-en-ultrasons\/ultrasons-echos-de-coin\/\" target=\"_self\">Echos de coin<\/a><\/p><\/p>\n","protected":false},"excerpt":{"rendered":"<p>Validation exp\u00e9rimentale et caract\u00e9risation des mod\u00e8les Ultrasons de CIVA, \u00e9chos de coin, logiciel de simulation CND<\/p>\n","protected":false},"author":0,"featured_media":0,"parent":2942,"menu_order":3,"comment_status":"closed","ping_status":"closed","template":"templates\/page--extende.html.php","meta":{"_acf_changed":false,"footnotes":""},"class_list":["post-4135","page","type-page","status-publish","hentry"],"acf":[],"_links":{"self":[{"href":"https:\/\/www.extende.com\/fr\/wp-json\/wp\/v2\/pages\/4135","targetHints":{"allow":["GET"]}}],"collection":[{"href":"https:\/\/www.extende.com\/fr\/wp-json\/wp\/v2\/pages"}],"about":[{"href":"https:\/\/www.extende.com\/fr\/wp-json\/wp\/v2\/types\/page"}],"replies":[{"embeddable":true,"href":"https:\/\/www.extende.com\/fr\/wp-json\/wp\/v2\/comments?post=4135"}],"version-history":[{"count":1,"href":"https:\/\/www.extende.com\/fr\/wp-json\/wp\/v2\/pages\/4135\/revisions"}],"predecessor-version":[{"id":5583,"href":"https:\/\/www.extende.com\/fr\/wp-json\/wp\/v2\/pages\/4135\/revisions\/5583"}],"up":[{"embeddable":true,"href":"https:\/\/www.extende.com\/fr\/wp-json\/wp\/v2\/pages\/2942"}],"wp:attachment":[{"href":"https:\/\/www.extende.com\/fr\/wp-json\/wp\/v2\/media?parent=4135"}],"curies":[{"name":"wp","href":"https:\/\/api.w.org\/{rel}","templated":true}]}}