{"id":4171,"date":"2025-06-24T18:37:04","date_gmt":"2025-06-24T16:37:04","guid":{"rendered":""},"modified":"2025-06-24T18:52:11","modified_gmt":"2025-06-24T16:52:11","slug":"echos-de-coin-en-ondes-t-influence-de-langle-de-refraction","status":"publish","type":"page","link":"https:\/\/www.extende.com\/fr\/la-simulation-cnd\/documentation\/validation-experimentale-des-modeles-civa\/validation-experimentale-des-modeles-civa-en-ultrasons\/ultrasons-echos-de-coin\/echos-de-coin-en-ondes-t\/echos-de-coin-en-ondes-t-influence-de-langle-de-refraction\/","title":{"rendered":"Echos de coin en ondes T : Influence de l&rsquo;angle de r\u00e9fraction"},"content":{"rendered":"<h2 class=\"titre-accordeon\">CONFIGURATION<\/h2>\n<\/p>\n<p><span style=\"line-height: 1.5em;\">Une entaille de dimensions 10\u00d715\u00a0mm est usin\u00e9e dans un bloc d\u2019acier de 47\u00a0mm de haut. Un capteur en immersion est utilis\u00e9 pour g\u00e9n\u00e9rer des ondes T selon plusieurs orientations de mani\u00e8re \u00e0 d\u00e9terminer l\u2019influence de l\u2019angle de r\u00e9fraction dans les r\u00e9sultats fournis par CIVA.<\/span><\/p>\n<\/p>\n<p>\u00a0<\/p>\n<\/p>\n<p style=\"text-align: center;\"><a class=\"mediabox\" href=\"https:\/\/www.extende.com\/wp-content\/uploads\/CIVA-Validation-UT-CoinOT5-1.png\" style=\"text-decoration: none;\" title=\"\"><img loading=\"lazy\" decoding=\"async\" align=\"\" alt=\"\" class=\"mediabox alignnone wp-image-4167\" height=\"149\" src=\"https:\/\/www.extende.com\/wp-content\/uploads\/CIVA-Validation-UT-CoinOT5-1.png\" width=\"300\" srcset=\"https:\/\/www.extende.com\/wp-content\/uploads\/CIVA-Validation-UT-CoinOT5-1.png 540w, https:\/\/www.extende.com\/wp-content\/uploads\/CIVA-Validation-UT-CoinOT5-1-300x149.png 300w\" sizes=\"auto, (max-width: 300px) 100vw, 300px\" \/><\/a><\/p>\n<\/p>\n<p>\u00a0<\/p>\n<\/p>\n<p><span style=\"line-height: 1.5em;\">L\u2019orientation du capteur est modifi\u00e9e de mani\u00e8re \u00e0 g\u00e9n\u00e9rer des ondes T45, T50, T55, T60 et T65.<\/span><\/p>\n<\/p>\n<p>\u00a0<\/p>\n<\/p>\n<p>\u00a0<\/p>\n<\/p>\n<h2 class=\"titre-accordeon\">R\u00c9SULTATS<\/h2>\n<\/p>\n<p><span style=\"line-height: 1.5em;\">Pour ce capteur en immersion circulaire de \u00d812,7\u00a0mm avec <span class=\"g-color2\">50\u00a0mm de hauteur d\u2019eau<\/span>, le signal d\u2019entr\u00e9e a une fr\u00e9quence de 2,25\u00a0MHz, une bande passante de 60% et une phase de 0\u00b0.<\/span><\/p>\n<\/p>\n<p><span style=\"line-height: 1.5em;\">Les r\u00e9sultats sont <span class=\"g-color2\">\u00e9talonn\u00e9s<\/span> par rapport \u00e0 un TG, d\u00e9tect\u00e9 \u00e0 45\u00b0, de \u00d82\u00a0mm, de 48\u00a0mm de long.<\/span><\/p>\n<\/p>\n<p>\u00a0<\/p>\n<\/p>\n<p style=\"text-align: center;\"><a class=\"mediabox\" href=\"https:\/\/www.extende.com\/wp-content\/uploads\/CIVA-Validation-UT-CoinOT5-2.png\" style=\"text-decoration: none;\" title=\"\"><img loading=\"lazy\" decoding=\"async\" align=\"\" alt=\"\" class=\"mediabox alignnone wp-image-4168\" height=\"230\" src=\"https:\/\/www.extende.com\/wp-content\/uploads\/CIVA-Validation-UT-CoinOT5-2.png\" width=\"400\" srcset=\"https:\/\/www.extende.com\/wp-content\/uploads\/CIVA-Validation-UT-CoinOT5-2.png 532w, https:\/\/www.extende.com\/wp-content\/uploads\/CIVA-Validation-UT-CoinOT5-2-300x173.png 300w\" sizes=\"auto, (max-width: 400px) 100vw, 400px\" \/><\/a><\/p>\n<\/p>\n<p>\u00a0<\/p>\n<\/p>\n<p><span style=\"line-height: 1.5em;\">L\u2019\u00e9cart entre les mesures exp\u00e9rimentales et les pr\u00e9dictions de CIVA est toujours compris entre 1 et 3\u00a0dB : CIVA surestime l\u00e9g\u00e8rement les \u00e9chos de coin mais la diff\u00e9rence d\u2019amplitude est quasi-constante pour tous les angles de r\u00e9fraction.<\/span><\/p>\n<\/p>\n<p><span style=\"line-height: 1.5em;\">Les B-scans ont \u00e9galement \u00e9t\u00e9 enregistr\u00e9s pour ce cas.<\/span><\/p>\n<\/p>\n<p>\u00a0<\/p>\n<\/p>\n<p style=\"text-align: center;\"><a class=\"mediabox\" href=\"https:\/\/www.extende.com\/wp-content\/uploads\/CIVA-Validation-UT-CoinOT5-3.png\" style=\"text-decoration: none;\" title=\"\"><img loading=\"lazy\" decoding=\"async\" align=\"\" alt=\"\" class=\"mediabox alignnone wp-image-4169\" height=\"210\" src=\"https:\/\/www.extende.com\/wp-content\/uploads\/CIVA-Validation-UT-CoinOT5-3.png\" width=\"400\"><\/a><\/p>\n<\/p>\n<p style=\"text-align: center;\"><a class=\"mediabox\" href=\"https:\/\/www.extende.com\/wp-content\/uploads\/CIVA-Validation-UT-CoinOT5-4.png\" style=\"text-decoration: none;\" title=\"\"><img loading=\"lazy\" decoding=\"async\" align=\"\" alt=\"\" class=\"mediabox alignnone wp-image-4170\" height=\"210\" src=\"https:\/\/www.extende.com\/wp-content\/uploads\/CIVA-Validation-UT-CoinOT5-4.png\" width=\"400\" srcset=\"https:\/\/www.extende.com\/wp-content\/uploads\/CIVA-Validation-UT-CoinOT5-4.png 861w, https:\/\/www.extende.com\/wp-content\/uploads\/CIVA-Validation-UT-CoinOT5-4-300x158.png 300w, https:\/\/www.extende.com\/wp-content\/uploads\/CIVA-Validation-UT-CoinOT5-4-768x404.png 768w, https:\/\/www.extende.com\/wp-content\/uploads\/CIVA-Validation-UT-CoinOT5-4-600x316.png 600w\" sizes=\"auto, (max-width: 400px) 100vw, 400px\" \/><\/a><\/p>\n<\/p>\n<p>\u00a0<\/p>\n<\/p>\n<p><span style=\"line-height: 1.5em;\">Les Bscans montrent que l\u2019\u00e9cho de coin n\u2019est pas localis\u00e9 \u00e0 la base de l\u2019entaille pour les angles de r\u00e9fraction les plus importants. On observe alors un d\u00e9calage du maximum de l\u2019\u00e9cho de coin. Ce comportement est assez bien reproduit par CIVA et est expliqu\u00e9 <a class=\"g-lien\" href=\"https:\/\/www.extende.com\/fr\/la-simulation-cnd\/documentation\/validation-experimentale-des-modeles-civa\/validation-experimentale-des-modeles-civa-en-ultrasons\/ultrasons-echos-de-coin\/echos-de-coin-en-ondes-t\/echos-de-coin-en-ondes-t-conclusion-et-explications-des-phenomenes\/\" target=\"_self\">en fin de document<\/a>.<\/span><\/p>\n<\/p>\n<p>\u00a0<\/p>\n<\/p>\n<p>Continuer vers <a class=\"lien\" href=\"https:\/\/www.extende.com\/fr\/la-simulation-cnd\/documentation\/validation-experimentale-des-modeles-civa\/validation-experimentale-des-modeles-civa-en-ultrasons\/ultrasons-echos-de-coin\/echos-de-coin-en-ondes-t\/echos-de-coin-en-ondes-t-influence-simultanee-de-la-hauteur-de-lentaille-et-de-langle-de-refraction\/\" target=\"_self\">Influence simultan\u00e9e de la hauteur de l&rsquo;entaille et de l&rsquo;angle de r\u00e9fraction<\/a><\/p>\n<\/p>\n<p>Retourner au menu <a class=\"lien\" href=\"https:\/\/www.extende.com\/fr\/la-simulation-cnd\/documentation\/validation-experimentale-des-modeles-civa\/validation-experimentale-des-modeles-civa-en-ultrasons\/ultrasons-echos-de-coin\/echos-de-coin-en-ondes-t\/\" target=\"_self\">Echos de coin en ondes T<\/a><\/p>\n<\/p>\n<p>Retourner au menu <a class=\"lien\" href=\"https:\/\/www.extende.com\/fr\/la-simulation-cnd\/documentation\/validation-experimentale-des-modeles-civa\/validation-experimentale-des-modeles-civa-en-ultrasons\/ultrasons-echos-de-coin\/\" target=\"_self\">Echos de coin<\/a><\/p><\/p>\n","protected":false},"excerpt":{"rendered":"<p>Validation exp\u00e9rimentale et caract\u00e9risation des mod\u00e8les Ultrasons de CIVA, \u00e9chos de coin, logiciel de simulation CND<\/p>\n","protected":false},"author":0,"featured_media":0,"parent":2942,"menu_order":5,"comment_status":"closed","ping_status":"closed","template":"templates\/page--extende.html.php","meta":{"_acf_changed":false,"footnotes":""},"class_list":["post-4171","page","type-page","status-publish","hentry"],"acf":[],"_links":{"self":[{"href":"https:\/\/www.extende.com\/fr\/wp-json\/wp\/v2\/pages\/4171","targetHints":{"allow":["GET"]}}],"collection":[{"href":"https:\/\/www.extende.com\/fr\/wp-json\/wp\/v2\/pages"}],"about":[{"href":"https:\/\/www.extende.com\/fr\/wp-json\/wp\/v2\/types\/page"}],"replies":[{"embeddable":true,"href":"https:\/\/www.extende.com\/fr\/wp-json\/wp\/v2\/comments?post=4171"}],"version-history":[{"count":1,"href":"https:\/\/www.extende.com\/fr\/wp-json\/wp\/v2\/pages\/4171\/revisions"}],"predecessor-version":[{"id":5578,"href":"https:\/\/www.extende.com\/fr\/wp-json\/wp\/v2\/pages\/4171\/revisions\/5578"}],"up":[{"embeddable":true,"href":"https:\/\/www.extende.com\/fr\/wp-json\/wp\/v2\/pages\/2942"}],"wp:attachment":[{"href":"https:\/\/www.extende.com\/fr\/wp-json\/wp\/v2\/media?parent=4171"}],"curies":[{"name":"wp","href":"https:\/\/api.w.org\/{rel}","templated":true}]}}