{"id":4232,"date":"2025-06-24T18:37:13","date_gmt":"2025-06-24T16:37:13","guid":{"rendered":""},"modified":"2025-06-24T18:52:11","modified_gmt":"2025-06-24T16:52:11","slug":"echos-de-coin-en-ondes-t-influence-simultanee-de-lextension-des-entailles-et-de-langle-de-refraction","status":"publish","type":"page","link":"https:\/\/www.extende.com\/fr\/la-simulation-cnd\/documentation\/validation-experimentale-des-modeles-civa\/validation-experimentale-des-modeles-civa-en-ultrasons\/ultrasons-echos-de-coin\/echos-de-coin-en-ondes-t\/echos-de-coin-en-ondes-t-influence-simultanee-de-lextension-des-entailles-et-de-langle-de-refraction\/","title":{"rendered":"Echos de coin en ondes T : Influence simultan\u00e9e de l&rsquo;extension des entailles et de l&rsquo;angle de r\u00e9fraction"},"content":{"rendered":"<h2 class=\"titre-accordeon\">CONFIGURATION<\/h2>\n<\/p>\n<p><span style=\"line-height: 1.5em;\">Dans la configuration suivante, la pi\u00e8ce est un bloc plan d\u2019acier de 20\u00a0mm d\u2019\u00e9paisseur contenant 4 entailles d\u00e9bouchant en fond de pi\u00e8ce : 3 entailles de dimensions 2\u00d72\u00a0mm, 2\u00d75\u00a0mm, 2\u00d715\u00a0mm et une entaille de dimension 6\u00d715\u00a0mm.<\/span><\/p>\n<\/p>\n<p>\u00a0<\/p>\n<\/p>\n<p style=\"text-align: center;\"><a class=\"mediabox\" href=\"https:\/\/www.extende.com\/wp-content\/uploads\/CIVA-Validation-UT-CoinOT7-1.png\" style=\"text-decoration: none;\" title=\"\"><img loading=\"lazy\" decoding=\"async\" align=\"\" alt=\"\" class=\"mediabox alignnone wp-image-4227\" height=\"144\" src=\"https:\/\/www.extende.com\/wp-content\/uploads\/CIVA-Validation-UT-CoinOT7-1.png\" width=\"400\" srcset=\"https:\/\/www.extende.com\/wp-content\/uploads\/CIVA-Validation-UT-CoinOT7-1.png 534w, https:\/\/www.extende.com\/wp-content\/uploads\/CIVA-Validation-UT-CoinOT7-1-300x108.png 300w\" sizes=\"auto, (max-width: 400px) 100vw, 400px\" \/><\/a><\/p>\n<\/p>\n<p>\u00a0<\/p>\n<\/p>\n<p>Un capteur en immersion de \u00d812,7\u00a0mm est utilis\u00e9 avec une hauteur d\u2019eau de 20 mm pour rayonner des ondes T selon diff\u00e9rents angles de r\u00e9fraction.<\/p>\n<\/p>\n<p>\u00a0<\/p>\n<\/p>\n<h2 class=\"titre-accordeon\">R\u00c9SULTATS<\/h2>\n<\/p>\n<p><span style=\"line-height: 1.5em;\">On associe \u00e0 chaque entaille un num\u00e9ro pour faciliter l&rsquo;affichage des r\u00e9sultats.<\/span><\/p>\n<\/p>\n<p>\u00a0<\/p>\n<\/p>\n<div style=\"text-align:center;\">\n<table border=\"1\" cellpadding=\"2\" cellspacing=\"0\" style=\"line-height: 18px;\">\n<tbody>\n<tr>\n<td style=\"text-align: center;\">Num\u00e9ro d&rsquo;entaille<\/td>\n<td style=\"text-align: center;\">1<\/td>\n<td style=\"text-align: center;\">2<\/td>\n<td style=\"text-align: center;\">3<\/td>\n<td style=\"text-align: center;\">4<\/td>\n<\/tr>\n<tr>\n<td style=\"text-align: center;\">Hauteur<\/td>\n<td style=\"text-align: center;\">2 mm<\/td>\n<td style=\"text-align: center;\">2 mm<\/td>\n<td style=\"text-align: center;\">2 mm<\/td>\n<td style=\"text-align: center;\">6 mm<\/td>\n<\/tr>\n<tr>\n<td style=\"text-align: center;\">Extension<\/td>\n<td style=\"text-align: center;\">2 mm<\/td>\n<td style=\"text-align: center;\">5 mm<\/td>\n<td style=\"text-align: center;\">15 mm<\/td>\n<td style=\"text-align: center;\">15 mm<\/td>\n<\/tr>\n<\/tbody>\n<\/table>\n<\/div>\n<p>\u00a0<\/p>\n<\/p>\n<p><span style=\"line-height: 1.5em;\">On r\u00e9alise avec le<span class=\"g-color2\"> capteur en immersion circulaire de \u00d812,7\u00a0mm fonctionnant \u00e0 4,5\u00a0MHz <\/span>avec 20 \u00a0mm de hauteur d\u2019eau, des contr\u00f4les selon les modes T45 \u00e0 T65. Le signal d\u2019entr\u00e9e a une fr\u00e9quence de 4,5\u00a0MHz, une bande passante de 73% et une phase de 270\u00b0.<\/span><\/p>\n<\/p>\n<p><span style=\"line-height: 1.5em;\">Les r\u00e9sultats sont<span class=\"g-color2\"> \u00e9talonn\u00e9s<\/span> par rapport \u00e0 un TG de \u00d82 \u00a0mm, de 40 \u00a0mm de long et situ\u00e9 \u00e0 15\u00a0mm de profondeur.<\/span><\/p>\n<\/p>\n<p><strong>Mise \u00e0 jour : Ces r\u00e9sultats sont obtenus avec CIVA 2021. Les r\u00e9sultats exp\u00e9rimentaux (en noir) sont compar\u00e9s aux r\u00e9sultats de simulation des diff\u00e9rents mod\u00e8les disponibles (FB = Full Beam = Champ Complet ; PW = Plane Wave approximation = Approximation Onde Plane, FEM = Finite Element Model =Mod\u00e8le Elements Finis).<\/strong><\/p>\n<\/p>\n<p>\u00a0<\/p>\n<\/p>\n<p style=\"text-align: center;\"><a class=\"mediabox\" href=\"https:\/\/www.extende.com\/wp-content\/uploads\/Entaille1.png\" style=\"text-decoration: none;\"><img loading=\"lazy\" decoding=\"async\" align=\"\" alt=\"\" class=\"mediabox alignnone wp-image-4228\" height=\"230\" src=\"https:\/\/www.extende.com\/wp-content\/uploads\/Entaille1.png\" width=\"200\"><\/a>\u00a0<a class=\"mediabox\" href=\"https:\/\/www.extende.com\/wp-content\/uploads\/Entaille2.png\" style=\"text-decoration: none;\"><img loading=\"lazy\" decoding=\"async\" align=\"\" alt=\"\" class=\"mediabox alignnone wp-image-4229\" height=\"230\" src=\"https:\/\/www.extende.com\/wp-content\/uploads\/Entaille2.png\" width=\"200\"><\/a><\/p>\n<\/p>\n<p style=\"text-align: center;\"><a class=\"mediabox\" href=\"https:\/\/www.extende.com\/wp-content\/uploads\/Entaille3.png\" style=\"text-decoration: none;\"><img loading=\"lazy\" decoding=\"async\" align=\"\" alt=\"\" class=\"mediabox alignnone wp-image-4230\" height=\"230\" src=\"https:\/\/www.extende.com\/wp-content\/uploads\/Entaille3.png\" width=\"200\"><\/a>\u00a0<a class=\"mediabox\" href=\"https:\/\/www.extende.com\/wp-content\/uploads\/Entaille4.png\" style=\"text-decoration: none;\"><img loading=\"lazy\" decoding=\"async\" align=\"\" alt=\"\" class=\"mediabox alignnone wp-image-4231\" height=\"230\" src=\"https:\/\/www.extende.com\/wp-content\/uploads\/Entaille4.png\" width=\"200\"><\/a><\/p>\n<\/p>\n<p style=\"text-align: center;\">\u00a0<\/p>\n<\/p>\n<div>\n<p><strong>Les r\u00e9sultats obtenus avec les diff\u00e9rents mod\u00e8les d&rsquo;interaction faisceau\/d\u00e9faut conduisent \u00e0 des r\u00e9sultats diff\u00e9rents. Ainsi, le mod\u00e8le d&rsquo;approximation des ondes planes (Plane Wave) conduit aux plus grandes divergences pour les angles de r\u00e9fraction compris entre 55\u00b0 et 60\u00b0 en raison de leur proximit\u00e9 avec l&rsquo;angle critique des ondes T (57\u00b0). Le mod\u00e8le Full Beam (Champ complet) r\u00e9duit cet \u00e9cart mais ce dernier reste assez important \u00e0 60\u00b0. D&rsquo;autre part, les r\u00e9sultats de simulation avec le mod\u00e8le FEM transitoire disponible depuis CIVA 2020 montrent un tr\u00e8s bon accord avec les donn\u00e9es exp\u00e9rimentales. Les diff\u00e9rences observ\u00e9es avec les mod\u00e8les d&rsquo;interaction Full Beam et Plane Wave autour de l&rsquo;angle critique sont corrig\u00e9es.<\/strong><\/p>\n<p><strong>Pour l&rsquo;entaille 6x15mm, les meilleurs r\u00e9sultats simul\u00e9s sont obtenus avec le mod\u00e8le d&rsquo;approximation Plane Wave (Onde Plane). Le mod\u00e8le FEM donne \u00e9galement une bonne id\u00e9e de la tendance de l&rsquo;amplitude en fonction de l&rsquo;angle de r\u00e9fraction, mais la diff\u00e9rence d&rsquo;amplitude \u00e0 60\u00b0 est plus forte qu&rsquo;avec le mod\u00e8le d&rsquo;approximation des ondes planes.<\/strong><\/p>\n<\/div>\n<div>\n<p>\u00a0<\/p>\n<p>Continuer vers <a class=\"lien\" href=\"https:\/\/www.extende.com\/fr\/la-simulation-cnd\/documentation\/validation-experimentale-des-modeles-civa\/validation-experimentale-des-modeles-civa-en-ultrasons\/ultrasons-echos-de-coin\/echos-de-coin-en-ondes-t\/echos-de-coin-en-ondes-t-conclusion-et-explications-des-phenomenes\/\" target=\"_self\">Conclusion et explication des ph\u00e9nom\u00e8nes<\/a><\/p>\n<p>Retourner au menu <a class=\"lien\" href=\"https:\/\/www.extende.com\/fr\/la-simulation-cnd\/documentation\/validation-experimentale-des-modeles-civa\/validation-experimentale-des-modeles-civa-en-ultrasons\/ultrasons-echos-de-coin\/echos-de-coin-en-ondes-t\/\" target=\"_self\">Echos de coin en ondes T<\/a><\/p>\n<p>Retourner au menu <a class=\"lien\" href=\"https:\/\/www.extende.com\/fr\/la-simulation-cnd\/documentation\/validation-experimentale-des-modeles-civa\/validation-experimentale-des-modeles-civa-en-ultrasons\/ultrasons-echos-de-coin\/\" target=\"_self\">Echos de coin<\/a><\/p>\n<\/div>\n","protected":false},"excerpt":{"rendered":"<p>Validation exp\u00e9rimentale et caract\u00e9risation des mod\u00e8les Ultrasons de CIVA, \u00e9chos de coin, logiciel de simulation CND<\/p>\n","protected":false},"author":0,"featured_media":0,"parent":2942,"menu_order":7,"comment_status":"closed","ping_status":"closed","template":"templates\/page--extende.html.php","meta":{"_acf_changed":false,"footnotes":""},"class_list":["post-4232","page","type-page","status-publish","hentry"],"acf":[],"_links":{"self":[{"href":"https:\/\/www.extende.com\/fr\/wp-json\/wp\/v2\/pages\/4232","targetHints":{"allow":["GET"]}}],"collection":[{"href":"https:\/\/www.extende.com\/fr\/wp-json\/wp\/v2\/pages"}],"about":[{"href":"https:\/\/www.extende.com\/fr\/wp-json\/wp\/v2\/types\/page"}],"replies":[{"embeddable":true,"href":"https:\/\/www.extende.com\/fr\/wp-json\/wp\/v2\/comments?post=4232"}],"version-history":[{"count":1,"href":"https:\/\/www.extende.com\/fr\/wp-json\/wp\/v2\/pages\/4232\/revisions"}],"predecessor-version":[{"id":5574,"href":"https:\/\/www.extende.com\/fr\/wp-json\/wp\/v2\/pages\/4232\/revisions\/5574"}],"up":[{"embeddable":true,"href":"https:\/\/www.extende.com\/fr\/wp-json\/wp\/v2\/pages\/2942"}],"wp:attachment":[{"href":"https:\/\/www.extende.com\/fr\/wp-json\/wp\/v2\/media?parent=4232"}],"curies":[{"name":"wp","href":"https:\/\/api.w.org\/{rel}","templated":true}]}}