{"id":4291,"date":"2025-06-24T18:37:33","date_gmt":"2025-06-24T16:37:33","guid":{"rendered":""},"modified":"2025-06-24T18:52:11","modified_gmt":"2025-06-24T16:52:11","slug":"ut-echos-de-surface-variation-de-linclinaison-du-traducteur-ou-de-la-surface-plane","status":"publish","type":"page","link":"https:\/\/www.extende.com\/fr\/la-simulation-cnd\/documentation\/validation-experimentale-des-modeles-civa\/validation-experimentale-des-modeles-civa-en-ultrasons\/ultrasons-echos-de-geometrie\/ut-echos-de-geometrie-echos-de-surface\/ut-echos-de-surface-variation-de-linclinaison-du-traducteur-ou-de-la-surface-plane\/","title":{"rendered":"UT &#8211; Echos de surface : Variation de l&rsquo;inclinaison du traducteur ou de la surface plane"},"content":{"rendered":"<p>Cette \u00e9tude a \u00e9t\u00e9 r\u00e9alis\u00e9e \u00e0 l\u2019aide de quatre capteurs en immersion dont les caract\u00e9ristiques sont rassembl\u00e9es dans le tableau ci-dessous. Les configurations sont pr\u00e9cis\u00e9es par la suite pour chaque capteur.<\/p>\n<\/p>\n<p>\u00a0<\/p>\n<\/p>\n<table align=\"center\" border=\"1\" cellpadding=\"1\" cellspacing=\"1\" style=\"width: 500px;\">\n<tbody>\n<tr>\n<th>\u00d8 Pastille (mm)<\/th>\n<th>Mode<\/th>\n<th>Fr\u00e9quence d&rsquo;entr\u00e9e (MHz)<\/th>\n<th>Bande passante (%)<\/th>\n<th>Phase (\u00b0)<\/th>\n<\/tr>\n<tr>\n<td align=\"center\">12,7<\/td>\n<td align=\"center\">L, 0\u00b0 \u00e0 10\u00b0<\/td>\n<td align=\"center\">5<\/td>\n<td align=\"center\">65<\/td>\n<td align=\"center\">220<\/td>\n<\/tr>\n<tr>\n<td align=\"center\">Lin\u00e9aire (32 \u00e9lts)<\/td>\n<td align=\"center\">L, 0\u00b0 \u00e0 10\u00b0<\/td>\n<td align=\"center\">10<\/td>\n<td align=\"center\">55<\/td>\n<td align=\"center\">290<\/td>\n<\/tr>\n<tr>\n<td align=\"center\">Matriciel (9 \u00e9lts)<\/td>\n<td align=\"center\">L0\u00b0<\/td>\n<td align=\"center\">3,5<\/td>\n<td align=\"center\">75<\/td>\n<td align=\"center\">0<\/td>\n<\/tr>\n<\/tbody>\n<\/table>\n<p>\u00a0<\/p>\n<\/p>\n<h2 class=\"titre-accordeon\">capteur \u00d8 12,7 mm, 5 MHz, incidence 0\u00b0 \u00e0 10\u00b0<\/h2>\n<\/p>\n<p>\u00a0<\/p>\n<\/p>\n<table align=\"center\" border=\"1\" cellpadding=\"1\" cellspacing=\"1\" style=\"width: 500px;\">\n<tbody>\n<tr>\n<th>\u00d8 Pastille (mm)<\/th>\n<th>Mode<\/th>\n<th>Fr\u00e9quence d&rsquo;entr\u00e9e (MHz)<\/th>\n<th>Bande passante (%)<\/th>\n<th>Phase (\u00b0)<\/th>\n<\/tr>\n<tr>\n<td align=\"center\">12,7<\/td>\n<td align=\"center\">L, 0\u00b0 \u00e0 10\u00b0<\/td>\n<td align=\"center\">5<\/td>\n<td align=\"center\">65<\/td>\n<td align=\"center\">220<\/td>\n<\/tr>\n<\/tbody>\n<\/table>\n<p>\u00a0<\/p>\n<\/p>\n<p>Dans ce cas, l\u2019\u00e9cho de surface a \u00e9t\u00e9 mesur\u00e9 pour des inclinaisons du traducteur de 0\u00b0 \u00e0 10\u00b0 et une hauteur d\u2019eau de 25 mm. Des exemples de champs rayonn\u00e9s dans l\u2019eau pour des inclinaisons de 0\u00b0, 5\u00b0 et 10\u00b0 du traducteur sont repr\u00e9sent\u00e9s sur la figure ci-dessous, sur laquelle on voit que les amplitudes des champs sont comparables.<\/p>\n<\/p>\n<p>\u00a0<\/p>\n<\/p>\n<p style=\"text-align: center;\"><a class=\"mediabox\" href=\"https:\/\/www.extende.com\/wp-content\/uploads\/Echogeo_FR_6.png\" title=\"\"><img decoding=\"async\" alt=\"\" class=\"mediabox alignnone wp-image-4286\" height=\"132\" src=\"https:\/\/www.extende.com\/wp-content\/uploads\/Echogeo_FR_6.png\" title=\"\" srcset=\"https:\/\/www.extende.com\/wp-content\/uploads\/Echogeo_FR_6.png 1488w, https:\/\/www.extende.com\/wp-content\/uploads\/Echogeo_FR_6-300x114.png 300w, https:\/\/www.extende.com\/wp-content\/uploads\/Echogeo_FR_6-1024x389.png 1024w, https:\/\/www.extende.com\/wp-content\/uploads\/Echogeo_FR_6-768x292.png 768w, https:\/\/www.extende.com\/wp-content\/uploads\/Echogeo_FR_6-600x228.png 600w, https:\/\/www.extende.com\/wp-content\/uploads\/Echogeo_FR_6-1400x532.png 1400w\" sizes=\"(max-width: 1488px) 100vw, 1488px\" \/><\/a><\/p>\n<\/p>\n<p>\u00a0<\/p>\n<\/p>\n<p>Les r\u00e9sultats sont \u00e9talonn\u00e9s \u00e0 partir d\u2019un \u00e9cho de surface mesur\u00e9 \u00e0 une incidence de 0\u00b0. Les amplitudes des \u00e9chos de surface obtenus pour plusieurs angles d\u2019incidence du traducteur \u00e0 une hauteur d\u2019eau de 25 mm sont trac\u00e9es ci-dessous en noir pour la mesure exp\u00e9rimentale, en rouge pour les r\u00e9sultats du mod\u00e8le de Kirchhoff et en bleu pour le mod\u00e8le sp\u00e9culaire.<\/p>\n<\/p>\n<p>\u00a0<\/p>\n<\/p>\n<p style=\"text-align: center;\"><a class=\"mediabox\" height=\"50\" href=\"https:\/\/www.extende.com\/wp-content\/uploads\/Echogeo_Ampl_4-scaled.png\" title=\"\"><img decoding=\"async\" alt=\"\" class=\"mediabox alignnone wp-image-4275\" height=\"132\" src=\"https:\/\/www.extende.com\/wp-content\/uploads\/Echogeo_Ampl_4-scaled.png\" title=\"\" srcset=\"https:\/\/www.extende.com\/wp-content\/uploads\/Echogeo_Ampl_4-scaled.png 1600w, https:\/\/www.extende.com\/wp-content\/uploads\/Echogeo_Ampl_4-300x277.png 300w, https:\/\/www.extende.com\/wp-content\/uploads\/Echogeo_Ampl_4-1024x947.png 1024w, https:\/\/www.extende.com\/wp-content\/uploads\/Echogeo_Ampl_4-768x710.png 768w, https:\/\/www.extende.com\/wp-content\/uploads\/Echogeo_Ampl_4-1536x1420.png 1536w, https:\/\/www.extende.com\/wp-content\/uploads\/Echogeo_Ampl_4-2048x1894.png 2048w, https:\/\/www.extende.com\/wp-content\/uploads\/Echogeo_Ampl_4-600x555.png 600w, https:\/\/www.extende.com\/wp-content\/uploads\/Echogeo_Ampl_4-1400x1295.png 1400w\" sizes=\"(max-width: 1600px) 100vw, 1600px\" \/><\/a><\/p>\n<\/p>\n<p>\u00a0<\/p>\n<\/p>\n<p>Le mod\u00e8le sp\u00e9culaire donne de bien meilleurs r\u00e9sultats que le mod\u00e8le de Kirchhoff, avec moins de 2dB d\u2019\u00e9cart avec la mesure, sauf dans le cas d\u2019une incidence du traducteur de 10\u00b0 pour laquelle on observe un \u00e9cart de 12 dB. Dans ce cas, l\u2019\u00e9cho est tr\u00e8s faible et de forme tr\u00e8s complexe (voir les Ascans ci-dessous). Le mod\u00e8le de Kirchhoff quant \u00e0 lui donne de moins bon r\u00e9sultats.<\/p>\n<\/p>\n<p>Les Ascans des \u00e9chos de surface mesur\u00e9s et simul\u00e9s avec le mod\u00e8le sp\u00e9culaire sont repr\u00e9sent\u00e9s ci-dessous pour six angles d\u2019incidence diff\u00e9rents, la courbe rouge correspond au mod\u00e8le sp\u00e9culaire et la courbe noire aux mesures.<\/p>\n<\/p>\n<p>\u00a0<\/p>\n<\/p>\n<p style=\"text-align: center;\"><a class=\"mediabox\" href=\"https:\/\/www.extende.com\/wp-content\/uploads\/Echogeo_FR_7.png\" title=\"\"><img decoding=\"async\" alt=\"\" class=\"mediabox alignnone wp-image-4287\" height=\"132\" src=\"https:\/\/www.extende.com\/wp-content\/uploads\/Echogeo_FR_7.png\" title=\"\" srcset=\"https:\/\/www.extende.com\/wp-content\/uploads\/Echogeo_FR_7.png 1272w, https:\/\/www.extende.com\/wp-content\/uploads\/Echogeo_FR_7-300x151.png 300w, https:\/\/www.extende.com\/wp-content\/uploads\/Echogeo_FR_7-1024x514.png 1024w, https:\/\/www.extende.com\/wp-content\/uploads\/Echogeo_FR_7-768x386.png 768w, https:\/\/www.extende.com\/wp-content\/uploads\/Echogeo_FR_7-600x301.png 600w\" sizes=\"(max-width: 1272px) 100vw, 1272px\" \/><\/a><\/p>\n<\/p>\n<p>\u00a0<\/p>\n<\/p>\n<p>Les signaux simul\u00e9s par le mod\u00e8le sp\u00e9culaire sont en bon accord avec les mesures, sauf pour l\u2019incidence de 10\u00b0 pour laquelle la forme du signal est tr\u00e8s complexe. On remarque qu\u2019\u00e0 partir de la d\u00e9viation angulaire de 6\u00b0, deux contributions angulaires bien s\u00e9par\u00e9es apparaissent. Les temps de vol de ces deux contributions correspondent aux trajets des rayons normaux \u00e0 la surface de la pi\u00e8ce partant des deux extr\u00e9mit\u00e9s du traducteur, comme illustr\u00e9 sur la figure ci-dessous.<\/p>\n<\/p>\n<p>\u00a0<\/p>\n<\/p>\n<p style=\"text-align: center;\"><a class=\"mediabox\" href=\"https:\/\/www.extende.com\/wp-content\/uploads\/Echogeo_FR_8.png\" title=\"\"><img decoding=\"async\" alt=\"\" class=\"mediabox alignnone wp-image-4288\" height=\"132\" src=\"https:\/\/www.extende.com\/wp-content\/uploads\/Echogeo_FR_8.png\" title=\"\" srcset=\"https:\/\/www.extende.com\/wp-content\/uploads\/Echogeo_FR_8.png 558w, https:\/\/www.extende.com\/wp-content\/uploads\/Echogeo_FR_8-243x300.png 243w\" sizes=\"(max-width: 558px) 100vw, 558px\" \/><\/a><\/p>\n<\/p>\n<p>\u00a0<\/p>\n<\/p>\n<p>Cependant, entre ces deux contributions, des \u00e9chos apparaissent sur les Ascans exp\u00e9rimentaux\u00a0 et ne sont pas reproduits par la simulation.\u00a0 L\u2019\u00e9tude de l\u2019effet des hypoth\u00e8ses d\u2019uniformit\u00e9 du champ de d\u00e9placement sur la surface du capteur est \u00e0 mener et pourrait permettre d\u2019interpr\u00e9ter ces r\u00e9sultats.<\/p>\n<\/p>\n<h2 class=\"titre-accordeon\">capteur lin\u00e9aire, 10 MHz, incidence 0\u00b0 \u00e0 10\u00b0<\/h2>\n<\/p>\n<p>\u00a0<\/p>\n<\/p>\n<table align=\"center\" border=\"1\" cellpadding=\"1\" cellspacing=\"1\" style=\"width: 500px;\">\n<tbody>\n<tr>\n<th>\u00d8 Pastille (mm)<\/th>\n<th>Mode<\/th>\n<th>Fr\u00e9quence d&rsquo;entr\u00e9e (MHz)<\/th>\n<th>Bande passante (%)<\/th>\n<th>Phase (\u00b0)<\/th>\n<\/tr>\n<tr>\n<td align=\"center\">Lin\u00e9aire (32 \u00e9lts)<\/td>\n<td align=\"center\">L, 0\u00b0 \u00e0 10\u00b0<\/td>\n<td align=\"center\">10<\/td>\n<td align=\"center\">55<\/td>\n<td align=\"center\">290<\/td>\n<\/tr>\n<\/tbody>\n<\/table>\n<p>\u00a0<\/p>\n<\/p>\n<p>Les dimensions de ce capteur sont 6,55 mm x 5 mm.<\/p>\n<\/p>\n<p>L\u2019\u00e9cho de surface a \u00e9t\u00e9 mesur\u00e9 pour des inclinaisons du traducteur de 0\u00b0 \u00e0 10\u00b0 et une hauteur d\u2019eau de 25 mm. Des exemples de champs rayonn\u00e9s dans l\u2019eau pour des inclinaisons de 0\u00b0, 5\u00b0 et 10\u00b0 du traducteur sont repr\u00e9sent\u00e9s sur la figure ci-dessous, sur laquelle on voit que les amplitudes des champs sont comparables.<\/p>\n<\/p>\n<p>\u00a0<\/p>\n<\/p>\n<p style=\"text-align: center;\"><a class=\"mediabox\" href=\"https:\/\/www.extende.com\/wp-content\/uploads\/Echogeo_FR_9.png\" title=\"\"><img decoding=\"async\" alt=\"\" class=\"mediabox alignnone wp-image-4289\" height=\"132\" src=\"https:\/\/www.extende.com\/wp-content\/uploads\/Echogeo_FR_9.png\" title=\"\" srcset=\"https:\/\/www.extende.com\/wp-content\/uploads\/Echogeo_FR_9.png 1403w, https:\/\/www.extende.com\/wp-content\/uploads\/Echogeo_FR_9-300x122.png 300w, https:\/\/www.extende.com\/wp-content\/uploads\/Echogeo_FR_9-1024x415.png 1024w, https:\/\/www.extende.com\/wp-content\/uploads\/Echogeo_FR_9-768x311.png 768w, https:\/\/www.extende.com\/wp-content\/uploads\/Echogeo_FR_9-600x243.png 600w, https:\/\/www.extende.com\/wp-content\/uploads\/Echogeo_FR_9-1400x568.png 1400w\" sizes=\"(max-width: 1403px) 100vw, 1403px\" \/><\/a><\/p>\n<\/p>\n<p>\u00a0<\/p>\n<\/p>\n<p>Les r\u00e9sultats sont \u00e9talonn\u00e9s \u00e0 partir d\u2019un \u00e9cho de surface mesur\u00e9 \u00e0 une incidence de 0\u00b0 et une loi de retards nuls. Les amplitudes des \u00e9chos de surface obtenus pour plusieurs angles d\u2019incidence du traducteur \u00e0 une hauteur d\u2019eau de 25 mm sont trac\u00e9es ci-dessous en noir pour la mesure exp\u00e9rimentale, en rouge pour les r\u00e9sultats du mod\u00e8le de Kirchhoff et en bleu pour le mod\u00e8le sp\u00e9culaire.<\/p>\n<\/p>\n<p>\u00a0<\/p>\n<\/p>\n<p style=\"text-align: center;\"><a class=\"mediabox\" height=\"50\" href=\"https:\/\/www.extende.com\/wp-content\/uploads\/Echogeo_Ampl_5-scaled.png\" title=\"\"><img decoding=\"async\" alt=\"\" class=\"mediabox alignnone wp-image-4279\" height=\"132\" src=\"https:\/\/www.extende.com\/wp-content\/uploads\/Echogeo_Ampl_5-scaled.png\" title=\"\" srcset=\"https:\/\/www.extende.com\/wp-content\/uploads\/Echogeo_Ampl_5-scaled.png 1600w, https:\/\/www.extende.com\/wp-content\/uploads\/Echogeo_Ampl_5-300x238.png 300w, https:\/\/www.extende.com\/wp-content\/uploads\/Echogeo_Ampl_5-1024x812.png 1024w, https:\/\/www.extende.com\/wp-content\/uploads\/Echogeo_Ampl_5-768x609.png 768w, https:\/\/www.extende.com\/wp-content\/uploads\/Echogeo_Ampl_5-1536x1218.png 1536w, https:\/\/www.extende.com\/wp-content\/uploads\/Echogeo_Ampl_5-2048x1625.png 2048w, https:\/\/www.extende.com\/wp-content\/uploads\/Echogeo_Ampl_5-600x476.png 600w, https:\/\/www.extende.com\/wp-content\/uploads\/Echogeo_Ampl_5-1400x1111.png 1400w\" sizes=\"(max-width: 1600px) 100vw, 1600px\" \/><\/a><\/p>\n<\/p>\n<p>\u00a0<\/p>\n<\/p>\n<p>Le mod\u00e8le sp\u00e9culaire donne d\u2019excellents r\u00e9sultats, contrairement au mod\u00e8le de Kirchhoff qui, \u00e0 partir d\u2019une d\u00e9viation angulaire de 2\u00b0 du traducteur, sous-estime les amplitudes jusqu\u2019\u00e0 23 dB par rapport aux mesures.<\/p>\n<\/p>\n<p>Les Ascans mesur\u00e9s et simul\u00e9s avec le mod\u00e8le \u00a0sp\u00e9culaire sont repr\u00e9sent\u00e9s ci-dessous pour six angles d\u2019incidence diff\u00e9rents, la courbe rouge correspond au mod\u00e8le sp\u00e9culaire et la courbe noire aux mesures.<\/p>\n<\/p>\n<p>\u00a0<\/p>\n<\/p>\n<p style=\"text-align: center;\"><a class=\"mediabox\" href=\"https:\/\/www.extende.com\/wp-content\/uploads\/Echogeo_FR_10.png\" title=\"\"><img decoding=\"async\" alt=\"\" class=\"mediabox alignnone wp-image-4290\" height=\"132\" src=\"https:\/\/www.extende.com\/wp-content\/uploads\/Echogeo_FR_10.png\" title=\"\" srcset=\"https:\/\/www.extende.com\/wp-content\/uploads\/Echogeo_FR_10.png 1296w, https:\/\/www.extende.com\/wp-content\/uploads\/Echogeo_FR_10-300x150.png 300w, https:\/\/www.extende.com\/wp-content\/uploads\/Echogeo_FR_10-1024x514.png 1024w, https:\/\/www.extende.com\/wp-content\/uploads\/Echogeo_FR_10-768x385.png 768w, https:\/\/www.extende.com\/wp-content\/uploads\/Echogeo_FR_10-600x301.png 600w\" sizes=\"(max-width: 1296px) 100vw, 1296px\" \/><\/a><\/p>\n<\/p>\n<p>\u00a0<\/p>\n<\/p>\n<p>Les Ascans pr\u00e9dits par le mod\u00e8le sp\u00e9culaire et la mesure sont relativement proches. Cependant, comme pr\u00e9c\u00e9demment, des \u00e9chos apparaissant entre les contributions des deux bords du capteur sont mesur\u00e9s mais pas simul\u00e9s. L\u2019origine de ces contributions doit \u00eatre \u00a0\u00e9tudi\u00e9e.<\/p>\n<\/p>\n<h2 class=\"titre-accordeon\">capteur matriciel, 3,5 MHz, L0\u00b0<\/h2>\n<\/p>\n<p>\u00a0<\/p>\n<\/p>\n<table align=\"center\" border=\"1\" cellpadding=\"1\" cellspacing=\"1\" style=\"width: 500px;\">\n<tbody>\n<tr>\n<th>\u00d8 Pastille (mm)<\/th>\n<th>Mode<\/th>\n<th>Fr\u00e9quence d&rsquo;entr\u00e9e (MHz)<\/th>\n<th>Bande passante (%)<\/th>\n<th>Phase (\u00b0)<\/th>\n<\/tr>\n<tr>\n<td align=\"center\">Matriciel (9 \u00e9lts)<\/td>\n<td align=\"center\">L0\u00b0<\/td>\n<td align=\"center\">3,5<\/td>\n<td align=\"center\">75<\/td>\n<td align=\"center\">0<\/td>\n<\/tr>\n<\/tbody>\n<\/table>\n<p>\u00a0<\/p>\n<\/p>\n<p>Les mesures ont \u00e9t\u00e9 r\u00e9alis\u00e9es par EADS avec un capteur matriciel de dimension 6mmx6mm sur la pi\u00e8ce ci-dessous :<\/p>\n<\/p>\n<p>\u00a0<\/p>\n<\/p>\n<p style=\"text-align: center;\"><a class=\"mediabox\" href=\"https:\/\/www.extende.com\/wp-content\/uploads\/Echogeo_FR_109_US.png\" title=\"\"><img decoding=\"async\" alt=\"\" class=\"mediabox alignnone wp-image-4281\" height=\"132\" src=\"https:\/\/www.extende.com\/wp-content\/uploads\/Echogeo_FR_109_US.png\" title=\"\" srcset=\"https:\/\/www.extende.com\/wp-content\/uploads\/Echogeo_FR_109_US.png 909w, https:\/\/www.extende.com\/wp-content\/uploads\/Echogeo_FR_109_US-300x76.png 300w, https:\/\/www.extende.com\/wp-content\/uploads\/Echogeo_FR_109_US-768x195.png 768w, https:\/\/www.extende.com\/wp-content\/uploads\/Echogeo_FR_109_US-600x152.png 600w\" sizes=\"(max-width: 909px) 100vw, 909px\" \/><\/a><\/p>\n<\/p>\n<p>\u00a0<\/p>\n<\/p>\n<p>Les diff\u00e9rentes surfaces inclin\u00e9es ont \u00e9t\u00e9 mod\u00e9lis\u00e9es dans CIVA par des d\u00e9fauts plans dans une pi\u00e8ce en eau de m\u00eame dimension et orientation que les paliers de la surface, comme ceci :<\/p>\n<\/p>\n<p>\u00a0<\/p>\n<\/p>\n<p style=\"text-align: center;\"><a class=\"mediabox\" href=\"https:\/\/www.extende.com\/wp-content\/uploads\/Echogeo_FR_110_US.png\" title=\"\"><img decoding=\"async\" alt=\"\" class=\"mediabox alignnone wp-image-4282\" height=\"132\" src=\"https:\/\/www.extende.com\/wp-content\/uploads\/Echogeo_FR_110_US.png\" title=\"\" srcset=\"https:\/\/www.extende.com\/wp-content\/uploads\/Echogeo_FR_110_US.png 731w, https:\/\/www.extende.com\/wp-content\/uploads\/Echogeo_FR_110_US-300x62.png 300w, https:\/\/www.extende.com\/wp-content\/uploads\/Echogeo_FR_110_US-600x123.png 600w\" sizes=\"(max-width: 731px) 100vw, 731px\" \/><\/a><\/p>\n<\/p>\n<p>\u00a0<\/p>\n<\/p>\n<p>Sur le graphe ci-dessous la d\u00e9croissance avec l\u2019inclinaison de la surface des amplitudes mesur\u00e9es de l\u2019\u00e9cho de surface est bien pr\u00e9dite. On observe \u00e9galement un bon accord entre les amplitudes des \u00e9chos de surface et celles des \u00e9chos de d\u00e9fauts plans simulant la surface obtenus avec le mod\u00e8le de Kirchhoff.<\/p>\n<\/p>\n<p>\u00a0<\/p>\n<\/p>\n<p style=\"text-align: center;\"><a class=\"mediabox\" href=\"https:\/\/www.extende.com\/wp-content\/uploads\/Echogeo_FR_111_US.png\" title=\"\"><img decoding=\"async\" alt=\"\" class=\"mediabox alignnone wp-image-4283\" height=\"132\" src=\"https:\/\/www.extende.com\/wp-content\/uploads\/Echogeo_FR_111_US.png\" title=\"\" srcset=\"https:\/\/www.extende.com\/wp-content\/uploads\/Echogeo_FR_111_US.png 705w, https:\/\/www.extende.com\/wp-content\/uploads\/Echogeo_FR_111_US-300x193.png 300w, https:\/\/www.extende.com\/wp-content\/uploads\/Echogeo_FR_111_US-600x386.png 600w\" sizes=\"(max-width: 705px) 100vw, 705px\" \/><\/a><\/p>\n<\/p>\n<p>\u00a0<\/p>\n<\/p>\n<p>La forme des Ascans des \u00e9chos de ces surfaces pr\u00e9dits avec les mod\u00e8les Kirchhoff et Sp\u00e9culaire sont tr\u00e8s proche :<\/p>\n<\/p>\n<p>\u00a0<\/p>\n<\/p>\n<p style=\"text-align: center;\"><a class=\"mediabox\" href=\"https:\/\/www.extende.com\/wp-content\/uploads\/Echogeo_FR_112_US.png\" title=\"\"><img decoding=\"async\" alt=\"\" class=\"mediabox alignnone wp-image-4284\" height=\"132\" src=\"https:\/\/www.extende.com\/wp-content\/uploads\/Echogeo_FR_112_US.png\" title=\"\" srcset=\"https:\/\/www.extende.com\/wp-content\/uploads\/Echogeo_FR_112_US.png 857w, https:\/\/www.extende.com\/wp-content\/uploads\/Echogeo_FR_112_US-300x158.png 300w, https:\/\/www.extende.com\/wp-content\/uploads\/Echogeo_FR_112_US-768x403.png 768w, https:\/\/www.extende.com\/wp-content\/uploads\/Echogeo_FR_112_US-600x315.png 600w\" sizes=\"(max-width: 857px) 100vw, 857px\" \/><\/a><\/p>\n<\/p>\n<p>\u00a0<\/p>\n<\/p>\n<p>Continuer vers <a class=\"lien\" href=\"https:\/\/www.extende.com\/fr\/la-simulation-cnd\/documentation\/validation-experimentale-des-modeles-civa\/validation-experimentale-des-modeles-civa-en-ultrasons\/ultrasons-echos-de-geometrie\/ut-echos-de-geometrie-echos-de-surface\/ut-echos-de-surface-lois-de-deviation-angulaire-autour-de-l0\/\" target=\"_self\">Lois de d\u00e9viation angulaire autour de L0\u00b0<\/a><\/p>\n<\/p>\n<p>Retourner au menu <a class=\"lien\" href=\"https:\/\/www.extende.com\/fr\/la-simulation-cnd\/documentation\/validation-experimentale-des-modeles-civa\/validation-experimentale-des-modeles-civa-en-ultrasons\/ultrasons-echos-de-geometrie\/ut-echos-de-geometrie-echos-de-surface\/\" target=\"_self\">Echos de surface<\/a><\/p>\n<\/p>\n<p>Retourner au menu <a class=\"lien\" href=\"https:\/\/www.extende.com\/fr\/la-simulation-cnd\/documentation\/validation-experimentale-des-modeles-civa\/validation-experimentale-des-modeles-civa-en-ultrasons\/ultrasons-echos-de-geometrie\/\" target=\"_self\">Echos de g\u00e9om\u00e9trie<\/a><\/p><\/p>\n","protected":false},"excerpt":{"rendered":"<p>Validation exp\u00e9rimentale et caract\u00e9risation des mod\u00e8les Ultrasons de CIVA, \u00e9chos de pi\u00e8ces, surface, de g\u00e9om\u00e9trie, logiciel de simulation CND<\/p>\n","protected":false},"author":0,"featured_media":0,"parent":3434,"menu_order":1,"comment_status":"closed","ping_status":"closed","template":"templates\/page--extende.html.php","meta":{"_acf_changed":false,"footnotes":""},"class_list":["post-4291","page","type-page","status-publish","hentry"],"acf":[],"_links":{"self":[{"href":"https:\/\/www.extende.com\/fr\/wp-json\/wp\/v2\/pages\/4291","targetHints":{"allow":["GET"]}}],"collection":[{"href":"https:\/\/www.extende.com\/fr\/wp-json\/wp\/v2\/pages"}],"about":[{"href":"https:\/\/www.extende.com\/fr\/wp-json\/wp\/v2\/types\/page"}],"replies":[{"embeddable":true,"href":"https:\/\/www.extende.com\/fr\/wp-json\/wp\/v2\/comments?post=4291"}],"version-history":[{"count":1,"href":"https:\/\/www.extende.com\/fr\/wp-json\/wp\/v2\/pages\/4291\/revisions"}],"predecessor-version":[{"id":5568,"href":"https:\/\/www.extende.com\/fr\/wp-json\/wp\/v2\/pages\/4291\/revisions\/5568"}],"up":[{"embeddable":true,"href":"https:\/\/www.extende.com\/fr\/wp-json\/wp\/v2\/pages\/3434"}],"wp:attachment":[{"href":"https:\/\/www.extende.com\/fr\/wp-json\/wp\/v2\/media?parent=4291"}],"curies":[{"name":"wp","href":"https:\/\/api.w.org\/{rel}","templated":true}]}}