{"id":4307,"date":"2025-06-24T18:37:42","date_gmt":"2025-06-24T16:37:42","guid":{"rendered":""},"modified":"2025-06-24T18:52:11","modified_gmt":"2025-06-24T16:52:11","slug":"ut-echos-de-surface-lois-de-deviation-angulaire-autour-de-l0","status":"publish","type":"page","link":"https:\/\/www.extende.com\/fr\/la-simulation-cnd\/documentation\/validation-experimentale-des-modeles-civa\/validation-experimentale-des-modeles-civa-en-ultrasons\/ultrasons-echos-de-geometrie\/ut-echos-de-geometrie-echos-de-surface\/ut-echos-de-surface-lois-de-deviation-angulaire-autour-de-l0\/","title":{"rendered":"UT &#8211; Echos de surface : Lois de d\u00e9viation angulaire autour de L0\u00b0"},"content":{"rendered":"<p>Dans cette \u00e9tude,\u00a0 deux capteurs multi-\u00e9l\u00e9ments lin\u00e9aires en immersion ont \u00e9t\u00e9 utilis\u00e9s sur deux pi\u00e8ces diff\u00e9rentes, une cale parall\u00e9l\u00e9pip\u00e9dique et un tube. Les caract\u00e9ristiques du signal sont rassembl\u00e9es dans le tableau suivant.<\/p>\n<\/p>\n<p>\u00a0<\/p>\n<\/p>\n<table align=\"center\" border=\"1\" cellpadding=\"1\" cellspacing=\"1\" style=\"width: 500px;\">\n<tbody>\n<tr>\n<th>\u00d8 Pastille (mm)<\/th>\n<th>Mode<\/th>\n<th>Fr\u00e9quence d&rsquo;entr\u00e9e (MHz)<\/th>\n<th>Bande passante (%)<\/th>\n<th>Phase (\u00b0)<\/th>\n<\/tr>\n<tr>\n<td align=\"center\">Lin\u00e9aire (64 \u00e9lts)<\/td>\n<td align=\"center\">L,-10\u00b0 \u00e0 10\u00b0<\/td>\n<td align=\"center\">3<\/td>\n<td align=\"center\">90<\/td>\n<td align=\"center\">310<\/td>\n<\/tr>\n<tr>\n<td align=\"center\">Lin\u00e9aire (32 \u00e9lts)<\/td>\n<td align=\"center\">L,-10\u00b0 \u00e0 10\u00b0<\/td>\n<td align=\"center\">10<\/td>\n<td align=\"center\">55<\/td>\n<td align=\"center\">290<\/td>\n<\/tr>\n<\/tbody>\n<\/table>\n<p>\u00a0<\/p>\n<\/p>\n<h2 class=\"titre-accordeon\">cale parall\u00e9l\u00e9pip\u00e9dique, capteur lin\u00e9aire, 3 MHz<\/h2>\n<\/p>\n<p>\u00a0<\/p>\n<\/p>\n<table align=\"center\" border=\"1\" cellpadding=\"1\" cellspacing=\"1\" style=\"width: 500px;\">\n<tbody>\n<tr>\n<th>\u00d8 Pastille (mm)<\/th>\n<th>Mode<\/th>\n<th>Fr\u00e9quence d&rsquo;entr\u00e9e (MHz)<\/th>\n<th>Bande passante (%)<\/th>\n<th>Phase (\u00b0)<\/th>\n<\/tr>\n<tr>\n<td align=\"center\">Lin\u00e9aire (64 \u00e9lts)<\/td>\n<td align=\"center\">L,-10\u00b0 \u00e0 10\u00b0<\/td>\n<td align=\"center\">3<\/td>\n<td align=\"center\">90<\/td>\n<td align=\"center\">310<\/td>\n<\/tr>\n<\/tbody>\n<\/table>\n<p>\u00a0<\/p>\n<\/p>\n<p>L\u2019\u00e9cho de surface d\u2019une cale parall\u00e9l\u00e9pip\u00e9dique a \u00e9t\u00e9 mesur\u00e9 pour une hauteur d\u2019eau de 25 mm, trois s\u00e9quences diff\u00e9rentes de 8, 16 et 24 \u00e9l\u00e9ments actifs comme on peut le voir sur la figure ci-dessous, et des lois de retard de type \u00ab\u00a0d\u00e9viation angulaire\u00a0\u00bb de -10\u00b0 \u00e0 10\u00b0, par pas de 2\u00b0.<\/p>\n<\/p>\n<p>\u00a0<\/p>\n<\/p>\n<p style=\"text-align: center;\"><a class=\"mediabox\" href=\"https:\/\/www.extende.com\/wp-content\/uploads\/Echogeo_FR_100.png\" title=\"\"><img decoding=\"async\" alt=\"\" class=\"mediabox alignnone wp-image-4301\" src=\"https:\/\/www.extende.com\/wp-content\/uploads\/Echogeo_FR_100.png\" title=\"\" width=\"400\" srcset=\"https:\/\/www.extende.com\/wp-content\/uploads\/Echogeo_FR_100.png 903w, https:\/\/www.extende.com\/wp-content\/uploads\/Echogeo_FR_100-300x106.png 300w, https:\/\/www.extende.com\/wp-content\/uploads\/Echogeo_FR_100-768x270.png 768w, https:\/\/www.extende.com\/wp-content\/uploads\/Echogeo_FR_100-600x211.png 600w\" sizes=\"(max-width: 903px) 100vw, 903px\" \/><\/a><\/p>\n<\/p>\n<p>\u00a0<\/p>\n<\/p>\n<p>Les r\u00e9sultats sont \u00e9talonn\u00e9s \u00e0 partir d\u2019un TFP de \u00d86 mm, situ\u00e9 \u00e0 150 mm de profondeur et une loi de retards nuls. Les amplitudes des \u00e9chos de surface obtenus pour une d\u00e9viation angulaire de -10\u00b0 \u00e0 10\u00b0, pour trois s\u00e9quences d\u2019\u00e9l\u00e9ments actifs et \u00e0 une hauteur d\u2019eau de 25 mm sont trac\u00e9es ci-dessous en noir pour la mesure exp\u00e9rimentale, en rouge plein pour les r\u00e9sultats du mod\u00e8le de Kirchhoff et en rouge pointill\u00e9 pour le mod\u00e8le sp\u00e9culaire.<\/p>\n<\/p>\n<p>\u00a0<\/p>\n<\/p>\n<p style=\"text-align: center;\"><a class=\"mediabox\" href=\"https:\/\/www.extende.com\/wp-content\/uploads\/Echogeo_Ampl_7.png\" title=\"\"><img decoding=\"async\" alt=\"\" class=\"mediabox alignnone wp-image-4293\" height=\"132\" src=\"https:\/\/www.extende.com\/wp-content\/uploads\/Echogeo_Ampl_7.png\" title=\"\" srcset=\"https:\/\/www.extende.com\/wp-content\/uploads\/Echogeo_Ampl_7.png 1477w, https:\/\/www.extende.com\/wp-content\/uploads\/Echogeo_Ampl_7-300x57.png 300w, https:\/\/www.extende.com\/wp-content\/uploads\/Echogeo_Ampl_7-1024x194.png 1024w, https:\/\/www.extende.com\/wp-content\/uploads\/Echogeo_Ampl_7-768x146.png 768w, https:\/\/www.extende.com\/wp-content\/uploads\/Echogeo_Ampl_7-600x114.png 600w, https:\/\/www.extende.com\/wp-content\/uploads\/Echogeo_Ampl_7-1400x265.png 1400w\" sizes=\"(max-width: 1477px) 100vw, 1477px\" \/><\/a><\/p>\n<\/p>\n<p>\u00a0<\/p>\n<\/p>\n<p>Contrairement aux \u00e9tudes pr\u00e9c\u00e9dentes, ici ce sont les r\u00e9sultats du mod\u00e8le de Kirchhoff qui\u00a0<span style=\"line-height: 1.5em;\">sont les plus proches des mesures et en tr\u00e8s bon accord avec elles. Le mod\u00e8le sp\u00e9culaire surestime de 2 \u00e0 4 dB les amplitudes par rapport aux mesures.<\/span><\/p>\n<\/p>\n<p>Ci-dessous on montre les comparaisons des Ascans entre Kirchhoff et la mesure ainsi que le mod\u00e8le sp\u00e9culaire et la mesure.<\/p>\n<\/p>\n<p>\u00a0<\/p>\n<\/p>\n<p style=\"text-align: center;\"><a class=\"mediabox\" href=\"https:\/\/www.extende.com\/wp-content\/uploads\/Echogeo_FR_11.png\" title=\"\"><img decoding=\"async\" alt=\"\" class=\"mediabox alignnone wp-image-4302\" src=\"https:\/\/www.extende.com\/wp-content\/uploads\/Echogeo_FR_11.png\" title=\"\" width=\"400\" srcset=\"https:\/\/www.extende.com\/wp-content\/uploads\/Echogeo_FR_11.png 1464w, https:\/\/www.extende.com\/wp-content\/uploads\/Echogeo_FR_11-300x139.png 300w, https:\/\/www.extende.com\/wp-content\/uploads\/Echogeo_FR_11-1024x476.png 1024w, https:\/\/www.extende.com\/wp-content\/uploads\/Echogeo_FR_11-768x357.png 768w, https:\/\/www.extende.com\/wp-content\/uploads\/Echogeo_FR_11-600x279.png 600w, https:\/\/www.extende.com\/wp-content\/uploads\/Echogeo_FR_11-1400x650.png 1400w\" sizes=\"(max-width: 1464px) 100vw, 1464px\" \/><\/a><\/p>\n<\/p>\n<p style=\"text-align: center;\"><a class=\"mediabox\" href=\"https:\/\/www.extende.com\/wp-content\/uploads\/Echogeo_FR_12.png\" title=\"\"><img decoding=\"async\" alt=\"\" class=\"mediabox alignnone wp-image-4303\" src=\"https:\/\/www.extende.com\/wp-content\/uploads\/Echogeo_FR_12.png\" title=\"\" width=\"400\" srcset=\"https:\/\/www.extende.com\/wp-content\/uploads\/Echogeo_FR_12.png 1500w, https:\/\/www.extende.com\/wp-content\/uploads\/Echogeo_FR_12-300x167.png 300w, https:\/\/www.extende.com\/wp-content\/uploads\/Echogeo_FR_12-1024x569.png 1024w, https:\/\/www.extende.com\/wp-content\/uploads\/Echogeo_FR_12-768x427.png 768w, https:\/\/www.extende.com\/wp-content\/uploads\/Echogeo_FR_12-600x334.png 600w, https:\/\/www.extende.com\/wp-content\/uploads\/Echogeo_FR_12-1400x778.png 1400w\" sizes=\"(max-width: 1500px) 100vw, 1500px\" \/><\/a><\/p>\n<\/p>\n<p>\u00a0<\/p>\n<\/p>\n<p>Les signaux pr\u00e9dits par les deux mod\u00e8les sont en bon accord avec les mesures.<\/p>\n<\/p>\n<h2 class=\"titre-accordeon\">tube de grand rayon de courbure, capteur lin\u00e9aire, 10 MHz<\/h2>\n<\/p>\n<p>\u00a0<\/p>\n<\/p>\n<table align=\"center\" border=\"1\" cellpadding=\"1\" cellspacing=\"1\" style=\"width: 500px;\">\n<tbody>\n<tr>\n<th>\u00d8 Pastille (mm)<\/th>\n<th>Mode<\/th>\n<th>Fr\u00e9quence d&rsquo;entr\u00e9e (MHz)<\/th>\n<th>Bande passante (%)<\/th>\n<th>Phase (\u00b0)<\/th>\n<\/tr>\n<tr>\n<td align=\"center\">Lin\u00e9aire (32 \u00e9lts)<\/td>\n<td align=\"center\">L,-10\u00b0 \u00e0 10\u00b0<\/td>\n<td align=\"center\">10<\/td>\n<td align=\"center\">55<\/td>\n<td align=\"center\">290<\/td>\n<\/tr>\n<\/tbody>\n<\/table>\n<p>\u00a0<\/p>\n<\/p>\n<p>Pour la premi\u00e8re fois dans cette \u00e9tude la pi\u00e8ce est un tube de diam\u00e8tre externe de 76 mm et d\u2019\u00e9paisseur de 7 mm, comme on peut le voir sur la figure ci-dessous. L\u2019\u00e9cho de surface a \u00e9t\u00e9 mesur\u00e9 pour des\u00a0 lois de d\u00e9viation angulaire de -10\u00b0 \u00e0 10\u00b0, par pas de 2\u00b0, pour une hauteur d\u2019eau de 25 mm et les 32 \u00e9l\u00e9ments actifs.<\/p>\n<\/p>\n<p>\u00a0<\/p>\n<\/p>\n<p style=\"text-align: center;\"><a class=\"mediabox\" href=\"https:\/\/www.extende.com\/wp-content\/uploads\/Echogeo_FR_13.png\" title=\"\"><img decoding=\"async\" alt=\"\" class=\"mediabox alignnone wp-image-4304\" src=\"https:\/\/www.extende.com\/wp-content\/uploads\/Echogeo_FR_13.png\" title=\"\" width=\"400\" srcset=\"https:\/\/www.extende.com\/wp-content\/uploads\/Echogeo_FR_13.png 1406w, https:\/\/www.extende.com\/wp-content\/uploads\/Echogeo_FR_13-300x142.png 300w, https:\/\/www.extende.com\/wp-content\/uploads\/Echogeo_FR_13-1024x484.png 1024w, https:\/\/www.extende.com\/wp-content\/uploads\/Echogeo_FR_13-768x363.png 768w, https:\/\/www.extende.com\/wp-content\/uploads\/Echogeo_FR_13-600x284.png 600w, https:\/\/www.extende.com\/wp-content\/uploads\/Echogeo_FR_13-1400x662.png 1400w\" sizes=\"(max-width: 1406px) 100vw, 1406px\" \/><\/a><\/p>\n<\/p>\n<p>\u00a0<\/p>\n<\/p>\n<p>Les r\u00e9sultats sont \u00e9talonn\u00e9s \u00e0 partir d\u2019un \u00e9cho de surface plane et d\u2019une d\u00e9viation angulaire de 0\u00b0. Ci-dessous les amplitudes des \u00e9chos de surface du tube obtenus pour une d\u00e9viation angulaire de -10\u00b0 \u00e0 10\u00b0, pour trois s\u00e9quences d\u2019\u00e9l\u00e9ments actifs et \u00e0 une hauteur d\u2019eau de 25 mm sont trac\u00e9es en noir pour la mesure exp\u00e9rimentale, en rouge plein pour les r\u00e9sultats du mod\u00e8le de Kirchhoff et en rouge pointill\u00e9 pour le mod\u00e8le sp\u00e9culaire.<\/p>\n<\/p>\n<p>\u00a0<\/p>\n<\/p>\n<p style=\"text-align: center;\"><a class=\"mediabox\" href=\"https:\/\/www.extende.com\/wp-content\/uploads\/Echogeo_Ampl_8-scaled.png\" title=\"\"><img decoding=\"async\" alt=\"\" class=\"mediabox alignnone wp-image-4297\" src=\"https:\/\/www.extende.com\/wp-content\/uploads\/Echogeo_Ampl_8-scaled.png\" title=\"\" width=\"400\" srcset=\"https:\/\/www.extende.com\/wp-content\/uploads\/Echogeo_Ampl_8-scaled.png 1600w, https:\/\/www.extende.com\/wp-content\/uploads\/Echogeo_Ampl_8-300x233.png 300w, https:\/\/www.extende.com\/wp-content\/uploads\/Echogeo_Ampl_8-1024x795.png 1024w, https:\/\/www.extende.com\/wp-content\/uploads\/Echogeo_Ampl_8-768x596.png 768w, https:\/\/www.extende.com\/wp-content\/uploads\/Echogeo_Ampl_8-1536x1192.png 1536w, https:\/\/www.extende.com\/wp-content\/uploads\/Echogeo_Ampl_8-2048x1589.png 2048w, https:\/\/www.extende.com\/wp-content\/uploads\/Echogeo_Ampl_8-600x466.png 600w, https:\/\/www.extende.com\/wp-content\/uploads\/Echogeo_Ampl_8-1400x1086.png 1400w\" sizes=\"(max-width: 1600px) 100vw, 1600px\" \/><\/a><\/p>\n<\/p>\n<p>\u00a0<\/p>\n<\/p>\n<p>Pour des d\u00e9viations angulaires proches de 0\u00b0, les deux mod\u00e8les de CIVA sont en tr\u00e8s bon accord avec la mesure. Pour des d\u00e9viations angulaires comprises entre (-\/+)6\u00b0 et (-\/+)10\u00b0, les amplitudes pr\u00e9dites par CIVA sont relativement proches des mesures, avec au maximum 2 dB d\u2019\u00e9cart. En revanche, pour une d\u00e9viation de (-\/+)4\u00b0, CIVA ne reproduit pas la chute d\u2019amplitude montr\u00e9e par les mesures, surestimant ainsi de 7 dB les valeurs d\u2019amplitudes par rapport aux mesures.<\/p>\n<\/p>\n<p>Ci-dessous sont repr\u00e9sent\u00e9es les comparaisons des Ascans entre Kirchhoff et les mesures ainsi que le mod\u00e8le sp\u00e9culaire et les mesures.<\/p>\n<\/p>\n<p>\u00a0<\/p>\n<\/p>\n<p style=\"text-align: center;\"><a class=\"mediabox\" href=\"https:\/\/www.extende.com\/wp-content\/uploads\/Echogeo_FR_14.png\" title=\"\"><img decoding=\"async\" alt=\"\" class=\"mediabox alignnone wp-image-4305\" src=\"https:\/\/www.extende.com\/wp-content\/uploads\/Echogeo_FR_14.png\" title=\"\" width=\"400\" srcset=\"https:\/\/www.extende.com\/wp-content\/uploads\/Echogeo_FR_14.png 1261w, https:\/\/www.extende.com\/wp-content\/uploads\/Echogeo_FR_14-300x173.png 300w, https:\/\/www.extende.com\/wp-content\/uploads\/Echogeo_FR_14-1024x590.png 1024w, https:\/\/www.extende.com\/wp-content\/uploads\/Echogeo_FR_14-768x442.png 768w, https:\/\/www.extende.com\/wp-content\/uploads\/Echogeo_FR_14-600x345.png 600w\" sizes=\"(max-width: 1261px) 100vw, 1261px\" \/><\/a><\/p>\n<\/p>\n<p style=\"text-align: center;\"><a class=\"mediabox\" href=\"https:\/\/www.extende.com\/wp-content\/uploads\/Echogeo_FR_15.png\" title=\"\"><img decoding=\"async\" alt=\"\" class=\"mediabox alignnone wp-image-4306\" src=\"https:\/\/www.extende.com\/wp-content\/uploads\/Echogeo_FR_15.png\" title=\"\" width=\"400\" srcset=\"https:\/\/www.extende.com\/wp-content\/uploads\/Echogeo_FR_15.png 1441w, https:\/\/www.extende.com\/wp-content\/uploads\/Echogeo_FR_15-300x144.png 300w, https:\/\/www.extende.com\/wp-content\/uploads\/Echogeo_FR_15-1024x492.png 1024w, https:\/\/www.extende.com\/wp-content\/uploads\/Echogeo_FR_15-768x369.png 768w, https:\/\/www.extende.com\/wp-content\/uploads\/Echogeo_FR_15-600x289.png 600w, https:\/\/www.extende.com\/wp-content\/uploads\/Echogeo_FR_15-1400x673.png 1400w\" sizes=\"(max-width: 1441px) 100vw, 1441px\" \/><\/a><\/p>\n<\/p>\n<p>\u00a0<\/p>\n<\/p>\n<p>On observe que pour les deux mod\u00e8les de CIVA, plus la d\u00e9viation angulaire augmente, plus les temps de vols et la forme temporelle des Ascans s\u2019\u00e9loignent de ceux mesur\u00e9s exp\u00e9rimentalement.\u00a0<\/p>\n<\/p>\n<p>\u00a0<\/p>\n<\/p>\n<p>Continuer vers <a class=\"lien\" href=\"https:\/\/www.extende.com\/fr\/la-simulation-cnd\/documentation\/validation-experimentale-des-modeles-civa\/validation-experimentale-des-modeles-civa-en-ultrasons\/ultrasons-echos-de-geometrie\/ut-echos-de-geometrie-echos-de-surface\/ut-echos-de-surface-lois-de-focalisation-en-differents-points-a-l0\/\" target=\"_self\">Lois de focalisation en diff\u00e9rents points \u00e0 L0\u00b0<\/a><\/p>\n<\/p>\n<p>Retourner au menu <a class=\"lien\" href=\"https:\/\/www.extende.com\/fr\/la-simulation-cnd\/documentation\/validation-experimentale-des-modeles-civa\/validation-experimentale-des-modeles-civa-en-ultrasons\/ultrasons-echos-de-geometrie\/ut-echos-de-geometrie-echos-de-surface\/\" target=\"_self\">Echos de surface<\/a><\/p>\n<\/p>\n<p>Retourner au menu <a class=\"lien\" href=\"https:\/\/www.extende.com\/fr\/la-simulation-cnd\/documentation\/validation-experimentale-des-modeles-civa\/validation-experimentale-des-modeles-civa-en-ultrasons\/ultrasons-echos-de-geometrie\/\" target=\"_self\">Echos de g\u00e9om\u00e9trie<\/a><\/p><\/p>\n","protected":false},"excerpt":{"rendered":"<p>Validation exp\u00e9rimentale et caract\u00e9risation des mod\u00e8les Ultrasons de CIVA, \u00e9chos de pi\u00e8ces, surface, de g\u00e9om\u00e9trie, logiciel de simulation CND<\/p>\n","protected":false},"author":0,"featured_media":0,"parent":3434,"menu_order":2,"comment_status":"closed","ping_status":"closed","template":"templates\/page--extende.html.php","meta":{"_acf_changed":false,"footnotes":""},"class_list":["post-4307","page","type-page","status-publish","hentry"],"acf":[],"_links":{"self":[{"href":"https:\/\/www.extende.com\/fr\/wp-json\/wp\/v2\/pages\/4307","targetHints":{"allow":["GET"]}}],"collection":[{"href":"https:\/\/www.extende.com\/fr\/wp-json\/wp\/v2\/pages"}],"about":[{"href":"https:\/\/www.extende.com\/fr\/wp-json\/wp\/v2\/types\/page"}],"replies":[{"embeddable":true,"href":"https:\/\/www.extende.com\/fr\/wp-json\/wp\/v2\/comments?post=4307"}],"version-history":[{"count":1,"href":"https:\/\/www.extende.com\/fr\/wp-json\/wp\/v2\/pages\/4307\/revisions"}],"predecessor-version":[{"id":5566,"href":"https:\/\/www.extende.com\/fr\/wp-json\/wp\/v2\/pages\/4307\/revisions\/5566"}],"up":[{"embeddable":true,"href":"https:\/\/www.extende.com\/fr\/wp-json\/wp\/v2\/pages\/3434"}],"wp:attachment":[{"href":"https:\/\/www.extende.com\/fr\/wp-json\/wp\/v2\/media?parent=4307"}],"curies":[{"name":"wp","href":"https:\/\/api.w.org\/{rel}","templated":true}]}}