{"id":4321,"date":"2025-06-24T18:37:51","date_gmt":"2025-06-24T16:37:51","guid":{"rendered":""},"modified":"2025-06-24T18:52:11","modified_gmt":"2025-06-24T16:52:11","slug":"ut-echos-de-surface-lois-de-focalisation-en-differents-points-a-l0","status":"publish","type":"page","link":"https:\/\/www.extende.com\/fr\/la-simulation-cnd\/documentation\/validation-experimentale-des-modeles-civa\/validation-experimentale-des-modeles-civa-en-ultrasons\/ultrasons-echos-de-geometrie\/ut-echos-de-geometrie-echos-de-surface\/ut-echos-de-surface-lois-de-focalisation-en-differents-points-a-l0\/","title":{"rendered":"UT &#8211; Echos de surface : Lois de focalisation en diff\u00e9rents points \u00e0 L0\u00b0"},"content":{"rendered":"<p>Dans cette \u00e9tude, comme dans l\u2019\u00e9tude pr\u00e9c\u00e9dente,\u00a0 deux capteurs multi-\u00e9l\u00e9ments lin\u00e9aires en immersion ont \u00e9t\u00e9 utilis\u00e9s sur deux pi\u00e8ces diff\u00e9rentes, une cale parall\u00e9l\u00e9pip\u00e9dique et un tube. Les caract\u00e9ristiques du signal sont rassembl\u00e9es dans le tableau suivant.<\/p>\n<\/p>\n<p>\u00a0<\/p>\n<\/p>\n<table align=\"center\" border=\"1\" cellpadding=\"1\" cellspacing=\"1\" style=\"width: 500px;\">\n<tbody>\n<tr>\n<th>\u00d8 Pastille (mm)<\/th>\n<th>Mode<\/th>\n<th>Fr\u00e9quence d&rsquo;entr\u00e9e (MHz)<\/th>\n<th>Bande passante (%)<\/th>\n<th>Phase (\u00b0)<\/th>\n<\/tr>\n<tr>\n<td align=\"center\">Lin\u00e9aire (64 \u00e9lts)<\/td>\n<td align=\"center\">L0\u00b0<\/td>\n<td align=\"center\">3<\/td>\n<td align=\"center\">90<\/td>\n<td align=\"center\">310<\/td>\n<\/tr>\n<tr>\n<td align=\"center\">Lin\u00e9aire (32 \u00e9lts)<\/td>\n<td align=\"center\">L0\u00b0<\/td>\n<td align=\"center\">10<\/td>\n<td align=\"center\">55<\/td>\n<td align=\"center\">290<\/td>\n<\/tr>\n<\/tbody>\n<\/table>\n<p>\u00a0<\/p>\n<\/p>\n<h2 class=\"titre-accordeon\">cale parall\u00e9l\u00e9pip\u00e9dique, capteur lin\u00e9aire, 3 MHz<\/h2>\n<\/p>\n<table align=\"center\" border=\"1\" cellpadding=\"1\" cellspacing=\"1\" style=\"width: 500px;\">\n<tbody>\n<tr>\n<th>\u00d8 Pastille (mm)<\/th>\n<th>Mode<\/th>\n<th>Fr\u00e9quence d&rsquo;entr\u00e9e (MHz)<\/th>\n<th>Bande passante (%)<\/th>\n<th>Phase (\u00b0)<\/th>\n<\/tr>\n<tr>\n<td align=\"center\">Lin\u00e9aire (64 \u00e9lts)<\/td>\n<td align=\"center\">L0\u00b0<\/td>\n<td align=\"center\">3<\/td>\n<td align=\"center\">90<\/td>\n<td align=\"center\">310<\/td>\n<\/tr>\n<\/tbody>\n<\/table>\n<p>\u00a0<\/p>\n<\/p>\n<p>L\u2019\u00e9cho de surface d\u2019une cale parall\u00e9l\u00e9pip\u00e9dique est calcul\u00e9 avec le capteur lin\u00e9aire 64 \u00e9l\u00e9ments positionn\u00e9 parall\u00e8lement \u00e0 la surface de la pi\u00e8ce. Des lois de focalisation en diff\u00e9rents points se situant le long de l\u2019axe L0\u00b0, \u00e0 partir de la surface de la pi\u00e8ce jusqu\u2019\u00e0 30 mm de profondeur par pas de 2,5 mm, sont appliqu\u00e9es. Sur la figure ci-dessous on voit que certains points sont situ\u00e9s en dehors de la pi\u00e8ce. Cependant, lors du calcul des lois, tous les points sont consid\u00e9r\u00e9s comme \u00e9tant dans la pi\u00e8ce.<\/p>\n<\/p>\n<p>\u00a0<\/p>\n<\/p>\n<p style=\"text-align: center;\"><a class=\"mediabox\" href=\"https:\/\/www.extende.com\/wp-content\/uploads\/Echogeo_FR_101.png\" title=\"\"><img decoding=\"async\" alt=\"\" class=\"mediabox alignnone wp-image-4316\" src=\"https:\/\/www.extende.com\/wp-content\/uploads\/Echogeo_FR_101.png\" title=\"\" width=\"400\" srcset=\"https:\/\/www.extende.com\/wp-content\/uploads\/Echogeo_FR_101.png 851w, https:\/\/www.extende.com\/wp-content\/uploads\/Echogeo_FR_101-300x142.png 300w, https:\/\/www.extende.com\/wp-content\/uploads\/Echogeo_FR_101-768x364.png 768w, https:\/\/www.extende.com\/wp-content\/uploads\/Echogeo_FR_101-600x284.png 600w\" sizes=\"(max-width: 851px) 100vw, 851px\" \/><\/a><\/p>\n<\/p>\n<p>\u00a0<\/p>\n<\/p>\n<p>Les r\u00e9sultats sont \u00e9talonn\u00e9s \u00e0 partir d\u2019un TFP de \u00d86 mm, situ\u00e9 \u00e0 150 mm de profondeur et une loi de retards nuls. Les amplitudes des \u00e9chos de surface obtenus pour loi de focalisation \u00e0 diff\u00e9rentes profondeurs, pour trois s\u00e9quences d\u2019\u00e9l\u00e9ments actifs et \u00e0 une hauteur d\u2019eau de 25 mm sont trac\u00e9es ci-dessous en noir pour la mesure exp\u00e9rimentale, en rouge plein pour les r\u00e9sultats du mod\u00e8le de Kirchhoff et en rouge pointill\u00e9 pour le mod\u00e8le sp\u00e9culaire.<\/p>\n<\/p>\n<p>\u00a0<\/p>\n<\/p>\n<p style=\"text-align: center;\"><a class=\"mediabox\" href=\"https:\/\/www.extende.com\/wp-content\/uploads\/Echogeo_Ampl_9.png\" title=\"\"><img decoding=\"async\" alt=\"\" class=\"mediabox alignnone wp-image-4309\" src=\"https:\/\/www.extende.com\/wp-content\/uploads\/Echogeo_Ampl_9.png\" title=\"\" width=\"400\" srcset=\"https:\/\/www.extende.com\/wp-content\/uploads\/Echogeo_Ampl_9.png 1233w, https:\/\/www.extende.com\/wp-content\/uploads\/Echogeo_Ampl_9-300x159.png 300w, https:\/\/www.extende.com\/wp-content\/uploads\/Echogeo_Ampl_9-1024x542.png 1024w, https:\/\/www.extende.com\/wp-content\/uploads\/Echogeo_Ampl_9-768x407.png 768w, https:\/\/www.extende.com\/wp-content\/uploads\/Echogeo_Ampl_9-600x318.png 600w\" sizes=\"(max-width: 1233px) 100vw, 1233px\" \/><\/a><\/p>\n<\/p>\n<p>\u00a0<\/p>\n<\/p>\n<p>Les deux mod\u00e8les de CIVA pr\u00e9disent bien la chute des amplitudes de l\u2019\u00e9cho de surface lorsque la profondeur du point de focalisation augmente, puis la remont\u00e9e. Cependant, lorsque la chute d\u2019amplitude observ\u00e9e exp\u00e9rimentalement est importante, les mod\u00e8les s\u2019\u00e9cartent jusqu\u2019\u00e0 8 dB des mesures, notamment pour les cas des 16 et 24 \u00e9l\u00e9ments entre 3 et 12 mm de profondeur. L\u2019allure des courbes des mod\u00e8les de Kirchhoff et sp\u00e9culaires sont tr\u00e8s semblables, \u00e0 un offset pr\u00e8s. Le mod\u00e8le sp\u00e9culaire surestime constamment les amplitudes de 2 dB par rapport au mod\u00e8le de Kirchhoff.<\/p>\n<\/p>\n<p>Ci-dessous sont repr\u00e9sent\u00e9es les comparaisons des Ascans entre le mod\u00e8le sp\u00e9culaire et les mesures.<\/p>\n<\/p>\n<p>\u00a0<\/p>\n<\/p>\n<p style=\"text-align: center;\"><a class=\"mediabox\" href=\"https:\/\/www.extende.com\/wp-content\/uploads\/Echogeo_FR_16.png\" title=\"\"><img decoding=\"async\" alt=\"\" class=\"mediabox alignnone wp-image-4317\" src=\"https:\/\/www.extende.com\/wp-content\/uploads\/Echogeo_FR_16.png\" title=\"\" width=\"400\" srcset=\"https:\/\/www.extende.com\/wp-content\/uploads\/Echogeo_FR_16.png 1546w, https:\/\/www.extende.com\/wp-content\/uploads\/Echogeo_FR_16-300x148.png 300w, https:\/\/www.extende.com\/wp-content\/uploads\/Echogeo_FR_16-1024x507.png 1024w, https:\/\/www.extende.com\/wp-content\/uploads\/Echogeo_FR_16-768x380.png 768w, https:\/\/www.extende.com\/wp-content\/uploads\/Echogeo_FR_16-1536x760.png 1536w, https:\/\/www.extende.com\/wp-content\/uploads\/Echogeo_FR_16-600x297.png 600w, https:\/\/www.extende.com\/wp-content\/uploads\/Echogeo_FR_16-1400x693.png 1400w\" sizes=\"(max-width: 1546px) 100vw, 1546px\" \/><\/a><\/p>\n<\/p>\n<p>\u00a0<\/p>\n<\/p>\n<p>Les formes temporelles des \u00e9chos mesur\u00e9s et simul\u00e9s se superposent relativement bien.<\/p>\n<\/p>\n<h2 class=\"titre-accordeon\">tube de grand rayon de courbure, capteur lin\u00e9aire, 10 MHz<\/h2>\n<\/p>\n<table align=\"center\" border=\"1\" cellpadding=\"1\" cellspacing=\"1\" style=\"width: 500px;\">\n<tbody>\n<tr>\n<th>\u00d8 Pastille (mm)<\/th>\n<th>Mode<\/th>\n<th>Fr\u00e9quence d&rsquo;entr\u00e9e (MHz)<\/th>\n<th>Bande passante (%)<\/th>\n<th>Phase (\u00b0)<\/th>\n<\/tr>\n<tr>\n<td align=\"center\">Lin\u00e9aire (32 \u00e9lts)<\/td>\n<td align=\"center\">L0\u00b0<\/td>\n<td align=\"center\">10<\/td>\n<td align=\"center\">55<\/td>\n<td align=\"center\">290<\/td>\n<\/tr>\n<\/tbody>\n<\/table>\n<p>\u00a0<\/p>\n<\/p>\n<p>La pi\u00e8ce est un tube de diam\u00e8tre externe de 76 mm et d\u2019\u00e9paisseur de 7 mm, comme on peut le voir sur la figure ci-dessous. L\u2019\u00e9cho de surface a \u00e9t\u00e9 mesur\u00e9 pour des\u00a0 lois de focalisation en diff\u00e9rents points \u00e0 des profondeurs de 0 mm \u00e0 20 mm, par pas de 2 mm, pour une hauteur d\u2019eau de 25 mm et les 32 \u00e9l\u00e9ments actifs.<\/p>\n<\/p>\n<p>\u00a0<\/p>\n<\/p>\n<p style=\"text-align: center;\"><a class=\"mediabox\" href=\"https:\/\/www.extende.com\/wp-content\/uploads\/Echogeo_FR_17.png\" title=\"\"><img decoding=\"async\" alt=\"\" class=\"mediabox alignnone wp-image-4318\" src=\"https:\/\/www.extende.com\/wp-content\/uploads\/Echogeo_FR_17.png\" title=\"\" width=\"400\" srcset=\"https:\/\/www.extende.com\/wp-content\/uploads\/Echogeo_FR_17.png 1350w, https:\/\/www.extende.com\/wp-content\/uploads\/Echogeo_FR_17-300x185.png 300w, https:\/\/www.extende.com\/wp-content\/uploads\/Echogeo_FR_17-1024x631.png 1024w, https:\/\/www.extende.com\/wp-content\/uploads\/Echogeo_FR_17-768x473.png 768w, https:\/\/www.extende.com\/wp-content\/uploads\/Echogeo_FR_17-600x370.png 600w\" sizes=\"(max-width: 1350px) 100vw, 1350px\" \/><\/a><\/p>\n<\/p>\n<p>\u00a0<\/p>\n<\/p>\n<p>Les r\u00e9sultats sont \u00e9talonn\u00e9s \u00e0 partir d\u2019un \u00e9cho de surface plane et d\u2019une d\u00e9viation angulaire de 0\u00b0. Ci-dessous les amplitudes des \u00e9chos de surface du tube obtenus pour une loi de focalisation \u00e0 plusieurs profondeurs, 32 \u00e9l\u00e9ments actifs et \u00e0 une hauteur d\u2019eau de 25 mm sont trac\u00e9es en noir pour la mesure exp\u00e9rimentale, en rouge plein pour les r\u00e9sultats du mod\u00e8le de Kirchhoff et en rouge pointill\u00e9 pour le mod\u00e8le sp\u00e9culaire.<\/p>\n<\/p>\n<p>\u00a0<\/p>\n<\/p>\n<p style=\"text-align: center;\"><a class=\"mediabox\" height=\"50\" href=\"https:\/\/www.extende.com\/wp-content\/uploads\/Echogeo_Ampl_10-scaled.png\" title=\"\"><img decoding=\"async\" alt=\"\" class=\"mediabox alignnone wp-image-4312\" src=\"https:\/\/www.extende.com\/wp-content\/uploads\/Echogeo_Ampl_10-scaled.png\" title=\"\" width=\"400\" srcset=\"https:\/\/www.extende.com\/wp-content\/uploads\/Echogeo_Ampl_10-scaled.png 1600w, https:\/\/www.extende.com\/wp-content\/uploads\/Echogeo_Ampl_10-300x250.png 300w, https:\/\/www.extende.com\/wp-content\/uploads\/Echogeo_Ampl_10-1024x854.png 1024w, https:\/\/www.extende.com\/wp-content\/uploads\/Echogeo_Ampl_10-768x640.png 768w, https:\/\/www.extende.com\/wp-content\/uploads\/Echogeo_Ampl_10-1536x1280.png 1536w, https:\/\/www.extende.com\/wp-content\/uploads\/Echogeo_Ampl_10-2048x1707.png 2048w, https:\/\/www.extende.com\/wp-content\/uploads\/Echogeo_Ampl_10-600x500.png 600w, https:\/\/www.extende.com\/wp-content\/uploads\/Echogeo_Ampl_10-1400x1167.png 1400w\" sizes=\"(max-width: 1600px) 100vw, 1600px\" \/><\/a><\/p>\n<\/p>\n<p>\u00a0<\/p>\n<\/p>\n<p>Mise \u00e0 part le point de focalisation situ\u00e9 en surface, pour lequel les r\u00e9sultats de simulation et mesures collent parfaitement, les deux mod\u00e8les de CIVA surestiment constamment l\u2019amplitude de l\u2019\u00e9cho de surface de 2 \u00e0 4 dB.<\/p>\n<\/p>\n<p>Ci-dessous sont repr\u00e9sent\u00e9es les comparaisons des Ascans entre Kirchhoff et les mesures ainsi que le mod\u00e8le sp\u00e9culaire et les mesures.<\/p>\n<\/p>\n<p>\u00a0<\/p>\n<\/p>\n<p style=\"text-align: center;\"><a class=\"mediabox\" href=\"https:\/\/www.extende.com\/wp-content\/uploads\/Echogeo_FR_18.png\" title=\"\"><img decoding=\"async\" alt=\"\" class=\"mediabox alignnone wp-image-4319\" src=\"https:\/\/www.extende.com\/wp-content\/uploads\/Echogeo_FR_18.png\" title=\"\" width=\"400\" srcset=\"https:\/\/www.extende.com\/wp-content\/uploads\/Echogeo_FR_18.png 1209w, https:\/\/www.extende.com\/wp-content\/uploads\/Echogeo_FR_18-300x180.png 300w, https:\/\/www.extende.com\/wp-content\/uploads\/Echogeo_FR_18-1024x613.png 1024w, https:\/\/www.extende.com\/wp-content\/uploads\/Echogeo_FR_18-768x460.png 768w, https:\/\/www.extende.com\/wp-content\/uploads\/Echogeo_FR_18-600x359.png 600w\" sizes=\"(max-width: 1209px) 100vw, 1209px\" \/><\/a><\/p>\n<\/p>\n<p style=\"text-align: center;\"><a class=\"mediabox\" href=\"https:\/\/www.extende.com\/wp-content\/uploads\/Echogeo_FR_19.png\" title=\"\"><img decoding=\"async\" alt=\"\" class=\"mediabox alignnone wp-image-4320\" src=\"https:\/\/www.extende.com\/wp-content\/uploads\/Echogeo_FR_19.png\" title=\"\" width=\"400\" srcset=\"https:\/\/www.extende.com\/wp-content\/uploads\/Echogeo_FR_19.png 1260w, https:\/\/www.extende.com\/wp-content\/uploads\/Echogeo_FR_19-300x139.png 300w, https:\/\/www.extende.com\/wp-content\/uploads\/Echogeo_FR_19-1024x474.png 1024w, https:\/\/www.extende.com\/wp-content\/uploads\/Echogeo_FR_19-768x355.png 768w, https:\/\/www.extende.com\/wp-content\/uploads\/Echogeo_FR_19-600x278.png 600w\" sizes=\"(max-width: 1260px) 100vw, 1260px\" \/><\/a><\/p>\n<\/p>\n<p>\u00a0<\/p>\n<\/p>\n<p>Les temps de vols des \u00e9chos mesur\u00e9s et simul\u00e9s sont relativement proches.<\/p>\n<\/p>\n<p>\u00a0<\/p>\n<\/p>\n<p>Continuer vers <a class=\"lien\" href=\"https:\/\/www.extende.com\/fr\/la-simulation-cnd\/documentation\/validation-experimentale-des-modeles-civa\/validation-experimentale-des-modeles-civa-en-ultrasons\/ultrasons-echos-de-geometrie\/ut-echos-de-geometrie-echos-de-surface\/ut-echos-de-surface-surface-de-type-vague-de-meulage\/\" target=\"_self\">Surface de type vague de meulage<\/a><\/p>\n<\/p>\n<p>Retourner au menu <a class=\"lien\" href=\"https:\/\/www.extende.com\/fr\/la-simulation-cnd\/documentation\/validation-experimentale-des-modeles-civa\/validation-experimentale-des-modeles-civa-en-ultrasons\/ultrasons-echos-de-geometrie\/ut-echos-de-geometrie-echos-de-surface\/\" target=\"_self\">Echos de surface<\/a><\/p>\n<\/p>\n<p>Retourner au menu <a class=\"lien\" href=\"https:\/\/www.extende.com\/fr\/la-simulation-cnd\/documentation\/validation-experimentale-des-modeles-civa\/validation-experimentale-des-modeles-civa-en-ultrasons\/ultrasons-echos-de-geometrie\/\" target=\"_self\">Echos de g\u00e9om\u00e9trie<\/a><\/p><\/p>\n","protected":false},"excerpt":{"rendered":"<p>Validation exp\u00e9rimentale et caract\u00e9risation des mod\u00e8les Ultrasons de CIVA, \u00e9chos de pi\u00e8ces, surface, de g\u00e9om\u00e9trie, logiciel de simulation CND<\/p>\n","protected":false},"author":0,"featured_media":0,"parent":3434,"menu_order":3,"comment_status":"closed","ping_status":"closed","template":"templates\/page--extende.html.php","meta":{"_acf_changed":false,"footnotes":""},"class_list":["post-4321","page","type-page","status-publish","hentry"],"acf":[],"_links":{"self":[{"href":"https:\/\/www.extende.com\/fr\/wp-json\/wp\/v2\/pages\/4321","targetHints":{"allow":["GET"]}}],"collection":[{"href":"https:\/\/www.extende.com\/fr\/wp-json\/wp\/v2\/pages"}],"about":[{"href":"https:\/\/www.extende.com\/fr\/wp-json\/wp\/v2\/types\/page"}],"replies":[{"embeddable":true,"href":"https:\/\/www.extende.com\/fr\/wp-json\/wp\/v2\/comments?post=4321"}],"version-history":[{"count":1,"href":"https:\/\/www.extende.com\/fr\/wp-json\/wp\/v2\/pages\/4321\/revisions"}],"predecessor-version":[{"id":5564,"href":"https:\/\/www.extende.com\/fr\/wp-json\/wp\/v2\/pages\/4321\/revisions\/5564"}],"up":[{"embeddable":true,"href":"https:\/\/www.extende.com\/fr\/wp-json\/wp\/v2\/pages\/3434"}],"wp:attachment":[{"href":"https:\/\/www.extende.com\/fr\/wp-json\/wp\/v2\/media?parent=4321"}],"curies":[{"name":"wp","href":"https:\/\/api.w.org\/{rel}","templated":true}]}}