{"id":4347,"date":"2025-06-24T18:38:07","date_gmt":"2025-06-24T16:38:07","guid":{"rendered":""},"modified":"2025-06-24T18:52:11","modified_gmt":"2025-06-24T16:52:11","slug":"ut-echos-de-surface-surface-de-type-vague-de-meulage","status":"publish","type":"page","link":"https:\/\/www.extende.com\/fr\/la-simulation-cnd\/documentation\/validation-experimentale-des-modeles-civa\/validation-experimentale-des-modeles-civa-en-ultrasons\/ultrasons-echos-de-geometrie\/ut-echos-de-geometrie-echos-de-surface\/ut-echos-de-surface-surface-de-type-vague-de-meulage\/","title":{"rendered":"UT &#8211; Echos de surface : Surface de type vague de meulage"},"content":{"rendered":"<p>Le capteur lin\u00e9aire de dimension 6,55 mm x 5 mm, dont les caract\u00e9ristiques sont rappel\u00e9es dans le tableau ci-dessous, est utilis\u00e9 pour mesurer l\u2019\u00e9cho de surface sur une pi\u00e8ce de surface complexe de profil connu.<\/p>\n<\/p>\n<p>\u00a0<\/p>\n<\/p>\n<table align=\"center\" border=\"1\" cellpadding=\"1\" cellspacing=\"1\" style=\"width: 500px;\">\n<tbody>\n<tr>\n<th>\u00d8 Pastille (mm)<\/th>\n<th>Mode<\/th>\n<th>Fr\u00e9quence d&rsquo;entr\u00e9e (MHz)<\/th>\n<th>Bande passante (%)<\/th>\n<th>Phase (\u00b0)<\/th>\n<\/tr>\n<tr>\n<td align=\"center\">Lin\u00e9aire (32 \u00e9lts)<\/td>\n<td align=\"center\">L0\u00b0<\/td>\n<td align=\"center\">10<\/td>\n<td align=\"center\">55<\/td>\n<td align=\"center\">290<\/td>\n<\/tr>\n<\/tbody>\n<\/table>\n<p>\u00a0<\/p>\n<\/p>\n<p>La g\u00e9om\u00e9trie de la pi\u00e8ce pr\u00e9sente une \u00ab\u00a0vague de meulage\u00a0\u00bb, illustr\u00e9e sur la figure suivante.<\/p>\n<\/p>\n<p>\u00a0<\/p>\n<\/p>\n<p style=\"text-align: center;\"><a class=\"mediabox\" href=\"https:\/\/www.extende.com\/wp-content\/uploads\/Echogeo_FR_20.png\" title=\"\"><img decoding=\"async\" alt=\"\" class=\"mediabox alignnone wp-image-4335\" src=\"https:\/\/www.extende.com\/wp-content\/uploads\/Echogeo_FR_20.png\" title=\"\" width=\"400\" srcset=\"https:\/\/www.extende.com\/wp-content\/uploads\/Echogeo_FR_20.png 1008w, https:\/\/www.extende.com\/wp-content\/uploads\/Echogeo_FR_20-300x180.png 300w, https:\/\/www.extende.com\/wp-content\/uploads\/Echogeo_FR_20-768x461.png 768w, https:\/\/www.extende.com\/wp-content\/uploads\/Echogeo_FR_20-600x360.png 600w\" sizes=\"(max-width: 1008px) 100vw, 1008px\" \/><\/a><\/p>\n<\/p>\n<p>\u00a0<\/p>\n<\/p>\n<p>Des lois de type \u00ab\u00a0d\u00e9viation angulaire\u00a0\u00bb et \u00ab\u00a0focalisation en diff\u00e9rents points\u00a0\u00bb ont \u00e9t\u00e9 appliqu\u00e9es au capteur. Un balayage m\u00e9canique a \u00e9t\u00e9 r\u00e9alis\u00e9 au-dessus du profil complexe en conservant une altitude constante du traducteur par rapport \u00e0 la partie plane de la pi\u00e8ce.<\/p>\n<\/p>\n<p>Le profil a \u00e9t\u00e9 d\u00e9coup\u00e9 de deux mani\u00e8res diff\u00e9rentes\u00a0: en 325 entit\u00e9s (profil \u00ab\u00a0pr\u00e9cis\u00a0\u00bb) et en 35 entit\u00e9s (profil \u00ab filtr\u00e9 \u00bb).<\/p>\n<\/p>\n<p>Afin d\u2019\u00e9valuer l\u2019effet de la pr\u00e9cision de la description du profil sur l\u2019amplitude de l\u2019\u00e9cho de surface simul\u00e9, deux simulations pour les deux descriptions diff\u00e9rentes du profil ont \u00e9t\u00e9 r\u00e9alis\u00e9es.<\/p>\n<\/p>\n<p>\u00a0<\/p>\n<\/p>\n<h2 class=\"titre-accordeon\">lois de d\u00e9viation angulaire autour de L0\u00b0<\/h2>\n<\/p>\n<p>L\u2019\u00e9cho de surface a \u00e9t\u00e9 mesur\u00e9 pour des lois de d\u00e9viations angulaires de 0\u00b0 \u00e0 10\u00b0, par pas de 2 mm, pour une hauteur d\u2019eau de 50 mm et les 32 \u00e9l\u00e9ments actifs. La figure ci-dessous montre des exemples de champs rayonn\u00e9s.<\/p>\n<\/p>\n<p>\u00a0<\/p>\n<\/p>\n<p style=\"text-align: center;\"><a class=\"mediabox\" href=\"https:\/\/www.extende.com\/wp-content\/uploads\/Echogeo_FR_22.png\" title=\"\"><img decoding=\"async\" alt=\"\" class=\"mediabox alignnone wp-image-4336\" src=\"https:\/\/www.extende.com\/wp-content\/uploads\/Echogeo_FR_22.png\" title=\"\" width=\"400\" srcset=\"https:\/\/www.extende.com\/wp-content\/uploads\/Echogeo_FR_22.png 1481w, https:\/\/www.extende.com\/wp-content\/uploads\/Echogeo_FR_22-300x91.png 300w, https:\/\/www.extende.com\/wp-content\/uploads\/Echogeo_FR_22-1024x311.png 1024w, https:\/\/www.extende.com\/wp-content\/uploads\/Echogeo_FR_22-768x233.png 768w, https:\/\/www.extende.com\/wp-content\/uploads\/Echogeo_FR_22-600x182.png 600w, https:\/\/www.extende.com\/wp-content\/uploads\/Echogeo_FR_22-1400x425.png 1400w\" sizes=\"(max-width: 1481px) 100vw, 1481px\" \/><\/a><\/p>\n<\/p>\n<p>\u00a0<\/p>\n<\/p>\n<p>Tous les r\u00e9sultats suivants sont \u00e9talonn\u00e9s \u00e0 partir d\u2019un \u00e9cho de surface pour une loi de retard nul et une hauteur d\u2019eau de 50 mm.<\/p>\n<\/p>\n<p>\u00a0<\/p>\n<\/p>\n<p style=\"text-align: center;\"><a class=\"mediabox\" href=\"https:\/\/www.extende.com\/wp-content\/uploads\/Echogeo_FR_105.png\" title=\"\"><img decoding=\"async\" alt=\"\" class=\"mediabox alignnone wp-image-4337\" src=\"https:\/\/www.extende.com\/wp-content\/uploads\/Echogeo_FR_105.png\" title=\"\" width=\"400\" srcset=\"https:\/\/www.extende.com\/wp-content\/uploads\/Echogeo_FR_105.png 971w, https:\/\/www.extende.com\/wp-content\/uploads\/Echogeo_FR_105-277x300.png 277w, https:\/\/www.extende.com\/wp-content\/uploads\/Echogeo_FR_105-947x1024.png 947w, https:\/\/www.extende.com\/wp-content\/uploads\/Echogeo_FR_105-768x830.png 768w, https:\/\/www.extende.com\/wp-content\/uploads\/Echogeo_FR_105-600x649.png 600w\" sizes=\"(max-width: 971px) 100vw, 971px\" \/><\/a><\/p>\n<\/p>\n<p>\u00a0<\/p>\n<\/p>\n<p>Dans un premier temps, les amplitudes en fonction du balayage sont compar\u00e9es entre les deux mod\u00e8les de CIVA et la mesure pour le profil \u00ab\u00a0pr\u00e9cis\u00a0\u00bb uniquement. Dans un deuxi\u00e8me temps, les profils \u00ab\u00a0filtr\u00e9s\u00a0\u00bb et \u00ab\u00a0pr\u00e9cis\u00a0\u00bb en sp\u00e9culaires sont compar\u00e9s \u00e0 la mesure.<\/p>\n<\/p>\n<p>\u00a0<\/p>\n<\/p>\n<h3 class=\"titre-paragraphe\">Comparaison des mod\u00e8les Kirchhoff et Sp\u00e9culaire avec la mesure pour le profil \u00ab\u00a0pr\u00e9cis\u00a0\u00bb<\/h3>\n<\/p>\n<p>\u00a0<\/p>\n<\/p>\n<p style=\"text-align: center;\"><a class=\"mediabox\" href=\"https:\/\/www.extende.com\/wp-content\/uploads\/Echogeo_FR_23.png\" title=\"\"><img decoding=\"async\" alt=\"\" class=\"mediabox alignnone wp-image-4338\" src=\"https:\/\/www.extende.com\/wp-content\/uploads\/Echogeo_FR_23.png\" title=\"\" width=\"400\" srcset=\"https:\/\/www.extende.com\/wp-content\/uploads\/Echogeo_FR_23.png 1409w, https:\/\/www.extende.com\/wp-content\/uploads\/Echogeo_FR_23-300x226.png 300w, https:\/\/www.extende.com\/wp-content\/uploads\/Echogeo_FR_23-1024x772.png 1024w, https:\/\/www.extende.com\/wp-content\/uploads\/Echogeo_FR_23-768x579.png 768w, https:\/\/www.extende.com\/wp-content\/uploads\/Echogeo_FR_23-600x452.png 600w, https:\/\/www.extende.com\/wp-content\/uploads\/Echogeo_FR_23-1400x1055.png 1400w\" sizes=\"(max-width: 1409px) 100vw, 1409px\" \/><\/a><\/p>\n<\/p>\n<p>\u00a0<\/p>\n<\/p>\n<p>Le mod\u00e8le de Kirchhoff ne pr\u00e9sente un bon accord avec les mesures que sur la partie plane du profil pour les d\u00e9viations angulaires de 0\u00b0 et 4\u00b0. Pour 10\u00b0 l\u2019\u00e9cart atteint 6 dB et sur le profil complexe, quelle que soit la d\u00e9viation angulaire l\u2019\u00e9cart maximum est de 15 dB lorsque le traducteur est situ\u00e9 au niveau de la \u00ab\u00a0cuvette\u00a0\u00bb.<\/p>\n<\/p>\n<p>En revanche, le mod\u00e8le sp\u00e9culaire pr\u00e9dit relativement bien les amplitudes avec un \u00e9cart maximal de 4 dB sur la d\u00e9viation angulaire la plus grande (10\u00b0). Cette comparaison montre clairement l\u2019am\u00e9lioration apport\u00e9e par\u00a0le mod\u00e8le sp\u00e9culaire.<\/p>\n<\/p>\n<p>\u00a0<\/p>\n<\/p>\n<h3 class=\"titre-paragraphe\">Comparaison des profils \u00a0\u00ab\u00a0pr\u00e9cis\u00a0\u00bb et \u00ab\u00a0filtr\u00e9\u00a0\u00bb avec la mesure pour le mod\u00e8le sp\u00e9culaire<\/h3>\n<\/p>\n<p>Maintenant qu\u2019il a \u00e9t\u00e9 montr\u00e9 que le mod\u00e8le sp\u00e9culaire donne de bien meilleurs r\u00e9sultats dans le cas d\u2019une surface complexe, la finesse de la description du profil g\u00e9om\u00e9trique est ici \u00e9valu\u00e9e. Dans les courbes \u00e9chodynamiques suivantes, les amplitudes des profils \u00ab\u00a0pr\u00e9cis\u00a0\u00bb, \u00ab\u00a0filtr\u00e9\u00a0\u00bb et mesur\u00e9s sont compar\u00e9s dans le cas du mod\u00e8le sp\u00e9culaire pour les d\u00e9viations angulaires de 0\u00b0, 2\u00b0, 4\u00b0, 6\u00b0, 8\u00b0 et 10\u00b0.<\/p>\n<\/p>\n<p>\u00a0<\/p>\n<\/p>\n<p style=\"text-align: center;\"><a class=\"mediabox\" href=\"https:\/\/www.extende.com\/wp-content\/uploads\/Echogeo_FR_24.png\" title=\"\"><img decoding=\"async\" alt=\"\" class=\"mediabox alignnone wp-image-4339\" src=\"https:\/\/www.extende.com\/wp-content\/uploads\/Echogeo_FR_24.png\" title=\"\" width=\"400\" srcset=\"https:\/\/www.extende.com\/wp-content\/uploads\/Echogeo_FR_24.png 1412w, https:\/\/www.extende.com\/wp-content\/uploads\/Echogeo_FR_24-300x245.png 300w, https:\/\/www.extende.com\/wp-content\/uploads\/Echogeo_FR_24-1024x835.png 1024w, https:\/\/www.extende.com\/wp-content\/uploads\/Echogeo_FR_24-768x627.png 768w, https:\/\/www.extende.com\/wp-content\/uploads\/Echogeo_FR_24-600x490.png 600w, https:\/\/www.extende.com\/wp-content\/uploads\/Echogeo_FR_24-1400x1142.png 1400w\" sizes=\"(max-width: 1412px) 100vw, 1412px\" \/><\/a><\/p>\n<\/p>\n<p style=\"text-align: center;\"><a class=\"mediabox\" href=\"https:\/\/www.extende.com\/wp-content\/uploads\/Echogeo_FR_25.png\" title=\"\"><img decoding=\"async\" alt=\"\" class=\"mediabox alignnone wp-image-4340\" src=\"https:\/\/www.extende.com\/wp-content\/uploads\/Echogeo_FR_25.png\" title=\"\" width=\"400\" srcset=\"https:\/\/www.extende.com\/wp-content\/uploads\/Echogeo_FR_25.png 1414w, https:\/\/www.extende.com\/wp-content\/uploads\/Echogeo_FR_25-300x239.png 300w, https:\/\/www.extende.com\/wp-content\/uploads\/Echogeo_FR_25-1024x815.png 1024w, https:\/\/www.extende.com\/wp-content\/uploads\/Echogeo_FR_25-768x612.png 768w, https:\/\/www.extende.com\/wp-content\/uploads\/Echogeo_FR_25-600x478.png 600w, https:\/\/www.extende.com\/wp-content\/uploads\/Echogeo_FR_25-1400x1115.png 1400w\" sizes=\"(max-width: 1414px) 100vw, 1414px\" \/><\/a><\/p>\n<\/p>\n<p>\u00a0<\/p>\n<\/p>\n<p>Les r\u00e9sultats obtenus avec le profil \u00ab\u00a0pr\u00e9cis\u00a0\u00bb semblent l\u00e9g\u00e8rement plus proches de la mesures pour les d\u00e9viations angulaires de 0\u00b0 et 2\u00b0,\u00a0 mais de mani\u00e8re g\u00e9n\u00e9rale les deux descriptions donnent des amplitudes relativement similaires et proches de la mesure. Il est difficile de conclure sur la description de profil la plus pertinente.<\/p>\n<\/p>\n<p>\u00a0<\/p>\n<\/p>\n<h3 class=\"titre-paragraphe\">Comparaison des Ascans du profil \u00a0\u00ab\u00a0pr\u00e9cis\u00a0\u00bb en sp\u00e9culaire avec ceux de la mesure<\/h3>\n<\/p>\n<p>Pour trois positions de la surface de la cale, not\u00e9es 1, 2 et 3, correspondant respectivement \u00e0 la partie plane, \u00e0 la pente et \u00e0 la \u00ab\u00a0cuvette\u00a0\u00bb de la pi\u00e8ce, les Ascans en profil \u00ab\u00a0pr\u00e9cis\u00a0\u00bb et mod\u00e8le sp\u00e9culaire sont compar\u00e9s aux Ascans des mesures.<\/p>\n<\/p>\n<p>\u00a0<\/p>\n<\/p>\n<p style=\"text-align: center;\"><a class=\"mediabox\" href=\"https:\/\/www.extende.com\/wp-content\/uploads\/Echogeo_FR_26-scaled.png\" title=\"\"><img decoding=\"async\" alt=\"\" class=\"mediabox alignnone wp-image-4341\" src=\"https:\/\/www.extende.com\/wp-content\/uploads\/Echogeo_FR_26-scaled.png\" title=\"\" width=\"400\" srcset=\"https:\/\/www.extende.com\/wp-content\/uploads\/Echogeo_FR_26-scaled.png 1600w, https:\/\/www.extende.com\/wp-content\/uploads\/Echogeo_FR_26-300x238.png 300w, https:\/\/www.extende.com\/wp-content\/uploads\/Echogeo_FR_26-1024x813.png 1024w, https:\/\/www.extende.com\/wp-content\/uploads\/Echogeo_FR_26-768x610.png 768w, https:\/\/www.extende.com\/wp-content\/uploads\/Echogeo_FR_26-1536x1219.png 1536w, https:\/\/www.extende.com\/wp-content\/uploads\/Echogeo_FR_26-600x476.png 600w, https:\/\/www.extende.com\/wp-content\/uploads\/Echogeo_FR_26-1400x1111.png 1400w\" sizes=\"(max-width: 1600px) 100vw, 1600px\" \/><\/a><\/p>\n<\/p>\n<p>\u00a0<\/p>\n<\/p>\n<p>Pour les parties planes et en pente (positions 1 et 2), le mod\u00e8le sp\u00e9culaire pr\u00e9dit bien les amplitudes, pour la partie \u00ab\u00a0cuvette\u00a0\u00bb (position 3), l\u2019accord est un peu moins bon.<\/p>\n<\/p>\n<h2 class=\"titre-accordeon\">lois de focalisation en diff\u00e9rents points, L0\u00b0<\/h2>\n<\/p>\n<p>L\u2019\u00e9cho de surface a \u00e9t\u00e9 mesur\u00e9 pour des lois de focalisation en diff\u00e9rents points situ\u00e9s selon l\u2019axe L0\u00b0 \u00e0 des profondeurs de 0,1 mm \u00e0 30 mm par pas de 2,5 mm, \u00e0 partir de la surface plane. La hauteur d\u2019eau du capteur est de 50 mm et tous les 32 \u00e9l\u00e9ments sont actifs. Des exemples de champs rayonn\u00e9s sont pr\u00e9sent\u00e9s ci-dessous.<\/p>\n<\/p>\n<p>\u00a0<\/p>\n<\/p>\n<p style=\"text-align: center;\"><a class=\"mediabox\" href=\"https:\/\/www.extende.com\/wp-content\/uploads\/Echogeo_FR_27.png\" title=\"\"><img decoding=\"async\" alt=\"\" class=\"mediabox alignnone wp-image-4342\" src=\"https:\/\/www.extende.com\/wp-content\/uploads\/Echogeo_FR_27.png\" title=\"\" width=\"400\" srcset=\"https:\/\/www.extende.com\/wp-content\/uploads\/Echogeo_FR_27.png 1414w, https:\/\/www.extende.com\/wp-content\/uploads\/Echogeo_FR_27-300x123.png 300w, https:\/\/www.extende.com\/wp-content\/uploads\/Echogeo_FR_27-1024x419.png 1024w, https:\/\/www.extende.com\/wp-content\/uploads\/Echogeo_FR_27-768x314.png 768w, https:\/\/www.extende.com\/wp-content\/uploads\/Echogeo_FR_27-600x245.png 600w, https:\/\/www.extende.com\/wp-content\/uploads\/Echogeo_FR_27-1400x572.png 1400w\" sizes=\"(max-width: 1414px) 100vw, 1414px\" \/><\/a><\/p>\n<\/p>\n<p>\u00a0<\/p>\n<\/p>\n<p>Dans cette \u00e9tude, seuls les r\u00e9sultats du mod\u00e8le sp\u00e9culaire sont compar\u00e9s avec les mesures.<\/p>\n<\/p>\n<p>\u00a0<\/p>\n<\/p>\n<h3 class=\"titre-paragraphe\">Comparaison des profils \u00a0\u00ab\u00a0pr\u00e9cis\u00a0\u00bb et \u00ab\u00a0filtr\u00e9\u00a0\u00bb avec la mesure pour le mod\u00e8le sp\u00e9culaire<\/h3>\n<\/p>\n<p>Les r\u00e9sultats suivants sont \u00e9talonn\u00e9s sur un \u00e9cho de surface avec une loi de focalisation nulle et une hauteur d\u2019eau de 50 mm.\u00a0<\/p>\n<\/p>\n<p>\u00a0<\/p>\n<\/p>\n<p style=\"text-align: center;\"><a class=\"mediabox\" href=\"https:\/\/www.extende.com\/wp-content\/uploads\/Echogeo_FR_106.png\" title=\"\"><img decoding=\"async\" alt=\"\" class=\"mediabox alignnone wp-image-4343\" src=\"https:\/\/www.extende.com\/wp-content\/uploads\/Echogeo_FR_106.png\" title=\"\" width=\"400\" srcset=\"https:\/\/www.extende.com\/wp-content\/uploads\/Echogeo_FR_106.png 813w, https:\/\/www.extende.com\/wp-content\/uploads\/Echogeo_FR_106-217x300.png 217w, https:\/\/www.extende.com\/wp-content\/uploads\/Echogeo_FR_106-740x1024.png 740w, https:\/\/www.extende.com\/wp-content\/uploads\/Echogeo_FR_106-768x1063.png 768w, https:\/\/www.extende.com\/wp-content\/uploads\/Echogeo_FR_106-600x830.png 600w\" sizes=\"(max-width: 813px) 100vw, 813px\" \/><\/a><\/p>\n<\/p>\n<p style=\"text-align: center;\"><a class=\"mediabox\" href=\"https:\/\/www.extende.com\/wp-content\/uploads\/Echogeo_FR_28.png\" title=\"\"><img decoding=\"async\" alt=\"\" class=\"mediabox alignnone wp-image-4344\" src=\"https:\/\/www.extende.com\/wp-content\/uploads\/Echogeo_FR_28.png\" title=\"\" width=\"400\" srcset=\"https:\/\/www.extende.com\/wp-content\/uploads\/Echogeo_FR_28.png 1397w, https:\/\/www.extende.com\/wp-content\/uploads\/Echogeo_FR_28-300x231.png 300w, https:\/\/www.extende.com\/wp-content\/uploads\/Echogeo_FR_28-1024x789.png 1024w, https:\/\/www.extende.com\/wp-content\/uploads\/Echogeo_FR_28-768x592.png 768w, https:\/\/www.extende.com\/wp-content\/uploads\/Echogeo_FR_28-600x462.png 600w\" sizes=\"(max-width: 1397px) 100vw, 1397px\" \/><\/a><\/p>\n<\/p>\n<p style=\"text-align: center;\"><a class=\"mediabox\" href=\"https:\/\/www.extende.com\/wp-content\/uploads\/Echogeo_FR_29.png\" title=\"\"><img decoding=\"async\" alt=\"\" class=\"mediabox alignnone wp-image-4345\" src=\"https:\/\/www.extende.com\/wp-content\/uploads\/Echogeo_FR_29.png\" title=\"\" width=\"400\" srcset=\"https:\/\/www.extende.com\/wp-content\/uploads\/Echogeo_FR_29.png 1382w, https:\/\/www.extende.com\/wp-content\/uploads\/Echogeo_FR_29-300x226.png 300w, https:\/\/www.extende.com\/wp-content\/uploads\/Echogeo_FR_29-1024x773.png 1024w, https:\/\/www.extende.com\/wp-content\/uploads\/Echogeo_FR_29-768x580.png 768w, https:\/\/www.extende.com\/wp-content\/uploads\/Echogeo_FR_29-600x453.png 600w\" sizes=\"(max-width: 1382px) 100vw, 1382px\" \/><\/a><\/p>\n<\/p>\n<p>\u00a0<\/p>\n<\/p>\n<p>Les \u00e9carts entre la simulation et la mesure de plus de 2 dB sont entour\u00e9s en violet sur les graphes ci-dessus. L\u2019\u00e9cart maximal atteint 6 dB pour le profil exact en surface.\u00a0 Mais comme pr\u00e9c\u00e9demment les deux mod\u00e8les sont\u00a0 proches l\u2019un de l\u2019autre, et pr\u00e9disent de relativement bons r\u00e9sultats par rapport aux mesures. Il est difficile de trancher sur la description de profil la plus pertinente, car les \u00e9carts par rapport aux mesures n\u2019apparaissent pas aux m\u00eames positions du capteur.<\/p>\n<\/p>\n<p>\u00a0<\/p>\n<\/p>\n<h3 class=\"titre-paragraphe\">Comparaison des Ascans du profil \u00a0\u00ab\u00a0pr\u00e9cis\u00a0\u00bb en sp\u00e9culaire avec ceux de la mesure<\/h3>\n<\/p>\n<p>Comme pr\u00e9c\u00e9demment, pour trois positions de la surface de la cale, not\u00e9es 1, 2 et 3, correspondant respectivement \u00e0 la partie plane, \u00e0 la pente et \u00e0 la \u00ab\u00a0cuvette\u00a0\u00bb de la pi\u00e8ce, les Ascans en profil \u00ab\u00a0pr\u00e9cis\u00a0\u00bb et mod\u00e8le sp\u00e9culaire sont compar\u00e9s aux Ascans des mesures.<\/p>\n<\/p>\n<p>\u00a0<\/p>\n<\/p>\n<p style=\"text-align: center;\"><a class=\"mediabox\" href=\"https:\/\/www.extende.com\/wp-content\/uploads\/Echogeo_FR_30-scaled.png\" title=\"\"><img decoding=\"async\" alt=\"\" class=\"mediabox alignnone wp-image-4346\" src=\"https:\/\/www.extende.com\/wp-content\/uploads\/Echogeo_FR_30-scaled.png\" title=\"\" width=\"400\" srcset=\"https:\/\/www.extende.com\/wp-content\/uploads\/Echogeo_FR_30-scaled.png 1600w, https:\/\/www.extende.com\/wp-content\/uploads\/Echogeo_FR_30-300x217.png 300w, https:\/\/www.extende.com\/wp-content\/uploads\/Echogeo_FR_30-1024x741.png 1024w, https:\/\/www.extende.com\/wp-content\/uploads\/Echogeo_FR_30-768x556.png 768w, https:\/\/www.extende.com\/wp-content\/uploads\/Echogeo_FR_30-1536x1112.png 1536w, https:\/\/www.extende.com\/wp-content\/uploads\/Echogeo_FR_30-600x434.png 600w, https:\/\/www.extende.com\/wp-content\/uploads\/Echogeo_FR_30-1400x1014.png 1400w\" sizes=\"(max-width: 1600px) 100vw, 1600px\" \/><\/a><\/p>\n<\/p>\n<p>\u00a0<\/p>\n<\/p>\n<p>Globalement, les trois positions pr\u00e9sentent un bon accord avec les mesures.<\/p>\n<\/p>\n<p>\u00a0<\/p>\n<\/p>\n<p>Continuer vers <a class=\"lien\" href=\"https:\/\/www.extende.com\/fr\/la-simulation-cnd\/documentation\/validation-experimentale-des-modeles-civa\/validation-experimentale-des-modeles-civa-en-ultrasons\/ultrasons-echos-de-geometrie\/ut-echos-de-geometrie-echos-de-surface\/ut-echos-de-surface-surface-de-type-bourrelet-de-soudure\/\" target=\"_self\">Surface de type bourrelet de soudure<\/a><\/p>\n<\/p>\n<p>Retourner au menu <a class=\"lien\" href=\"https:\/\/www.extende.com\/fr\/la-simulation-cnd\/documentation\/validation-experimentale-des-modeles-civa\/validation-experimentale-des-modeles-civa-en-ultrasons\/ultrasons-echos-de-geometrie\/ut-echos-de-geometrie-echos-de-surface\/\" target=\"_self\">Echos de surface<\/a><\/p>\n<\/p>\n<p>Retourner au menu <a class=\"lien\" href=\"https:\/\/www.extende.com\/fr\/la-simulation-cnd\/documentation\/validation-experimentale-des-modeles-civa\/validation-experimentale-des-modeles-civa-en-ultrasons\/ultrasons-echos-de-geometrie\/\" target=\"_self\">Echos de g\u00e9om\u00e9trie<\/a><\/p><\/p>\n","protected":false},"excerpt":{"rendered":"<p>Validation exp\u00e9rimentale et caract\u00e9risation des mod\u00e8les Ultrasons de CIVA, \u00e9chos de pi\u00e8ces, surface, de g\u00e9om\u00e9trie, logiciel de simulation CND<\/p>\n","protected":false},"author":0,"featured_media":0,"parent":3434,"menu_order":4,"comment_status":"closed","ping_status":"closed","template":"templates\/page--extende.html.php","meta":{"_acf_changed":false,"footnotes":""},"class_list":["post-4347","page","type-page","status-publish","hentry"],"acf":[],"_links":{"self":[{"href":"https:\/\/www.extende.com\/fr\/wp-json\/wp\/v2\/pages\/4347","targetHints":{"allow":["GET"]}}],"collection":[{"href":"https:\/\/www.extende.com\/fr\/wp-json\/wp\/v2\/pages"}],"about":[{"href":"https:\/\/www.extende.com\/fr\/wp-json\/wp\/v2\/types\/page"}],"replies":[{"embeddable":true,"href":"https:\/\/www.extende.com\/fr\/wp-json\/wp\/v2\/comments?post=4347"}],"version-history":[{"count":1,"href":"https:\/\/www.extende.com\/fr\/wp-json\/wp\/v2\/pages\/4347\/revisions"}],"predecessor-version":[{"id":5562,"href":"https:\/\/www.extende.com\/fr\/wp-json\/wp\/v2\/pages\/4347\/revisions\/5562"}],"up":[{"embeddable":true,"href":"https:\/\/www.extende.com\/fr\/wp-json\/wp\/v2\/pages\/3434"}],"wp:attachment":[{"href":"https:\/\/www.extende.com\/fr\/wp-json\/wp\/v2\/media?parent=4347"}],"curies":[{"name":"wp","href":"https:\/\/api.w.org\/{rel}","templated":true}]}}