{"id":4352,"date":"2025-06-24T18:38:21","date_gmt":"2025-06-24T16:38:21","guid":{"rendered":""},"modified":"2025-06-24T18:52:11","modified_gmt":"2025-06-24T16:52:11","slug":"ut-echos-de-surface-surface-de-type-bourrelet-de-soudure","status":"publish","type":"page","link":"https:\/\/www.extende.com\/fr\/la-simulation-cnd\/documentation\/validation-experimentale-des-modeles-civa\/validation-experimentale-des-modeles-civa-en-ultrasons\/ultrasons-echos-de-geometrie\/ut-echos-de-geometrie-echos-de-surface\/ut-echos-de-surface-surface-de-type-bourrelet-de-soudure\/","title":{"rendered":"UT &#8211; Echos de surface : Surface de type bourrelet de soudure"},"content":{"rendered":"<p>Dans cette \u00e9tude, l\u2019influence de la pr\u00e9cision du calcul pour les deux mod\u00e8les de CIVA est \u00e9valu\u00e9e. L\u2019\u00e9cho de surface d\u2019un \u00ab\u00a0bourrelet de soudure\u00a0\u00bb est mesur\u00e9 avec un capteur en immersion, focalis\u00e9 gr\u00e2ce \u00e0 une lentille de 108 mm de rayon, pr\u00e9sentant les caract\u00e9ristiques suivantes\u00a0:<\/p>\n<\/p>\n<p>\u00a0<\/p>\n<\/p>\n<table align=\"center\" border=\"1\" cellpadding=\"1\" cellspacing=\"1\" style=\"width: 500px;\">\n<tbody>\n<tr>\n<th>\u00d8 Pastille (mm)<\/th>\n<th>Mode<\/th>\n<th>Fr\u00e9quence d&rsquo;entr\u00e9e (MHz)<\/th>\n<th>Bande passante (%)<\/th>\n<th>Phase (\u00b0)<\/th>\n<\/tr>\n<tr>\n<td align=\"center\">60 (focalis\u00e9)<\/td>\n<td align=\"center\">L0\u00b0<\/td>\n<td align=\"center\">1<\/td>\n<td align=\"center\">41<\/td>\n<td align=\"center\">0<\/td>\n<\/tr>\n<\/tbody>\n<\/table>\n<p>\u00a0<\/p>\n<\/p>\n<p>La pi\u00e8ce inspect\u00e9e, ainsi qu\u2019un Bscan mesur\u00e9 exp\u00e9rimentalement issu de la th\u00e8se de J. Nadal (\u00ab\u00a0simulation d\u2019un contr\u00f4le par ultrasons focalis\u00e9s d\u2019une pi\u00e8ce d\u2019acier rev\u00eatue\u00a0\u00bb, 1996) sont pr\u00e9sent\u00e9s ci-dessous.<\/p>\n<\/p>\n<p>\u00a0<\/p>\n<\/p>\n<p style=\"text-align: center;\"><a class=\"mediabox\" href=\"https:\/\/www.extende.com\/wp-content\/uploads\/Echogeo_FR_102.png\" title=\"\"><img decoding=\"async\" alt=\"\" class=\"mediabox alignnone wp-image-4351\" src=\"https:\/\/www.extende.com\/wp-content\/uploads\/Echogeo_FR_102.png\" title=\"\" width=\"400\" srcset=\"https:\/\/www.extende.com\/wp-content\/uploads\/Echogeo_FR_102.png 1024w, https:\/\/www.extende.com\/wp-content\/uploads\/Echogeo_FR_102-300x114.png 300w, https:\/\/www.extende.com\/wp-content\/uploads\/Echogeo_FR_102-768x292.png 768w, https:\/\/www.extende.com\/wp-content\/uploads\/Echogeo_FR_102-600x228.png 600w\" sizes=\"(max-width: 1024px) 100vw, 1024px\" \/><\/a><\/p>\n<\/p>\n<p>\u00a0<\/p>\n<\/p>\n<p>Des simulations sont effectu\u00e9es avec les deux mod\u00e8les de CIVA, et pour chaque mod\u00e8le deux jeux de pr\u00e9cisions sont appliqu\u00e9s, 1 et 1 ainsi que 10 et 10.<\/p>\n<\/p>\n<p>\u00a0<\/p>\n<\/p>\n<p style=\"text-align: center;\"><a class=\"mediabox\" href=\"https:\/\/www.extende.com\/wp-content\/uploads\/Echogeo_FR_113_US.png\" title=\"\"><img decoding=\"async\" alt=\"\" class=\"mediabox alignnone wp-image-4349\" src=\"https:\/\/www.extende.com\/wp-content\/uploads\/Echogeo_FR_113_US.png\" title=\"\" width=\"400\" srcset=\"https:\/\/www.extende.com\/wp-content\/uploads\/Echogeo_FR_113_US.png 1031w, https:\/\/www.extende.com\/wp-content\/uploads\/Echogeo_FR_113_US-300x142.png 300w, https:\/\/www.extende.com\/wp-content\/uploads\/Echogeo_FR_113_US-1024x484.png 1024w, https:\/\/www.extende.com\/wp-content\/uploads\/Echogeo_FR_113_US-768x363.png 768w, https:\/\/www.extende.com\/wp-content\/uploads\/Echogeo_FR_113_US-600x283.png 600w\" sizes=\"(max-width: 1031px) 100vw, 1031px\" \/><\/a><\/p>\n<\/p>\n<p>\u00a0<\/p>\n<\/p>\n<p>Dans le cas du mod\u00e8le de Kirchhoff, on observe une diff\u00e9rence notable sur les allures des Bscans correspondant \u00e0 des jeux de pr\u00e9cisions diff\u00e9rents. Ceci se traduit par un \u00e9cart de 2,5 dB sur les amplitudes du Ascan comparant les deux pr\u00e9cisions. De plus, m\u00eame avec une pr\u00e9cision \u00e9lev\u00e9e, on ne retrouve pas sur le Bscan simul\u00e9 de l\u2019\u00e9cho de surface toutes les contributions observ\u00e9es sur le Bscan exp\u00e9rimental, notamment le d\u00e9doublement de l\u2019\u00e9cho de la partie plane.<\/p>\n<\/p>\n<p>Le mod\u00e8le sp\u00e9culaire quant \u00e0 lui n\u2019est quasiment pas sensible au changement de pr\u00e9cision. En revanche, l\u2019allure du Bscan est consid\u00e9rablement diff\u00e9rente de celle du Bscan exp\u00e9rimental. Ceci est d\u00fb au fait que le mod\u00e8le sp\u00e9culaire ne prend pas en compte les ph\u00e9nom\u00e8nes de diffraction, ce qui constitue une limite de ce mod\u00e8le.<\/p>\n<\/p>\n<p>\u00a0<\/p>\n<\/p>\n<p>Retourner au menu <a class=\"lien\" href=\"https:\/\/www.extende.com\/fr\/la-simulation-cnd\/documentation\/validation-experimentale-des-modeles-civa\/validation-experimentale-des-modeles-civa-en-ultrasons\/ultrasons-echos-de-geometrie\/ut-echos-de-geometrie-echos-de-surface\/\" target=\"_self\">Echos de surface<\/a><\/p>\n<\/p>\n<p>Retourner au menu <a class=\"lien\" href=\"https:\/\/www.extende.com\/fr\/la-simulation-cnd\/documentation\/validation-experimentale-des-modeles-civa\/validation-experimentale-des-modeles-civa-en-ultrasons\/ultrasons-echos-de-geometrie\/\" target=\"_self\">Echos de g\u00e9om\u00e9trie<\/a><\/p><\/p>\n","protected":false},"excerpt":{"rendered":"<p>Validation exp\u00e9rimentale et caract\u00e9risation des mod\u00e8les Ultrasons de CIVA, \u00e9chos de pi\u00e8ces, surface, de g\u00e9om\u00e9trie, logiciel de simulation CND<\/p>\n","protected":false},"author":0,"featured_media":0,"parent":3434,"menu_order":5,"comment_status":"closed","ping_status":"closed","template":"templates\/page--extende.html.php","meta":{"_acf_changed":false,"footnotes":""},"class_list":["post-4352","page","type-page","status-publish","hentry"],"acf":[],"_links":{"self":[{"href":"https:\/\/www.extende.com\/fr\/wp-json\/wp\/v2\/pages\/4352","targetHints":{"allow":["GET"]}}],"collection":[{"href":"https:\/\/www.extende.com\/fr\/wp-json\/wp\/v2\/pages"}],"about":[{"href":"https:\/\/www.extende.com\/fr\/wp-json\/wp\/v2\/types\/page"}],"replies":[{"embeddable":true,"href":"https:\/\/www.extende.com\/fr\/wp-json\/wp\/v2\/comments?post=4352"}],"version-history":[{"count":1,"href":"https:\/\/www.extende.com\/fr\/wp-json\/wp\/v2\/pages\/4352\/revisions"}],"predecessor-version":[{"id":5560,"href":"https:\/\/www.extende.com\/fr\/wp-json\/wp\/v2\/pages\/4352\/revisions\/5560"}],"up":[{"embeddable":true,"href":"https:\/\/www.extende.com\/fr\/wp-json\/wp\/v2\/pages\/3434"}],"wp:attachment":[{"href":"https:\/\/www.extende.com\/fr\/wp-json\/wp\/v2\/media?parent=4352"}],"curies":[{"name":"wp","href":"https:\/\/api.w.org\/{rel}","templated":true}]}}