{"id":4366,"date":"2025-06-24T18:38:33","date_gmt":"2025-06-24T16:38:33","guid":{"rendered":""},"modified":"2025-06-24T18:52:11","modified_gmt":"2025-06-24T16:52:11","slug":"ut-echos-de-fond-lois-de-focalisation-en-differents-points-a-l0","status":"publish","type":"page","link":"https:\/\/www.extende.com\/fr\/la-simulation-cnd\/documentation\/validation-experimentale-des-modeles-civa\/validation-experimentale-des-modeles-civa-en-ultrasons\/ultrasons-echos-de-geometrie\/ut-echos-de-geometrie-echos-de-fond\/ut-echos-de-fond-lois-de-focalisation-en-differents-points-a-l0\/","title":{"rendered":"UT &#8211; Echos de fond : Lois de focalisation en diff\u00e9rents points \u00e0 L0\u00b0"},"content":{"rendered":"<h2 class=\"titre-accordeon\">cale parall\u00e9l\u00e9pip\u00e9dique, capteur lin\u00e9aire, 3 MHz<\/h2>\n<\/p>\n<p>L\u2019\u00e9cho de fond d\u2019une cale parall\u00e9l\u00e9pip\u00e9dique est calcul\u00e9 avec le capteur lin\u00e9aire 64 \u00e9l\u00e9ments positionn\u00e9 parall\u00e8lement \u00e0 la surface de la pi\u00e8ce. Des lois de focalisation en diff\u00e9rents points se situant le long de l\u2019axe L0\u00b0, de 0,1 mm jusqu\u2019\u00e0 30 mm de profondeur par pas de 2,5 mm, sont appliqu\u00e9es.<\/p>\n<\/p>\n<p>Les r\u00e9sultats sont \u00e9talonn\u00e9s \u00e0 partir d\u2019un TFP de \u00d86 mm, situ\u00e9 \u00e0 150 mm de profondeur et une loi de retards nuls. Les amplitudes des 1<sup>er<\/sup> et 2<sup>\u00e8me<\/sup> \u00a0\u00e9chos de fond obtenus pour une loi de focalisation \u00e0 diff\u00e9rentes profondeurs, pour trois s\u00e9quences d\u2019\u00e9l\u00e9ments actifs et \u00e0 une hauteur d\u2019eau de 25 mm sont trac\u00e9es ci-dessous en noir pour la mesure exp\u00e9rimentale, en rouge plein pour les r\u00e9sultats du mod\u00e8le de Kirchhoff et en rouge pointill\u00e9 pour le mod\u00e8le sp\u00e9culaire.<\/p>\n<\/p>\n<p>\u00a0<\/p>\n<\/p>\n<p style=\"text-align: center;\"><a class=\"mediabox\" href=\"https:\/\/www.extende.com\/wp-content\/uploads\/Echogeo_Ampl_13.png\" title=\"\"><img decoding=\"async\" alt=\"\" class=\"mediabox alignnone wp-image-4361\" src=\"https:\/\/www.extende.com\/wp-content\/uploads\/Echogeo_Ampl_13.png\" title=\"\" width=\"400\" srcset=\"https:\/\/www.extende.com\/wp-content\/uploads\/Echogeo_Ampl_13.png 1031w, https:\/\/www.extende.com\/wp-content\/uploads\/Echogeo_Ampl_13-300x238.png 300w, https:\/\/www.extende.com\/wp-content\/uploads\/Echogeo_Ampl_13-1024x811.png 1024w, https:\/\/www.extende.com\/wp-content\/uploads\/Echogeo_Ampl_13-768x609.png 768w, https:\/\/www.extende.com\/wp-content\/uploads\/Echogeo_Ampl_13-600x475.png 600w\" sizes=\"(max-width: 1031px) 100vw, 1031px\" \/><\/a><\/p>\n<\/p>\n<p>\u00a0<\/p>\n<\/p>\n<p>Les deux mod\u00e8les de CIVA sont en accord avec la mesure en ce qui concerne les 1<sup>er<\/sup> et 2<sup>\u00e8me<\/sup> \u00e9chos de fond.<\/p>\n<\/p>\n<h2 class=\"titre-accordeon\">tube de grand rayon de courbure, capteur lin\u00e9aire, 10 MHz<\/h2>\n<\/p>\n<p>La pi\u00e8ce est un tube de diam\u00e8tre externe de 76 mm et d\u2019\u00e9paisseur de 7 mm. L\u2019\u00e9cho de fond du tube a \u00e9t\u00e9 mesur\u00e9 pour des\u00a0 lois de focalisation en diff\u00e9rents points \u00e0 des profondeurs de 0 mm \u00e0 20 mm, par pas de 2 mm, pour une hauteur d\u2019eau de 25 mm et les 32 \u00e9l\u00e9ments actifs. Des exemples de champs rayonn\u00e9s sont pr\u00e9sent\u00e9s ci-dessous.<\/p>\n<\/p>\n<p>\u00a0<\/p>\n<\/p>\n<p style=\"text-align: center;\"><a class=\"mediabox\" href=\"https:\/\/www.extende.com\/wp-content\/uploads\/Echogeo_FR_33.png\" title=\"\"><img decoding=\"async\" alt=\"\" class=\"mediabox alignnone wp-image-4365\" src=\"https:\/\/www.extende.com\/wp-content\/uploads\/Echogeo_FR_33.png\" title=\"\" width=\"400\" srcset=\"https:\/\/www.extende.com\/wp-content\/uploads\/Echogeo_FR_33.png 1296w, https:\/\/www.extende.com\/wp-content\/uploads\/Echogeo_FR_33-300x146.png 300w, https:\/\/www.extende.com\/wp-content\/uploads\/Echogeo_FR_33-1024x499.png 1024w, https:\/\/www.extende.com\/wp-content\/uploads\/Echogeo_FR_33-768x374.png 768w, https:\/\/www.extende.com\/wp-content\/uploads\/Echogeo_FR_33-600x292.png 600w\" sizes=\"(max-width: 1296px) 100vw, 1296px\" \/><\/a><\/p>\n<\/p>\n<p>\u00a0<\/p>\n<\/p>\n<p>Les r\u00e9sultats sont \u00e9talonn\u00e9s \u00e0 partir d\u2019un \u00e9cho de surface plane et d\u2019une d\u00e9viation angulaire de 0\u00b0. Ci-dessous les amplitudes des \u00e9chos de fond du tube obtenus pour une loi de focalisation \u00e0 plusieurs profondeurs, 32 \u00e9l\u00e9ments actifs et \u00e0 une hauteur d\u2019eau de 25 mm sont trac\u00e9es en noir pour la mesure exp\u00e9rimentale, en rouge plein pour les r\u00e9sultats du mod\u00e8le de Kirchhoff et en rouge pointill\u00e9 pour le mod\u00e8le sp\u00e9culaire.<\/p>\n<\/p>\n<p>\u00a0<\/p>\n<\/p>\n<p style=\"text-align: center;\"><a class=\"mediabox\" href=\"https:\/\/www.extende.com\/wp-content\/uploads\/Echogeo_Ampl_14-scaled.png\" title=\"\"><img decoding=\"async\" alt=\"\" class=\"mediabox alignnone wp-image-4363\" src=\"https:\/\/www.extende.com\/wp-content\/uploads\/Echogeo_Ampl_14-scaled.png\" title=\"\" width=\"400\" srcset=\"https:\/\/www.extende.com\/wp-content\/uploads\/Echogeo_Ampl_14-scaled.png 1600w, https:\/\/www.extende.com\/wp-content\/uploads\/Echogeo_Ampl_14-300x246.png 300w, https:\/\/www.extende.com\/wp-content\/uploads\/Echogeo_Ampl_14-1024x840.png 1024w, https:\/\/www.extende.com\/wp-content\/uploads\/Echogeo_Ampl_14-768x630.png 768w, https:\/\/www.extende.com\/wp-content\/uploads\/Echogeo_Ampl_14-1536x1259.png 1536w, https:\/\/www.extende.com\/wp-content\/uploads\/Echogeo_Ampl_14-2048x1679.png 2048w, https:\/\/www.extende.com\/wp-content\/uploads\/Echogeo_Ampl_14-600x492.png 600w, https:\/\/www.extende.com\/wp-content\/uploads\/Echogeo_Ampl_14-1400x1148.png 1400w\" sizes=\"(max-width: 1600px) 100vw, 1600px\" \/><\/a><\/p>\n<\/p>\n<p>\u00a0<\/p>\n<\/p>\n<p>Jusqu\u2019\u00e0 une focalisation \u00e0 4 mm de profondeur, les r\u00e9sultats des deux mod\u00e8les de CIVA sont en tr\u00e8s bon accord avec la mesure. Ensuite les amplitudes sont sous-estim\u00e9es par CIVA constamment de 2 dB, ce qui reste tr\u00e8s proche de la mesure.<\/p>\n<\/p>\n<p>\u00a0<\/p>\n<\/p>\n<p>Retourner au menu <a class=\"lien\" href=\"https:\/\/www.extende.com\/fr\/la-simulation-cnd\/documentation\/validation-experimentale-des-modeles-civa\/validation-experimentale-des-modeles-civa-en-ultrasons\/ultrasons-echos-de-geometrie\/ut-echos-de-geometrie-echos-de-fond\/\" target=\"_self\">Echos de fond<\/a><\/p>\n<\/p>\n<p>Retourner au menu <a class=\"lien\" href=\"https:\/\/www.extende.com\/fr\/la-simulation-cnd\/documentation\/validation-experimentale-des-modeles-civa\/validation-experimentale-des-modeles-civa-en-ultrasons\/ultrasons-echos-de-geometrie\/\" target=\"_self\">Echos de g\u00e9om\u00e9trie<\/a><\/p><\/p>\n","protected":false},"excerpt":{"rendered":"<p>Validation exp\u00e9rimentale et caract\u00e9risation des mod\u00e8les Ultrasons de CIVA, \u00e9chos de pi\u00e8ces, Fond, \u00e9cho de g\u00e9om\u00e9trie, logiciel de simulation CND<\/p>\n","protected":false},"author":0,"featured_media":0,"parent":3436,"menu_order":1,"comment_status":"closed","ping_status":"closed","template":"templates\/page--extende.html.php","meta":{"_acf_changed":false,"footnotes":""},"class_list":["post-4366","page","type-page","status-publish","hentry"],"acf":[],"_links":{"self":[{"href":"https:\/\/www.extende.com\/fr\/wp-json\/wp\/v2\/pages\/4366","targetHints":{"allow":["GET"]}}],"collection":[{"href":"https:\/\/www.extende.com\/fr\/wp-json\/wp\/v2\/pages"}],"about":[{"href":"https:\/\/www.extende.com\/fr\/wp-json\/wp\/v2\/types\/page"}],"replies":[{"embeddable":true,"href":"https:\/\/www.extende.com\/fr\/wp-json\/wp\/v2\/comments?post=4366"}],"version-history":[{"count":1,"href":"https:\/\/www.extende.com\/fr\/wp-json\/wp\/v2\/pages\/4366\/revisions"}],"predecessor-version":[{"id":5555,"href":"https:\/\/www.extende.com\/fr\/wp-json\/wp\/v2\/pages\/4366\/revisions\/5555"}],"up":[{"embeddable":true,"href":"https:\/\/www.extende.com\/fr\/wp-json\/wp\/v2\/pages\/3436"}],"wp:attachment":[{"href":"https:\/\/www.extende.com\/fr\/wp-json\/wp\/v2\/media?parent=4366"}],"curies":[{"name":"wp","href":"https:\/\/api.w.org\/{rel}","templated":true}]}}