{"id":4371,"date":"2025-06-24T18:38:34","date_gmt":"2025-06-24T16:38:34","guid":{"rendered":""},"modified":"2025-06-24T18:52:11","modified_gmt":"2025-06-24T16:52:11","slug":"ut-echos-multiples-capteur-o-65-mm-2-mhz-l0","status":"publish","type":"page","link":"https:\/\/www.extende.com\/fr\/la-simulation-cnd\/documentation\/validation-experimentale-des-modeles-civa\/validation-experimentale-des-modeles-civa-en-ultrasons\/ultrasons-echos-de-geometrie\/ut-echos-de-geometrie-echos-de-surface-et-de-fond-multiples\/ut-echos-multiples-capteur-o-65-mm-2-mhz-l0\/","title":{"rendered":"UT &#8211; Echos multiples : capteur \u00d8 6,5 mm, 2 MHz, L0\u00b0"},"content":{"rendered":"<p>La cale de 20 mm a \u00e9t\u00e9 utilis\u00e9e avec des hauteurs d\u2019eau de 20 et 100 mm. Pour la hauteur d\u2019eau de 20 mm, seuls 3 \u00e9chos de fond ont pu \u00eatre correctement mesur\u00e9s, les suivants sont perturb\u00e9s par le deuxi\u00e8me \u00e9cho de surface, d\u00fb \u00e0 la faible hauteur d\u2019eau par rapport \u00e0 l\u2019\u00e9paisseur de la cale et non simul\u00e9 par les mod\u00e8les de CIVA.<\/p>\n<\/p>\n<p>Les r\u00e9sultats sont \u00e9talonn\u00e9s \u00e0 partir d\u2019un TG de \u00d82 mm, situ\u00e9 \u00e0 28 mm de profondeur et une hauteur d\u2019eau de 20 mm. Les amplitudes de l\u2019\u00e9cho de surface (\u00e9cho n\u00b00), du premier \u00e9cho de fond (\u00e9cho n\u00b01) et des \u00e9chos de fond suivants sont trac\u00e9es ci-dessous en noir pour la mesure exp\u00e9rimentale, en rouge pour les r\u00e9sultats du mod\u00e8le de Kirchhoff et en bleu pour le mod\u00e8le sp\u00e9culaire.<\/p>\n<\/p>\n<p>\u00a0<\/p>\n<\/p>\n<p style=\"text-align: center;\"><a class=\"mediabox\" href=\"https:\/\/www.extende.com\/wp-content\/uploads\/Echogeo_Ampl_15.png\" title=\"\"><img decoding=\"async\" alt=\"\" class=\"mediabox alignnone wp-image-4367\" src=\"https:\/\/www.extende.com\/wp-content\/uploads\/Echogeo_Ampl_15.png\" title=\"\" width=\"400\" srcset=\"https:\/\/www.extende.com\/wp-content\/uploads\/Echogeo_Ampl_15.png 944w, https:\/\/www.extende.com\/wp-content\/uploads\/Echogeo_Ampl_15-300x122.png 300w, https:\/\/www.extende.com\/wp-content\/uploads\/Echogeo_Ampl_15-768x312.png 768w, https:\/\/www.extende.com\/wp-content\/uploads\/Echogeo_Ampl_15-600x243.png 600w\" sizes=\"(max-width: 944px) 100vw, 944px\" \/><\/a><\/p>\n<\/p>\n<p>\u00a0<\/p>\n<\/p>\n<p>Les deux mod\u00e8les sont tr\u00e8s proches et surestiment l\u2019amplitude des \u00e9chos par rapport \u00e0 la mesure de 4 dB pour l\u2019\u00e9cho de surface et le 1<sup>er<\/sup> \u00e9cho de fond, jusqu\u2019\u00e0 6 dB pour le 9<sup>\u00e8me<\/sup> \u00e9cho dans le cas de la hauteur d\u2019eau de 100 mm. L\u2019\u00e9cart augmente l\u00e9g\u00e8rement avec le nombre de rebonds.<\/p>\n<\/p>\n<p>Les Ascans sont repr\u00e9sent\u00e9s ci-dessous dans le cas de la hauteur d\u2019eau de 20 mm pour l\u2019\u00e9cho de surface et les 3 \u00e9chos de fonds mesur\u00e9s. La courbe rouge correspond au mod\u00e8le de Kirchhoff, la courbe bleue au mod\u00e8le sp\u00e9culaire et la courbe noire aux mesures.<\/p>\n<\/p>\n<p>\u00a0<\/p>\n<\/p>\n<p style=\"text-align: center;\"><a class=\"mediabox\" href=\"https:\/\/www.extende.com\/wp-content\/uploads\/Echogeo_FR_34.png\" title=\"\"><img decoding=\"async\" alt=\"\" class=\"mediabox alignnone wp-image-4370\" height=\"150\" src=\"https:\/\/www.extende.com\/wp-content\/uploads\/Echogeo_FR_34.png\" title=\"\" srcset=\"https:\/\/www.extende.com\/wp-content\/uploads\/Echogeo_FR_34.png 1464w, https:\/\/www.extende.com\/wp-content\/uploads\/Echogeo_FR_34-300x72.png 300w, https:\/\/www.extende.com\/wp-content\/uploads\/Echogeo_FR_34-1024x244.png 1024w, https:\/\/www.extende.com\/wp-content\/uploads\/Echogeo_FR_34-768x183.png 768w, https:\/\/www.extende.com\/wp-content\/uploads\/Echogeo_FR_34-600x143.png 600w, https:\/\/www.extende.com\/wp-content\/uploads\/Echogeo_FR_34-1400x334.png 1400w\" sizes=\"(max-width: 1464px) 100vw, 1464px\" \/><\/a><\/p>\n<\/p>\n<p>\u00a0<\/p>\n<\/p>\n<p>Les deux mod\u00e8les de CIVA pr\u00e9disent bien les trois \u00e9chos de fonds, et moins bien l\u2019\u00e9cho de surface.<\/p>\n<\/p>\n<p>\u00a0<\/p>\n<\/p>\n<p>Continuer vers <a class=\"lien\" href=\"https:\/\/www.extende.com\/fr\/la-simulation-cnd\/documentation\/validation-experimentale-des-modeles-civa\/validation-experimentale-des-modeles-civa-en-ultrasons\/ultrasons-echos-de-geometrie\/ut-echos-de-geometrie-echos-de-surface-et-de-fond-multiples\/ut-echos-multiples-capteur-o-19-mm-2-mhz-l0\/\" target=\"_self\">Capteur \u00a0\u00d8\u00a019 mm, 2 MHz, L0\u00b0<\/a><\/p>\n<\/p>\n<p>Retourner au menu <a class=\"lien\" href=\"https:\/\/www.extende.com\/fr\/la-simulation-cnd\/documentation\/validation-experimentale-des-modeles-civa\/validation-experimentale-des-modeles-civa-en-ultrasons\/ultrasons-echos-de-geometrie\/ut-echos-de-geometrie-echos-de-surface-et-de-fond-multiples\/\" target=\"_self\">Echos de surface et de fond multiples<\/a><\/p>\n<\/p>\n<p>Retourner au menu <a class=\"lien\" href=\"https:\/\/www.extende.com\/fr\/la-simulation-cnd\/documentation\/validation-experimentale-des-modeles-civa\/validation-experimentale-des-modeles-civa-en-ultrasons\/ultrasons-echos-de-geometrie\/\" target=\"_self\">Echos de g\u00e9om\u00e9trie<\/a><\/p><\/p>\n","protected":false},"excerpt":{"rendered":"<p>Validation exp\u00e9rimentale et caract\u00e9risation des mod\u00e8les Ultrasons de CIVA, \u00e9chos de pi\u00e8ces, de g\u00e9om\u00e9trie, logiciel de simulation CND<\/p>\n","protected":false},"author":0,"featured_media":0,"parent":3438,"menu_order":0,"comment_status":"closed","ping_status":"closed","template":"templates\/page--extende.html.php","meta":{"_acf_changed":false,"footnotes":""},"class_list":["post-4371","page","type-page","status-publish","hentry"],"acf":[],"_links":{"self":[{"href":"https:\/\/www.extende.com\/fr\/wp-json\/wp\/v2\/pages\/4371","targetHints":{"allow":["GET"]}}],"collection":[{"href":"https:\/\/www.extende.com\/fr\/wp-json\/wp\/v2\/pages"}],"about":[{"href":"https:\/\/www.extende.com\/fr\/wp-json\/wp\/v2\/types\/page"}],"replies":[{"embeddable":true,"href":"https:\/\/www.extende.com\/fr\/wp-json\/wp\/v2\/comments?post=4371"}],"version-history":[{"count":1,"href":"https:\/\/www.extende.com\/fr\/wp-json\/wp\/v2\/pages\/4371\/revisions"}],"predecessor-version":[{"id":5553,"href":"https:\/\/www.extende.com\/fr\/wp-json\/wp\/v2\/pages\/4371\/revisions\/5553"}],"up":[{"embeddable":true,"href":"https:\/\/www.extende.com\/fr\/wp-json\/wp\/v2\/pages\/3438"}],"wp:attachment":[{"href":"https:\/\/www.extende.com\/fr\/wp-json\/wp\/v2\/media?parent=4371"}],"curies":[{"name":"wp","href":"https:\/\/api.w.org\/{rel}","templated":true}]}}