{"id":4376,"date":"2025-06-24T18:38:35","date_gmt":"2025-06-24T16:38:35","guid":{"rendered":""},"modified":"2025-06-24T18:52:11","modified_gmt":"2025-06-24T16:52:11","slug":"ut-echos-multiples-capteur-o-19-mm-2-mhz-l0","status":"publish","type":"page","link":"https:\/\/www.extende.com\/fr\/la-simulation-cnd\/documentation\/validation-experimentale-des-modeles-civa\/validation-experimentale-des-modeles-civa-en-ultrasons\/ultrasons-echos-de-geometrie\/ut-echos-de-geometrie-echos-de-surface-et-de-fond-multiples\/ut-echos-multiples-capteur-o-19-mm-2-mhz-l0\/","title":{"rendered":"UT &#8211; Echos multiples : capteur \u00d8 19 mm, 2 MHz, L0\u00b0"},"content":{"rendered":"<p>La cale de 20 mm a \u00e9t\u00e9 utilis\u00e9e avec des hauteurs d\u2019eau de 20 et 100 mm. Pour la m\u00eame raison que pr\u00e9c\u00e9demment seuls 3 \u00e9chos de fond ont \u00e9t\u00e9 mesur\u00e9s avec la cale de 20 mm.<\/p>\n<\/p>\n<p>Les r\u00e9sultats sont \u00e9talonn\u00e9s \u00e0 partir d\u2019un TG de \u00d82 mm, situ\u00e9 \u00e0 28 mm de profondeur et une hauteur d\u2019eau de 50 mm. Les amplitudes de l\u2019\u00e9cho de surface (\u00e9cho n\u00b00), du premier \u00e9cho de fond (\u00e9cho n\u00b01) et des \u00e9chos de fond suivants sont trac\u00e9es ci-dessous en noir pour la mesure exp\u00e9rimentale, en rouge pour les r\u00e9sultats du mod\u00e8le de Kirchhoff et en bleu pour le mod\u00e8le sp\u00e9culaire.<\/p>\n<\/p>\n<p>\u00a0<\/p>\n<\/p>\n<p style=\"text-align: center;\"><a class=\"mediabox\" href=\"https:\/\/www.extende.com\/wp-content\/uploads\/Echogeo_Ampl_16.png\" title=\"\"><img decoding=\"async\" alt=\"\" class=\"mediabox alignnone wp-image-4372\" src=\"https:\/\/www.extende.com\/wp-content\/uploads\/Echogeo_Ampl_16.png\" title=\"\" width=\"400\" srcset=\"https:\/\/www.extende.com\/wp-content\/uploads\/Echogeo_Ampl_16.png 1064w, https:\/\/www.extende.com\/wp-content\/uploads\/Echogeo_Ampl_16-300x97.png 300w, https:\/\/www.extende.com\/wp-content\/uploads\/Echogeo_Ampl_16-1024x332.png 1024w, https:\/\/www.extende.com\/wp-content\/uploads\/Echogeo_Ampl_16-768x249.png 768w, https:\/\/www.extende.com\/wp-content\/uploads\/Echogeo_Ampl_16-600x195.png 600w\" sizes=\"(max-width: 1064px) 100vw, 1064px\" \/><\/a><\/p>\n<\/p>\n<p>\u00a0<\/p>\n<\/p>\n<p>Un tr\u00e8s bon accord est observ\u00e9 entre mesures et simulations. Le mod\u00e8le de Kirchhoff s\u2019\u00e9loigne tr\u00e8s l\u00e9g\u00e8rement des mesures et du mod\u00e8le sp\u00e9culaire \u00e0 partir du 8<sup>\u00e8me<\/sup> \u00e9cho de fond.<\/p>\n<\/p>\n<p>Les Ascans sont repr\u00e9sent\u00e9s ci-dessous dans le cas de la hauteur d\u2019eau de 20 mm pour l\u2019\u00e9cho de surface et les 3 \u00e9chos de fonds mesur\u00e9s. La courbe rouge correspond au mod\u00e8le de Kirchhoff, la courbe bleue au mod\u00e8le sp\u00e9culaire et la courbe noire aux mesures.<\/p>\n<\/p>\n<p>\u00a0<\/p>\n<\/p>\n<p style=\"text-align: center;\"><a class=\"mediabox\" href=\"https:\/\/www.extende.com\/wp-content\/uploads\/Echogeo_FR_35.png\" title=\"\"><img decoding=\"async\" alt=\"\" class=\"mediabox alignnone wp-image-4375\" height=\"150\" src=\"https:\/\/www.extende.com\/wp-content\/uploads\/Echogeo_FR_35.png\" title=\"\" srcset=\"https:\/\/www.extende.com\/wp-content\/uploads\/Echogeo_FR_35.png 1439w, https:\/\/www.extende.com\/wp-content\/uploads\/Echogeo_FR_35-300x68.png 300w, https:\/\/www.extende.com\/wp-content\/uploads\/Echogeo_FR_35-1024x231.png 1024w, https:\/\/www.extende.com\/wp-content\/uploads\/Echogeo_FR_35-768x173.png 768w, https:\/\/www.extende.com\/wp-content\/uploads\/Echogeo_FR_35-600x136.png 600w, https:\/\/www.extende.com\/wp-content\/uploads\/Echogeo_FR_35-1400x316.png 1400w\" sizes=\"(max-width: 1439px) 100vw, 1439px\" \/><\/a><\/p>\n<\/p>\n<p>\u00a0<\/p>\n<\/p>\n<p>Les allures temporelles des signaux sont bien pr\u00e9dites avec les mod\u00e8les de CIVA.<\/p>\n<\/p>\n<p>\u00a0<\/p>\n<\/p>\n<p>Continuer vers <a class=\"lien\" href=\"https:\/\/www.extende.com\/fr\/la-simulation-cnd\/documentation\/validation-experimentale-des-modeles-civa\/validation-experimentale-des-modeles-civa-en-ultrasons\/ultrasons-echos-de-geometrie\/ut-echos-de-geometrie-echos-de-surface-et-de-fond-multiples\/ut-echos-multiples-capteur-lineaire-3-mhz-loi-de-retard-nulle\/\" target=\"_self\">Capteur lin\u00e9aire, 3 MHz, loi de retard nulle<\/a><\/p>\n<\/p>\n<p>Retourner au menu <a class=\"lien\" href=\"https:\/\/www.extende.com\/fr\/la-simulation-cnd\/documentation\/validation-experimentale-des-modeles-civa\/validation-experimentale-des-modeles-civa-en-ultrasons\/ultrasons-echos-de-geometrie\/ut-echos-de-geometrie-echos-de-surface-et-de-fond-multiples\/\" target=\"_self\">Echos de surface et de fond multiples<\/a><\/p>\n<\/p>\n<p>Retourner au menu <a class=\"lien\" href=\"https:\/\/www.extende.com\/fr\/la-simulation-cnd\/documentation\/validation-experimentale-des-modeles-civa\/validation-experimentale-des-modeles-civa-en-ultrasons\/ultrasons-echos-de-geometrie\/\" target=\"_self\">Echos de g\u00e9om\u00e9trie<\/a><\/p><\/p>\n","protected":false},"excerpt":{"rendered":"<p>Validation exp\u00e9rimentale et caract\u00e9risation des mod\u00e8les Ultrasons de CIVA, \u00e9chos de pi\u00e8ces, de g\u00e9om\u00e9trie, logiciel de simulation CND<\/p>\n","protected":false},"author":0,"featured_media":0,"parent":3438,"menu_order":1,"comment_status":"closed","ping_status":"closed","template":"templates\/page--extende.html.php","meta":{"_acf_changed":false,"footnotes":""},"class_list":["post-4376","page","type-page","status-publish","hentry"],"acf":[],"_links":{"self":[{"href":"https:\/\/www.extende.com\/fr\/wp-json\/wp\/v2\/pages\/4376","targetHints":{"allow":["GET"]}}],"collection":[{"href":"https:\/\/www.extende.com\/fr\/wp-json\/wp\/v2\/pages"}],"about":[{"href":"https:\/\/www.extende.com\/fr\/wp-json\/wp\/v2\/types\/page"}],"replies":[{"embeddable":true,"href":"https:\/\/www.extende.com\/fr\/wp-json\/wp\/v2\/comments?post=4376"}],"version-history":[{"count":1,"href":"https:\/\/www.extende.com\/fr\/wp-json\/wp\/v2\/pages\/4376\/revisions"}],"predecessor-version":[{"id":5552,"href":"https:\/\/www.extende.com\/fr\/wp-json\/wp\/v2\/pages\/4376\/revisions\/5552"}],"up":[{"embeddable":true,"href":"https:\/\/www.extende.com\/fr\/wp-json\/wp\/v2\/pages\/3438"}],"wp:attachment":[{"href":"https:\/\/www.extende.com\/fr\/wp-json\/wp\/v2\/media?parent=4376"}],"curies":[{"name":"wp","href":"https:\/\/api.w.org\/{rel}","templated":true}]}}