{"id":4434,"date":"2025-06-24T18:38:49","date_gmt":"2025-06-24T16:38:49","guid":{"rendered":""},"modified":"2025-06-24T18:52:11","modified_gmt":"2025-06-24T16:52:11","slug":"ut-multibonds-resultats-pour-le-traducteur-monoelement-a-5mhz-en-ondes-l45","status":"publish","type":"page","link":"https:\/\/www.extende.com\/fr\/la-simulation-cnd\/documentation\/validation-experimentale-des-modeles-civa\/validation-experimentale-des-modeles-civa-en-ultrasons\/ultrasons-echos-multibonds\/ultrasons-echos-multibonds-sur-piece-plane\/ut-multibonds-resultats-pour-le-traducteur-monoelement-a-5mhz-en-ondes-l45\/","title":{"rendered":"UT &#8211; Multibonds : R\u00e9sultats pour le traducteur mono\u00e9l\u00e9ment \u00e0 5MHz en ondes L45"},"content":{"rendered":"<p>Pour g\u00e9n\u00e9rer des ondes L45\u00b0 dans la pi\u00e8ce multibonds, l\u2019angle d\u2019incidence du capteur est de 10,15\u00b0. Il est de 10,38\u00b0 pour la cale d\u2019\u00e9talonnage. La r\u00e9f\u00e9rence en amplitude correspond \u00e0 la r\u00e9ponse en L45 d\u2019un TG de diam\u00e8tre 2\u00a0mm situ\u00e9 \u00e0 5\u00a0mm de profondeur. Les r\u00e9sultats sont pr\u00e9sent\u00e9s selon les trois paragraphes suivants\u00a0:<\/p>\n<\/p>\n<ul class=\"liste-carres-noirs\">\n<li>R\u00e9sultats sur entaille droite.<\/li>\n<li>R\u00e9sultats sur entaille inclin\u00e9e avec une configuration angle de tilt ouvert.<\/li>\n<li>R\u00e9sultats sur entaille inclin\u00e9e avec une configuration angle de tilt ferm\u00e9.<\/li>\n<\/ul>\n<p>\u00a0<\/p>\n<\/p>\n<h2 class=\"titre-accordeon\">R\u00c9SULTATS SUR ENTAILLE DROITE<\/h2>\n<\/p>\n<p>\u00a0<\/p>\n<\/p>\n<p>La figure ci-dessous pr\u00e9sente un exemple de B-scan exp\u00e9rimental obtenu dans le cas de l\u2019entaille non tilt\u00e9e. Dans cet exemple (ondes L45\u00b0), quatre \u00e9chos diff\u00e9rents sont obtenus\u00a0: un \u00e9cho de diffraction provenant du sommet de l\u2019entaille (not\u00e9 P direct echo) et trois \u00e9chos de coin provenant du pied de l\u2019entaille (not\u00e9s P corner echo, Mixed corner echo et SV corner echo). En bas \u00e0 gauche est pr\u00e9sent\u00e9 le C-scan limit\u00e9 autour de l\u2019\u00e9cho de coin L auquel on s\u2019int\u00e9resse (not\u00e9 P corner echo). La courbe \u00e9chodynamique incr\u00e9ment montre les \u00e9carts en amplitude de l\u2019\u00e9cho de coin obtenus sur toute l\u2019extension de l\u2019entaille. Les \u00e9carts maximums obtenus sont de 0,5\u00a0dB.<\/p>\n<\/p>\n<p>\u00a0<\/p>\n<\/p>\n<p style=\"text-align:center;\"><a class=\"mediabox\" href=\"https:\/\/www.extende.com\/wp-content\/uploads\/Multibonds_26.png\" title=\"\"><img loading=\"lazy\" decoding=\"async\" alt=\"\" class=\"mediabox alignnone wp-image-4424\" height=\"250\" src=\"https:\/\/www.extende.com\/wp-content\/uploads\/Multibonds_26.png\" title=\"\" width=\"400\"><\/a><\/p>\n<\/p>\n<p>\u00a0<\/p>\n<\/p>\n<p>La comparaison des Bscans exp\u00e9rimentaux et simul\u00e9s avec CIVA11 dans le cas de l\u2019entaille de tilt nul est pr\u00e9sent\u00e9e sur la figure ci-dessous.<\/p>\n<\/p>\n<p>\u00a0<\/p>\n<\/p>\n<p style=\"text-align:center;\"><a class=\"mediabox\" href=\"https:\/\/www.extende.com\/wp-content\/uploads\/Multibonds_27.png\" title=\"\"><img loading=\"lazy\" decoding=\"async\" alt=\"\" class=\"mediabox alignnone wp-image-4425\" height=\"200\" src=\"https:\/\/www.extende.com\/wp-content\/uploads\/Multibonds_27.png\" title=\"\" width=\"400\"><\/a><\/p>\n<\/p>\n<p>\u00a0<\/p>\n<\/p>\n<p>On remarque que l\u2019\u00e9cho de diffraction simul\u00e9 par CIVA est beaucoup plus faible que l\u2019\u00e9cho de coin alors qu\u2019exp\u00e9rimentalement l\u2019amplitude des deux \u00e9chos est plus proche. Cette diff\u00e9rence est probablement due \u00e0 l\u2019ouverture r\u00e9elle de l\u2019entaille qui n\u2019est pas prise en compte en simulation. En effet, seuls les \u00e9chos de coin font l\u2019objet de cette \u00e9tude et il n\u2019est pas n\u00e9cessaire de tenir compte de cette donn\u00e9e pour les simuler.<\/p>\n<\/p>\n<p>La superposition des courbes \u00e9chodynamiques et Ascans exp\u00e9rimentaux et simul\u00e9s montre une bonne concordance entre simulations et mesures.<\/p>\n<\/p>\n<p>\u00a0<\/p>\n<\/p>\n<p style=\"text-align:center;\"><a class=\"mediabox\" href=\"https:\/\/www.extende.com\/wp-content\/uploads\/Multibonds_28.png\" title=\"\"><img loading=\"lazy\" decoding=\"async\" alt=\"\" class=\"mediabox alignnone wp-image-4426\" height=\"200\" src=\"https:\/\/www.extende.com\/wp-content\/uploads\/Multibonds_28.png\" title=\"\" width=\"400\"><\/a><\/p>\n<\/p>\n<p>\u00a0<\/p>\n<\/p>\n<p class=\"titre-accordeon\">\n<\/p>\n<h2 class=\"titre-accordeon\">R\u00c9SULTATS SUR ENTAILLE INCLIN\u00c9E AVEC UNE CONFIGURATION ANGLE DE TILT OUVERT<\/h2>\n<\/p>\n<p>\u00a0<\/p>\n<\/p>\n<p>Les r\u00e9sultats de l\u2019inspection des entailles selon un angle de tilt ouvert (0\u00b0 \u00e0 20\u00b0) sont pr\u00e9sent\u00e9s dans cette partie. La figure ci-dessous compare les Bscans exp\u00e9rimentaux aux Bscans simul\u00e9s.<\/p>\n<\/p>\n<p>\u00a0<\/p>\n<\/p>\n<p style=\"text-align:center;\"><a class=\"mediabox\" href=\"https:\/\/www.extende.com\/wp-content\/uploads\/Multibonds_29.png\" title=\"\"><img loading=\"lazy\" decoding=\"async\" alt=\"\" class=\"mediabox alignnone wp-image-4427\" height=\"350\" src=\"https:\/\/www.extende.com\/wp-content\/uploads\/Multibonds_29.png\" title=\"\" width=\"400\"><\/a><\/p>\n<\/p>\n<p>\u00a0<\/p>\n<\/p>\n<p>Les \u00e9chos simul\u00e9s sont tr\u00e8s proches des signaux r\u00e9els. L\u2019amplitude de l\u2019\u00e9cho de coin L ne varie quasiment pas avec le tilt. Ce comportement est bien pr\u00e9dit par CIVA.<\/p>\n<\/p>\n<p>La forme des Ascans exp\u00e9rimentaux\u00a0 et simul\u00e9s des \u00e9chos de coin L pour toutes les valeurs de tilt sont en bon accord.<\/p>\n<\/p>\n<p>\u00a0<\/p>\n<\/p>\n<p style=\"text-align:center;\"><a class=\"mediabox\" href=\"https:\/\/www.extende.com\/wp-content\/uploads\/Multibonds_30.png\" title=\"\"><img loading=\"lazy\" decoding=\"async\" alt=\"\" class=\"mediabox alignnone wp-image-4428\" height=\"290\" src=\"https:\/\/www.extende.com\/wp-content\/uploads\/Multibonds_30.png\" title=\"\" width=\"400\"><\/a><\/p>\n<\/p>\n<p>\u00a0<\/p>\n<\/p>\n<p>Les amplitudes maximales des \u00e9chos de coin L exp\u00e9rimentaux et simul\u00e9s sont trac\u00e9es en fonction de l\u2019angle de tilt sur la figure ci-dessous. Quel que soit l\u2019angle, les pr\u00e9dictions de CIVA sont en bon accord avec la mesure\u00a0: l\u2019\u00e9cart maximal est inf\u00e9rieur \u00e0 2\u00a0dB. Une mesure de reproductibilit\u00e9 est pr\u00e9sent\u00e9e en pointill\u00e9s noirs. L\u2019erreur exp\u00e9rimentale observ\u00e9e est inf\u00e9rieure au dB.<\/p>\n<\/p>\n<p>\u00a0<\/p>\n<\/p>\n<p style=\"text-align:center;\"><a class=\"mediabox\" href=\"https:\/\/www.extende.com\/wp-content\/uploads\/Multibonds_31.png\" title=\"\"><img loading=\"lazy\" decoding=\"async\" alt=\"\" class=\"mediabox alignnone wp-image-4429\" height=\"290\" src=\"https:\/\/www.extende.com\/wp-content\/uploads\/Multibonds_31.png\" title=\"\" width=\"400\"><\/a><\/p>\n<\/p>\n<p>\u00a0<\/p>\n<\/p>\n<p class=\"titre-accordeon\">\n<\/p>\n<h2 class=\"titre-accordeon\">R\u00c9SULTATS SUR ENTAILLE INCLIN\u00c9E AVEC UNE CONFIGURATION ANGLE DE TILT FERM\u00c9<\/h2>\n<\/p>\n<p>\u00a0<\/p>\n<\/p>\n<p>Les r\u00e9sultats de l\u2019inspection d\u2019entailles selon un angle de tilt ferm\u00e9 (-20\u00b0 \u00e0 0\u00b0) sont pr\u00e9sent\u00e9s dans cette partie. La figure ci-dessous compare les Bscans exp\u00e9rimentaux aux Bscans simul\u00e9s.<\/p>\n<\/p>\n<p>\u00a0<\/p>\n<\/p>\n<p style=\"text-align:center;\"><a class=\"mediabox\" href=\"https:\/\/www.extende.com\/wp-content\/uploads\/Multibonds_32.png\" title=\"\"><img loading=\"lazy\" decoding=\"async\" alt=\"\" class=\"mediabox alignnone wp-image-4430\" height=\"290\" src=\"https:\/\/www.extende.com\/wp-content\/uploads\/Multibonds_32.png\" title=\"\" width=\"300\"><\/a><a class=\"mediabox\" href=\"https:\/\/www.extende.com\/wp-content\/uploads\/Multibonds_33.png\" title=\"\"><img loading=\"lazy\" decoding=\"async\" alt=\"\" class=\"mediabox alignnone wp-image-4431\" height=\"250\" src=\"https:\/\/www.extende.com\/wp-content\/uploads\/Multibonds_33.png\" title=\"\" width=\"300\"><\/a><\/p>\n<\/p>\n<p>\u00a0<\/p>\n<\/p>\n<p>Les \u00e9chos simul\u00e9s sont tr\u00e8s proches des signaux r\u00e9els. L\u2019amplitude de l\u2019\u00e9cho de coin L ne varie quasiment pas avec le tilt. Ce comportement est bien pr\u00e9dit par CIVA.<\/p>\n<\/p>\n<p>La forme des signaux exp\u00e9rimentaux et simul\u00e9s des \u00e9chos de coin en ondes L\u00a0 sont en bon accord.<\/p>\n<\/p>\n<p>\u00a0<\/p>\n<\/p>\n<p style=\"text-align:center;\"><a class=\"mediabox\" href=\"https:\/\/www.extende.com\/wp-content\/uploads\/Multibonds_34.png\" title=\"\"><img loading=\"lazy\" decoding=\"async\" alt=\"\" class=\"mediabox alignnone wp-image-4432\" height=\"290\" src=\"https:\/\/www.extende.com\/wp-content\/uploads\/Multibonds_34.png\" title=\"\" width=\"400\"><\/a><\/p>\n<\/p>\n<p>\u00a0<\/p>\n<\/p>\n<p class=\"titre-accordeon\">\n<\/p>\n<h2 class=\"titre-accordeon\">CONCLUSION<\/h2>\n<\/p>\n<p>\u00a0<\/p>\n<\/p>\n<p>Des inspections d\u2019entailles d\u00e9bouchant sur le fond d\u2019une pi\u00e8ce plane de 5\u00a0mm d\u2019\u00e9paisseur ont \u00e9t\u00e9 r\u00e9alis\u00e9es avec un capteur immersion, mono\u00e9l\u00e9ment plan, de fr\u00e9quence centrale 5\u00a0MHz. L\u2019angle d\u2019incidence du capteur a \u00e9t\u00e9 choisi de telle sorte \u00e0 g\u00e9n\u00e9rer des ondes L45 dans la pi\u00e8ce.<\/p>\n<\/p>\n<p>Les inspections en OL45\u00b0 montrent que les amplitudes des \u00e9chos de coin L exp\u00e9rimentales s\u2019accordent bien avec les pr\u00e9dictions de CIVA 11. Il existe des diff\u00e9rences sur l\u2019\u00e9cho de diffraction. Elles sont dues \u00e0 la non prise en compte de l\u2019ouverture de l\u2019entaille. Cependant, l\u2019\u00e9tude de ces \u00e9carts ne fait pas l\u2019objet de ces travaux de validation.<\/p>\n<\/p>\n<p><span style=\"line-height: 1.5em;\"><\/span><\/p>\n<\/p>\n<p>\u00a0<\/p>\n<\/p>\n<p>Continuer vers <a class=\"lien\" href=\"https:\/\/www.extende.com\/fr\/la-simulation-cnd\/documentation\/validation-experimentale-des-modeles-civa\/validation-experimentale-des-modeles-civa-en-ultrasons\/ultrasons-echos-multibonds\/ultrasons-echos-multibonds-sur-piece-plane\/ut-multibonds-resultats-pour-le-traducteur-multielements-a-5mhz-en-ondes-t45-avec-focalisation-a-differents-parcours-sonores\/\" target=\"_self\">R\u00e9sultats pour le traducteur multi\u00e9l\u00e9ment \u00e0 5 MHz en ondes T45 avec focalisation \u00e0 diff\u00e9rents parcours sonores<\/a><\/p>\n<\/p>\n<p>Retourner au menu <a class=\"lien\" href=\"https:\/\/www.extende.com\/fr\/la-simulation-cnd\/documentation\/validation-experimentale-des-modeles-civa\/validation-experimentale-des-modeles-civa-en-ultrasons\/ultrasons-echos-multibonds\/ultrasons-echos-multibonds-sur-piece-plane\/\" target=\"_self\">Echos Multibonds<\/a><\/p><\/p>\n","protected":false},"excerpt":{"rendered":"<p>Validation exp\u00e9rimentale et caract\u00e9risation des mod\u00e8les Ultrasons de CIVA, contr\u00f4les multibonds, logiciel de simulation CND<\/p>\n","protected":false},"author":0,"featured_media":0,"parent":3442,"menu_order":2,"comment_status":"closed","ping_status":"closed","template":"templates\/page--extende.html.php","meta":{"_acf_changed":false,"footnotes":""},"class_list":["post-4434","page","type-page","status-publish","hentry"],"acf":[],"_links":{"self":[{"href":"https:\/\/www.extende.com\/fr\/wp-json\/wp\/v2\/pages\/4434","targetHints":{"allow":["GET"]}}],"collection":[{"href":"https:\/\/www.extende.com\/fr\/wp-json\/wp\/v2\/pages"}],"about":[{"href":"https:\/\/www.extende.com\/fr\/wp-json\/wp\/v2\/types\/page"}],"replies":[{"embeddable":true,"href":"https:\/\/www.extende.com\/fr\/wp-json\/wp\/v2\/comments?post=4434"}],"version-history":[{"count":1,"href":"https:\/\/www.extende.com\/fr\/wp-json\/wp\/v2\/pages\/4434\/revisions"}],"predecessor-version":[{"id":5545,"href":"https:\/\/www.extende.com\/fr\/wp-json\/wp\/v2\/pages\/4434\/revisions\/5545"}],"up":[{"embeddable":true,"href":"https:\/\/www.extende.com\/fr\/wp-json\/wp\/v2\/pages\/3442"}],"wp:attachment":[{"href":"https:\/\/www.extende.com\/fr\/wp-json\/wp\/v2\/media?parent=4434"}],"curies":[{"name":"wp","href":"https:\/\/api.w.org\/{rel}","templated":true}]}}