{"id":4466,"date":"2025-06-24T18:38:54","date_gmt":"2025-06-24T16:38:54","guid":{"rendered":""},"modified":"2025-06-24T18:52:11","modified_gmt":"2025-06-24T16:52:11","slug":"multibonds-cylindrique-configurations-experimentales-et-de-simulation","status":"publish","type":"page","link":"https:\/\/www.extende.com\/fr\/la-simulation-cnd\/documentation\/validation-experimentale-des-modeles-civa\/validation-experimentale-des-modeles-civa-en-ultrasons\/ultrasons-echos-multibonds\/ultrasons-echos-multibonds-sur-piece-cylindrique\/multibonds-cylindrique-configurations-experimentales-et-de-simulation\/","title":{"rendered":"Multibonds cylindrique : Configurations exp\u00e9rimentales et de simulation"},"content":{"rendered":"<h2 class=\"titre-accordeon\">Maquettes<\/h2>\n<\/p>\n<p>Pour l\u2019\u00e9tude des multibonds, deux maquettes sp\u00e9cifiques ont \u00e9t\u00e9 r\u00e9alis\u00e9es : une cale plane et une cale cylindrique de m\u00eame \u00e9paisseur. La cale plane contient une entaille de 2 mm de hauteur et 10 mm d\u2019extension d\u00e9bouchant en fond de pi\u00e8ce ainsi qu&rsquo;un\u00a0TG de 2 mm de diam\u00e8tre dont le centre est situ\u00e9 \u00e0 6 mm de la surface. La cale cylindrique contient une entaille de m\u00eame dimension d\u00e9bouchant en paroi interne et un TG de 2 mm dont le centre est situ\u00e9 \u00e0 6 mm de la surface. Les directions de balayage du capteur lors des inspections sont indiqu\u00e9es sur la figure ci-dessous.<\/p>\n<\/p>\n<p style=\"text-align:center;\"><img loading=\"lazy\" decoding=\"async\" width=\"600\" height=\"329\" alt=\"\" src=\"https:\/\/www.extende.com\/wp-content\/uploads\/Figure-01.png\" class=\"alignnone wp-image-4452\" srcset=\"https:\/\/www.extende.com\/wp-content\/uploads\/Figure-01.png 600w, https:\/\/www.extende.com\/wp-content\/uploads\/Figure-01-300x165.png 300w\" sizes=\"auto, (max-width: 600px) 100vw, 600px\" \/><\/p>\n<\/p>\n<p>Pour l\u2019\u00e9talonnage du capteur, une troisi\u00e8me cale, de g\u00e9om\u00e9trie parall\u00e9l\u00e9pip\u00e9dique, contenant des TGde 3mm de diam\u00e8tre situ\u00e9s \u00e0 diff\u00e9rentes profondeurs a \u00e9galement \u00e9t\u00e9 r\u00e9alis\u00e9e.<\/p>\n<\/p>\n<p>Ces trois cales ont \u00e9t\u00e9 extraites du m\u00eame lingot d\u2019acier (norme de l\u2019acier de construction : S355 J2). Les d\u00e9fauts (entailles et TGs) ont \u00e9t\u00e9 usin\u00e9s de fa\u00e7on \u00e0 ce que dans chaque cale les fibres soient orient\u00e9es de la m\u00eame fa\u00e7on par rapport \u00e0 la direction de contr\u00f4le. Ces exigences ont pour but de garantir des param\u00e8tres de mat\u00e9riau identiques dans les 3 cales.<\/p>\n<\/p>\n<h2 class=\"titre-accordeon\">Traducteurs<\/h2>\n<\/p>\n<p>En raison de probl\u00e8mes de reproductibilit\u00e9 li\u00e9s au couplage, les essais de cette \u00e9tude ont \u00e9t\u00e9 r\u00e9alis\u00e9s en immersion. Plus d\u2019informations sont donn\u00e9es dans la partie \u00ab\u00a0Reproductibilit\u00e9 et incertitudes exp\u00e9rimentales\u00a0\u00bb.<\/p>\n<\/p>\n<p>La fr\u00e9quence et l\u2019ouverture du traducteur ont \u00e9t\u00e9 choisies de sorte \u00e0 disposer d\u2019un parcours suffisant pour pouvoir exploiter le maximum de rebonds. Un ensemble de simulations de champ a abouti au choix d\u2019un traducteur immersion \u00d812,7 mm de fr\u00e9quence centrale 5 MHz. La hauteur d\u2019eau a \u00e9t\u00e9 ajust\u00e9e pour que le premier \u00e9cho de coin de l\u2019entaille soit situ\u00e9 dans le champ lointain du traducteur.<\/p>\n<\/p>\n<h2 class=\"titre-paragraphe\">Angles d&rsquo;incidence<\/h2>\n<\/p>\n<p>Dans la pi\u00e8ce plane, l\u2019inspection a \u00e9t\u00e9 r\u00e9alis\u00e9e avec une incidence de 19\u00b0 pour g\u00e9n\u00e9rer des ondes T \u00e0 45\u00b0 dans la pi\u00e8ce et sur son fond. La figure ci-dessous pr\u00e9sente le champ rayonn\u00e9 dans la pi\u00e8ce plane.<\/p>\n<\/p>\n<p style=\"text-align:center;\"><img loading=\"lazy\" decoding=\"async\" width=\"397\" height=\"259\" alt=\"\" src=\"https:\/\/www.extende.com\/wp-content\/uploads\/Figure-02.png\" class=\"alignnone wp-image-4453\" srcset=\"https:\/\/www.extende.com\/wp-content\/uploads\/Figure-02.png 397w, https:\/\/www.extende.com\/wp-content\/uploads\/Figure-02-300x196.png 300w\" sizes=\"auto, (max-width: 397px) 100vw, 397px\" \/><\/p>\n<\/p>\n<p>Dans la pi\u00e8ce cylindrique, l\u2019angle d\u2019incidence du capteur doit \u00eatre ajust\u00e9 \u00e0 16\u00b0 pour que le champ T g\u00e9n\u00e9r\u00e9 dans la pi\u00e8ce \u00e0 37\u00b0 intercepte le fond du cylindre \u00e0 45\u00b0. Cependant, ce champ T37\u00b0 est proche du champ T r\u00e9fract\u00e9 \u00e0 33\u00b0 pour lequel des ondes de t\u00eate g\u00e9n\u00e9r\u00e9es \u00e0 la surface du cylindre contribuent au champ rayonn\u00e9 dans le cylindre. Or, on sait que le champ T r\u00e9fract\u00e9 dans la pi\u00e8ce autour de l\u2019angle critique est mal simul\u00e9 car les ondes de t\u00eate ne sont pas prises en compte dans CIVA. Dans ces conditions, on peut donc s\u2019attendre \u00e0 une mauvaise pr\u00e9diction des \u00e9chos de l\u2019entaille. Ne souhaitant pas r\u00e9aliser une inspection dans des conditions pour lesquelles une source d\u2019erreur en simulation est d\u00e9j\u00e0 identifi\u00e9e, nous avons choisi d\u2019augmenter l\u2019angle d\u2019incidence afin d\u2019\u00e9viter la g\u00e9n\u00e9ration des ondes de t\u00eate.<\/p>\n<\/p>\n<p>Augmenter sensiblement l\u2019angle d\u2019incidence ne permet pas de s\u2019assurer qu\u2019aucune onde de t\u00eate ne sera g\u00e9n\u00e9r\u00e9e. Par ailleurs, on peut s\u2019attendre \u00e0 la pr\u00e9sence d\u2019ondes rasantes g\u00e9n\u00e9r\u00e9es \u00e0 la surface de l\u2019entaille. Par exemple pour une incidence de 19\u00b0, le champ T45\u00b0 r\u00e9fract\u00e9 dans la pi\u00e8ce intercepte l\u2019entaille avec un angle de 33.5\u00b0 proche de l\u2019angle critique de 33\u00b0. Ces ondes rasantes peuvent contribuer aux \u00e9chos renvoy\u00e9s par l\u2019entaille mais CIVA ne les prend pas en compte. On identifie donc une seconde source d\u2019erreur lors de la simulation avec CIVA de l\u2019inspection avec une incidence de 19\u00b0.<\/p>\n<\/p>\n<p>Finalement, les inspections dans le cylindre ont \u00e9t\u00e9 r\u00e9alis\u00e9es aux incidences 16\u00b0, 17\u00b0, 18\u00b0 et 19\u00b0. Les ondes T sont alors r\u00e9fract\u00e9es dans la pi\u00e8ce \u00e0 37\u00b0 (i16\u00b0), 39\u00b0 (i17\u00b0), 42\u00b0 (i18\u00b0) et 45\u00b0 (i19\u00b0) c\u2019est-\u00e0-dire de plus en plus loin de l\u2019angle critique \u00e0 la surface du cylindre et de plus en plus pr\u00e8s de l\u2019angle critique sur la surface de l\u2019entaille. Le but de cette variation lente de l\u2019angle d\u2019incidence est de faciliter l\u2019analyse des r\u00e9sultats qui s&rsquo;av\u00e9r\u00e9r\u00a0compliqu\u00e9e du fait de la pr\u00e9sence des ondes de t\u00eate et des ondes rasantes.<\/p>\n<\/p>\n<p style=\"text-align:center;\"><img loading=\"lazy\" decoding=\"async\" width=\"600\" height=\"374\" alt=\"\" src=\"https:\/\/www.extende.com\/wp-content\/uploads\/Figure-03.png\" class=\"alignnone wp-image-4454\" srcset=\"https:\/\/www.extende.com\/wp-content\/uploads\/Figure-03.png 600w, https:\/\/www.extende.com\/wp-content\/uploads\/Figure-03-300x187.png 300w\" sizes=\"auto, (max-width: 600px) 100vw, 600px\" \/><\/p>\n<\/p>\n<p>Les champs T direct et apr\u00e8s un rebond sur le fond de la pi\u00e8ce ont \u00e9t\u00e9 calcul\u00e9s avec CIVA pour les angles d\u2019incidence de 16\u00b0, 17\u00b0, 18\u00b0 et 19. Les directions locales sont affich\u00e9es aux points de calcul de la zone de champ dont l\u2019amplitude est sup\u00e9rieure \u00e0 -6dB par rapport \u00e0 l\u2019amplitude maximale de la zone. On voit que le max du champ T direct se situe au niveau de fond du cylindre uniquement pour l\u2019incidence de 16\u00b0. Pour des incidences plus grandes, le maximum du champ se situe au-dessus du fond. Le champ T apr\u00e8s rebond est d\u2019autant plus divergent que l\u2019angle d\u2019incidence augmente.<\/p>\n<\/p>\n<p style=\"text-align:center;\"><img loading=\"lazy\" decoding=\"async\" width=\"600\" height=\"454\" alt=\"\" src=\"https:\/\/www.extende.com\/wp-content\/uploads\/Figure-04.png\" class=\"alignnone wp-image-4455\" srcset=\"https:\/\/www.extende.com\/wp-content\/uploads\/Figure-04.png 600w, https:\/\/www.extende.com\/wp-content\/uploads\/Figure-04-300x227.png 300w\" sizes=\"auto, (max-width: 600px) 100vw, 600px\" \/><\/p>\n<\/p>\n<p>\u00a0<\/p>\n<\/p>\n<h2 class=\"titre-paragraphe\">Param\u00e8tres du traducteur entr\u00e9s dans CIVA<\/h2>\n<\/p>\n<p>Le signal d\u2019entr\u00e9e du capteur a \u00e9t\u00e9 choisi pour que les \u00e9chos directs T exp\u00e9rimental et simul\u00e9 d\u2019un TG\u00d82mm situ\u00e9 \u00e0 6mm de profondeur dans la pi\u00e8ce plane de 12mm d\u2019\u00e9paisseur soient en bon accord.<\/p>\n<\/p>\n<p style=\"text-align:center;\"><img loading=\"lazy\" decoding=\"async\" width=\"600\" height=\"205\" alt=\"\" src=\"https:\/\/www.extende.com\/wp-content\/uploads\/Figure-05.png\" class=\"alignnone wp-image-4456\" srcset=\"https:\/\/www.extende.com\/wp-content\/uploads\/Figure-05.png 600w, https:\/\/www.extende.com\/wp-content\/uploads\/Figure-05-300x103.png 300w\" sizes=\"auto, (max-width: 600px) 100vw, 600px\" \/><\/p>\n<\/p>\n<p style=\"text-align:center;\"><img loading=\"lazy\" decoding=\"async\" width=\"600\" height=\"382\" alt=\"\" src=\"https:\/\/www.extende.com\/wp-content\/uploads\/Figure-07.png\" class=\"alignnone wp-image-4457\" srcset=\"https:\/\/www.extende.com\/wp-content\/uploads\/Figure-07.png 600w, https:\/\/www.extende.com\/wp-content\/uploads\/Figure-07-300x191.png 300w\" sizes=\"auto, (max-width: 600px) 100vw, 600px\" \/><\/p>\n<\/p>\n<p>\u00a0<\/p>\n<\/p>\n<h2 class=\"titre-accordeon\">Param\u00e8tres de simulation<\/h2>\n<\/p>\n<p>Les simulations ont \u00e9t\u00e9 r\u00e9alis\u00e9es avec CIVA11.1.<\/p>\n<\/p>\n<p>Les param\u00e8tres d\u2019entr\u00e9e de CIVA sont donn\u00e9s ci-dessous :<\/p>\n<\/p>\n<table align=\"center\" border=\"1\" cellpadding=\"1\" cellspacing=\"1\" style=\"width:500px;\">\n<caption>Caract\u00e9ristique du mat\u00e9riau des cales<\/caption>\n<tbody>\n<tr>\n<td>Vitesse des ondes L<\/td>\n<td>Vitesse des ondes T<\/td>\n<td>Densit\u00e9<\/td>\n<td>Att\u00e9nuation<\/td>\n<\/tr>\n<tr>\n<td>5950 m\/s<\/td>\n<td>3290 m\/s<\/td>\n<td>7.8\u00a0g.cm<sup>-3<\/sup><\/td>\n<td>Att\u00e9nuation pour les ondes T (cf. chapitre \u00ab\u00a0Att\u00e9nuation\u00a0\u00bb)<\/td>\n<\/tr>\n<\/tbody>\n<\/table>\n<p>\u00a0<\/p>\n<\/p>\n<p>Les vitesses des ondes L et T ont \u00e9t\u00e9 obtenues par mesures exp\u00e9rimentales des temps de vol de plusieurs \u00e9chos de fonds successifs dans la cale d\u2019\u00e9talonnage de 110mm d\u2019\u00e9paisseur. Un capteur L0\u00b0 \u00e0 5MHz a \u00e9t\u00e9 utilis\u00e9 pour la mesure de vitesse des ondes L, et un capteur T0\u00b0 \u00e0 la m\u00eame fr\u00e9quence pour la mesure de vitesse des ondes T.<\/p>\n<\/p>\n<p>La pr\u00e9cision des calculs de champ et d\u2019\u00e9chos est de 3.<\/p>\n<\/p>\n<h2 class=\"titre-accordeon\">Echos simul\u00e9s avec CIVA<\/h2>\n<\/p>\n<p>Lors de l\u2019inspection multibonds en mode T45\u00b0 d\u2019une entaille d\u00e9bouchant en fond de pi\u00e8ce plane, plusieurs \u00e9chos d\u2019amplitudes importantes correspondant \u00e0 diff\u00e9rents trajets capteur-entaille- capteur apparaissent. Dans la suite du document ils seront num\u00e9rot\u00e9s de 1 \u00e0 7.<\/p>\n<\/p>\n<p style=\"text-align:center;\"><img loading=\"lazy\" decoding=\"async\" width=\"600\" height=\"321\" alt=\"\" src=\"https:\/\/www.extende.com\/wp-content\/uploads\/Figure-08.png\" class=\"alignnone wp-image-4458\" srcset=\"https:\/\/www.extende.com\/wp-content\/uploads\/Figure-08.png 600w, https:\/\/www.extende.com\/wp-content\/uploads\/Figure-08-300x161.png 300w\" sizes=\"auto, (max-width: 600px) 100vw, 600px\" \/><\/p>\n<\/p>\n<p>Pour des raisons de temps de calcul et de limitation du nombre de modes qu\u2019il est possible de calculer simultan\u00e9ment dans CIVA, ce dernier a \u00e9t\u00e9 limit\u00e9. Les simulations pr\u00e9sent\u00e9es ont \u00e9t\u00e9 r\u00e9alis\u00e9es en mode T seul. Il a \u00e9t\u00e9 v\u00e9rifi\u00e9 que la non prise en compte des conversions de modes ne modifiait pas les amplitudes des \u00e9chos multibonds de l\u2019entaille (voir exemple ci-dessous pour l\u2019angle d\u2019incidence de 16\u00b0).<\/p>\n<\/p>\n<p style=\"text-align:center;\"><img loading=\"lazy\" decoding=\"async\" width=\"550\" height=\"565\" alt=\"\" src=\"https:\/\/www.extende.com\/wp-content\/uploads\/Figure-09.png\" class=\"alignnone wp-image-4459\" srcset=\"https:\/\/www.extende.com\/wp-content\/uploads\/Figure-09.png 550w, https:\/\/www.extende.com\/wp-content\/uploads\/Figure-09-292x300.png 292w\" sizes=\"auto, (max-width: 550px) 100vw, 550px\" \/><\/p>\n<\/p>\n<p>Par ailleurs, toujours dans le but de r\u00e9duire le nombre de modes calcul\u00e9s, tous les \u00e9chos en modes T n\u2019ont pas \u00e9t\u00e9 calcul\u00e9s. En effet, la liste des modes propos\u00e9e automatiquement par CIVA est tr\u00e8s longue lorsque le nombre de rebonds augmente (elle comporte 105 modes T pour un calcul d\u2019\u00e9chos apr\u00e8s 7 rebonds du champ sur le fond). Beaucoup de ces modes ne contribuent que tr\u00e8s peu et il n\u2019est donc pas n\u00e9cessaire de tous les calculer. Une liste de modes a donc \u00e9t\u00e9 cr\u00e9\u00e9e manuellement de mani\u00e8re \u00e0 ne calculer qu\u2019une partie de ces \u00e9chos. Cette liste comprend :<\/p>\n<\/p>\n<ul>\n<li>les \u00e9chos multibonds d\u00e9crits plus haut<\/li>\n<li>les \u00e9chos direct et indirect associ\u00e9s \u00e0 chaque \u00e9cho multibonds<\/li>\n<\/ul>\n<p>Ainsi, pour un calcul d\u2019\u00e9chos apr\u00e8s 7 rebonds on trouve dans la liste 21 modes T.<\/p>\n<\/p>\n<p style=\"text-align:center;\"><img loading=\"lazy\" decoding=\"async\" width=\"600\" height=\"98\" alt=\"\" src=\"https:\/\/www.extende.com\/wp-content\/uploads\/Figure-10.png\" class=\"alignnone wp-image-4460\" srcset=\"https:\/\/www.extende.com\/wp-content\/uploads\/Figure-10.png 600w, https:\/\/www.extende.com\/wp-content\/uploads\/Figure-10-300x49.png 300w\" sizes=\"auto, (max-width: 600px) 100vw, 600px\" \/><\/p>\n<\/p>\n<h2 class=\"titre-accordeon\">Reproductibilit\u00e9 et incertitudes exp\u00e9rimentales<\/h2>\n<\/p>\n<p>Une \u00e9tude pr\u00e9liminaire a \u00e9t\u00e9 r\u00e9alis\u00e9e afin de d\u00e9finir la configuration d\u2019\u00e9tude multibonds la plus appropri\u00e9e pour les validations et sa mise en \u0153uvre. L\u2019exp\u00e9rimentation a consist\u00e9 \u00e0 \u00e9valuer la r\u00e9ponse des \u00e9chos multibonds dans une pi\u00e8ce plane pour les trois conditions de couplage suivantes (figure ci-dessous)\u00a0:<\/p>\n<\/p>\n<ul>\n<li>air au-dessus de la pi\u00e8ce et air sous la pi\u00e8ce<\/li>\n<li>film d\u2019eau sur toute la surface de la pi\u00e8ce et air sous la pi\u00e8ce<\/li>\n<li>immersion totale de la pi\u00e8ce dans l\u2019eau.<\/li>\n<\/ul>\n<p>Des essais de reproductibilit\u00e9 ont \u00e9t\u00e9 r\u00e9alis\u00e9s dans les 3 cas.<\/p>\n<\/p>\n<p style=\"text-align:center;\"><img loading=\"lazy\" decoding=\"async\" width=\"600\" height=\"202\" alt=\"\" src=\"https:\/\/www.extende.com\/wp-content\/uploads\/Figure-a.png\" class=\"alignnone wp-image-4461\" srcset=\"https:\/\/www.extende.com\/wp-content\/uploads\/Figure-a.png 600w, https:\/\/www.extende.com\/wp-content\/uploads\/Figure-a-300x101.png 300w\" sizes=\"auto, (max-width: 600px) 100vw, 600px\" \/><\/p>\n<\/p>\n<p>Les r\u00e9sultats des essais, r\u00e9alis\u00e9s \u00e0 deux fr\u00e9quences diff\u00e9rentes (2.25MHz et 5MHz) sont pr\u00e9sent\u00e9s ci-dessous. Les s\u00e9ries d&rsquo;acquisitions ont montr\u00e9 que seuls les r\u00e9sultats dans le cas de l\u2019immersion totale sont reproductibles.<\/p>\n<\/p>\n<p style=\"text-align:center;\"><img loading=\"lazy\" decoding=\"async\" width=\"700\" height=\"378\" alt=\"\" src=\"https:\/\/www.extende.com\/wp-content\/uploads\/Figure-b.png\" class=\"alignnone wp-image-4462\" srcset=\"https:\/\/www.extende.com\/wp-content\/uploads\/Figure-b.png 700w, https:\/\/www.extende.com\/wp-content\/uploads\/Figure-b-300x162.png 300w, https:\/\/www.extende.com\/wp-content\/uploads\/Figure-b-600x324.png 600w\" sizes=\"auto, (max-width: 700px) 100vw, 700px\" \/><\/p>\n<\/p>\n<p>La mise en \u0153uvre immersion a donc \u00e9t\u00e9 choisie pour l\u2019\u00e9tude des \u00e9chos multibonds.<\/p>\n<\/p>\n<p>Pour \u00e9valuer l\u2019incertitude exp\u00e9rimentale li\u00e9e aux param\u00e8tres m\u00e9caniques, aux d\u00e9fauts usin\u00e9s et \u00e0 l\u2019inhomog\u00e9n\u00e9it\u00e9 du mat\u00e9riau des essais de reproductibilit\u00e9 ont \u00e9t\u00e9 r\u00e9alis\u00e9s. Par exemple, l\u2019entaille de la pi\u00e8ce cylindrique a \u00e9t\u00e9 inspect\u00e9e dans deux sens de balayage (Figure ci-dessous).<\/p>\n<\/p>\n<p style=\"text-align:center;\"><img loading=\"lazy\" decoding=\"async\" width=\"359\" height=\"311\" alt=\"\" src=\"https:\/\/www.extende.com\/wp-content\/uploads\/Figure-11.png\" class=\"alignnone wp-image-4463\" srcset=\"https:\/\/www.extende.com\/wp-content\/uploads\/Figure-11.png 359w, https:\/\/www.extende.com\/wp-content\/uploads\/Figure-11-300x260.png 300w\" sizes=\"auto, (max-width: 359px) 100vw, 359px\" \/><\/p>\n<\/p>\n<p>Les r\u00e9sultats de ces deux inspections ainsi qu\u2019une superposition des 2 \u00e9chodynamiques en balayage sont pr\u00e9sent\u00e9s ci-dessous. Les \u00e9carts maximums observ\u00e9s sont inf\u00e9rieurs \u00e0 1dB.<\/p>\n<\/p>\n<p style=\"text-align:center;\"><img loading=\"lazy\" decoding=\"async\" width=\"514\" height=\"585\" alt=\"\" src=\"https:\/\/www.extende.com\/wp-content\/uploads\/Figure-12.png\" class=\"alignnone wp-image-4464\" srcset=\"https:\/\/www.extende.com\/wp-content\/uploads\/Figure-12.png 514w, https:\/\/www.extende.com\/wp-content\/uploads\/Figure-12-264x300.png 264w\" sizes=\"auto, (max-width: 514px) 100vw, 514px\" \/><\/p>\n<\/p>\n<p>L&rsquo;intervalle de confiance des donn\u00e9es exp\u00e9rimentales pr\u00e9sent\u00e9es dans cette page a \u00e9t\u00e9 \u00e9valu\u00e9 \u00e0 +\/-2dB (1dB en raison de l&rsquo;incertitude de la mesure pour le r\u00e9flecteur de r\u00e9f\u00e9rence et 1dB en raison de l&rsquo;incertitude de la mesure pour le d\u00e9faut courant).<\/p>\n<\/p>\n<p>\u00a0<\/p>\n<\/p>\n<p>Continuer vers <a class=\"lien\" href=\"https:\/\/www.extende.com\/fr\/la-simulation-cnd\/documentation\/validation-experimentale-des-modeles-civa\/validation-experimentale-des-modeles-civa-en-ultrasons\/ultrasons-echos-multibonds\/ultrasons-echos-multibonds-sur-piece-cylindrique\/multibonds-cylindrique-mesure-de-lattenuation\/\">Mesure de l&rsquo;att\u00e9nuation<\/a><\/p>\n<\/p>\n<p>Retour vers <a class=\"lien\" href=\"https:\/\/www.extende.com\/fr\/la-simulation-cnd\/documentation\/validation-experimentale-des-modeles-civa\/validation-experimentale-des-modeles-civa-en-ultrasons\/ultrasons-echos-multibonds\/ultrasons-echos-multibonds-sur-piece-cylindrique\/\">Echos multibonds sur pi\u00e8ce cylindrique<\/a><\/p>\n<\/p>\n<p>\u00a0<\/p><\/p>\n","protected":false},"excerpt":{"rendered":"<p>Maquettes Pour l\u2019\u00e9tude des multibonds, deux maquettes sp\u00e9cifiques ont \u00e9t\u00e9 r\u00e9alis\u00e9es : une cale plane et une cale cylindrique de m\u00eame \u00e9paisseur. La cale plane contient une entaille de 2 mm de hauteur et 10 mm d\u2019extension d\u00e9bouchant en fond de pi\u00e8ce ainsi qu&rsquo;un\u00a0TG de 2 mm de diam\u00e8tre dont le centre est situ\u00e9 \u00e0 [&hellip;]<\/p>\n","protected":false},"author":0,"featured_media":0,"parent":3444,"menu_order":0,"comment_status":"closed","ping_status":"closed","template":"templates\/page--extende.html.php","meta":{"_acf_changed":false,"footnotes":""},"class_list":["post-4466","page","type-page","status-publish","hentry"],"acf":[],"_links":{"self":[{"href":"https:\/\/www.extende.com\/fr\/wp-json\/wp\/v2\/pages\/4466","targetHints":{"allow":["GET"]}}],"collection":[{"href":"https:\/\/www.extende.com\/fr\/wp-json\/wp\/v2\/pages"}],"about":[{"href":"https:\/\/www.extende.com\/fr\/wp-json\/wp\/v2\/types\/page"}],"replies":[{"embeddable":true,"href":"https:\/\/www.extende.com\/fr\/wp-json\/wp\/v2\/comments?post=4466"}],"version-history":[{"count":1,"href":"https:\/\/www.extende.com\/fr\/wp-json\/wp\/v2\/pages\/4466\/revisions"}],"predecessor-version":[{"id":5541,"href":"https:\/\/www.extende.com\/fr\/wp-json\/wp\/v2\/pages\/4466\/revisions\/5541"}],"up":[{"embeddable":true,"href":"https:\/\/www.extende.com\/fr\/wp-json\/wp\/v2\/pages\/3444"}],"wp:attachment":[{"href":"https:\/\/www.extende.com\/fr\/wp-json\/wp\/v2\/media?parent=4466"}],"curies":[{"name":"wp","href":"https:\/\/api.w.org\/{rel}","templated":true}]}}