{"id":4481,"date":"2025-06-24T18:38:56","date_gmt":"2025-06-24T16:38:56","guid":{"rendered":""},"modified":"2025-06-24T18:52:11","modified_gmt":"2025-06-24T16:52:11","slug":"multibonds-cylindrique-resultats-obtenus-sur-une-entaille-avec-la-piece-plane","status":"publish","type":"page","link":"https:\/\/www.extende.com\/fr\/la-simulation-cnd\/documentation\/validation-experimentale-des-modeles-civa\/validation-experimentale-des-modeles-civa-en-ultrasons\/ultrasons-echos-multibonds\/ultrasons-echos-multibonds-sur-piece-cylindrique\/multibonds-cylindrique-resultats-obtenus-sur-une-entaille-avec-la-piece-plane\/","title":{"rendered":"Multibonds cylindrique : R\u00e9sultats obtenus sur une entaille avec la pi\u00e8ce plane"},"content":{"rendered":"<p>L\u2019\u00e9valuation des \u00e9chos multibonds a \u00e9t\u00e9 r\u00e9alis\u00e9e sur la pi\u00e8ce plane avec un angle d\u2019incidence de 19\u00b0 afin de g\u00e9n\u00e9rer des ondes T dans la pi\u00e8ce \u00e0 45\u00b0.<\/p>\n<\/p>\n<p>La figure ci-dessous pr\u00e9sente une comparaison entre la simulation et l\u2019exp\u00e9rience pour les trois premiers \u00e9chos multibonds dans la pi\u00e8ce plane.<\/p>\n<\/p>\n<p style=\"text-align:center;\"><img loading=\"lazy\" decoding=\"async\" width=\"600\" height=\"254\" alt=\"\" src=\"https:\/\/www.extende.com\/wp-content\/uploads\/Figure-21.png\" class=\"alignnone wp-image-4477\" srcset=\"https:\/\/www.extende.com\/wp-content\/uploads\/Figure-21.png 600w, https:\/\/www.extende.com\/wp-content\/uploads\/Figure-21-300x127.png 300w\" sizes=\"auto, (max-width: 600px) 100vw, 600px\" \/><\/p>\n<\/p>\n<p>La comparaison simulation\/exp\u00e9rience des \u00e9chos multibonds n\u00b01 \u00e0 7 montre une bonne pr\u00e9diction des courbes \u00e9chodynamiques, des \u00e9chos et de la forme des Ascans (Figure ci-dessous).<\/p>\n<\/p>\n<p style=\"text-align:center;\"><img loading=\"lazy\" decoding=\"async\" width=\"600\" height=\"419\" alt=\"\" src=\"https:\/\/www.extende.com\/wp-content\/uploads\/Figure-22.png\" class=\"alignnone wp-image-4478\" srcset=\"https:\/\/www.extende.com\/wp-content\/uploads\/Figure-22.png 600w, https:\/\/www.extende.com\/wp-content\/uploads\/Figure-22-300x210.png 300w\" sizes=\"auto, (max-width: 600px) 100vw, 600px\" \/><\/p>\n<\/p>\n<p>Les amplitudes des \u00e9chos multibonds d\u00e9croissent lin\u00e9airement avec le parcours ultrasonore dans la pi\u00e8ce (Figure ci-dessous).<\/p>\n<\/p>\n<p style=\"text-align:center;\"><img loading=\"lazy\" decoding=\"async\" width=\"579\" height=\"419\" alt=\"\" src=\"https:\/\/www.extende.com\/wp-content\/uploads\/Figure-23.png\" class=\"alignnone wp-image-4479\" srcset=\"https:\/\/www.extende.com\/wp-content\/uploads\/Figure-23.png 579w, https:\/\/www.extende.com\/wp-content\/uploads\/Figure-23-300x217.png 300w\" sizes=\"auto, (max-width: 579px) 100vw, 579px\" \/><\/p>\n<\/p>\n<p>\u00a0<\/p>\n<\/p>\n<p>La chute d\u2019amplitude est de 47dB entre l\u2019\u00e9cho de coin (\u00e9cho multibonds n\u00b01) et l\u2019\u00e9cho multibonds n\u00b07. Cette tendance est tr\u00e8s bien reproduite avec CIVA. L\u2019\u00e9cart maximum observ\u00e9 est de 2dB entre exp\u00e9rience et simulation (amplitudes r\u00e9f\u00e9renc\u00e9es avec l\u2019amplitude du TG\u00d82mm situ\u00e9 \u00e0 6mm de profondeur dans la pi\u00e8ce plane).<\/p>\n<\/p>\n<p>\u00a0<\/p>\n<\/p>\n<p>Continuer vers\u00a0<a class=\"lien\" href=\"https:\/\/www.extende.com\/fr\/la-simulation-cnd\/documentation\/validation-experimentale-des-modeles-civa\/validation-experimentale-des-modeles-civa-en-ultrasons\/ultrasons-echos-multibonds\/ultrasons-echos-multibonds-sur-piece-cylindrique\/multibonds-cylindrique-resultats-obtenus-sur-une-entaille-avec-la-piece-cylindrique\/\">R\u00e9sultats obtenus sur une entaille avec la pi\u00e8ce cylindrique<\/a><\/p>\n<\/p>\n<p>Retour vers <a class=\"lien\" href=\"https:\/\/www.extende.com\/fr\/la-simulation-cnd\/documentation\/validation-experimentale-des-modeles-civa\/validation-experimentale-des-modeles-civa-en-ultrasons\/ultrasons-echos-multibonds\/ultrasons-echos-multibonds-sur-piece-cylindrique\/\">Echos multibonds sur pi\u00e8ce cylindrique<\/a><\/p><\/p>\n","protected":false},"excerpt":{"rendered":"<p>L\u2019\u00e9valuation des \u00e9chos multibonds a \u00e9t\u00e9 r\u00e9alis\u00e9e sur la pi\u00e8ce plane avec un angle d\u2019incidence de 19\u00b0 afin de g\u00e9n\u00e9rer des ondes T dans la pi\u00e8ce \u00e0 45\u00b0. La figure ci-dessous pr\u00e9sente une comparaison entre la simulation et l\u2019exp\u00e9rience pour les trois premiers \u00e9chos multibonds dans la pi\u00e8ce plane. La comparaison simulation\/exp\u00e9rience des \u00e9chos multibonds [&hellip;]<\/p>\n","protected":false},"author":0,"featured_media":0,"parent":3444,"menu_order":2,"comment_status":"closed","ping_status":"closed","template":"templates\/page--extende.html.php","meta":{"_acf_changed":false,"footnotes":""},"class_list":["post-4481","page","type-page","status-publish","hentry"],"acf":[],"_links":{"self":[{"href":"https:\/\/www.extende.com\/fr\/wp-json\/wp\/v2\/pages\/4481","targetHints":{"allow":["GET"]}}],"collection":[{"href":"https:\/\/www.extende.com\/fr\/wp-json\/wp\/v2\/pages"}],"about":[{"href":"https:\/\/www.extende.com\/fr\/wp-json\/wp\/v2\/types\/page"}],"replies":[{"embeddable":true,"href":"https:\/\/www.extende.com\/fr\/wp-json\/wp\/v2\/comments?post=4481"}],"version-history":[{"count":1,"href":"https:\/\/www.extende.com\/fr\/wp-json\/wp\/v2\/pages\/4481\/revisions"}],"predecessor-version":[{"id":5539,"href":"https:\/\/www.extende.com\/fr\/wp-json\/wp\/v2\/pages\/4481\/revisions\/5539"}],"up":[{"embeddable":true,"href":"https:\/\/www.extende.com\/fr\/wp-json\/wp\/v2\/pages\/3444"}],"wp:attachment":[{"href":"https:\/\/www.extende.com\/fr\/wp-json\/wp\/v2\/media?parent=4481"}],"curies":[{"name":"wp","href":"https:\/\/api.w.org\/{rel}","templated":true}]}}