{"id":4496,"date":"2025-06-24T18:39:02","date_gmt":"2025-06-24T16:39:02","guid":{"rendered":""},"modified":"2025-06-24T18:52:11","modified_gmt":"2025-06-24T16:52:11","slug":"multibonds-cylindrique-resultats-obtenus-sur-une-entaille-avec-la-piece-cylindrique","status":"publish","type":"page","link":"https:\/\/www.extende.com\/fr\/la-simulation-cnd\/documentation\/validation-experimentale-des-modeles-civa\/validation-experimentale-des-modeles-civa-en-ultrasons\/ultrasons-echos-multibonds\/ultrasons-echos-multibonds-sur-piece-cylindrique\/multibonds-cylindrique-resultats-obtenus-sur-une-entaille-avec-la-piece-cylindrique\/","title":{"rendered":"Multibonds cylindrique : R\u00e9sultats obtenus sur une entaille avec la pi\u00e8ce cylindrique"},"content":{"rendered":"<p>Les simulations pr\u00e9sent\u00e9es dans ce paragraphe ont \u00e9t\u00e9 r\u00e9alis\u00e9es avec le coefficient d\u2019att\u00e9nuation d\u00e9termin\u00e9 pour la cale plane, soit 0,045 dB\/mm.<\/p>\n<\/p>\n<h2 class=\"titre-accordeon\">Comparaison des Bscans, \u00e9chodynamiques et Ascans<\/h2>\n<\/p>\n<p>La figure ci-dessous repr\u00e9sente les Bscans exp\u00e9rimental et simul\u00e9 lorsque l\u2019incidence du traducteur est de 16\u00b0.<\/p>\n<\/p>\n<p style=\"text-align:center;\"><img loading=\"lazy\" decoding=\"async\" width=\"650\" height=\"468\" alt=\"\" src=\"https:\/\/www.extende.com\/wp-content\/uploads\/Figure-24.png\" class=\"alignnone wp-image-4482\" srcset=\"https:\/\/www.extende.com\/wp-content\/uploads\/Figure-24.png 650w, https:\/\/www.extende.com\/wp-content\/uploads\/Figure-24-300x216.png 300w, https:\/\/www.extende.com\/wp-content\/uploads\/Figure-24-600x432.png 600w\" sizes=\"auto, (max-width: 650px) 100vw, 650px\" \/><\/p>\n<\/p>\n<p>\u00a0<\/p>\n<\/p>\n<p>La figure ci-dessous repr\u00e9sente les Bscans exp\u00e9rimental et simul\u00e9 lorsque l\u2019incidence du traducteur est de 17\u00b0.<\/p>\n<\/p>\n<p style=\"text-align:center;\"><img loading=\"lazy\" decoding=\"async\" width=\"650\" height=\"459\" alt=\"\" src=\"https:\/\/www.extende.com\/wp-content\/uploads\/Figure-25.png\" class=\"alignnone wp-image-4483\" srcset=\"https:\/\/www.extende.com\/wp-content\/uploads\/Figure-25.png 650w, https:\/\/www.extende.com\/wp-content\/uploads\/Figure-25-300x212.png 300w, https:\/\/www.extende.com\/wp-content\/uploads\/Figure-25-600x424.png 600w\" sizes=\"auto, (max-width: 650px) 100vw, 650px\" \/><\/p>\n<\/p>\n<p>\u00a0<\/p>\n<\/p>\n<p>La figure ci-dessous repr\u00e9sente les Bscans exp\u00e9rimental et simul\u00e9 lorsque l\u2019incidence du traducteur est de 18\u00b0.<\/p>\n<\/p>\n<p style=\"text-align:center;\"><img loading=\"lazy\" decoding=\"async\" width=\"650\" height=\"469\" alt=\"\" src=\"https:\/\/www.extende.com\/wp-content\/uploads\/Figure-26.png\" class=\"alignnone wp-image-4484\" srcset=\"https:\/\/www.extende.com\/wp-content\/uploads\/Figure-26.png 650w, https:\/\/www.extende.com\/wp-content\/uploads\/Figure-26-300x216.png 300w, https:\/\/www.extende.com\/wp-content\/uploads\/Figure-26-600x433.png 600w\" sizes=\"auto, (max-width: 650px) 100vw, 650px\" \/><\/p>\n<\/p>\n<p>La figure ci-dessous repr\u00e9sente les Bscans exp\u00e9rimental et simul\u00e9 lorsque l\u2019incidence du traducteur est de 19\u00b0.<\/p>\n<\/p>\n<p style=\"text-align:center;\"><img loading=\"lazy\" decoding=\"async\" width=\"650\" height=\"443\" alt=\"\" src=\"https:\/\/www.extende.com\/wp-content\/uploads\/Figure-27.png\" class=\"alignnone wp-image-4485\" srcset=\"https:\/\/www.extende.com\/wp-content\/uploads\/Figure-27.png 650w, https:\/\/www.extende.com\/wp-content\/uploads\/Figure-27-300x204.png 300w, https:\/\/www.extende.com\/wp-content\/uploads\/Figure-27-600x409.png 600w\" sizes=\"auto, (max-width: 650px) 100vw, 650px\" \/><\/p>\n<\/p>\n<p>\u00a0<\/p>\n<\/p>\n<p>Sur ces figures, les amplitudes ont \u00e9t\u00e9 recal\u00e9es par rapport \u00e0 l\u2019amplitude maximale du premier \u00e9cho. Le d\u00e9calage en temps de vol appliqu\u00e9 lors de la superposition des Ascans simul\u00e9s et exp\u00e9rimentaux est n\u00e9gligeable (&lt;0.5\u03bcs).<\/p>\n<\/p>\n<p>La comparaison simulation\/exp\u00e9rience des \u00e9chos multibonds montre des diff\u00e9rences. Pour toutes les incidences :<\/p>\n<\/p>\n<ul>\n<li style=\"margin-left: 35.4pt;\">on observe sur les courbes \u00e9chodynamiques que les formes des courbes simul\u00e9es et exp\u00e9rimentales diff\u00e8rent beaucoup. De plus, les amplitudes simul\u00e9es d\u00e9croissent plus rapidement avec le nombre de bonds que les amplitudes mesur\u00e9es.<\/li>\n<li style=\"margin-left: 35.4pt;\">on observe une assez bonne concordance des Ascans mesur\u00e9s et simul\u00e9s pour l\u2019\u00e9cho de coin (n\u00b01).\u00a0 Ensuite la concordance se perd (cf. figures ci-dessus).<\/li>\n<\/ul>\n<\/p>\n<h2 class=\"titre-accordeon\">Comparaison des amplitudes<\/h2>\n<\/p>\n<p>Les amplitudes maximales des \u00e9chos multibonds (r\u00e9f\u00e9renc\u00e9es cette fois avec l\u2019amplitude de l\u2019\u00e9cho du TG de la pi\u00e8ce plane \u00e0 6mm de profondeur) sont repr\u00e9sent\u00e9es en fonction du parcours ultrasonore dans la pi\u00e8ce pour des incidences respectives de 16\u00b0, 17\u00b0, 18\u00b0 et 19\u00b0 (de gauche \u00e0 droite et de haut en bas).<\/p>\n<\/p>\n<p style=\"text-align:center;\"><img loading=\"lazy\" decoding=\"async\" width=\"439\" height=\"308\" alt=\"\" src=\"https:\/\/www.extende.com\/wp-content\/uploads\/Figure-28.png\" class=\"alignnone wp-image-4494\" srcset=\"https:\/\/www.extende.com\/wp-content\/uploads\/Figure-28.png 439w, https:\/\/www.extende.com\/wp-content\/uploads\/Figure-28-300x210.png 300w\" sizes=\"auto, (max-width: 439px) 100vw, 439px\" \/> <img loading=\"lazy\" decoding=\"async\" width=\"385\" height=\"284\" alt=\"\" src=\"https:\/\/www.extende.com\/wp-content\/uploads\/Figure-29.png\" class=\"alignnone wp-image-4495\" srcset=\"https:\/\/www.extende.com\/wp-content\/uploads\/Figure-29.png 385w, https:\/\/www.extende.com\/wp-content\/uploads\/Figure-29-300x221.png 300w\" sizes=\"auto, (max-width: 385px) 100vw, 385px\" \/><\/p>\n<\/p>\n<p style=\"text-align:center;\"><img loading=\"lazy\" decoding=\"async\" width=\"802\" height=\"290\" alt=\"\" src=\"https:\/\/www.extende.com\/wp-content\/uploads\/Figure-30.png\" class=\"alignnone wp-image-4488\" srcset=\"https:\/\/www.extende.com\/wp-content\/uploads\/Figure-30.png 802w, https:\/\/www.extende.com\/wp-content\/uploads\/Figure-30-300x108.png 300w, https:\/\/www.extende.com\/wp-content\/uploads\/Figure-30-768x278.png 768w, https:\/\/www.extende.com\/wp-content\/uploads\/Figure-30-600x217.png 600w\" sizes=\"auto, (max-width: 802px) 100vw, 802px\" \/><\/p>\n<\/p>\n<p>\u00a0<\/p>\n<\/p>\n<p>Pour les 4 incidences, l\u2019amplitude du premier \u00e9cho multibonds (\u00e9cho de coin) est bien pr\u00e9dite par CIVA mais pr\u00e9sente une amplitude l\u00e9g\u00e8rement plus faible (2 dB) par rapport \u00e0 la mesure aux incidences 16\u00b0, 17\u00b0 et 18\u00b0. L\u2019\u00e9cart est de 3dB pour l\u2019incidence de 19\u00b0. On observe \u00e9galement une sous-estimation des amplitudes simul\u00e9es des \u00e9chos multibonds. L\u2019\u00e9cart croit avec le parcours ultrasonore et peut atteindre 4 \u00e0 5dB apr\u00e8s 6 rebonds du champ sur le fond du cylindre.<\/p>\n<\/p>\n<h2 class=\"titre-accordeon\">Effet de l&rsquo;angle d&rsquo;incidence sur les \u00e9chos multibonds<\/h2>\n<\/p>\n<p>Les \u00e9chos multibonds exp\u00e9rimentaux obtenus aux 4 incidences sont compar\u00e9s entre eux et aux r\u00e9sultats de simulation. Les comparaisons ont port\u00e9 sur les amplitudes, les \u00e9chodynamiques et les Ascans de l\u2019\u00e9cho de coin.<\/p>\n<\/p>\n<p>CIVA pr\u00e9dit bien la d\u00e9croissance de l\u2019amplitude des \u00e9chos avec le nombre de rebonds et confirme qu\u2019elle ne d\u00e9pend pas de l\u2019incidence lorsqu\u2019il est compris entre 16\u00b0 \u00e0 18\u00b0 (la r\u00e9f\u00e9rence pour ces superpositions est l\u2019amplitude de l\u2019\u00e9cho de coin \u00e0 l\u2019incidence 16\u00b0). Cependant, pour l\u2019incidence de 19\u00b0, CIVA ne pr\u00e9dit pas la chute d\u2019amplitude de 3 \u00e0 4 dB observ\u00e9e exp\u00e9rimentalement.<\/p>\n<\/p>\n<p style=\"text-align:center;\"><img loading=\"lazy\" decoding=\"async\" width=\"800\" height=\"283\" alt=\"\" src=\"https:\/\/www.extende.com\/wp-content\/uploads\/Figure-31.png\" class=\"alignnone wp-image-4489\" srcset=\"https:\/\/www.extende.com\/wp-content\/uploads\/Figure-31.png 800w, https:\/\/www.extende.com\/wp-content\/uploads\/Figure-31-300x106.png 300w, https:\/\/www.extende.com\/wp-content\/uploads\/Figure-31-768x272.png 768w, https:\/\/www.extende.com\/wp-content\/uploads\/Figure-31-600x212.png 600w\" sizes=\"auto, (max-width: 800px) 100vw, 800px\" \/><\/p>\n<\/p>\n<p>Les superpositions des courbes \u00e9chodynamiques exp\u00e9rimentales et simul\u00e9es (Figure ci-dessous) montrent une forme mal pr\u00e9dite par CIVA d\u00e8s le deuxi\u00e8me \u00e9cho multibonds. De plus, CIVA simule un \u00e9talement de l\u2019\u00e9cho de coin plus\u00a0 important.<\/p>\n<\/p>\n<p style=\"text-align:center;\"><img loading=\"lazy\" decoding=\"async\" width=\"600\" height=\"455\" alt=\"\" src=\"https:\/\/www.extende.com\/wp-content\/uploads\/Figure-32.png\" class=\"alignnone wp-image-4490\" srcset=\"https:\/\/www.extende.com\/wp-content\/uploads\/Figure-32.png 600w, https:\/\/www.extende.com\/wp-content\/uploads\/Figure-32-300x228.png 300w\" sizes=\"auto, (max-width: 600px) 100vw, 600px\" \/><\/p>\n<\/p>\n<p>\u00a0<\/p>\n<\/p>\n<p>D\u2019autre part, la superposition des Ascans montre une mauvaise pr\u00e9diction de l\u2019\u00e9volution de la forme du signal avec l\u2019incidence pour le premier \u00e9cho de coin.<\/p>\n<\/p>\n<p style=\"text-align:center;\"><img loading=\"lazy\" decoding=\"async\" width=\"600\" height=\"209\" alt=\"\" src=\"https:\/\/www.extende.com\/wp-content\/uploads\/Figure-33.png\" class=\"alignnone wp-image-4491\" srcset=\"https:\/\/www.extende.com\/wp-content\/uploads\/Figure-33.png 600w, https:\/\/www.extende.com\/wp-content\/uploads\/Figure-33-300x105.png 300w\" sizes=\"auto, (max-width: 600px) 100vw, 600px\" \/><\/p>\n<\/p>\n<p>\u00a0<\/p>\n<\/p>\n<h2 class=\"titre-accordeon\">Effet de la courbure du cylindre sur les \u00e9chos multibonds<\/h2>\n<\/p>\n<p>La Figure ci-dessous montre une comparaison de la d\u00e9croissance des amplitudes exp\u00e9rimentales et simul\u00e9es des \u00e9chos multibonds dans le cylindre et dans la pi\u00e8ce plane.<\/p>\n<\/p>\n<p style=\"text-align:center;\"><img loading=\"lazy\" decoding=\"async\" width=\"850\" height=\"327\" alt=\"\" src=\"https:\/\/www.extende.com\/wp-content\/uploads\/Figure-34.png\" class=\"alignnone wp-image-4492\" srcset=\"https:\/\/www.extende.com\/wp-content\/uploads\/Figure-34.png 850w, https:\/\/www.extende.com\/wp-content\/uploads\/Figure-34-300x115.png 300w, https:\/\/www.extende.com\/wp-content\/uploads\/Figure-34-768x295.png 768w, https:\/\/www.extende.com\/wp-content\/uploads\/Figure-34-600x231.png 600w\" sizes=\"auto, (max-width: 850px) 100vw, 850px\" \/><\/p>\n<\/p>\n<p>On observe exp\u00e9rimentalement, du fait de la courbure du cylindre, que les amplitudes des \u00e9chos multibonds dans le cylindre sont inf\u00e9rieures \u00e0 celles des \u00e9chos multibonds dans la pi\u00e8ce plane. La diminution de l\u2019amplitude est la m\u00eame pour tous les \u00e9chos multibonds (offset constant entre les courbes dans la pi\u00e8ce plane et cylindrique). En revanche, cela n\u2019est pas le cas en simulation : la perte d\u2019amplitude du premier \u00e9cho dans le cylindre est bien pr\u00e9dite mais la d\u00e9croissance de l\u2019amplitude avec le nombre de bonds augmente au lieu d\u2019\u00eatre constante.<\/p>\n<\/p>\n<p>\u00a0<\/p>\n<\/p>\n<p>Continuer vers <a class=\"lien\" href=\"https:\/\/www.extende.com\/fr\/la-simulation-cnd\/documentation\/validation-experimentale-des-modeles-civa\/validation-experimentale-des-modeles-civa-en-ultrasons\/ultrasons-echos-multibonds\/ultrasons-echos-multibonds-sur-piece-cylindrique\/multibonds-cylindrique-interpretation-des-resultats-de-comparaison-sur-une-entaille\/\">Interpr\u00e9tation des r\u00e9sultats de comparaison sur une entaille<\/a><\/p>\n<\/p>\n<p>Retour vers <a class=\"lien\" href=\"https:\/\/www.extende.com\/fr\/la-simulation-cnd\/documentation\/validation-experimentale-des-modeles-civa\/validation-experimentale-des-modeles-civa-en-ultrasons\/ultrasons-echos-multibonds\/ultrasons-echos-multibonds-sur-piece-cylindrique\/\">Echos multibonds sur pi\u00e8ce cylindrique<\/a><\/p><\/p>\n","protected":false},"excerpt":{"rendered":"<p>Les simulations pr\u00e9sent\u00e9es dans ce paragraphe ont \u00e9t\u00e9 r\u00e9alis\u00e9es avec le coefficient d\u2019att\u00e9nuation d\u00e9termin\u00e9 pour la cale plane, soit 0,045 dB\/mm. Comparaison des Bscans, \u00e9chodynamiques et Ascans La figure ci-dessous repr\u00e9sente les Bscans exp\u00e9rimental et simul\u00e9 lorsque l\u2019incidence du traducteur est de 16\u00b0. \u00a0 La figure ci-dessous repr\u00e9sente les Bscans exp\u00e9rimental et simul\u00e9 lorsque l\u2019incidence [&hellip;]<\/p>\n","protected":false},"author":0,"featured_media":0,"parent":3444,"menu_order":3,"comment_status":"closed","ping_status":"closed","template":"templates\/page--extende.html.php","meta":{"_acf_changed":false,"footnotes":""},"class_list":["post-4496","page","type-page","status-publish","hentry"],"acf":[],"_links":{"self":[{"href":"https:\/\/www.extende.com\/fr\/wp-json\/wp\/v2\/pages\/4496","targetHints":{"allow":["GET"]}}],"collection":[{"href":"https:\/\/www.extende.com\/fr\/wp-json\/wp\/v2\/pages"}],"about":[{"href":"https:\/\/www.extende.com\/fr\/wp-json\/wp\/v2\/types\/page"}],"replies":[{"embeddable":true,"href":"https:\/\/www.extende.com\/fr\/wp-json\/wp\/v2\/comments?post=4496"}],"version-history":[{"count":1,"href":"https:\/\/www.extende.com\/fr\/wp-json\/wp\/v2\/pages\/4496\/revisions"}],"predecessor-version":[{"id":5535,"href":"https:\/\/www.extende.com\/fr\/wp-json\/wp\/v2\/pages\/4496\/revisions\/5535"}],"up":[{"embeddable":true,"href":"https:\/\/www.extende.com\/fr\/wp-json\/wp\/v2\/pages\/3444"}],"wp:attachment":[{"href":"https:\/\/www.extende.com\/fr\/wp-json\/wp\/v2\/media?parent=4496"}],"curies":[{"name":"wp","href":"https:\/\/api.w.org\/{rel}","templated":true}]}}