{"id":4524,"date":"2025-06-24T18:39:07","date_gmt":"2025-06-24T16:39:07","guid":{"rendered":""},"modified":"2025-06-24T18:52:10","modified_gmt":"2025-06-24T16:52:10","slug":"multibonds-cylindrique-interpretation-des-resultats-de-comparaison-sur-un-trou-generatrice","status":"publish","type":"page","link":"https:\/\/www.extende.com\/fr\/la-simulation-cnd\/documentation\/validation-experimentale-des-modeles-civa\/validation-experimentale-des-modeles-civa-en-ultrasons\/ultrasons-echos-multibonds\/ultrasons-echos-multibonds-sur-piece-cylindrique\/multibonds-cylindrique-interpretation-des-resultats-de-comparaison-sur-un-trou-generatrice\/","title":{"rendered":"Multibonds cylindrique : Interpr\u00e9tation des r\u00e9sultats de comparaison sur un Trou G\u00e9n\u00e9ratrice"},"content":{"rendered":"<h2 class=\"titre-accordeon\">Echo direct<\/h2>\n<\/p>\n<p>L\u2019onde de t\u00eate g\u00e9n\u00e9r\u00e9e \u00e0 la surface du cylindre lors des inspections effectu\u00e9e avec un angle d\u2019incidence voisin de 16\u00b0 et donc proche de l\u2019incidence critique pour les ondes L (14.5\u00b0) entra\u00eene une erreur dans la pr\u00e9diction du champ T direct r\u00e9fract\u00e9 dans la pi\u00e8ce. En effet, CIVA ne prend pas en compte l\u2019onde de t\u00eate. Cela explique les \u00e9carts observ\u00e9s entre la mesure et CIVA pour\u00a0 l\u2019\u00e9chodynamique de l\u2019\u00e9cho T direct du TG dans le cylindre pour une incidence de 16\u00b0.\u00a0<\/p>\n<\/p>\n<p style=\"text-align:center;\"><img loading=\"lazy\" decoding=\"async\" width=\"386\" height=\"148\" alt=\"\" src=\"https:\/\/www.extende.com\/wp-content\/uploads\/Figure-54a.png\" class=\"alignnone wp-image-4518\" srcset=\"https:\/\/www.extende.com\/wp-content\/uploads\/Figure-54a.png 386w, https:\/\/www.extende.com\/wp-content\/uploads\/Figure-54a-300x115.png 300w\" sizes=\"auto, (max-width: 386px) 100vw, 386px\" \/> <img loading=\"lazy\" decoding=\"async\" width=\"266\" height=\"168\" alt=\"\" src=\"https:\/\/www.extende.com\/wp-content\/uploads\/Figure-54b.png\" class=\"alignnone wp-image-4519\"><\/p>\n<\/p>\n<p>En revanche, les courbes \u00e9chodynamiques exp\u00e9rimentales et simul\u00e9es de l\u2019\u00e9cho direct du TG dans les pi\u00e8ces plane et cylindrique obtenues avec une incidence de 19 \u00b0 (T45\u00b0 dans la pi\u00e8ce) sont tr\u00e8s proches. En effet, pour ces incidences il n\u2019y a pas d\u2019ondes de t\u00eate g\u00e9n\u00e9r\u00e9es \u00e0 la surface.<\/p>\n<\/p>\n<p style=\"text-align:center;\"><img loading=\"lazy\" decoding=\"async\" width=\"628\" height=\"174\" alt=\"\" src=\"https:\/\/www.extende.com\/wp-content\/uploads\/Figure-55.png\" class=\"alignnone wp-image-4520\" srcset=\"https:\/\/www.extende.com\/wp-content\/uploads\/Figure-55.png 628w, https:\/\/www.extende.com\/wp-content\/uploads\/Figure-55-300x83.png 300w, https:\/\/www.extende.com\/wp-content\/uploads\/Figure-55-600x166.png 600w\" sizes=\"auto, (max-width: 628px) 100vw, 628px\" \/><\/p>\n<\/p>\n<p>\u00a0<\/p>\n<\/p>\n<p>Les Ascans exp\u00e9rimentaux et simul\u00e9s des \u00e9chos directs du TG obtenu pour une incidence de 19\u00b0 sont \u00e9galement tr\u00e8s proches.<\/p>\n<\/p>\n<p style=\"text-align:center;\"><img loading=\"lazy\" decoding=\"async\" width=\"273\" height=\"181\" alt=\"\" src=\"https:\/\/www.extende.com\/wp-content\/uploads\/Figure-56.png\" class=\"alignnone wp-image-4521\"><\/p>\n<\/p>\n<p>\u00a0<\/p>\n<\/p>\n<h2 class=\"titre-accordeon\">Echo indirect<\/h2>\n<\/p>\n<p>Les \u00e9chodynamiques exp\u00e9rimentales et simul\u00e9es des \u00e9chos indirects du TG aux incidences de 16\u00b0 et 19\u00b0 sont en bon accord, idem pour les Ascans. L\u2019accord est cependant meilleur \u00e0 19\u00b0 car pour cette incidence il n\u2019y a pas d\u2019ondes rasantes, ni \u00e0 la surface, ni au fond du cylindre.<\/p>\n<\/p>\n<p style=\"text-align:center;\"><img loading=\"lazy\" decoding=\"async\" width=\"600\" height=\"376\" alt=\"\" src=\"https:\/\/www.extende.com\/wp-content\/uploads\/Figure-57.png\" class=\"alignnone wp-image-4522\" srcset=\"https:\/\/www.extende.com\/wp-content\/uploads\/Figure-57.png 600w, https:\/\/www.extende.com\/wp-content\/uploads\/Figure-57-300x188.png 300w\" sizes=\"auto, (max-width: 600px) 100vw, 600px\" \/><\/p>\n<\/p>\n<p>Finalement :<\/p>\n<\/p>\n<ul>\n<li>\u00e0 l\u2019incidence de 16\u00b0, l\u2019\u00e9chodynamique de l\u2019\u00e9cho T direct du TG est mal pr\u00e9dite par CIVA en raison des ondes de t\u00eate qui ne sont pas prise en compte par CIVA. Il est \u00e9galement possible que des ondes de t\u00eate soient g\u00e9n\u00e9r\u00e9es lors de chaque rebond du champ T \u00e0 la surface du cylindre, entra\u00eenant un cumul des erreurs pour la pr\u00e9diction des \u00e9chos multiples du TG.<\/li>\n<\/ul>\n<ul>\n<li>\u00e0 l\u2019incidence de 19\u00b0, les \u00e9chos directs et indirects du TG sont bien pr\u00e9dits.<\/li>\n<\/ul>\n<\/p>\n<p>\u00a0<\/p>\n<\/p>\n<p>Continuer vers <a class=\"lien\" href=\"https:\/\/www.extende.com\/fr\/la-simulation-cnd\/documentation\/validation-experimentale-des-modeles-civa\/validation-experimentale-des-modeles-civa-en-ultrasons\/ultrasons-echos-multibonds\/ultrasons-echos-multibonds-sur-piece-cylindrique\/multibonds-cylindrique-conclusion\/\">Conclusion<\/a><\/p>\n<\/p>\n<p>Retour vers <a class=\"lien\" href=\"https:\/\/www.extende.com\/fr\/la-simulation-cnd\/documentation\/validation-experimentale-des-modeles-civa\/validation-experimentale-des-modeles-civa-en-ultrasons\/ultrasons-echos-multibonds\/ultrasons-echos-multibonds-sur-piece-cylindrique\/\">Echos multibonds sur pi\u00e8ce cylindrique<\/a><\/p><\/p>\n","protected":false},"excerpt":{"rendered":"<p>Echo direct L\u2019onde de t\u00eate g\u00e9n\u00e9r\u00e9e \u00e0 la surface du cylindre lors des inspections effectu\u00e9e avec un angle d\u2019incidence voisin de 16\u00b0 et donc proche de l\u2019incidence critique pour les ondes L (14.5\u00b0) entra\u00eene une erreur dans la pr\u00e9diction du champ T direct r\u00e9fract\u00e9 dans la pi\u00e8ce. En effet, CIVA ne prend pas en compte [&hellip;]<\/p>\n","protected":false},"author":0,"featured_media":0,"parent":3444,"menu_order":5,"comment_status":"closed","ping_status":"closed","template":"templates\/page--extende.html.php","meta":{"_acf_changed":false,"footnotes":""},"class_list":["post-4524","page","type-page","status-publish","hentry"],"acf":[],"_links":{"self":[{"href":"https:\/\/www.extende.com\/fr\/wp-json\/wp\/v2\/pages\/4524","targetHints":{"allow":["GET"]}}],"collection":[{"href":"https:\/\/www.extende.com\/fr\/wp-json\/wp\/v2\/pages"}],"about":[{"href":"https:\/\/www.extende.com\/fr\/wp-json\/wp\/v2\/types\/page"}],"replies":[{"embeddable":true,"href":"https:\/\/www.extende.com\/fr\/wp-json\/wp\/v2\/comments?post=4524"}],"version-history":[{"count":1,"href":"https:\/\/www.extende.com\/fr\/wp-json\/wp\/v2\/pages\/4524\/revisions"}],"predecessor-version":[{"id":5531,"href":"https:\/\/www.extende.com\/fr\/wp-json\/wp\/v2\/pages\/4524\/revisions\/5531"}],"up":[{"embeddable":true,"href":"https:\/\/www.extende.com\/fr\/wp-json\/wp\/v2\/pages\/3444"}],"wp:attachment":[{"href":"https:\/\/www.extende.com\/fr\/wp-json\/wp\/v2\/media?parent=4524"}],"curies":[{"name":"wp","href":"https:\/\/api.w.org\/{rel}","templated":true}]}}