{"id":4770,"date":"2025-06-24T18:41:49","date_gmt":"2025-06-24T16:41:49","guid":{"rendered":"https:\/\/www.extende.com\/civa-logiciel-de-simulation-cnd\/"},"modified":"2025-10-22T15:15:42","modified_gmt":"2025-10-22T13:15:42","slug":"civa-logiciel-de-simulation-cnd","status":"publish","type":"page","link":"https:\/\/www.extende.com\/fr\/civa-logiciel-de-simulation-cnd\/","title":{"rendered":"CIVA, logiciel de simulation CND"},"content":{"rendered":"<p><img loading=\"lazy\" decoding=\"async\" class=\"wp-image-4771 alignright\" src=\"https:\/\/www.extende.com\/wp-content\/uploads\/Material_Properties_1_Small.png\" alt=\"\" width=\"347\" height=\"180\" align=\"right\" srcset=\"https:\/\/www.extende.com\/wp-content\/uploads\/Material_Properties_1_Small.png 385w, https:\/\/www.extende.com\/wp-content\/uploads\/Material_Properties_1_Small-300x156.png 300w\" sizes=\"auto, (max-width: 347px) 100vw, 347px\" \/><span class=\"g-color1\">CIVA<\/span> est une <span class=\"g-color2\">plate-forme logicielle multi-techniques<\/span> (Ultrasons, Courants de Foucault, Radiographie) <span class=\"g-color2\">d\u00e9velopp\u00e9e par le CEA LIST<\/span> et ses partenaires.<\/p>\n<p>Ce logiciel est d\u00e9velopp\u00e9 depuis le d\u00e9but des ann\u00e9es 1990 et est distribu\u00e9 dans le monde entier depuis 2010 par <span class=\"g-color1\">EXTENDE<\/span> et ses <a class=\"g-lien\" href=\"https:\/\/www.extende.com\/fr\/civa-logiciel-de-simulation-cnd\/a-propos-de-civa\/civa-les-distributeurs\/\" target=\"_self\">distributeurs locaux<\/a>.<\/p>\n<p>&nbsp;<\/p>\n<p><span class=\"g-color1\">CIVA<\/span> est une suite de modules (<a class=\"g-lien\" href=\"https:\/\/www.extende.com\/fr\/civa-logiciel-de-simulation-cnd\/modules-disponibles-dans-civa\/controle-par-ultrasons-avec-civa\/\" target=\"_self\">UT \u2013 Ultrasons<\/a>,<a class=\"g-lien\" href=\"https:\/\/www.extende.com\/fr\/civa-logiciel-de-simulation-cnd\/modules-disponibles-dans-civa\/controle-par-ondes-guidees-avec-civa\/\" target=\"_self\"> GWT \u2013 Ondes Guid\u00e9es<\/a>,\u00a0 <a class=\"g-lien\" href=\"https:\/\/www.extende.com\/fr\/civa-logiciel-de-simulation-cnd\/modules-disponibles-dans-civa\/structural-health-monitoring-avec-civa\/\" target=\"_self\">SHM par Ondes Guid\u00e9es<\/a>, <a class=\"g-lien\" href=\"https:\/\/www.extende.com\/fr\/civa-logiciel-de-simulation-cnd\/modules-disponibles-dans-civa\/controle-par-courants-de-foucault-avec-civa\/\" target=\"_self\">ET \u2013 Courants de Foucault<\/a>, <a class=\"g-lien\" href=\"https:\/\/www.extende.com\/fr\/civa-logiciel-de-simulation-cnd\/modules-disponibles-dans-civa\/controle-par-thermographie-avec-civa\/\" target=\"_self\">TT \u2013 Thermographie<\/a>, <a class=\"g-lien\" href=\"https:\/\/www.extende.com\/fr\/civa-logiciel-de-simulation-cnd\/modules-disponibles-dans-civa\/controle-par-radiographie-et-gammagraphie-avec-civa\/\" target=\"_self\">RT \u2013 Radiographie<\/a>) qui peuvent \u00eatre achet\u00e9s ou lou\u00e9s, ind\u00e9pendamment ou combin\u00e9s, en version monoposte ou r\u00e9seau.<\/p>\n<p>&nbsp;<\/p>\n<p><img loading=\"lazy\" decoding=\"async\" class=\"border alignleft wp-image-4772\" src=\"https:\/\/www.extende.com\/wp-content\/uploads\/CIVA_RT_Pipes_weld_inspection.png\" alt=\"\" width=\"407\" height=\"350\" align=\"left\" srcset=\"https:\/\/www.extende.com\/wp-content\/uploads\/CIVA_RT_Pipes_weld_inspection.png 681w, https:\/\/www.extende.com\/wp-content\/uploads\/CIVA_RT_Pipes_weld_inspection-300x258.png 300w, https:\/\/www.extende.com\/wp-content\/uploads\/CIVA_RT_Pipes_weld_inspection-600x516.png 600w\" sizes=\"auto, (max-width: 407px) 100vw, 407px\" \/>Des modules compl\u00e9mentaires tels que la <a class=\"g-lien\" href=\"https:\/\/www.extende.com\/fr\/civa-logiciel-de-simulation-cnd\/modules-disponibles-dans-civa\/controle-par-tomographie-avec-civa\/\" target=\"_self\">Tomographie<\/a> (n\u00e9cessite le module Radiographie), <a class=\"g-lien\" href=\"https:\/\/www.extende.com\/fr\/civa-logiciel-de-simulation-cnd\/modules-disponibles-dans-civa\/civa-athena2d-ultrasons-par-approche-hybride-sa-fem\/\" target=\"_self\">Athena2D<\/a> ou <a class=\"g-lien\" href=\"https:\/\/www.extende.com\/fr\/civa-logiciel-de-simulation-cnd\/modules-disponibles-dans-civa\/simulation-du-controle-ultrasonore-des-composites-par-difference-finie-avec-civa-fidel-2d\/\" target=\"_self\">Fidel2D<\/a> (modules hybrides combinant CIVA UT avec des codes num\u00e9riques externes issus respectivement de EDF et AIRBUS &#8211; n\u00e9cessitent le <a href=\"https:\/\/www.extende.com\/fr\/civa-logiciel-de-simulation-cnd\/modules-disponibles-dans-civa\/controle-par-ultrasons-avec-civa\/\">module UT<\/a>), <a class=\"g-lien\" href=\"https:\/\/www.extende.com\/fr\/civa-logiciel-de-simulation-cnd\/modules-disponibles-dans-civa\/controle-aut-des-pipelines-avec-civa\/\">CIVA AUT Pipeline<\/a>, <a class=\"g-lien\" title=\"\" href=\"https:\/\/www.extende.com\/fr\/civa-logiciel-de-simulation-cnd\/modules-disponibles-dans-civa\/allez-plus-loin-avec-civa-script\/\" target=\"_blank\" rel=\"noopener\">CIVA Script<\/a> et <a class=\"g-lien\" href=\"https:\/\/www.extende.com\/fr\/civa-logiciel-de-simulation-cnd\/modules-disponibles-dans-civa\/ia-pour-les-end-avec-civa-data-science\/\">CIVA Data Science<\/a> (n\u00e9cessite le module <span class=\"g-color1\">CIVA<\/span> Script) sont aussi disponibles et seront bient\u00f4t compl\u00e9t\u00e9s par d\u2019autres modules.<\/p>\n<p>L\u2019<span class=\"g-color2\">interface<\/span> utilisateur est similaire pour tous les modules, et est <span class=\"g-color2\">adapt\u00e9e au m\u00e9tier du CND<\/span> et \u00e0 ses usages (notions de pi\u00e8ces, d\u00e9fauts, capteurs, sources, mat\u00e9riaux, param\u00e8tres d\u2019acquisition&#8230;).<\/p>\n<p>&nbsp;<\/p>\n<p>La plateforme CIVA apporte non seulement des outils de simulation, mais est \u00e9galement un logiciel puissant d\u2019analyse de donn\u00e9es d&rsquo;acquisitions UT et de traitement des donn\u00e9es d&rsquo;acquisition ou de simulations pour l&rsquo;\u00e9tablissement d&rsquo;outils de diagnostic IA (<span class=\"g-color1\">CIVA<\/span> Data Science).<\/p>\n<p>&nbsp;<\/p>\n<p><img loading=\"lazy\" decoding=\"async\" class=\"border alignright wp-image-2818\" src=\"https:\/\/www.extende.com\/wp-content\/uploads\/ET_Simulation_Example_6.png\" alt=\"\" width=\"509\" height=\"350\" align=\"right\" srcset=\"https:\/\/www.extende.com\/wp-content\/uploads\/ET_Simulation_Example_6.png 964w, https:\/\/www.extende.com\/wp-content\/uploads\/ET_Simulation_Example_6-300x206.png 300w, https:\/\/www.extende.com\/wp-content\/uploads\/ET_Simulation_Example_6-768x528.png 768w, https:\/\/www.extende.com\/wp-content\/uploads\/ET_Simulation_Example_6-600x413.png 600w\" sizes=\"auto, (max-width: 509px) 100vw, 509px\" \/>Comme de multiples syst\u00e8mes d\u2019acquisitions sont d\u00e9sormais compatibles avec <span class=\"g-color1\">CIVA<\/span> UT (syst\u00e8mes EddyFi, Olympus, TPAC, Sonatest, etc.), beaucoup d\u2019utilisateurs <span class=\"g-color1\">CIVA<\/span> souhaitent effectuer directement dans <span class=\"g-color1\">CIVA<\/span> l\u2019analyse de leurs fichiers d&rsquo;acquisition (s\u00e9lection et analyse d&rsquo;indications, rapport d&rsquo;examen, reconstruction, traitement de signal, etc.).<\/p>\n<p>C&rsquo;est maintenant possible avec <a class=\"g-lien\" href=\"https:\/\/www.extende.com\/fr\/civa-logiciel-de-simulation-cnd\/modules-disponibles-dans-civa\/analyse-de-controles-par-ultrasons-avec-civa\/\" target=\"_self\">CIVA Analyse UT<\/a> ! Notre solution \u00ab\u00a0Plug-In\u00a0\u00bb vous laissera \u00e9galement la possibilit\u00e9 de lire les donn\u00e9es acquises par d\u2019autres syst\u00e8mes que ceux mentionn\u00e9s ci-dessus. <span class=\"g-color1\">EXTENDE<\/span> peut fournir le service n\u00e9cessaire \u00e0 l&rsquo;impl\u00e9mentation d\u2019un tel Plug-In.<\/p>\n<p>&nbsp;<\/p>\n<p>Une version simplifi\u00e9e de <span class=\"g-color1\">CIVA<\/span> est \u00e9galement disponible, appel\u00e9e <a class=\"g-lien\" href=\"https:\/\/www.extende.com\/fr\/civa-logiciel-de-simulation-cnd\/civa-education\/\" target=\"_self\">CIVA Education<\/a>. Cette version, tr\u00e8s simple d&rsquo;utilisation, a \u00e9t\u00e9 adapt\u00e9e pour les universit\u00e9s et les centres de formation afin d&rsquo;aider \u00e0 l&rsquo;apprentissage et \u00e0 la compr\u00e9hension des ph\u00e9nom\u00e8nes physiques impliqu\u00e9s dans les CND.<\/p>\n<p>&nbsp;<\/p>\n","protected":false},"excerpt":{"rendered":"<p>CIVA est une plate-forme logicielle multi-techniques (Ultrasons, Courants de Foucault, Radiographie) d\u00e9velopp\u00e9e par le CEA LIST et ses partenaires. Ce logiciel est d\u00e9velopp\u00e9 depuis le d\u00e9but des ann\u00e9es 1990 et est distribu\u00e9 dans le monde entier depuis 2010 par EXTENDE et ses distributeurs locaux. &nbsp; CIVA est une suite de modules (UT \u2013 Ultrasons, GWT [&hellip;]<\/p>\n","protected":false},"author":2,"featured_media":0,"parent":0,"menu_order":0,"comment_status":"closed","ping_status":"closed","template":"templates\/page--extende.html.php","meta":{"_acf_changed":false,"footnotes":""},"class_list":["post-4770","page","type-page","status-publish","hentry"],"acf":[],"_links":{"self":[{"href":"https:\/\/www.extende.com\/fr\/wp-json\/wp\/v2\/pages\/4770","targetHints":{"allow":["GET"]}}],"collection":[{"href":"https:\/\/www.extende.com\/fr\/wp-json\/wp\/v2\/pages"}],"about":[{"href":"https:\/\/www.extende.com\/fr\/wp-json\/wp\/v2\/types\/page"}],"author":[{"embeddable":true,"href":"https:\/\/www.extende.com\/fr\/wp-json\/wp\/v2\/users\/2"}],"replies":[{"embeddable":true,"href":"https:\/\/www.extende.com\/fr\/wp-json\/wp\/v2\/comments?post=4770"}],"version-history":[{"count":3,"href":"https:\/\/www.extende.com\/fr\/wp-json\/wp\/v2\/pages\/4770\/revisions"}],"predecessor-version":[{"id":7002,"href":"https:\/\/www.extende.com\/fr\/wp-json\/wp\/v2\/pages\/4770\/revisions\/7002"}],"wp:attachment":[{"href":"https:\/\/www.extende.com\/fr\/wp-json\/wp\/v2\/media?parent=4770"}],"curies":[{"name":"wp","href":"https:\/\/api.w.org\/{rel}","templated":true}]}}