{"id":4774,"date":"2025-06-24T18:41:50","date_gmt":"2025-06-24T16:41:50","guid":{"rendered":"https:\/\/www.extende.com\/civa-logiciel-de-simulation-cnd\/a-propos-de-civa\/"},"modified":"2025-10-06T14:41:21","modified_gmt":"2025-10-06T12:41:21","slug":"a-propos-de-civa","status":"publish","type":"page","link":"https:\/\/www.extende.com\/fr\/civa-logiciel-de-simulation-cnd\/a-propos-de-civa\/","title":{"rendered":"\u00c0 propos de CIVA"},"content":{"rendered":"<p>Les simulations accessibles par le logiciel <span class=\"g-color1\">CIVA<\/span> permettent <span class=\"g-color2\">d\u2019optimiser<\/span> les choix d\u2019une <span class=\"g-color2\">proc\u00e9dure de contr\u00f4le<\/span>. En effet, le logiciel permet de prendre en compte la plupart des <span class=\"g-color2\">param\u00e8tres influents<\/span> mis en jeu lors d\u2019un contr\u00f4le, tant pour le <span class=\"g-color2\">capteur<\/span>, la <span class=\"g-color2\">g\u00e9om\u00e9trie<\/span> ou le <span class=\"g-color2\">mat\u00e9riau<\/span> de la pi\u00e8ce inspect\u00e9e, que pour les <span class=\"g-color2\">d\u00e9fauts recherch\u00e9s<\/span>. En jouant sur l\u2019ensemble de ces param\u00e8tres, il est alors possible de s\u00e9lectionner la m\u00e9thode la plus <span class=\"g-color2\">appropri\u00e9e<\/span> au contr\u00f4le \u00e0 effectuer, ou encore d\u2019\u00e9valuer la <span class=\"g-color2\">performance<\/span> et la <span class=\"g-color2\">pertinence<\/span> d\u2019une proc\u00e9dure existante.<\/p>\n<p>La simulation est un<span class=\"g-color2\"> atout majeur de r\u00e9duction des co\u00fbts<\/span>. La possibilit\u00e9 de faire varier les param\u00e8tres d\u2019un contr\u00f4le (de fa\u00e7on ma\u00eetris\u00e9e) permet par exemple d\u2019anticiper le contr\u00f4le <span class=\"g-color2\">d\u00e8s le stade de la conception<\/span> d\u2019un composant, ou encore de <span class=\"g-color2\">minimiser le nombre de maquettes<\/span> \u00e0 r\u00e9aliser pour d\u00e9montrer la <span class=\"g-color2\">performance<\/span> d\u2019un contr\u00f4le. Les <span class=\"g-color2\">\u00e9tudes param\u00e9triques<\/span> sont d\u00e9sormais encore plus puissantes gr\u00e2ce \u00e0 l&rsquo;approche r\u00e9volutionnaire offerte par les <span class=\"g-color2\">m\u00e9tamod\u00e8les<\/span> qui donnent acc\u00e8s \u00e0 une somme colossale de sc\u00e9nario d&rsquo;inspection en temps r\u00e9el et qui aident fortement les <span class=\"g-color2\">analyses de sensibilit\u00e9<\/span>. Par ailleurs, CIVA UT donne acc\u00e8s \u00e0 deux familles de mod\u00e8les distincts (semi-analytiques et \u00e9l\u00e9ments finis), ce qui offre l&rsquo;opportunit\u00e9 \u00e0 l&rsquo;utilisateur de faire de la <span class=\"g-color2\">validation crois\u00e9e de ses simulations<\/span>, ce qui est un atout majeur, notamment dans le cadre de travaux de justification technique. <span class=\"g-color1\">CIVA<\/span> permet \u00e9galement de calculer des courbes POD (Probability Of Detection), en se basant sur la prise en compte de certains param\u00e8tres d\u2019entr\u00e9e incertains, ce qui joue un r\u00f4le majeur dans le contexte des MAPOD (Model Assisted POD) pour appuyer des campagnes POD exp\u00e9rimentales afin d\u2019am\u00e9liorer leur fiabilit\u00e9 et de r\u00e9duire leur co\u00fbt. La conception d\u2019un capteur peut par ailleurs \u00eatre guid\u00e9e par les outils de simulation, notamment lorsqu\u2019il s\u2019agit de technologie multi-\u00e9l\u00e9ments ou EMAT.<\/p>\n<p>&nbsp;<\/p>\n<div style=\"text-align: center;\">\n<p><a class=\"mediabox\" href=\"https:\/\/www.extende.com\/wp-content\/uploads\/Infographie_simulation_large_FR.jpg\"><img loading=\"lazy\" decoding=\"async\" class=\"border alignnone wp-image-4784\" src=\"https:\/\/www.extende.com\/wp-content\/uploads\/Infographie_simulation_large_FR.jpg\" alt=\"\" width=\"848\" height=\"600\" srcset=\"https:\/\/www.extende.com\/wp-content\/uploads\/Infographie_simulation_large_FR.jpg 1087w, https:\/\/www.extende.com\/wp-content\/uploads\/Infographie_simulation_large_FR-300x212.jpg 300w, https:\/\/www.extende.com\/wp-content\/uploads\/Infographie_simulation_large_FR-1024x724.jpg 1024w, https:\/\/www.extende.com\/wp-content\/uploads\/Infographie_simulation_large_FR-768x543.jpg 768w, https:\/\/www.extende.com\/wp-content\/uploads\/Infographie_simulation_large_FR-600x424.jpg 600w\" sizes=\"auto, (max-width: 848px) 100vw, 848px\" \/><\/a><\/p>\n<\/div>\n<p>&nbsp;<\/p>\n<p>Les domaines d\u2019application de <span class=\"g-color1\">CIVA<\/span> sont tr\u00e8s vari\u00e9s.<\/p>\n<p><span class=\"g-color1\">CIVA<\/span> est utilis\u00e9 dans le domaine <span class=\"g-color2\">Nucl\u00e9aire<\/span> par la plupart des acteurs mondiaux, de la France \u00e0 la Cor\u00e9e du Sud, en passant par les Etats-Unis, la Chine ou le Japon. Conception de nouveaux contr\u00f4les, mise en place de solutions innovantes \u00e0 l\u2019aide de capteurs multi \u00e9l\u00e9ments, d\u00e9monstration de performance ou qualification de dossier, <span class=\"g-color1\">CIVA<\/span> est un atout incontournable pour allier optimisation technique et r\u00e9duction des co\u00fbts.<\/p>\n<p><span class=\"g-color2\">L\u2019a\u00e9ronautique<\/span> est un domaine dans lequel <span class=\"g-color1\">CIVA<\/span> apporte aussi des solutions rentables. La prise en compte de mat\u00e9riaux complexes, la possibilit\u00e9 de pr\u00e9dire le comportement de la m\u00e9thode sur des pi\u00e8ces de g\u00e9om\u00e9tries vari\u00e9es, l\u2019\u00e9tendue consid\u00e9rable des capteurs et sondes disponibles donnent aux bureaux d\u2019\u00e9tudes et aux concepteurs de contr\u00f4les un atout qui devient rapidement incontournable.<\/p>\n<p>Dans les domaines comme les <span class=\"g-color2\">transports<\/span>, la <span class=\"g-color2\">m\u00e9tallurgie<\/span>, <span class=\"g-color2\">l\u2019a\u00e9rospatiale<\/span>, la <span class=\"g-color2\">p\u00e9trochimie<\/span>, <span class=\"g-color1\">CIVA<\/span> apporte non seulement une <span class=\"g-color2\">solution technique<\/span>, permettant aussi de <span class=\"g-color2\">comprendre<\/span> les ph\u00e9nom\u00e8nes complexes, mais <span class=\"g-color1\">CIVA<\/span> est aussi et avant tout un <span class=\"g-color2\">moyen de r\u00e9duire les co\u00fbts<\/span>.<\/p>\n<p>&nbsp;<\/p>\n<h2 class=\"titre-paragraphe\">Approfondir les possibilit\u00e9s<\/h2>\n<p>La plateforme logicielle <span class=\"g-color1\">CIVA<\/span> int\u00e8gre de nombreuses techniques majeures de Contr\u00f4le Non Destructif :<\/p>\n<ul>\n<li><a class=\"lien2\" href=\"https:\/\/www.extende.com\/fr\/civa-logiciel-de-simulation-cnd\/modules-disponibles-dans-civa\/controle-par-ultrasons-avec-civa\/\" target=\"_self\">Contr\u00f4le Ultrasonore<\/a><\/li>\n<li><a class=\"lien2\" href=\"https:\/\/www.extende.com\/fr\/civa-logiciel-de-simulation-cnd\/modules-disponibles-dans-civa\/controle-aut-des-pipelines-avec-civa\/\" target=\"_self\">Contr\u00f4le Ultrasonore Automatis\u00e9 des Pipelines<\/a><\/li>\n<li><a class=\"lien2\" href=\"https:\/\/www.extende.com\/fr\/civa-logiciel-de-simulation-cnd\/modules-disponibles-dans-civa\/controle-par-ondes-guidees-avec-civa\/\" target=\"_self\">Contr\u00f4le par Ondes Guid\u00e9es<\/a><\/li>\n<li><a class=\"lien2\" href=\"https:\/\/www.extende.com\/fr\/civa-logiciel-de-simulation-cnd\/modules-disponibles-dans-civa\/structural-health-monitoring-avec-civa\/\" target=\"_self\">Structural Health Monitoring par Ondes Guid\u00e9es<\/a><\/li>\n<li><a class=\"lien2\" href=\"https:\/\/www.extende.com\/fr\/civa-logiciel-de-simulation-cnd\/modules-disponibles-dans-civa\/controle-par-courants-de-foucault-avec-civa\/\" target=\"_self\">Contr\u00f4le par Courants de Foucault<\/a><\/li>\n<li><a class=\"lien2\" href=\"https:\/\/www.extende.com\/fr\/civa-logiciel-de-simulation-cnd\/modules-disponibles-dans-civa\/controle-par-thermographie-avec-civa\/\" target=\"_self\">Contr\u00f4le par Thermographie<\/a><\/li>\n<li><a class=\"lien2\" href=\"https:\/\/www.extende.com\/fr\/civa-logiciel-de-simulation-cnd\/modules-disponibles-dans-civa\/controle-par-radiographie-et-gammagraphie-avec-civa\/\" target=\"_self\">Contr\u00f4le Radiographique<\/a><\/li>\n<li><a class=\"lien2\" href=\"https:\/\/www.extende.com\/fr\/civa-logiciel-de-simulation-cnd\/modules-disponibles-dans-civa\/controle-par-tomographie-avec-civa\/\" target=\"_self\">Tomographie X<\/a><\/li>\n<\/ul>\n<p>La philosophie du logiciel <span class=\"g-color1\">CIVA<\/span> est tout d\u2019abord de proposer aux utilisateurs un <span class=\"g-color2\">confort d\u2019utilisation<\/span> maximum dans un contexte le plus proche possible de leur <span class=\"g-color2\">contexte industriel<\/span>. Ainsi, quelle que soit la technique consid\u00e9r\u00e9e, <span class=\"g-color1\">CIVA<\/span> permet de d\u00e9finir une configuration de contr\u00f4le via des interfaces graphiques intuitives et <span class=\"g-color2\">orient\u00e9es \u00ab\u00a0m\u00e9tier\u00a0\u00bb<\/span>. Ces interfaces graphiques synchronis\u00e9es \u00e0 des outils de <span class=\"g-color2\">visualisation 3D<\/span> permettent \u00e0 un utilisateur de param\u00e9trer de fa\u00e7on tr\u00e8s simple et visuelle la technique de contr\u00f4le s\u00e9lectionn\u00e9e, la pi\u00e8ce \u00e0 contr\u00f4ler et le capteur choisi pour effectuer le contr\u00f4le. Apr\u00e8s avoir implant\u00e9 le ou les d\u00e9fauts recherch\u00e9s dans la pi\u00e8ce \u00e0 inspecter, puis d\u00e9fini la zone d\u2019inspection, le contr\u00f4le peut \u00eatre r\u00e9alis\u00e9 en lan\u00e7ant le calcul de simulation.<\/p>\n","protected":false},"excerpt":{"rendered":"<p>Qu&rsquo;est ce que CIVA, le logiciel de simulation CND ?<\/p>\n","protected":false},"author":2,"featured_media":0,"parent":4770,"menu_order":0,"comment_status":"closed","ping_status":"closed","template":"templates\/page--extende.html.php","meta":{"_acf_changed":false,"footnotes":""},"class_list":["post-4774","page","type-page","status-publish","hentry"],"acf":[],"_links":{"self":[{"href":"https:\/\/www.extende.com\/fr\/wp-json\/wp\/v2\/pages\/4774","targetHints":{"allow":["GET"]}}],"collection":[{"href":"https:\/\/www.extende.com\/fr\/wp-json\/wp\/v2\/pages"}],"about":[{"href":"https:\/\/www.extende.com\/fr\/wp-json\/wp\/v2\/types\/page"}],"author":[{"embeddable":true,"href":"https:\/\/www.extende.com\/fr\/wp-json\/wp\/v2\/users\/2"}],"replies":[{"embeddable":true,"href":"https:\/\/www.extende.com\/fr\/wp-json\/wp\/v2\/comments?post=4774"}],"version-history":[{"count":3,"href":"https:\/\/www.extende.com\/fr\/wp-json\/wp\/v2\/pages\/4774\/revisions"}],"predecessor-version":[{"id":6949,"href":"https:\/\/www.extende.com\/fr\/wp-json\/wp\/v2\/pages\/4774\/revisions\/6949"}],"up":[{"embeddable":true,"href":"https:\/\/www.extende.com\/fr\/wp-json\/wp\/v2\/pages\/4770"}],"wp:attachment":[{"href":"https:\/\/www.extende.com\/fr\/wp-json\/wp\/v2\/media?parent=4774"}],"curies":[{"name":"wp","href":"https:\/\/api.w.org\/{rel}","templated":true}]}}