{"id":4781,"date":"2025-06-24T18:41:51","date_gmt":"2025-06-24T16:41:51","guid":{"rendered":"https:\/\/www.extende.com\/civa-logiciel-de-simulation-cnd\/civa-education\/"},"modified":"2025-12-03T16:37:04","modified_gmt":"2025-12-03T15:37:04","slug":"civa-education","status":"publish","type":"page","link":"https:\/\/www.extende.com\/fr\/civa-logiciel-de-simulation-cnd\/civa-education\/","title":{"rendered":"CIVA \u00c9ducation"},"content":{"rendered":"<div style=\"text-align: center;\"><img loading=\"lazy\" decoding=\"async\" class=\"aligncenter wp-image-7076\" src=\"https:\/\/www.extende.com\/wp-content\/uploads\/logo-CIVA-NDE-education-v2-300x110.jpg\" alt=\"\" width=\"499\" height=\"183\" srcset=\"https:\/\/www.extende.com\/wp-content\/uploads\/logo-CIVA-NDE-education-v2-300x110.jpg 300w, https:\/\/www.extende.com\/wp-content\/uploads\/logo-CIVA-NDE-education-v2-1024x375.jpg 1024w, https:\/\/www.extende.com\/wp-content\/uploads\/logo-CIVA-NDE-education-v2-768x281.jpg 768w, https:\/\/www.extende.com\/wp-content\/uploads\/logo-CIVA-NDE-education-v2-600x220.jpg 600w, https:\/\/www.extende.com\/wp-content\/uploads\/logo-CIVA-NDE-education-v2.jpg 1329w\" sizes=\"auto, (max-width: 499px) 100vw, 499px\" \/><\/div>\n<p>&nbsp;<\/p>\n<div class=\"corner-wrapper\">\n<div class=\"corner-frame\">\u00ab\u00a0<span class=\"g-color1\">CIVA<\/span> <span class=\"g-color3\">Education<\/span> est vraiment un tr\u00e8s beau produit qui nous offre de nouvelles possibilit\u00e9s de supports permettant la valorisation de nos formations.\u00a0\u00bb<br \/>\n<em>\u2013 Centre de formation CND de l\u2019arm\u00e9e de l\u2019air Fran\u00e7aise, Base A\u00e9rienne de Rochefort<\/em><\/div>\n<\/div>\n<p>&nbsp;<\/p>\n<p>CIVA <span class=\"g-color3\">Education<\/span>, version simplifi\u00e9e du logiciel de simulation de r\u00e9f\u00e9rence en CND CIVA, est <span class=\"g-color2\">l\u2019outil id\u00e9al pour vous aider \u00e0 faire comprendre<\/span> \u00e0 vos \u00e9tudiants et stagiaires <span class=\"g-color2\">la \u00ab\u00a0physique qui se cache derri\u00e8re les CND\u00a0\u00bb<\/span> de fa\u00e7on efficace, et \u00e0 faible co\u00fbt.<\/p>\n<p>Les r\u00e9sultats bruts fournis par les syst\u00e8mes d\u2019inspection CND ne sont pas toujours faciles \u00e0 interpr\u00e9ter en raison des nombreux param\u00e8tres d&rsquo;entr\u00e9e et des ph\u00e9nom\u00e8nes physiques complexes impliqu\u00e9s dans une inspection CND.<\/p>\n<p>En outre, le temps, les pi\u00e8ces et les appareils disponibles pour former des \u00e9tudiants ou des op\u00e9rateurs sur la physique des CND est assez limit\u00e9. En effet, le programme se concentre souvent sur la pratique des CND (manipulation de la sonde, r\u00e9glage du syst\u00e8me, etc.).<\/p>\n<p>L&rsquo;<span class=\"g-color2\">interface simple, r\u00e9aliste, et interactive de CIVA Education<\/span> facilite la mise en avant des principaux ph\u00e9nom\u00e8nes et la compr\u00e9hension de r\u00e9sultats CND typiques, dans un environnement visuel et \u00ab m\u00e9tier \u00bb.<\/p>\n<p>Il <span class=\"g-color2\">fournit un grand nombre d\u2019images et de courbes d&rsquo;analyse<\/span>, pour aider \u00e0 la <span class=\"g-color2\">compr\u00e9hension des r\u00e9sultats de fa\u00e7on plus efficace<\/span> qu&rsquo;en comparant de simples signaux bruts ensemble.<\/p>\n<p>Gr\u00e2ce \u00e0 des <span class=\"g-color2\">temps de calculs rapides<\/span>, les utilisateurs peuvent <span class=\"g-color2\">facilement essayer diff\u00e9rentes configurations d&rsquo;inspection<\/span>\u00a0et comprendre l&rsquo;importance et l\u2019influence des principaux param\u00e8tres d&rsquo;entr\u00e9e (g\u00e9om\u00e9trie et dimensions des composants, propri\u00e9t\u00e9s des mat\u00e9riaux, type et param\u00e8tres des sources\/sondes, emplacement et dimensions des d\u00e9fauts, etc.).<\/p>\n<p>&nbsp;<\/p>\n<p>D\u00e9couvrez cet outil, adapt\u00e9 pour les universit\u00e9s et les centres de formation, \u00e0 partir du logiciel de simulation de r\u00e9f\u00e9rence en CND !<\/p>\n<p>&nbsp;<\/p>\n<h3>Version de CIVA Education disponible<\/h3>\n<ul>\n<li><a class=\"pdf\" title=\"\" href=\"https:\/\/www.extende.com\/wp-content\/uploads\/CIVA_Education_v2_Release_Note_FR.pdf\" target=\"_blank\" rel=\"noopener\">Release Note de CIVA Education version 2<\/a><\/li>\n<li><a class=\"pdf\" title=\"\" href=\"https:\/\/www.extende.com\/wp-content\/uploads\/CIVA_Education_v2_Description_FR.pdf\" target=\"_blank\" rel=\"noopener\">Descriptif technique de CIVA Education version 2<\/a><\/li>\n<\/ul>\n","protected":false},"excerpt":{"rendered":"<p>CIVA, logiciel de simulation CND pour l&rsquo;\u00e9ducation, vous aide \u00e0 expliquer la physique des CND \u00e0 vos \u00e9tudiants<\/p>\n","protected":false},"author":2,"featured_media":0,"parent":4770,"menu_order":2,"comment_status":"closed","ping_status":"closed","template":"templates\/page--extende.html.php","meta":{"_acf_changed":false,"footnotes":""},"class_list":["post-4781","page","type-page","status-publish","hentry"],"acf":[],"_links":{"self":[{"href":"https:\/\/www.extende.com\/fr\/wp-json\/wp\/v2\/pages\/4781","targetHints":{"allow":["GET"]}}],"collection":[{"href":"https:\/\/www.extende.com\/fr\/wp-json\/wp\/v2\/pages"}],"about":[{"href":"https:\/\/www.extende.com\/fr\/wp-json\/wp\/v2\/types\/page"}],"author":[{"embeddable":true,"href":"https:\/\/www.extende.com\/fr\/wp-json\/wp\/v2\/users\/2"}],"replies":[{"embeddable":true,"href":"https:\/\/www.extende.com\/fr\/wp-json\/wp\/v2\/comments?post=4781"}],"version-history":[{"count":3,"href":"https:\/\/www.extende.com\/fr\/wp-json\/wp\/v2\/pages\/4781\/revisions"}],"predecessor-version":[{"id":7079,"href":"https:\/\/www.extende.com\/fr\/wp-json\/wp\/v2\/pages\/4781\/revisions\/7079"}],"up":[{"embeddable":true,"href":"https:\/\/www.extende.com\/fr\/wp-json\/wp\/v2\/pages\/4770"}],"wp:attachment":[{"href":"https:\/\/www.extende.com\/fr\/wp-json\/wp\/v2\/media?parent=4781"}],"curies":[{"name":"wp","href":"https:\/\/api.w.org\/{rel}","templated":true}]}}