{"id":4841,"date":"2025-06-24T18:42:01","date_gmt":"2025-06-24T16:42:01","guid":{"rendered":"https:\/\/www.extende.com\/civa-logiciel-de-simulation-cnd\/a-propos-de-civa\/civa-les-distributeurs\/"},"modified":"2025-07-16T16:53:53","modified_gmt":"2025-07-16T14:53:53","slug":"civa-les-distributeurs","status":"publish","type":"page","link":"https:\/\/www.extende.com\/fr\/civa-logiciel-de-simulation-cnd\/a-propos-de-civa\/civa-les-distributeurs\/","title":{"rendered":"CIVA, les distributeurs"},"content":{"rendered":"<p><span class=\"g-color1\">EXTENDE<\/span> distribue <span class=\"g-color1\">CIVA<\/span> dans le monde entier avec le soutien de tout un <span class=\"g-color2\">r\u00e9seau de distributeurs<\/span> permettant de r\u00e9pondre aux sp\u00e9cificit\u00e9s de chaque r\u00e9gion. La plate-forme logicielle <span class=\"g-color1\">CIVA<\/span> est utilis\u00e9e dans <span class=\"g-color2\">plus de 40 pays<\/span> \u00e0 travers le monde gr\u00e2ce \u00e0 l&rsquo;implication de tous.<\/p>\n<p>&nbsp;<\/p>\n<div style=\"text-align: center;\">\n<table class=\" aligncenter\" style=\"width: 750px;\" width=\"750\">\n<tbody>\n<tr>\n<td><img loading=\"lazy\" decoding=\"async\" width=\"19\" height=\"19\" class=\"alignnone wp-image-4796\" style=\"margin-bottom: -5px; margin-right: 5px;\" src=\"https:\/\/www.extende.com\/wp-content\/uploads\/actu-cn.png\" alt=\"\" \/>ATAMI TECHNOLOGIES Inc. pour la Chine<\/td>\n<td><a href=\"http:\/\/www.matrixndt.com\/\" target=\"_blank\" rel=\"noopener\"><img loading=\"lazy\" decoding=\"async\" class=\"alignnone wp-image-4797\" src=\"https:\/\/www.extende.com\/wp-content\/uploads\/Logo_ATAMI_TECHNOLOGIES.jpg\" alt=\"\" width=\"194\" height=\"70\" \/><\/a><\/td>\n<\/tr>\n<tr>\n<td><img loading=\"lazy\" decoding=\"async\" width=\"19\" height=\"19\" class=\"alignnone wp-image-4794\" style=\"margin-right: 5px;\" src=\"https:\/\/www.extende.com\/wp-content\/uploads\/actu-jp.png\" alt=\"\" \/> <a class=\"g-lien\" href=\"http:\/\/www.insightkk.co.jp\/index.php\/fr\/\" target=\"_blank\" rel=\"noopener\">Insight K.K.<\/a> pour le Japon<\/td>\n<td><a href=\"http:\/\/www.insightkk.co.jp\/index.php\/fr\/\" target=\"_blank\" rel=\"noopener\"><img loading=\"lazy\" decoding=\"async\" class=\"alignnone wp-image-4795 size-full\" src=\"https:\/\/www.extende.com\/wp-content\/uploads\/Logo_Insight_kk.jpg\" alt=\"\" width=\"250\" height=\"50\" \/><\/a><\/td>\n<\/tr>\n<p><!-- \n\n\n\n\n<tr>\n\n\n<td><img decoding=\"async\" alt=\"\" src=\"https:\/\/www.extende.com\/images\/extende\/drapeaux\/actu-in.png\" style=\"margin-right: 5px;\" \/> <a class=\"g-lien\" href=\"http:\/\/ndts.co.in\/\" target=\"_blank\">NDTS<\/a> pour l'Inde<\/td>\n\n\n\n\n<td><a href=\"http:\/\/ndts.co.in\/\" target=\"_blank\"><img decoding=\"async\" alt=\"\" height=\"50\" src=\"https:\/\/www.extende.com\/images\/extende\/partenaires\/NDTS.jpg\" \/><\/a><\/td>\n\n\n<\/tr>\n\n\n\n\n --><\/p>\n<tr>\n<td><img loading=\"lazy\" decoding=\"async\" width=\"19\" height=\"19\" class=\"alignnone wp-image-4798\" style=\"margin-right: 5px;\" src=\"https:\/\/www.extende.com\/wp-content\/uploads\/actu-kr.png\" alt=\"\" \/> <a class=\"g-lien\" href=\"http:\/\/www.jaewoo.com\/\" target=\"_blank\" rel=\"noopener\">Jaewoo<\/a> pour la Cor\u00e9e du Sud<\/td>\n<td><a href=\"http:\/\/www.jaewoo.com\/\" target=\"_blank\" rel=\"noopener\"><img loading=\"lazy\" decoding=\"async\" class=\"alignnone wp-image-4799 size-full\" src=\"https:\/\/www.extende.com\/wp-content\/uploads\/Logo_Jaewoo.gif\" alt=\"\" width=\"170\" height=\"50\" \/><\/a><\/td>\n<\/tr>\n<p><!-- \n\n\n\n\n<tr>\n\n\n<td><img decoding=\"async\" alt=\"\" src=\"https:\/\/www.extende.com\/images\/extende\/drapeaux\/actu-ru.png\" style=\"margin-right: 5px;\" \/> <a class=\"g-lien\" href=\"http:\/\/www.locus.spb.ru\/\" target=\"_blank\">Locus<\/a> pour la Russie<\/td>\n\n\n\n\n<td><a href=\"http:\/\/www.locus.spb.ru\/\" target=\"_blank\"><span style=\"display: inline-block; width: 0px; overflow: hidden; line-height: 0;\" data-mce-type=\"bookmark\" class=\"mce_SELRES_start\"><\/span><img decoding=\"async\" alt=\"\" height=\"50\" src=\"https:\/\/www.extende.com\/images\/extende\/partenaires\/Logo_Locus.png\" \/><span style=\"display: inline-block; width: 0px; overflow: hidden; line-height: 0;\" data-mce-type=\"bookmark\" class=\"mce_SELRES_end\"><\/span><\/a><\/td>\n\n\n<\/tr>\n\n\n\n\n --><\/p>\n<tr>\n<td><img loading=\"lazy\" decoding=\"async\" width=\"19\" height=\"19\" class=\"alignnone wp-image-4800\" style=\"margin-right: 5px;\" src=\"https:\/\/www.extende.com\/wp-content\/uploads\/actu-us-1.png\" alt=\"\" \/><img loading=\"lazy\" decoding=\"async\" width=\"19\" height=\"19\" class=\"alignnone wp-image-4801\" style=\"margin-right: 5px;\" src=\"https:\/\/www.extende.com\/wp-content\/uploads\/actu-ca.png\" alt=\"\" \/> <span class=\"g-color1\">EXTENDE Inc.<\/span> pour les Etats-Unis et le Canada<\/td>\n<td><img loading=\"lazy\" decoding=\"async\" class=\"alignnone wp-image-4802 size-full\" src=\"https:\/\/www.extende.com\/wp-content\/uploads\/Logo_EXTENDE.jpg\" alt=\"\" width=\"192\" height=\"60\" \/><\/td>\n<\/tr>\n<tr>\n<td><img loading=\"lazy\" decoding=\"async\" width=\"19\" height=\"19\" class=\"alignnone wp-image-4803\" style=\"margin-right: 5px;\" src=\"https:\/\/www.extende.com\/wp-content\/uploads\/actu-wo.png\" alt=\"\" \/> <span class=\"g-color1\">EXTENDE<\/span> pour le reste du monde<\/td>\n<td><img loading=\"lazy\" decoding=\"async\" class=\"alignnone wp-image-4802 size-full\" src=\"https:\/\/www.extende.com\/wp-content\/uploads\/Logo_EXTENDE.jpg\" alt=\"\" width=\"192\" height=\"60\" \/><\/td>\n<\/tr>\n<\/tbody>\n<\/table>\n<\/div>\n<p>&nbsp;<\/p>\n<div style=\"text-align: center;\"><a class=\"mediabox\" href=\"https:\/\/www.extende.com\/wp-content\/uploads\/World_Map_Civa_1480x720.png\"><img loading=\"lazy\" decoding=\"async\" class=\"border alignnone wp-image-4804\" src=\"https:\/\/www.extende.com\/wp-content\/uploads\/World_Map_Civa_1480x720.png\" alt=\"\" width=\"750\" height=\"365\" srcset=\"https:\/\/www.extende.com\/wp-content\/uploads\/World_Map_Civa_1480x720.png 1480w, https:\/\/www.extende.com\/wp-content\/uploads\/World_Map_Civa_1480x720-300x146.png 300w, https:\/\/www.extende.com\/wp-content\/uploads\/World_Map_Civa_1480x720-1024x498.png 1024w, https:\/\/www.extende.com\/wp-content\/uploads\/World_Map_Civa_1480x720-768x374.png 768w, https:\/\/www.extende.com\/wp-content\/uploads\/World_Map_Civa_1480x720-600x292.png 600w, https:\/\/www.extende.com\/wp-content\/uploads\/World_Map_Civa_1480x720-1400x681.png 1400w\" sizes=\"auto, (max-width: 750px) 100vw, 750px\" \/><\/a><\/div>\n<p>&nbsp;<\/p>\n<div style=\"text-align: center;\"><img loading=\"lazy\" decoding=\"async\" width=\"19\" height=\"19\" class=\"alignnone wp-image-4805\" src=\"https:\/\/www.extende.com\/wp-content\/uploads\/actu-ar.png\" alt=\"\" \/> <img loading=\"lazy\" decoding=\"async\" width=\"19\" height=\"19\" class=\"alignnone wp-image-4806\" src=\"https:\/\/www.extende.com\/wp-content\/uploads\/actu-au.png\" alt=\"\" \/> <img loading=\"lazy\" decoding=\"async\" width=\"19\" height=\"19\" class=\"alignnone wp-image-4807\" src=\"https:\/\/www.extende.com\/wp-content\/uploads\/actu-be.png\" alt=\"\" \/> <img loading=\"lazy\" decoding=\"async\" width=\"19\" height=\"19\" class=\"alignnone wp-image-4808\" src=\"https:\/\/www.extende.com\/wp-content\/uploads\/actu-br.png\" alt=\"\" \/> <img loading=\"lazy\" decoding=\"async\" width=\"19\" height=\"19\" class=\"alignnone wp-image-4801\" src=\"https:\/\/www.extende.com\/wp-content\/uploads\/actu-ca.png\" alt=\"\" \/> <img loading=\"lazy\" decoding=\"async\" width=\"19\" height=\"19\" class=\"alignnone wp-image-4809\" src=\"https:\/\/www.extende.com\/wp-content\/uploads\/actu-ch.png\" alt=\"\" \/> <img loading=\"lazy\" decoding=\"async\" width=\"19\" height=\"19\" class=\"alignnone wp-image-4796\" src=\"https:\/\/www.extende.com\/wp-content\/uploads\/actu-cn.png\" alt=\"\" \/> <img loading=\"lazy\" decoding=\"async\" width=\"19\" height=\"19\" class=\"alignnone wp-image-4810\" src=\"https:\/\/www.extende.com\/wp-content\/uploads\/actu-cz.png\" alt=\"\" \/> <img loading=\"lazy\" decoding=\"async\" width=\"19\" height=\"19\" class=\"alignnone wp-image-4811\" src=\"https:\/\/www.extende.com\/wp-content\/uploads\/actu-de.png\" alt=\"\" \/> <img loading=\"lazy\" decoding=\"async\" width=\"19\" height=\"19\" class=\"alignnone wp-image-4812\" src=\"https:\/\/www.extende.com\/wp-content\/uploads\/actu-dk.png\" alt=\"\" \/> <img loading=\"lazy\" decoding=\"async\" width=\"19\" height=\"19\" class=\"alignnone wp-image-4813\" src=\"https:\/\/www.extende.com\/wp-content\/uploads\/actu-es.png\" alt=\"\" \/> <img loading=\"lazy\" decoding=\"async\" width=\"19\" height=\"19\" class=\"alignnone wp-image-4814\" src=\"https:\/\/www.extende.com\/wp-content\/uploads\/actu-fi.png\" alt=\"\" \/> <img loading=\"lazy\" decoding=\"async\" width=\"19\" height=\"19\" class=\"alignnone wp-image-4815\" src=\"https:\/\/www.extende.com\/wp-content\/uploads\/actu-fr-1.png\" alt=\"\" \/> <img loading=\"lazy\" decoding=\"async\" width=\"19\" height=\"19\" class=\"alignnone wp-image-4816\" src=\"https:\/\/www.extende.com\/wp-content\/uploads\/actu-gb.png\" alt=\"\" \/> <img loading=\"lazy\" decoding=\"async\" width=\"19\" height=\"19\" class=\"alignnone wp-image-4817\" src=\"https:\/\/www.extende.com\/wp-content\/uploads\/actu-gr.png\" alt=\"\" \/> <img loading=\"lazy\" decoding=\"async\" width=\"19\" height=\"19\" class=\"alignnone wp-image-4818\" src=\"https:\/\/www.extende.com\/wp-content\/uploads\/actu-hr.png\" alt=\"\" \/><img loading=\"lazy\" decoding=\"async\" width=\"19\" height=\"19\" class=\"alignnone wp-image-4819\" src=\"https:\/\/www.extende.com\/wp-content\/uploads\/actu-hu.png\" alt=\"\" \/> <img loading=\"lazy\" decoding=\"async\" width=\"19\" height=\"19\" class=\"alignnone wp-image-4820\" src=\"https:\/\/www.extende.com\/wp-content\/uploads\/actu-id.png\" alt=\"\" \/> <img loading=\"lazy\" decoding=\"async\" width=\"19\" height=\"19\" class=\"alignnone wp-image-4821\" src=\"https:\/\/www.extende.com\/wp-content\/uploads\/actu-il.png\" alt=\"\" \/> <img loading=\"lazy\" decoding=\"async\" width=\"19\" height=\"19\" class=\"alignnone wp-image-4822\" src=\"https:\/\/www.extende.com\/wp-content\/uploads\/actu-in.png\" alt=\"\" \/> <img loading=\"lazy\" decoding=\"async\" width=\"19\" height=\"19\" class=\"alignnone wp-image-4823\" src=\"https:\/\/www.extende.com\/wp-content\/uploads\/actu-it.png\" alt=\"\" \/> <img loading=\"lazy\" decoding=\"async\" width=\"19\" height=\"19\" class=\"alignnone wp-image-4794\" src=\"https:\/\/www.extende.com\/wp-content\/uploads\/actu-jp.png\" alt=\"\" \/> <img loading=\"lazy\" decoding=\"async\" width=\"19\" height=\"19\" class=\"alignnone wp-image-4798\" src=\"https:\/\/www.extende.com\/wp-content\/uploads\/actu-kr.png\" alt=\"\" \/> <img loading=\"lazy\" decoding=\"async\" width=\"19\" height=\"19\" class=\"alignnone wp-image-4824\" src=\"https:\/\/www.extende.com\/wp-content\/uploads\/actu-lt.png\" alt=\"\" \/> <img loading=\"lazy\" decoding=\"async\" width=\"19\" height=\"19\" class=\"alignnone wp-image-4825\" src=\"https:\/\/www.extende.com\/wp-content\/uploads\/actu-mx.png\" alt=\"\" \/> <img loading=\"lazy\" decoding=\"async\" width=\"19\" height=\"19\" class=\"alignnone wp-image-4826\" src=\"https:\/\/www.extende.com\/wp-content\/uploads\/actu-my.png\" alt=\"\" \/> <img loading=\"lazy\" decoding=\"async\" width=\"19\" height=\"19\" class=\"alignnone wp-image-4827\" src=\"https:\/\/www.extende.com\/wp-content\/uploads\/actu-nl.png\" alt=\"\" \/> <img loading=\"lazy\" decoding=\"async\" width=\"19\" height=\"19\" class=\"alignnone wp-image-4828\" src=\"https:\/\/www.extende.com\/wp-content\/uploads\/actu-no.png\" alt=\"\" \/> <img loading=\"lazy\" decoding=\"async\" width=\"19\" height=\"19\" class=\"alignnone wp-image-4829\" src=\"https:\/\/www.extende.com\/wp-content\/uploads\/actu-pl.png\" alt=\"\" \/> <img loading=\"lazy\" decoding=\"async\" width=\"19\" height=\"19\" class=\"alignnone wp-image-4830\" src=\"https:\/\/www.extende.com\/wp-content\/uploads\/actu-pt.png\" alt=\"\" \/> <img loading=\"lazy\" decoding=\"async\" width=\"19\" height=\"19\" class=\"alignnone wp-image-4831\" src=\"https:\/\/www.extende.com\/wp-content\/uploads\/actu-qa.png\" alt=\"\" \/> <img loading=\"lazy\" decoding=\"async\" width=\"19\" height=\"19\" class=\"alignnone wp-image-4832\" src=\"https:\/\/www.extende.com\/wp-content\/uploads\/actu-ro.png\" alt=\"\" \/> <img loading=\"lazy\" decoding=\"async\" width=\"19\" height=\"19\" class=\"alignnone wp-image-2845\" src=\"https:\/\/www.extende.com\/wp-content\/uploads\/actu-ru.png\" alt=\"\" \/> <img loading=\"lazy\" decoding=\"async\" width=\"19\" height=\"19\" class=\"alignnone wp-image-4833\" src=\"https:\/\/www.extende.com\/wp-content\/uploads\/actu-se.png\" alt=\"\" \/> <img loading=\"lazy\" decoding=\"async\" width=\"19\" height=\"19\" class=\"alignnone wp-image-4834\" src=\"https:\/\/www.extende.com\/wp-content\/uploads\/actu-sg.png\" alt=\"\" \/> <img loading=\"lazy\" decoding=\"async\" width=\"19\" height=\"19\" class=\"alignnone wp-image-4835\" src=\"https:\/\/www.extende.com\/wp-content\/uploads\/actu-sk.png\" alt=\"\" \/> <img loading=\"lazy\" decoding=\"async\" width=\"19\" height=\"19\" class=\"alignnone wp-image-4836\" src=\"https:\/\/www.extende.com\/wp-content\/uploads\/actu-tn.png\" alt=\"\" \/> <img loading=\"lazy\" decoding=\"async\" width=\"19\" height=\"19\" class=\"alignnone wp-image-4837\" src=\"https:\/\/www.extende.com\/wp-content\/uploads\/actu-tr.png\" alt=\"\" \/> <img loading=\"lazy\" decoding=\"async\" width=\"19\" height=\"19\" class=\"alignnone wp-image-4838\" src=\"https:\/\/www.extende.com\/wp-content\/uploads\/actu-tw.png\" alt=\"\" \/> <img loading=\"lazy\" decoding=\"async\" width=\"19\" height=\"19\" class=\"alignnone wp-image-4800\" src=\"https:\/\/www.extende.com\/wp-content\/uploads\/actu-us-1.png\" alt=\"\" \/> <img loading=\"lazy\" decoding=\"async\" width=\"19\" height=\"19\" class=\"alignnone wp-image-4839\" src=\"https:\/\/www.extende.com\/wp-content\/uploads\/actu-za.png\" alt=\"\" \/><\/div>\n","protected":false},"excerpt":{"rendered":"<p>Les distributeurs de CIVA dans le monde<\/p>\n","protected":false},"author":2,"featured_media":0,"parent":4774,"menu_order":2,"comment_status":"closed","ping_status":"closed","template":"templates\/page--extende.html.php","meta":{"_acf_changed":false,"footnotes":""},"class_list":["post-4841","page","type-page","status-publish","hentry"],"acf":[],"_links":{"self":[{"href":"https:\/\/www.extende.com\/fr\/wp-json\/wp\/v2\/pages\/4841","targetHints":{"allow":["GET"]}}],"collection":[{"href":"https:\/\/www.extende.com\/fr\/wp-json\/wp\/v2\/pages"}],"about":[{"href":"https:\/\/www.extende.com\/fr\/wp-json\/wp\/v2\/types\/page"}],"author":[{"embeddable":true,"href":"https:\/\/www.extende.com\/fr\/wp-json\/wp\/v2\/users\/2"}],"replies":[{"embeddable":true,"href":"https:\/\/www.extende.com\/fr\/wp-json\/wp\/v2\/comments?post=4841"}],"version-history":[{"count":3,"href":"https:\/\/www.extende.com\/fr\/wp-json\/wp\/v2\/pages\/4841\/revisions"}],"predecessor-version":[{"id":6398,"href":"https:\/\/www.extende.com\/fr\/wp-json\/wp\/v2\/pages\/4841\/revisions\/6398"}],"up":[{"embeddable":true,"href":"https:\/\/www.extende.com\/fr\/wp-json\/wp\/v2\/pages\/4774"}],"wp:attachment":[{"href":"https:\/\/www.extende.com\/fr\/wp-json\/wp\/v2\/media?parent=4841"}],"curies":[{"name":"wp","href":"https:\/\/api.w.org\/{rel}","templated":true}]}}