{"id":5046,"date":"2025-06-24T18:43:31","date_gmt":"2025-06-24T16:43:31","guid":{"rendered":"https:\/\/www.extende.com\/civa-logiciel-de-simulation-cnd\/modules-disponibles-dans-civa\/controle-par-tomographie-avec-civa\/"},"modified":"2025-07-21T17:36:15","modified_gmt":"2025-07-21T15:36:15","slug":"controle-par-tomographie-avec-civa","status":"publish","type":"page","link":"https:\/\/www.extende.com\/fr\/civa-logiciel-de-simulation-cnd\/modules-disponibles-dans-civa\/controle-par-tomographie-avec-civa\/","title":{"rendered":"Contr\u00f4le par Tomographie avec CIVA"},"content":{"rendered":"<p>Le module CT offre la m\u00eame interface et les m\u00eames capacit\u00e9s que le <a class=\"g-lien\" title=\"\" href=\"https:\/\/www.extende.com\/fr\/civa-logiciel-de-simulation-cnd\/modules-disponibles-dans-civa\/controle-par-radiographie-et-gammagraphie-avec-civa\/\">Module RT<\/a> en termes de :<\/p>\n<ul class=\"liste-carres-noirs\">\n<li>Pi\u00e8ces<\/li>\n<li>Sources (rayons X, Gamma ou hautes \u00e9nergies)<\/li>\n<li>D\u00e9tecteurs num\u00e9riques<\/li>\n<li>D\u00e9fauts<\/li>\n<li>Options de calcul : simulation des rayonnements directs et diffus\u00e9s<\/li>\n<\/ul>\n<p>&nbsp;<\/p>\n<h2 class=\"titre-paragraphe\">Exemples de simulations<\/h2>\n<div style=\"text-align: center;\"><img loading=\"lazy\" decoding=\"async\" class=\"no-border alignnone wp-image-5037 size-full\" src=\"https:\/\/www.extende.com\/wp-content\/uploads\/CIVA_CT_02.png\" alt=\"\" width=\"200\" height=\"200\" srcset=\"https:\/\/www.extende.com\/wp-content\/uploads\/CIVA_CT_02.png 200w, https:\/\/www.extende.com\/wp-content\/uploads\/CIVA_CT_02-150x150.png 150w\" sizes=\"auto, (max-width: 200px) 100vw, 200px\" \/> <img loading=\"lazy\" decoding=\"async\" class=\"no-border alignnone wp-image-5038 size-full\" src=\"https:\/\/www.extende.com\/wp-content\/uploads\/CIVA_CT_03.png\" alt=\"\" width=\"220\" height=\"200\" \/><br \/>\n<img loading=\"lazy\" decoding=\"async\" class=\"no-border aligncenter wp-image-5039 size-full\" src=\"https:\/\/www.extende.com\/wp-content\/uploads\/CIVA_CT_Dragon.png\" alt=\"\" width=\"480\" height=\"195\" srcset=\"https:\/\/www.extende.com\/wp-content\/uploads\/CIVA_CT_Dragon.png 480w, https:\/\/www.extende.com\/wp-content\/uploads\/CIVA_CT_Dragon-300x122.png 300w\" sizes=\"auto, (max-width: 480px) 100vw, 480px\" \/><br \/>\n<img loading=\"lazy\" decoding=\"async\" class=\"no-border aligncenter wp-image-5040 size-full\" src=\"https:\/\/www.extende.com\/wp-content\/uploads\/CIVA_CT_Lightbulb.png\" alt=\"\" width=\"444\" height=\"277\" srcset=\"https:\/\/www.extende.com\/wp-content\/uploads\/CIVA_CT_Lightbulb.png 444w, https:\/\/www.extende.com\/wp-content\/uploads\/CIVA_CT_Lightbulb-300x187.png 300w\" sizes=\"auto, (max-width: 444px) 100vw, 444px\" \/><br \/>\n<span class=\"couleur3\">Reconstruction CT obtenues avec CIVA<\/span><\/div>\n<p>&nbsp;<\/p>\n<h2 class=\"titre-paragraphe\">Points sp\u00e9cifiques<\/h2>\n<p>Les points sp\u00e9cifiques au module CT sont :<\/p>\n<ul class=\"liste-carres-noirs\">\n<li>Le positionnement<\/li>\n<li>Le d\u00e9placement tomographique<\/li>\n<li>La reconstruction 3D<\/li>\n<li>L&rsquo;import de donn\u00e9es exp\u00e9rimentales<\/li>\n<\/ul>\n<p>&nbsp;<\/p>\n<h2 class=\"titre-paragraphe\">Positionnement<\/h2>\n<p>Une option de positionnement permet \u00e0 l&rsquo;utilisateur de d\u00e9finir le syst\u00e8me de positionnement {d\u00e9tecteur-source}.<\/p>\n<p>L&rsquo;utilisateur peut d\u00e9sormais saisir la distance source-axe et d\u00e9tecteur-axe de fa\u00e7on semi-automatique.<\/p>\n<p>Une option de correction de d\u00e9salignement compl\u00e8te les options de positionnement (utile notamment pour l&rsquo;import de donn\u00e9es exp\u00e9rimentales). <span class=\"g-color2\">Il est possible de d\u00e9finir un d\u00e9calage<\/span> de la source et \/ ou du d\u00e9tecteur pour corriger un d\u00e9salignement par rapport \u00e0 la pi\u00e8ce \u00e0 inspecter.<\/p>\n<p>&nbsp;<\/p>\n<h2 class=\"titre-paragraphe\">D\u00e9placement Tomographique<\/h2>\n<p>Comme la pi\u00e8ce est un objet fixe dans <span class=\"g-color1\">CIVA<\/span>, le couple source-d\u00e9tecteur pivote autour de la pi\u00e8ce.<\/p>\n<p>Diff\u00e9rents d\u00e9placements tomographiques peuvent \u00eatre mod\u00e9lis\u00e9s\u00a0:<\/p>\n<ul class=\"liste-carres-noirs\">\n<li>Un d\u00e9placement circulaire pour lequel l\u2019utilisateur d\u00e9finit le nombre de position et le pas entre chaque position,<\/li>\n<li>Un d\u00e9placement h\u00e9lico\u00efdal pour lequel l\u2019utilisateur d\u00e9finit la longueur de d\u00e9placement, le nombre de tours, le nombre de positions par tour et l\u2019angle maximum.<\/li>\n<li>Un d\u00e9placement arbitraire plus complexe (par exemple des <span class=\"g-color2\">trajectoires robotiques<\/span>)<\/li>\n<li>Un scan lin\u00e9aire de la source peut aussi \u00eatre effectu\u00e9 en association avec des d\u00e9tecteurs lin\u00e9aires. Cela aide \u00e0 r\u00e9duire les artefacts dus \u00e0 la divergence de la source et am\u00e9liore les reconstructions CT gr\u00e2ce \u00e0 une meilleure qualit\u00e9 des diff\u00e9rentes projections.<\/li>\n<\/ul>\n<p>&nbsp;<\/p>\n<div style=\"text-align: center;\"><a class=\"mediabox\" title=\"\" href=\"https:\/\/www.extende.com\/wp-content\/uploads\/CIVA_CT_circular_scanning.png\"><img loading=\"lazy\" decoding=\"async\" class=\"no-border alignnone wp-image-5041\" src=\"https:\/\/www.extende.com\/wp-content\/uploads\/CIVA_CT_circular_scanning.png\" alt=\"\" width=\"224\" height=\"200\" \/><\/a><a class=\"mediabox\" href=\"https:\/\/www.extende.com\/wp-content\/uploads\/CIVA_CT_complex_scanning.png\"><img loading=\"lazy\" decoding=\"async\" class=\"no-border alignnone wp-image-5042\" src=\"https:\/\/www.extende.com\/wp-content\/uploads\/CIVA_CT_helical_scanning.png\" alt=\"\" width=\"232\" height=\"200\" \/><img loading=\"lazy\" decoding=\"async\" class=\"no-border alignnone wp-image-5043\" src=\"https:\/\/www.extende.com\/wp-content\/uploads\/CIVA_CT_complex_scanning.png\" alt=\"\" width=\"324\" height=\"200\" srcset=\"https:\/\/www.extende.com\/wp-content\/uploads\/CIVA_CT_complex_scanning.png 374w, https:\/\/www.extende.com\/wp-content\/uploads\/CIVA_CT_complex_scanning-300x185.png 300w\" sizes=\"auto, (max-width: 324px) 100vw, 324px\" \/><\/a><\/div>\n<div style=\"text-align: center;\"><span class=\"couleur3\">Illustration des d\u00e9placements tomographiques circulaires (gauche), h\u00e9lico\u00efdal et complexes (droite)<\/span><\/div>\n<p>&nbsp;<\/p>\n<p>Un nombre arbitraire de positions peut \u00eatre d\u00e9fini. CIVA lance automatiquement la simulation RT pour toutes les positions demand\u00e9es.<\/p>\n<p>&nbsp;<\/p>\n<h2 class=\"titre-paragraphe\">R\u00e9sultats<\/h2>\n<h3 class=\"titre-paragraphe\">R\u00e9sultats pour chaque projection<\/h3>\n<p>Les donn\u00e9es correspondant aux coupes sont g\u00e9n\u00e9r\u00e9es pour chaque position et les r\u00e9sultats correspondants peuvent \u00eatre affich\u00e9s. Ces r\u00e9sultats sont identiques \u00e0 ceux du module RT et d\u00e9pendent du d\u00e9tecteur et des options de calcul. Tous les outils d&rsquo;analyse de\u00a0<span class=\"g-color1\">CIVA<\/span> RT sont \u00e9galement disponibles dans <span class=\"g-color1\">CIVA<\/span> Tomographie (CT).<\/p>\n<p>&nbsp;<\/p>\n<h3 class=\"titre-paragraphe\">Import de donn\u00e9es CT<\/h3>\n<p><span class=\"g-color1\">CIVA<\/span> permet l&rsquo;<span class=\"g-color2\">import de r\u00e9sultats exp\u00e9rimentaux<\/span> depuis des donn\u00e9es d&rsquo;acquisition. Diff\u00e9rents formats d&rsquo;acquisition sont disponibles. Si le format que vous utilisez est incompatible avec l&rsquo;outil d&rsquo;import de <span class=\"g-color1\">CIVA<\/span>, il est possible de demander l&rsquo;int\u00e9gration de ce format via des plugins (d\u00e9veloppements sp\u00e9cifiques).<\/p>\n<p>&nbsp;<\/p>\n<h3 class=\"titre-paragraphe\">Reconstruction 3D<\/h3>\n<p>Une fois que les donn\u00e9es sont acquises, elles doivent \u00eatre trait\u00e9es en utilisant un algorithme de reconstruction tomographique, qui produit une s\u00e9rie d&rsquo;images en coupes transversales.<\/p>\n<p>&nbsp;<\/p>\n<div style=\"text-align: center;\"><a class=\"mediabox\" title=\"\" href=\"https:\/\/www.extende.com\/wp-content\/uploads\/CIVA_CT_3D_Reconstruction.png\"><img loading=\"lazy\" decoding=\"async\" class=\"no-border aligncenter wp-image-5044\" src=\"https:\/\/www.extende.com\/wp-content\/uploads\/CIVA_CT_3D_Reconstruction.png\" alt=\"\" width=\"437\" height=\"200\" srcset=\"https:\/\/www.extende.com\/wp-content\/uploads\/CIVA_CT_3D_Reconstruction.png 795w, https:\/\/www.extende.com\/wp-content\/uploads\/CIVA_CT_3D_Reconstruction-300x137.png 300w, https:\/\/www.extende.com\/wp-content\/uploads\/CIVA_CT_3D_Reconstruction-768x352.png 768w, https:\/\/www.extende.com\/wp-content\/uploads\/CIVA_CT_3D_Reconstruction-600x275.png 600w\" sizes=\"auto, (max-width: 437px) 100vw, 437px\" \/><\/a><\/div>\n<p>&nbsp;<\/p>\n<p>Les algorithmes utilis\u00e9s dans la version actuelle de <span class=\"g-color1\">CIVA<\/span> sont l&rsquo;<span class=\"g-color2\">algorithme FDK<\/span> (Feldkamp, Davis et Kress) pour les d\u00e9placements circulaires et h\u00e9lico\u00efdaux et <span class=\"g-color2\">PIXTV<\/span> pour le d\u00e9placement circulaire, et <span class=\"g-color2\">SART<\/span> pour les trajectoires complexes.<\/p>\n<ul class=\"liste-carres-noirs\">\n<li>L&rsquo;algorithme FDK (Feldkamp, Davis and Kress) est un algorithme de r\u00e9troprojection filtr\u00e9e largement utilis\u00e9 pour la reconstruction d&rsquo;images tridimensionnelles.<\/li>\n<li>L&rsquo;algorithme PIXTV est bas\u00e9 sur la th\u00e9orie du \u00ab\u00a0compressed sensing\u00a0\u00bb. Il s&rsquo;agit d&rsquo;un algorithme de reconstruction it\u00e9ratif qui minimise la norme de variation totale (TV).<\/li>\n<\/ul>\n<p>Les reconstructions avec l\u2019algorithme FDK peuvent \u00eatre parall\u00e9lis\u00e9es sur CPU et GPU Celles avec PixTV sont parall\u00e9lis\u00e9es sur GPU<\/p>\n<p>Une fois le traitement termin\u00e9, une nouvelle page d&rsquo;analyse s&rsquo;ouvre avec la pi\u00e8ce reconstruite en 3D. De nombreux outils sont alors disponibles pour repr\u00e9senter le composant reconstruit : affichage des <span class=\"g-color2\">iso surfaces<\/span>, <span class=\"g-color2\">rendu volumique<\/span>, etc.<\/p>\n<p>Pour finir, l&rsquo;utilisateur a la possibilit\u00e9 de voir les diff\u00e9rentes coupes 2D et de d\u00e9placer les diff\u00e9rents plans. Toutes les sections et la vue 3D reconstruite sont reli\u00e9es entre elles : en <span class=\"g-color2\">d\u00e9pla\u00e7ant un curseur<\/span> dans une vue, <span class=\"g-color2\">toutes les autres pages d&rsquo;analyse sont actualis\u00e9es<\/span> en temps r\u00e9el pour une meilleure interpr\u00e9tation des r\u00e9sultats.<\/p>\n","protected":false},"excerpt":{"rendered":"<p>Le module tomographie de CIVA, logiciel de simulation CND<\/p>\n","protected":false},"author":2,"featured_media":0,"parent":4776,"menu_order":6,"comment_status":"closed","ping_status":"closed","template":"templates\/page--extende.html.php","meta":{"_acf_changed":false,"footnotes":""},"class_list":["post-5046","page","type-page","status-publish","hentry"],"acf":[],"_links":{"self":[{"href":"https:\/\/www.extende.com\/fr\/wp-json\/wp\/v2\/pages\/5046","targetHints":{"allow":["GET"]}}],"collection":[{"href":"https:\/\/www.extende.com\/fr\/wp-json\/wp\/v2\/pages"}],"about":[{"href":"https:\/\/www.extende.com\/fr\/wp-json\/wp\/v2\/types\/page"}],"author":[{"embeddable":true,"href":"https:\/\/www.extende.com\/fr\/wp-json\/wp\/v2\/users\/2"}],"replies":[{"embeddable":true,"href":"https:\/\/www.extende.com\/fr\/wp-json\/wp\/v2\/comments?post=5046"}],"version-history":[{"count":3,"href":"https:\/\/www.extende.com\/fr\/wp-json\/wp\/v2\/pages\/5046\/revisions"}],"predecessor-version":[{"id":6701,"href":"https:\/\/www.extende.com\/fr\/wp-json\/wp\/v2\/pages\/5046\/revisions\/6701"}],"up":[{"embeddable":true,"href":"https:\/\/www.extende.com\/fr\/wp-json\/wp\/v2\/pages\/4776"}],"wp:attachment":[{"href":"https:\/\/www.extende.com\/fr\/wp-json\/wp\/v2\/media?parent=5046"}],"curies":[{"name":"wp","href":"https:\/\/api.w.org\/{rel}","templated":true}]}}