{"id":5057,"date":"2025-06-24T18:43:36","date_gmt":"2025-06-24T16:43:36","guid":{"rendered":"https:\/\/www.extende.com\/civa-logiciel-de-simulation-cnd\/modules-disponibles-dans-civa\/analyse-de-controles-par-ultrasons-avec-civa\/"},"modified":"2025-10-22T17:32:53","modified_gmt":"2025-10-22T15:32:53","slug":"analyse-de-controles-par-ultrasons-avec-civa","status":"publish","type":"page","link":"https:\/\/www.extende.com\/fr\/civa-logiciel-de-simulation-cnd\/modules-disponibles-dans-civa\/analyse-de-controles-par-ultrasons-avec-civa\/","title":{"rendered":"Analyse de contr\u00f4les par ultrasons avec CIVA"},"content":{"rendered":"<p>Le module d\u2019analyse a pour objectif premier d\u2019afficher des donn\u00e9es d\u2019acquisition de fa\u00e7on claire et intuitive, puis d\u2019extraire efficacement les informations li\u00e9es aux indications, de fa\u00e7on \u00e0 renseigner un rapport d\u2019examen dynamique, tout en \u00e9vitant de r\u00e9p\u00e9ter les op\u00e9rations fastidieuses.<\/p>\n<p>&nbsp;<\/p>\n<h2 class=\"titre-paragraphe\">Tous les outils essentiels<\/h2>\n<p>Les informations sont affich\u00e9es sous forme de <span class=\"g-color2\">donn\u00e9es ultrasonores classiques<\/span> (A-Scan, courbes \u00e9chodynamiques) ou d&rsquo;<span class=\"g-color2\">images plus avanc\u00e9es<\/span> (B-Scan, C-Scan, S-Scan, E-Scan, etc.). Les images peuvent aussi \u00eatre affich\u00e9es dans les <span class=\"g-color2\">vues pi\u00e8ce<\/span> (Face, Dessus, C\u00f4t\u00e9 ou vues compl\u00e8tes) et les donn\u00e9es peuvent \u00eatre export\u00e9es dans la vue 3D de la pi\u00e8ce en tant qu\u2019image (2D ou 3D), ou donn\u00e9es gr\u00e2ce \u00e0 la fonctionnalit\u00e9 de <a class=\"youtube\" title=\"\" href=\"http:\/\/youtu.be\/SRshB389WJ8?list=PLF7b8feEUKf09zKDWofWovpGTEar9-_dg\" target=\"_blank\" rel=\"noopener\">Vue 3D en un clic<\/a>. Les images peuvent \u00eatre affich\u00e9es en valeur d\u2019amplitudes, profondeur ou temps de vol.<\/p>\n<p>&nbsp;<\/p>\n<div style=\"text-align: center;\"><a class=\"mediabox\" title=\"\" href=\"https:\/\/www.extende.com\/wp-content\/uploads\/CIVA_Ana_001bis.png\"><img loading=\"lazy\" decoding=\"async\" class=\"border aligncenter wp-image-5055\" src=\"https:\/\/www.extende.com\/wp-content\/uploads\/CIVA_Ana_001bis.png\" alt=\"\" width=\"650\" height=\"209\" align=\"\" srcset=\"https:\/\/www.extende.com\/wp-content\/uploads\/CIVA_Ana_001bis.png 1269w, https:\/\/www.extende.com\/wp-content\/uploads\/CIVA_Ana_001bis-300x96.png 300w, https:\/\/www.extende.com\/wp-content\/uploads\/CIVA_Ana_001bis-1024x329.png 1024w, https:\/\/www.extende.com\/wp-content\/uploads\/CIVA_Ana_001bis-768x247.png 768w, https:\/\/www.extende.com\/wp-content\/uploads\/CIVA_Ana_001bis-600x193.png 600w\" sizes=\"auto, (max-width: 650px) 100vw, 650px\" \/><\/a><\/div>\n<p>&nbsp;<\/p>\n<div style=\"text-align: center;\"><a class=\"mediabox\" title=\"\" href=\"https:\/\/www.extende.com\/wp-content\/uploads\/CIVA_Ana_002bis.png\"><img loading=\"lazy\" decoding=\"async\" class=\"border aligncenter wp-image-5056\" src=\"https:\/\/www.extende.com\/wp-content\/uploads\/CIVA_Ana_002bis.png\" alt=\"\" width=\"650\" height=\"277\" align=\"\" srcset=\"https:\/\/www.extende.com\/wp-content\/uploads\/CIVA_Ana_002bis.png 1272w, https:\/\/www.extende.com\/wp-content\/uploads\/CIVA_Ana_002bis-300x128.png 300w, https:\/\/www.extende.com\/wp-content\/uploads\/CIVA_Ana_002bis-1024x437.png 1024w, https:\/\/www.extende.com\/wp-content\/uploads\/CIVA_Ana_002bis-768x328.png 768w, https:\/\/www.extende.com\/wp-content\/uploads\/CIVA_Ana_002bis-600x256.png 600w\" sizes=\"auto, (max-width: 650px) 100vw, 650px\" \/><\/a><\/div>\n<div style=\"text-align: center;\"><span class=\"couleur3\">Analyse de fichiers d\u2019acquisition<\/span><\/div>\n<p>&nbsp;<\/p>\n<p>Le <a class=\"youtube\" title=\"\" href=\"http:\/\/youtu.be\/WLLCWE7aUas?list=PLF7b8feEUKf09zKDWofWovpGTEar9-_dg\" target=\"_blank\" rel=\"noopener\">zoom <\/a>est facile \u00e0 faire et rapide. \u00a0A partir du zoom actif, on peut extraire un <span class=\"g-color2\">nouveau jeu de donn\u00e9es<\/span>.<\/p>\n<p>La <span class=\"g-color2\">Palette de couleurs<\/span> peut \u00eatre modifi\u00e9e. Un mode <span class=\"g-color2\">double curseur<\/span> est disponible ainsi que les outils classiques associ\u00e9es aux images (<span class=\"g-color2\">miroirs<\/span>, rotation, copier\/coller, mesure de distance&#8230;).<\/p>\n<p>Des <span class=\"g-color2\">portes<\/span> d\u2019acquisition peuvent \u00eatre ajout\u00e9es, modifi\u00e9es en temps ou bien <span class=\"g-color2\">synchronis\u00e9es<\/span> (sur la base d\u2019un \u00e9cho donn\u00e9) pour recr\u00e9er un nouveau jeu de donn\u00e9es.<\/p>\n<p>L\u2019histogramme en amplitude s\u2019av\u00e8re tr\u00e8s utile pour estimer le niveau de bruit.\u00a0 Il est activ\u00e9 en un clic pour une r\u00e9gion d\u2019int\u00e9r\u00eat s\u00e9lectionn\u00e9e (ROI) et repr\u00e9sente le nombre de points de mesures ayant la m\u00eame amplitude sur l\u2019ensemble des gammes d\u2019amplitude de cette ROI.<\/p>\n<p>Si le syst\u00e8me de guidage comporte un jeu m\u00e9canique, son effet sur l\u2019affichage des donn\u00e9es peut \u00eatre facilement compens\u00e9 par la correction d&rsquo;Hyst\u00e9r\u00e9sis.<\/p>\n<p>Le <span class=\"g-color2\">Trac\u00e9 de rayon<\/span> est disponible avec un lien direct sur le curseur temps, ce qui permet d\u2019identifier ais\u00e9ment les \u00e9chos complexes. Il correspond au trac\u00e9 de rayon de <a class=\"g-lien\" href=\"https:\/\/www.extende.com\/fr\/civa-logiciel-de-simulation-cnd\/modules-disponibles-dans-civa\/controle-par-ultrasons-avec-civa\/\" target=\"_self\">CIVA UT<\/a>, avec toutes ses fonctionnalit\u00e9s qui ont \u00e9t\u00e9 \u00e9tendues afin d\u2019\u00eatre plus efficace, utile et facile \u00e0 utiliser.<\/p>\n<p>Pour les inspections TOFD, <span class=\"g-color1\">CIVA<\/span> Analyse fournit des outils de <span class=\"g-color2\">lin\u00e9arisation et suppression de l\u2019onde lat\u00e9rale<\/span>, ainsi que des outils d\u2019\u00e9talonnage et curseurs <span class=\"g-color2\">hyperboliques<\/span><strong>.<\/strong><\/p>\n<p>&nbsp;<\/p>\n<div style=\"text-align: center;\">\n<div id=\"attachment_5049\" style=\"width: 660px\" class=\"wp-caption aligncenter\"><a class=\"mediabox\" href=\"https:\/\/www.extende.com\/wp-content\/uploads\/CIVA_Ana_008.png\"><img loading=\"lazy\" decoding=\"async\" aria-describedby=\"caption-attachment-5049\" class=\"border wp-image-5049\" src=\"https:\/\/www.extende.com\/wp-content\/uploads\/CIVA_Ana_008.png\" alt=\"\" width=\"650\" height=\"174\" align=\"\" srcset=\"https:\/\/www.extende.com\/wp-content\/uploads\/CIVA_Ana_008.png 1370w, https:\/\/www.extende.com\/wp-content\/uploads\/CIVA_Ana_008-300x80.png 300w, https:\/\/www.extende.com\/wp-content\/uploads\/CIVA_Ana_008-1024x274.png 1024w, https:\/\/www.extende.com\/wp-content\/uploads\/CIVA_Ana_008-768x206.png 768w, https:\/\/www.extende.com\/wp-content\/uploads\/CIVA_Ana_008-600x161.png 600w\" sizes=\"auto, (max-width: 650px) 100vw, 650px\" \/><\/a><p id=\"caption-attachment-5049\" class=\"wp-caption-text\">Analyse de fichiers TOFD\u00a0: Lin\u00e9arisation de l\u2019onde lat\u00e9rale<\/p><\/div>\n<\/div>\n<p>&nbsp;<\/p>\n<h2 class=\"titre-paragraphe\">Des outils perfectionn\u00e9s avec acc\u00e8s imm\u00e9diat \u00ab\u00a0en 1 clic\u00a0\u00bb !<\/h2>\n<p>On parvient \u00e0 extraire rapidement et facilement les donn\u00e9es d\u2019int\u00e9r\u00eat par, tout d\u2019abord, la s\u00e9lection de la r\u00e9gion d\u2019int\u00e9r\u00eat (ROI), puis l\u2019utilisation de <span class=\"g-color2\">fonctionnalit\u00e9s \u00ab\u00a0en 1 clic\u00a0\u00bb<\/span> telles que la <span class=\"g-color2\">\u201cs\u00e9lection des contours \u00e0 -xdB\u201d ou la \u00ab\u00a0<\/span><a><span class=\"g-color2\">Segmentation\u00a0\u00bb<\/span><\/a> (version automatique). On notera que la segmentation permet aussi un affichage direct des groupes ainsi form\u00e9s dans la vue 3D.<\/p>\n<p>Ces <span class=\"g-color2\">op\u00e9rateurs peuvent \u00eatre pr\u00e9-s\u00e9lectionn\u00e9s<\/span> afin d\u2019\u00eatre encore plus rapides et efficaces. L\u2019environnement complet est <span class=\"g-color2\">param\u00e9trable<\/span> dans des profils applicables <span class=\"g-color2\">automatiquement<\/span>.<\/p>\n<p>&nbsp;<\/p>\n<div style=\"text-align: center;\">\n<div id=\"attachment_5050\" style=\"width: 660px\" class=\"wp-caption aligncenter\"><a class=\"mediabox\" title=\"\" href=\"https:\/\/www.extende.com\/wp-content\/uploads\/CIVA_Ana_003-scaled.jpg\"><img loading=\"lazy\" decoding=\"async\" aria-describedby=\"caption-attachment-5050\" class=\"border wp-image-5050\" src=\"https:\/\/www.extende.com\/wp-content\/uploads\/CIVA_Ana_003-scaled.jpg\" alt=\"\" width=\"650\" height=\"248\" align=\"\" srcset=\"https:\/\/www.extende.com\/wp-content\/uploads\/CIVA_Ana_003-scaled.jpg 1600w, https:\/\/www.extende.com\/wp-content\/uploads\/CIVA_Ana_003-300x114.jpg 300w, https:\/\/www.extende.com\/wp-content\/uploads\/CIVA_Ana_003-1024x391.jpg 1024w, https:\/\/www.extende.com\/wp-content\/uploads\/CIVA_Ana_003-768x293.jpg 768w, https:\/\/www.extende.com\/wp-content\/uploads\/CIVA_Ana_003-1536x586.jpg 1536w, https:\/\/www.extende.com\/wp-content\/uploads\/CIVA_Ana_003-600x229.jpg 600w, https:\/\/www.extende.com\/wp-content\/uploads\/CIVA_Ana_003-1400x534.jpg 1400w\" sizes=\"auto, (max-width: 650px) 100vw, 650px\" \/><\/a><p id=\"caption-attachment-5050\" class=\"wp-caption-text\">Table d\u2019indications avec dimensionnement \u00e0 \u22126\u00a0dB<\/p><\/div>\n<\/div>\n<p>&nbsp;<\/p>\n<p>L\u2019information pertinente (amplitude, position, taille&#8230;) est inclue dans une <span class=\"g-color2\">table d&rsquo;<\/span><a><span class=\"g-color2\">indication<\/span>, <\/a>\u00e9galement <a class=\"youtube\" title=\"\" href=\"http:\/\/youtu.be\/WnOvqbNK7Qc?list=PLF7b8feEUKf09zKDWofWovpGTEar9-_dg\" target=\"_blank\" rel=\"noopener\">cr\u00e9\u00e9e en un clic<\/a> : images, distances, types d\u2019indication ou autres commentaires peuvent \u00eatre ajout\u00e9s. Des indications multiples peuvent \u00eatre regroup\u00e9es en une indication. Les colonnes de cette table peuvent \u00eatre choisies et ordonn\u00e9es par l\u2019utilisateur, parmi une liste de possibilit\u00e9s disponibles.<\/p>\n<p>Cette table d\u2019indication peut \u00eatre <span class=\"g-color2\">export\u00e9e au format CSV<\/span> ou dans un <span class=\"g-color2\">rapport HTML<\/span> (g\u00e9n\u00e9r\u00e9 en un clic).<\/p>\n<p>Des <span class=\"g-color2\">filtres<\/span> issus de votre proc\u00e9dure peuvent \u00eatre appliqu\u00e9s sur la table d\u2019indication permettant une s\u00e9lection plus ais\u00e9e. Cette table d\u2019indication peut \u00eatre <span class=\"g-color2\">export\u00e9e au format CSV<\/span> ou dans un <span class=\"g-color2\">rapport HTML<\/span> (g\u00e9n\u00e9r\u00e9 en un clic).<\/p>\n<p>En parall\u00e8le, de multiples fonctionnalit\u00e9s sont disponibles pour aider au diagnostic de l\u2019analyste : tout d\u2019abord, une large gamme de <span class=\"g-color2\">traitements de signaux<\/span> allant des traitements classiques (filtres, etc.) \u00e0 d\u2019autres plus avanc\u00e9es (transform\u00e9es en ondelettes, m\u00e9thodes de d\u00e9convolution, Split Spectrum) est propos\u00e9e.<\/p>\n<p>&nbsp;<\/p>\n<div style=\"text-align: center;\">\n<div id=\"attachment_5051\" style=\"width: 660px\" class=\"wp-caption aligncenter\"><a class=\"mediabox\" title=\"\" href=\"https:\/\/www.extende.com\/wp-content\/uploads\/CIVA_Ana_004.png\"><img loading=\"lazy\" decoding=\"async\" aria-describedby=\"caption-attachment-5051\" class=\"border wp-image-5051\" src=\"https:\/\/www.extende.com\/wp-content\/uploads\/CIVA_Ana_004.png\" alt=\"\" width=\"650\" height=\"488\" align=\"\" srcset=\"https:\/\/www.extende.com\/wp-content\/uploads\/CIVA_Ana_004.png 712w, https:\/\/www.extende.com\/wp-content\/uploads\/CIVA_Ana_004-300x225.png 300w, https:\/\/www.extende.com\/wp-content\/uploads\/CIVA_Ana_004-600x450.png 600w\" sizes=\"auto, (max-width: 650px) 100vw, 650px\" \/><\/a><p id=\"caption-attachment-5051\" class=\"wp-caption-text\">Table d\u2019indications issue de la segmentation<\/p><\/div>\n<\/div>\n<p>&nbsp;<\/p>\n<p>De plus, la version \u00ab\u00a0autonome\u00a0\u00bb du module <span class=\"g-color1\">CIVA<\/span> Analyse UT propose \u00e9galement <span class=\"g-color2\">un outil de simulation sur ROI<\/span>, bas\u00e9 sur un diagnostic que l\u2019on veut essayer (disponible pour d\u00e9fauts plans et TG).<\/p>\n<p>&nbsp;<\/p>\n<div style=\"text-align: center;\">\n<div id=\"attachment_5052\" style=\"width: 660px\" class=\"wp-caption aligncenter\"><a class=\"mediabox\" title=\"\" href=\"https:\/\/www.extende.com\/wp-content\/uploads\/CIVA_Ana_005.png\"><img loading=\"lazy\" decoding=\"async\" aria-describedby=\"caption-attachment-5052\" class=\"border wp-image-5052\" src=\"https:\/\/www.extende.com\/wp-content\/uploads\/CIVA_Ana_005.png\" alt=\"\" width=\"650\" height=\"272\" align=\"\" srcset=\"https:\/\/www.extende.com\/wp-content\/uploads\/CIVA_Ana_005.png 1280w, https:\/\/www.extende.com\/wp-content\/uploads\/CIVA_Ana_005-300x126.png 300w, https:\/\/www.extende.com\/wp-content\/uploads\/CIVA_Ana_005-1024x429.png 1024w, https:\/\/www.extende.com\/wp-content\/uploads\/CIVA_Ana_005-768x322.png 768w, https:\/\/www.extende.com\/wp-content\/uploads\/CIVA_Ana_005-600x251.png 600w\" sizes=\"auto, (max-width: 650px) 100vw, 650px\" \/><\/a><p id=\"caption-attachment-5052\" class=\"wp-caption-text\">Simulation sur acquisition<\/p><\/div>\n<\/div>\n<p>&nbsp;<\/p>\n<p>Si vous utilisez des fonctionnalit\u00e9s avanc\u00e9es comme le <span class=\"g-color2\">TFM<\/span> (Total Focusing Method), il est possible de r\u00e9aliser \u00a0les <span class=\"g-color2\">reconstructions<\/span> associ\u00e9es. La reconstruction de surface \u00e0 partir d\u2019\u00e9chos de surface est aussi disponible en un clic.<\/p>\n<p>Un <a class=\"youtube\" title=\"\" href=\"http:\/\/youtu.be\/uNTBZxgreE8?list=PLF7b8feEUKf09zKDWofWovpGTEar9-_dg\" target=\"_blank\" rel=\"noopener\">effaceur de donn\u00e9es<\/a> facilite la s\u00e9lection de points multiples avec l\u2019exclusion d\u2019une r\u00e9gion globale. Cela peut \u00eatre tr\u00e8s utile et reste s\u00e9curis\u00e9 car un jeu de donn\u00e9es distinct est cr\u00e9\u00e9 (i.e. le jeu de donn\u00e9es original demeure inchang\u00e9 et int\u00e8gre).<\/p>\n<p><span class=\"g-color2\">L&rsquo;\u00e9talonnage<\/span> peut \u00eatre d\u00e9fini par un post-traitement. Une <span class=\"g-color2\">correction DAC<\/span> peut aussi \u00eatre effectu\u00e9e sur les donn\u00e9es.<\/p>\n<p>Certaines de ces fonctionnalit\u00e9s peuvent aussi \u00eatre appel\u00e9es directement d\u00e8s qu\u2019une zone d\u2019int\u00e9r\u00eat est s\u00e9lectionn\u00e9e\u00a0!<\/p>\n<p>&nbsp;<\/p>\n<h2 class=\"titre-paragraphe\">Personnalisez votre environnement de travail pour gagner en efficacit\u00e9<\/h2>\n<p>Vous pouvez <span class=\"g-color2\">personnaliser<\/span> votre utilisation de <span class=\"g-color1\">CIVA<\/span> Analyse UT et organiser un environnement de travail adapt\u00e9 de fa\u00e7on \u00e0 r\u00e9duire sensiblement le temps pass\u00e9 sur les actions r\u00e9p\u00e9titives et int\u00e9grer directement des parties de vos proc\u00e9dures d\u2019analyse.<\/p>\n<p>Si vous r\u00e9alisez des inspections multi-rafales (ou multi-sondes dans le m\u00eame fichier de donn\u00e9e), <span class=\"g-color1\">CIVA<\/span> offre la possibilit\u00e9 de travailler sur ce type de contr\u00f4le gr\u00e2ce \u00e0 des liens entre curseurs et la notion de positionnement de traducteurs sur platine (elle-m\u00eame positionn\u00e9e par rapport \u00e0 la pi\u00e8ce). Il est \u00e9galement possible de combiner les donn\u00e9es issues de plusieurs rafales et de visualiser un seul jeu de donn\u00e9es correspondant \u00e0 plusieurs r\u00e9sultats.<\/p>\n<p>Il est aussi possible de \u00ab\u00a0<span class=\"g-color2\">merger<\/span>\u00a0\u00bb les donn\u00e9es de diff\u00e9rentes rafales afin de travailler sur les donn\u00e9es de tous les capteurs d\u2019un fichier. Le <span class=\"g-color2\">lien<\/span> avec la voie ayant identifi\u00e9e une indication n\u2019est pas perdu.<\/p>\n<p>&nbsp;<\/p>\n<div style=\"text-align: center;\">\n<div id=\"attachment_5053\" style=\"width: 660px\" class=\"wp-caption aligncenter\"><a class=\"mediabox\" title=\"\" href=\"https:\/\/www.extende.com\/wp-content\/uploads\/CIVA_Ana_006.png\"><img loading=\"lazy\" decoding=\"async\" aria-describedby=\"caption-attachment-5053\" class=\"border wp-image-5053\" src=\"https:\/\/www.extende.com\/wp-content\/uploads\/CIVA_Ana_006.png\" alt=\"\" width=\"650\" height=\"251\" align=\"\" srcset=\"https:\/\/www.extende.com\/wp-content\/uploads\/CIVA_Ana_006.png 1470w, https:\/\/www.extende.com\/wp-content\/uploads\/CIVA_Ana_006-300x116.png 300w, https:\/\/www.extende.com\/wp-content\/uploads\/CIVA_Ana_006-1024x396.png 1024w, https:\/\/www.extende.com\/wp-content\/uploads\/CIVA_Ana_006-768x297.png 768w, https:\/\/www.extende.com\/wp-content\/uploads\/CIVA_Ana_006-600x232.png 600w, https:\/\/www.extende.com\/wp-content\/uploads\/CIVA_Ana_006-1400x541.png 1400w\" sizes=\"auto, (max-width: 650px) 100vw, 650px\" \/><\/a><p id=\"caption-attachment-5053\" class=\"wp-caption-text\">R\u00e9sultats multi-rafales<\/p><\/div>\n<\/div>\n<p>&nbsp;<\/p>\n<p>Toujours disponibles, les <span class=\"g-color2\">layouts<\/span> (i.e. \u00ab\u00a0organisation de fen\u00eatre\u00a0\u00bb) vous permettent d\u2019organiser les images dans la fen\u00eatre \u00e0 votre convenance et \u00e0 la taille d\u00e9sir\u00e9e. Donnez un nom \u00e0 chaque layout, puis rappelez-le quand vous le souhaitez.<\/p>\n<p>Dans les pr\u00e9f\u00e9rences, diff\u00e9rents \u00ab\u00a0<span class=\"g-color2\">profils utilisateurs<\/span>\u00a0\u00bb peuvent \u00eatre cr\u00e9\u00e9s et identifi\u00e9s par un nom. Dans ces profils, <span class=\"g-color2\">trois seuils par d\u00e9faut<\/span> peuvent \u00eatre d\u00e9finis pour les \u00ab\u00a0contours \u00e0 \u2013xdB\u00a0\u00bb, le contenu <span class=\"g-color2\">contenu du rapport d&rsquo;analyse<\/span> (contenu et ordonnancement des colonnes) peut \u00eatre ajust\u00e9, et les <span class=\"g-color2\">types de d\u00e9fauts<\/span> (noms des indications tels que fissures, volumiques, \u00e9chos de coins, \u00e9chos de g\u00e9om\u00e9trie,&#8230;) peuvent aussi \u00eatre renseign\u00e9s.<\/p>\n<p>Chacun des profils cr\u00e9\u00e9s peut \u00eatre charg\u00e9 \u00e0 tout moment.<\/p>\n<p>Des <span class=\"g-color2\">op\u00e9rateurs peuvent \u00eatre pr\u00e9-s\u00e9lectionn\u00e9s<\/span>, y compris sur des plages de position capteurs et en appliquant des param\u00e8tres diff\u00e9rents.<\/p>\n<p>La majeure partie du travail d\u2019analyse peut \u00eatre d\u00e9fini comme un <span class=\"g-color2\">mod\u00e8le (le \u00ab\u00a0template\u00a0\u00bb)<\/span>. Cela signifie que vous pouvez donner un nom \u00e0 certaines des actions que vous faites couramment (par exemple, ajouter une porte, la synchroniser, ouvrir un nouvel onglet, faire une limitation, d\u00e9finir des op\u00e9rateurs d\u2019analyse, identifier des zones d\u2019analyse&#8230;) et ces op\u00e9rations seront <span class=\"g-color2\">totalement automatiques<\/span> quand vous les rappellerez pour un fichier similaire\u00a0gr\u00e2ce \u00e0 ce template : \u00e9vitez les erreurs, gagnez du temps et concentrez votre effort sur le r\u00e9el travail d\u2019analyse !<\/p>\n<p>&nbsp;<\/p>\n<h2 class=\"titre-paragraphe\">Calcul de lois de retards<\/h2>\n<p><span class=\"g-couleur1\">CIVA<\/span> Analyse UT permet \u00e0 l\u2019utilisateur de calculer des lois de retards et des s\u00e9quences de lois pour des configurations standards ou pour des techniques multi\u00e9l\u00e9ments avanc\u00e9es.<\/p>\n<p>Ce module inclue toutes les possibilit\u00e9s de <span class=\"g-color1\">CIVA<\/span> UT concernant les calculs de lois de retards (voir la description du <a class=\"g-lien\" href=\"https:\/\/www.extende.com\/fr\/civa-logiciel-de-simulation-cnd\/modules-disponibles-dans-civa\/controle-par-ultrasons-avec-civa\/\" target=\"_self\">module de simulation d&rsquo;inspection CIVA UT<\/a> pour plus de d\u00e9tails).<\/p>\n<p>&nbsp;<\/p>\n<h2 class=\"titre-paragraphe\">Allez plus loin avec le package \u00ab\u00a0CIVA Analyse avanc\u00e9e\u00a0\u00bb !<\/h2>\n<p>Avec le package d&rsquo;analyse avanc\u00e9e, vous pourrez r\u00e9aliser des calculs de champ ultrasonore (issues du module de simulation de CIVA UT).<\/p>\n<p>Avec cette option, il vous sera aussi possible d\u2019utiliser CIVA Script afin de piloter votre process d&rsquo;analyse sans passer par l&rsquo;interface graphique. Vous pourrez \u00e9galement charger et comparer des fichiers de simulation avec vos acquisitions. Enfin, les lois de retard calcul\u00e9es pourront \u00eatre export\u00e9es en fichier ASCII *.raw et *.pte qui incluent respectivement les lois de retard et les informations li\u00e9es au point d&rsquo;\u00e9mergence.<\/p>\n<p>Vous trouverez plus d\u2019informations sur le module de simulation UT en consultant notre <a class=\"g-lien\" href=\"https:\/\/www.extende.com\/fr\/civa-logiciel-de-simulation-cnd\/modules-disponibles-dans-civa\/controle-par-ultrasons-avec-civa\/\" target=\"_self\">page d\u00e9di\u00e9e<\/a>.<\/p>\n","protected":false},"excerpt":{"rendered":"<p>Le module Analyse de CIVA, logiciel de simulation CND<\/p>\n","protected":false},"author":2,"featured_media":0,"parent":4776,"menu_order":7,"comment_status":"closed","ping_status":"closed","template":"templates\/page--extende.html.php","meta":{"_acf_changed":false,"footnotes":""},"class_list":["post-5057","page","type-page","status-publish","hentry"],"acf":[],"_links":{"self":[{"href":"https:\/\/www.extende.com\/fr\/wp-json\/wp\/v2\/pages\/5057","targetHints":{"allow":["GET"]}}],"collection":[{"href":"https:\/\/www.extende.com\/fr\/wp-json\/wp\/v2\/pages"}],"about":[{"href":"https:\/\/www.extende.com\/fr\/wp-json\/wp\/v2\/types\/page"}],"author":[{"embeddable":true,"href":"https:\/\/www.extende.com\/fr\/wp-json\/wp\/v2\/users\/2"}],"replies":[{"embeddable":true,"href":"https:\/\/www.extende.com\/fr\/wp-json\/wp\/v2\/comments?post=5057"}],"version-history":[{"count":3,"href":"https:\/\/www.extende.com\/fr\/wp-json\/wp\/v2\/pages\/5057\/revisions"}],"predecessor-version":[{"id":6704,"href":"https:\/\/www.extende.com\/fr\/wp-json\/wp\/v2\/pages\/5057\/revisions\/6704"}],"up":[{"embeddable":true,"href":"https:\/\/www.extende.com\/fr\/wp-json\/wp\/v2\/pages\/4776"}],"wp:attachment":[{"href":"https:\/\/www.extende.com\/fr\/wp-json\/wp\/v2\/media?parent=5057"}],"curies":[{"name":"wp","href":"https:\/\/api.w.org\/{rel}","templated":true}]}}