{"id":5068,"date":"2025-06-24T18:43:39","date_gmt":"2025-06-24T16:43:39","guid":{"rendered":"https:\/\/www.extende.com\/civa-logiciel-de-simulation-cnd\/modules-disponibles-dans-civa\/civa-athena2d-elements-finis-ultrasons\/"},"modified":"2025-07-23T12:52:48","modified_gmt":"2025-07-23T10:52:48","slug":"civa-athena2d-ultrasons-par-approche-hybride-sa-fem","status":"publish","type":"page","link":"https:\/\/www.extende.com\/fr\/civa-logiciel-de-simulation-cnd\/modules-disponibles-dans-civa\/civa-athena2d-ultrasons-par-approche-hybride-sa-fem\/","title":{"rendered":"CIVA-ATHENA2D, Ultrasons par approche hybride SA-FEM"},"content":{"rendered":"<div align=\"center\">\n<div style=\"border: 2px solid black; width: 560px; height: 317px; margin: 10px;\"><iframe loading=\"lazy\" title=\"YouTube video player\" src=\"https:\/\/www.youtube.com\/embed\/_krlBqP0FLc?si=eyxq3gDWkkbZGle3\" width=\"560\" height=\"315\" frameborder=\"0\" allowfullscreen=\"allowfullscreen\"><\/iframe><\/div>\n<\/div>\n<p>&nbsp;<\/p>\n<h2 class=\"titre-paragraphe\"><a title=\"EDF\" href=\"http:\/\/www.edf.fr\/\" target=\"_blank\" rel=\"noopener\"><img decoding=\"async\" class=\"no-border alignnone wp-image-5058\" src=\"https:\/\/www.extende.com\/wp-content\/uploads\/Logo_EDF_Portrait.jpg\" alt=\"\" height=\"100\" align=\"right\" \/><\/a>Le confort d\u2019utilisation de CIVA, la puissance des \u00c9l\u00e9ments Finis\u2026 Mais rapide !<\/h2>\n<p><span class=\"g-color1\">CIVA<\/span>-ATHENA2D est un module additionnel li\u00e9 \u00e0 la mod\u00e9lisation <span class=\"g-color1\">CIVA<\/span> UT. Ce outil est un module hybride, alliant \u00e0 la fois les m\u00e9thodes semi-analytiques conventionnelles de <span class=\"g-color1\">CIVA<\/span> et le code El\u00e9ments Finis ATHENA (d\u00e9velopp\u00e9 par EDF). La connexion avec les \u00e9l\u00e9ments finis permet de traiter des <span class=\"g-color2\">ph\u00e9nom\u00e8nes plus complexes<\/span> pouvant survenir lors d\u2019une inspection ultrasonore.<\/p>\n<p>&nbsp;<\/p>\n<h2 class=\"titre-paragraphe\">La bo\u00eete El\u00e9ments Finis<\/h2>\n<p>&nbsp;<\/p>\n<div style=\"text-align: center;\">\n<div id=\"attachment_5067\" style=\"width: 360px\" class=\"wp-caption aligncenter\"><a class=\"mediabox\" title=\"\" href=\"https:\/\/www.extende.com\/wp-content\/uploads\/CIVA_Athena_2D_Boite_EF.png\"><img loading=\"lazy\" decoding=\"async\" aria-describedby=\"caption-attachment-5067\" class=\"border wp-image-5067\" src=\"https:\/\/www.extende.com\/wp-content\/uploads\/CIVA_Athena_2D_Boite_EF.png\" alt=\"\" width=\"350\" height=\"299\" srcset=\"https:\/\/www.extende.com\/wp-content\/uploads\/CIVA_Athena_2D_Boite_EF.png 643w, https:\/\/www.extende.com\/wp-content\/uploads\/CIVA_Athena_2D_Boite_EF-300x257.png 300w, https:\/\/www.extende.com\/wp-content\/uploads\/CIVA_Athena_2D_Boite_EF-600x513.png 600w\" sizes=\"auto, (max-width: 350px) 100vw, 350px\" \/><\/a><p id=\"caption-attachment-5067\" class=\"wp-caption-text\">Sch\u00e9ma du couplage CIVA-ATHENA2D<\/p><\/div>\n<\/div>\n<p>&nbsp;<\/p>\n<p>Dans <span class=\"g-color1\">CIVA<\/span>-ATHENA2D, une bo\u00eete rectangulaire El\u00e9ments Finis est d\u00e9finie. En dehors de cette bo\u00eete, la <span class=\"g-color2\">propagation du faisceau ultrasonore<\/span> est mod\u00e9lis\u00e9e \u00e0 l\u2019aide des outils <span class=\"g-color2\">semi-analytiques rapide<\/span> d\u00e9velopp\u00e9s dans <span class=\"g-color1\">CIVA<\/span> UT (m\u00e9thode des pinceaux et mod\u00e8les semi-analytiques). Dans la <span class=\"g-color2\">bo\u00eete El\u00e9ments Finis<\/span>, ces <span class=\"g-color2\">calculs<\/span> de propagation et d&rsquo;interaction sont <span class=\"g-color2\">effectu\u00e9s par la m\u00e9thode El\u00e9ments Finis<\/span> ou \u00ab\u00a0FEM\u00a0\u00bb (utilisant comme donn\u00e9e d\u2019entr\u00e9e le faisceau incident calcul\u00e9 par CIVA \u00e0 la fronti\u00e8re de la bo\u00eete). Typiquement, le code El\u00e9ments Finis sera utilis\u00e9 pour simuler les interactions complexes du faisceau avec des d\u00e9fauts ou la g\u00e9om\u00e9trie de la pi\u00e8ce, tandis que le mod\u00e8le semi-analytique rapide sera utilis\u00e9 pour simuler la propagation des ultrasons depuis et vers le traducteur.<\/p>\n<p>&nbsp;<\/p>\n<h2 class=\"titre-paragraphe\">Quelques exemples de simulation : Prise en compte de tous les ph\u00e9nom\u00e8nes<\/h2>\n<p>L\u2019<span class=\"g-color2\">int\u00e9r\u00eat principal<\/span> de <span class=\"g-color1\">CIVA<\/span>-ATHENA2D est de <span class=\"g-color2\">prendre en compte tous les ph\u00e9nom\u00e8nes physiques<\/span> mis en jeu <span class=\"g-color2\">lors de l\u2019interaction faisceau\/d\u00e9faut<\/span> (i.e. dans la bo\u00eete Elements Finis) :<\/p>\n<ul class=\"liste-carres-noirs\">\n<li>Prise en compte des ondes rampantes et des ondes de Rayleigh g\u00e9n\u00e9r\u00e9es sur les d\u00e9fauts<\/li>\n<li>Simulation d&rsquo;interactions multiples entre d\u00e9fauts dans un r\u00e9seau de fissures<\/li>\n<li>Cacul pr\u00e9cis de la r\u00e9ponse de d\u00e9fauts petits par rapport \u00e0 la longueur d&rsquo;onde<\/li>\n<li>Calcul des \u00e9chos d&rsquo;interface<\/li>\n<\/ul>\n<p>&nbsp;<\/p>\n<div style=\"text-align: center;\">\n<p><a class=\"mediabox\" title=\"\" href=\"https:\/\/www.extende.com\/wp-content\/uploads\/CIVA_Athena_2D_Cluster.png\"><img loading=\"lazy\" decoding=\"async\" class=\"border alignnone wp-image-2838\" style=\"margin-right: 10px;\" src=\"https:\/\/www.extende.com\/wp-content\/uploads\/CIVA_Athena_2D_Cluster_Small.png\" alt=\"\" width=\"342\" height=\"230\" srcset=\"https:\/\/www.extende.com\/wp-content\/uploads\/CIVA_Athena_2D_Cluster_Small.png 500w, https:\/\/www.extende.com\/wp-content\/uploads\/CIVA_Athena_2D_Cluster_Small-300x202.png 300w\" sizes=\"auto, (max-width: 342px) 100vw, 342px\" \/><\/a>\u00a0<a class=\"mediabox\" title=\"\" href=\"https:\/\/www.extende.com\/wp-content\/uploads\/CIVA_A2D_Complex_flaws_creeping_waves.png\"><img loading=\"lazy\" decoding=\"async\" class=\"border alignnone wp-image-5061\" src=\"https:\/\/www.extende.com\/wp-content\/uploads\/CIVA_A2D_Complex_flaws_creeping_waves.png\" alt=\"\" width=\"358\" height=\"230\" srcset=\"https:\/\/www.extende.com\/wp-content\/uploads\/CIVA_A2D_Complex_flaws_creeping_waves.png 358w, https:\/\/www.extende.com\/wp-content\/uploads\/CIVA_A2D_Complex_flaws_creeping_waves-300x193.png 300w\" sizes=\"auto, (max-width: 358px) 100vw, 358px\" \/><\/a><\/p>\n<\/div>\n<p style=\"text-align: center;\"><span class=\"couleur3\">Gauche : R\u00e9seau de d\u00e9fauts (interactions multiples)<br \/>\n<\/span><span class=\"couleur3\">Droite : <\/span><span class=\"couleur3\">D\u00e9fauts complexes et ondes rampantes g\u00e9n\u00e9r\u00e9es<\/span><\/p>\n<p>&nbsp;<\/p>\n<p>Ces possibilit\u00e9s permettent une simulation pr\u00e9cise de la r\u00e9ponse de r\u00e9seaux de d\u00e9fauts ou de d\u00e9fauts au profil complexe en prenant en compte des r\u00e9flexions multiples ainsi que la g\u00e9n\u00e9ration d&rsquo;ondes de surface.<\/p>\n<p>&nbsp;<\/p>\n<div align=\"center\">\n<div style=\"border: 2px solid black; width: 560px; height: 317px; margin: 10px;\"><iframe loading=\"lazy\" title=\"YouTube video player\" src=\"https:\/\/www.youtube.com\/embed\/TrChwL2CzKM?si=YIVFFX4L52NNXwnJ\" width=\"560\" height=\"315\" frameborder=\"0\" allowfullscreen=\"allowfullscreen\"><\/iframe><\/div>\n<\/div>\n<p>&nbsp;<\/p>\n<h2 class=\"titre-paragraphe\">Pi\u00e8ce<\/h2>\n<p>Bien que les effets 3D soient ignor\u00e9s, aucune restriction n&rsquo;est appliqu\u00e9e sur la liste des pi\u00e8ces disponibles dans l&rsquo;interface par rapport \u00e0 <span class=\"g-color1\">CIVA<\/span> UT. Comme il s&rsquo;agit d&rsquo;un module 2D, l&rsquo;utilisateur doit, pour obtenir des r\u00e9sultats quantitativement justes, l\u2019utilisateur doit restreindre ses simulations \u00e0 des g\u00e9om\u00e9tries de pi\u00e8ces localement assimilables \u00e0 des configurations 2D.<\/p>\n<p>&nbsp;<\/p>\n<h2 class=\"titre-paragraphe\">Traducteurs<\/h2>\n<p>Comme il s&rsquo;agit d&rsquo;un code 2D, seule une section 2D du traducteur est mod\u00e9lis\u00e9e. Cependant, aucune restriction n&rsquo;est appliqu\u00e9e sur la liste des capteurs disponibles dans l&rsquo;interface.<\/p>\n<p>L&rsquo;utilisateur doit donc v\u00e9rifier que le traducteur d\u00e9fini (en termes de focalisation et de g\u00e9om\u00e9trie de la pastille) est coh\u00e9rent avec une approche de calcul 2D.<\/p>\n<p>Le balayage du traducteur se fera dans le plan d\u2019incidence du faisceau uniquement car la bo\u00eete de calcul 2D est d\u00e9finie et contenue dans ce plan.<\/p>\n<p>Les configurations Tandem sont autoris\u00e9es, mais fonctionnent seulement si le faisceau incident et le faisceau r\u00e9fl\u00e9chi en sortie de la bo\u00eete de calcul mettent un jeu un trajet direct avec les traducteurs \u00e9metteur et r\u00e9cepteur sans autre r\u00e9flexion interm\u00e9diaire.<\/p>\n<p>Les configurations TOFD sont \u00e9galement possibles, mais seulement avec un balayage dans le plan d\u2019incidence des traducteurs.<\/p>\n<p>&nbsp;<\/p>\n<h2 class=\"titre-paragraphe\">R\u00e9glages multi-\u00e9l\u00e9ments<\/h2>\n<p>Les r\u00e9glages multi-\u00e9l\u00e9ments de <span class=\"g-color1\">CIVA<\/span> UT sont disponibles dans <span class=\"g-color1\">CIVA<\/span>-ATHENA2D, le calcul peut-\u00eatre fait pour plusieurs tirs.<\/p>\n<p>&nbsp;<\/p>\n<h2 class=\"titre-paragraphe\">D\u00e9fauts<\/h2>\n<p>Les d\u00e9fauts qui peuvent \u00eatre d\u00e9finis par une section 2D sont disponibles : d\u00e9fauts plan, multi-facettes, ramifi\u00e9 et trous g\u00e9n\u00e9ratrices.<\/p>\n<p>&nbsp;<\/p>\n<div style=\"text-align: center;\">\n<div id=\"attachment_5063\" style=\"width: 660px\" class=\"wp-caption aligncenter\"><a class=\"mediabox\" title=\"\" href=\"https:\/\/www.extende.com\/wp-content\/uploads\/CIVA_Athena_2D_Available_Flaws.png\"><img loading=\"lazy\" decoding=\"async\" aria-describedby=\"caption-attachment-5063\" class=\"no-border wp-image-5063\" src=\"https:\/\/www.extende.com\/wp-content\/uploads\/CIVA_Athena_2D_Available_Flaws.png\" alt=\"\" width=\"650\" height=\"190\" srcset=\"https:\/\/www.extende.com\/wp-content\/uploads\/CIVA_Athena_2D_Available_Flaws.png 538w, https:\/\/www.extende.com\/wp-content\/uploads\/CIVA_Athena_2D_Available_Flaws-300x88.png 300w\" sizes=\"auto, (max-width: 650px) 100vw, 650px\" \/><\/a><p id=\"caption-attachment-5063\" class=\"wp-caption-text\">D\u00e9fauts disponibles (incuant les profils complexes)<\/p><\/div>\n<\/div>\n<p>&nbsp;<\/p>\n<h2 class=\"titre-paragraphe\">Visualiser l\u2019interaction faisceau\/d\u00e9faut<\/h2>\n<p>En compl\u00e9ment aux courbes et images classiques de l\u2019imagerie UT disponibles dans <span class=\"g-color1\">CIVA<\/span>\u00a0UT (A-scans, B-scans, vues 3D, vues reconstruites, etc.), <span class=\"g-color1\">CIVA<\/span>\u00a0ATHENA2D permet de visualiser le ph\u00e9nom\u00e8ne d\u2019interaction entre les ondes et les d\u00e9fauts. Il est possible de construire une vid\u00e9o de ce ph\u00e9nom\u00e8ne de propagation et d\u2019interaction \u00e0 l\u2019int\u00e9rieur de la bo\u00eete de calcul.<\/p>\n<p>&nbsp;<\/p>\n<div style=\"text-align: center;\">\n<div id=\"attachment_5064\" style=\"width: 660px\" class=\"wp-caption aligncenter\"><a class=\"mediabox\" title=\"\" href=\"https:\/\/www.extende.com\/wp-content\/uploads\/CIVA_Athena_2D_Beam_Flaw_Interaction.png\"><img loading=\"lazy\" decoding=\"async\" aria-describedby=\"caption-attachment-5064\" class=\"border wp-image-5064\" src=\"https:\/\/www.extende.com\/wp-content\/uploads\/CIVA_Athena_2D_Beam_Flaw_Interaction_Small.png\" alt=\"\" width=\"650\" height=\"269\" srcset=\"https:\/\/www.extende.com\/wp-content\/uploads\/CIVA_Athena_2D_Beam_Flaw_Interaction_Small.png 600w, https:\/\/www.extende.com\/wp-content\/uploads\/CIVA_Athena_2D_Beam_Flaw_Interaction_Small-300x124.png 300w\" sizes=\"auto, (max-width: 650px) 100vw, 650px\" \/><\/a><p id=\"caption-attachment-5064\" class=\"wp-caption-text\">Images instantann\u00e9es de l\u2019interaction faisceau \/ d\u00e9faut en fonction du temps<\/p><\/div>\n<\/div>\n<p>&nbsp;<\/p>\n<h2 class=\"titre-paragraphe\">La simulation reste facile et rapide<\/h2>\n<p>En plus de ses capacit\u00e9s avanc\u00e9es, le couplage entre <span class=\"g-color1\">CIVA<\/span> et ATHENA offre d\u2019autres avantages : le calcul est <span class=\"g-color2\">plus rapide qu\u2019un calcul El\u00e9ments Finis<\/span> pur, tandis que <span class=\"g-color2\">tous les ph\u00e9nom\u00e8nes sont pris en compte<\/span> en ce qui concerne les interactions faisceau \/ d\u00e9faut. Les configurations de calcul sont d\u00e9finies \u00e0 l\u2019aide de <span class=\"g-color2\">l\u2019interface graphique conviviale<\/span> de <span class=\"g-color1\">CIVA<\/span>, avec tr\u00e8s peu de param\u00e8tres d&rsquo;entr\u00e9e sp\u00e9cifiques \u00e0 d\u00e9finir pour le calcul par El\u00e9ments Finis. Ainsi, <span class=\"g-couleur1\">CIVA<\/span>-ATHENA2D est simple<span class=\"g-color2\"> \u00e0 utiliser<\/span>.<\/p>\n<p>&nbsp;<\/p>\n<div align=\"center\">\n<div style=\"border: 2px solid black; width: 560px; height: 317px; margin: 10px;\"><iframe loading=\"lazy\" title=\"YouTube video player\" src=\"https:\/\/www.youtube.com\/embed\/-LId2L96Fg4?si=w-xUkH-1t9isDDNO\" width=\"560\" height=\"315\" frameborder=\"0\" allowfullscreen=\"allowfullscreen\"><\/iframe><\/div>\n<\/div>\n<p>&nbsp;<\/p>\n<h2 class=\"titre-paragraphe\">CIVA-ATHENA2D\u2026 Est un module 2D<\/h2>\n<p><span class=\"g-color1\">CIVA<\/span>-ATHENA2D est bas\u00e9 sur un calcul de champ 2D et une mod\u00e9lisation par \u00e9l\u00e9ments finis 2D d\u00e9velopp\u00e9e dans ATHENA. Ainsi, les effets 3D sont intrins\u00e8quement ignor\u00e9s, de sorte que les r\u00e9sultats de calcul seront quantitativement valides d\u00e8s lors que <span class=\"g-color2\">l\u2019hypoth\u00e8se 2D est r\u00e9aliste<\/span>. Cela signifie principalement :<\/p>\n<ul class=\"liste-carres-noirs\">\n<li>Ne consid\u00e9rer que les d\u00e9fauts pouvant \u00eatre d\u00e9finis par leur section de coupe 2D : Entailles planes, d\u00e9fauts multi-facettes ou ramifi\u00e9s et Trous G\u00e9n\u00e9ratrices<\/li>\n<li>Comparer la r\u00e9ponse des d\u00e9fauts ind\u00e9pendamment de leur extension dans le plan orthogonal\u00a0au plan de calcul : Les d\u00e9fauts doivent donc avoir une m\u00eame extension et se situer \u00e0 la m\u00eame profondeur, ou avoir une extension plus grande que la largeur du faisceau ultrasonore<\/li>\n<li>Des g\u00e9om\u00e9tries de pi\u00e8ces pouvant \u00eatre consid\u00e9r\u00e9es localement comme 2D<\/li>\n<\/ul>\n<p>Au-del\u00e0 des restrictions de validit\u00e9 aux configurations 2D, utiliser plus largement <span class=\"g-color1\">CIVA<\/span>\u00a0ATHENA2D reste souvent tr\u00e8s int\u00e9ressant pour r\u00e9aliser des \u00e9tudes et analyses qualitatives.<\/p>\n","protected":false},"excerpt":{"rendered":"<p>Le module ultrasons de CIVA, compl\u00e9ment \u00e9l\u00e9ments finis Athena2D, logiciel de simulation CND<\/p>\n","protected":false},"author":2,"featured_media":0,"parent":4776,"menu_order":8,"comment_status":"closed","ping_status":"closed","template":"templates\/page--extende.html.php","meta":{"_acf_changed":false,"footnotes":""},"class_list":["post-5068","page","type-page","status-publish","hentry"],"acf":[],"_links":{"self":[{"href":"https:\/\/www.extende.com\/fr\/wp-json\/wp\/v2\/pages\/5068","targetHints":{"allow":["GET"]}}],"collection":[{"href":"https:\/\/www.extende.com\/fr\/wp-json\/wp\/v2\/pages"}],"about":[{"href":"https:\/\/www.extende.com\/fr\/wp-json\/wp\/v2\/types\/page"}],"author":[{"embeddable":true,"href":"https:\/\/www.extende.com\/fr\/wp-json\/wp\/v2\/users\/2"}],"replies":[{"embeddable":true,"href":"https:\/\/www.extende.com\/fr\/wp-json\/wp\/v2\/comments?post=5068"}],"version-history":[{"count":3,"href":"https:\/\/www.extende.com\/fr\/wp-json\/wp\/v2\/pages\/5068\/revisions"}],"predecessor-version":[{"id":6754,"href":"https:\/\/www.extende.com\/fr\/wp-json\/wp\/v2\/pages\/5068\/revisions\/6754"}],"up":[{"embeddable":true,"href":"https:\/\/www.extende.com\/fr\/wp-json\/wp\/v2\/pages\/4776"}],"wp:attachment":[{"href":"https:\/\/www.extende.com\/fr\/wp-json\/wp\/v2\/media?parent=5068"}],"curies":[{"name":"wp","href":"https:\/\/api.w.org\/{rel}","templated":true}]}}