{"id":5088,"date":"2025-06-24T18:43:44","date_gmt":"2025-06-24T16:43:44","guid":{"rendered":"https:\/\/www.extende.com\/civa-logiciel-de-simulation-cnd\/modules-disponibles-dans-civa\/simulation-du-controle-ultrasonore-des-composites-par-difference-finie-avec-civa-fidel-2d\/"},"modified":"2025-07-21T18:04:08","modified_gmt":"2025-07-21T16:04:08","slug":"simulation-du-controle-ultrasonore-des-composites-par-difference-finie-avec-civa-fidel-2d","status":"publish","type":"page","link":"https:\/\/www.extende.com\/fr\/civa-logiciel-de-simulation-cnd\/modules-disponibles-dans-civa\/simulation-du-controle-ultrasonore-des-composites-par-difference-finie-avec-civa-fidel-2d\/","title":{"rendered":"Simulation du contr\u00f4le ultrasonore des composites par Diff\u00e9rence Finie avec CIVA FIDEL 2D"},"content":{"rendered":"<h2 class=\"titre-paragraphe\">Un calcul hybride pour des calculs sur structure composite plus puissants<\/h2>\n<p><span class=\"g-color1\">CIVA<\/span>\u00a0FIDEL2D est un module optionnel li\u00e9 \u00e0 la mod\u00e9lisation <span class=\"g-color1\">CIVA<\/span>\u00a0UT. Cet outil est un module hybride, alliant \u00e0 la fois les mod\u00e8les de calcul semi-analytiques de <span class=\"g-color1\">CIVA<\/span> et la m\u00e9thode des diff\u00e9rences finies (domaine temporel, FDTD) d\u00e9velopp\u00e9e dans le code FIDEL (par AIRBUS Innovation Group). Ce module est d\u00e9di\u00e9 aux <span class=\"g-color2\">structures composites<\/span> et permet d\u2019adresser des configurations suppl\u00e9mentaires par rapport aux mod\u00e8les semi-analytiques d\u00e9j\u00e0 pr\u00e9sents dans la perspective composite de <span class=\"g-color1\">CIVA<\/span> UT.<\/p>\n<p>&nbsp;<\/p>\n<h2 class=\"titre-paragraphe\">La bo\u00eete FDTD\u00a0: Principe du couplage CIVA\u00a0FIDEL2D<\/h2>\n<p>Dans <span class=\"g-color1\">CIVA<\/span>\u00a0FIDEL2D, une bo\u00eete de calcul rectangulaire est d\u00e9finie. A l\u2019ext\u00e9rieur de cette bo\u00eete, la propagation du faisceau ultrasonore est mod\u00e9lis\u00e9e \u00e0 l\u2019aide des outils d\u00e9velopp\u00e9s dans <span class=\"g-color1\">CIVA<\/span> (m\u00e9thode des pinceaux et mod\u00e8les semi-analytiques). A l\u2019int\u00e9rieur de cette bo\u00eete, les calculs de propagation et d\u2019interaction sont r\u00e9alis\u00e9s avec la <span class=\"g-color2\">m\u00e9thode num\u00e9rique des diff\u00e9rences finies <\/span>(<span class=\"g-color2\">FDTD<\/span>) du code <span class=\"g-color2\">FIDEL<\/span>, \u00ab\u00a0aliment\u00e9s\u00a0\u00bb aux fronti\u00e8res de la bo\u00eete (via des conditions aux limites de type PML) par le champ incident calcul\u00e9 par <span class=\"g-color1\">CIVA<\/span>. Dans ce module, la <span class=\"g-color2\">m\u00e9thode num\u00e9rique FDTD sera utilis\u00e9e pour traiter la propagation et les diff\u00e9rentes interactions de l\u2019onde ultrasonore dans le composite<\/span> alors que les <span class=\"g-color2\">mod\u00e8les semi-analytiques tr\u00e8s rapides seront utilis\u00e9s pour calculer<\/span> (rapidement) <span class=\"g-color2\">le parcours sonore dans l\u2019eau et la phase d\u2019\u00e9mission \/ r\u00e9ception au niveau du traducteur<\/span>.<\/p>\n<p>Le mod\u00e8le est limit\u00e9 dans la version courante \u00e0 des calculs 2D.<\/p>\n<p>&nbsp;<\/p>\n<div style=\"text-align: center;\">\n<div id=\"attachment_5087\" style=\"width: 460px\" class=\"wp-caption aligncenter\"><a class=\"mediabox\" title=\"\" href=\"https:\/\/www.extende.com\/wp-content\/uploads\/F2D_Box_FDTD_FR.png\"><img loading=\"lazy\" decoding=\"async\" aria-describedby=\"caption-attachment-5087\" class=\"no-border wp-image-5087\" src=\"https:\/\/www.extende.com\/wp-content\/uploads\/F2D_Box_FDTD_FR.png\" alt=\"\" width=\"450\" height=\"324\" srcset=\"https:\/\/www.extende.com\/wp-content\/uploads\/F2D_Box_FDTD_FR.png 920w, https:\/\/www.extende.com\/wp-content\/uploads\/F2D_Box_FDTD_FR-300x216.png 300w, https:\/\/www.extende.com\/wp-content\/uploads\/F2D_Box_FDTD_FR-768x553.png 768w, https:\/\/www.extende.com\/wp-content\/uploads\/F2D_Box_FDTD_FR-600x432.png 600w\" sizes=\"auto, (max-width: 450px) 100vw, 450px\" \/><\/a><p id=\"caption-attachment-5087\" class=\"wp-caption-text\">Sch\u00e9ma du couplage CIVA-FIDEL2D<\/p><\/div>\n<\/div>\n<p>&nbsp;<\/p>\n<h2 class=\"titre-paragraphe\">Exemples de Simulation<\/h2>\n<p>L\u2019int\u00e9r\u00eat de <span class=\"g-color1\">CIVA<\/span>\u00a0FIDEL2D est de <span class=\"g-color2\">consid\u00e9rer l\u2019h\u00e9t\u00e9rog\u00e9n\u00e9it\u00e9 des plis du composite<\/span> dans le calcul, par opposition avec l\u2019approche homog\u00e9n\u00e9is\u00e9e et contin\u00fbment variable disponible dans le module semi-analytique de la perspective composite de <span class=\"g-color1\">CIVA<\/span>\u00a0UT. Ainsi, l\u2019interaction entre les plis est intrins\u00e8quement prise en compte. Cela permet \u00e9galement de s\u2019affranchir de certaines limites des mod\u00e8les semi-analytiques. Ce module b\u00e9n\u00e9ficie par ailleurs de la facilit\u00e9 d\u2019utilisation apport\u00e9e par l\u2019environnement d\u00e9di\u00e9 de la perspective composite dans <span class=\"g-color1\">CIVA<\/span> (pi\u00e8ces et structure des mat\u00e9riaux pr\u00e9d\u00e9finis, param\u00e8tres pertinents pour une inspection composite, etc.).<\/p>\n<p>Voici des exemples des principaux apports de ce module\u00a0:<\/p>\n<ul class=\"liste-carres-noirs\">\n<li><span class=\"g-color2\">Interf\u00e9rences et r\u00e9sonnances inter-plis<\/span> prises en compte permettant de reproduire le <span class=\"g-color2\">bruit de structure<\/span> observ\u00e9 dans l\u2019inspection d\u2019une structure composite multicouches<\/li>\n<li>Possibilit\u00e9 de simuler des <span class=\"g-color2\">couches de r\u00e9sine pure<\/span> (par exemple \u00e9poxy) localis\u00e9e entre les plis de fibre composite<\/li>\n<li>Possibilit\u00e9 de repr\u00e9senter des <span class=\"g-color2\">ondulations de plis<\/span><\/li>\n<li>Possibilit\u00e9 de calculer la <span class=\"g-color2\">r\u00e9ponse d\u2019un d\u00e9faut tr\u00e8s petit par rapport \u00e0 la longueur d\u2019onde<\/span><\/li>\n<li>Visualisation de la propagation du faisceau et de son interaction avec la structure composite et ses d\u00e9fauts \u00e9ventuels<\/li>\n<\/ul>\n<p>&nbsp;<\/p>\n<div style=\"text-align: center;\">\n<div id=\"attachment_5070\" style=\"width: 660px\" class=\"wp-caption aligncenter\"><a class=\"mediabox\" title=\"\" href=\"https:\/\/www.extende.com\/wp-content\/uploads\/F2D_Echoes_structural_noise_composite_panel_delamination_resin_layer.png\"><img loading=\"lazy\" decoding=\"async\" aria-describedby=\"caption-attachment-5070\" class=\"border wp-image-5070\" src=\"https:\/\/www.extende.com\/wp-content\/uploads\/F2D_Echoes_structural_noise_composite_panel_delamination_resin_layer.png\" alt=\"\" width=\"650\" height=\"294\" srcset=\"https:\/\/www.extende.com\/wp-content\/uploads\/F2D_Echoes_structural_noise_composite_panel_delamination_resin_layer.png 1584w, https:\/\/www.extende.com\/wp-content\/uploads\/F2D_Echoes_structural_noise_composite_panel_delamination_resin_layer-300x136.png 300w, https:\/\/www.extende.com\/wp-content\/uploads\/F2D_Echoes_structural_noise_composite_panel_delamination_resin_layer-1024x464.png 1024w, https:\/\/www.extende.com\/wp-content\/uploads\/F2D_Echoes_structural_noise_composite_panel_delamination_resin_layer-768x348.png 768w, https:\/\/www.extende.com\/wp-content\/uploads\/F2D_Echoes_structural_noise_composite_panel_delamination_resin_layer-1536x695.png 1536w, https:\/\/www.extende.com\/wp-content\/uploads\/F2D_Echoes_structural_noise_composite_panel_delamination_resin_layer-600x272.png 600w, https:\/\/www.extende.com\/wp-content\/uploads\/F2D_Echoes_structural_noise_composite_panel_delamination_resin_layer-1400x634.png 1400w\" sizes=\"auto, (max-width: 650px) 100vw, 650px\" \/><\/a><p id=\"caption-attachment-5070\" class=\"wp-caption-text\">Echo et bruit de structure issus de l\u2019inspection d\u2019un panneau composite avec d\u00e9laminage et couche de r\u00e9sine entre plis<\/p><\/div>\n<\/div>\n<p>&nbsp;<\/p>\n<div style=\"text-align: center;\">\n<div id=\"attachment_5071\" style=\"width: 660px\" class=\"wp-caption aligncenter\"><a class=\"mediabox\" title=\"\" href=\"https:\/\/www.extende.com\/wp-content\/uploads\/F2D_beam_interaction_compositie_structure.png\"><img loading=\"lazy\" decoding=\"async\" aria-describedby=\"caption-attachment-5071\" class=\"border wp-image-5071\" src=\"https:\/\/www.extende.com\/wp-content\/uploads\/F2D_beam_interaction_compositie_structure.png\" alt=\"\" width=\"650\" height=\"384\" srcset=\"https:\/\/www.extende.com\/wp-content\/uploads\/F2D_beam_interaction_compositie_structure.png 965w, https:\/\/www.extende.com\/wp-content\/uploads\/F2D_beam_interaction_compositie_structure-300x177.png 300w, https:\/\/www.extende.com\/wp-content\/uploads\/F2D_beam_interaction_compositie_structure-768x454.png 768w, https:\/\/www.extende.com\/wp-content\/uploads\/F2D_beam_interaction_compositie_structure-600x354.png 600w\" sizes=\"auto, (max-width: 650px) 100vw, 650px\" \/><\/a><p id=\"caption-attachment-5071\" class=\"wp-caption-text\">Visualisation de l\u2019interaction du faisceau avec la structure composite<\/p><\/div>\n<\/div>\n<p>&nbsp;<\/p>\n<div style=\"text-align: center;\">\n<div id=\"attachment_5072\" style=\"width: 660px\" class=\"wp-caption aligncenter\"><a class=\"mediabox\" title=\"\" href=\"https:\/\/www.extende.com\/wp-content\/uploads\/F2D_Ply_wavinesses_curved_portion_composite_structure.png\"><img loading=\"lazy\" decoding=\"async\" aria-describedby=\"caption-attachment-5072\" class=\"border wp-image-5072\" src=\"https:\/\/www.extende.com\/wp-content\/uploads\/F2D_Ply_wavinesses_curved_portion_composite_structure.png\" alt=\"\" width=\"650\" height=\"682\" srcset=\"https:\/\/www.extende.com\/wp-content\/uploads\/F2D_Ply_wavinesses_curved_portion_composite_structure.png 556w, https:\/\/www.extende.com\/wp-content\/uploads\/F2D_Ply_wavinesses_curved_portion_composite_structure-286x300.png 286w\" sizes=\"auto, (max-width: 650px) 100vw, 650px\" \/><\/a><p id=\"caption-attachment-5072\" class=\"wp-caption-text\">Ondulations de plis au niveau d\u2019une partie courb\u00e9e d\u2019une structure composite<\/p><\/div>\n<\/div>\n<p>&nbsp;<\/p>\n<div style=\"text-align: center;\">\n<div id=\"attachment_5073\" style=\"width: 660px\" class=\"wp-caption aligncenter\"><a class=\"mediabox\" title=\"\" href=\"https:\/\/www.extende.com\/wp-content\/uploads\/F2D_Stiffener_with_delamination.png\"><img loading=\"lazy\" decoding=\"async\" aria-describedby=\"caption-attachment-5073\" class=\"border wp-image-5073\" src=\"https:\/\/www.extende.com\/wp-content\/uploads\/F2D_Stiffener_with_delamination.png\" alt=\"\" width=\"650\" height=\"436\" srcset=\"https:\/\/www.extende.com\/wp-content\/uploads\/F2D_Stiffener_with_delamination.png 698w, https:\/\/www.extende.com\/wp-content\/uploads\/F2D_Stiffener_with_delamination-300x201.png 300w, https:\/\/www.extende.com\/wp-content\/uploads\/F2D_Stiffener_with_delamination-600x402.png 600w\" sizes=\"auto, (max-width: 650px) 100vw, 650px\" \/><\/a><p id=\"caption-attachment-5073\" class=\"wp-caption-text\">Structure de raidisseur avec d\u00e9laminage<\/p><\/div>\n<\/div>\n<p>&nbsp;<\/p>\n<h2 class=\"titre-paragraphe\">Pi\u00e8ces<\/h2>\n<p>Les pi\u00e8ces disponibles dans ce module sont\u00a0:<\/p>\n<ul class=\"liste-carres-noirs\">\n<li>Pi\u00e8ces planes ou cylindriques<\/li>\n<li>Portion courb\u00e9e param\u00e9trique<\/li>\n<li>Raidisseur \u00ab\u00a0Omega\u00a0\u00bb param\u00e9trique<\/li>\n<li>Profil complexe \u00ab\u00a0CAO\u00a0\u00bb<\/li>\n<\/ul>\n<p>&nbsp;<\/p>\n<div style=\"text-align: center;\"><a class=\"mediabox\" title=\"\" href=\"https:\/\/www.extende.com\/wp-content\/uploads\/F2D_geometry_1.png\"><img loading=\"lazy\" decoding=\"async\" class=\"no-border alignnone wp-image-5074\" src=\"https:\/\/www.extende.com\/wp-content\/uploads\/F2D_geometry_1.png\" alt=\"\" width=\"600\" height=\"85\" srcset=\"https:\/\/www.extende.com\/wp-content\/uploads\/F2D_geometry_1.png 1531w, https:\/\/www.extende.com\/wp-content\/uploads\/F2D_geometry_1-300x42.png 300w, https:\/\/www.extende.com\/wp-content\/uploads\/F2D_geometry_1-1024x144.png 1024w, https:\/\/www.extende.com\/wp-content\/uploads\/F2D_geometry_1-768x108.png 768w, https:\/\/www.extende.com\/wp-content\/uploads\/F2D_geometry_1-600x85.png 600w, https:\/\/www.extende.com\/wp-content\/uploads\/F2D_geometry_1-1400x198.png 1400w\" sizes=\"auto, (max-width: 600px) 100vw, 600px\" \/><\/a><\/p>\n<p><a class=\"mediabox\" title=\"\" href=\"https:\/\/www.extende.com\/wp-content\/uploads\/F2D_geometry_2.png\"><img loading=\"lazy\" decoding=\"async\" class=\"no-border alignnone wp-image-5075\" src=\"https:\/\/www.extende.com\/wp-content\/uploads\/F2D_geometry_2.png\" alt=\"\" width=\"505\" height=\"170\" srcset=\"https:\/\/www.extende.com\/wp-content\/uploads\/F2D_geometry_2.png 1064w, https:\/\/www.extende.com\/wp-content\/uploads\/F2D_geometry_2-300x101.png 300w, https:\/\/www.extende.com\/wp-content\/uploads\/F2D_geometry_2-1024x345.png 1024w, https:\/\/www.extende.com\/wp-content\/uploads\/F2D_geometry_2-768x258.png 768w, https:\/\/www.extende.com\/wp-content\/uploads\/F2D_geometry_2-600x202.png 600w\" sizes=\"auto, (max-width: 505px) 100vw, 505px\" \/><\/a><a class=\"mediabox\" title=\"\" href=\"https:\/\/www.extende.com\/wp-content\/uploads\/F2D_geometry_3.png\"><img loading=\"lazy\" decoding=\"async\" class=\"no-border alignnone wp-image-5076\" src=\"https:\/\/www.extende.com\/wp-content\/uploads\/F2D_geometry_3.png\" alt=\"\" width=\"288\" height=\"170\" srcset=\"https:\/\/www.extende.com\/wp-content\/uploads\/F2D_geometry_3.png 921w, https:\/\/www.extende.com\/wp-content\/uploads\/F2D_geometry_3-300x177.png 300w, https:\/\/www.extende.com\/wp-content\/uploads\/F2D_geometry_3-768x453.png 768w, https:\/\/www.extende.com\/wp-content\/uploads\/F2D_geometry_3-600x354.png 600w\" sizes=\"auto, (max-width: 288px) 100vw, 288px\" \/><\/a><\/p>\n<p><a class=\"mediabox\" title=\"\" href=\"https:\/\/www.extende.com\/wp-content\/uploads\/F2D_geometry_4.png\"><img loading=\"lazy\" decoding=\"async\" class=\"no-border alignnone wp-image-5077\" src=\"https:\/\/www.extende.com\/wp-content\/uploads\/F2D_geometry_4.png\" alt=\"\" width=\"400\" height=\"246\" srcset=\"https:\/\/www.extende.com\/wp-content\/uploads\/F2D_geometry_4.png 715w, https:\/\/www.extende.com\/wp-content\/uploads\/F2D_geometry_4-300x184.png 300w, https:\/\/www.extende.com\/wp-content\/uploads\/F2D_geometry_4-600x368.png 600w\" sizes=\"auto, (max-width: 400px) 100vw, 400px\" \/><\/a><a class=\"mediabox\" title=\"\" href=\"https:\/\/www.extende.com\/wp-content\/uploads\/F2D_geometry_5.png\"><img loading=\"lazy\" decoding=\"async\" class=\"no-border alignnone wp-image-5078\" src=\"https:\/\/www.extende.com\/wp-content\/uploads\/F2D_geometry_5.png\" alt=\"\" width=\"500\" height=\"203\" srcset=\"https:\/\/www.extende.com\/wp-content\/uploads\/F2D_geometry_5.png 975w, https:\/\/www.extende.com\/wp-content\/uploads\/F2D_geometry_5-300x122.png 300w, https:\/\/www.extende.com\/wp-content\/uploads\/F2D_geometry_5-768x311.png 768w, https:\/\/www.extende.com\/wp-content\/uploads\/F2D_geometry_5-600x243.png 600w\" sizes=\"auto, (max-width: 500px) 100vw, 500px\" \/><\/a><\/div>\n<div style=\"text-align: center;\"><span class=\"couleur3\">G\u00e9om\u00e9tries de pi\u00e8ces disponibles avec CIVA FIDEL 2D<\/span><\/div>\n<p>&nbsp;<\/p>\n<h2 class=\"titre-paragraphe\">Traducteurs<\/h2>\n<p>Comme il s\u2019agit d\u2019un code de calcul 2D, seule une coupe du traducteur est mod\u00e9lis\u00e9e.<\/p>\n<p>Seuls les types de traducteurs en immersion sont autoris\u00e9s (pastille plane ou barrette courbe).<\/p>\n<p>Aucune restriction sur le type de d\u00e9coupage de pastille n\u2019est faite par rapport aux possibilit\u00e9s de <span class=\"g-color1\">CIVA<\/span>\u00a0: l\u2019utilisateur pourra choisir des traducteurs mono \u00e9l\u00e9ments (forme cylindrique, rectangulaire ou elliptique) ou acc\u00e9der aux d\u00e9coupes multi\u00e9l\u00e9ments (1D ou 2D) disponibles dans <span class=\"g-color1\">CIVA<\/span>\u00a0UT. L\u2019utilisateur devra donc veiller \u00e0 ce que le traducteur mod\u00e9lis\u00e9 soit coh\u00e9rent avec une approche de calcul 2D (en termes de type de focalisation ou de forme de pastille par exemple).<\/p>\n<p>Seules les configurations Pulse-Echo sont autoris\u00e9es (pas de contr\u00f4le en transmission).<\/p>\n<p>&nbsp;<\/p>\n<h2 class=\"titre-paragraphe\">R\u00e9glages multi\u00e9l\u00e9ments<\/h2>\n<p>Les r\u00e9glages multi\u00e9l\u00e9ments du module Simulation d\u2019Inspection <span class=\"g-color1\">CIVA<\/span>\u00a0UT sont tous disponibles dans <span class=\"g-color1\">CIVA<\/span>\u00a0FIDEL2D.<\/p>\n<p>&nbsp;<\/p>\n<h2 class=\"titre-paragraphe\">D\u00e9fauts<\/h2>\n<p>Quatre types de d\u00e9fauts sont disponibles dans <span class=\"g-color1\">CIVA<\/span>\u00a0FIDEL2D\u00a0:<\/p>\n<ul class=\"liste-carres-noirs\">\n<li>D\u00e9laminage (il suit les courbures \u00e9ventuelles des plis composites)<\/li>\n<li>Ondulations de plis<\/li>\n<li>D\u00e9faut plan rectangulaire<\/li>\n<li>Trou \u00e0 Fond Plat<\/li>\n<\/ul>\n<p>&nbsp;<\/p>\n<div style=\"text-align: center;\"><a class=\"mediabox\" title=\"\" href=\"https:\/\/www.extende.com\/wp-content\/uploads\/F2D_flaw_1.png\"><img loading=\"lazy\" decoding=\"async\" class=\"border alignnone wp-image-5079\" src=\"https:\/\/www.extende.com\/wp-content\/uploads\/F2D_flaw_1.png\" alt=\"\" width=\"163\" height=\"150\" \/><\/a><a class=\"mediabox\" title=\"\" href=\"https:\/\/www.extende.com\/wp-content\/uploads\/F2D_flaw_2.png\"><img loading=\"lazy\" decoding=\"async\" class=\"border alignnone wp-image-5080\" src=\"https:\/\/www.extende.com\/wp-content\/uploads\/F2D_flaw_2.png\" alt=\"\" width=\"168\" height=\"150\" srcset=\"https:\/\/www.extende.com\/wp-content\/uploads\/F2D_flaw_2.png 321w, https:\/\/www.extende.com\/wp-content\/uploads\/F2D_flaw_2-300x267.png 300w\" sizes=\"auto, (max-width: 168px) 100vw, 168px\" \/><\/a><a class=\"mediabox\" title=\"\" href=\"https:\/\/www.extende.com\/wp-content\/uploads\/F2D_flaw_3.png\"><img loading=\"lazy\" decoding=\"async\" class=\"no-border alignnone wp-image-5081\" src=\"https:\/\/www.extende.com\/wp-content\/uploads\/F2D_flaw_3.png\" alt=\"\" width=\"266\" height=\"150\" \/><\/a><a class=\"mediabox\" title=\"\" href=\"https:\/\/www.extende.com\/wp-content\/uploads\/F2D_flaw_4.png\"><img loading=\"lazy\" decoding=\"async\" class=\"border alignnone wp-image-5082\" src=\"https:\/\/www.extende.com\/wp-content\/uploads\/F2D_flaw_4.png\" alt=\"\" width=\"144\" height=\"150\" srcset=\"https:\/\/www.extende.com\/wp-content\/uploads\/F2D_flaw_4.png 292w, https:\/\/www.extende.com\/wp-content\/uploads\/F2D_flaw_4-288x300.png 288w\" sizes=\"auto, (max-width: 144px) 100vw, 144px\" \/><\/a><\/div>\n<div style=\"text-align: center;\"><span class=\"couleur3\">D\u00e9fauts mod\u00e9lisables dans CIVA FIDEL 2D<\/span><\/div>\n<p>&nbsp;<\/p>\n<h2 class=\"titre-paragraphe\">R\u00e9sultats: visualisation de l\u2019interaction faisceau \/ d\u00e9faut<\/h2>\n<p>En compl\u00e9ment aux courbes et images classiques de l\u2019imagerie UT disponibles dans <span class=\"g-color1\">CIVA<\/span>\u00a0UT (A-scans, B-scans, vues 3D), <span class=\"g-color1\">CIVA<\/span>\u00a0FIDEL2D permet de visualiser le <span class=\"g-color2\">ph\u00e9nom\u00e8ne d\u2019interaction entre les ondes et la structure composite<\/span> incluant ses \u00e9ventuelles d\u00e9fauts. Il est possible de construire une vid\u00e9o de ce ph\u00e9nom\u00e8ne de propagation et d\u2019interaction \u00e0 l\u2019int\u00e9rieur de la bo\u00eete de calcul.<\/p>\n<p>&nbsp;<\/p>\n<div style=\"text-align: center;\"><a class=\"mediabox\" title=\"\" href=\"https:\/\/www.extende.com\/wp-content\/uploads\/F2D_composite_beam_interaction_1.png\"><img loading=\"lazy\" decoding=\"async\" class=\"border alignnone wp-image-5083\" src=\"https:\/\/www.extende.com\/wp-content\/uploads\/F2D_composite_beam_interaction_1.png\" alt=\"\" width=\"266\" height=\"150\" srcset=\"https:\/\/www.extende.com\/wp-content\/uploads\/F2D_composite_beam_interaction_1.png 457w, https:\/\/www.extende.com\/wp-content\/uploads\/F2D_composite_beam_interaction_1-300x169.png 300w\" sizes=\"auto, (max-width: 266px) 100vw, 266px\" \/><\/a><a class=\"mediabox\" title=\"\" href=\"https:\/\/www.extende.com\/wp-content\/uploads\/F2D_composite_beam_interaction_02.png\"><img loading=\"lazy\" decoding=\"async\" class=\"border alignnone wp-image-5084\" src=\"https:\/\/www.extende.com\/wp-content\/uploads\/F2D_composite_beam_interaction_02.png\" alt=\"\" width=\"266\" height=\"150\" srcset=\"https:\/\/www.extende.com\/wp-content\/uploads\/F2D_composite_beam_interaction_02.png 457w, https:\/\/www.extende.com\/wp-content\/uploads\/F2D_composite_beam_interaction_02-300x169.png 300w\" sizes=\"auto, (max-width: 266px) 100vw, 266px\" \/><\/a><a class=\"mediabox\" title=\"\" href=\"https:\/\/www.extende.com\/wp-content\/uploads\/F2D_composite_beam_interaction_03.png\"><img loading=\"lazy\" decoding=\"async\" class=\"border alignnone wp-image-5085\" src=\"https:\/\/www.extende.com\/wp-content\/uploads\/F2D_composite_beam_interaction_03.png\" alt=\"\" width=\"266\" height=\"150\" srcset=\"https:\/\/www.extende.com\/wp-content\/uploads\/F2D_composite_beam_interaction_03.png 457w, https:\/\/www.extende.com\/wp-content\/uploads\/F2D_composite_beam_interaction_03-300x169.png 300w\" sizes=\"auto, (max-width: 266px) 100vw, 266px\" \/><\/a><\/div>\n<div style=\"text-align: center;\"><span class=\"couleur3\">Images instantan\u00e9es de l\u2019interaction faisceau \/ composite et d\u00e9laminage en fonction du temps<\/span><\/div>\n<p>&nbsp;<\/p>\n<h2 class=\"titre-paragraphe\">La Simulation reste simple et rapide<\/h2>\n<p>Outre ses possibilit\u00e9s de calcul avanc\u00e9es, le couplage entre <span class=\"g-color1\">CIVA<\/span>\u00a0UT et FIDEL\u00a02D offre d\u2019autres avantages : les calculs sont plus rapides que ceux r\u00e9alis\u00e9s avec un code de calcul 100% num\u00e9rique puisque l\u2019ensemble du parcours dans le couplant est calcul\u00e9 par m\u00e9thode semi-analytique, tandis que des ph\u00e9nom\u00e8nes importants inh\u00e9rents \u00e0 de telles structures composites (bruit, d\u00e9faut sp\u00e9cifique) sont pris en compte vis-\u00e0-vis de l\u2019interaction faisceau \/ d\u00e9faut. Les configurations de calcul sont d\u00e9finies \u00e0 l\u2019aide de l\u2019interface graphique conviviale de <span class=\"g-color1\">CIVA<\/span>, avec tr\u00e8s peu de param\u00e8tres d\u2019entr\u00e9e \u00e0 d\u00e9finir pour le calcul par diff\u00e9rences finies. Ainsi, <span class=\"g-color1\">CIVA<\/span>\u00a0FIDEL2D reste simple d\u2019utilisation.<\/p>\n","protected":false},"excerpt":{"rendered":"<p>Le module ultrasons de CIVA, compl\u00e9ment composites FIDEL 2D, logiciel de simulation CND<\/p>\n","protected":false},"author":2,"featured_media":0,"parent":4776,"menu_order":9,"comment_status":"closed","ping_status":"closed","template":"templates\/page--extende.html.php","meta":{"_acf_changed":false,"footnotes":""},"class_list":["post-5088","page","type-page","status-publish","hentry"],"acf":[],"_links":{"self":[{"href":"https:\/\/www.extende.com\/fr\/wp-json\/wp\/v2\/pages\/5088","targetHints":{"allow":["GET"]}}],"collection":[{"href":"https:\/\/www.extende.com\/fr\/wp-json\/wp\/v2\/pages"}],"about":[{"href":"https:\/\/www.extende.com\/fr\/wp-json\/wp\/v2\/types\/page"}],"author":[{"embeddable":true,"href":"https:\/\/www.extende.com\/fr\/wp-json\/wp\/v2\/users\/2"}],"replies":[{"embeddable":true,"href":"https:\/\/www.extende.com\/fr\/wp-json\/wp\/v2\/comments?post=5088"}],"version-history":[{"count":2,"href":"https:\/\/www.extende.com\/fr\/wp-json\/wp\/v2\/pages\/5088\/revisions"}],"predecessor-version":[{"id":6725,"href":"https:\/\/www.extende.com\/fr\/wp-json\/wp\/v2\/pages\/5088\/revisions\/6725"}],"up":[{"embeddable":true,"href":"https:\/\/www.extende.com\/fr\/wp-json\/wp\/v2\/pages\/4776"}],"wp:attachment":[{"href":"https:\/\/www.extende.com\/fr\/wp-json\/wp\/v2\/media?parent=5088"}],"curies":[{"name":"wp","href":"https:\/\/api.w.org\/{rel}","templated":true}]}}