{"id":5104,"date":"2025-06-24T18:44:00","date_gmt":"2025-06-24T16:44:00","guid":{"rendered":"https:\/\/www.extende.com\/civa-logiciel-de-simulation-cnd\/modules-disponibles-dans-civa\/controle-aut-des-pipelines-avec-civa\/"},"modified":"2025-07-21T18:09:57","modified_gmt":"2025-07-21T16:09:57","slug":"controle-aut-des-pipelines-avec-civa","status":"publish","type":"page","link":"https:\/\/www.extende.com\/fr\/civa-logiciel-de-simulation-cnd\/modules-disponibles-dans-civa\/controle-aut-des-pipelines-avec-civa\/","title":{"rendered":"Contr\u00f4le AUT des pipelines avec CIVA"},"content":{"rendered":"<h2 class=\"titre-paragraphe\">Qu&rsquo;est-ce que CIVA AUT Pipeline ?<\/h2>\n<p>Pour les projets p\u00e9trochimiques offshore et onshore, l&rsquo;int\u00e9grit\u00e9 des <span class=\"g-color2\">soudures circulaires<\/span> des tuyauteries est principalement v\u00e9rifi\u00e9e via des syst\u00e8mes <span class=\"g-color2\">ultrasonores multi\u00e9l\u00e9ments automatis\u00e9s (AUT)<\/span>. R\u00e9gies par les standards DNV-ST-F101 et recommandations DNV-RP-F118, les techniques d&rsquo;inspection n\u00e9cessitent des essais de <span class=\"g-color2\">d\u00e9monstration de performance<\/span> ad\u00e9quats. Ce nouvel outil de simulation d\u00e9di\u00e9, int\u00e9gr\u00e9 au logiciel reconnu <span class=\"g-color1\">CIVA<\/span>, a \u00e9t\u00e9 con\u00e7u pour les acteurs de l&rsquo;<span class=\"g-color2\">Oil&amp;Gas<\/span> pour assister les validations de projet et aussi optimiser la performance des inspections et leur fiabilit\u00e9.<\/p>\n<p><span class=\"g-color1\">CIVA<\/span> AUT Pipeline propose deux cat\u00e9gories d&rsquo;outils :<\/p>\n<ul class=\"liste-carres-noirs\">\n<li><span class=\"g-color2\">Un ensemble de modules d\u00e9di\u00e9s<\/span> vous permet de renseigner rapidement les param\u00e8tres du projet et <span class=\"g-color2\">vous guide \u00e0 travers les diff\u00e9rentes \u00e9tapes<\/span>, l&rsquo;une apr\u00e8s l&rsquo;autre :\n<ul class=\"liste-a-puces\">\n<li><span class=\"g-color2\">AUT Etalonnage<\/span> : Simuler la maquette de calibration<\/li>\n<li><span class=\"g-color2\">AUT Sensibilit\u00e9<\/span> : D\u00e9finir une plage de variation pour les variables essentielles<\/li>\n<li><span class=\"g-couleur2\">AUT Dimensionnement<\/span> : Evaluer la pr\u00e9cision de dimensionnement<\/li>\n<li><span class=\"g-color2\">AUT POD<\/span>: Calculer les courbes de Probabilit\u00e9 de D\u00e9tection vs taille de d\u00e9faut<\/li>\n<\/ul>\n<\/li>\n<li>\n<p>Les outils g\u00e9n\u00e9riques de <span class=\"g-color1\">CIVA<\/span> UT <span class=\"g-color2\">\u00ab\u00a0Calcul de champ\u00a0\u00bb, \u00ab\u00a0Couverture en sensibilit\u00e9\u00a0\u00bb et \u00ab\u00a0Simulation d&rsquo;Inspection\u00a0\u00bb<\/span> sont aussi disponibles dans <span class=\"g-color1\">CIVA<\/span> AUT Pipeline pour les <span class=\"g-color2\">configurations de soudures circulaires<\/span><\/p>\n<\/li>\n<\/ul>\n<p><span class=\"g-color1\">CIVA<\/span> AUT Pipeline peut traiter les techniques de Discrimination de Zone (<span class=\"g-color2\">ZDM<\/span>) et de Focalisation en Tous Points (<span class=\"g-color2\">TFM<\/span>).<\/p>\n<p>Dans le module AUT Etalonnage, d\u00e9finir la pi\u00e8ce, les canaux et les d\u00e9fauts de r\u00e9f\u00e9rence :<\/p>\n<p>&nbsp;<\/p>\n<h3 class=\"titre-paragraphe\">Pi\u00e8ce<\/h3>\n<ul class=\"liste-carres-noirs\">\n<li>G\u00e9om\u00e9tries de soudures circulaires d\u00e9finies via des param\u00e8tres<\/li>\n<li>Profils de chanfrein en J (U), V ou X<\/li>\n<li>Constitu\u00e9 d&rsquo;un mat\u00e9riau homog\u00e8ne et isotrope<\/li>\n<\/ul>\n<p>&nbsp;<\/p>\n<div style=\"text-align: center;\"><a class=\"mediabox\" href=\"https:\/\/www.extende.com\/wp-content\/uploads\/CIVA2023_AUT_Pipeline_VBevel.png\"><img loading=\"lazy\" decoding=\"async\" class=\"border alignnone wp-image-5089\" src=\"https:\/\/www.extende.com\/wp-content\/uploads\/CIVA2023_AUT_Pipeline_VBevel.png\" alt=\"\" width=\"325\" height=\"180\" srcset=\"https:\/\/www.extende.com\/wp-content\/uploads\/CIVA2023_AUT_Pipeline_VBevel.png 560w, https:\/\/www.extende.com\/wp-content\/uploads\/CIVA2023_AUT_Pipeline_VBevel-300x166.png 300w\" sizes=\"auto, (max-width: 325px) 100vw, 325px\" \/><\/a> <a class=\"mediabox\" href=\"https:\/\/www.extende.com\/wp-content\/uploads\/CIVA2023_AUT_Pipeline_JBevel.png\"><img loading=\"lazy\" decoding=\"async\" class=\"border alignnone wp-image-5090\" src=\"https:\/\/www.extende.com\/wp-content\/uploads\/CIVA2023_AUT_Pipeline_JBevel.png\" alt=\"\" width=\"325\" height=\"180\" srcset=\"https:\/\/www.extende.com\/wp-content\/uploads\/CIVA2023_AUT_Pipeline_JBevel.png 560w, https:\/\/www.extende.com\/wp-content\/uploads\/CIVA2023_AUT_Pipeline_JBevel-300x166.png 300w\" sizes=\"auto, (max-width: 325px) 100vw, 325px\" \/><\/a> <a class=\"mediabox\" href=\"https:\/\/www.extende.com\/wp-content\/uploads\/CIVA2023_AUT_Pipeline_XBevel.png\"><img loading=\"lazy\" decoding=\"async\" class=\"border alignnone wp-image-5091\" src=\"https:\/\/www.extende.com\/wp-content\/uploads\/CIVA2023_AUT_Pipeline_XBevel.png\" alt=\"\" width=\"325\" height=\"180\" srcset=\"https:\/\/www.extende.com\/wp-content\/uploads\/CIVA2023_AUT_Pipeline_XBevel.png 560w, https:\/\/www.extende.com\/wp-content\/uploads\/CIVA2023_AUT_Pipeline_XBevel-300x166.png 300w\" sizes=\"auto, (max-width: 325px) 100vw, 325px\" \/><\/a><\/div>\n<p>&nbsp;<\/p>\n<h3 class=\"titre-paragraphe\">Sonde<\/h3>\n<ul class=\"liste-carres-noirs\">\n<li>Sondes au contact PA lin\u00e9aire ou mono-\u00e9l\u00e9ment<\/li>\n<\/ul>\n<p>&nbsp;<\/p>\n<h3 class=\"titre-paragraphe\">Canaux<\/h3>\n<ul class=\"liste-carres-noirs\">\n<li>Canaux <span class=\"g-color2\">FILL<\/span>, <span class=\"g-color2\">HOT PASS<\/span> et <span class=\"g-color2\">VOLUME<\/span> avec r\u00e9flecteurs TFP orient\u00e9s<\/li>\n<li>Canaux <span class=\"g-color2\">ROOT<\/span>, <span class=\"g-color2\">CAP<\/span> (et <span class=\"g-color2\">CROSS<\/span> en TFM) avec r\u00e9flecteurs plans rectangulaires<\/li>\n<li>En ZDM, vous pouvez importer toute loi de retard pr\u00e9alablement d\u00e9finie (par exemple dans les modules \u00ab\u00a0g\u00e9n\u00e9riques\u00a0\u00bb de <span class=\"g-color1\">CIVA<\/span>)<\/li>\n<li>Full Matrix Capture en TFM<\/li>\n<\/ul>\n<p>AUT Calibration fournit les signaux obtenues sur les r\u00e9flecteurs \u00e9talons (\u00ab\u00a0strip chart\u00a0\u00bb, tableaux des amplitudes, mais \u00e9galement sous forme de vues B-Scan) et \u00e9galement des images de couverture de zone :<\/p>\n<p>&nbsp;<\/p>\n<div style=\"text-align: center;\"><a class=\"mediabox\" href=\"https:\/\/www.extende.com\/wp-content\/uploads\/CIVA2023_AUT_Pipeline_StripChart.png\"><img loading=\"lazy\" decoding=\"async\" class=\"border aligncenter wp-image-5092\" src=\"https:\/\/www.extende.com\/wp-content\/uploads\/CIVA2023_AUT_Pipeline_StripChart.png\" alt=\"\" width=\"650\" height=\"319\" srcset=\"https:\/\/www.extende.com\/wp-content\/uploads\/CIVA2023_AUT_Pipeline_StripChart.png 1482w, https:\/\/www.extende.com\/wp-content\/uploads\/CIVA2023_AUT_Pipeline_StripChart-300x147.png 300w, https:\/\/www.extende.com\/wp-content\/uploads\/CIVA2023_AUT_Pipeline_StripChart-1024x503.png 1024w, https:\/\/www.extende.com\/wp-content\/uploads\/CIVA2023_AUT_Pipeline_StripChart-768x377.png 768w, https:\/\/www.extende.com\/wp-content\/uploads\/CIVA2023_AUT_Pipeline_StripChart-600x295.png 600w, https:\/\/www.extende.com\/wp-content\/uploads\/CIVA2023_AUT_Pipeline_StripChart-1400x688.png 1400w\" sizes=\"auto, (max-width: 650px) 100vw, 650px\" \/><\/a><\/div>\n<p>&nbsp;<\/p>\n<div style=\"text-align: center;\"><a class=\"mediabox\" href=\"https:\/\/www.extende.com\/wp-content\/uploads\/CIVA2023_AUT_Pipeline_AmplitudeTable.png\"><img loading=\"lazy\" decoding=\"async\" class=\"border aligncenter wp-image-5093\" src=\"https:\/\/www.extende.com\/wp-content\/uploads\/CIVA2023_AUT_Pipeline_AmplitudeTable.png\" alt=\"\" width=\"650\" height=\"313\" srcset=\"https:\/\/www.extende.com\/wp-content\/uploads\/CIVA2023_AUT_Pipeline_AmplitudeTable.png 587w, https:\/\/www.extende.com\/wp-content\/uploads\/CIVA2023_AUT_Pipeline_AmplitudeTable-300x145.png 300w\" sizes=\"auto, (max-width: 650px) 100vw, 650px\" \/><\/a><\/div>\n<p>&nbsp;<\/p>\n<div style=\"text-align: center;\"><a class=\"mediabox\" href=\"https:\/\/www.extende.com\/wp-content\/uploads\/CIVA2023_AUT_Pipeline_B-ScanView.png\"><img loading=\"lazy\" decoding=\"async\" class=\"border aligncenter wp-image-5094\" src=\"https:\/\/www.extende.com\/wp-content\/uploads\/CIVA2023_AUT_Pipeline_B-ScanView.png\" alt=\"\" width=\"650\" height=\"320\" srcset=\"https:\/\/www.extende.com\/wp-content\/uploads\/CIVA2023_AUT_Pipeline_B-ScanView.png 1483w, https:\/\/www.extende.com\/wp-content\/uploads\/CIVA2023_AUT_Pipeline_B-ScanView-300x148.png 300w, https:\/\/www.extende.com\/wp-content\/uploads\/CIVA2023_AUT_Pipeline_B-ScanView-1024x505.png 1024w, https:\/\/www.extende.com\/wp-content\/uploads\/CIVA2023_AUT_Pipeline_B-ScanView-768x379.png 768w, https:\/\/www.extende.com\/wp-content\/uploads\/CIVA2023_AUT_Pipeline_B-ScanView-600x296.png 600w, https:\/\/www.extende.com\/wp-content\/uploads\/CIVA2023_AUT_Pipeline_B-ScanView-1400x690.png 1400w\" sizes=\"auto, (max-width: 650px) 100vw, 650px\" \/><\/a><\/div>\n<p>&nbsp;<\/p>\n<div style=\"text-align: center;\"><a class=\"mediabox\" href=\"https:\/\/www.extende.com\/wp-content\/uploads\/CIVA2023_AUT_Pipeline_FieldCoverage.png\"><img loading=\"lazy\" decoding=\"async\" class=\"border aligncenter wp-image-5095\" src=\"https:\/\/www.extende.com\/wp-content\/uploads\/CIVA2023_AUT_Pipeline_FieldCoverage.png\" alt=\"\" width=\"650\" height=\"333\" srcset=\"https:\/\/www.extende.com\/wp-content\/uploads\/CIVA2023_AUT_Pipeline_FieldCoverage.png 720w, https:\/\/www.extende.com\/wp-content\/uploads\/CIVA2023_AUT_Pipeline_FieldCoverage-300x154.png 300w, https:\/\/www.extende.com\/wp-content\/uploads\/CIVA2023_AUT_Pipeline_FieldCoverage-600x308.png 600w\" sizes=\"auto, (max-width: 650px) 100vw, 650px\" \/><\/a><\/div>\n<p>&nbsp;<\/p>\n<p>Dans le module AUT Sensibilit\u00e9, d\u00e9finir les param\u00e8tres variables et \u00e9tudier leur impact sur le <span class=\"g-color2\">d\u00e9faut cible<\/span> mod\u00e9lis\u00e9 par un d\u00e9faut plan rectangulaire :<\/p>\n<p>&nbsp;<\/p>\n<h3 class=\"titre-paragraphe\">Param\u00e8tres essentiels variables<\/h3>\n<ul class=\"liste-carres-noirs\">\n<li>Epaisseur de pi\u00e8ce<\/li>\n<li>Position de la sonde<\/li>\n<li>Vitesse des ondes<\/li>\n<li>Longueur du d\u00e9faut cible<\/li>\n<li>Hauteur du d\u00e9faut cible<\/li>\n<li>Profondeur du d\u00e9faut cible<\/li>\n<li>Angle de chanfrein (i.e., angle de tilt du d\u00e9faut cible)<\/li>\n<\/ul>\n<p>AUT Sensibilit\u00e9 fournit une analyse en sensibilit\u00e9 pour tous les canaux, bas\u00e9s sur les plages de variation d\u00e9finies pour tous les param\u00e8tres essentiels et le nombre de cas simul\u00e9s. Un m\u00e9tamod\u00e8le est g\u00e9n\u00e9r\u00e9 \u00e0 partir des simulations pour enrichir le jeu de donn\u00e9es et permettre d&rsquo;\u00e9tudier de multiples scenarios d&rsquo;inspection en temps r\u00e9el (la variabilit\u00e9 des param\u00e8tres essentielles peut \u00eatre modifi\u00e9es).<\/p>\n<p>Diff\u00e9rents graphiques d&rsquo;analyse sont disponibles :<\/p>\n<ul class=\"liste-carres-noirs\">\n<li>Diagramme parall\u00e8le de la base simul\u00e9e<\/li>\n<li>Courbe 1D ou cartographie 2D de l&rsquo;impact des param\u00e8tres sur l&rsquo;amplitude du signal bas\u00e9es sur le m\u00e9tamod\u00e8le<\/li>\n<li>Diagramme parall\u00e8le \u00e0 partir du m\u00e9tamod\u00e8le<\/li>\n<li>Indices de Sobol classant l&rsquo;influence des param\u00e8tres<\/li>\n<\/ul>\n<p>&nbsp;<\/p>\n<div style=\"text-align: center;\"><a class=\"mediabox\" href=\"https:\/\/www.extende.com\/wp-content\/uploads\/CIVA2023_AUT_Pipeline_1DCurve.png\"><img loading=\"lazy\" decoding=\"async\" class=\"border aligncenter wp-image-5096\" src=\"https:\/\/www.extende.com\/wp-content\/uploads\/CIVA2023_AUT_Pipeline_1DCurve.png\" alt=\"\" width=\"650\" height=\"334\" srcset=\"https:\/\/www.extende.com\/wp-content\/uploads\/CIVA2023_AUT_Pipeline_1DCurve.png 1473w, https:\/\/www.extende.com\/wp-content\/uploads\/CIVA2023_AUT_Pipeline_1DCurve-300x154.png 300w, https:\/\/www.extende.com\/wp-content\/uploads\/CIVA2023_AUT_Pipeline_1DCurve-1024x526.png 1024w, https:\/\/www.extende.com\/wp-content\/uploads\/CIVA2023_AUT_Pipeline_1DCurve-768x395.png 768w, https:\/\/www.extende.com\/wp-content\/uploads\/CIVA2023_AUT_Pipeline_1DCurve-600x308.png 600w, https:\/\/www.extende.com\/wp-content\/uploads\/CIVA2023_AUT_Pipeline_1DCurve-1400x719.png 1400w\" sizes=\"auto, (max-width: 650px) 100vw, 650px\" \/><\/a><\/div>\n<p>&nbsp;<\/p>\n<div style=\"text-align: center;\"><a class=\"mediabox\" href=\"https:\/\/www.extende.com\/wp-content\/uploads\/CIVA2023_AUT_Pipeline_2DCurve.png\"><img loading=\"lazy\" decoding=\"async\" class=\"border aligncenter wp-image-5097\" src=\"https:\/\/www.extende.com\/wp-content\/uploads\/CIVA2023_AUT_Pipeline_2DCurve.png\" alt=\"\" width=\"650\" height=\"288\" srcset=\"https:\/\/www.extende.com\/wp-content\/uploads\/CIVA2023_AUT_Pipeline_2DCurve.png 1466w, https:\/\/www.extende.com\/wp-content\/uploads\/CIVA2023_AUT_Pipeline_2DCurve-300x133.png 300w, https:\/\/www.extende.com\/wp-content\/uploads\/CIVA2023_AUT_Pipeline_2DCurve-1024x454.png 1024w, https:\/\/www.extende.com\/wp-content\/uploads\/CIVA2023_AUT_Pipeline_2DCurve-768x341.png 768w, https:\/\/www.extende.com\/wp-content\/uploads\/CIVA2023_AUT_Pipeline_2DCurve-600x266.png 600w, https:\/\/www.extende.com\/wp-content\/uploads\/CIVA2023_AUT_Pipeline_2DCurve-1400x621.png 1400w\" sizes=\"auto, (max-width: 650px) 100vw, 650px\" \/><\/a><\/div>\n<p>&nbsp;<\/p>\n<div style=\"text-align: center;\"><a class=\"mediabox\" href=\"https:\/\/www.extende.com\/wp-content\/uploads\/CIVA2023_AUT_Pipeline_ParallelPlot.png\"><img loading=\"lazy\" decoding=\"async\" class=\"border aligncenter wp-image-5098\" src=\"https:\/\/www.extende.com\/wp-content\/uploads\/CIVA2023_AUT_Pipeline_ParallelPlot.png\" alt=\"\" width=\"650\" height=\"323\" srcset=\"https:\/\/www.extende.com\/wp-content\/uploads\/CIVA2023_AUT_Pipeline_ParallelPlot.png 1474w, https:\/\/www.extende.com\/wp-content\/uploads\/CIVA2023_AUT_Pipeline_ParallelPlot-300x149.png 300w, https:\/\/www.extende.com\/wp-content\/uploads\/CIVA2023_AUT_Pipeline_ParallelPlot-1024x509.png 1024w, https:\/\/www.extende.com\/wp-content\/uploads\/CIVA2023_AUT_Pipeline_ParallelPlot-768x382.png 768w, https:\/\/www.extende.com\/wp-content\/uploads\/CIVA2023_AUT_Pipeline_ParallelPlot-600x298.png 600w, https:\/\/www.extende.com\/wp-content\/uploads\/CIVA2023_AUT_Pipeline_ParallelPlot-1400x696.png 1400w\" sizes=\"auto, (max-width: 650px) 100vw, 650px\" \/><\/a><\/div>\n<p>&nbsp;<\/p>\n<div style=\"text-align: center;\"><a class=\"mediabox\" href=\"https:\/\/www.extende.com\/wp-content\/uploads\/CIVA2023_AUT_Pipeline_Sobol.png\"><img loading=\"lazy\" decoding=\"async\" class=\"border aligncenter wp-image-5099\" src=\"https:\/\/www.extende.com\/wp-content\/uploads\/CIVA2023_AUT_Pipeline_Sobol.png\" alt=\"\" width=\"650\" height=\"335\" srcset=\"https:\/\/www.extende.com\/wp-content\/uploads\/CIVA2023_AUT_Pipeline_Sobol.png 1470w, https:\/\/www.extende.com\/wp-content\/uploads\/CIVA2023_AUT_Pipeline_Sobol-300x154.png 300w, https:\/\/www.extende.com\/wp-content\/uploads\/CIVA2023_AUT_Pipeline_Sobol-1024x527.png 1024w, https:\/\/www.extende.com\/wp-content\/uploads\/CIVA2023_AUT_Pipeline_Sobol-768x395.png 768w, https:\/\/www.extende.com\/wp-content\/uploads\/CIVA2023_AUT_Pipeline_Sobol-600x309.png 600w, https:\/\/www.extende.com\/wp-content\/uploads\/CIVA2023_AUT_Pipeline_Sobol-1400x721.png 1400w\" sizes=\"auto, (max-width: 650px) 100vw, 650px\" \/><\/a><\/div>\n<p>&nbsp;<\/p>\n<p>A partir des r\u00e9sultats de AUT Sensibilit\u00e9, on peut lancer le module <span class=\"g-color2\">AUT Dimensionnement<\/span> qui va \u00e9valuer la <span class=\"g-color2\">pr\u00e9cision de dimensionnement<\/span>, via l&rsquo;affichage du graphique \u00ab\u00a0Taille vraie vs taille estim\u00e9e\u00a0\u00bb et les quantiles des limites en sous \/ surdimensionnement associ\u00e9s, et estimer quels param\u00e8tres influencent l&rsquo;erreur de dimensionnement.<\/p>\n<p>&nbsp;<\/p>\n<div style=\"text-align: center;\"><a class=\"mediabox\" href=\"https:\/\/www.extende.com\/wp-content\/uploads\/CIVA2023_AUT_Pipeline_SizingAccuracy-scaled.png\"><img loading=\"lazy\" decoding=\"async\" class=\"border aligncenter wp-image-5100\" src=\"https:\/\/www.extende.com\/wp-content\/uploads\/CIVA2023_AUT_Pipeline_SizingAccuracy-scaled.png\" alt=\"\" width=\"650\" height=\"341\" srcset=\"https:\/\/www.extende.com\/wp-content\/uploads\/CIVA2023_AUT_Pipeline_SizingAccuracy-scaled.png 1600w, https:\/\/www.extende.com\/wp-content\/uploads\/CIVA2023_AUT_Pipeline_SizingAccuracy-300x157.png 300w, https:\/\/www.extende.com\/wp-content\/uploads\/CIVA2023_AUT_Pipeline_SizingAccuracy-1024x537.png 1024w, https:\/\/www.extende.com\/wp-content\/uploads\/CIVA2023_AUT_Pipeline_SizingAccuracy-768x403.png 768w, https:\/\/www.extende.com\/wp-content\/uploads\/CIVA2023_AUT_Pipeline_SizingAccuracy-1536x805.png 1536w, https:\/\/www.extende.com\/wp-content\/uploads\/CIVA2023_AUT_Pipeline_SizingAccuracy-600x314.png 600w, https:\/\/www.extende.com\/wp-content\/uploads\/CIVA2023_AUT_Pipeline_SizingAccuracy-1400x734.png 1400w\" sizes=\"auto, (max-width: 650px) 100vw, 650px\" \/><\/a><\/div>\n<p>&nbsp;<\/p>\n<p>A partir des r\u00e9sultats de AUT Sensibilit\u00e9, on peut aussi lancer le module AUT POD, qui va calculer des courbes <span class=\"g-color2\">POD<\/span> (Probabilit\u00e9 de D\u00e9tection vs taille de d\u00e9faut) pour un ou plusieurs canaux, des faisceaux de courbes POD, des cartographies POD 2D, et v\u00e9rifier quels param\u00e8tres d\u00e9gradent (ou pourraient optimiser) la POD.<\/p>\n<p>&nbsp;<\/p>\n<div style=\"text-align: center;\"><a class=\"mediabox\" href=\"https:\/\/www.extende.com\/wp-content\/uploads\/CIVA2023_AUT_Pipeline_POD-scaled.png\"><img loading=\"lazy\" decoding=\"async\" class=\"border aligncenter wp-image-5101\" src=\"https:\/\/www.extende.com\/wp-content\/uploads\/CIVA2023_AUT_Pipeline_POD-scaled.png\" alt=\"\" width=\"650\" height=\"312\" srcset=\"https:\/\/www.extende.com\/wp-content\/uploads\/CIVA2023_AUT_Pipeline_POD-scaled.png 1600w, https:\/\/www.extende.com\/wp-content\/uploads\/CIVA2023_AUT_Pipeline_POD-300x144.png 300w, https:\/\/www.extende.com\/wp-content\/uploads\/CIVA2023_AUT_Pipeline_POD-1024x491.png 1024w, https:\/\/www.extende.com\/wp-content\/uploads\/CIVA2023_AUT_Pipeline_POD-768x368.png 768w, https:\/\/www.extende.com\/wp-content\/uploads\/CIVA2023_AUT_Pipeline_POD-1536x736.png 1536w, https:\/\/www.extende.com\/wp-content\/uploads\/CIVA2023_AUT_Pipeline_POD-600x287.png 600w, https:\/\/www.extende.com\/wp-content\/uploads\/CIVA2023_AUT_Pipeline_POD-1400x671.png 1400w\" sizes=\"auto, (max-width: 650px) 100vw, 650px\" \/><\/a><\/div>\n<p>&nbsp;<\/p>\n<div style=\"text-align: center;\"><a class=\"mediabox\" href=\"https:\/\/www.extende.com\/wp-content\/uploads\/CIVA2023_AUT_Pipeline_PODHeatMap-scaled.png\"><img loading=\"lazy\" decoding=\"async\" class=\"border aligncenter wp-image-5102\" src=\"https:\/\/www.extende.com\/wp-content\/uploads\/CIVA2023_AUT_Pipeline_PODHeatMap-scaled.png\" alt=\"\" width=\"650\" height=\"315\" srcset=\"https:\/\/www.extende.com\/wp-content\/uploads\/CIVA2023_AUT_Pipeline_PODHeatMap-scaled.png 1600w, https:\/\/www.extende.com\/wp-content\/uploads\/CIVA2023_AUT_Pipeline_PODHeatMap-300x145.png 300w, https:\/\/www.extende.com\/wp-content\/uploads\/CIVA2023_AUT_Pipeline_PODHeatMap-1024x496.png 1024w, https:\/\/www.extende.com\/wp-content\/uploads\/CIVA2023_AUT_Pipeline_PODHeatMap-768x372.png 768w, https:\/\/www.extende.com\/wp-content\/uploads\/CIVA2023_AUT_Pipeline_PODHeatMap-1536x744.png 1536w, https:\/\/www.extende.com\/wp-content\/uploads\/CIVA2023_AUT_Pipeline_PODHeatMap-600x291.png 600w, https:\/\/www.extende.com\/wp-content\/uploads\/CIVA2023_AUT_Pipeline_PODHeatMap-1400x678.png 1400w\" sizes=\"auto, (max-width: 650px) 100vw, 650px\" \/><\/a><\/div>\n","protected":false},"excerpt":{"rendered":"<p>Cet outil de simulation d\u00e9di\u00e9, int\u00e9gr\u00e9 au logiciel reconnu CIVA, a \u00e9t\u00e9 con\u00e7u pour les acteurs de l&rsquo;Oil&#038;Gas pour assister les validations de projet et optimiser la performance des inspections et leur fiabilit\u00e9.<\/p>\n","protected":false},"author":2,"featured_media":0,"parent":4776,"menu_order":10,"comment_status":"closed","ping_status":"closed","template":"templates\/page--extende.html.php","meta":{"_acf_changed":false,"footnotes":""},"class_list":["post-5104","page","type-page","status-publish","hentry"],"acf":[],"_links":{"self":[{"href":"https:\/\/www.extende.com\/fr\/wp-json\/wp\/v2\/pages\/5104","targetHints":{"allow":["GET"]}}],"collection":[{"href":"https:\/\/www.extende.com\/fr\/wp-json\/wp\/v2\/pages"}],"about":[{"href":"https:\/\/www.extende.com\/fr\/wp-json\/wp\/v2\/types\/page"}],"author":[{"embeddable":true,"href":"https:\/\/www.extende.com\/fr\/wp-json\/wp\/v2\/users\/2"}],"replies":[{"embeddable":true,"href":"https:\/\/www.extende.com\/fr\/wp-json\/wp\/v2\/comments?post=5104"}],"version-history":[{"count":2,"href":"https:\/\/www.extende.com\/fr\/wp-json\/wp\/v2\/pages\/5104\/revisions"}],"predecessor-version":[{"id":6730,"href":"https:\/\/www.extende.com\/fr\/wp-json\/wp\/v2\/pages\/5104\/revisions\/6730"}],"up":[{"embeddable":true,"href":"https:\/\/www.extende.com\/fr\/wp-json\/wp\/v2\/pages\/4776"}],"wp:attachment":[{"href":"https:\/\/www.extende.com\/fr\/wp-json\/wp\/v2\/media?parent=5104"}],"curies":[{"name":"wp","href":"https:\/\/api.w.org\/{rel}","templated":true}]}}