{"id":5143,"date":"2025-06-24T18:44:12","date_gmt":"2025-06-24T16:44:12","guid":{"rendered":"https:\/\/www.extende.com\/civa-logiciel-de-simulation-cnd\/civa-education\/controle-par-ultrasons-pour-leducation\/"},"modified":"2025-12-04T13:15:09","modified_gmt":"2025-12-04T12:15:09","slug":"controle-par-ultrasons-dans-civa-education","status":"publish","type":"page","link":"https:\/\/www.extende.com\/fr\/civa-logiciel-de-simulation-cnd\/civa-education\/controle-par-ultrasons-dans-civa-education\/","title":{"rendered":"Contr\u00f4le par Ultrasons dans CIVA Education"},"content":{"rendered":"<p>Dans <span class=\"g-color1\">CIVA<\/span> <span class=\"g-color3\">Education<\/span> UT, deux types de calculs sont disponibles : calcul de champ et simulation d\u2019inspection.<\/p>\n<p>&nbsp;<\/p>\n<p><a class=\"mediabox\" href=\"https:\/\/www.extende.com\/wp-content\/uploads\/CIVA_Edu_v2_Desk_UT_FR.png\"><img loading=\"lazy\" decoding=\"async\" class=\"border aligncenter wp-image-7108\" src=\"https:\/\/www.extende.com\/wp-content\/uploads\/CIVA_Edu_v2_Desk_UT_FR-300x123.png\" alt=\"\" width=\"900\" height=\"370\" srcset=\"https:\/\/www.extende.com\/wp-content\/uploads\/CIVA_Edu_v2_Desk_UT_FR-300x123.png 300w, https:\/\/www.extende.com\/wp-content\/uploads\/CIVA_Edu_v2_Desk_UT_FR-1024x421.png 1024w, https:\/\/www.extende.com\/wp-content\/uploads\/CIVA_Edu_v2_Desk_UT_FR-768x316.png 768w, https:\/\/www.extende.com\/wp-content\/uploads\/CIVA_Edu_v2_Desk_UT_FR-600x247.png 600w, https:\/\/www.extende.com\/wp-content\/uploads\/CIVA_Edu_v2_Desk_UT_FR.png 1325w\" sizes=\"auto, (max-width: 900px) 100vw, 900px\" \/><\/a><\/p>\n<p>&nbsp;<\/p>\n<h2 class=\"titre-paragraphe\">Calcul de champ 3D<\/h2>\n<p>Le module UT de calcul de champ\u00a0inclut les fonctionnalit\u00e9s suivantes :<\/p>\n<ul class=\"liste-carres-noirs\">\n<li>Pi\u00e8ces de g\u00e9om\u00e9trie plane et circulaire<\/li>\n<li>Mat\u00e9riau isotrope ou anisotrope<\/li>\n<li>Inspection au contact (avec\/sans sabot) ou en immersion<\/li>\n<li>Palpeur droit ou d&rsquo;angle<\/li>\n<li>Sonde conventionnelle (pastille rectangulaire ou circulaire) ou multi\u00e9l\u00e9ments lin\u00e9aires (limit\u00e9 \u00e0 28 \u00e9l\u00e9ments)<\/li>\n<li>Sonde focalis\u00e9e disponible (mise en forme sph\u00e9rique ou cylindrique)<\/li>\n<li>Focalisation en un point ou orientation de faisceau par lois de retard (capteurs multi\u00e9l\u00e9ments)<\/li>\n<li>Prise en compte des ondes longitudinales et transversales et des conversions de mode<\/li>\n<li>Plusieurs rebonds du faisceau peuvent \u00eatre pris en compte<\/li>\n<\/ul>\n<p>&nbsp;<\/p>\n<h3 class=\"titre-paragraphe\">Exemples de simulations<\/h3>\n<p>En UT, parmi d\u2019autres possibilit\u00e9s, le module de calcul de champ de <span class=\"g-color1\">CIVA<\/span> peut vous aider \u00e0 illustrer les ph\u00e9nom\u00e8nes physiques suivants\u00a0:<\/p>\n<ul class=\"liste-carres-noirs\">\n<li>Visualiser et caract\u00e9riser les <span class=\"g-color2\">diff\u00e9rentes zones d\u2019un faisceau<\/span> pour une sonde donn\u00e9e (champ proche, champ lointain, localisation du maximum d\u2019amplitude, taille de la t\u00e2che focale, etc.)<\/li>\n<\/ul>\n<p>&nbsp;<\/p>\n<p style=\"text-align: center;\"><a title=\"\" href=\"https:\/\/www.extende.com\/wp-content\/uploads\/CIVA_UT_Beam_Annotated.png\" target=\"_blank\" rel=\"noopener\"><img loading=\"lazy\" decoding=\"async\" class=\"border alignnone wp-image-5126\" src=\"https:\/\/www.extende.com\/wp-content\/uploads\/CIVA_UT_Beam_Annotated.png\" alt=\"\" width=\"212\" height=\"170\" srcset=\"https:\/\/www.extende.com\/wp-content\/uploads\/CIVA_UT_Beam_Annotated.png 546w, https:\/\/www.extende.com\/wp-content\/uploads\/CIVA_UT_Beam_Annotated-300x240.png 300w\" sizes=\"auto, (max-width: 212px) 100vw, 212px\" \/><\/a> <a title=\"\" href=\"https:\/\/www.extende.com\/wp-content\/uploads\/CIVA_UT_Beam_Thresholds.png\" target=\"_blank\" rel=\"noopener\"><img loading=\"lazy\" decoding=\"async\" class=\"border alignnone wp-image-5127\" src=\"https:\/\/www.extende.com\/wp-content\/uploads\/CIVA_UT_Beam_Thresholds.png\" alt=\"\" width=\"507\" height=\"170\" srcset=\"https:\/\/www.extende.com\/wp-content\/uploads\/CIVA_UT_Beam_Thresholds.png 976w, https:\/\/www.extende.com\/wp-content\/uploads\/CIVA_UT_Beam_Thresholds-300x101.png 300w, https:\/\/www.extende.com\/wp-content\/uploads\/CIVA_UT_Beam_Thresholds-768x257.png 768w, https:\/\/www.extende.com\/wp-content\/uploads\/CIVA_UT_Beam_Thresholds-600x201.png 600w\" sizes=\"auto, (max-width: 507px) 100vw, 507px\" \/><\/a><\/p>\n<p>&nbsp;<\/p>\n<ul class=\"liste-carres-noirs\">\n<li>Visualiser la <span class=\"g-color2\">propagation du champ<\/span>, en particulier quand un ph\u00e9nom\u00e8ne particulier se produit (propagation dans un mat\u00e9riau anisotrope, ph\u00e9nom\u00e8ne des lobes de r\u00e9seau avec une sonde multi\u00e9l\u00e9ments, etc.).<\/li>\n<\/ul>\n<p>&nbsp;<\/p>\n<p style=\"text-align: center;\"><a title=\"\" href=\"https:\/\/www.extende.com\/wp-content\/uploads\/CIVA_UT_Side_Lobes.png\" target=\"_blank\" rel=\"noopener\"><img loading=\"lazy\" decoding=\"async\" class=\"border alignnone wp-image-5128\" src=\"https:\/\/www.extende.com\/wp-content\/uploads\/CIVA_UT_Side_Lobes.png\" alt=\"\" width=\"411\" height=\"180\" srcset=\"https:\/\/www.extende.com\/wp-content\/uploads\/CIVA_UT_Side_Lobes.png 903w, https:\/\/www.extende.com\/wp-content\/uploads\/CIVA_UT_Side_Lobes-300x131.png 300w, https:\/\/www.extende.com\/wp-content\/uploads\/CIVA_UT_Side_Lobes-768x336.png 768w, https:\/\/www.extende.com\/wp-content\/uploads\/CIVA_UT_Side_Lobes-600x262.png 600w\" sizes=\"auto, (max-width: 411px) 100vw, 411px\" \/><\/a> <a title=\"\" href=\"https:\/\/www.extende.com\/wp-content\/uploads\/CIVA_UT_Anisotropy49.png\" target=\"_blank\" rel=\"noopener\"><img loading=\"lazy\" decoding=\"async\" class=\"border alignnone wp-image-5129\" src=\"https:\/\/www.extende.com\/wp-content\/uploads\/CIVA_UT_Anisotropy49.png\" alt=\"\" width=\"313\" height=\"180\" srcset=\"https:\/\/www.extende.com\/wp-content\/uploads\/CIVA_UT_Anisotropy49.png 651w, https:\/\/www.extende.com\/wp-content\/uploads\/CIVA_UT_Anisotropy49-300x172.png 300w, https:\/\/www.extende.com\/wp-content\/uploads\/CIVA_UT_Anisotropy49-600x345.png 600w\" sizes=\"auto, (max-width: 313px) 100vw, 313px\" \/><\/a><\/p>\n<p>&nbsp;<\/p>\n<ul class=\"liste-carres-noirs\">\n<li>Comprendre et voir les effets de la <span class=\"g-color2\">focalisation ou de la d\u00e9viation du faisceau<\/span>.<\/li>\n<\/ul>\n<p>&nbsp;<\/p>\n<p style=\"text-align: center;\"><a title=\"\" href=\"https:\/\/www.extende.com\/wp-content\/uploads\/CIVA_UT_Focal_Laws.png\" target=\"_blank\" rel=\"noopener\"><img loading=\"lazy\" decoding=\"async\" class=\"border wp-image-5130 aligncenter\" src=\"https:\/\/www.extende.com\/wp-content\/uploads\/CIVA_UT_Focal_Laws.png\" alt=\"\" width=\"487\" height=\"300\" srcset=\"https:\/\/www.extende.com\/wp-content\/uploads\/CIVA_UT_Focal_Laws.png 773w, https:\/\/www.extende.com\/wp-content\/uploads\/CIVA_UT_Focal_Laws-300x185.png 300w, https:\/\/www.extende.com\/wp-content\/uploads\/CIVA_UT_Focal_Laws-768x473.png 768w, https:\/\/www.extende.com\/wp-content\/uploads\/CIVA_UT_Focal_Laws-600x369.png 600w\" sizes=\"auto, (max-width: 487px) 100vw, 487px\" \/><\/a><\/p>\n<p>&nbsp;<\/p>\n<ul class=\"liste-carres-noirs\">\n<li>Visualiser\u00a0 <span class=\"g-color2\">l&rsquo;impact des propri\u00e9t\u00e9s du mat\u00e9riau <\/span>sur l&rsquo;angle du faisceau.<\/li>\n<\/ul>\n<p>&nbsp;<\/p>\n<p style=\"text-align: center;\"><a title=\"\" href=\"https:\/\/www.extende.com\/wp-content\/uploads\/CIVA_UT_Material.png\" target=\"_blank\" rel=\"noopener\"><img loading=\"lazy\" decoding=\"async\" class=\"border wp-image-5131 aligncenter\" src=\"https:\/\/www.extende.com\/wp-content\/uploads\/CIVA_UT_Material.png\" alt=\"\" width=\"765\" height=\"250\" srcset=\"https:\/\/www.extende.com\/wp-content\/uploads\/CIVA_UT_Material.png 1052w, https:\/\/www.extende.com\/wp-content\/uploads\/CIVA_UT_Material-300x98.png 300w, https:\/\/www.extende.com\/wp-content\/uploads\/CIVA_UT_Material-1024x335.png 1024w, https:\/\/www.extende.com\/wp-content\/uploads\/CIVA_UT_Material-768x251.png 768w, https:\/\/www.extende.com\/wp-content\/uploads\/CIVA_UT_Material-600x196.png 600w\" sizes=\"auto, (max-width: 765px) 100vw, 765px\" \/><\/a><\/p>\n<p>&nbsp;<\/p>\n<ul class=\"liste-carres-noirs\">\n<li>\n<p>Visualiser <span class=\"g-color2\">l\u2019impact de param\u00e8tres physiques<\/span> tels que la fr\u00e9quence de la sonde sur un faisceau rayonn\u00e9.<\/p>\n<\/li>\n<\/ul>\n<p>&nbsp;<\/p>\n<p style=\"text-align: center;\"><a title=\"\" href=\"https:\/\/www.extende.com\/wp-content\/uploads\/CIVA_UT_Beam_Frequency.png\" target=\"_blank\" rel=\"noopener\"><img loading=\"lazy\" decoding=\"async\" class=\"border wp-image-5132 aligncenter\" src=\"https:\/\/www.extende.com\/wp-content\/uploads\/CIVA_UT_Beam_Frequency.png\" alt=\"\" width=\"770\" height=\"250\" srcset=\"https:\/\/www.extende.com\/wp-content\/uploads\/CIVA_UT_Beam_Frequency.png 1050w, https:\/\/www.extende.com\/wp-content\/uploads\/CIVA_UT_Beam_Frequency-300x97.png 300w, https:\/\/www.extende.com\/wp-content\/uploads\/CIVA_UT_Beam_Frequency-1024x333.png 1024w, https:\/\/www.extende.com\/wp-content\/uploads\/CIVA_UT_Beam_Frequency-768x249.png 768w, https:\/\/www.extende.com\/wp-content\/uploads\/CIVA_UT_Beam_Frequency-600x195.png 600w\" sizes=\"auto, (max-width: 770px) 100vw, 770px\" \/><\/a><\/p>\n<p>&nbsp;<\/p>\n<ul class=\"liste-carres-noirs\">\n<li>Evaluer la <span class=\"g-color2\">zone de sensibilit\u00e9 d\u2019une sonde \u00e0 fonction s\u00e9par\u00e9e T\/R<\/span> (telle qu\u2019une sonde TOFD) avec la combinaison d\u2019un faisceau \u00e9mis et d\u2019une zone de sensibilit\u00e9 en r\u00e9ception.<\/li>\n<\/ul>\n<p>&nbsp;<\/p>\n<p style=\"text-align: center;\"><a title=\"\" href=\"https:\/\/www.extende.com\/wp-content\/uploads\/CIVA_UT_Beam_TOFD_Lbeams3D.png\" target=\"_blank\" rel=\"noopener\"><img loading=\"lazy\" decoding=\"async\" class=\"border wp-image-5133 aligncenter\" src=\"https:\/\/www.extende.com\/wp-content\/uploads\/CIVA_UT_Beam_TOFD_Lbeams3D.png\" alt=\"\" width=\"647\" height=\"300\" srcset=\"https:\/\/www.extende.com\/wp-content\/uploads\/CIVA_UT_Beam_TOFD_Lbeams3D.png 934w, https:\/\/www.extende.com\/wp-content\/uploads\/CIVA_UT_Beam_TOFD_Lbeams3D-300x139.png 300w, https:\/\/www.extende.com\/wp-content\/uploads\/CIVA_UT_Beam_TOFD_Lbeams3D-768x356.png 768w, https:\/\/www.extende.com\/wp-content\/uploads\/CIVA_UT_Beam_TOFD_Lbeams3D-600x278.png 600w\" sizes=\"auto, (max-width: 647px) 100vw, 647px\" \/><\/a><\/p>\n<p>&nbsp;<\/p>\n<ul class=\"liste-carres-noirs\">\n<li>Et bien d&rsquo;autres possibilit\u00e9s \u00e0 d\u00e9couvrir&#8230;<\/li>\n<\/ul>\n<p>&nbsp;<\/p>\n<h2 class=\"titre-paragraphe\">Simulation d&rsquo;inspection 2D pour des calculs qualitatifs et rapides<\/h2>\n<p>Le module de simulation d\u2019inspection 2D inclut les fonctionnalit\u00e9s suivantes\u00a0:<\/p>\n<ul class=\"liste-carres-noirs\">\n<li>G\u00e9om\u00e9tries de pi\u00e8ces planes et cylindriques, ainsi qu\u2019une soudure avec chanfrein en V de 30\u00b0<\/li>\n<li>Mat\u00e9riau isotrope<\/li>\n<li>Inspection au contact\u00a0ou en immersion<\/li>\n<li>Sonde conventionnelle mono \u00e9l\u00e9ment (pastille rectangulaire ou cylindrique) et sonde multi\u00e9l\u00e9ments lin\u00e9aires (limit\u00e9s \u00e0 28 \u00e9l\u00e9ments)<\/li>\n<li>Pulse Echo, TOFD, Tandem<\/li>\n<li>Applications multi-\u00e9l\u00e9ments : Focalisation en un point, d\u00e9viation de faisceau, balayage angulaire, TFM-FMC (Full Matrix Capture)<\/li>\n<li>Simulation avec d\u00e9faut plan et trou g\u00e9n\u00e9ratrice de diff\u00e9rentes dimensions, positions ou orientation<\/li>\n<li>Prise en compte des ondes L et T et des conversions de mode<\/li>\n<\/ul>\n<p>&nbsp;<\/p>\n<h3 class=\"titre-paragraphe\">Exemples de simulations<\/h3>\n<p>Dans les UT, parmi d\u2019autres possibilit\u00e9s et id\u00e9es, le module de simulation d\u2019inspection de <span class=\"g-color1\">CIVA<\/span> <span class=\"g-color3\">Education<\/span> peut vous aider \u00e0 illustrer les points suivants\u00a0:<\/p>\n<ul class=\"liste-carres-noirs\">\n<li>Les <span class=\"g-color2\">diff\u00e9rents types d\u2019\u00e9chos<\/span> diffus\u00e9s par une indication ou par la g\u00e9om\u00e9trie du composant (diffraction, r\u00e9flexion, \u00e9cho de coin, etc.).<\/li>\n<\/ul>\n<p>&nbsp;<\/p>\n<p style=\"text-align: center;\"><a title=\"\" href=\"https:\/\/www.extende.com\/wp-content\/uploads\/CIVA_UT_SI_Annotated_12.png\" target=\"_blank\" rel=\"noopener\"><img loading=\"lazy\" decoding=\"async\" class=\"border wp-image-5134 aligncenter\" src=\"https:\/\/www.extende.com\/wp-content\/uploads\/CIVA_UT_SI_Annotated_12.png\" alt=\"\" width=\"837\" height=\"250\" srcset=\"https:\/\/www.extende.com\/wp-content\/uploads\/CIVA_UT_SI_Annotated_12.png 1055w, https:\/\/www.extende.com\/wp-content\/uploads\/CIVA_UT_SI_Annotated_12-300x90.png 300w, https:\/\/www.extende.com\/wp-content\/uploads\/CIVA_UT_SI_Annotated_12-1024x306.png 1024w, https:\/\/www.extende.com\/wp-content\/uploads\/CIVA_UT_SI_Annotated_12-768x229.png 768w, https:\/\/www.extende.com\/wp-content\/uploads\/CIVA_UT_SI_Annotated_12-600x179.png 600w\" sizes=\"auto, (max-width: 837px) 100vw, 837px\" \/><\/a><\/p>\n<p>&nbsp;<\/p>\n<ul class=\"liste-carres-noirs\">\n<li>Identifier les <span class=\"g-color2\">diff\u00e9rents modes<\/span> d&rsquo;ondes ultrasonores, et notamment les ph\u00e9nom\u00e8nes de conversions de mode.<\/li>\n<\/ul>\n<p>&nbsp;<\/p>\n<p style=\"text-align: center;\"><a title=\"\" href=\"https:\/\/www.extende.com\/wp-content\/uploads\/CIVA_UT_Mode_Conversion.png\" target=\"_blank\" rel=\"noopener\"><img loading=\"lazy\" decoding=\"async\" class=\"border aligncenter wp-image-5135\" src=\"https:\/\/www.extende.com\/wp-content\/uploads\/CIVA_UT_Mode_Conversion.png\" alt=\"\" width=\"653\" height=\"230\" srcset=\"https:\/\/www.extende.com\/wp-content\/uploads\/CIVA_UT_Mode_Conversion.png 673w, https:\/\/www.extende.com\/wp-content\/uploads\/CIVA_UT_Mode_Conversion-300x106.png 300w, https:\/\/www.extende.com\/wp-content\/uploads\/CIVA_UT_Mode_Conversion-600x211.png 600w\" sizes=\"auto, (max-width: 653px) 100vw, 653px\" \/><\/a><\/p>\n<p>&nbsp;<\/p>\n<ul class=\"liste-carres-noirs\">\n<li>Illustrer les <span class=\"g-color2\">diff\u00e9rentes techniques en contr\u00f4le ultrasonore\u00a0: Palpeur droit, palpeur d\u2019angle, TOFD, Tandem, Multi\u00e9l\u00e9ments avec Scan angulaire, TFM<\/span>, etc.<\/li>\n<\/ul>\n<p>&nbsp;<\/p>\n<p style=\"text-align: center;\"><a title=\"\" href=\"https:\/\/www.extende.com\/wp-content\/uploads\/CIVA_UT_Tandem.png\" target=\"_blank\" rel=\"noopener\"><img loading=\"lazy\" decoding=\"async\" class=\"border alignnone wp-image-5136\" src=\"https:\/\/www.extende.com\/wp-content\/uploads\/CIVA_UT_Tandem.png\" alt=\"\" width=\"197\" height=\"220\" srcset=\"https:\/\/www.extende.com\/wp-content\/uploads\/CIVA_UT_Tandem.png 525w, https:\/\/www.extende.com\/wp-content\/uploads\/CIVA_UT_Tandem-269x300.png 269w\" sizes=\"auto, (max-width: 197px) 100vw, 197px\" \/><\/a> <a title=\"\" href=\"https:\/\/www.extende.com\/wp-content\/uploads\/CIVA_UT_Thickness_Delamination4.png\" target=\"_blank\" rel=\"noopener\"><img loading=\"lazy\" decoding=\"async\" class=\"border alignnone wp-image-5137\" src=\"https:\/\/www.extende.com\/wp-content\/uploads\/CIVA_UT_Thickness_Delamination4.png\" alt=\"\" width=\"462\" height=\"220\" srcset=\"https:\/\/www.extende.com\/wp-content\/uploads\/CIVA_UT_Thickness_Delamination4.png 1051w, https:\/\/www.extende.com\/wp-content\/uploads\/CIVA_UT_Thickness_Delamination4-300x143.png 300w, https:\/\/www.extende.com\/wp-content\/uploads\/CIVA_UT_Thickness_Delamination4-1024x487.png 1024w, https:\/\/www.extende.com\/wp-content\/uploads\/CIVA_UT_Thickness_Delamination4-768x365.png 768w, https:\/\/www.extende.com\/wp-content\/uploads\/CIVA_UT_Thickness_Delamination4-600x285.png 600w\" sizes=\"auto, (max-width: 462px) 100vw, 462px\" \/><\/a><\/p>\n<p>&nbsp;<\/p>\n<p style=\"text-align: center;\"><a title=\"\" href=\"https:\/\/www.extende.com\/wp-content\/uploads\/CIVA_UT_TOFD.png\" target=\"_blank\" rel=\"noopener\"><img loading=\"lazy\" decoding=\"async\" class=\"border alignnone wp-image-5138\" src=\"https:\/\/www.extende.com\/wp-content\/uploads\/CIVA_UT_TOFD.png\" alt=\"\" width=\"236\" height=\"220\" srcset=\"https:\/\/www.extende.com\/wp-content\/uploads\/CIVA_UT_TOFD.png 630w, https:\/\/www.extende.com\/wp-content\/uploads\/CIVA_UT_TOFD-300x280.png 300w, https:\/\/www.extende.com\/wp-content\/uploads\/CIVA_UT_TOFD-600x559.png 600w\" sizes=\"auto, (max-width: 236px) 100vw, 236px\" \/><\/a> <a title=\"\" href=\"https:\/\/www.extende.com\/wp-content\/uploads\/CIVA_UT_Weld_T60_Ascan.png\" target=\"_blank\" rel=\"noopener\"><img loading=\"lazy\" decoding=\"async\" class=\"border alignnone wp-image-5139\" src=\"https:\/\/www.extende.com\/wp-content\/uploads\/CIVA_UT_Weld_T60_Ascan.png\" alt=\"\" width=\"450\" height=\"220\" srcset=\"https:\/\/www.extende.com\/wp-content\/uploads\/CIVA_UT_Weld_T60_Ascan.png 880w, https:\/\/www.extende.com\/wp-content\/uploads\/CIVA_UT_Weld_T60_Ascan-300x147.png 300w, https:\/\/www.extende.com\/wp-content\/uploads\/CIVA_UT_Weld_T60_Ascan-768x375.png 768w, https:\/\/www.extende.com\/wp-content\/uploads\/CIVA_UT_Weld_T60_Ascan-600x293.png 600w\" sizes=\"auto, (max-width: 450px) 100vw, 450px\" \/><\/a><\/p>\n<p>&nbsp;<\/p>\n<p><a class=\"mediabox\" href=\"https:\/\/www.extende.com\/wp-content\/uploads\/CIVA_Edu_v2_Compar_S-Scan_TFM.png\"><img loading=\"lazy\" decoding=\"async\" class=\"wp-image-7109 aligncenter\" src=\"https:\/\/www.extende.com\/wp-content\/uploads\/CIVA_Edu_v2_Compar_S-Scan_TFM-300x106.png\" alt=\"\" width=\"700\" height=\"247\" srcset=\"https:\/\/www.extende.com\/wp-content\/uploads\/CIVA_Edu_v2_Compar_S-Scan_TFM-300x106.png 300w, https:\/\/www.extende.com\/wp-content\/uploads\/CIVA_Edu_v2_Compar_S-Scan_TFM-1024x361.png 1024w, https:\/\/www.extende.com\/wp-content\/uploads\/CIVA_Edu_v2_Compar_S-Scan_TFM-768x271.png 768w, https:\/\/www.extende.com\/wp-content\/uploads\/CIVA_Edu_v2_Compar_S-Scan_TFM-600x212.png 600w, https:\/\/www.extende.com\/wp-content\/uploads\/CIVA_Edu_v2_Compar_S-Scan_TFM-1400x494.png 1400w, https:\/\/www.extende.com\/wp-content\/uploads\/CIVA_Edu_v2_Compar_S-Scan_TFM.png 1496w\" sizes=\"auto, (max-width: 700px) 100vw, 700px\" \/><\/a><\/p>\n<p>&nbsp;<\/p>\n<ul class=\"liste-carres-noirs\">\n<li>Mettre en \u0153uvre un <span class=\"g-color2\">bloc de r\u00e9f\u00e9rence<\/span> et obtenir des courbes DAC.<\/li>\n<\/ul>\n<p>&nbsp;<\/p>\n<p style=\"text-align: center;\"><a title=\")\" href=\"https:\/\/www.extende.com\/wp-content\/uploads\/CIVA_UT_DAC_2.png\" target=\"_blank\" rel=\"noopener\"><img loading=\"lazy\" decoding=\"async\" class=\"border aligncenter wp-image-5140\" src=\"https:\/\/www.extende.com\/wp-content\/uploads\/CIVA_UT_DAC_2.png\" alt=\"\" width=\"728\" height=\"250\" srcset=\"https:\/\/www.extende.com\/wp-content\/uploads\/CIVA_UT_DAC_2.png 900w, https:\/\/www.extende.com\/wp-content\/uploads\/CIVA_UT_DAC_2-300x103.png 300w, https:\/\/www.extende.com\/wp-content\/uploads\/CIVA_UT_DAC_2-768x264.png 768w, https:\/\/www.extende.com\/wp-content\/uploads\/CIVA_UT_DAC_2-600x206.png 600w\" sizes=\"auto, (max-width: 728px) 100vw, 728px\" \/><\/a><\/p>\n<p>&nbsp;<\/p>\n<ul class=\"liste-carres-noirs\">\n<li>Comprendre les <span class=\"g-couleur2\">techniques de dimensionnement de d\u00e9faut<\/span> telles que la chute \u00e0 -6\u00a0dB ou l\u2019utilisation des \u00e9chos de diffraction.<\/li>\n<\/ul>\n<p>&nbsp;<\/p>\n<p style=\"text-align: center;\"><a title=\"\" href=\"https:\/\/www.extende.com\/wp-content\/uploads\/CIVA_UT_-6dB_1.png\" target=\"_blank\" rel=\"noopener\"><img loading=\"lazy\" decoding=\"async\" class=\"border aligncenter wp-image-5141\" src=\"https:\/\/www.extende.com\/wp-content\/uploads\/CIVA_UT_-6dB_1.png\" alt=\"\" width=\"622\" height=\"400\" srcset=\"https:\/\/www.extende.com\/wp-content\/uploads\/CIVA_UT_-6dB_1.png 1139w, https:\/\/www.extende.com\/wp-content\/uploads\/CIVA_UT_-6dB_1-300x193.png 300w, https:\/\/www.extende.com\/wp-content\/uploads\/CIVA_UT_-6dB_1-1024x659.png 1024w, https:\/\/www.extende.com\/wp-content\/uploads\/CIVA_UT_-6dB_1-768x494.png 768w, https:\/\/www.extende.com\/wp-content\/uploads\/CIVA_UT_-6dB_1-600x386.png 600w\" sizes=\"auto, (max-width: 622px) 100vw, 622px\" \/><\/a><\/p>\n<p>&nbsp;<\/p>\n<ul class=\"liste-carres-noirs\">\n<li>Montrer l\u2019<span class=\"g-color2\">impact des param\u00e8tres influents<\/span> sur la sensibilit\u00e9 du signal (tels que la localisation et l\u2019orientation du d\u00e9faut, etc.).<\/li>\n<li>Et bien d&rsquo;autres possibilit\u00e9s \u00e0 d\u00e9couvrir !<\/li>\n<\/ul>\n","protected":false},"excerpt":{"rendered":"<p>Contr\u00f4le par Ultrasons avec CIVA, logiciel de simulation \u00e9ducatif<\/p>\n","protected":false},"author":2,"featured_media":0,"parent":4781,"menu_order":0,"comment_status":"closed","ping_status":"closed","template":"templates\/page--extende.html.php","meta":{"_acf_changed":false,"footnotes":""},"class_list":["post-5143","page","type-page","status-publish","hentry"],"acf":[],"_links":{"self":[{"href":"https:\/\/www.extende.com\/fr\/wp-json\/wp\/v2\/pages\/5143","targetHints":{"allow":["GET"]}}],"collection":[{"href":"https:\/\/www.extende.com\/fr\/wp-json\/wp\/v2\/pages"}],"about":[{"href":"https:\/\/www.extende.com\/fr\/wp-json\/wp\/v2\/types\/page"}],"author":[{"embeddable":true,"href":"https:\/\/www.extende.com\/fr\/wp-json\/wp\/v2\/users\/2"}],"replies":[{"embeddable":true,"href":"https:\/\/www.extende.com\/fr\/wp-json\/wp\/v2\/comments?post=5143"}],"version-history":[{"count":3,"href":"https:\/\/www.extende.com\/fr\/wp-json\/wp\/v2\/pages\/5143\/revisions"}],"predecessor-version":[{"id":7137,"href":"https:\/\/www.extende.com\/fr\/wp-json\/wp\/v2\/pages\/5143\/revisions\/7137"}],"up":[{"embeddable":true,"href":"https:\/\/www.extende.com\/fr\/wp-json\/wp\/v2\/pages\/4781"}],"wp:attachment":[{"href":"https:\/\/www.extende.com\/fr\/wp-json\/wp\/v2\/media?parent=5143"}],"curies":[{"name":"wp","href":"https:\/\/api.w.org\/{rel}","templated":true}]}}