{"id":5155,"date":"2025-06-24T18:44:15","date_gmt":"2025-06-24T16:44:15","guid":{"rendered":"https:\/\/www.extende.com\/civa-logiciel-de-simulation-cnd\/civa-education\/controle-par-courants-de-foucault-pour-leducation\/"},"modified":"2025-12-04T13:13:35","modified_gmt":"2025-12-04T12:13:35","slug":"controle-par-courants-de-foucault-dans-civa-education","status":"publish","type":"page","link":"https:\/\/www.extende.com\/fr\/civa-logiciel-de-simulation-cnd\/civa-education\/controle-par-courants-de-foucault-dans-civa-education\/","title":{"rendered":"Contr\u00f4le par Courants de Foucault dans CIVA Education"},"content":{"rendered":"<p><span class=\"g-color1\">CIVA<\/span> <span class=\"g-color3\">Education<\/span> ET comprend trois modules : le Calcul de Champ, la R\u00e9ponse Capteur, et la Simulation d&rsquo;Inspection.<\/p>\n<p>&nbsp;<\/p>\n<p><a class=\"mediabox\" href=\"https:\/\/www.extende.com\/wp-content\/uploads\/CIVA_Edu_v2_Desk_ET_FR.png\"><img loading=\"lazy\" decoding=\"async\" class=\"border aligncenter wp-image-7115\" src=\"https:\/\/www.extende.com\/wp-content\/uploads\/CIVA_Edu_v2_Desk_ET_FR-300x123.png\" alt=\"\" width=\"900\" height=\"370\" srcset=\"https:\/\/www.extende.com\/wp-content\/uploads\/CIVA_Edu_v2_Desk_ET_FR-300x123.png 300w, https:\/\/www.extende.com\/wp-content\/uploads\/CIVA_Edu_v2_Desk_ET_FR-1024x421.png 1024w, https:\/\/www.extende.com\/wp-content\/uploads\/CIVA_Edu_v2_Desk_ET_FR-768x316.png 768w, https:\/\/www.extende.com\/wp-content\/uploads\/CIVA_Edu_v2_Desk_ET_FR-600x247.png 600w, https:\/\/www.extende.com\/wp-content\/uploads\/CIVA_Edu_v2_Desk_ET_FR.png 1325w\" sizes=\"auto, (max-width: 900px) 100vw, 900px\" \/><\/a><\/p>\n<p>&nbsp;<\/p>\n<h2 class=\"titre-paragraphe\">Calcul de champ<\/h2>\n<p>Le module de calcul de champ permet de g\u00e9n\u00e9rer des cartographies des champs \u00e9lectrique, magn\u00e9tique et de la densit\u00e9 des Courants de Foucault. Cela inclut :<\/p>\n<ul class=\"liste-carres-noirs\">\n<li>Composants de g\u00e9om\u00e9trie plane (potentiellement multicouches) et cylindrique<\/li>\n<li>Mat\u00e9riaux ferromagn\u00e9tiques ou non-ferromagn\u00e9tiques<\/li>\n<li>Bobine de surface (noyau \u00e0 air ou noyau de ferrite cylindrique ou en C), sonde axiale<\/li>\n<li>Fr\u00e9quence d&rsquo;essai \u00e0 d\u00e9finir<\/li>\n<\/ul>\n<p>&nbsp;<\/p>\n<h3 class=\"titre-paragraphe\">Exemples de simulations<\/h3>\n<p>Le module de calcul de champ ET de <span class=\"g-color1\">CIVA<\/span> <span class=\"g-color3\">Education<\/span> peut vous aider \u00e0 rendre palpable ce qui semble complexe dans cette technique \u00e9lectromagn\u00e9tique :<\/p>\n<ul class=\"liste-carres-noirs\">\n<li>Illustrer la <span class=\"g-color2\">profondeur de p\u00e9n\u00e9tration des Courants de Foucault<\/span> et observer l\u2019impact de la fr\u00e9quence, du mat\u00e9riau mais aussi de la taille de la bobine sur la p\u00e9n\u00e9tration effective<\/li>\n<\/ul>\n<p>&nbsp;<\/p>\n<p style=\"text-align: center;\"><a class=\"mediabox\" href=\"https:\/\/www.extende.com\/wp-content\/uploads\/CIVA_ET_Penetration_Depth_Aluminum_5kHz.jpg\" target=\"_blank\" rel=\"noopener\"><img loading=\"lazy\" decoding=\"async\" class=\"border alignnone wp-image-5144\" src=\"https:\/\/www.extende.com\/wp-content\/uploads\/CIVA_ET_Penetration_Depth_Aluminum_5kHz.jpg\" alt=\"\" width=\"354\" height=\"350\" srcset=\"https:\/\/www.extende.com\/wp-content\/uploads\/CIVA_ET_Penetration_Depth_Aluminum_5kHz.jpg 797w, https:\/\/www.extende.com\/wp-content\/uploads\/CIVA_ET_Penetration_Depth_Aluminum_5kHz-300x297.jpg 300w, https:\/\/www.extende.com\/wp-content\/uploads\/CIVA_ET_Penetration_Depth_Aluminum_5kHz-768x759.jpg 768w, https:\/\/www.extende.com\/wp-content\/uploads\/CIVA_ET_Penetration_Depth_Aluminum_5kHz-600x593.jpg 600w\" sizes=\"auto, (max-width: 354px) 100vw, 354px\" \/><\/a> <a class=\"mediabox\" href=\"https:\/\/www.extende.com\/wp-content\/uploads\/CIVA_ET_Penetration_Depth_Mild_Steel_5kHz.jpg\" target=\"_blank\" rel=\"noopener\"><img loading=\"lazy\" decoding=\"async\" class=\"border alignnone wp-image-5145\" src=\"https:\/\/www.extende.com\/wp-content\/uploads\/CIVA_ET_Penetration_Depth_Mild_Steel_5kHz.jpg\" alt=\"\" width=\"355\" height=\"350\" srcset=\"https:\/\/www.extende.com\/wp-content\/uploads\/CIVA_ET_Penetration_Depth_Mild_Steel_5kHz.jpg 801w, https:\/\/www.extende.com\/wp-content\/uploads\/CIVA_ET_Penetration_Depth_Mild_Steel_5kHz-300x296.jpg 300w, https:\/\/www.extende.com\/wp-content\/uploads\/CIVA_ET_Penetration_Depth_Mild_Steel_5kHz-768x756.jpg 768w, https:\/\/www.extende.com\/wp-content\/uploads\/CIVA_ET_Penetration_Depth_Mild_Steel_5kHz-600x591.jpg 600w\" sizes=\"auto, (max-width: 355px) 100vw, 355px\" \/><\/a><\/p>\n<p>&nbsp;<\/p>\n<p style=\"text-align: center;\"><a class=\"mediabox\" href=\"https:\/\/www.extende.com\/wp-content\/uploads\/CIVA_ET_Influence_Sensor_Size_Field_Same_Material_And_Frequency.jpg\" target=\"_blank\" rel=\"noopener\"><img loading=\"lazy\" decoding=\"async\" class=\"border aligncenter wp-image-5146\" src=\"https:\/\/www.extende.com\/wp-content\/uploads\/CIVA_ET_Influence_Sensor_Size_Field_Same_Material_And_Frequency.jpg\" alt=\"\" width=\"700\" height=\"329\" srcset=\"https:\/\/www.extende.com\/wp-content\/uploads\/CIVA_ET_Influence_Sensor_Size_Field_Same_Material_And_Frequency.jpg 1568w, https:\/\/www.extende.com\/wp-content\/uploads\/CIVA_ET_Influence_Sensor_Size_Field_Same_Material_And_Frequency-300x141.jpg 300w, https:\/\/www.extende.com\/wp-content\/uploads\/CIVA_ET_Influence_Sensor_Size_Field_Same_Material_And_Frequency-1024x481.jpg 1024w, https:\/\/www.extende.com\/wp-content\/uploads\/CIVA_ET_Influence_Sensor_Size_Field_Same_Material_And_Frequency-768x360.jpg 768w, https:\/\/www.extende.com\/wp-content\/uploads\/CIVA_ET_Influence_Sensor_Size_Field_Same_Material_And_Frequency-1536x721.jpg 1536w, https:\/\/www.extende.com\/wp-content\/uploads\/CIVA_ET_Influence_Sensor_Size_Field_Same_Material_And_Frequency-600x282.jpg 600w, https:\/\/www.extende.com\/wp-content\/uploads\/CIVA_ET_Influence_Sensor_Size_Field_Same_Material_And_Frequency-1400x657.jpg 1400w\" sizes=\"auto, (max-width: 700px) 100vw, 700px\" \/><\/a><\/p>\n<p>&nbsp;<\/p>\n<ul class=\"liste-carres-noirs\">\n<li>Visualiser la <span class=\"g-color2\">zone d\u2019action<\/span> d\u2019une sonde ET<\/li>\n<li>Observer la <span class=\"g-color2\">distribution des courants de Foucault<\/span> dans un tube ou une barre pleine<\/li>\n<\/ul>\n<p>&nbsp;<\/p>\n<p style=\"text-align: center;\"><a class=\"mediabox\" href=\"https:\/\/www.extende.com\/wp-content\/uploads\/CIVA_ET_No_Field_Center_Solid_Bar.jpg\" target=\"_blank\" rel=\"noopener\"><img loading=\"lazy\" decoding=\"async\" class=\"border aligncenter wp-image-5147\" src=\"https:\/\/www.extende.com\/wp-content\/uploads\/CIVA_ET_No_Field_Center_Solid_Bar.jpg\" alt=\"\" width=\"350\" height=\"355\" srcset=\"https:\/\/www.extende.com\/wp-content\/uploads\/CIVA_ET_No_Field_Center_Solid_Bar.jpg 571w, https:\/\/www.extende.com\/wp-content\/uploads\/CIVA_ET_No_Field_Center_Solid_Bar-296x300.jpg 296w\" sizes=\"auto, (max-width: 350px) 100vw, 350px\" \/><\/a><\/p>\n<p>&nbsp;<\/p>\n<ul class=\"liste-carres-noirs\">\n<li>Voir l\u2019<span class=\"g-color2\">influence d\u2019un noyau de ferrite<\/span> sur un champ induit par une sonde ET<\/li>\n<li>Parmi de nombreuses autres id\u00e9es\u00a0!<\/li>\n<\/ul>\n<p>&nbsp;<\/p>\n<h3>R\u00e9ponse Capteur<\/h3>\n<p>Le module R\u00e9ponse Capteur vous aide \u00e0 comprendre et interpr\u00e9ter les diagrammes d&rsquo;imp\u00e9dances pour plusieurs fr\u00e9quences ou plusieurs valeurs de lift-off. Les r\u00e9sultats peuvent \u00eatre affich\u00e9es en unit\u00e9s r\u00e9duites (normalis\u00e9es) ou en Ohms.<\/p>\n<ul>\n<li>Comprendre et interpr\u00e9ter le diagramme d&rsquo;imp\u00e9dance<\/li>\n<\/ul>\n<p>&nbsp;<\/p>\n<div style=\"text-align: center;\">\n<div id=\"attachment_7119\" style=\"width: 710px\" class=\"wp-caption aligncenter\"><a class=\"mediabox\" href=\"https:\/\/www.extende.com\/wp-content\/uploads\/CIVA_Edu_v2_NormalizedImpedanceDiagram.png\"><img loading=\"lazy\" decoding=\"async\" aria-describedby=\"caption-attachment-7119\" class=\"border wp-image-7119\" src=\"https:\/\/www.extende.com\/wp-content\/uploads\/CIVA_Edu_v2_NormalizedImpedanceDiagram-300x148.png\" alt=\"\" width=\"700\" height=\"345\" srcset=\"https:\/\/www.extende.com\/wp-content\/uploads\/CIVA_Edu_v2_NormalizedImpedanceDiagram-300x148.png 300w, https:\/\/www.extende.com\/wp-content\/uploads\/CIVA_Edu_v2_NormalizedImpedanceDiagram-1024x505.png 1024w, https:\/\/www.extende.com\/wp-content\/uploads\/CIVA_Edu_v2_NormalizedImpedanceDiagram-768x379.png 768w, https:\/\/www.extende.com\/wp-content\/uploads\/CIVA_Edu_v2_NormalizedImpedanceDiagram-600x296.png 600w, https:\/\/www.extende.com\/wp-content\/uploads\/CIVA_Edu_v2_NormalizedImpedanceDiagram.png 1193w\" sizes=\"auto, (max-width: 700px) 100vw, 700px\" \/><\/a><p id=\"caption-attachment-7119\" class=\"wp-caption-text\">Diagramme d&rsquo;Imp\u00e9dance Normalis\u00e9<\/p><\/div>\n<\/div>\n<p>&nbsp;<\/p>\n<div style=\"text-align: center;\">\n<div id=\"attachment_7117\" style=\"width: 710px\" class=\"wp-caption aligncenter\"><a class=\"mediabox\" href=\"https:\/\/www.extende.com\/wp-content\/uploads\/CIVA_Edu_v2_ImpedanceDiagramInOhms.png\"><img loading=\"lazy\" decoding=\"async\" aria-describedby=\"caption-attachment-7117\" class=\"border wp-image-7117\" src=\"https:\/\/www.extende.com\/wp-content\/uploads\/CIVA_Edu_v2_ImpedanceDiagramInOhms-300x151.png\" alt=\"\" width=\"700\" height=\"352\" srcset=\"https:\/\/www.extende.com\/wp-content\/uploads\/CIVA_Edu_v2_ImpedanceDiagramInOhms-300x151.png 300w, https:\/\/www.extende.com\/wp-content\/uploads\/CIVA_Edu_v2_ImpedanceDiagramInOhms-1024x515.png 1024w, https:\/\/www.extende.com\/wp-content\/uploads\/CIVA_Edu_v2_ImpedanceDiagramInOhms-768x386.png 768w, https:\/\/www.extende.com\/wp-content\/uploads\/CIVA_Edu_v2_ImpedanceDiagramInOhms-600x302.png 600w, https:\/\/www.extende.com\/wp-content\/uploads\/CIVA_Edu_v2_ImpedanceDiagramInOhms.png 1094w\" sizes=\"auto, (max-width: 700px) 100vw, 700px\" \/><\/a><p id=\"caption-attachment-7117\" class=\"wp-caption-text\">Diagramme d&rsquo;Imp\u00e9dance en Ohms<\/p><\/div>\n<\/div>\n<p>&nbsp;<\/p>\n<ul>\n<li>Expliquer le signal de lift-off et visualiser l&rsquo;\u00e9cart de phase entre le signal de lift-off et un signal de d\u00e9faut<\/li>\n<\/ul>\n<p>&nbsp;<\/p>\n<div id=\"attachment_7118\" style=\"width: 610px\" class=\"wp-caption aligncenter\"><a class=\"mediabox\" href=\"https:\/\/www.extende.com\/wp-content\/uploads\/CIVA_Edu_v2_Lift-OffSignalAndFlawSignal.png\"><img loading=\"lazy\" decoding=\"async\" aria-describedby=\"caption-attachment-7118\" class=\"wp-image-7118\" src=\"https:\/\/www.extende.com\/wp-content\/uploads\/CIVA_Edu_v2_Lift-OffSignalAndFlawSignal-300x259.png\" alt=\"\" width=\"600\" height=\"518\" srcset=\"https:\/\/www.extende.com\/wp-content\/uploads\/CIVA_Edu_v2_Lift-OffSignalAndFlawSignal-300x259.png 300w, https:\/\/www.extende.com\/wp-content\/uploads\/CIVA_Edu_v2_Lift-OffSignalAndFlawSignal-600x518.png 600w, https:\/\/www.extende.com\/wp-content\/uploads\/CIVA_Edu_v2_Lift-OffSignalAndFlawSignal.png 718w\" sizes=\"auto, (max-width: 600px) 100vw, 600px\" \/><\/a><p id=\"caption-attachment-7118\" class=\"wp-caption-text\">En noir : Signal de d\u00e9faut ; en bleu : Signal de lift-off<\/p><\/div>\n<p>&nbsp;<\/p>\n<h2 class=\"titre-paragraphe\">Simulation d&rsquo;Inspection<\/h2>\n<p>Les fonctionnalit\u00e9s disponibles dans le module de simulation d\u2019inspection ET sont\u00a0:<\/p>\n<ul class=\"liste-carres-noirs\">\n<li>Composants de g\u00e9om\u00e9trie plane et cylindrique<\/li>\n<li>Mat\u00e9riaux conducteurs non-ferromagn\u00e9tiques<\/li>\n<li>Bobine de surface (noyau \u00e0 air ou noyau de ferrite cylindrique ou en C), sonde axiale<\/li>\n<li>Capteurs \u00e0 fonction commune ou \u00e0 \u00e9mission\/r\u00e9ception s\u00e9par\u00e9es<\/li>\n<li>Fr\u00e9quence d\u2019essai variable<\/li>\n<li>Mode absolu ou diff\u00e9rentiel<\/li>\n<li>Simulation de trou cylindrique et gorge dans les tubes et d&rsquo;entaille dans une plaque<\/li>\n<\/ul>\n<p>&nbsp;<\/p>\n<h3 class=\"titre-paragraphe\">Exemples de simulations<\/h3>\n<p>La simulation d\u2019inspection dans le module ET de <span class=\"g-color1\">CIVA<\/span> <span class=\"g-color3\">Education<\/span> peut reproduire des signaux de Courants de Foucault typiques et vous aider dans les contextes suivants\u00a0:<\/p>\n<ul class=\"liste-carres-noirs\">\n<li>Pour expliquer les principaux modes d\u2019acquisition\u00a0: <span class=\"g-color2\">fonctions s\u00e9par\u00e9es ou communes, mesure absolue ou diff\u00e9rentielle<\/span><\/li>\n<li>Simuler la mise en \u0153uvre de l&rsquo;<span class=\"g-color2\">inspection d\u2019un tube<\/span> classique et expliquer l\u2019usage de la phase pour la caract\u00e9risation du d\u00e9faut<\/li>\n<li>Illustrer les <span class=\"g-color2\">signaux obtenus \u00e0 la fr\u00e9quence de quadrature<\/span> pour les diff\u00e9rentes profondeurs de d\u00e9fauts dans l\u2019inspection d\u2019un tube<\/li>\n<\/ul>\n<p>&nbsp;<\/p>\n<p style=\"text-align: center;\"><a class=\"mediabox\" href=\"https:\/\/www.extende.com\/wp-content\/uploads\/CIVA_ET_Tube_Inspection_Quadrature_Frequency.jpg\" target=\"_blank\" rel=\"noopener\"><img loading=\"lazy\" decoding=\"async\" class=\"border aligncenter wp-image-5151\" src=\"https:\/\/www.extende.com\/wp-content\/uploads\/CIVA_ET_Tube_Inspection_Quadrature_Frequency.jpg\" alt=\"\" width=\"700\" height=\"334\" srcset=\"https:\/\/www.extende.com\/wp-content\/uploads\/CIVA_ET_Tube_Inspection_Quadrature_Frequency.jpg 1600w, https:\/\/www.extende.com\/wp-content\/uploads\/CIVA_ET_Tube_Inspection_Quadrature_Frequency-300x143.jpg 300w, https:\/\/www.extende.com\/wp-content\/uploads\/CIVA_ET_Tube_Inspection_Quadrature_Frequency-1024x488.jpg 1024w, https:\/\/www.extende.com\/wp-content\/uploads\/CIVA_ET_Tube_Inspection_Quadrature_Frequency-768x366.jpg 768w, https:\/\/www.extende.com\/wp-content\/uploads\/CIVA_ET_Tube_Inspection_Quadrature_Frequency-1536x732.jpg 1536w, https:\/\/www.extende.com\/wp-content\/uploads\/CIVA_ET_Tube_Inspection_Quadrature_Frequency-600x286.jpg 600w, https:\/\/www.extende.com\/wp-content\/uploads\/CIVA_ET_Tube_Inspection_Quadrature_Frequency-1400x668.jpg 1400w\" sizes=\"auto, (max-width: 700px) 100vw, 700px\" \/><\/a><\/p>\n<p>&nbsp;<\/p>\n<ul class=\"liste-carres-noirs\">\n<li>Mettre en avant l&rsquo;<span class=\"g-color2\">influence du taux de remplissage<\/span> sur la sensibilit\u00e9 d\u2019inspection<\/li>\n<\/ul>\n<p>&nbsp;<\/p>\n<p style=\"text-align: center;\"><a class=\"mediabox\" href=\"https:\/\/www.extende.com\/wp-content\/uploads\/CIVA_ET_Influence_Filling_Rate_75pc_85pc-scaled.jpg\" target=\"_blank\" rel=\"noopener\"><img loading=\"lazy\" decoding=\"async\" class=\"border aligncenter wp-image-5152\" src=\"https:\/\/www.extende.com\/wp-content\/uploads\/CIVA_ET_Influence_Filling_Rate_75pc_85pc-scaled.jpg\" alt=\"\" width=\"701\" height=\"336\" srcset=\"https:\/\/www.extende.com\/wp-content\/uploads\/CIVA_ET_Influence_Filling_Rate_75pc_85pc-scaled.jpg 1600w, https:\/\/www.extende.com\/wp-content\/uploads\/CIVA_ET_Influence_Filling_Rate_75pc_85pc-300x144.jpg 300w, https:\/\/www.extende.com\/wp-content\/uploads\/CIVA_ET_Influence_Filling_Rate_75pc_85pc-1024x491.jpg 1024w, https:\/\/www.extende.com\/wp-content\/uploads\/CIVA_ET_Influence_Filling_Rate_75pc_85pc-768x368.jpg 768w, https:\/\/www.extende.com\/wp-content\/uploads\/CIVA_ET_Influence_Filling_Rate_75pc_85pc-1536x736.jpg 1536w, https:\/\/www.extende.com\/wp-content\/uploads\/CIVA_ET_Influence_Filling_Rate_75pc_85pc-600x288.jpg 600w, https:\/\/www.extende.com\/wp-content\/uploads\/CIVA_ET_Influence_Filling_Rate_75pc_85pc-1400x671.jpg 1400w\" sizes=\"auto, (max-width: 701px) 100vw, 701px\" \/><\/a><\/p>\n<p>&nbsp;<\/p>\n<ul class=\"liste-carres-noirs\">\n<li>Montrer l&rsquo;<span class=\"g-color2\">impact de la vitesse d\u2019inspection<\/span> sur la r\u00e9solution du signal pour une fr\u00e9quence op\u00e9rationnelle donn\u00e9e<\/li>\n<li>Illustrer l&rsquo;<span class=\"g-color2\">impact de la taille de la bobine<\/span> sur une r\u00e9ponse obtenue pour un d\u00e9faut donn\u00e9<\/li>\n<li>Evaluer l&rsquo;<span class=\"g-color2\">impact de la conductivit\u00e9 du mat\u00e9riau<\/span> sur le signal obtenu pour un m\u00eame d\u00e9faut<\/li>\n<\/ul>\n<p>&nbsp;<\/p>\n<p style=\"text-align: center;\"><a class=\"mediabox\" title=\")\" href=\"https:\/\/www.extende.com\/wp-content\/uploads\/CIVA_ET_Impact_Material_Grade_Stainless_Steel_Sensitivity_Defect.jpg\" target=\"_blank\" rel=\"noopener\"><img loading=\"lazy\" decoding=\"async\" class=\"border aligncenter wp-image-5153\" src=\"https:\/\/www.extende.com\/wp-content\/uploads\/CIVA_ET_Impact_Material_Grade_Stainless_Steel_Sensitivity_Defect.jpg\" alt=\"\" width=\"700\" height=\"347\" srcset=\"https:\/\/www.extende.com\/wp-content\/uploads\/CIVA_ET_Impact_Material_Grade_Stainless_Steel_Sensitivity_Defect.jpg 1599w, https:\/\/www.extende.com\/wp-content\/uploads\/CIVA_ET_Impact_Material_Grade_Stainless_Steel_Sensitivity_Defect-300x149.jpg 300w, https:\/\/www.extende.com\/wp-content\/uploads\/CIVA_ET_Impact_Material_Grade_Stainless_Steel_Sensitivity_Defect-1024x507.jpg 1024w, https:\/\/www.extende.com\/wp-content\/uploads\/CIVA_ET_Impact_Material_Grade_Stainless_Steel_Sensitivity_Defect-768x380.jpg 768w, https:\/\/www.extende.com\/wp-content\/uploads\/CIVA_ET_Impact_Material_Grade_Stainless_Steel_Sensitivity_Defect-1536x761.jpg 1536w, https:\/\/www.extende.com\/wp-content\/uploads\/CIVA_ET_Impact_Material_Grade_Stainless_Steel_Sensitivity_Defect-600x297.jpg 600w, https:\/\/www.extende.com\/wp-content\/uploads\/CIVA_ET_Impact_Material_Grade_Stainless_Steel_Sensitivity_Defect-1400x693.jpg 1400w\" sizes=\"auto, (max-width: 700px) 100vw, 700px\" \/><\/a><\/p>\n<p>&nbsp;<\/p>\n<ul class=\"liste-carres-noirs\">\n<li>Et bien d&rsquo;autres possibilit\u00e9s \u00e0 d\u00e9couvrir !<\/li>\n<\/ul>\n","protected":false},"excerpt":{"rendered":"<p>Contr\u00f4le par Courants de Foucault avec CIVA, logiciel de simulation \u00e9ducatif<\/p>\n","protected":false},"author":2,"featured_media":0,"parent":4781,"menu_order":1,"comment_status":"closed","ping_status":"closed","template":"templates\/page--extende.html.php","meta":{"_acf_changed":false,"footnotes":""},"class_list":["post-5155","page","type-page","status-publish","hentry"],"acf":[],"_links":{"self":[{"href":"https:\/\/www.extende.com\/fr\/wp-json\/wp\/v2\/pages\/5155","targetHints":{"allow":["GET"]}}],"collection":[{"href":"https:\/\/www.extende.com\/fr\/wp-json\/wp\/v2\/pages"}],"about":[{"href":"https:\/\/www.extende.com\/fr\/wp-json\/wp\/v2\/types\/page"}],"author":[{"embeddable":true,"href":"https:\/\/www.extende.com\/fr\/wp-json\/wp\/v2\/users\/2"}],"replies":[{"embeddable":true,"href":"https:\/\/www.extende.com\/fr\/wp-json\/wp\/v2\/comments?post=5155"}],"version-history":[{"count":3,"href":"https:\/\/www.extende.com\/fr\/wp-json\/wp\/v2\/pages\/5155\/revisions"}],"predecessor-version":[{"id":7133,"href":"https:\/\/www.extende.com\/fr\/wp-json\/wp\/v2\/pages\/5155\/revisions\/7133"}],"up":[{"embeddable":true,"href":"https:\/\/www.extende.com\/fr\/wp-json\/wp\/v2\/pages\/4781"}],"wp:attachment":[{"href":"https:\/\/www.extende.com\/fr\/wp-json\/wp\/v2\/media?parent=5155"}],"curies":[{"name":"wp","href":"https:\/\/api.w.org\/{rel}","templated":true}]}}