{"id":5228,"date":"2025-06-24T18:45:20","date_gmt":"2025-06-24T16:45:20","guid":{"rendered":"https:\/\/www.extende.com\/civa-logiciel-de-simulation-cnd\/a-propos-de-civa\/cas-dapplication-cnd-civa\/en-parallele-former-entrainer-vos-equipes\/"},"modified":"2025-07-16T17:05:12","modified_gmt":"2025-07-16T15:05:12","slug":"en-parallele-former-entrainer-vos-equipes","status":"publish","type":"page","link":"https:\/\/www.extende.com\/fr\/civa-logiciel-de-simulation-cnd\/a-propos-de-civa\/cas-dapplication-cnd-civa\/en-parallele-former-entrainer-vos-equipes\/","title":{"rendered":"En parall\u00e8le : Former, entrainer vos \u00e9quipes"},"content":{"rendered":"<div style=\"text-align: center;\"><img loading=\"lazy\" decoding=\"async\" class=\"aligncenter wp-image-5227 size-full\" src=\"https:\/\/www.extende.com\/wp-content\/uploads\/CIVA_Application_Case_5_Top_FR.jpg\" alt=\"\" width=\"793\" height=\"592\" align=\"\" srcset=\"https:\/\/www.extende.com\/wp-content\/uploads\/CIVA_Application_Case_5_Top_FR.jpg 793w, https:\/\/www.extende.com\/wp-content\/uploads\/CIVA_Application_Case_5_Top_FR-300x224.jpg 300w, https:\/\/www.extende.com\/wp-content\/uploads\/CIVA_Application_Case_5_Top_FR-768x573.jpg 768w, https:\/\/www.extende.com\/wp-content\/uploads\/CIVA_Application_Case_5_Top_FR-600x448.jpg 600w\" sizes=\"auto, (max-width: 793px) 100vw, 793px\" \/><\/div>\n<p>&nbsp;<\/p>\n<p>Le cinqui\u00e8me cas d&rsquo;application de <span class=\"g-color1\">CIVA<\/span>, <span class=\"g-color2\">En parall\u00e8le : Former, entrainer vos \u00e9quipes<\/span>, est disponible dans les langues suivantes :<\/p>\n<p><a class=\"lien\" title=\"\" href=\"https:\/\/www.extende.com\/wp-content\/uploads\/CIVA_Application_Case_5_DE.pdf\" target=\"_blank\" rel=\"noopener\"><span class=\"g-color1\"><img loading=\"lazy\" decoding=\"async\" class=\"alignnone wp-image-4811\" src=\"https:\/\/www.extende.com\/wp-content\/uploads\/actu-de.png\" alt=\"\" width=\"19\" height=\"19\" align=\"absmiddle\" \/> Allemand<\/span><\/a><br \/>\n<a class=\"lien\" title=\"\" href=\"https:\/\/www.extende.com\/wp-content\/uploads\/CIVA_Application_Case_5_EN.pdf\" target=\"_blank\" rel=\"noopener\"><span class=\"g-color1\"><img loading=\"lazy\" decoding=\"async\" class=\"alignnone wp-image-4816\" src=\"https:\/\/www.extende.com\/wp-content\/uploads\/actu-gb.png\" alt=\"\" width=\"19\" height=\"19\" align=\"absmiddle\" \/> Anglais<\/span><\/a><br \/>\n<a class=\"lien\" title=\"\" href=\"https:\/\/www.extende.com\/wp-content\/uploads\/CIVA_Application_Case_5_CN.pdf\" target=\"_blank\" rel=\"noopener\"><span class=\"g-color1\"><img loading=\"lazy\" decoding=\"async\" class=\"alignnone wp-image-4796\" src=\"https:\/\/www.extende.com\/wp-content\/uploads\/actu-cn.png\" alt=\"\" width=\"19\" height=\"19\" align=\"absmiddle\" \/> Chinois<\/span><\/a><br \/>\n<a class=\"lien\" title=\"\" href=\"https:\/\/www.extende.com\/wp-content\/uploads\/CIVA_Application_Case_5_KR.pdf\" target=\"_blank\" rel=\"noopener\"><span class=\"g-color1\"><img loading=\"lazy\" decoding=\"async\" class=\"alignnone wp-image-4798\" src=\"https:\/\/www.extende.com\/wp-content\/uploads\/actu-kr.png\" alt=\"\" width=\"19\" height=\"19\" align=\"absmiddle\" \/> Cor\u00e9en<\/span><\/a><br \/>\n<a class=\"lien\" title=\"\" href=\"https:\/\/www.extende.com\/wp-content\/uploads\/CIVA_Application_Case_5_ES.pdf\" target=\"_blank\" rel=\"noopener\"><span class=\"g-color1\"><img loading=\"lazy\" decoding=\"async\" class=\"alignnone wp-image-4813\" src=\"https:\/\/www.extende.com\/wp-content\/uploads\/actu-es.png\" alt=\"\" width=\"19\" height=\"19\" align=\"absmiddle\" \/> Espagnol<\/span><\/a><br \/>\n<a class=\"lien\" title=\"\" href=\"https:\/\/www.extende.com\/wp-content\/uploads\/CIVA_Application_Case_5_FR.pdf\" target=\"_blank\" rel=\"noopener\"><span class=\"g-color1\"><img loading=\"lazy\" decoding=\"async\" class=\"alignnone wp-image-4815\" src=\"https:\/\/www.extende.com\/wp-content\/uploads\/actu-fr-1.png\" alt=\"\" width=\"19\" height=\"19\" align=\"absmiddle\" \/> Fran\u00e7ais<\/span><\/a><br \/>\n<a class=\"lien\" title=\"\" href=\"https:\/\/www.extende.com\/wp-content\/uploads\/CIVA_Application_Case_5_IT.pdf\" target=\"_blank\" rel=\"noopener\"><span class=\"g-color1\"><img loading=\"lazy\" decoding=\"async\" class=\"alignnone wp-image-4823\" src=\"https:\/\/www.extende.com\/wp-content\/uploads\/actu-it.png\" alt=\"\" width=\"19\" height=\"19\" align=\"absmiddle\" \/> Italien<\/span><\/a><br \/>\n<a class=\"lien\" title=\"\" href=\"https:\/\/www.extende.com\/wp-content\/uploads\/CIVA_Application_Case_5_PT.pdf\" target=\"_blank\" rel=\"noopener\"><span class=\"g-color1\"><img loading=\"lazy\" decoding=\"async\" class=\"alignnone wp-image-4830\" src=\"https:\/\/www.extende.com\/wp-content\/uploads\/actu-pt.png\" alt=\"\" width=\"19\" height=\"19\" align=\"absmiddle\" \/> Portugais<\/span><\/a><br \/>\n<a class=\"lien\" title=\"\" href=\"https:\/\/www.extende.com\/wp-content\/uploads\/CIVA_Application_Case_5_RU.pdf\" target=\"_blank\" rel=\"noopener\"><span class=\"g-color1\"><img loading=\"lazy\" decoding=\"async\" class=\"alignnone wp-image-2845\" src=\"https:\/\/www.extende.com\/wp-content\/uploads\/actu-ru.png\" alt=\"\" width=\"19\" height=\"19\" align=\"absmiddle\" \/> Russe<\/span><\/a><\/p>\n","protected":false},"excerpt":{"rendered":"<p>Former en CND, entra\u00eener vos \u00e9quipes de contr\u00f4le, se former aux ultrasons<\/p>\n","protected":false},"author":2,"featured_media":0,"parent":4843,"menu_order":4,"comment_status":"closed","ping_status":"closed","template":"templates\/page--extende.html.php","meta":{"_acf_changed":false,"footnotes":""},"class_list":["post-5228","page","type-page","status-publish","hentry"],"acf":[],"_links":{"self":[{"href":"https:\/\/www.extende.com\/fr\/wp-json\/wp\/v2\/pages\/5228","targetHints":{"allow":["GET"]}}],"collection":[{"href":"https:\/\/www.extende.com\/fr\/wp-json\/wp\/v2\/pages"}],"about":[{"href":"https:\/\/www.extende.com\/fr\/wp-json\/wp\/v2\/types\/page"}],"author":[{"embeddable":true,"href":"https:\/\/www.extende.com\/fr\/wp-json\/wp\/v2\/users\/2"}],"replies":[{"embeddable":true,"href":"https:\/\/www.extende.com\/fr\/wp-json\/wp\/v2\/comments?post=5228"}],"version-history":[{"count":2,"href":"https:\/\/www.extende.com\/fr\/wp-json\/wp\/v2\/pages\/5228\/revisions"}],"predecessor-version":[{"id":6412,"href":"https:\/\/www.extende.com\/fr\/wp-json\/wp\/v2\/pages\/5228\/revisions\/6412"}],"up":[{"embeddable":true,"href":"https:\/\/www.extende.com\/fr\/wp-json\/wp\/v2\/pages\/4843"}],"wp:attachment":[{"href":"https:\/\/www.extende.com\/fr\/wp-json\/wp\/v2\/media?parent=5228"}],"curies":[{"name":"wp","href":"https:\/\/api.w.org\/{rel}","templated":true}]}}